{"id":1085,"date":"2023-01-03T14:44:10","date_gmt":"2023-01-03T14:44:10","guid":{"rendered":"https:\/\/www.milanfierehotel.com\/?page_id=1085"},"modified":"2025-11-03T14:49:53","modified_gmt":"2025-11-03T14:49:53","slug":"messen-2025","status":"publish","type":"page","link":"https:\/\/www.milanfierehotel.com\/de\/aktivitaeten-und-messen-in-mailand\/messen-und-kongresse\/messen-2025\/","title":{"rendered":"Messen 2025 &#8211; 2026"},"content":{"rendered":"<p>F\u00fcr Mailand wird 2026 voller <strong>Veranstaltungen und Messen<\/strong> sein, die Besucher aus aller Welt anziehen werden. Mailand ist eine begehrte B\u00fchne f\u00fcr Unternehmen und Marken und beherbergt historisch gesehen einige der am <strong>l\u00e4ngsten laufenden und renommiertesten Veranstaltungen<\/strong> in verschiedenen Industriebereichen und Mode, aber nicht nur.<\/p>\n<p>Die <strong>Milano Messe<\/strong> und die anderen Messeareale der Stadt sind seit jeher Orte der <strong>Begegnung und des Austauschs<\/strong>, an denen sich Erfahrung und Innovation zu einer Atmosph\u00e4re lebendiger G\u00e4rung verschmelzen. F\u00fcr jedes Unternehmen ist die aktive Teilnahme an diesen Veranstaltungen nicht nur ein Erfolg, sondern auch ein Ausgangspunkt, um den Blick auf neue Horizonte und vor allem auf <strong>die Zukunft<\/strong> zu erweitern.<\/p>\n<p>Planen Sie, an diesen Veranstaltungen teilzunehmen? W\u00e4hlen Sie f\u00fcr Ihren Aufenthalt unser stilvolles <strong>4-Sterne-Hotel voco Milan-Fiere<\/strong>, nur wenige Minuten von der Fiera Milano, dem MiCo Convention Center und dem MIND Milano Innovation District entfernt. Das Hotel ist ideal gelegen,<strong> nur 2 Minuten von den Autobahnen A4 und A8 entfernt<\/strong>, die das Hotel bequem mit dem Stadtzentrum von Mailand und den internationalen Flugh\u00e4fen der Stadt, Linate (LIN) und Malpensa (MXP), verbinden.<\/p>\n<p style=\"text-align: center\"><strong><a href=\"https:\/\/www.milanfierehotel.com\/de\/angebote-und-pakete\/fruehstuecks-und-parkpaket\/\">ENTDECKEN SIE DAS FR\u00dcHST\u00dcCKS- UND PARKPLATZPAKET<\/a><\/strong><\/p>\n","protected":false},"excerpt":{"rendered":"<p>F\u00fcr Mailand wird 2026 voller Veranstaltungen und Messen sein, die Besucher aus aller Welt anziehen werden. Mailand ist eine begehrte B\u00fchne f\u00fcr Unternehmen und Marken und beherbergt historisch gesehen einige der am l\u00e4ngsten laufenden und renommiertesten Veranstaltungen in verschiedenen Industriebereichen und Mode, aber nicht nur. Die Milano Messe und die anderen Messeareale der Stadt sind [&hellip;]<\/p>\n","protected":false},"author":360,"featured_media":1043,"parent":525,"menu_order":0,"comment_status":"closed","ping_status":"closed","template":"template-surroundings.php","meta":{"footnotes":""},"class_list":["post-1085","page","type-page","status-publish","has-post-thumbnail","hentry"],"yoast_head":"<!-- This site is optimized with the Yoast SEO plugin v26.9 - https:\/\/yoast.com\/product\/yoast-seo-wordpress\/ -->\n<title>Messen in Mailand 2025 | 4-Sterne-Hotel voco Mailand-Fiere<\/title>\n<meta name=\"description\" content=\"Planen Sie Mailand wegen der zahlreichen geplanten Messen zu besuchen? W\u00e4hlen Sie das 4-Sterne-Hotel voco Milan-Fiere, nur wenige Schritte von Fiera Milano, MiCo Convention Center und MIND Milano Innovation District entfernt.\" \/>\n<meta name=\"robots\" content=\"index, follow, max-snippet:-1, max-image-preview:large, max-video-preview:-1\" \/>\n<link rel=\"canonical\" href=\"https:\/\/www.milanfierehotel.com\/de\/aktivitaeten-und-messen-in-mailand\/messen-und-kongresse\/messen-2025\/\" \/>\n<meta property=\"og:locale\" content=\"de_DE\" \/>\n<meta property=\"og:type\" content=\"article\" \/>\n<meta property=\"og:title\" content=\"Messen in Mailand 2025 | 4-Sterne-Hotel voco Mailand-Fiere\" \/>\n<meta property=\"og:description\" content=\"Planen Sie Mailand wegen der zahlreichen geplanten Messen zu besuchen? W\u00e4hlen Sie das 4-Sterne-Hotel voco Milan-Fiere, nur wenige Schritte von Fiera Milano, MiCo Convention Center und MIND Milano Innovation District entfernt.\" \/>\n<meta property=\"og:url\" content=\"https:\/\/www.milanfierehotel.com\/de\/aktivitaeten-und-messen-in-mailand\/messen-und-kongresse\/messen-2025\/\" \/>\n<meta property=\"og:site_name\" content=\"Voco Milan Fiere\" \/>\n<meta property=\"article:modified_time\" content=\"2025-11-03T14:49:53+00:00\" \/>\n<meta property=\"og:image\" content=\"https:\/\/www.milanfierehotel.com\/wp-content\/uploads\/sites\/402\/2022\/12\/fiere-milano.jpeg\" \/>\n\t<meta property=\"og:image:width\" content=\"1280\" \/>\n\t<meta property=\"og:image:height\" content=\"853\" \/>\n\t<meta property=\"og:image:type\" content=\"image\/jpeg\" \/>\n<meta name=\"twitter:card\" content=\"summary_large_image\" \/>\n<meta name=\"twitter:label1\" content=\"Gesch\u00e4tzte Lesezeit\" \/>\n\t<meta name=\"twitter:data1\" content=\"2 Minuten\" \/>\n<script type=\"application\/ld+json\" class=\"yoast-schema-graph\">{\"@context\":\"https:\/\/schema.org\",\"@graph\":[{\"@type\":\"WebPage\",\"@id\":\"https:\/\/www.milanfierehotel.com\/de\/aktivitaeten-und-messen-in-mailand\/messen-und-kongresse\/messen-2025\/\",\"url\":\"https:\/\/www.milanfierehotel.com\/de\/aktivitaeten-und-messen-in-mailand\/messen-und-kongresse\/messen-2025\/\",\"name\":\"Messen in Mailand 2025 | 4-Sterne-Hotel voco Mailand-Fiere\",\"isPartOf\":{\"@id\":\"https:\/\/www.milanfierehotel.com\/de\/#website\"},\"primaryImageOfPage\":{\"@id\":\"https:\/\/www.milanfierehotel.com\/de\/aktivitaeten-und-messen-in-mailand\/messen-und-kongresse\/messen-2025\/#primaryimage\"},\"image\":{\"@id\":\"https:\/\/www.milanfierehotel.com\/de\/aktivitaeten-und-messen-in-mailand\/messen-und-kongresse\/messen-2025\/#primaryimage\"},\"thumbnailUrl\":\"https:\/\/www.milanfierehotel.com\/wp-content\/uploads\/sites\/402\/2022\/12\/fiere-milano.jpeg\",\"datePublished\":\"2023-01-03T14:44:10+00:00\",\"dateModified\":\"2025-11-03T14:49:53+00:00\",\"description\":\"Planen Sie Mailand wegen der zahlreichen geplanten Messen zu besuchen? W\u00e4hlen Sie das 4-Sterne-Hotel voco Milan-Fiere, nur wenige Schritte von Fiera Milano, MiCo Convention Center und MIND Milano Innovation District entfernt.\",\"breadcrumb\":{\"@id\":\"https:\/\/www.milanfierehotel.com\/de\/aktivitaeten-und-messen-in-mailand\/messen-und-kongresse\/messen-2025\/#breadcrumb\"},\"inLanguage\":\"de-DE\",\"potentialAction\":[{\"@type\":\"ReadAction\",\"target\":[\"https:\/\/www.milanfierehotel.com\/de\/aktivitaeten-und-messen-in-mailand\/messen-und-kongresse\/messen-2025\/\"]}]},{\"@type\":\"ImageObject\",\"inLanguage\":\"de-DE\",\"@id\":\"https:\/\/www.milanfierehotel.com\/de\/aktivitaeten-und-messen-in-mailand\/messen-und-kongresse\/messen-2025\/#primaryimage\",\"url\":\"https:\/\/www.milanfierehotel.com\/wp-content\/uploads\/sites\/402\/2022\/12\/fiere-milano.jpeg\",\"contentUrl\":\"https:\/\/www.milanfierehotel.com\/wp-content\/uploads\/sites\/402\/2022\/12\/fiere-milano.jpeg\",\"width\":1280,\"height\":853,\"caption\":\"fiere milano 2023\"},{\"@type\":\"BreadcrumbList\",\"@id\":\"https:\/\/www.milanfierehotel.com\/de\/aktivitaeten-und-messen-in-mailand\/messen-und-kongresse\/messen-2025\/#breadcrumb\",\"itemListElement\":[{\"@type\":\"ListItem\",\"position\":1,\"name\":\"Home\",\"item\":\"https:\/\/www.milanfierehotel.com\/de\/\"},{\"@type\":\"ListItem\",\"position\":2,\"name\":\"Aktivit\u00e4ten und Messen in Mailand\",\"item\":\"https:\/\/www.milanfierehotel.com\/de\/aktivitaeten-und-messen-in-mailand\/\"},{\"@type\":\"ListItem\",\"position\":3,\"name\":\"Messen und Kongresse\",\"item\":\"https:\/\/www.milanfierehotel.com\/de\/aktivitaeten-und-messen-in-mailand\/messen-und-kongresse\/\"},{\"@type\":\"ListItem\",\"position\":4,\"name\":\"Messen 2025 &#8211; 2026\"}]},{\"@type\":\"WebSite\",\"@id\":\"https:\/\/www.milanfierehotel.com\/de\/#website\",\"url\":\"https:\/\/www.milanfierehotel.com\/de\/\",\"name\":\"Voco Milan Fiere\",\"description\":\"Just another ms.decms.eu site\",\"publisher\":{\"@id\":\"https:\/\/www.milanfierehotel.com\/de\/#organization\"},\"potentialAction\":[{\"@type\":\"SearchAction\",\"target\":{\"@type\":\"EntryPoint\",\"urlTemplate\":\"https:\/\/www.milanfierehotel.com\/de\/?s={search_term_string}\"},\"query-input\":{\"@type\":\"PropertyValueSpecification\",\"valueRequired\":true,\"valueName\":\"search_term_string\"}}],\"inLanguage\":\"de-DE\"},{\"@type\":\"Organization\",\"@id\":\"https:\/\/www.milanfierehotel.com\/de\/#organization\",\"name\":\"Voco Milano Fiere\",\"url\":\"https:\/\/www.milanfierehotel.com\/de\/\",\"logo\":{\"@type\":\"ImageObject\",\"inLanguage\":\"de-DE\",\"@id\":\"https:\/\/www.milanfierehotel.com\/de\/#\/schema\/logo\/image\/\",\"url\":\"https:\/\/www.milanfierehotel.com\/wp-content\/uploads\/sites\/402\/2022\/07\/02-Hotel-Reception-voco-Milan-Fiere.jpg\",\"contentUrl\":\"https:\/\/www.milanfierehotel.com\/wp-content\/uploads\/sites\/402\/2022\/07\/02-Hotel-Reception-voco-Milan-Fiere.jpg\",\"width\":2200,\"height\":1200,\"caption\":\"Voco Milano Fiere\"},\"image\":{\"@id\":\"https:\/\/www.milanfierehotel.com\/de\/#\/schema\/logo\/image\/\"}}]}<\/script>\n<!-- \/ Yoast SEO plugin. -->","yoast_head_json":{"title":"Messen in Mailand 2025 | 4-Sterne-Hotel voco Mailand-Fiere","description":"Planen Sie Mailand wegen der zahlreichen geplanten Messen zu besuchen? W\u00e4hlen Sie das 4-Sterne-Hotel voco Milan-Fiere, nur wenige Schritte von Fiera Milano, MiCo Convention Center und MIND Milano Innovation District entfernt.","robots":{"index":"index","follow":"follow","max-snippet":"max-snippet:-1","max-image-preview":"max-image-preview:large","max-video-preview":"max-video-preview:-1"},"canonical":"https:\/\/www.milanfierehotel.com\/de\/aktivitaeten-und-messen-in-mailand\/messen-und-kongresse\/messen-2025\/","og_locale":"de_DE","og_type":"article","og_title":"Messen in Mailand 2025 | 4-Sterne-Hotel voco Mailand-Fiere","og_description":"Planen Sie Mailand wegen der zahlreichen geplanten Messen zu besuchen? W\u00e4hlen Sie das 4-Sterne-Hotel voco Milan-Fiere, nur wenige Schritte von Fiera Milano, MiCo Convention Center und MIND Milano Innovation District entfernt.","og_url":"https:\/\/www.milanfierehotel.com\/de\/aktivitaeten-und-messen-in-mailand\/messen-und-kongresse\/messen-2025\/","og_site_name":"Voco Milan Fiere","article_modified_time":"2025-11-03T14:49:53+00:00","og_image":[{"width":1280,"height":853,"url":"https:\/\/www.milanfierehotel.com\/wp-content\/uploads\/sites\/402\/2022\/12\/fiere-milano.jpeg","type":"image\/jpeg"}],"twitter_card":"summary_large_image","twitter_misc":{"Gesch\u00e4tzte Lesezeit":"2 Minuten"},"schema":{"@context":"https:\/\/schema.org","@graph":[{"@type":"WebPage","@id":"https:\/\/www.milanfierehotel.com\/de\/aktivitaeten-und-messen-in-mailand\/messen-und-kongresse\/messen-2025\/","url":"https:\/\/www.milanfierehotel.com\/de\/aktivitaeten-und-messen-in-mailand\/messen-und-kongresse\/messen-2025\/","name":"Messen in Mailand 2025 | 4-Sterne-Hotel voco Mailand-Fiere","isPartOf":{"@id":"https:\/\/www.milanfierehotel.com\/de\/#website"},"primaryImageOfPage":{"@id":"https:\/\/www.milanfierehotel.com\/de\/aktivitaeten-und-messen-in-mailand\/messen-und-kongresse\/messen-2025\/#primaryimage"},"image":{"@id":"https:\/\/www.milanfierehotel.com\/de\/aktivitaeten-und-messen-in-mailand\/messen-und-kongresse\/messen-2025\/#primaryimage"},"thumbnailUrl":"https:\/\/www.milanfierehotel.com\/wp-content\/uploads\/sites\/402\/2022\/12\/fiere-milano.jpeg","datePublished":"2023-01-03T14:44:10+00:00","dateModified":"2025-11-03T14:49:53+00:00","description":"Planen Sie Mailand wegen der zahlreichen geplanten Messen zu besuchen? W\u00e4hlen Sie das 4-Sterne-Hotel voco Milan-Fiere, nur wenige Schritte von Fiera Milano, MiCo Convention Center und MIND Milano Innovation District entfernt.","breadcrumb":{"@id":"https:\/\/www.milanfierehotel.com\/de\/aktivitaeten-und-messen-in-mailand\/messen-und-kongresse\/messen-2025\/#breadcrumb"},"inLanguage":"de-DE","potentialAction":[{"@type":"ReadAction","target":["https:\/\/www.milanfierehotel.com\/de\/aktivitaeten-und-messen-in-mailand\/messen-und-kongresse\/messen-2025\/"]}]},{"@type":"ImageObject","inLanguage":"de-DE","@id":"https:\/\/www.milanfierehotel.com\/de\/aktivitaeten-und-messen-in-mailand\/messen-und-kongresse\/messen-2025\/#primaryimage","url":"https:\/\/www.milanfierehotel.com\/wp-content\/uploads\/sites\/402\/2022\/12\/fiere-milano.jpeg","contentUrl":"https:\/\/www.milanfierehotel.com\/wp-content\/uploads\/sites\/402\/2022\/12\/fiere-milano.jpeg","width":1280,"height":853,"caption":"fiere milano 2023"},{"@type":"BreadcrumbList","@id":"https:\/\/www.milanfierehotel.com\/de\/aktivitaeten-und-messen-in-mailand\/messen-und-kongresse\/messen-2025\/#breadcrumb","itemListElement":[{"@type":"ListItem","position":1,"name":"Home","item":"https:\/\/www.milanfierehotel.com\/de\/"},{"@type":"ListItem","position":2,"name":"Aktivit\u00e4ten und Messen in Mailand","item":"https:\/\/www.milanfierehotel.com\/de\/aktivitaeten-und-messen-in-mailand\/"},{"@type":"ListItem","position":3,"name":"Messen und Kongresse","item":"https:\/\/www.milanfierehotel.com\/de\/aktivitaeten-und-messen-in-mailand\/messen-und-kongresse\/"},{"@type":"ListItem","position":4,"name":"Messen 2025 &#8211; 2026"}]},{"@type":"WebSite","@id":"https:\/\/www.milanfierehotel.com\/de\/#website","url":"https:\/\/www.milanfierehotel.com\/de\/","name":"Voco Milan Fiere","description":"Just another ms.decms.eu site","publisher":{"@id":"https:\/\/www.milanfierehotel.com\/de\/#organization"},"potentialAction":[{"@type":"SearchAction","target":{"@type":"EntryPoint","urlTemplate":"https:\/\/www.milanfierehotel.com\/de\/?s={search_term_string}"},"query-input":{"@type":"PropertyValueSpecification","valueRequired":true,"valueName":"search_term_string"}}],"inLanguage":"de-DE"},{"@type":"Organization","@id":"https:\/\/www.milanfierehotel.com\/de\/#organization","name":"Voco Milano Fiere","url":"https:\/\/www.milanfierehotel.com\/de\/","logo":{"@type":"ImageObject","inLanguage":"de-DE","@id":"https:\/\/www.milanfierehotel.com\/de\/#\/schema\/logo\/image\/","url":"https:\/\/www.milanfierehotel.com\/wp-content\/uploads\/sites\/402\/2022\/07\/02-Hotel-Reception-voco-Milan-Fiere.jpg","contentUrl":"https:\/\/www.milanfierehotel.com\/wp-content\/uploads\/sites\/402\/2022\/07\/02-Hotel-Reception-voco-Milan-Fiere.jpg","width":2200,"height":1200,"caption":"Voco Milano Fiere"},"image":{"@id":"https:\/\/www.milanfierehotel.com\/de\/#\/schema\/logo\/image\/"}}]}},"acf":[],"_links":{"self":[{"href":"https:\/\/www.milanfierehotel.com\/de\/wp-json\/wp\/v2\/pages\/1085","targetHints":{"allow":["GET"]}}],"collection":[{"href":"https:\/\/www.milanfierehotel.com\/de\/wp-json\/wp\/v2\/pages"}],"about":[{"href":"https:\/\/www.milanfierehotel.com\/de\/wp-json\/wp\/v2\/types\/page"}],"author":[{"embeddable":true,"href":"https:\/\/www.milanfierehotel.com\/de\/wp-json\/wp\/v2\/users\/360"}],"replies":[{"embeddable":true,"href":"https:\/\/www.milanfierehotel.com\/de\/wp-json\/wp\/v2\/comments?post=1085"}],"version-history":[{"count":0,"href":"https:\/\/www.milanfierehotel.com\/de\/wp-json\/wp\/v2\/pages\/1085\/revisions"}],"up":[{"embeddable":true,"href":"https:\/\/www.milanfierehotel.com\/de\/wp-json\/wp\/v2\/pages\/525"}],"wp:featuredmedia":[{"embeddable":true,"href":"https:\/\/www.milanfierehotel.com\/de\/wp-json\/wp\/v2\/media\/1043"}],"wp:attachment":[{"href":"https:\/\/www.milanfierehotel.com\/de\/wp-json\/wp\/v2\/media?parent=1085"}],"curies":[{"name":"wp","href":"https:\/\/api.w.org\/{rel}","templated":true}]}}