{"id":1267,"date":"2024-03-14T10:40:52","date_gmt":"2024-03-14T10:40:52","guid":{"rendered":"https:\/\/www.milanfierehotel.com\/angebote-und-pakete\/concert-and-festivals-offer\/"},"modified":"2025-09-03T14:59:24","modified_gmt":"2025-09-03T14:59:24","slug":"concert-and-festivals-offer","status":"publish","type":"page","link":"https:\/\/www.milanfierehotel.com\/de\/angebote-und-pakete\/concert-and-festivals-offer\/","title":{"rendered":"Konzerte und Festivals Angebot"},"content":{"rendered":"<div class=\"the_content\">\n<div class=\"flex-1 overflow-hidden\">\n<div class=\"react-scroll-to-bottom--css-mcbey-79elbk h-full\">\n<div class=\"react-scroll-to-bottom--css-mcbey-1n7m0yu\">\n<div class=\"flex flex-col text-sm pb-9\">\n<div class=\"w-full text-token-text-primary\" data-testid=\"conversation-turn-5\">\n<div class=\"px-4 py-2 justify-center text-base md:gap-6 m-auto\">\n<div class=\"flex flex-1 text-base mx-auto gap-3 md:px-5 lg:px-1 xl:px-5 md:max-w-3xl lg:max-w-[40rem] xl:max-w-[48rem] group final-completion\">\n<div class=\"relative flex w-full flex-col agent-turn\">\n<div class=\"flex-col gap-1 md:gap-3\">\n<div class=\"flex flex-grow flex-col max-w-full\">\n<div class=\"min-h-[20px] text-message flex flex-col items-start gap-3 whitespace-pre-wrap break-words [.text-message+&amp;]:mt-5 overflow-x-auto\" data-message-author-role=\"assistant\" data-message-id=\"436a1944-0b9f-4266-8010-ec6cb616e589\">\n<div class=\"markdown prose w-full break-words dark:prose-invert light\">\n<p>Wenn Sie ein <strong>Hotel f\u00fcr Konzerte in Mailand<\/strong> suchen, ist das <strong>voco\u00ae Milan-Fiere<\/strong> Ihr ideales Ziel. <strong>Strategisch g\u00fcnstig gelegen<\/strong>, nur wenige Minuten von der Autobahnausfahrt und dem <strong>San Siro Stadion<\/strong> sowie den<strong> SNAI Rennbahnen<\/strong> entfernt, ist es die perfekte Wahl, um das Beste aus Ihrem Event herauszuholen.<\/p>\n<p>Machen Sie Ihren n\u00e4chsten Aufenthalt in Mailand einzigartig, w\u00e4hlen Sie das voco\u00ae Milan-Fiere und <strong>unser Fr\u00fchst\u00fccks- und Parkangebot<\/strong>. Wir haben an alles gedacht, um Ihren Aufenthalt unvergesslich zu machen. Das Angebot beinhaltet die M\u00f6glichkeit, kostenlos zu stornieren und ohne Anzahlung zu buchen, ein leckeres <strong>Fr\u00fchst\u00fccksbuffet und kostenloses Parken<\/strong>. Wenn Sie sich f\u00fcr dieses Angebot entscheiden, haben Sie au\u00dferdem kostenlosen, unbegrenzten Zugang zu unserem <strong>Gaming-Bereich und Fitnessraum<\/strong> mit Technogym-Ger\u00e4ten. Zus\u00e4tzlich erhalten Sie bei der Buchung eines unserer Premium-Zimmer oder Suiten zwei Stunden Zugang zu unserem <strong>Wellnessbereich<\/strong>, der eine <strong>Sauna<\/strong>, ein <strong>t\u00fcrkisches Bad<\/strong> und einen <strong>Whirlpool<\/strong> umfasst.<\/p>\n<p>Worauf warten Sie noch? F\u00fcgen Sie Ihrem Aufenthalt einen voco-Touch hinzu, w\u00e4hlen Sie bei der Buchung einfach das Fr\u00fchst\u00fccks- und Parkangebot aus und genie\u00dfen Sie Ihr Event!<\/p>\n<\/div>\n<\/div>\n<\/div>\n<\/div>\n<\/div>\n<\/div>\n<\/div>\n<\/div>\n<\/div>\n<\/div>\n<\/div>\n<\/div>\n<\/div>\n","protected":false},"excerpt":{"rendered":"<p>Wenn Sie ein Hotel f\u00fcr Konzerte in Mailand suchen, ist das voco\u00ae Milan-Fiere Ihr ideales Ziel. Strategisch g\u00fcnstig gelegen, nur wenige Minuten von der Autobahnausfahrt und dem San Siro Stadion sowie den SNAI Rennbahnen entfernt, ist es die perfekte Wahl, um das Beste aus Ihrem Event herauszuholen. Machen Sie Ihren n\u00e4chsten Aufenthalt in Mailand einzigartig, [&hellip;]<\/p>\n","protected":false},"author":652,"featured_media":0,"parent":519,"menu_order":0,"comment_status":"closed","ping_status":"closed","template":"template-default-2.php","meta":{"footnotes":""},"class_list":["post-1267","page","type-page","status-publish","hentry"],"yoast_head":"<!-- This site is optimized with the Yoast SEO plugin v26.9 - https:\/\/yoast.com\/product\/yoast-seo-wordpress\/ -->\n<title>Concerts and Festivals Offer | Hotel 4* voco\u00ae Milan-Fiere<\/title>\n<meta name=\"description\" content=\"Concerts and Festivals Offer: buffet breakfast, free parking, fitness room and gaming area included. Discover the exclusive offer of voco\u00ae Milan-Fiere 4* Hotel!\" \/>\n<meta name=\"robots\" content=\"index, follow, max-snippet:-1, max-image-preview:large, max-video-preview:-1\" \/>\n<link rel=\"canonical\" href=\"https:\/\/www.milanfierehotel.com\/de\/angebote-und-pakete\/concert-and-festivals-offer\/\" \/>\n<meta property=\"og:locale\" content=\"de_DE\" \/>\n<meta property=\"og:type\" content=\"article\" \/>\n<meta property=\"og:title\" content=\"Concerts and Festivals Offer | Hotel 4* voco\u00ae Milan-Fiere\" \/>\n<meta property=\"og:description\" content=\"Concerts and Festivals Offer: buffet breakfast, free parking, fitness room and gaming area included. Discover the exclusive offer of voco\u00ae Milan-Fiere 4* Hotel!\" \/>\n<meta property=\"og:url\" content=\"https:\/\/www.milanfierehotel.com\/de\/angebote-und-pakete\/concert-and-festivals-offer\/\" \/>\n<meta property=\"og:site_name\" content=\"Voco Milan Fiere\" \/>\n<meta property=\"article:modified_time\" content=\"2025-09-03T14:59:24+00:00\" \/>\n<meta name=\"twitter:card\" content=\"summary_large_image\" \/>\n<meta name=\"twitter:label1\" content=\"Gesch\u00e4tzte Lesezeit\" \/>\n\t<meta name=\"twitter:data1\" content=\"1 Minute\" \/>\n<script type=\"application\/ld+json\" class=\"yoast-schema-graph\">{\"@context\":\"https:\/\/schema.org\",\"@graph\":[{\"@type\":\"WebPage\",\"@id\":\"https:\/\/www.milanfierehotel.com\/de\/angebote-und-pakete\/concert-and-festivals-offer\/\",\"url\":\"https:\/\/www.milanfierehotel.com\/de\/angebote-und-pakete\/concert-and-festivals-offer\/\",\"name\":\"Concerts and Festivals Offer | Hotel 4* voco\u00ae Milan-Fiere\",\"isPartOf\":{\"@id\":\"https:\/\/www.milanfierehotel.com\/de\/#website\"},\"datePublished\":\"2024-03-14T10:40:52+00:00\",\"dateModified\":\"2025-09-03T14:59:24+00:00\",\"description\":\"Concerts and Festivals Offer: buffet breakfast, free parking, fitness room and gaming area included. Discover the exclusive offer of voco\u00ae Milan-Fiere 4* Hotel!\",\"breadcrumb\":{\"@id\":\"https:\/\/www.milanfierehotel.com\/de\/angebote-und-pakete\/concert-and-festivals-offer\/#breadcrumb\"},\"inLanguage\":\"de-DE\",\"potentialAction\":[{\"@type\":\"ReadAction\",\"target\":[\"https:\/\/www.milanfierehotel.com\/de\/angebote-und-pakete\/concert-and-festivals-offer\/\"]}]},{\"@type\":\"BreadcrumbList\",\"@id\":\"https:\/\/www.milanfierehotel.com\/de\/angebote-und-pakete\/concert-and-festivals-offer\/#breadcrumb\",\"itemListElement\":[{\"@type\":\"ListItem\",\"position\":1,\"name\":\"Home\",\"item\":\"https:\/\/www.milanfierehotel.com\/de\/\"},{\"@type\":\"ListItem\",\"position\":2,\"name\":\"Angebote &amp; Pakete\",\"item\":\"https:\/\/www.milanfierehotel.com\/de\/angebote-und-pakete\/\"},{\"@type\":\"ListItem\",\"position\":3,\"name\":\"Konzerte und Festivals Angebot\"}]},{\"@type\":\"WebSite\",\"@id\":\"https:\/\/www.milanfierehotel.com\/de\/#website\",\"url\":\"https:\/\/www.milanfierehotel.com\/de\/\",\"name\":\"Voco Milan Fiere\",\"description\":\"Just another ms.decms.eu site\",\"publisher\":{\"@id\":\"https:\/\/www.milanfierehotel.com\/de\/#organization\"},\"potentialAction\":[{\"@type\":\"SearchAction\",\"target\":{\"@type\":\"EntryPoint\",\"urlTemplate\":\"https:\/\/www.milanfierehotel.com\/de\/?s={search_term_string}\"},\"query-input\":{\"@type\":\"PropertyValueSpecification\",\"valueRequired\":true,\"valueName\":\"search_term_string\"}}],\"inLanguage\":\"de-DE\"},{\"@type\":\"Organization\",\"@id\":\"https:\/\/www.milanfierehotel.com\/de\/#organization\",\"name\":\"Voco Milano Fiere\",\"url\":\"https:\/\/www.milanfierehotel.com\/de\/\",\"logo\":{\"@type\":\"ImageObject\",\"inLanguage\":\"de-DE\",\"@id\":\"https:\/\/www.milanfierehotel.com\/de\/#\/schema\/logo\/image\/\",\"url\":\"https:\/\/www.milanfierehotel.com\/wp-content\/uploads\/sites\/402\/2022\/07\/02-Hotel-Reception-voco-Milan-Fiere.jpg\",\"contentUrl\":\"https:\/\/www.milanfierehotel.com\/wp-content\/uploads\/sites\/402\/2022\/07\/02-Hotel-Reception-voco-Milan-Fiere.jpg\",\"width\":2200,\"height\":1200,\"caption\":\"Voco Milano Fiere\"},\"image\":{\"@id\":\"https:\/\/www.milanfierehotel.com\/de\/#\/schema\/logo\/image\/\"}}]}<\/script>\n<!-- \/ Yoast SEO plugin. -->","yoast_head_json":{"title":"Concerts and Festivals Offer | Hotel 4* voco\u00ae Milan-Fiere","description":"Concerts and Festivals Offer: buffet breakfast, free parking, fitness room and gaming area included. Discover the exclusive offer of voco\u00ae Milan-Fiere 4* Hotel!","robots":{"index":"index","follow":"follow","max-snippet":"max-snippet:-1","max-image-preview":"max-image-preview:large","max-video-preview":"max-video-preview:-1"},"canonical":"https:\/\/www.milanfierehotel.com\/de\/angebote-und-pakete\/concert-and-festivals-offer\/","og_locale":"de_DE","og_type":"article","og_title":"Concerts and Festivals Offer | Hotel 4* voco\u00ae Milan-Fiere","og_description":"Concerts and Festivals Offer: buffet breakfast, free parking, fitness room and gaming area included. Discover the exclusive offer of voco\u00ae Milan-Fiere 4* Hotel!","og_url":"https:\/\/www.milanfierehotel.com\/de\/angebote-und-pakete\/concert-and-festivals-offer\/","og_site_name":"Voco Milan Fiere","article_modified_time":"2025-09-03T14:59:24+00:00","twitter_card":"summary_large_image","twitter_misc":{"Gesch\u00e4tzte Lesezeit":"1 Minute"},"schema":{"@context":"https:\/\/schema.org","@graph":[{"@type":"WebPage","@id":"https:\/\/www.milanfierehotel.com\/de\/angebote-und-pakete\/concert-and-festivals-offer\/","url":"https:\/\/www.milanfierehotel.com\/de\/angebote-und-pakete\/concert-and-festivals-offer\/","name":"Concerts and Festivals Offer | Hotel 4* voco\u00ae Milan-Fiere","isPartOf":{"@id":"https:\/\/www.milanfierehotel.com\/de\/#website"},"datePublished":"2024-03-14T10:40:52+00:00","dateModified":"2025-09-03T14:59:24+00:00","description":"Concerts and Festivals Offer: buffet breakfast, free parking, fitness room and gaming area included. Discover the exclusive offer of voco\u00ae Milan-Fiere 4* Hotel!","breadcrumb":{"@id":"https:\/\/www.milanfierehotel.com\/de\/angebote-und-pakete\/concert-and-festivals-offer\/#breadcrumb"},"inLanguage":"de-DE","potentialAction":[{"@type":"ReadAction","target":["https:\/\/www.milanfierehotel.com\/de\/angebote-und-pakete\/concert-and-festivals-offer\/"]}]},{"@type":"BreadcrumbList","@id":"https:\/\/www.milanfierehotel.com\/de\/angebote-und-pakete\/concert-and-festivals-offer\/#breadcrumb","itemListElement":[{"@type":"ListItem","position":1,"name":"Home","item":"https:\/\/www.milanfierehotel.com\/de\/"},{"@type":"ListItem","position":2,"name":"Angebote &amp; Pakete","item":"https:\/\/www.milanfierehotel.com\/de\/angebote-und-pakete\/"},{"@type":"ListItem","position":3,"name":"Konzerte und Festivals Angebot"}]},{"@type":"WebSite","@id":"https:\/\/www.milanfierehotel.com\/de\/#website","url":"https:\/\/www.milanfierehotel.com\/de\/","name":"Voco Milan Fiere","description":"Just another ms.decms.eu site","publisher":{"@id":"https:\/\/www.milanfierehotel.com\/de\/#organization"},"potentialAction":[{"@type":"SearchAction","target":{"@type":"EntryPoint","urlTemplate":"https:\/\/www.milanfierehotel.com\/de\/?s={search_term_string}"},"query-input":{"@type":"PropertyValueSpecification","valueRequired":true,"valueName":"search_term_string"}}],"inLanguage":"de-DE"},{"@type":"Organization","@id":"https:\/\/www.milanfierehotel.com\/de\/#organization","name":"Voco Milano Fiere","url":"https:\/\/www.milanfierehotel.com\/de\/","logo":{"@type":"ImageObject","inLanguage":"de-DE","@id":"https:\/\/www.milanfierehotel.com\/de\/#\/schema\/logo\/image\/","url":"https:\/\/www.milanfierehotel.com\/wp-content\/uploads\/sites\/402\/2022\/07\/02-Hotel-Reception-voco-Milan-Fiere.jpg","contentUrl":"https:\/\/www.milanfierehotel.com\/wp-content\/uploads\/sites\/402\/2022\/07\/02-Hotel-Reception-voco-Milan-Fiere.jpg","width":2200,"height":1200,"caption":"Voco Milano Fiere"},"image":{"@id":"https:\/\/www.milanfierehotel.com\/de\/#\/schema\/logo\/image\/"}}]}},"acf":[],"_links":{"self":[{"href":"https:\/\/www.milanfierehotel.com\/de\/wp-json\/wp\/v2\/pages\/1267","targetHints":{"allow":["GET"]}}],"collection":[{"href":"https:\/\/www.milanfierehotel.com\/de\/wp-json\/wp\/v2\/pages"}],"about":[{"href":"https:\/\/www.milanfierehotel.com\/de\/wp-json\/wp\/v2\/types\/page"}],"author":[{"embeddable":true,"href":"https:\/\/www.milanfierehotel.com\/de\/wp-json\/wp\/v2\/users\/652"}],"replies":[{"embeddable":true,"href":"https:\/\/www.milanfierehotel.com\/de\/wp-json\/wp\/v2\/comments?post=1267"}],"version-history":[{"count":0,"href":"https:\/\/www.milanfierehotel.com\/de\/wp-json\/wp\/v2\/pages\/1267\/revisions"}],"up":[{"embeddable":true,"href":"https:\/\/www.milanfierehotel.com\/de\/wp-json\/wp\/v2\/pages\/519"}],"wp:attachment":[{"href":"https:\/\/www.milanfierehotel.com\/de\/wp-json\/wp\/v2\/media?parent=1267"}],"curies":[{"name":"wp","href":"https:\/\/api.w.org\/{rel}","templated":true}]}}