{"id":1438,"date":"2025-06-03T07:45:21","date_gmt":"2025-06-03T07:45:21","guid":{"rendered":"https:\/\/www.milanfierehotel.com\/angebote-und-pakete\/pacchetto-leisure-escape\/"},"modified":"2025-10-10T13:25:06","modified_gmt":"2025-10-10T13:25:06","slug":"pacchetto-leisure-escape","status":"publish","type":"page","link":"https:\/\/www.milanfierehotel.com\/de\/angebote-und-pakete\/pacchetto-leisure-escape\/","title":{"rendered":"Leisure Escape Paket"},"content":{"rendered":"<p>Entdecke die Sch\u00f6nheit Mailands mit unserem exklusiven <strong>Leisure Escape Paket<\/strong> im <strong>voco Milan-Fiere<\/strong>. Dieses Angebot richtet sich an alle, die sich ein entspanntes und <strong>komfortables Wochenende<\/strong> g\u00f6nnen m\u00f6chten \u2013 g\u00fcltig f\u00fcr Aufenthalte mit Anreise und \u00dcbernachtung zwischen <strong>Donnerstag und Sonntag<\/strong>.<\/p>\n<p>Mit dem Leisure Escape Paket von voco\u00ae Milan-Fiere haben wir an alles gedacht, um deinen Aufenthalt unvergesslich zu machen. <strong>Im Angebot enthalten<\/strong>: ein k\u00f6stlicher <strong>Begr\u00fc\u00dfungsdrink<\/strong> f\u00fcr zwei Personen, ein reichhaltiges <strong>Fr\u00fchst\u00fccksbuffet<\/strong> f\u00fcr einen energiegeladenen Start in den Tag sowie <strong>kostenloses<\/strong> <strong>Parken<\/strong>. F\u00fcr noch mehr Komfort kannst du \u2013 je nach Verf\u00fcgbarkeit \u2013 einen <strong>Late Check-out<\/strong> nutzen und dein Wochenende stressfrei ausklingen lassen.<br \/>\nReist du mit <strong>Kindern<\/strong>? F\u00fcr sie gibt es eine besondere <strong>Puppy Box<\/strong> mit Spielen und Ausmalspa\u00df!<\/p>\n<p>Verpasse nicht die Gelegenheit, ein unvergessliches <strong>Wochenende in Mailand<\/strong> zu erleben. W\u00e4hle bei der Buchung unbedingt das <strong>Leisure Escape Paket<\/strong> aus.<\/p>\n","protected":false},"excerpt":{"rendered":"<p>Entdecke die Sch\u00f6nheit Mailands mit unserem exklusiven Leisure Escape Paket im voco Milan-Fiere. Dieses Angebot richtet sich an alle, die sich ein entspanntes und komfortables Wochenende g\u00f6nnen m\u00f6chten \u2013 g\u00fcltig f\u00fcr Aufenthalte mit Anreise und \u00dcbernachtung zwischen Donnerstag und Sonntag. Mit dem Leisure Escape Paket von voco\u00ae Milan-Fiere haben wir an alles gedacht, um deinen [&hellip;]<\/p>\n","protected":false},"author":652,"featured_media":1205,"parent":519,"menu_order":0,"comment_status":"closed","ping_status":"closed","template":"template-default-2.php","meta":{"footnotes":""},"class_list":["post-1438","page","type-page","status-publish","has-post-thumbnail","hentry"],"yoast_head":"<!-- This site is optimized with the Yoast SEO plugin v26.9 - https:\/\/yoast.com\/product\/yoast-seo-wordpress\/ -->\n<title>Leisure Escape Paket - Voco Milan Fiere<\/title>\n<meta name=\"description\" content=\"Wochenende in Mailand? Begr\u00fc\u00dfungsdrink, Fr\u00fchst\u00fcck und kostenloses Parken mit dem Leisure Escape Paket von voco Milan-Fiere. Buche jetzt deinen Kurzurlaub!\" \/>\n<meta name=\"robots\" content=\"index, follow, max-snippet:-1, max-image-preview:large, max-video-preview:-1\" \/>\n<link rel=\"canonical\" href=\"https:\/\/www.milanfierehotel.com\/de\/angebote-und-pakete\/pacchetto-leisure-escape\/\" \/>\n<meta property=\"og:locale\" content=\"de_DE\" \/>\n<meta property=\"og:type\" content=\"article\" \/>\n<meta property=\"og:title\" content=\"Leisure Escape Paket - Voco Milan Fiere\" \/>\n<meta property=\"og:description\" content=\"Wochenende in Mailand? Begr\u00fc\u00dfungsdrink, Fr\u00fchst\u00fcck und kostenloses Parken mit dem Leisure Escape Paket von voco Milan-Fiere. Buche jetzt deinen Kurzurlaub!\" \/>\n<meta property=\"og:url\" content=\"https:\/\/www.milanfierehotel.com\/de\/angebote-und-pakete\/pacchetto-leisure-escape\/\" \/>\n<meta property=\"og:site_name\" content=\"Voco Milan Fiere\" \/>\n<meta property=\"article:modified_time\" content=\"2025-10-10T13:25:06+00:00\" \/>\n<meta property=\"og:image\" content=\"https:\/\/www.milanfierehotel.com\/wp-content\/uploads\/sites\/402\/2024\/01\/Pacchetto-Winter-Escape-voco-Milan-Fiere_2-scaled.jpg\" \/>\n\t<meta property=\"og:image:width\" content=\"2560\" \/>\n\t<meta property=\"og:image:height\" content=\"1440\" \/>\n\t<meta property=\"og:image:type\" content=\"image\/jpeg\" \/>\n<meta name=\"twitter:card\" content=\"summary_large_image\" \/>\n<meta name=\"twitter:label1\" content=\"Gesch\u00e4tzte Lesezeit\" \/>\n\t<meta name=\"twitter:data1\" content=\"1 Minute\" \/>\n<script type=\"application\/ld+json\" class=\"yoast-schema-graph\">{\"@context\":\"https:\/\/schema.org\",\"@graph\":[{\"@type\":\"WebPage\",\"@id\":\"https:\/\/www.milanfierehotel.com\/de\/angebote-und-pakete\/pacchetto-leisure-escape\/\",\"url\":\"https:\/\/www.milanfierehotel.com\/de\/angebote-und-pakete\/pacchetto-leisure-escape\/\",\"name\":\"Leisure Escape Paket - Voco Milan Fiere\",\"isPartOf\":{\"@id\":\"https:\/\/www.milanfierehotel.com\/de\/#website\"},\"primaryImageOfPage\":{\"@id\":\"https:\/\/www.milanfierehotel.com\/de\/angebote-und-pakete\/pacchetto-leisure-escape\/#primaryimage\"},\"image\":{\"@id\":\"https:\/\/www.milanfierehotel.com\/de\/angebote-und-pakete\/pacchetto-leisure-escape\/#primaryimage\"},\"thumbnailUrl\":\"https:\/\/www.milanfierehotel.com\/wp-content\/uploads\/sites\/402\/2024\/01\/Pacchetto-Winter-Escape-voco-Milan-Fiere_2-scaled.jpg\",\"datePublished\":\"2025-06-03T07:45:21+00:00\",\"dateModified\":\"2025-10-10T13:25:06+00:00\",\"description\":\"Wochenende in Mailand? Begr\u00fc\u00dfungsdrink, Fr\u00fchst\u00fcck und kostenloses Parken mit dem Leisure Escape Paket von voco Milan-Fiere. Buche jetzt deinen Kurzurlaub!\",\"breadcrumb\":{\"@id\":\"https:\/\/www.milanfierehotel.com\/de\/angebote-und-pakete\/pacchetto-leisure-escape\/#breadcrumb\"},\"inLanguage\":\"de-DE\",\"potentialAction\":[{\"@type\":\"ReadAction\",\"target\":[\"https:\/\/www.milanfierehotel.com\/de\/angebote-und-pakete\/pacchetto-leisure-escape\/\"]}]},{\"@type\":\"ImageObject\",\"inLanguage\":\"de-DE\",\"@id\":\"https:\/\/www.milanfierehotel.com\/de\/angebote-und-pakete\/pacchetto-leisure-escape\/#primaryimage\",\"url\":\"https:\/\/www.milanfierehotel.com\/wp-content\/uploads\/sites\/402\/2024\/01\/Pacchetto-Winter-Escape-voco-Milan-Fiere_2-scaled.jpg\",\"contentUrl\":\"https:\/\/www.milanfierehotel.com\/wp-content\/uploads\/sites\/402\/2024\/01\/Pacchetto-Winter-Escape-voco-Milan-Fiere_2-scaled.jpg\",\"width\":2560,\"height\":1440,\"caption\":\"Friends hugging eachother after shopping in Milan\"},{\"@type\":\"BreadcrumbList\",\"@id\":\"https:\/\/www.milanfierehotel.com\/de\/angebote-und-pakete\/pacchetto-leisure-escape\/#breadcrumb\",\"itemListElement\":[{\"@type\":\"ListItem\",\"position\":1,\"name\":\"Home\",\"item\":\"https:\/\/www.milanfierehotel.com\/de\/\"},{\"@type\":\"ListItem\",\"position\":2,\"name\":\"Angebote &amp; Pakete\",\"item\":\"https:\/\/www.milanfierehotel.com\/de\/angebote-und-pakete\/\"},{\"@type\":\"ListItem\",\"position\":3,\"name\":\"Leisure Escape Paket\"}]},{\"@type\":\"WebSite\",\"@id\":\"https:\/\/www.milanfierehotel.com\/de\/#website\",\"url\":\"https:\/\/www.milanfierehotel.com\/de\/\",\"name\":\"Voco Milan Fiere\",\"description\":\"Just another ms.decms.eu site\",\"publisher\":{\"@id\":\"https:\/\/www.milanfierehotel.com\/de\/#organization\"},\"potentialAction\":[{\"@type\":\"SearchAction\",\"target\":{\"@type\":\"EntryPoint\",\"urlTemplate\":\"https:\/\/www.milanfierehotel.com\/de\/?s={search_term_string}\"},\"query-input\":{\"@type\":\"PropertyValueSpecification\",\"valueRequired\":true,\"valueName\":\"search_term_string\"}}],\"inLanguage\":\"de-DE\"},{\"@type\":\"Organization\",\"@id\":\"https:\/\/www.milanfierehotel.com\/de\/#organization\",\"name\":\"Voco Milano Fiere\",\"url\":\"https:\/\/www.milanfierehotel.com\/de\/\",\"logo\":{\"@type\":\"ImageObject\",\"inLanguage\":\"de-DE\",\"@id\":\"https:\/\/www.milanfierehotel.com\/de\/#\/schema\/logo\/image\/\",\"url\":\"https:\/\/www.milanfierehotel.com\/wp-content\/uploads\/sites\/402\/2022\/07\/02-Hotel-Reception-voco-Milan-Fiere.jpg\",\"contentUrl\":\"https:\/\/www.milanfierehotel.com\/wp-content\/uploads\/sites\/402\/2022\/07\/02-Hotel-Reception-voco-Milan-Fiere.jpg\",\"width\":2200,\"height\":1200,\"caption\":\"Voco Milano Fiere\"},\"image\":{\"@id\":\"https:\/\/www.milanfierehotel.com\/de\/#\/schema\/logo\/image\/\"}}]}<\/script>\n<!-- \/ Yoast SEO plugin. -->","yoast_head_json":{"title":"Leisure Escape Paket - Voco Milan Fiere","description":"Wochenende in Mailand? Begr\u00fc\u00dfungsdrink, Fr\u00fchst\u00fcck und kostenloses Parken mit dem Leisure Escape Paket von voco Milan-Fiere. Buche jetzt deinen Kurzurlaub!","robots":{"index":"index","follow":"follow","max-snippet":"max-snippet:-1","max-image-preview":"max-image-preview:large","max-video-preview":"max-video-preview:-1"},"canonical":"https:\/\/www.milanfierehotel.com\/de\/angebote-und-pakete\/pacchetto-leisure-escape\/","og_locale":"de_DE","og_type":"article","og_title":"Leisure Escape Paket - Voco Milan Fiere","og_description":"Wochenende in Mailand? Begr\u00fc\u00dfungsdrink, Fr\u00fchst\u00fcck und kostenloses Parken mit dem Leisure Escape Paket von voco Milan-Fiere. Buche jetzt deinen Kurzurlaub!","og_url":"https:\/\/www.milanfierehotel.com\/de\/angebote-und-pakete\/pacchetto-leisure-escape\/","og_site_name":"Voco Milan Fiere","article_modified_time":"2025-10-10T13:25:06+00:00","og_image":[{"width":2560,"height":1440,"url":"https:\/\/www.milanfierehotel.com\/wp-content\/uploads\/sites\/402\/2024\/01\/Pacchetto-Winter-Escape-voco-Milan-Fiere_2-scaled.jpg","type":"image\/jpeg"}],"twitter_card":"summary_large_image","twitter_misc":{"Gesch\u00e4tzte Lesezeit":"1 Minute"},"schema":{"@context":"https:\/\/schema.org","@graph":[{"@type":"WebPage","@id":"https:\/\/www.milanfierehotel.com\/de\/angebote-und-pakete\/pacchetto-leisure-escape\/","url":"https:\/\/www.milanfierehotel.com\/de\/angebote-und-pakete\/pacchetto-leisure-escape\/","name":"Leisure Escape Paket - Voco Milan Fiere","isPartOf":{"@id":"https:\/\/www.milanfierehotel.com\/de\/#website"},"primaryImageOfPage":{"@id":"https:\/\/www.milanfierehotel.com\/de\/angebote-und-pakete\/pacchetto-leisure-escape\/#primaryimage"},"image":{"@id":"https:\/\/www.milanfierehotel.com\/de\/angebote-und-pakete\/pacchetto-leisure-escape\/#primaryimage"},"thumbnailUrl":"https:\/\/www.milanfierehotel.com\/wp-content\/uploads\/sites\/402\/2024\/01\/Pacchetto-Winter-Escape-voco-Milan-Fiere_2-scaled.jpg","datePublished":"2025-06-03T07:45:21+00:00","dateModified":"2025-10-10T13:25:06+00:00","description":"Wochenende in Mailand? Begr\u00fc\u00dfungsdrink, Fr\u00fchst\u00fcck und kostenloses Parken mit dem Leisure Escape Paket von voco Milan-Fiere. Buche jetzt deinen Kurzurlaub!","breadcrumb":{"@id":"https:\/\/www.milanfierehotel.com\/de\/angebote-und-pakete\/pacchetto-leisure-escape\/#breadcrumb"},"inLanguage":"de-DE","potentialAction":[{"@type":"ReadAction","target":["https:\/\/www.milanfierehotel.com\/de\/angebote-und-pakete\/pacchetto-leisure-escape\/"]}]},{"@type":"ImageObject","inLanguage":"de-DE","@id":"https:\/\/www.milanfierehotel.com\/de\/angebote-und-pakete\/pacchetto-leisure-escape\/#primaryimage","url":"https:\/\/www.milanfierehotel.com\/wp-content\/uploads\/sites\/402\/2024\/01\/Pacchetto-Winter-Escape-voco-Milan-Fiere_2-scaled.jpg","contentUrl":"https:\/\/www.milanfierehotel.com\/wp-content\/uploads\/sites\/402\/2024\/01\/Pacchetto-Winter-Escape-voco-Milan-Fiere_2-scaled.jpg","width":2560,"height":1440,"caption":"Friends hugging eachother after shopping in Milan"},{"@type":"BreadcrumbList","@id":"https:\/\/www.milanfierehotel.com\/de\/angebote-und-pakete\/pacchetto-leisure-escape\/#breadcrumb","itemListElement":[{"@type":"ListItem","position":1,"name":"Home","item":"https:\/\/www.milanfierehotel.com\/de\/"},{"@type":"ListItem","position":2,"name":"Angebote &amp; Pakete","item":"https:\/\/www.milanfierehotel.com\/de\/angebote-und-pakete\/"},{"@type":"ListItem","position":3,"name":"Leisure Escape Paket"}]},{"@type":"WebSite","@id":"https:\/\/www.milanfierehotel.com\/de\/#website","url":"https:\/\/www.milanfierehotel.com\/de\/","name":"Voco Milan Fiere","description":"Just another ms.decms.eu site","publisher":{"@id":"https:\/\/www.milanfierehotel.com\/de\/#organization"},"potentialAction":[{"@type":"SearchAction","target":{"@type":"EntryPoint","urlTemplate":"https:\/\/www.milanfierehotel.com\/de\/?s={search_term_string}"},"query-input":{"@type":"PropertyValueSpecification","valueRequired":true,"valueName":"search_term_string"}}],"inLanguage":"de-DE"},{"@type":"Organization","@id":"https:\/\/www.milanfierehotel.com\/de\/#organization","name":"Voco Milano Fiere","url":"https:\/\/www.milanfierehotel.com\/de\/","logo":{"@type":"ImageObject","inLanguage":"de-DE","@id":"https:\/\/www.milanfierehotel.com\/de\/#\/schema\/logo\/image\/","url":"https:\/\/www.milanfierehotel.com\/wp-content\/uploads\/sites\/402\/2022\/07\/02-Hotel-Reception-voco-Milan-Fiere.jpg","contentUrl":"https:\/\/www.milanfierehotel.com\/wp-content\/uploads\/sites\/402\/2022\/07\/02-Hotel-Reception-voco-Milan-Fiere.jpg","width":2200,"height":1200,"caption":"Voco Milano Fiere"},"image":{"@id":"https:\/\/www.milanfierehotel.com\/de\/#\/schema\/logo\/image\/"}}]}},"acf":[],"_links":{"self":[{"href":"https:\/\/www.milanfierehotel.com\/de\/wp-json\/wp\/v2\/pages\/1438","targetHints":{"allow":["GET"]}}],"collection":[{"href":"https:\/\/www.milanfierehotel.com\/de\/wp-json\/wp\/v2\/pages"}],"about":[{"href":"https:\/\/www.milanfierehotel.com\/de\/wp-json\/wp\/v2\/types\/page"}],"author":[{"embeddable":true,"href":"https:\/\/www.milanfierehotel.com\/de\/wp-json\/wp\/v2\/users\/652"}],"replies":[{"embeddable":true,"href":"https:\/\/www.milanfierehotel.com\/de\/wp-json\/wp\/v2\/comments?post=1438"}],"version-history":[{"count":0,"href":"https:\/\/www.milanfierehotel.com\/de\/wp-json\/wp\/v2\/pages\/1438\/revisions"}],"up":[{"embeddable":true,"href":"https:\/\/www.milanfierehotel.com\/de\/wp-json\/wp\/v2\/pages\/519"}],"wp:featuredmedia":[{"embeddable":true,"href":"https:\/\/www.milanfierehotel.com\/de\/wp-json\/wp\/v2\/media\/1205"}],"wp:attachment":[{"href":"https:\/\/www.milanfierehotel.com\/de\/wp-json\/wp\/v2\/media?parent=1438"}],"curies":[{"name":"wp","href":"https:\/\/api.w.org\/{rel}","templated":true}]}}