{"id":461,"date":"2022-06-29T14:19:43","date_gmt":"2022-06-29T14:19:43","guid":{"rendered":"https:\/\/vocomilanfieredefinitive.ms.decms.eu\/hotel\/il-brand-voco\/"},"modified":"2022-08-31T10:43:22","modified_gmt":"2022-08-31T10:43:22","slug":"der-brand-voco","status":"publish","type":"page","link":"https:\/\/www.milanfierehotel.com\/de\/hotel\/der-brand-voco\/","title":{"rendered":"Der Brand Voco"},"content":{"rendered":"<p><span style=\"font-weight: 400;\">Mit voco\u00ae Milan-Fiere kommt der neue Brand von <\/span><b>IHG\u00ae Hotels &amp; Resorts<\/b><span style=\"font-weight: 400;\">, einer der gr\u00f6\u00dften Hotelketten der Welt mit einer Pr\u00e4senz in mehr als 100 L\u00e4ndern, endlich auch nach Italien.\u00a0<\/span><\/p>\n<p><span style=\"font-weight: 400;\">Die Hotels des Brands voco\u00ae sind mit dem Ziel entstanden, ihren G\u00e4sten <\/span><b>ein neues Urlaubserlebnis <\/b><span style=\"font-weight: 400;\">zu bieten, und unterschieden sich im Vergleich durch ihre F\u00e4higkeit, <\/span><i><span style=\"font-weight: 400;\">sich von der Masse<\/span><\/i> <i><span style=\"font-weight: 400;\">abzuheben<\/span><\/i><span style=\"font-weight: 400;\">, ohne dabei alle Leistungen zu vernachl\u00e4ssigen, die sie zu <\/span><b>4-Sterne-Lifestyle-Hotels<\/b><span style=\"font-weight: 400;\"> machen.<\/span><\/p>\n<p><span style=\"font-weight: 400;\">Als perfekte Mischung aus <\/span><b>Zuverl\u00e4ssigkeit<\/b><span style=\"font-weight: 400;\"> und <\/span><b>Originalit\u00e4t<\/b><span style=\"font-weight: 400;\"> k\u00f6nnen Sie in jedem Hotel der Marke voco\u00ae alle Annehmlichkeiten eines Mehr-Sterne-Hotels erwarten, das Sie durch sein einzigartiges und elegantes Design beeindruckt und in dem Sie sich wie zu Hause f\u00fchlen. <\/span><\/p>\n","protected":false},"excerpt":{"rendered":"<p>Mit voco\u00ae Milan-Fiere kommt der neue Brand von IHG\u00ae Hotels &amp; Resorts, einer der gr\u00f6\u00dften Hotelketten der Welt mit einer Pr\u00e4senz in mehr als 100 L\u00e4ndern, endlich auch nach Italien.\u00a0 Die Hotels des Brands voco\u00ae sind mit dem Ziel entstanden, ihren G\u00e4sten ein neues Urlaubserlebnis zu bieten, und unterschieden sich im Vergleich durch ihre F\u00e4higkeit, [&hellip;]<\/p>\n","protected":false},"author":6,"featured_media":0,"parent":459,"menu_order":11,"comment_status":"closed","ping_status":"closed","template":"template-default-4.php","meta":{"footnotes":""},"class_list":["post-461","page","type-page","status-publish","hentry"],"yoast_head":"<!-- This site is optimized with the Yoast SEO plugin v26.9 - https:\/\/yoast.com\/product\/yoast-seo-wordpress\/ -->\n<title>Marke voco\u00ae: Komfort, Gastlichkeit, Lifestyle | voco\u00ae Milan-Fiere<\/title>\n<meta name=\"description\" content=\"Mit den voco\u00ae Hotels genie\u00dfen Sie einen einzigartigen Aufenthalt in Mailand. Komfort, Gastlichkeit, Lifestyle leiten Sie bei Ihrem Erlebnis an. Entdecken Sie die neue Idee von Gastfreundschaft.\" \/>\n<meta name=\"robots\" content=\"index, follow, max-snippet:-1, max-image-preview:large, max-video-preview:-1\" \/>\n<link rel=\"canonical\" href=\"https:\/\/www.milanfierehotel.com\/de\/hotel\/der-brand-voco\/\" \/>\n<meta property=\"og:locale\" content=\"de_DE\" \/>\n<meta property=\"og:type\" content=\"article\" \/>\n<meta property=\"og:title\" content=\"Marke voco\u00ae: Komfort, Gastlichkeit, Lifestyle | voco\u00ae Milan-Fiere\" \/>\n<meta property=\"og:description\" content=\"Mit den voco\u00ae Hotels genie\u00dfen Sie einen einzigartigen Aufenthalt in Mailand. Komfort, Gastlichkeit, Lifestyle leiten Sie bei Ihrem Erlebnis an. Entdecken Sie die neue Idee von Gastfreundschaft.\" \/>\n<meta property=\"og:url\" content=\"https:\/\/www.milanfierehotel.com\/de\/hotel\/der-brand-voco\/\" \/>\n<meta property=\"og:site_name\" content=\"Voco Milan Fiere\" \/>\n<meta property=\"article:modified_time\" content=\"2022-08-31T10:43:22+00:00\" \/>\n<meta name=\"twitter:card\" content=\"summary_large_image\" \/>\n<meta name=\"twitter:label1\" content=\"Gesch\u00e4tzte Lesezeit\" \/>\n\t<meta name=\"twitter:data1\" content=\"1 Minute\" \/>\n<script type=\"application\/ld+json\" class=\"yoast-schema-graph\">{\"@context\":\"https:\/\/schema.org\",\"@graph\":[{\"@type\":\"WebPage\",\"@id\":\"https:\/\/www.milanfierehotel.com\/de\/hotel\/der-brand-voco\/\",\"url\":\"https:\/\/www.milanfierehotel.com\/de\/hotel\/der-brand-voco\/\",\"name\":\"Marke voco\u00ae: Komfort, Gastlichkeit, Lifestyle | voco\u00ae Milan-Fiere\",\"isPartOf\":{\"@id\":\"https:\/\/www.milanfierehotel.com\/de\/#website\"},\"datePublished\":\"2022-06-29T14:19:43+00:00\",\"dateModified\":\"2022-08-31T10:43:22+00:00\",\"description\":\"Mit den voco\u00ae Hotels genie\u00dfen Sie einen einzigartigen Aufenthalt in Mailand. Komfort, Gastlichkeit, Lifestyle leiten Sie bei Ihrem Erlebnis an. Entdecken Sie die neue Idee von Gastfreundschaft.\",\"breadcrumb\":{\"@id\":\"https:\/\/www.milanfierehotel.com\/de\/hotel\/der-brand-voco\/#breadcrumb\"},\"inLanguage\":\"de-DE\",\"potentialAction\":[{\"@type\":\"ReadAction\",\"target\":[\"https:\/\/www.milanfierehotel.com\/de\/hotel\/der-brand-voco\/\"]}]},{\"@type\":\"BreadcrumbList\",\"@id\":\"https:\/\/www.milanfierehotel.com\/de\/hotel\/der-brand-voco\/#breadcrumb\",\"itemListElement\":[{\"@type\":\"ListItem\",\"position\":1,\"name\":\"Home\",\"item\":\"https:\/\/www.milanfierehotel.com\/de\/\"},{\"@type\":\"ListItem\",\"position\":2,\"name\":\"Hotel\",\"item\":\"https:\/\/www.milanfierehotel.com\/de\/hotel\/\"},{\"@type\":\"ListItem\",\"position\":3,\"name\":\"Der Brand Voco\"}]},{\"@type\":\"WebSite\",\"@id\":\"https:\/\/www.milanfierehotel.com\/de\/#website\",\"url\":\"https:\/\/www.milanfierehotel.com\/de\/\",\"name\":\"Voco Milan Fiere\",\"description\":\"Just another ms.decms.eu site\",\"publisher\":{\"@id\":\"https:\/\/www.milanfierehotel.com\/de\/#organization\"},\"potentialAction\":[{\"@type\":\"SearchAction\",\"target\":{\"@type\":\"EntryPoint\",\"urlTemplate\":\"https:\/\/www.milanfierehotel.com\/de\/?s={search_term_string}\"},\"query-input\":{\"@type\":\"PropertyValueSpecification\",\"valueRequired\":true,\"valueName\":\"search_term_string\"}}],\"inLanguage\":\"de-DE\"},{\"@type\":\"Organization\",\"@id\":\"https:\/\/www.milanfierehotel.com\/de\/#organization\",\"name\":\"Voco Milano Fiere\",\"url\":\"https:\/\/www.milanfierehotel.com\/de\/\",\"logo\":{\"@type\":\"ImageObject\",\"inLanguage\":\"de-DE\",\"@id\":\"https:\/\/www.milanfierehotel.com\/de\/#\/schema\/logo\/image\/\",\"url\":\"https:\/\/www.milanfierehotel.com\/wp-content\/uploads\/sites\/402\/2022\/07\/02-Hotel-Reception-voco-Milan-Fiere.jpg\",\"contentUrl\":\"https:\/\/www.milanfierehotel.com\/wp-content\/uploads\/sites\/402\/2022\/07\/02-Hotel-Reception-voco-Milan-Fiere.jpg\",\"width\":2200,\"height\":1200,\"caption\":\"Voco Milano Fiere\"},\"image\":{\"@id\":\"https:\/\/www.milanfierehotel.com\/de\/#\/schema\/logo\/image\/\"}}]}<\/script>\n<!-- \/ Yoast SEO plugin. -->","yoast_head_json":{"title":"Marke voco\u00ae: Komfort, Gastlichkeit, Lifestyle | voco\u00ae Milan-Fiere","description":"Mit den voco\u00ae Hotels genie\u00dfen Sie einen einzigartigen Aufenthalt in Mailand. Komfort, Gastlichkeit, Lifestyle leiten Sie bei Ihrem Erlebnis an. Entdecken Sie die neue Idee von Gastfreundschaft.","robots":{"index":"index","follow":"follow","max-snippet":"max-snippet:-1","max-image-preview":"max-image-preview:large","max-video-preview":"max-video-preview:-1"},"canonical":"https:\/\/www.milanfierehotel.com\/de\/hotel\/der-brand-voco\/","og_locale":"de_DE","og_type":"article","og_title":"Marke voco\u00ae: Komfort, Gastlichkeit, Lifestyle | voco\u00ae Milan-Fiere","og_description":"Mit den voco\u00ae Hotels genie\u00dfen Sie einen einzigartigen Aufenthalt in Mailand. Komfort, Gastlichkeit, Lifestyle leiten Sie bei Ihrem Erlebnis an. Entdecken Sie die neue Idee von Gastfreundschaft.","og_url":"https:\/\/www.milanfierehotel.com\/de\/hotel\/der-brand-voco\/","og_site_name":"Voco Milan Fiere","article_modified_time":"2022-08-31T10:43:22+00:00","twitter_card":"summary_large_image","twitter_misc":{"Gesch\u00e4tzte Lesezeit":"1 Minute"},"schema":{"@context":"https:\/\/schema.org","@graph":[{"@type":"WebPage","@id":"https:\/\/www.milanfierehotel.com\/de\/hotel\/der-brand-voco\/","url":"https:\/\/www.milanfierehotel.com\/de\/hotel\/der-brand-voco\/","name":"Marke voco\u00ae: Komfort, Gastlichkeit, Lifestyle | voco\u00ae Milan-Fiere","isPartOf":{"@id":"https:\/\/www.milanfierehotel.com\/de\/#website"},"datePublished":"2022-06-29T14:19:43+00:00","dateModified":"2022-08-31T10:43:22+00:00","description":"Mit den voco\u00ae Hotels genie\u00dfen Sie einen einzigartigen Aufenthalt in Mailand. Komfort, Gastlichkeit, Lifestyle leiten Sie bei Ihrem Erlebnis an. Entdecken Sie die neue Idee von Gastfreundschaft.","breadcrumb":{"@id":"https:\/\/www.milanfierehotel.com\/de\/hotel\/der-brand-voco\/#breadcrumb"},"inLanguage":"de-DE","potentialAction":[{"@type":"ReadAction","target":["https:\/\/www.milanfierehotel.com\/de\/hotel\/der-brand-voco\/"]}]},{"@type":"BreadcrumbList","@id":"https:\/\/www.milanfierehotel.com\/de\/hotel\/der-brand-voco\/#breadcrumb","itemListElement":[{"@type":"ListItem","position":1,"name":"Home","item":"https:\/\/www.milanfierehotel.com\/de\/"},{"@type":"ListItem","position":2,"name":"Hotel","item":"https:\/\/www.milanfierehotel.com\/de\/hotel\/"},{"@type":"ListItem","position":3,"name":"Der Brand Voco"}]},{"@type":"WebSite","@id":"https:\/\/www.milanfierehotel.com\/de\/#website","url":"https:\/\/www.milanfierehotel.com\/de\/","name":"Voco Milan Fiere","description":"Just another ms.decms.eu site","publisher":{"@id":"https:\/\/www.milanfierehotel.com\/de\/#organization"},"potentialAction":[{"@type":"SearchAction","target":{"@type":"EntryPoint","urlTemplate":"https:\/\/www.milanfierehotel.com\/de\/?s={search_term_string}"},"query-input":{"@type":"PropertyValueSpecification","valueRequired":true,"valueName":"search_term_string"}}],"inLanguage":"de-DE"},{"@type":"Organization","@id":"https:\/\/www.milanfierehotel.com\/de\/#organization","name":"Voco Milano Fiere","url":"https:\/\/www.milanfierehotel.com\/de\/","logo":{"@type":"ImageObject","inLanguage":"de-DE","@id":"https:\/\/www.milanfierehotel.com\/de\/#\/schema\/logo\/image\/","url":"https:\/\/www.milanfierehotel.com\/wp-content\/uploads\/sites\/402\/2022\/07\/02-Hotel-Reception-voco-Milan-Fiere.jpg","contentUrl":"https:\/\/www.milanfierehotel.com\/wp-content\/uploads\/sites\/402\/2022\/07\/02-Hotel-Reception-voco-Milan-Fiere.jpg","width":2200,"height":1200,"caption":"Voco Milano Fiere"},"image":{"@id":"https:\/\/www.milanfierehotel.com\/de\/#\/schema\/logo\/image\/"}}]}},"acf":[],"_links":{"self":[{"href":"https:\/\/www.milanfierehotel.com\/de\/wp-json\/wp\/v2\/pages\/461","targetHints":{"allow":["GET"]}}],"collection":[{"href":"https:\/\/www.milanfierehotel.com\/de\/wp-json\/wp\/v2\/pages"}],"about":[{"href":"https:\/\/www.milanfierehotel.com\/de\/wp-json\/wp\/v2\/types\/page"}],"author":[{"embeddable":true,"href":"https:\/\/www.milanfierehotel.com\/de\/wp-json\/wp\/v2\/users\/6"}],"replies":[{"embeddable":true,"href":"https:\/\/www.milanfierehotel.com\/de\/wp-json\/wp\/v2\/comments?post=461"}],"version-history":[{"count":0,"href":"https:\/\/www.milanfierehotel.com\/de\/wp-json\/wp\/v2\/pages\/461\/revisions"}],"up":[{"embeddable":true,"href":"https:\/\/www.milanfierehotel.com\/de\/wp-json\/wp\/v2\/pages\/459"}],"wp:attachment":[{"href":"https:\/\/www.milanfierehotel.com\/de\/wp-json\/wp\/v2\/media?parent=461"}],"curies":[{"name":"wp","href":"https:\/\/api.w.org\/{rel}","templated":true}]}}