{"id":463,"date":"2022-06-29T14:21:20","date_gmt":"2022-06-29T14:21:20","guid":{"rendered":"https:\/\/vocomilanfieredefinitive.ms.decms.eu\/hotel\/la-nostra-filosofia\/"},"modified":"2022-12-06T08:16:31","modified_gmt":"2022-12-06T08:16:31","slug":"unsere-philosophie","status":"publish","type":"page","link":"https:\/\/www.milanfierehotel.com\/de\/hotel\/unsere-philosophie\/","title":{"rendered":"Unsere Philosophie"},"content":{"rendered":"<p><span style=\"font-weight: 400;\">Als erste Niederlassung in Italien w\u00e4hlte voco\u00ae Milan-fiere Mailand und zielt auf ein junges und dynamisches Zielpublikum, mit besonderem Fokus auf die Bed\u00fcrfnisse der neuen Generation von Managern, Entscheidungstr\u00e4gern und Gesch\u00e4ftsreisenden, die es gewohnt sind zu reisen und gleichzeitig nach Orten suchen, an denen sie <\/span><i><span style=\"font-weight: 400;\">sich wie zu Hause f\u00fchlen<\/span><\/i><span style=\"font-weight: 400;\"> k\u00f6nnen.<\/span><\/p>\n<p><span style=\"font-weight: 400;\">Unser Motto<\/span><b>&#8222;Work hard, have fun<\/b><span style=\"font-weight: 400;\">&#8220; richtet sich an all jene, die die ganze Welt zu ihrem B\u00fcro gemacht haben. Wir bieten unseren G\u00e4sten <\/span><b>Business Suites <\/b><span style=\"font-weight: 400;\">f\u00fcr Home Office, die mit speziell f\u00fcr <\/span><i><span style=\"font-weight: 400;\">Remote Worker<\/span><\/i><span style=\"font-weight: 400;\"> konzipierten Annehmlichkeiten ausgestattet sind, aber auch <\/span><b>Gemeinschaftsr\u00e4ume, die sich f\u00fcr Co-Working eignen und <\/b><span style=\"font-weight: 400;\">die Geselligkeit f\u00f6rdern, dank der <\/span><b><a href=\"https:\/\/www.milanfierehotel.com\/de\/bar-und-restaurant\/ludico-bar-gaming-area\/\" rel=\"noopener\">Ludico Bar mit Gaming Area<\/a>, <\/b><span style=\"font-weight: 400;\">dem idealen Ort, um ein k\u00fchles Bier zu genie\u00dfen, w\u00e4hrend man Kollegen oder Kunden zum Tischfu\u00dfball oder Billard herausfordert oder <\/span><i><span style=\"font-weight: 400;\">Flipper zu spielen, wie es bisher noch niemand geschafft hat<\/span><\/i><span style=\"font-weight: 400;\">.<\/span><\/p>\n","protected":false},"excerpt":{"rendered":"<p>Als erste Niederlassung in Italien w\u00e4hlte voco\u00ae Milan-fiere Mailand und zielt auf ein junges und dynamisches Zielpublikum, mit besonderem Fokus auf die Bed\u00fcrfnisse der neuen Generation von Managern, Entscheidungstr\u00e4gern und Gesch\u00e4ftsreisenden, die es gewohnt sind zu reisen und gleichzeitig nach Orten suchen, an denen sie sich wie zu Hause f\u00fchlen k\u00f6nnen. Unser Motto&#8222;Work hard, have [&hellip;]<\/p>\n","protected":false},"author":6,"featured_media":0,"parent":459,"menu_order":12,"comment_status":"closed","ping_status":"closed","template":"template-default-4.php","meta":{"footnotes":""},"class_list":["post-463","page","type-page","status-publish","hentry"],"yoast_head":"<!-- This site is optimized with the Yoast SEO plugin v26.9 - https:\/\/yoast.com\/product\/yoast-seo-wordpress\/ -->\n<title>Werte: Nachhaltigkeit, Geselligkeit, Komfort | voco\u00ae Milan-Fiere<\/title>\n<meta name=\"description\" content=\"voco\u00ae Hotels sind der perfekte Mix aus Serviceleistungen f\u00fcr Ihren Aufenthalt in Mailand. Nachhaltigkeit, Geselligkeit und Komfort f\u00fcr ein einzigartiges Erlebnis. Entdecken Sie unsere Werte.\" \/>\n<meta name=\"robots\" content=\"index, follow, max-snippet:-1, max-image-preview:large, max-video-preview:-1\" \/>\n<link rel=\"canonical\" href=\"https:\/\/www.milanfierehotel.com\/de\/hotel\/unsere-philosophie\/\" \/>\n<meta property=\"og:locale\" content=\"de_DE\" \/>\n<meta property=\"og:type\" content=\"article\" \/>\n<meta property=\"og:title\" content=\"Werte: Nachhaltigkeit, Geselligkeit, Komfort | voco\u00ae Milan-Fiere\" \/>\n<meta property=\"og:description\" content=\"voco\u00ae Hotels sind der perfekte Mix aus Serviceleistungen f\u00fcr Ihren Aufenthalt in Mailand. Nachhaltigkeit, Geselligkeit und Komfort f\u00fcr ein einzigartiges Erlebnis. Entdecken Sie unsere Werte.\" \/>\n<meta property=\"og:url\" content=\"https:\/\/www.milanfierehotel.com\/de\/hotel\/unsere-philosophie\/\" \/>\n<meta property=\"og:site_name\" content=\"Voco Milan Fiere\" \/>\n<meta property=\"article:modified_time\" content=\"2022-12-06T08:16:31+00:00\" \/>\n<meta name=\"twitter:card\" content=\"summary_large_image\" \/>\n<meta name=\"twitter:label1\" content=\"Gesch\u00e4tzte Lesezeit\" \/>\n\t<meta name=\"twitter:data1\" content=\"1 Minute\" \/>\n<script type=\"application\/ld+json\" class=\"yoast-schema-graph\">{\"@context\":\"https:\/\/schema.org\",\"@graph\":[{\"@type\":\"WebPage\",\"@id\":\"https:\/\/www.milanfierehotel.com\/de\/hotel\/unsere-philosophie\/\",\"url\":\"https:\/\/www.milanfierehotel.com\/de\/hotel\/unsere-philosophie\/\",\"name\":\"Werte: Nachhaltigkeit, Geselligkeit, Komfort | voco\u00ae Milan-Fiere\",\"isPartOf\":{\"@id\":\"https:\/\/www.milanfierehotel.com\/de\/#website\"},\"datePublished\":\"2022-06-29T14:21:20+00:00\",\"dateModified\":\"2022-12-06T08:16:31+00:00\",\"description\":\"voco\u00ae Hotels sind der perfekte Mix aus Serviceleistungen f\u00fcr Ihren Aufenthalt in Mailand. Nachhaltigkeit, Geselligkeit und Komfort f\u00fcr ein einzigartiges Erlebnis. Entdecken Sie unsere Werte.\",\"breadcrumb\":{\"@id\":\"https:\/\/www.milanfierehotel.com\/de\/hotel\/unsere-philosophie\/#breadcrumb\"},\"inLanguage\":\"de-DE\",\"potentialAction\":[{\"@type\":\"ReadAction\",\"target\":[\"https:\/\/www.milanfierehotel.com\/de\/hotel\/unsere-philosophie\/\"]}]},{\"@type\":\"BreadcrumbList\",\"@id\":\"https:\/\/www.milanfierehotel.com\/de\/hotel\/unsere-philosophie\/#breadcrumb\",\"itemListElement\":[{\"@type\":\"ListItem\",\"position\":1,\"name\":\"Home\",\"item\":\"https:\/\/www.milanfierehotel.com\/de\/\"},{\"@type\":\"ListItem\",\"position\":2,\"name\":\"Hotel\",\"item\":\"https:\/\/www.milanfierehotel.com\/de\/hotel\/\"},{\"@type\":\"ListItem\",\"position\":3,\"name\":\"Unsere Philosophie\"}]},{\"@type\":\"WebSite\",\"@id\":\"https:\/\/www.milanfierehotel.com\/de\/#website\",\"url\":\"https:\/\/www.milanfierehotel.com\/de\/\",\"name\":\"Voco Milan Fiere\",\"description\":\"Just another ms.decms.eu site\",\"publisher\":{\"@id\":\"https:\/\/www.milanfierehotel.com\/de\/#organization\"},\"potentialAction\":[{\"@type\":\"SearchAction\",\"target\":{\"@type\":\"EntryPoint\",\"urlTemplate\":\"https:\/\/www.milanfierehotel.com\/de\/?s={search_term_string}\"},\"query-input\":{\"@type\":\"PropertyValueSpecification\",\"valueRequired\":true,\"valueName\":\"search_term_string\"}}],\"inLanguage\":\"de-DE\"},{\"@type\":\"Organization\",\"@id\":\"https:\/\/www.milanfierehotel.com\/de\/#organization\",\"name\":\"Voco Milano Fiere\",\"url\":\"https:\/\/www.milanfierehotel.com\/de\/\",\"logo\":{\"@type\":\"ImageObject\",\"inLanguage\":\"de-DE\",\"@id\":\"https:\/\/www.milanfierehotel.com\/de\/#\/schema\/logo\/image\/\",\"url\":\"https:\/\/www.milanfierehotel.com\/wp-content\/uploads\/sites\/402\/2022\/07\/02-Hotel-Reception-voco-Milan-Fiere.jpg\",\"contentUrl\":\"https:\/\/www.milanfierehotel.com\/wp-content\/uploads\/sites\/402\/2022\/07\/02-Hotel-Reception-voco-Milan-Fiere.jpg\",\"width\":2200,\"height\":1200,\"caption\":\"Voco Milano Fiere\"},\"image\":{\"@id\":\"https:\/\/www.milanfierehotel.com\/de\/#\/schema\/logo\/image\/\"}}]}<\/script>\n<!-- \/ Yoast SEO plugin. -->","yoast_head_json":{"title":"Werte: Nachhaltigkeit, Geselligkeit, Komfort | voco\u00ae Milan-Fiere","description":"voco\u00ae Hotels sind der perfekte Mix aus Serviceleistungen f\u00fcr Ihren Aufenthalt in Mailand. Nachhaltigkeit, Geselligkeit und Komfort f\u00fcr ein einzigartiges Erlebnis. Entdecken Sie unsere Werte.","robots":{"index":"index","follow":"follow","max-snippet":"max-snippet:-1","max-image-preview":"max-image-preview:large","max-video-preview":"max-video-preview:-1"},"canonical":"https:\/\/www.milanfierehotel.com\/de\/hotel\/unsere-philosophie\/","og_locale":"de_DE","og_type":"article","og_title":"Werte: Nachhaltigkeit, Geselligkeit, Komfort | voco\u00ae Milan-Fiere","og_description":"voco\u00ae Hotels sind der perfekte Mix aus Serviceleistungen f\u00fcr Ihren Aufenthalt in Mailand. Nachhaltigkeit, Geselligkeit und Komfort f\u00fcr ein einzigartiges Erlebnis. Entdecken Sie unsere Werte.","og_url":"https:\/\/www.milanfierehotel.com\/de\/hotel\/unsere-philosophie\/","og_site_name":"Voco Milan Fiere","article_modified_time":"2022-12-06T08:16:31+00:00","twitter_card":"summary_large_image","twitter_misc":{"Gesch\u00e4tzte Lesezeit":"1 Minute"},"schema":{"@context":"https:\/\/schema.org","@graph":[{"@type":"WebPage","@id":"https:\/\/www.milanfierehotel.com\/de\/hotel\/unsere-philosophie\/","url":"https:\/\/www.milanfierehotel.com\/de\/hotel\/unsere-philosophie\/","name":"Werte: Nachhaltigkeit, Geselligkeit, Komfort | voco\u00ae Milan-Fiere","isPartOf":{"@id":"https:\/\/www.milanfierehotel.com\/de\/#website"},"datePublished":"2022-06-29T14:21:20+00:00","dateModified":"2022-12-06T08:16:31+00:00","description":"voco\u00ae Hotels sind der perfekte Mix aus Serviceleistungen f\u00fcr Ihren Aufenthalt in Mailand. Nachhaltigkeit, Geselligkeit und Komfort f\u00fcr ein einzigartiges Erlebnis. Entdecken Sie unsere Werte.","breadcrumb":{"@id":"https:\/\/www.milanfierehotel.com\/de\/hotel\/unsere-philosophie\/#breadcrumb"},"inLanguage":"de-DE","potentialAction":[{"@type":"ReadAction","target":["https:\/\/www.milanfierehotel.com\/de\/hotel\/unsere-philosophie\/"]}]},{"@type":"BreadcrumbList","@id":"https:\/\/www.milanfierehotel.com\/de\/hotel\/unsere-philosophie\/#breadcrumb","itemListElement":[{"@type":"ListItem","position":1,"name":"Home","item":"https:\/\/www.milanfierehotel.com\/de\/"},{"@type":"ListItem","position":2,"name":"Hotel","item":"https:\/\/www.milanfierehotel.com\/de\/hotel\/"},{"@type":"ListItem","position":3,"name":"Unsere Philosophie"}]},{"@type":"WebSite","@id":"https:\/\/www.milanfierehotel.com\/de\/#website","url":"https:\/\/www.milanfierehotel.com\/de\/","name":"Voco Milan Fiere","description":"Just another ms.decms.eu site","publisher":{"@id":"https:\/\/www.milanfierehotel.com\/de\/#organization"},"potentialAction":[{"@type":"SearchAction","target":{"@type":"EntryPoint","urlTemplate":"https:\/\/www.milanfierehotel.com\/de\/?s={search_term_string}"},"query-input":{"@type":"PropertyValueSpecification","valueRequired":true,"valueName":"search_term_string"}}],"inLanguage":"de-DE"},{"@type":"Organization","@id":"https:\/\/www.milanfierehotel.com\/de\/#organization","name":"Voco Milano Fiere","url":"https:\/\/www.milanfierehotel.com\/de\/","logo":{"@type":"ImageObject","inLanguage":"de-DE","@id":"https:\/\/www.milanfierehotel.com\/de\/#\/schema\/logo\/image\/","url":"https:\/\/www.milanfierehotel.com\/wp-content\/uploads\/sites\/402\/2022\/07\/02-Hotel-Reception-voco-Milan-Fiere.jpg","contentUrl":"https:\/\/www.milanfierehotel.com\/wp-content\/uploads\/sites\/402\/2022\/07\/02-Hotel-Reception-voco-Milan-Fiere.jpg","width":2200,"height":1200,"caption":"Voco Milano Fiere"},"image":{"@id":"https:\/\/www.milanfierehotel.com\/de\/#\/schema\/logo\/image\/"}}]}},"acf":[],"_links":{"self":[{"href":"https:\/\/www.milanfierehotel.com\/de\/wp-json\/wp\/v2\/pages\/463","targetHints":{"allow":["GET"]}}],"collection":[{"href":"https:\/\/www.milanfierehotel.com\/de\/wp-json\/wp\/v2\/pages"}],"about":[{"href":"https:\/\/www.milanfierehotel.com\/de\/wp-json\/wp\/v2\/types\/page"}],"author":[{"embeddable":true,"href":"https:\/\/www.milanfierehotel.com\/de\/wp-json\/wp\/v2\/users\/6"}],"replies":[{"embeddable":true,"href":"https:\/\/www.milanfierehotel.com\/de\/wp-json\/wp\/v2\/comments?post=463"}],"version-history":[{"count":0,"href":"https:\/\/www.milanfierehotel.com\/de\/wp-json\/wp\/v2\/pages\/463\/revisions"}],"up":[{"embeddable":true,"href":"https:\/\/www.milanfierehotel.com\/de\/wp-json\/wp\/v2\/pages\/459"}],"wp:attachment":[{"href":"https:\/\/www.milanfierehotel.com\/de\/wp-json\/wp\/v2\/media?parent=463"}],"curies":[{"name":"wp","href":"https:\/\/api.w.org\/{rel}","templated":true}]}}