{"id":471,"date":"2022-06-29T14:56:04","date_gmt":"2022-06-29T14:56:04","guid":{"rendered":"https:\/\/vocomilanfieredefinitive.ms.decms.eu\/camere-e-suite\/camere-premium\/"},"modified":"2025-03-20T16:56:43","modified_gmt":"2025-03-20T16:56:43","slug":"premium-zimmer","status":"publish","type":"page","link":"https:\/\/www.milanfierehotel.com\/de\/zimmer-und-suiten\/premium-zimmer\/","title":{"rendered":"Premium Zimmer"},"content":{"rendered":"<p><span style=\"font-weight: 400\">Unsere Premium Zimmer eignen sich f\u00fcr alle, die einen gesunden Lebensstil pflegen und <\/span><i><span style=\"font-weight: 400\">nie<\/span><\/i><span style=\"font-weight: 400\"> aufh\u00f6ren wollen zu trainieren. Sie bieten <\/span><b>verschiedene Konfigurationen und Funktionen<\/b><span style=\"font-weight: 400\">. Dazu geh\u00f6ren unsere ger\u00e4umigen 30-Quadratmeter-Zimmer mit gro\u00dfen Fensterfronten, die ebenso hell wie stimmungsvoll sind, ideal f\u00fcr alle, die gerne mit Panoramablick auf die Mail\u00e4nder Skyline \u00fcbernachten oder arbeiten.\u00a0<\/span><\/p>\n<p><span style=\"font-weight: 400\">Sie bieten nicht nur freien Zugang zu unserem Wellnessbereich, sondern auch <\/span><b>Technogym-Fitnessger\u00e4te <\/b><span style=\"font-weight: 400\">(z. B. Matte, Fitball und Balancepad) f\u00fcr G\u00e4ste, die sich mit einem Workout in der Privatsph\u00e4re ihres Zimmers fit halten m\u00f6chten. Alle Premium Zimmer sind au\u00dferdem mit einem LCD-Fernseher mit Chromecast, WLAN, einer kostenlosen Plastik-Minibar und einem bequemen Schreibtisch f\u00fcr Videotelefonate oder intelligente Arbeitsmomente ausgestattet. <\/span><\/p>\n","protected":false},"excerpt":{"rendered":"<p>Unsere Premium Zimmer eignen sich f\u00fcr alle, die einen gesunden Lebensstil pflegen und nie aufh\u00f6ren wollen zu trainieren. Sie bieten verschiedene Konfigurationen und Funktionen. Dazu geh\u00f6ren unsere ger\u00e4umigen 30-Quadratmeter-Zimmer mit gro\u00dfen Fensterfronten, die ebenso hell wie stimmungsvoll sind, ideal f\u00fcr alle, die gerne mit Panoramablick auf die Mail\u00e4nder Skyline \u00fcbernachten oder arbeiten.\u00a0 Sie bieten nicht [&hellip;]<\/p>\n","protected":false},"author":6,"featured_media":0,"parent":467,"menu_order":22,"comment_status":"closed","ping_status":"closed","template":"template-single-room.php","meta":{"footnotes":""},"class_list":["post-471","page","type-page","status-publish","hentry"],"yoast_head":"<!-- This site is optimized with the Yoast SEO plugin v26.9 - https:\/\/yoast.com\/product\/yoast-seo-wordpress\/ -->\n<title>Elegante und gro\u00dfe Premium-Zimmer | voco\u00ae Milan-Fiere<\/title>\n<meta name=\"description\" content=\"Testen Sie die eleganten und gro\u00dfen Premium-Zimmer von voco\u00ae f\u00fcr einen unvergesslichen Aufenthalt. Mit Ausr\u00fcstung f\u00fcr Bodyweight-\u00dcbungen. Zum Buchen klicken.\" \/>\n<meta name=\"robots\" content=\"index, follow, max-snippet:-1, max-image-preview:large, max-video-preview:-1\" \/>\n<link rel=\"canonical\" href=\"https:\/\/www.milanfierehotel.com\/de\/zimmer-und-suiten\/premium-zimmer\/\" \/>\n<meta property=\"og:locale\" content=\"de_DE\" \/>\n<meta property=\"og:type\" content=\"article\" \/>\n<meta property=\"og:title\" content=\"Elegante und gro\u00dfe Premium-Zimmer | voco\u00ae Milan-Fiere\" \/>\n<meta property=\"og:description\" content=\"Testen Sie die eleganten und gro\u00dfen Premium-Zimmer von voco\u00ae f\u00fcr einen unvergesslichen Aufenthalt. Mit Ausr\u00fcstung f\u00fcr Bodyweight-\u00dcbungen. Zum Buchen klicken.\" \/>\n<meta property=\"og:url\" content=\"https:\/\/www.milanfierehotel.com\/de\/zimmer-und-suiten\/premium-zimmer\/\" \/>\n<meta property=\"og:site_name\" content=\"Voco Milan Fiere\" \/>\n<meta property=\"article:modified_time\" content=\"2025-03-20T16:56:43+00:00\" \/>\n<meta name=\"twitter:card\" content=\"summary_large_image\" \/>\n<meta name=\"twitter:label1\" content=\"Gesch\u00e4tzte Lesezeit\" \/>\n\t<meta name=\"twitter:data1\" content=\"1 Minute\" \/>\n<script type=\"application\/ld+json\" class=\"yoast-schema-graph\">{\"@context\":\"https:\/\/schema.org\",\"@graph\":[{\"@type\":\"WebPage\",\"@id\":\"https:\/\/www.milanfierehotel.com\/de\/zimmer-und-suiten\/premium-zimmer\/\",\"url\":\"https:\/\/www.milanfierehotel.com\/de\/zimmer-und-suiten\/premium-zimmer\/\",\"name\":\"Elegante und gro\u00dfe Premium-Zimmer | voco\u00ae Milan-Fiere\",\"isPartOf\":{\"@id\":\"https:\/\/www.milanfierehotel.com\/de\/#website\"},\"datePublished\":\"2022-06-29T14:56:04+00:00\",\"dateModified\":\"2025-03-20T16:56:43+00:00\",\"description\":\"Testen Sie die eleganten und gro\u00dfen Premium-Zimmer von voco\u00ae f\u00fcr einen unvergesslichen Aufenthalt. Mit Ausr\u00fcstung f\u00fcr Bodyweight-\u00dcbungen. Zum Buchen klicken.\",\"breadcrumb\":{\"@id\":\"https:\/\/www.milanfierehotel.com\/de\/zimmer-und-suiten\/premium-zimmer\/#breadcrumb\"},\"inLanguage\":\"de-DE\",\"potentialAction\":[{\"@type\":\"ReadAction\",\"target\":[\"https:\/\/www.milanfierehotel.com\/de\/zimmer-und-suiten\/premium-zimmer\/\"]}]},{\"@type\":\"BreadcrumbList\",\"@id\":\"https:\/\/www.milanfierehotel.com\/de\/zimmer-und-suiten\/premium-zimmer\/#breadcrumb\",\"itemListElement\":[{\"@type\":\"ListItem\",\"position\":1,\"name\":\"Home\",\"item\":\"https:\/\/www.milanfierehotel.com\/de\/\"},{\"@type\":\"ListItem\",\"position\":2,\"name\":\"Zimmer &amp; Suiten\",\"item\":\"https:\/\/www.milanfierehotel.com\/de\/zimmer-und-suiten\/\"},{\"@type\":\"ListItem\",\"position\":3,\"name\":\"Premium Zimmer\"}]},{\"@type\":\"WebSite\",\"@id\":\"https:\/\/www.milanfierehotel.com\/de\/#website\",\"url\":\"https:\/\/www.milanfierehotel.com\/de\/\",\"name\":\"Voco Milan Fiere\",\"description\":\"Just another ms.decms.eu site\",\"publisher\":{\"@id\":\"https:\/\/www.milanfierehotel.com\/de\/#organization\"},\"potentialAction\":[{\"@type\":\"SearchAction\",\"target\":{\"@type\":\"EntryPoint\",\"urlTemplate\":\"https:\/\/www.milanfierehotel.com\/de\/?s={search_term_string}\"},\"query-input\":{\"@type\":\"PropertyValueSpecification\",\"valueRequired\":true,\"valueName\":\"search_term_string\"}}],\"inLanguage\":\"de-DE\"},{\"@type\":\"Organization\",\"@id\":\"https:\/\/www.milanfierehotel.com\/de\/#organization\",\"name\":\"Voco Milano Fiere\",\"url\":\"https:\/\/www.milanfierehotel.com\/de\/\",\"logo\":{\"@type\":\"ImageObject\",\"inLanguage\":\"de-DE\",\"@id\":\"https:\/\/www.milanfierehotel.com\/de\/#\/schema\/logo\/image\/\",\"url\":\"https:\/\/www.milanfierehotel.com\/wp-content\/uploads\/sites\/402\/2022\/07\/02-Hotel-Reception-voco-Milan-Fiere.jpg\",\"contentUrl\":\"https:\/\/www.milanfierehotel.com\/wp-content\/uploads\/sites\/402\/2022\/07\/02-Hotel-Reception-voco-Milan-Fiere.jpg\",\"width\":2200,\"height\":1200,\"caption\":\"Voco Milano Fiere\"},\"image\":{\"@id\":\"https:\/\/www.milanfierehotel.com\/de\/#\/schema\/logo\/image\/\"}}]}<\/script>\n<!-- \/ Yoast SEO plugin. -->","yoast_head_json":{"title":"Elegante und gro\u00dfe Premium-Zimmer | voco\u00ae Milan-Fiere","description":"Testen Sie die eleganten und gro\u00dfen Premium-Zimmer von voco\u00ae f\u00fcr einen unvergesslichen Aufenthalt. Mit Ausr\u00fcstung f\u00fcr Bodyweight-\u00dcbungen. Zum Buchen klicken.","robots":{"index":"index","follow":"follow","max-snippet":"max-snippet:-1","max-image-preview":"max-image-preview:large","max-video-preview":"max-video-preview:-1"},"canonical":"https:\/\/www.milanfierehotel.com\/de\/zimmer-und-suiten\/premium-zimmer\/","og_locale":"de_DE","og_type":"article","og_title":"Elegante und gro\u00dfe Premium-Zimmer | voco\u00ae Milan-Fiere","og_description":"Testen Sie die eleganten und gro\u00dfen Premium-Zimmer von voco\u00ae f\u00fcr einen unvergesslichen Aufenthalt. Mit Ausr\u00fcstung f\u00fcr Bodyweight-\u00dcbungen. Zum Buchen klicken.","og_url":"https:\/\/www.milanfierehotel.com\/de\/zimmer-und-suiten\/premium-zimmer\/","og_site_name":"Voco Milan Fiere","article_modified_time":"2025-03-20T16:56:43+00:00","twitter_card":"summary_large_image","twitter_misc":{"Gesch\u00e4tzte Lesezeit":"1 Minute"},"schema":{"@context":"https:\/\/schema.org","@graph":[{"@type":"WebPage","@id":"https:\/\/www.milanfierehotel.com\/de\/zimmer-und-suiten\/premium-zimmer\/","url":"https:\/\/www.milanfierehotel.com\/de\/zimmer-und-suiten\/premium-zimmer\/","name":"Elegante und gro\u00dfe Premium-Zimmer | voco\u00ae Milan-Fiere","isPartOf":{"@id":"https:\/\/www.milanfierehotel.com\/de\/#website"},"datePublished":"2022-06-29T14:56:04+00:00","dateModified":"2025-03-20T16:56:43+00:00","description":"Testen Sie die eleganten und gro\u00dfen Premium-Zimmer von voco\u00ae f\u00fcr einen unvergesslichen Aufenthalt. Mit Ausr\u00fcstung f\u00fcr Bodyweight-\u00dcbungen. Zum Buchen klicken.","breadcrumb":{"@id":"https:\/\/www.milanfierehotel.com\/de\/zimmer-und-suiten\/premium-zimmer\/#breadcrumb"},"inLanguage":"de-DE","potentialAction":[{"@type":"ReadAction","target":["https:\/\/www.milanfierehotel.com\/de\/zimmer-und-suiten\/premium-zimmer\/"]}]},{"@type":"BreadcrumbList","@id":"https:\/\/www.milanfierehotel.com\/de\/zimmer-und-suiten\/premium-zimmer\/#breadcrumb","itemListElement":[{"@type":"ListItem","position":1,"name":"Home","item":"https:\/\/www.milanfierehotel.com\/de\/"},{"@type":"ListItem","position":2,"name":"Zimmer &amp; Suiten","item":"https:\/\/www.milanfierehotel.com\/de\/zimmer-und-suiten\/"},{"@type":"ListItem","position":3,"name":"Premium Zimmer"}]},{"@type":"WebSite","@id":"https:\/\/www.milanfierehotel.com\/de\/#website","url":"https:\/\/www.milanfierehotel.com\/de\/","name":"Voco Milan Fiere","description":"Just another ms.decms.eu site","publisher":{"@id":"https:\/\/www.milanfierehotel.com\/de\/#organization"},"potentialAction":[{"@type":"SearchAction","target":{"@type":"EntryPoint","urlTemplate":"https:\/\/www.milanfierehotel.com\/de\/?s={search_term_string}"},"query-input":{"@type":"PropertyValueSpecification","valueRequired":true,"valueName":"search_term_string"}}],"inLanguage":"de-DE"},{"@type":"Organization","@id":"https:\/\/www.milanfierehotel.com\/de\/#organization","name":"Voco Milano Fiere","url":"https:\/\/www.milanfierehotel.com\/de\/","logo":{"@type":"ImageObject","inLanguage":"de-DE","@id":"https:\/\/www.milanfierehotel.com\/de\/#\/schema\/logo\/image\/","url":"https:\/\/www.milanfierehotel.com\/wp-content\/uploads\/sites\/402\/2022\/07\/02-Hotel-Reception-voco-Milan-Fiere.jpg","contentUrl":"https:\/\/www.milanfierehotel.com\/wp-content\/uploads\/sites\/402\/2022\/07\/02-Hotel-Reception-voco-Milan-Fiere.jpg","width":2200,"height":1200,"caption":"Voco Milano Fiere"},"image":{"@id":"https:\/\/www.milanfierehotel.com\/de\/#\/schema\/logo\/image\/"}}]}},"acf":[],"_links":{"self":[{"href":"https:\/\/www.milanfierehotel.com\/de\/wp-json\/wp\/v2\/pages\/471","targetHints":{"allow":["GET"]}}],"collection":[{"href":"https:\/\/www.milanfierehotel.com\/de\/wp-json\/wp\/v2\/pages"}],"about":[{"href":"https:\/\/www.milanfierehotel.com\/de\/wp-json\/wp\/v2\/types\/page"}],"author":[{"embeddable":true,"href":"https:\/\/www.milanfierehotel.com\/de\/wp-json\/wp\/v2\/users\/6"}],"replies":[{"embeddable":true,"href":"https:\/\/www.milanfierehotel.com\/de\/wp-json\/wp\/v2\/comments?post=471"}],"version-history":[{"count":0,"href":"https:\/\/www.milanfierehotel.com\/de\/wp-json\/wp\/v2\/pages\/471\/revisions"}],"up":[{"embeddable":true,"href":"https:\/\/www.milanfierehotel.com\/de\/wp-json\/wp\/v2\/pages\/467"}],"wp:attachment":[{"href":"https:\/\/www.milanfierehotel.com\/de\/wp-json\/wp\/v2\/media?parent=471"}],"curies":[{"name":"wp","href":"https:\/\/api.w.org\/{rel}","templated":true}]}}