{"id":473,"date":"2022-06-29T15:00:02","date_gmt":"2022-06-29T15:00:02","guid":{"rendered":"https:\/\/vocomilanfieredefinitive.ms.decms.eu\/camere-e-suite\/suite\/"},"modified":"2025-03-20T16:58:41","modified_gmt":"2025-03-20T16:58:41","slug":"suite","status":"publish","type":"page","link":"https:\/\/www.milanfierehotel.com\/de\/zimmer-und-suiten\/suite\/","title":{"rendered":"Suite"},"content":{"rendered":"<p><span style=\"font-weight: 400\">Ger\u00e4umig und mit <\/span><b>beeindruckenden 56 Quadratmetern, die von warmem Tageslicht erhellt werden<\/b><span style=\"font-weight: 400\">, sind unsere Suiten perfekt f\u00fcr alle, die keine Kompromisse eingehen wollen.<\/span><span style=\"font-weight: 400\"><br \/>\n<\/span><span style=\"font-weight: 400\">Jede Suite besteht aus <\/span><b>zwei separaten R\u00e4umen<\/b><span style=\"font-weight: 400\">: einem Wohnbereich mit Sitzecke und Schlafsofa und einem Schlafzimmer mit einem gro\u00dfen, bequemen Kingsize-Bett (mit feiner Bettw\u00e4sche aus 100 % recycelten Materialien) und einem Badezimmer mit Duschwanne, in das man eintauchen kann, um einen unvergesslichen Aufenthalt zu verbringen.<\/span><span style=\"font-weight: 400\"><br \/>\n<\/span><span style=\"font-weight: 400\">Sie sind mit 2 LCD-Fernsehern mit Chromecast, W-Lan und einem Safe ausgestattet und bieten au\u00dferdem kostenlosen Zugang zum Wellnessbereich des Hotels mit t\u00fcrkischem Bad, Sauna und Schwimmbad.<\/span><\/p>\n","protected":false},"excerpt":{"rendered":"<p>Ger\u00e4umig und mit beeindruckenden 56 Quadratmetern, die von warmem Tageslicht erhellt werden, sind unsere Suiten perfekt f\u00fcr alle, die keine Kompromisse eingehen wollen. Jede Suite besteht aus zwei separaten R\u00e4umen: einem Wohnbereich mit Sitzecke und Schlafsofa und einem Schlafzimmer mit einem gro\u00dfen, bequemen Kingsize-Bett (mit feiner Bettw\u00e4sche aus 100 % recycelten Materialien) und einem Badezimmer [&hellip;]<\/p>\n","protected":false},"author":6,"featured_media":0,"parent":467,"menu_order":23,"comment_status":"closed","ping_status":"closed","template":"template-single-room.php","meta":{"footnotes":""},"class_list":["post-473","page","type-page","status-publish","hentry"],"yoast_head":"<!-- This site is optimized with the Yoast SEO plugin v26.9 - https:\/\/yoast.com\/product\/yoast-seo-wordpress\/ -->\n<title>Suite: Kingsize-Bett und Lounge-Zone | voco\u00ae Milan-Fiere<\/title>\n<meta name=\"description\" content=\"Lassen Sie sich von der Suite mit Kingsize-Bett und Lounge-Zone verw\u00f6hnen. Ideal f\u00fcr Familien, mit Badewanne-Dusche. Zum Buchen im voco\u00ae Milan-Fiere klicken.\" \/>\n<meta name=\"robots\" content=\"index, follow, max-snippet:-1, max-image-preview:large, max-video-preview:-1\" \/>\n<link rel=\"canonical\" href=\"https:\/\/www.milanfierehotel.com\/de\/zimmer-und-suiten\/suite\/\" \/>\n<meta property=\"og:locale\" content=\"de_DE\" \/>\n<meta property=\"og:type\" content=\"article\" \/>\n<meta property=\"og:title\" content=\"Suite: Kingsize-Bett und Lounge-Zone | voco\u00ae Milan-Fiere\" \/>\n<meta property=\"og:description\" content=\"Lassen Sie sich von der Suite mit Kingsize-Bett und Lounge-Zone verw\u00f6hnen. Ideal f\u00fcr Familien, mit Badewanne-Dusche. Zum Buchen im voco\u00ae Milan-Fiere klicken.\" \/>\n<meta property=\"og:url\" content=\"https:\/\/www.milanfierehotel.com\/de\/zimmer-und-suiten\/suite\/\" \/>\n<meta property=\"og:site_name\" content=\"Voco Milan Fiere\" \/>\n<meta property=\"article:modified_time\" content=\"2025-03-20T16:58:41+00:00\" \/>\n<meta name=\"twitter:card\" content=\"summary_large_image\" \/>\n<meta name=\"twitter:label1\" content=\"Gesch\u00e4tzte Lesezeit\" \/>\n\t<meta name=\"twitter:data1\" content=\"1 Minute\" \/>\n<script type=\"application\/ld+json\" class=\"yoast-schema-graph\">{\"@context\":\"https:\/\/schema.org\",\"@graph\":[{\"@type\":\"WebPage\",\"@id\":\"https:\/\/www.milanfierehotel.com\/de\/zimmer-und-suiten\/suite\/\",\"url\":\"https:\/\/www.milanfierehotel.com\/de\/zimmer-und-suiten\/suite\/\",\"name\":\"Suite: Kingsize-Bett und Lounge-Zone | voco\u00ae Milan-Fiere\",\"isPartOf\":{\"@id\":\"https:\/\/www.milanfierehotel.com\/de\/#website\"},\"datePublished\":\"2022-06-29T15:00:02+00:00\",\"dateModified\":\"2025-03-20T16:58:41+00:00\",\"description\":\"Lassen Sie sich von der Suite mit Kingsize-Bett und Lounge-Zone verw\u00f6hnen. Ideal f\u00fcr Familien, mit Badewanne-Dusche. Zum Buchen im voco\u00ae Milan-Fiere klicken.\",\"breadcrumb\":{\"@id\":\"https:\/\/www.milanfierehotel.com\/de\/zimmer-und-suiten\/suite\/#breadcrumb\"},\"inLanguage\":\"de-DE\",\"potentialAction\":[{\"@type\":\"ReadAction\",\"target\":[\"https:\/\/www.milanfierehotel.com\/de\/zimmer-und-suiten\/suite\/\"]}]},{\"@type\":\"BreadcrumbList\",\"@id\":\"https:\/\/www.milanfierehotel.com\/de\/zimmer-und-suiten\/suite\/#breadcrumb\",\"itemListElement\":[{\"@type\":\"ListItem\",\"position\":1,\"name\":\"Home\",\"item\":\"https:\/\/www.milanfierehotel.com\/de\/\"},{\"@type\":\"ListItem\",\"position\":2,\"name\":\"Zimmer &amp; Suiten\",\"item\":\"https:\/\/www.milanfierehotel.com\/de\/zimmer-und-suiten\/\"},{\"@type\":\"ListItem\",\"position\":3,\"name\":\"Suite\"}]},{\"@type\":\"WebSite\",\"@id\":\"https:\/\/www.milanfierehotel.com\/de\/#website\",\"url\":\"https:\/\/www.milanfierehotel.com\/de\/\",\"name\":\"Voco Milan Fiere\",\"description\":\"Just another ms.decms.eu site\",\"publisher\":{\"@id\":\"https:\/\/www.milanfierehotel.com\/de\/#organization\"},\"potentialAction\":[{\"@type\":\"SearchAction\",\"target\":{\"@type\":\"EntryPoint\",\"urlTemplate\":\"https:\/\/www.milanfierehotel.com\/de\/?s={search_term_string}\"},\"query-input\":{\"@type\":\"PropertyValueSpecification\",\"valueRequired\":true,\"valueName\":\"search_term_string\"}}],\"inLanguage\":\"de-DE\"},{\"@type\":\"Organization\",\"@id\":\"https:\/\/www.milanfierehotel.com\/de\/#organization\",\"name\":\"Voco Milano Fiere\",\"url\":\"https:\/\/www.milanfierehotel.com\/de\/\",\"logo\":{\"@type\":\"ImageObject\",\"inLanguage\":\"de-DE\",\"@id\":\"https:\/\/www.milanfierehotel.com\/de\/#\/schema\/logo\/image\/\",\"url\":\"https:\/\/www.milanfierehotel.com\/wp-content\/uploads\/sites\/402\/2022\/07\/02-Hotel-Reception-voco-Milan-Fiere.jpg\",\"contentUrl\":\"https:\/\/www.milanfierehotel.com\/wp-content\/uploads\/sites\/402\/2022\/07\/02-Hotel-Reception-voco-Milan-Fiere.jpg\",\"width\":2200,\"height\":1200,\"caption\":\"Voco Milano Fiere\"},\"image\":{\"@id\":\"https:\/\/www.milanfierehotel.com\/de\/#\/schema\/logo\/image\/\"}}]}<\/script>\n<!-- \/ Yoast SEO plugin. -->","yoast_head_json":{"title":"Suite: Kingsize-Bett und Lounge-Zone | voco\u00ae Milan-Fiere","description":"Lassen Sie sich von der Suite mit Kingsize-Bett und Lounge-Zone verw\u00f6hnen. Ideal f\u00fcr Familien, mit Badewanne-Dusche. Zum Buchen im voco\u00ae Milan-Fiere klicken.","robots":{"index":"index","follow":"follow","max-snippet":"max-snippet:-1","max-image-preview":"max-image-preview:large","max-video-preview":"max-video-preview:-1"},"canonical":"https:\/\/www.milanfierehotel.com\/de\/zimmer-und-suiten\/suite\/","og_locale":"de_DE","og_type":"article","og_title":"Suite: Kingsize-Bett und Lounge-Zone | voco\u00ae Milan-Fiere","og_description":"Lassen Sie sich von der Suite mit Kingsize-Bett und Lounge-Zone verw\u00f6hnen. Ideal f\u00fcr Familien, mit Badewanne-Dusche. Zum Buchen im voco\u00ae Milan-Fiere klicken.","og_url":"https:\/\/www.milanfierehotel.com\/de\/zimmer-und-suiten\/suite\/","og_site_name":"Voco Milan Fiere","article_modified_time":"2025-03-20T16:58:41+00:00","twitter_card":"summary_large_image","twitter_misc":{"Gesch\u00e4tzte Lesezeit":"1 Minute"},"schema":{"@context":"https:\/\/schema.org","@graph":[{"@type":"WebPage","@id":"https:\/\/www.milanfierehotel.com\/de\/zimmer-und-suiten\/suite\/","url":"https:\/\/www.milanfierehotel.com\/de\/zimmer-und-suiten\/suite\/","name":"Suite: Kingsize-Bett und Lounge-Zone | voco\u00ae Milan-Fiere","isPartOf":{"@id":"https:\/\/www.milanfierehotel.com\/de\/#website"},"datePublished":"2022-06-29T15:00:02+00:00","dateModified":"2025-03-20T16:58:41+00:00","description":"Lassen Sie sich von der Suite mit Kingsize-Bett und Lounge-Zone verw\u00f6hnen. Ideal f\u00fcr Familien, mit Badewanne-Dusche. Zum Buchen im voco\u00ae Milan-Fiere klicken.","breadcrumb":{"@id":"https:\/\/www.milanfierehotel.com\/de\/zimmer-und-suiten\/suite\/#breadcrumb"},"inLanguage":"de-DE","potentialAction":[{"@type":"ReadAction","target":["https:\/\/www.milanfierehotel.com\/de\/zimmer-und-suiten\/suite\/"]}]},{"@type":"BreadcrumbList","@id":"https:\/\/www.milanfierehotel.com\/de\/zimmer-und-suiten\/suite\/#breadcrumb","itemListElement":[{"@type":"ListItem","position":1,"name":"Home","item":"https:\/\/www.milanfierehotel.com\/de\/"},{"@type":"ListItem","position":2,"name":"Zimmer &amp; Suiten","item":"https:\/\/www.milanfierehotel.com\/de\/zimmer-und-suiten\/"},{"@type":"ListItem","position":3,"name":"Suite"}]},{"@type":"WebSite","@id":"https:\/\/www.milanfierehotel.com\/de\/#website","url":"https:\/\/www.milanfierehotel.com\/de\/","name":"Voco Milan Fiere","description":"Just another ms.decms.eu site","publisher":{"@id":"https:\/\/www.milanfierehotel.com\/de\/#organization"},"potentialAction":[{"@type":"SearchAction","target":{"@type":"EntryPoint","urlTemplate":"https:\/\/www.milanfierehotel.com\/de\/?s={search_term_string}"},"query-input":{"@type":"PropertyValueSpecification","valueRequired":true,"valueName":"search_term_string"}}],"inLanguage":"de-DE"},{"@type":"Organization","@id":"https:\/\/www.milanfierehotel.com\/de\/#organization","name":"Voco Milano Fiere","url":"https:\/\/www.milanfierehotel.com\/de\/","logo":{"@type":"ImageObject","inLanguage":"de-DE","@id":"https:\/\/www.milanfierehotel.com\/de\/#\/schema\/logo\/image\/","url":"https:\/\/www.milanfierehotel.com\/wp-content\/uploads\/sites\/402\/2022\/07\/02-Hotel-Reception-voco-Milan-Fiere.jpg","contentUrl":"https:\/\/www.milanfierehotel.com\/wp-content\/uploads\/sites\/402\/2022\/07\/02-Hotel-Reception-voco-Milan-Fiere.jpg","width":2200,"height":1200,"caption":"Voco Milano Fiere"},"image":{"@id":"https:\/\/www.milanfierehotel.com\/de\/#\/schema\/logo\/image\/"}}]}},"acf":[],"_links":{"self":[{"href":"https:\/\/www.milanfierehotel.com\/de\/wp-json\/wp\/v2\/pages\/473","targetHints":{"allow":["GET"]}}],"collection":[{"href":"https:\/\/www.milanfierehotel.com\/de\/wp-json\/wp\/v2\/pages"}],"about":[{"href":"https:\/\/www.milanfierehotel.com\/de\/wp-json\/wp\/v2\/types\/page"}],"author":[{"embeddable":true,"href":"https:\/\/www.milanfierehotel.com\/de\/wp-json\/wp\/v2\/users\/6"}],"replies":[{"embeddable":true,"href":"https:\/\/www.milanfierehotel.com\/de\/wp-json\/wp\/v2\/comments?post=473"}],"version-history":[{"count":0,"href":"https:\/\/www.milanfierehotel.com\/de\/wp-json\/wp\/v2\/pages\/473\/revisions"}],"up":[{"embeddable":true,"href":"https:\/\/www.milanfierehotel.com\/de\/wp-json\/wp\/v2\/pages\/467"}],"wp:attachment":[{"href":"https:\/\/www.milanfierehotel.com\/de\/wp-json\/wp\/v2\/media?parent=473"}],"curies":[{"name":"wp","href":"https:\/\/api.w.org\/{rel}","templated":true}]}}