{"id":475,"date":"2022-06-29T15:03:17","date_gmt":"2022-06-29T15:03:17","guid":{"rendered":"https:\/\/vocomilanfieredefinitive.ms.decms.eu\/camere-e-suite\/business-suite\/"},"modified":"2025-03-20T17:01:00","modified_gmt":"2025-03-20T17:01:00","slug":"business-suite","status":"publish","type":"page","link":"https:\/\/www.milanfierehotel.com\/de\/zimmer-und-suiten\/business-suite\/","title":{"rendered":"Business Suite"},"content":{"rendered":"<p><span style=\"font-weight: 400\">Sie wurden f\u00fcr unsere Gesch\u00e4ftsreisenden konzipiert und sind <\/span><b>Arbeitsr\u00e4ume f\u00fcr Home Office<\/b><span style=\"font-weight: 400\">, die mit allen m\u00f6glichen <\/span><b>Annehmlichkeiten f\u00fcr <\/b><b><i>Remote Worker<\/i><\/b><span style=\"font-weight: 400\"> ausgestattet sind: schnelle Verbindungen, ein ger\u00e4umiger Schreibtisch, bequeme und ergonomische St\u00fchle f\u00fcr lange Videokonferenzsitzungen und strategische Steckdosen, damit Sie nie auf Ihre Ger\u00e4te Smart verzichten m\u00fcssen. Jede Business Suite ist au\u00dferdem mit einer v\u00f6llig plastikfreien Minibar ausgestattet, bietet einen 24-Stunden-Zimmerservice und verf\u00fcgt \u00fcber ein kleines B\u00fcgeleisen mit B\u00fcgelbrett f\u00fcr diejenigen, die nie auf Eleganz verzichten wollen.<\/span><\/p>\n","protected":false},"excerpt":{"rendered":"<p>Sie wurden f\u00fcr unsere Gesch\u00e4ftsreisenden konzipiert und sind Arbeitsr\u00e4ume f\u00fcr Home Office, die mit allen m\u00f6glichen Annehmlichkeiten f\u00fcr Remote Worker ausgestattet sind: schnelle Verbindungen, ein ger\u00e4umiger Schreibtisch, bequeme und ergonomische St\u00fchle f\u00fcr lange Videokonferenzsitzungen und strategische Steckdosen, damit Sie nie auf Ihre Ger\u00e4te Smart verzichten m\u00fcssen. Jede Business Suite ist au\u00dferdem mit einer v\u00f6llig plastikfreien [&hellip;]<\/p>\n","protected":false},"author":6,"featured_media":0,"parent":467,"menu_order":24,"comment_status":"closed","ping_status":"closed","template":"template-single-room.php","meta":{"footnotes":""},"class_list":["post-475","page","type-page","status-publish","hentry"],"yoast_head":"<!-- This site is optimized with the Yoast SEO plugin v26.9 - https:\/\/yoast.com\/product\/yoast-seo-wordpress\/ -->\n<title>Business-Hotelsuite f\u00fcr Smart Working | voco\u00ae Milan-Fiere<\/title>\n<meta name=\"description\" content=\"Verbringen Sie Ihre Gesch\u00e4ftsreise in einer Business-Suite von voco\u00ae, mit Smart Working-Serviceleistungen. Zum Buchen klicken!\" \/>\n<meta name=\"robots\" content=\"index, follow, max-snippet:-1, max-image-preview:large, max-video-preview:-1\" \/>\n<link rel=\"canonical\" href=\"https:\/\/www.milanfierehotel.com\/de\/zimmer-und-suiten\/business-suite\/\" \/>\n<meta property=\"og:locale\" content=\"de_DE\" \/>\n<meta property=\"og:type\" content=\"article\" \/>\n<meta property=\"og:title\" content=\"Business-Hotelsuite f\u00fcr Smart Working | voco\u00ae Milan-Fiere\" \/>\n<meta property=\"og:description\" content=\"Verbringen Sie Ihre Gesch\u00e4ftsreise in einer Business-Suite von voco\u00ae, mit Smart Working-Serviceleistungen. Zum Buchen klicken!\" \/>\n<meta property=\"og:url\" content=\"https:\/\/www.milanfierehotel.com\/de\/zimmer-und-suiten\/business-suite\/\" \/>\n<meta property=\"og:site_name\" content=\"Voco Milan Fiere\" \/>\n<meta property=\"article:modified_time\" content=\"2025-03-20T17:01:00+00:00\" \/>\n<meta name=\"twitter:card\" content=\"summary_large_image\" \/>\n<meta name=\"twitter:label1\" content=\"Gesch\u00e4tzte Lesezeit\" \/>\n\t<meta name=\"twitter:data1\" content=\"1 Minute\" \/>\n<script type=\"application\/ld+json\" class=\"yoast-schema-graph\">{\"@context\":\"https:\/\/schema.org\",\"@graph\":[{\"@type\":\"WebPage\",\"@id\":\"https:\/\/www.milanfierehotel.com\/de\/zimmer-und-suiten\/business-suite\/\",\"url\":\"https:\/\/www.milanfierehotel.com\/de\/zimmer-und-suiten\/business-suite\/\",\"name\":\"Business-Hotelsuite f\u00fcr Smart Working | voco\u00ae Milan-Fiere\",\"isPartOf\":{\"@id\":\"https:\/\/www.milanfierehotel.com\/de\/#website\"},\"datePublished\":\"2022-06-29T15:03:17+00:00\",\"dateModified\":\"2025-03-20T17:01:00+00:00\",\"description\":\"Verbringen Sie Ihre Gesch\u00e4ftsreise in einer Business-Suite von voco\u00ae, mit Smart Working-Serviceleistungen. Zum Buchen klicken!\",\"breadcrumb\":{\"@id\":\"https:\/\/www.milanfierehotel.com\/de\/zimmer-und-suiten\/business-suite\/#breadcrumb\"},\"inLanguage\":\"de-DE\",\"potentialAction\":[{\"@type\":\"ReadAction\",\"target\":[\"https:\/\/www.milanfierehotel.com\/de\/zimmer-und-suiten\/business-suite\/\"]}]},{\"@type\":\"BreadcrumbList\",\"@id\":\"https:\/\/www.milanfierehotel.com\/de\/zimmer-und-suiten\/business-suite\/#breadcrumb\",\"itemListElement\":[{\"@type\":\"ListItem\",\"position\":1,\"name\":\"Home\",\"item\":\"https:\/\/www.milanfierehotel.com\/de\/\"},{\"@type\":\"ListItem\",\"position\":2,\"name\":\"Zimmer &amp; Suiten\",\"item\":\"https:\/\/www.milanfierehotel.com\/de\/zimmer-und-suiten\/\"},{\"@type\":\"ListItem\",\"position\":3,\"name\":\"Business Suite\"}]},{\"@type\":\"WebSite\",\"@id\":\"https:\/\/www.milanfierehotel.com\/de\/#website\",\"url\":\"https:\/\/www.milanfierehotel.com\/de\/\",\"name\":\"Voco Milan Fiere\",\"description\":\"Just another ms.decms.eu site\",\"publisher\":{\"@id\":\"https:\/\/www.milanfierehotel.com\/de\/#organization\"},\"potentialAction\":[{\"@type\":\"SearchAction\",\"target\":{\"@type\":\"EntryPoint\",\"urlTemplate\":\"https:\/\/www.milanfierehotel.com\/de\/?s={search_term_string}\"},\"query-input\":{\"@type\":\"PropertyValueSpecification\",\"valueRequired\":true,\"valueName\":\"search_term_string\"}}],\"inLanguage\":\"de-DE\"},{\"@type\":\"Organization\",\"@id\":\"https:\/\/www.milanfierehotel.com\/de\/#organization\",\"name\":\"Voco Milano Fiere\",\"url\":\"https:\/\/www.milanfierehotel.com\/de\/\",\"logo\":{\"@type\":\"ImageObject\",\"inLanguage\":\"de-DE\",\"@id\":\"https:\/\/www.milanfierehotel.com\/de\/#\/schema\/logo\/image\/\",\"url\":\"https:\/\/www.milanfierehotel.com\/wp-content\/uploads\/sites\/402\/2022\/07\/02-Hotel-Reception-voco-Milan-Fiere.jpg\",\"contentUrl\":\"https:\/\/www.milanfierehotel.com\/wp-content\/uploads\/sites\/402\/2022\/07\/02-Hotel-Reception-voco-Milan-Fiere.jpg\",\"width\":2200,\"height\":1200,\"caption\":\"Voco Milano Fiere\"},\"image\":{\"@id\":\"https:\/\/www.milanfierehotel.com\/de\/#\/schema\/logo\/image\/\"}}]}<\/script>\n<!-- \/ Yoast SEO plugin. -->","yoast_head_json":{"title":"Business-Hotelsuite f\u00fcr Smart Working | voco\u00ae Milan-Fiere","description":"Verbringen Sie Ihre Gesch\u00e4ftsreise in einer Business-Suite von voco\u00ae, mit Smart Working-Serviceleistungen. Zum Buchen klicken!","robots":{"index":"index","follow":"follow","max-snippet":"max-snippet:-1","max-image-preview":"max-image-preview:large","max-video-preview":"max-video-preview:-1"},"canonical":"https:\/\/www.milanfierehotel.com\/de\/zimmer-und-suiten\/business-suite\/","og_locale":"de_DE","og_type":"article","og_title":"Business-Hotelsuite f\u00fcr Smart Working | voco\u00ae Milan-Fiere","og_description":"Verbringen Sie Ihre Gesch\u00e4ftsreise in einer Business-Suite von voco\u00ae, mit Smart Working-Serviceleistungen. Zum Buchen klicken!","og_url":"https:\/\/www.milanfierehotel.com\/de\/zimmer-und-suiten\/business-suite\/","og_site_name":"Voco Milan Fiere","article_modified_time":"2025-03-20T17:01:00+00:00","twitter_card":"summary_large_image","twitter_misc":{"Gesch\u00e4tzte Lesezeit":"1 Minute"},"schema":{"@context":"https:\/\/schema.org","@graph":[{"@type":"WebPage","@id":"https:\/\/www.milanfierehotel.com\/de\/zimmer-und-suiten\/business-suite\/","url":"https:\/\/www.milanfierehotel.com\/de\/zimmer-und-suiten\/business-suite\/","name":"Business-Hotelsuite f\u00fcr Smart Working | voco\u00ae Milan-Fiere","isPartOf":{"@id":"https:\/\/www.milanfierehotel.com\/de\/#website"},"datePublished":"2022-06-29T15:03:17+00:00","dateModified":"2025-03-20T17:01:00+00:00","description":"Verbringen Sie Ihre Gesch\u00e4ftsreise in einer Business-Suite von voco\u00ae, mit Smart Working-Serviceleistungen. Zum Buchen klicken!","breadcrumb":{"@id":"https:\/\/www.milanfierehotel.com\/de\/zimmer-und-suiten\/business-suite\/#breadcrumb"},"inLanguage":"de-DE","potentialAction":[{"@type":"ReadAction","target":["https:\/\/www.milanfierehotel.com\/de\/zimmer-und-suiten\/business-suite\/"]}]},{"@type":"BreadcrumbList","@id":"https:\/\/www.milanfierehotel.com\/de\/zimmer-und-suiten\/business-suite\/#breadcrumb","itemListElement":[{"@type":"ListItem","position":1,"name":"Home","item":"https:\/\/www.milanfierehotel.com\/de\/"},{"@type":"ListItem","position":2,"name":"Zimmer &amp; Suiten","item":"https:\/\/www.milanfierehotel.com\/de\/zimmer-und-suiten\/"},{"@type":"ListItem","position":3,"name":"Business Suite"}]},{"@type":"WebSite","@id":"https:\/\/www.milanfierehotel.com\/de\/#website","url":"https:\/\/www.milanfierehotel.com\/de\/","name":"Voco Milan Fiere","description":"Just another ms.decms.eu site","publisher":{"@id":"https:\/\/www.milanfierehotel.com\/de\/#organization"},"potentialAction":[{"@type":"SearchAction","target":{"@type":"EntryPoint","urlTemplate":"https:\/\/www.milanfierehotel.com\/de\/?s={search_term_string}"},"query-input":{"@type":"PropertyValueSpecification","valueRequired":true,"valueName":"search_term_string"}}],"inLanguage":"de-DE"},{"@type":"Organization","@id":"https:\/\/www.milanfierehotel.com\/de\/#organization","name":"Voco Milano Fiere","url":"https:\/\/www.milanfierehotel.com\/de\/","logo":{"@type":"ImageObject","inLanguage":"de-DE","@id":"https:\/\/www.milanfierehotel.com\/de\/#\/schema\/logo\/image\/","url":"https:\/\/www.milanfierehotel.com\/wp-content\/uploads\/sites\/402\/2022\/07\/02-Hotel-Reception-voco-Milan-Fiere.jpg","contentUrl":"https:\/\/www.milanfierehotel.com\/wp-content\/uploads\/sites\/402\/2022\/07\/02-Hotel-Reception-voco-Milan-Fiere.jpg","width":2200,"height":1200,"caption":"Voco Milano Fiere"},"image":{"@id":"https:\/\/www.milanfierehotel.com\/de\/#\/schema\/logo\/image\/"}}]}},"acf":[],"_links":{"self":[{"href":"https:\/\/www.milanfierehotel.com\/de\/wp-json\/wp\/v2\/pages\/475","targetHints":{"allow":["GET"]}}],"collection":[{"href":"https:\/\/www.milanfierehotel.com\/de\/wp-json\/wp\/v2\/pages"}],"about":[{"href":"https:\/\/www.milanfierehotel.com\/de\/wp-json\/wp\/v2\/types\/page"}],"author":[{"embeddable":true,"href":"https:\/\/www.milanfierehotel.com\/de\/wp-json\/wp\/v2\/users\/6"}],"replies":[{"embeddable":true,"href":"https:\/\/www.milanfierehotel.com\/de\/wp-json\/wp\/v2\/comments?post=475"}],"version-history":[{"count":0,"href":"https:\/\/www.milanfierehotel.com\/de\/wp-json\/wp\/v2\/pages\/475\/revisions"}],"up":[{"embeddable":true,"href":"https:\/\/www.milanfierehotel.com\/de\/wp-json\/wp\/v2\/pages\/467"}],"wp:attachment":[{"href":"https:\/\/www.milanfierehotel.com\/de\/wp-json\/wp\/v2\/media?parent=475"}],"curies":[{"name":"wp","href":"https:\/\/api.w.org\/{rel}","templated":true}]}}