{"id":477,"date":"2022-06-29T15:05:30","date_gmt":"2022-06-29T15:05:30","guid":{"rendered":"https:\/\/vocomilanfieredefinitive.ms.decms.eu\/camere-e-suite\/camere-accessibili\/"},"modified":"2025-03-20T17:02:31","modified_gmt":"2025-03-20T17:02:31","slug":"zugaengliche-zimmer","status":"publish","type":"page","link":"https:\/\/www.milanfierehotel.com\/de\/zimmer-und-suiten\/zugaengliche-zimmer\/","title":{"rendered":"Zug\u00e4ngliche Zimmer"},"content":{"rendered":"<p><span style=\"font-weight: 400\">Um den Bed\u00fcrfnissen aller unserer Kunden gerecht zu werden, haben wir voco\u00ae Milan-Fiere als <\/span><b>barrierefreies Hotel<\/b><span style=\"font-weight: 400\"> mit behindertengerechten Zimmern konzipiert, die auch f\u00fcr Personen mit eingeschr\u00e4nkter Mobilit\u00e4t zug\u00e4nglich sind. Die <\/span><b>gro\u00dfz\u00fcgigen<\/b><span style=\"font-weight: 400\"> R\u00e4ume bieten viel Bewegungsfreiheit innerhalb des Geb\u00e4udes und der R\u00e4ume. Alle Zimmer, einschlie\u00dflich der Badezimmer, sind so gestaltet, dass sie unseren G\u00e4sten einen v\u00f6llig entspannten Aufenthalt garantieren. <\/span><\/p>\n","protected":false},"excerpt":{"rendered":"<p>Um den Bed\u00fcrfnissen aller unserer Kunden gerecht zu werden, haben wir voco\u00ae Milan-Fiere als barrierefreies Hotel mit behindertengerechten Zimmern konzipiert, die auch f\u00fcr Personen mit eingeschr\u00e4nkter Mobilit\u00e4t zug\u00e4nglich sind. Die gro\u00dfz\u00fcgigen R\u00e4ume bieten viel Bewegungsfreiheit innerhalb des Geb\u00e4udes und der R\u00e4ume. Alle Zimmer, einschlie\u00dflich der Badezimmer, sind so gestaltet, dass sie unseren G\u00e4sten einen v\u00f6llig [&hellip;]<\/p>\n","protected":false},"author":6,"featured_media":404,"parent":467,"menu_order":25,"comment_status":"closed","ping_status":"closed","template":"template-single-room.php","meta":{"footnotes":""},"class_list":["post-477","page","type-page","status-publish","has-post-thumbnail","hentry"],"yoast_head":"<!-- This site is optimized with the Yoast SEO plugin v26.9 - https:\/\/yoast.com\/product\/yoast-seo-wordpress\/ -->\n<title>Barrierefreie Zimmer | voco\u00ae Milan-Fiere<\/title>\n<meta name=\"description\" content=\"Testen Sie die barrierefreien Zimmer von voco\u00ae f\u00fcr einen uneingeschr\u00e4nkten Aufenthalt. Keine Barriere und eigene Serviceleistungen, mit allem Komfort ausgestattet. Zum Buchen klicken.\" \/>\n<meta name=\"robots\" content=\"index, follow, max-snippet:-1, max-image-preview:large, max-video-preview:-1\" \/>\n<link rel=\"canonical\" href=\"https:\/\/www.milanfierehotel.com\/de\/zimmer-und-suiten\/zugaengliche-zimmer\/\" \/>\n<meta property=\"og:locale\" content=\"de_DE\" \/>\n<meta property=\"og:type\" content=\"article\" \/>\n<meta property=\"og:title\" content=\"Barrierefreie Zimmer | voco\u00ae Milan-Fiere\" \/>\n<meta property=\"og:description\" content=\"Testen Sie die barrierefreien Zimmer von voco\u00ae f\u00fcr einen uneingeschr\u00e4nkten Aufenthalt. Keine Barriere und eigene Serviceleistungen, mit allem Komfort ausgestattet. Zum Buchen klicken.\" \/>\n<meta property=\"og:url\" content=\"https:\/\/www.milanfierehotel.com\/de\/zimmer-und-suiten\/zugaengliche-zimmer\/\" \/>\n<meta property=\"og:site_name\" content=\"Voco Milan Fiere\" \/>\n<meta property=\"article:modified_time\" content=\"2025-03-20T17:02:31+00:00\" \/>\n<meta property=\"og:image\" content=\"https:\/\/www.milanfierehotel.com\/wp-content\/uploads\/sites\/402\/2022\/07\/Standard-Room-Accessible-Hotel-voco-Milan-Fiere.jpg\" \/>\n\t<meta property=\"og:image:width\" content=\"2200\" \/>\n\t<meta property=\"og:image:height\" content=\"1200\" \/>\n\t<meta property=\"og:image:type\" content=\"image\/jpeg\" \/>\n<meta name=\"twitter:card\" content=\"summary_large_image\" \/>\n<meta name=\"twitter:label1\" content=\"Gesch\u00e4tzte Lesezeit\" \/>\n\t<meta name=\"twitter:data1\" content=\"1 Minute\" \/>\n<script type=\"application\/ld+json\" class=\"yoast-schema-graph\">{\"@context\":\"https:\/\/schema.org\",\"@graph\":[{\"@type\":\"WebPage\",\"@id\":\"https:\/\/www.milanfierehotel.com\/de\/zimmer-und-suiten\/zugaengliche-zimmer\/\",\"url\":\"https:\/\/www.milanfierehotel.com\/de\/zimmer-und-suiten\/zugaengliche-zimmer\/\",\"name\":\"Barrierefreie Zimmer | voco\u00ae Milan-Fiere\",\"isPartOf\":{\"@id\":\"https:\/\/www.milanfierehotel.com\/de\/#website\"},\"primaryImageOfPage\":{\"@id\":\"https:\/\/www.milanfierehotel.com\/de\/zimmer-und-suiten\/zugaengliche-zimmer\/#primaryimage\"},\"image\":{\"@id\":\"https:\/\/www.milanfierehotel.com\/de\/zimmer-und-suiten\/zugaengliche-zimmer\/#primaryimage\"},\"thumbnailUrl\":\"https:\/\/www.milanfierehotel.com\/wp-content\/uploads\/sites\/402\/2022\/07\/Standard-Room-Accessible-Hotel-voco-Milan-Fiere.jpg\",\"datePublished\":\"2022-06-29T15:05:30+00:00\",\"dateModified\":\"2025-03-20T17:02:31+00:00\",\"description\":\"Testen Sie die barrierefreien Zimmer von voco\u00ae f\u00fcr einen uneingeschr\u00e4nkten Aufenthalt. Keine Barriere und eigene Serviceleistungen, mit allem Komfort ausgestattet. Zum Buchen klicken.\",\"breadcrumb\":{\"@id\":\"https:\/\/www.milanfierehotel.com\/de\/zimmer-und-suiten\/zugaengliche-zimmer\/#breadcrumb\"},\"inLanguage\":\"de-DE\",\"potentialAction\":[{\"@type\":\"ReadAction\",\"target\":[\"https:\/\/www.milanfierehotel.com\/de\/zimmer-und-suiten\/zugaengliche-zimmer\/\"]}]},{\"@type\":\"ImageObject\",\"inLanguage\":\"de-DE\",\"@id\":\"https:\/\/www.milanfierehotel.com\/de\/zimmer-und-suiten\/zugaengliche-zimmer\/#primaryimage\",\"url\":\"https:\/\/www.milanfierehotel.com\/wp-content\/uploads\/sites\/402\/2022\/07\/Standard-Room-Accessible-Hotel-voco-Milan-Fiere.jpg\",\"contentUrl\":\"https:\/\/www.milanfierehotel.com\/wp-content\/uploads\/sites\/402\/2022\/07\/Standard-Room-Accessible-Hotel-voco-Milan-Fiere.jpg\",\"width\":2200,\"height\":1200},{\"@type\":\"BreadcrumbList\",\"@id\":\"https:\/\/www.milanfierehotel.com\/de\/zimmer-und-suiten\/zugaengliche-zimmer\/#breadcrumb\",\"itemListElement\":[{\"@type\":\"ListItem\",\"position\":1,\"name\":\"Home\",\"item\":\"https:\/\/www.milanfierehotel.com\/de\/\"},{\"@type\":\"ListItem\",\"position\":2,\"name\":\"Zimmer &amp; Suiten\",\"item\":\"https:\/\/www.milanfierehotel.com\/de\/zimmer-und-suiten\/\"},{\"@type\":\"ListItem\",\"position\":3,\"name\":\"Zug\u00e4ngliche Zimmer\"}]},{\"@type\":\"WebSite\",\"@id\":\"https:\/\/www.milanfierehotel.com\/de\/#website\",\"url\":\"https:\/\/www.milanfierehotel.com\/de\/\",\"name\":\"Voco Milan Fiere\",\"description\":\"Just another ms.decms.eu site\",\"publisher\":{\"@id\":\"https:\/\/www.milanfierehotel.com\/de\/#organization\"},\"potentialAction\":[{\"@type\":\"SearchAction\",\"target\":{\"@type\":\"EntryPoint\",\"urlTemplate\":\"https:\/\/www.milanfierehotel.com\/de\/?s={search_term_string}\"},\"query-input\":{\"@type\":\"PropertyValueSpecification\",\"valueRequired\":true,\"valueName\":\"search_term_string\"}}],\"inLanguage\":\"de-DE\"},{\"@type\":\"Organization\",\"@id\":\"https:\/\/www.milanfierehotel.com\/de\/#organization\",\"name\":\"Voco Milano Fiere\",\"url\":\"https:\/\/www.milanfierehotel.com\/de\/\",\"logo\":{\"@type\":\"ImageObject\",\"inLanguage\":\"de-DE\",\"@id\":\"https:\/\/www.milanfierehotel.com\/de\/#\/schema\/logo\/image\/\",\"url\":\"https:\/\/www.milanfierehotel.com\/wp-content\/uploads\/sites\/402\/2022\/07\/02-Hotel-Reception-voco-Milan-Fiere.jpg\",\"contentUrl\":\"https:\/\/www.milanfierehotel.com\/wp-content\/uploads\/sites\/402\/2022\/07\/02-Hotel-Reception-voco-Milan-Fiere.jpg\",\"width\":2200,\"height\":1200,\"caption\":\"Voco Milano Fiere\"},\"image\":{\"@id\":\"https:\/\/www.milanfierehotel.com\/de\/#\/schema\/logo\/image\/\"}}]}<\/script>\n<!-- \/ Yoast SEO plugin. -->","yoast_head_json":{"title":"Barrierefreie Zimmer | voco\u00ae Milan-Fiere","description":"Testen Sie die barrierefreien Zimmer von voco\u00ae f\u00fcr einen uneingeschr\u00e4nkten Aufenthalt. Keine Barriere und eigene Serviceleistungen, mit allem Komfort ausgestattet. Zum Buchen klicken.","robots":{"index":"index","follow":"follow","max-snippet":"max-snippet:-1","max-image-preview":"max-image-preview:large","max-video-preview":"max-video-preview:-1"},"canonical":"https:\/\/www.milanfierehotel.com\/de\/zimmer-und-suiten\/zugaengliche-zimmer\/","og_locale":"de_DE","og_type":"article","og_title":"Barrierefreie Zimmer | voco\u00ae Milan-Fiere","og_description":"Testen Sie die barrierefreien Zimmer von voco\u00ae f\u00fcr einen uneingeschr\u00e4nkten Aufenthalt. Keine Barriere und eigene Serviceleistungen, mit allem Komfort ausgestattet. Zum Buchen klicken.","og_url":"https:\/\/www.milanfierehotel.com\/de\/zimmer-und-suiten\/zugaengliche-zimmer\/","og_site_name":"Voco Milan Fiere","article_modified_time":"2025-03-20T17:02:31+00:00","og_image":[{"width":2200,"height":1200,"url":"https:\/\/www.milanfierehotel.com\/wp-content\/uploads\/sites\/402\/2022\/07\/Standard-Room-Accessible-Hotel-voco-Milan-Fiere.jpg","type":"image\/jpeg"}],"twitter_card":"summary_large_image","twitter_misc":{"Gesch\u00e4tzte Lesezeit":"1 Minute"},"schema":{"@context":"https:\/\/schema.org","@graph":[{"@type":"WebPage","@id":"https:\/\/www.milanfierehotel.com\/de\/zimmer-und-suiten\/zugaengliche-zimmer\/","url":"https:\/\/www.milanfierehotel.com\/de\/zimmer-und-suiten\/zugaengliche-zimmer\/","name":"Barrierefreie Zimmer | voco\u00ae Milan-Fiere","isPartOf":{"@id":"https:\/\/www.milanfierehotel.com\/de\/#website"},"primaryImageOfPage":{"@id":"https:\/\/www.milanfierehotel.com\/de\/zimmer-und-suiten\/zugaengliche-zimmer\/#primaryimage"},"image":{"@id":"https:\/\/www.milanfierehotel.com\/de\/zimmer-und-suiten\/zugaengliche-zimmer\/#primaryimage"},"thumbnailUrl":"https:\/\/www.milanfierehotel.com\/wp-content\/uploads\/sites\/402\/2022\/07\/Standard-Room-Accessible-Hotel-voco-Milan-Fiere.jpg","datePublished":"2022-06-29T15:05:30+00:00","dateModified":"2025-03-20T17:02:31+00:00","description":"Testen Sie die barrierefreien Zimmer von voco\u00ae f\u00fcr einen uneingeschr\u00e4nkten Aufenthalt. Keine Barriere und eigene Serviceleistungen, mit allem Komfort ausgestattet. Zum Buchen klicken.","breadcrumb":{"@id":"https:\/\/www.milanfierehotel.com\/de\/zimmer-und-suiten\/zugaengliche-zimmer\/#breadcrumb"},"inLanguage":"de-DE","potentialAction":[{"@type":"ReadAction","target":["https:\/\/www.milanfierehotel.com\/de\/zimmer-und-suiten\/zugaengliche-zimmer\/"]}]},{"@type":"ImageObject","inLanguage":"de-DE","@id":"https:\/\/www.milanfierehotel.com\/de\/zimmer-und-suiten\/zugaengliche-zimmer\/#primaryimage","url":"https:\/\/www.milanfierehotel.com\/wp-content\/uploads\/sites\/402\/2022\/07\/Standard-Room-Accessible-Hotel-voco-Milan-Fiere.jpg","contentUrl":"https:\/\/www.milanfierehotel.com\/wp-content\/uploads\/sites\/402\/2022\/07\/Standard-Room-Accessible-Hotel-voco-Milan-Fiere.jpg","width":2200,"height":1200},{"@type":"BreadcrumbList","@id":"https:\/\/www.milanfierehotel.com\/de\/zimmer-und-suiten\/zugaengliche-zimmer\/#breadcrumb","itemListElement":[{"@type":"ListItem","position":1,"name":"Home","item":"https:\/\/www.milanfierehotel.com\/de\/"},{"@type":"ListItem","position":2,"name":"Zimmer &amp; Suiten","item":"https:\/\/www.milanfierehotel.com\/de\/zimmer-und-suiten\/"},{"@type":"ListItem","position":3,"name":"Zug\u00e4ngliche Zimmer"}]},{"@type":"WebSite","@id":"https:\/\/www.milanfierehotel.com\/de\/#website","url":"https:\/\/www.milanfierehotel.com\/de\/","name":"Voco Milan Fiere","description":"Just another ms.decms.eu site","publisher":{"@id":"https:\/\/www.milanfierehotel.com\/de\/#organization"},"potentialAction":[{"@type":"SearchAction","target":{"@type":"EntryPoint","urlTemplate":"https:\/\/www.milanfierehotel.com\/de\/?s={search_term_string}"},"query-input":{"@type":"PropertyValueSpecification","valueRequired":true,"valueName":"search_term_string"}}],"inLanguage":"de-DE"},{"@type":"Organization","@id":"https:\/\/www.milanfierehotel.com\/de\/#organization","name":"Voco Milano Fiere","url":"https:\/\/www.milanfierehotel.com\/de\/","logo":{"@type":"ImageObject","inLanguage":"de-DE","@id":"https:\/\/www.milanfierehotel.com\/de\/#\/schema\/logo\/image\/","url":"https:\/\/www.milanfierehotel.com\/wp-content\/uploads\/sites\/402\/2022\/07\/02-Hotel-Reception-voco-Milan-Fiere.jpg","contentUrl":"https:\/\/www.milanfierehotel.com\/wp-content\/uploads\/sites\/402\/2022\/07\/02-Hotel-Reception-voco-Milan-Fiere.jpg","width":2200,"height":1200,"caption":"Voco Milano Fiere"},"image":{"@id":"https:\/\/www.milanfierehotel.com\/de\/#\/schema\/logo\/image\/"}}]}},"acf":[],"_links":{"self":[{"href":"https:\/\/www.milanfierehotel.com\/de\/wp-json\/wp\/v2\/pages\/477","targetHints":{"allow":["GET"]}}],"collection":[{"href":"https:\/\/www.milanfierehotel.com\/de\/wp-json\/wp\/v2\/pages"}],"about":[{"href":"https:\/\/www.milanfierehotel.com\/de\/wp-json\/wp\/v2\/types\/page"}],"author":[{"embeddable":true,"href":"https:\/\/www.milanfierehotel.com\/de\/wp-json\/wp\/v2\/users\/6"}],"replies":[{"embeddable":true,"href":"https:\/\/www.milanfierehotel.com\/de\/wp-json\/wp\/v2\/comments?post=477"}],"version-history":[{"count":0,"href":"https:\/\/www.milanfierehotel.com\/de\/wp-json\/wp\/v2\/pages\/477\/revisions"}],"up":[{"embeddable":true,"href":"https:\/\/www.milanfierehotel.com\/de\/wp-json\/wp\/v2\/pages\/467"}],"wp:featuredmedia":[{"embeddable":true,"href":"https:\/\/www.milanfierehotel.com\/de\/wp-json\/wp\/v2\/media\/404"}],"wp:attachment":[{"href":"https:\/\/www.milanfierehotel.com\/de\/wp-json\/wp\/v2\/media?parent=477"}],"curies":[{"name":"wp","href":"https:\/\/api.w.org\/{rel}","templated":true}]}}