{"id":479,"date":"2022-06-29T15:08:42","date_gmt":"2022-06-29T15:08:42","guid":{"rendered":"https:\/\/vocomilanfieredefinitive.ms.decms.eu\/bar-e-ristorante\/"},"modified":"2025-03-20T17:04:53","modified_gmt":"2025-03-20T17:04:53","slug":"bar-und-restaurant","status":"publish","type":"page","link":"https:\/\/www.milanfierehotel.com\/de\/bar-und-restaurant\/","title":{"rendered":"Bar &amp; Restaurant"},"content":{"rendered":"<p><span style=\"font-weight: 400\">Da wir wissen, dass die Arbeit <\/span><i><span style=\"font-weight: 400\">nie aufh\u00f6rt<\/span><\/i><span style=\"font-weight: 400\">, bieten wir unseren G\u00e4sten bei voco\u00ae Milan-Fiere eine breite Palette an Serviceleistungen: Beginnen Sie Ihren Tag mit unserem <\/span><b>k\u00f6stlichen Fr\u00fchst\u00fccksbuffet<\/b><span style=\"font-weight: 400\">, entspannen Sie sich nach der Arbeit bei einem Drink an unserer <\/span><b>Bar mit Gaming Area <\/b><span style=\"font-weight: 400\">Ludico &#8211; Drinks, Food &amp; Play oder genie\u00dfen Sie die letzten Sonnenstrahlen des Tages in unseren Au\u00dfenbereichen. Lassen Sie den Abend bei einem k\u00f6stlichen Abendessen in unserem <\/span><b>OnFire &#8211;<\/b><span style=\"font-weight: 400\"> Grill <\/span><b>and Lounge Restaurant<\/b><span style=\"font-weight: 400\"> mit Show-Cooking-Grill ausklingen und lassen Sie sich von den k\u00f6stlichen Vorschl\u00e4gen unseres K\u00fcchenchefs verw\u00f6hnen.\u00a0<\/span><\/p>\n","protected":false},"excerpt":{"rendered":"<p>Da wir wissen, dass die Arbeit nie aufh\u00f6rt, bieten wir unseren G\u00e4sten bei voco\u00ae Milan-Fiere eine breite Palette an Serviceleistungen: Beginnen Sie Ihren Tag mit unserem k\u00f6stlichen Fr\u00fchst\u00fccksbuffet, entspannen Sie sich nach der Arbeit bei einem Drink an unserer Bar mit Gaming Area Ludico &#8211; Drinks, Food &amp; Play oder genie\u00dfen Sie die letzten Sonnenstrahlen [&hellip;]<\/p>\n","protected":false},"author":6,"featured_media":0,"parent":0,"menu_order":30,"comment_status":"closed","ping_status":"closed","template":"template-restaurants.php","meta":{"footnotes":""},"class_list":["post-479","page","type-page","status-publish","hentry"],"yoast_head":"<!-- This site is optimized with the Yoast SEO plugin v26.9 - https:\/\/yoast.com\/product\/yoast-seo-wordpress\/ -->\n<title>Bar-Restaurant: Fr\u00fchst\u00fcck, Mittagessen, Aperitif, Abendessen | voco\u00ae Milan<\/title>\n<meta name=\"description\" content=\"Bar und Restaurant in Mailand mit Show-Cooking-Grill und Gaming Area. Ideal f\u00fcr Fr\u00fchst\u00fcck, Mittagessen, Aperitif und Abendessen. Entdecken Sie unsere Spezialit\u00e4ten.\" \/>\n<meta name=\"robots\" content=\"index, follow, max-snippet:-1, max-image-preview:large, max-video-preview:-1\" \/>\n<link rel=\"canonical\" href=\"https:\/\/www.milanfierehotel.com\/de\/bar-und-restaurant\/\" \/>\n<meta property=\"og:locale\" content=\"de_DE\" \/>\n<meta property=\"og:type\" content=\"article\" \/>\n<meta property=\"og:title\" content=\"Bar-Restaurant: Fr\u00fchst\u00fcck, Mittagessen, Aperitif, Abendessen | voco\u00ae Milan\" \/>\n<meta property=\"og:description\" content=\"Bar und Restaurant in Mailand mit Show-Cooking-Grill und Gaming Area. Ideal f\u00fcr Fr\u00fchst\u00fcck, Mittagessen, Aperitif und Abendessen. Entdecken Sie unsere Spezialit\u00e4ten.\" \/>\n<meta property=\"og:url\" content=\"https:\/\/www.milanfierehotel.com\/de\/bar-und-restaurant\/\" \/>\n<meta property=\"og:site_name\" content=\"Voco Milan Fiere\" \/>\n<meta property=\"article:modified_time\" content=\"2025-03-20T17:04:53+00:00\" \/>\n<meta name=\"twitter:card\" content=\"summary_large_image\" \/>\n<meta name=\"twitter:label1\" content=\"Gesch\u00e4tzte Lesezeit\" \/>\n\t<meta name=\"twitter:data1\" content=\"1 Minute\" \/>\n<script type=\"application\/ld+json\" class=\"yoast-schema-graph\">{\"@context\":\"https:\/\/schema.org\",\"@graph\":[{\"@type\":\"WebPage\",\"@id\":\"https:\/\/www.milanfierehotel.com\/de\/bar-und-restaurant\/\",\"url\":\"https:\/\/www.milanfierehotel.com\/de\/bar-und-restaurant\/\",\"name\":\"Bar-Restaurant: Fr\u00fchst\u00fcck, Mittagessen, Aperitif, Abendessen | voco\u00ae Milan\",\"isPartOf\":{\"@id\":\"https:\/\/www.milanfierehotel.com\/de\/#website\"},\"datePublished\":\"2022-06-29T15:08:42+00:00\",\"dateModified\":\"2025-03-20T17:04:53+00:00\",\"description\":\"Bar und Restaurant in Mailand mit Show-Cooking-Grill und Gaming Area. Ideal f\u00fcr Fr\u00fchst\u00fcck, Mittagessen, Aperitif und Abendessen. Entdecken Sie unsere Spezialit\u00e4ten.\",\"breadcrumb\":{\"@id\":\"https:\/\/www.milanfierehotel.com\/de\/bar-und-restaurant\/#breadcrumb\"},\"inLanguage\":\"de-DE\",\"potentialAction\":[{\"@type\":\"ReadAction\",\"target\":[\"https:\/\/www.milanfierehotel.com\/de\/bar-und-restaurant\/\"]}]},{\"@type\":\"BreadcrumbList\",\"@id\":\"https:\/\/www.milanfierehotel.com\/de\/bar-und-restaurant\/#breadcrumb\",\"itemListElement\":[{\"@type\":\"ListItem\",\"position\":1,\"name\":\"Home\",\"item\":\"https:\/\/www.milanfierehotel.com\/de\/\"},{\"@type\":\"ListItem\",\"position\":2,\"name\":\"Bar &amp; Restaurant\"}]},{\"@type\":\"WebSite\",\"@id\":\"https:\/\/www.milanfierehotel.com\/de\/#website\",\"url\":\"https:\/\/www.milanfierehotel.com\/de\/\",\"name\":\"Voco Milan Fiere\",\"description\":\"Just another ms.decms.eu site\",\"publisher\":{\"@id\":\"https:\/\/www.milanfierehotel.com\/de\/#organization\"},\"potentialAction\":[{\"@type\":\"SearchAction\",\"target\":{\"@type\":\"EntryPoint\",\"urlTemplate\":\"https:\/\/www.milanfierehotel.com\/de\/?s={search_term_string}\"},\"query-input\":{\"@type\":\"PropertyValueSpecification\",\"valueRequired\":true,\"valueName\":\"search_term_string\"}}],\"inLanguage\":\"de-DE\"},{\"@type\":\"Organization\",\"@id\":\"https:\/\/www.milanfierehotel.com\/de\/#organization\",\"name\":\"Voco Milano Fiere\",\"url\":\"https:\/\/www.milanfierehotel.com\/de\/\",\"logo\":{\"@type\":\"ImageObject\",\"inLanguage\":\"de-DE\",\"@id\":\"https:\/\/www.milanfierehotel.com\/de\/#\/schema\/logo\/image\/\",\"url\":\"https:\/\/www.milanfierehotel.com\/wp-content\/uploads\/sites\/402\/2022\/07\/02-Hotel-Reception-voco-Milan-Fiere.jpg\",\"contentUrl\":\"https:\/\/www.milanfierehotel.com\/wp-content\/uploads\/sites\/402\/2022\/07\/02-Hotel-Reception-voco-Milan-Fiere.jpg\",\"width\":2200,\"height\":1200,\"caption\":\"Voco Milano Fiere\"},\"image\":{\"@id\":\"https:\/\/www.milanfierehotel.com\/de\/#\/schema\/logo\/image\/\"}}]}<\/script>\n<!-- \/ Yoast SEO plugin. -->","yoast_head_json":{"title":"Bar-Restaurant: Fr\u00fchst\u00fcck, Mittagessen, Aperitif, Abendessen | voco\u00ae Milan","description":"Bar und Restaurant in Mailand mit Show-Cooking-Grill und Gaming Area. Ideal f\u00fcr Fr\u00fchst\u00fcck, Mittagessen, Aperitif und Abendessen. Entdecken Sie unsere Spezialit\u00e4ten.","robots":{"index":"index","follow":"follow","max-snippet":"max-snippet:-1","max-image-preview":"max-image-preview:large","max-video-preview":"max-video-preview:-1"},"canonical":"https:\/\/www.milanfierehotel.com\/de\/bar-und-restaurant\/","og_locale":"de_DE","og_type":"article","og_title":"Bar-Restaurant: Fr\u00fchst\u00fcck, Mittagessen, Aperitif, Abendessen | voco\u00ae Milan","og_description":"Bar und Restaurant in Mailand mit Show-Cooking-Grill und Gaming Area. Ideal f\u00fcr Fr\u00fchst\u00fcck, Mittagessen, Aperitif und Abendessen. Entdecken Sie unsere Spezialit\u00e4ten.","og_url":"https:\/\/www.milanfierehotel.com\/de\/bar-und-restaurant\/","og_site_name":"Voco Milan Fiere","article_modified_time":"2025-03-20T17:04:53+00:00","twitter_card":"summary_large_image","twitter_misc":{"Gesch\u00e4tzte Lesezeit":"1 Minute"},"schema":{"@context":"https:\/\/schema.org","@graph":[{"@type":"WebPage","@id":"https:\/\/www.milanfierehotel.com\/de\/bar-und-restaurant\/","url":"https:\/\/www.milanfierehotel.com\/de\/bar-und-restaurant\/","name":"Bar-Restaurant: Fr\u00fchst\u00fcck, Mittagessen, Aperitif, Abendessen | voco\u00ae Milan","isPartOf":{"@id":"https:\/\/www.milanfierehotel.com\/de\/#website"},"datePublished":"2022-06-29T15:08:42+00:00","dateModified":"2025-03-20T17:04:53+00:00","description":"Bar und Restaurant in Mailand mit Show-Cooking-Grill und Gaming Area. Ideal f\u00fcr Fr\u00fchst\u00fcck, Mittagessen, Aperitif und Abendessen. Entdecken Sie unsere Spezialit\u00e4ten.","breadcrumb":{"@id":"https:\/\/www.milanfierehotel.com\/de\/bar-und-restaurant\/#breadcrumb"},"inLanguage":"de-DE","potentialAction":[{"@type":"ReadAction","target":["https:\/\/www.milanfierehotel.com\/de\/bar-und-restaurant\/"]}]},{"@type":"BreadcrumbList","@id":"https:\/\/www.milanfierehotel.com\/de\/bar-und-restaurant\/#breadcrumb","itemListElement":[{"@type":"ListItem","position":1,"name":"Home","item":"https:\/\/www.milanfierehotel.com\/de\/"},{"@type":"ListItem","position":2,"name":"Bar &amp; Restaurant"}]},{"@type":"WebSite","@id":"https:\/\/www.milanfierehotel.com\/de\/#website","url":"https:\/\/www.milanfierehotel.com\/de\/","name":"Voco Milan Fiere","description":"Just another ms.decms.eu site","publisher":{"@id":"https:\/\/www.milanfierehotel.com\/de\/#organization"},"potentialAction":[{"@type":"SearchAction","target":{"@type":"EntryPoint","urlTemplate":"https:\/\/www.milanfierehotel.com\/de\/?s={search_term_string}"},"query-input":{"@type":"PropertyValueSpecification","valueRequired":true,"valueName":"search_term_string"}}],"inLanguage":"de-DE"},{"@type":"Organization","@id":"https:\/\/www.milanfierehotel.com\/de\/#organization","name":"Voco Milano Fiere","url":"https:\/\/www.milanfierehotel.com\/de\/","logo":{"@type":"ImageObject","inLanguage":"de-DE","@id":"https:\/\/www.milanfierehotel.com\/de\/#\/schema\/logo\/image\/","url":"https:\/\/www.milanfierehotel.com\/wp-content\/uploads\/sites\/402\/2022\/07\/02-Hotel-Reception-voco-Milan-Fiere.jpg","contentUrl":"https:\/\/www.milanfierehotel.com\/wp-content\/uploads\/sites\/402\/2022\/07\/02-Hotel-Reception-voco-Milan-Fiere.jpg","width":2200,"height":1200,"caption":"Voco Milano Fiere"},"image":{"@id":"https:\/\/www.milanfierehotel.com\/de\/#\/schema\/logo\/image\/"}}]}},"acf":[],"_links":{"self":[{"href":"https:\/\/www.milanfierehotel.com\/de\/wp-json\/wp\/v2\/pages\/479","targetHints":{"allow":["GET"]}}],"collection":[{"href":"https:\/\/www.milanfierehotel.com\/de\/wp-json\/wp\/v2\/pages"}],"about":[{"href":"https:\/\/www.milanfierehotel.com\/de\/wp-json\/wp\/v2\/types\/page"}],"author":[{"embeddable":true,"href":"https:\/\/www.milanfierehotel.com\/de\/wp-json\/wp\/v2\/users\/6"}],"replies":[{"embeddable":true,"href":"https:\/\/www.milanfierehotel.com\/de\/wp-json\/wp\/v2\/comments?post=479"}],"version-history":[{"count":0,"href":"https:\/\/www.milanfierehotel.com\/de\/wp-json\/wp\/v2\/pages\/479\/revisions"}],"wp:attachment":[{"href":"https:\/\/www.milanfierehotel.com\/de\/wp-json\/wp\/v2\/media?parent=479"}],"curies":[{"name":"wp","href":"https:\/\/api.w.org\/{rel}","templated":true}]}}