{"id":483,"date":"2022-06-29T15:13:20","date_gmt":"2022-06-29T15:13:20","guid":{"rendered":"https:\/\/vocomilanfieredefinitive.ms.decms.eu\/bar-e-ristorante\/ludico-bar-gaming-area\/"},"modified":"2026-02-09T09:57:35","modified_gmt":"2026-02-09T09:57:35","slug":"ludico-bar-gaming-area","status":"publish","type":"page","link":"https:\/\/www.milanfierehotel.com\/de\/bar-und-restaurant\/ludico-bar-gaming-area\/","title":{"rendered":"Ludico Bar &amp; Gaming Area"},"content":{"rendered":"<p><span style=\"font-weight: 400\">Unsere Drinks, <\/span><b>erfahrene Barkeeper<\/b><span style=\"font-weight: 400\">, die immer zu einem Gespr\u00e4ch bereit sind, und ein gro\u00dfer offener Raum mit Gaming Area sind die perfekten Zutaten f\u00fcr einen Abend voller Entspannung nach einem langen Arbeitstag. <\/span><span style=\"font-weight: 400\"><br \/>\n<\/span><span style=\"font-weight: 400\">Entspannen Sie sich an der Bar bei einem guten Americano, einem k\u00fchlen Bier oder einem Glas Wein und genie\u00dfen Sie unsere <\/span><b>Design-Location<\/b><span style=\"font-weight: 400\">, die sich perfekt f\u00fcr einen Plausch mit Freunden oder Kollegen eignet, oder bauen Sie bei einem Spiel in unserer Gaming Area Stress ab.\u00a0\u00a0<\/span><\/p>\n<p><span style=\"font-weight: 400\">Lernen Sie neue Leute kennen und erweitern Sie Ihr Netzwerk: Der Zugang zur Bar ist nicht auf Hotelg\u00e4ste beschr\u00e4nkt. Denn warum sollte man dem Spa\u00df Grenzen setzen?\u00a0<\/span><\/p>\n<p><b>\u00d6ffnungszeiten: <\/b><b><br \/>\n<\/b><span style=\"font-weight: 400\">T\u00e4glich ge\u00f6ffnet von 11 Uhr bis Mitternacht<\/span><\/p>\n","protected":false},"excerpt":{"rendered":"<p>Unsere Drinks, erfahrene Barkeeper, die immer zu einem Gespr\u00e4ch bereit sind, und ein gro\u00dfer offener Raum mit Gaming Area sind die perfekten Zutaten f\u00fcr einen Abend voller Entspannung nach einem langen Arbeitstag. Entspannen Sie sich an der Bar bei einem guten Americano, einem k\u00fchlen Bier oder einem Glas Wein und genie\u00dfen Sie unsere Design-Location, die [&hellip;]<\/p>\n","protected":false},"author":6,"featured_media":0,"parent":479,"menu_order":32,"comment_status":"closed","ping_status":"closed","template":"template-single-restaurant.php","meta":{"footnotes":""},"class_list":["post-483","page","type-page","status-publish","hentry"],"yoast_head":"<!-- This site is optimized with the Yoast SEO plugin v26.9 - https:\/\/yoast.com\/product\/yoast-seo-wordpress\/ -->\n<title>Ludico Bar &amp; Gaming Area: Bar Messe Mailand f\u00fcr Aperitifs<\/title>\n<meta name=\"description\" content=\"Starten Sie mit der Ludico Bar und Gaming Area in Ihren Abend: die ideale coole Designer-Location f\u00fcr Aperitifs und Cocktails mit Freunden und Kollegen.\" \/>\n<meta name=\"robots\" content=\"index, follow, max-snippet:-1, max-image-preview:large, max-video-preview:-1\" \/>\n<link rel=\"canonical\" href=\"https:\/\/www.milanfierehotel.com\/de\/bar-und-restaurant\/ludico-bar-gaming-area\/\" \/>\n<meta property=\"og:locale\" content=\"de_DE\" \/>\n<meta property=\"og:type\" content=\"article\" \/>\n<meta property=\"og:title\" content=\"Ludico Bar &amp; Gaming Area: Bar Messe Mailand f\u00fcr Aperitifs\" \/>\n<meta property=\"og:description\" content=\"Starten Sie mit der Ludico Bar und Gaming Area in Ihren Abend: die ideale coole Designer-Location f\u00fcr Aperitifs und Cocktails mit Freunden und Kollegen.\" \/>\n<meta property=\"og:url\" content=\"https:\/\/www.milanfierehotel.com\/de\/bar-und-restaurant\/ludico-bar-gaming-area\/\" \/>\n<meta property=\"og:site_name\" content=\"Voco Milan Fiere\" \/>\n<meta property=\"article:modified_time\" content=\"2026-02-09T09:57:35+00:00\" \/>\n<meta name=\"twitter:card\" content=\"summary_large_image\" \/>\n<meta name=\"twitter:label1\" content=\"Gesch\u00e4tzte Lesezeit\" \/>\n\t<meta name=\"twitter:data1\" content=\"1 Minute\" \/>\n<script type=\"application\/ld+json\" class=\"yoast-schema-graph\">{\"@context\":\"https:\/\/schema.org\",\"@graph\":[{\"@type\":\"WebPage\",\"@id\":\"https:\/\/www.milanfierehotel.com\/de\/bar-und-restaurant\/ludico-bar-gaming-area\/\",\"url\":\"https:\/\/www.milanfierehotel.com\/de\/bar-und-restaurant\/ludico-bar-gaming-area\/\",\"name\":\"Ludico Bar & Gaming Area: Bar Messe Mailand f\u00fcr Aperitifs\",\"isPartOf\":{\"@id\":\"https:\/\/www.milanfierehotel.com\/de\/#website\"},\"datePublished\":\"2022-06-29T15:13:20+00:00\",\"dateModified\":\"2026-02-09T09:57:35+00:00\",\"description\":\"Starten Sie mit der Ludico Bar und Gaming Area in Ihren Abend: die ideale coole Designer-Location f\u00fcr Aperitifs und Cocktails mit Freunden und Kollegen.\",\"breadcrumb\":{\"@id\":\"https:\/\/www.milanfierehotel.com\/de\/bar-und-restaurant\/ludico-bar-gaming-area\/#breadcrumb\"},\"inLanguage\":\"de-DE\",\"potentialAction\":[{\"@type\":\"ReadAction\",\"target\":[\"https:\/\/www.milanfierehotel.com\/de\/bar-und-restaurant\/ludico-bar-gaming-area\/\"]}]},{\"@type\":\"BreadcrumbList\",\"@id\":\"https:\/\/www.milanfierehotel.com\/de\/bar-und-restaurant\/ludico-bar-gaming-area\/#breadcrumb\",\"itemListElement\":[{\"@type\":\"ListItem\",\"position\":1,\"name\":\"Home\",\"item\":\"https:\/\/www.milanfierehotel.com\/de\/\"},{\"@type\":\"ListItem\",\"position\":2,\"name\":\"Bar &amp; Restaurant\",\"item\":\"https:\/\/www.milanfierehotel.com\/de\/bar-und-restaurant\/\"},{\"@type\":\"ListItem\",\"position\":3,\"name\":\"Ludico Bar &amp; Gaming Area\"}]},{\"@type\":\"WebSite\",\"@id\":\"https:\/\/www.milanfierehotel.com\/de\/#website\",\"url\":\"https:\/\/www.milanfierehotel.com\/de\/\",\"name\":\"Voco Milan Fiere\",\"description\":\"Just another ms.decms.eu site\",\"publisher\":{\"@id\":\"https:\/\/www.milanfierehotel.com\/de\/#organization\"},\"potentialAction\":[{\"@type\":\"SearchAction\",\"target\":{\"@type\":\"EntryPoint\",\"urlTemplate\":\"https:\/\/www.milanfierehotel.com\/de\/?s={search_term_string}\"},\"query-input\":{\"@type\":\"PropertyValueSpecification\",\"valueRequired\":true,\"valueName\":\"search_term_string\"}}],\"inLanguage\":\"de-DE\"},{\"@type\":\"Organization\",\"@id\":\"https:\/\/www.milanfierehotel.com\/de\/#organization\",\"name\":\"Voco Milano Fiere\",\"url\":\"https:\/\/www.milanfierehotel.com\/de\/\",\"logo\":{\"@type\":\"ImageObject\",\"inLanguage\":\"de-DE\",\"@id\":\"https:\/\/www.milanfierehotel.com\/de\/#\/schema\/logo\/image\/\",\"url\":\"https:\/\/www.milanfierehotel.com\/wp-content\/uploads\/sites\/402\/2022\/07\/02-Hotel-Reception-voco-Milan-Fiere.jpg\",\"contentUrl\":\"https:\/\/www.milanfierehotel.com\/wp-content\/uploads\/sites\/402\/2022\/07\/02-Hotel-Reception-voco-Milan-Fiere.jpg\",\"width\":2200,\"height\":1200,\"caption\":\"Voco Milano Fiere\"},\"image\":{\"@id\":\"https:\/\/www.milanfierehotel.com\/de\/#\/schema\/logo\/image\/\"}}]}<\/script>\n<!-- \/ Yoast SEO plugin. -->","yoast_head_json":{"title":"Ludico Bar & Gaming Area: Bar Messe Mailand f\u00fcr Aperitifs","description":"Starten Sie mit der Ludico Bar und Gaming Area in Ihren Abend: die ideale coole Designer-Location f\u00fcr Aperitifs und Cocktails mit Freunden und Kollegen.","robots":{"index":"index","follow":"follow","max-snippet":"max-snippet:-1","max-image-preview":"max-image-preview:large","max-video-preview":"max-video-preview:-1"},"canonical":"https:\/\/www.milanfierehotel.com\/de\/bar-und-restaurant\/ludico-bar-gaming-area\/","og_locale":"de_DE","og_type":"article","og_title":"Ludico Bar & Gaming Area: Bar Messe Mailand f\u00fcr Aperitifs","og_description":"Starten Sie mit der Ludico Bar und Gaming Area in Ihren Abend: die ideale coole Designer-Location f\u00fcr Aperitifs und Cocktails mit Freunden und Kollegen.","og_url":"https:\/\/www.milanfierehotel.com\/de\/bar-und-restaurant\/ludico-bar-gaming-area\/","og_site_name":"Voco Milan Fiere","article_modified_time":"2026-02-09T09:57:35+00:00","twitter_card":"summary_large_image","twitter_misc":{"Gesch\u00e4tzte Lesezeit":"1 Minute"},"schema":{"@context":"https:\/\/schema.org","@graph":[{"@type":"WebPage","@id":"https:\/\/www.milanfierehotel.com\/de\/bar-und-restaurant\/ludico-bar-gaming-area\/","url":"https:\/\/www.milanfierehotel.com\/de\/bar-und-restaurant\/ludico-bar-gaming-area\/","name":"Ludico Bar & Gaming Area: Bar Messe Mailand f\u00fcr Aperitifs","isPartOf":{"@id":"https:\/\/www.milanfierehotel.com\/de\/#website"},"datePublished":"2022-06-29T15:13:20+00:00","dateModified":"2026-02-09T09:57:35+00:00","description":"Starten Sie mit der Ludico Bar und Gaming Area in Ihren Abend: die ideale coole Designer-Location f\u00fcr Aperitifs und Cocktails mit Freunden und Kollegen.","breadcrumb":{"@id":"https:\/\/www.milanfierehotel.com\/de\/bar-und-restaurant\/ludico-bar-gaming-area\/#breadcrumb"},"inLanguage":"de-DE","potentialAction":[{"@type":"ReadAction","target":["https:\/\/www.milanfierehotel.com\/de\/bar-und-restaurant\/ludico-bar-gaming-area\/"]}]},{"@type":"BreadcrumbList","@id":"https:\/\/www.milanfierehotel.com\/de\/bar-und-restaurant\/ludico-bar-gaming-area\/#breadcrumb","itemListElement":[{"@type":"ListItem","position":1,"name":"Home","item":"https:\/\/www.milanfierehotel.com\/de\/"},{"@type":"ListItem","position":2,"name":"Bar &amp; Restaurant","item":"https:\/\/www.milanfierehotel.com\/de\/bar-und-restaurant\/"},{"@type":"ListItem","position":3,"name":"Ludico Bar &amp; Gaming Area"}]},{"@type":"WebSite","@id":"https:\/\/www.milanfierehotel.com\/de\/#website","url":"https:\/\/www.milanfierehotel.com\/de\/","name":"Voco Milan Fiere","description":"Just another ms.decms.eu site","publisher":{"@id":"https:\/\/www.milanfierehotel.com\/de\/#organization"},"potentialAction":[{"@type":"SearchAction","target":{"@type":"EntryPoint","urlTemplate":"https:\/\/www.milanfierehotel.com\/de\/?s={search_term_string}"},"query-input":{"@type":"PropertyValueSpecification","valueRequired":true,"valueName":"search_term_string"}}],"inLanguage":"de-DE"},{"@type":"Organization","@id":"https:\/\/www.milanfierehotel.com\/de\/#organization","name":"Voco Milano Fiere","url":"https:\/\/www.milanfierehotel.com\/de\/","logo":{"@type":"ImageObject","inLanguage":"de-DE","@id":"https:\/\/www.milanfierehotel.com\/de\/#\/schema\/logo\/image\/","url":"https:\/\/www.milanfierehotel.com\/wp-content\/uploads\/sites\/402\/2022\/07\/02-Hotel-Reception-voco-Milan-Fiere.jpg","contentUrl":"https:\/\/www.milanfierehotel.com\/wp-content\/uploads\/sites\/402\/2022\/07\/02-Hotel-Reception-voco-Milan-Fiere.jpg","width":2200,"height":1200,"caption":"Voco Milano Fiere"},"image":{"@id":"https:\/\/www.milanfierehotel.com\/de\/#\/schema\/logo\/image\/"}}]}},"acf":[],"_links":{"self":[{"href":"https:\/\/www.milanfierehotel.com\/de\/wp-json\/wp\/v2\/pages\/483","targetHints":{"allow":["GET"]}}],"collection":[{"href":"https:\/\/www.milanfierehotel.com\/de\/wp-json\/wp\/v2\/pages"}],"about":[{"href":"https:\/\/www.milanfierehotel.com\/de\/wp-json\/wp\/v2\/types\/page"}],"author":[{"embeddable":true,"href":"https:\/\/www.milanfierehotel.com\/de\/wp-json\/wp\/v2\/users\/6"}],"replies":[{"embeddable":true,"href":"https:\/\/www.milanfierehotel.com\/de\/wp-json\/wp\/v2\/comments?post=483"}],"version-history":[{"count":0,"href":"https:\/\/www.milanfierehotel.com\/de\/wp-json\/wp\/v2\/pages\/483\/revisions"}],"up":[{"embeddable":true,"href":"https:\/\/www.milanfierehotel.com\/de\/wp-json\/wp\/v2\/pages\/479"}],"wp:attachment":[{"href":"https:\/\/www.milanfierehotel.com\/de\/wp-json\/wp\/v2\/media?parent=483"}],"curies":[{"name":"wp","href":"https:\/\/api.w.org\/{rel}","templated":true}]}}