{"id":489,"date":"2022-06-29T15:23:36","date_gmt":"2022-06-29T15:23:36","guid":{"rendered":"https:\/\/vocomilanfieredefinitive.ms.decms.eu\/meeting-eventi\/sale-riunioni\/"},"modified":"2025-03-24T09:53:08","modified_gmt":"2025-03-24T09:53:08","slug":"tagungsraeume","status":"publish","type":"page","link":"https:\/\/www.milanfierehotel.com\/de\/meeting-veranstaltungen\/tagungsraeume\/","title":{"rendered":"Tagungsr\u00e4ume"},"content":{"rendered":"<p><span style=\"font-weight: 400\">Unsere <\/span><b>sieben Tagungsr\u00e4ume<\/b><span style=\"font-weight: 400\">, die sich zwischen dem ersten und zweiten Stockwerk befinden, sind so konzipiert, dass sie allen Bed\u00fcrfnissen unserer G\u00e4ste gerecht werden. Sie bieten gro\u00dfz\u00fcgige R\u00e4ume (ideal f\u00fcr verschiedene Aufstellungen) und eine perfekte nat\u00fcrliche Beleuchtung, die jeden Raum luftig und komfortabel macht.\u00a0<\/span><\/p>\n<p><span style=\"font-weight: 400\">Ausgestattet mit W-Lan und spezifischer Ethernet-Leitung, modernster Hi-Tech-Audio- und Videotechnik, bieten sie den Vorteil einer jugendlichen und attraktiven Lage in zentraler Lage, fernab von Stadtverkehr und ZTL-Gebieten, nur zwei Minuten von der Autobahnausfahrt entfernt.<\/span><\/p>\n<p><span style=\"font-weight: 400\">Sie k\u00f6nnen auch unser <\/span><b>Business Center<\/b><span style=\"font-weight: 400\"> mit seinen R\u00e4umlichkeiten und Ausr\u00fcstungen nutzen oder unsere Bar und unser Restaurant <\/span><b>Le Betulle <\/b><span style=\"font-weight: 400\">im ersten Stock des Hotels reservieren, um Ihre Tagung mit einer k\u00f6stlichen Pause abzuschlie\u00dfen.\u00a0<\/span><\/p>\n<p><strong>Neuheit 2025: hochmoderne LED-Wand<\/strong><\/p>\n<p>Unser Kongresszentrum in Mailand wird um eine exklusive technologische Innovation erweitert: <strong>eine hochmoderne LED-Wand in unserem Plenarsaal<\/strong>. Perfekt f\u00fcr <strong>Konferenzen, Firmenveranstaltungen, Pr\u00e4sentationen und Kongresse<\/strong>, bietet sie aus jedem Blickwinkel eine einwandfreie Sicht, gestochen scharfe Bilder und lebendige Farben dank der HDR-Technologie.<\/p>\n","protected":false},"excerpt":{"rendered":"<p>Unsere sieben Tagungsr\u00e4ume, die sich zwischen dem ersten und zweiten Stockwerk befinden, sind so konzipiert, dass sie allen Bed\u00fcrfnissen unserer G\u00e4ste gerecht werden. Sie bieten gro\u00dfz\u00fcgige R\u00e4ume (ideal f\u00fcr verschiedene Aufstellungen) und eine perfekte nat\u00fcrliche Beleuchtung, die jeden Raum luftig und komfortabel macht.\u00a0 Ausgestattet mit W-Lan und spezifischer Ethernet-Leitung, modernster Hi-Tech-Audio- und Videotechnik, bieten sie [&hellip;]<\/p>\n","protected":false},"author":6,"featured_media":0,"parent":487,"menu_order":41,"comment_status":"closed","ping_status":"closed","template":"template-default-3.php","meta":{"footnotes":""},"class_list":["post-489","page","type-page","status-publish","hentry"],"yoast_head":"<!-- This site is optimized with the Yoast SEO plugin v26.9 - https:\/\/yoast.com\/product\/yoast-seo-wordpress\/ -->\n<title>Sitzungs-, Konferenz- und Meetingr\u00e4ume in Mailand | voco\u00ae Milan-Fiere<\/title>\n<meta name=\"description\" content=\"Gro\u00dfe und ausgestattete Sitzungsr\u00e4ume. Ideal f\u00fcr Konferenzen und Meetings in Mailand. Neue LED-Wand und Platz f\u00fcr bis zu 350 Personen. F\u00fcr weitere Informationen klicken.\" \/>\n<meta name=\"robots\" content=\"index, follow, max-snippet:-1, max-image-preview:large, max-video-preview:-1\" \/>\n<link rel=\"canonical\" href=\"https:\/\/www.milanfierehotel.com\/de\/meeting-veranstaltungen\/tagungsraeume\/\" \/>\n<meta property=\"og:locale\" content=\"de_DE\" \/>\n<meta property=\"og:type\" content=\"article\" \/>\n<meta property=\"og:title\" content=\"Sitzungs-, Konferenz- und Meetingr\u00e4ume in Mailand | voco\u00ae Milan-Fiere\" \/>\n<meta property=\"og:description\" content=\"Gro\u00dfe und ausgestattete Sitzungsr\u00e4ume. Ideal f\u00fcr Konferenzen und Meetings in Mailand. Neue LED-Wand und Platz f\u00fcr bis zu 350 Personen. F\u00fcr weitere Informationen klicken.\" \/>\n<meta property=\"og:url\" content=\"https:\/\/www.milanfierehotel.com\/de\/meeting-veranstaltungen\/tagungsraeume\/\" \/>\n<meta property=\"og:site_name\" content=\"Voco Milan Fiere\" \/>\n<meta property=\"article:modified_time\" content=\"2025-03-24T09:53:08+00:00\" \/>\n<meta name=\"twitter:card\" content=\"summary_large_image\" \/>\n<meta name=\"twitter:label1\" content=\"Gesch\u00e4tzte Lesezeit\" \/>\n\t<meta name=\"twitter:data1\" content=\"1 Minute\" \/>\n<script type=\"application\/ld+json\" class=\"yoast-schema-graph\">{\"@context\":\"https:\/\/schema.org\",\"@graph\":[{\"@type\":\"WebPage\",\"@id\":\"https:\/\/www.milanfierehotel.com\/de\/meeting-veranstaltungen\/tagungsraeume\/\",\"url\":\"https:\/\/www.milanfierehotel.com\/de\/meeting-veranstaltungen\/tagungsraeume\/\",\"name\":\"Sitzungs-, Konferenz- und Meetingr\u00e4ume in Mailand | voco\u00ae Milan-Fiere\",\"isPartOf\":{\"@id\":\"https:\/\/www.milanfierehotel.com\/de\/#website\"},\"datePublished\":\"2022-06-29T15:23:36+00:00\",\"dateModified\":\"2025-03-24T09:53:08+00:00\",\"description\":\"Gro\u00dfe und ausgestattete Sitzungsr\u00e4ume. Ideal f\u00fcr Konferenzen und Meetings in Mailand. Neue LED-Wand und Platz f\u00fcr bis zu 350 Personen. F\u00fcr weitere Informationen klicken.\",\"breadcrumb\":{\"@id\":\"https:\/\/www.milanfierehotel.com\/de\/meeting-veranstaltungen\/tagungsraeume\/#breadcrumb\"},\"inLanguage\":\"de-DE\",\"potentialAction\":[{\"@type\":\"ReadAction\",\"target\":[\"https:\/\/www.milanfierehotel.com\/de\/meeting-veranstaltungen\/tagungsraeume\/\"]}]},{\"@type\":\"BreadcrumbList\",\"@id\":\"https:\/\/www.milanfierehotel.com\/de\/meeting-veranstaltungen\/tagungsraeume\/#breadcrumb\",\"itemListElement\":[{\"@type\":\"ListItem\",\"position\":1,\"name\":\"Home\",\"item\":\"https:\/\/www.milanfierehotel.com\/de\/\"},{\"@type\":\"ListItem\",\"position\":2,\"name\":\"Meeting &amp; Veranstaltungen\",\"item\":\"https:\/\/www.milanfierehotel.com\/de\/meeting-veranstaltungen\/\"},{\"@type\":\"ListItem\",\"position\":3,\"name\":\"Tagungsr\u00e4ume\"}]},{\"@type\":\"WebSite\",\"@id\":\"https:\/\/www.milanfierehotel.com\/de\/#website\",\"url\":\"https:\/\/www.milanfierehotel.com\/de\/\",\"name\":\"Voco Milan Fiere\",\"description\":\"Just another ms.decms.eu site\",\"publisher\":{\"@id\":\"https:\/\/www.milanfierehotel.com\/de\/#organization\"},\"potentialAction\":[{\"@type\":\"SearchAction\",\"target\":{\"@type\":\"EntryPoint\",\"urlTemplate\":\"https:\/\/www.milanfierehotel.com\/de\/?s={search_term_string}\"},\"query-input\":{\"@type\":\"PropertyValueSpecification\",\"valueRequired\":true,\"valueName\":\"search_term_string\"}}],\"inLanguage\":\"de-DE\"},{\"@type\":\"Organization\",\"@id\":\"https:\/\/www.milanfierehotel.com\/de\/#organization\",\"name\":\"Voco Milano Fiere\",\"url\":\"https:\/\/www.milanfierehotel.com\/de\/\",\"logo\":{\"@type\":\"ImageObject\",\"inLanguage\":\"de-DE\",\"@id\":\"https:\/\/www.milanfierehotel.com\/de\/#\/schema\/logo\/image\/\",\"url\":\"https:\/\/www.milanfierehotel.com\/wp-content\/uploads\/sites\/402\/2022\/07\/02-Hotel-Reception-voco-Milan-Fiere.jpg\",\"contentUrl\":\"https:\/\/www.milanfierehotel.com\/wp-content\/uploads\/sites\/402\/2022\/07\/02-Hotel-Reception-voco-Milan-Fiere.jpg\",\"width\":2200,\"height\":1200,\"caption\":\"Voco Milano Fiere\"},\"image\":{\"@id\":\"https:\/\/www.milanfierehotel.com\/de\/#\/schema\/logo\/image\/\"}}]}<\/script>\n<!-- \/ Yoast SEO plugin. -->","yoast_head_json":{"title":"Sitzungs-, Konferenz- und Meetingr\u00e4ume in Mailand | voco\u00ae Milan-Fiere","description":"Gro\u00dfe und ausgestattete Sitzungsr\u00e4ume. Ideal f\u00fcr Konferenzen und Meetings in Mailand. Neue LED-Wand und Platz f\u00fcr bis zu 350 Personen. F\u00fcr weitere Informationen klicken.","robots":{"index":"index","follow":"follow","max-snippet":"max-snippet:-1","max-image-preview":"max-image-preview:large","max-video-preview":"max-video-preview:-1"},"canonical":"https:\/\/www.milanfierehotel.com\/de\/meeting-veranstaltungen\/tagungsraeume\/","og_locale":"de_DE","og_type":"article","og_title":"Sitzungs-, Konferenz- und Meetingr\u00e4ume in Mailand | voco\u00ae Milan-Fiere","og_description":"Gro\u00dfe und ausgestattete Sitzungsr\u00e4ume. Ideal f\u00fcr Konferenzen und Meetings in Mailand. Neue LED-Wand und Platz f\u00fcr bis zu 350 Personen. F\u00fcr weitere Informationen klicken.","og_url":"https:\/\/www.milanfierehotel.com\/de\/meeting-veranstaltungen\/tagungsraeume\/","og_site_name":"Voco Milan Fiere","article_modified_time":"2025-03-24T09:53:08+00:00","twitter_card":"summary_large_image","twitter_misc":{"Gesch\u00e4tzte Lesezeit":"1 Minute"},"schema":{"@context":"https:\/\/schema.org","@graph":[{"@type":"WebPage","@id":"https:\/\/www.milanfierehotel.com\/de\/meeting-veranstaltungen\/tagungsraeume\/","url":"https:\/\/www.milanfierehotel.com\/de\/meeting-veranstaltungen\/tagungsraeume\/","name":"Sitzungs-, Konferenz- und Meetingr\u00e4ume in Mailand | voco\u00ae Milan-Fiere","isPartOf":{"@id":"https:\/\/www.milanfierehotel.com\/de\/#website"},"datePublished":"2022-06-29T15:23:36+00:00","dateModified":"2025-03-24T09:53:08+00:00","description":"Gro\u00dfe und ausgestattete Sitzungsr\u00e4ume. Ideal f\u00fcr Konferenzen und Meetings in Mailand. Neue LED-Wand und Platz f\u00fcr bis zu 350 Personen. F\u00fcr weitere Informationen klicken.","breadcrumb":{"@id":"https:\/\/www.milanfierehotel.com\/de\/meeting-veranstaltungen\/tagungsraeume\/#breadcrumb"},"inLanguage":"de-DE","potentialAction":[{"@type":"ReadAction","target":["https:\/\/www.milanfierehotel.com\/de\/meeting-veranstaltungen\/tagungsraeume\/"]}]},{"@type":"BreadcrumbList","@id":"https:\/\/www.milanfierehotel.com\/de\/meeting-veranstaltungen\/tagungsraeume\/#breadcrumb","itemListElement":[{"@type":"ListItem","position":1,"name":"Home","item":"https:\/\/www.milanfierehotel.com\/de\/"},{"@type":"ListItem","position":2,"name":"Meeting &amp; Veranstaltungen","item":"https:\/\/www.milanfierehotel.com\/de\/meeting-veranstaltungen\/"},{"@type":"ListItem","position":3,"name":"Tagungsr\u00e4ume"}]},{"@type":"WebSite","@id":"https:\/\/www.milanfierehotel.com\/de\/#website","url":"https:\/\/www.milanfierehotel.com\/de\/","name":"Voco Milan Fiere","description":"Just another ms.decms.eu site","publisher":{"@id":"https:\/\/www.milanfierehotel.com\/de\/#organization"},"potentialAction":[{"@type":"SearchAction","target":{"@type":"EntryPoint","urlTemplate":"https:\/\/www.milanfierehotel.com\/de\/?s={search_term_string}"},"query-input":{"@type":"PropertyValueSpecification","valueRequired":true,"valueName":"search_term_string"}}],"inLanguage":"de-DE"},{"@type":"Organization","@id":"https:\/\/www.milanfierehotel.com\/de\/#organization","name":"Voco Milano Fiere","url":"https:\/\/www.milanfierehotel.com\/de\/","logo":{"@type":"ImageObject","inLanguage":"de-DE","@id":"https:\/\/www.milanfierehotel.com\/de\/#\/schema\/logo\/image\/","url":"https:\/\/www.milanfierehotel.com\/wp-content\/uploads\/sites\/402\/2022\/07\/02-Hotel-Reception-voco-Milan-Fiere.jpg","contentUrl":"https:\/\/www.milanfierehotel.com\/wp-content\/uploads\/sites\/402\/2022\/07\/02-Hotel-Reception-voco-Milan-Fiere.jpg","width":2200,"height":1200,"caption":"Voco Milano Fiere"},"image":{"@id":"https:\/\/www.milanfierehotel.com\/de\/#\/schema\/logo\/image\/"}}]}},"acf":[],"_links":{"self":[{"href":"https:\/\/www.milanfierehotel.com\/de\/wp-json\/wp\/v2\/pages\/489","targetHints":{"allow":["GET"]}}],"collection":[{"href":"https:\/\/www.milanfierehotel.com\/de\/wp-json\/wp\/v2\/pages"}],"about":[{"href":"https:\/\/www.milanfierehotel.com\/de\/wp-json\/wp\/v2\/types\/page"}],"author":[{"embeddable":true,"href":"https:\/\/www.milanfierehotel.com\/de\/wp-json\/wp\/v2\/users\/6"}],"replies":[{"embeddable":true,"href":"https:\/\/www.milanfierehotel.com\/de\/wp-json\/wp\/v2\/comments?post=489"}],"version-history":[{"count":0,"href":"https:\/\/www.milanfierehotel.com\/de\/wp-json\/wp\/v2\/pages\/489\/revisions"}],"up":[{"embeddable":true,"href":"https:\/\/www.milanfierehotel.com\/de\/wp-json\/wp\/v2\/pages\/487"}],"wp:attachment":[{"href":"https:\/\/www.milanfierehotel.com\/de\/wp-json\/wp\/v2\/media?parent=489"}],"curies":[{"name":"wp","href":"https:\/\/api.w.org\/{rel}","templated":true}]}}