{"id":493,"date":"2022-06-29T15:27:49","date_gmt":"2022-06-29T15:27:49","guid":{"rendered":"https:\/\/vocomilanfieredefinitive.ms.decms.eu\/meeting-eventi\/eventi-ibridi\/"},"modified":"2025-03-20T17:25:37","modified_gmt":"2025-03-20T17:25:37","slug":"hybride-veranstaltungen","status":"publish","type":"page","link":"https:\/\/www.milanfierehotel.com\/de\/meeting-veranstaltungen\/hybride-veranstaltungen\/","title":{"rendered":"Hybride Veranstaltungen"},"content":{"rendered":"<p><span style=\"font-weight: 400\">Mit einem besonderen <\/span><span style=\"font-weight: 400\">Augenmerk auf die neuesten technologischen Innovationen und die Zufriedenheit unserer G\u00e4ste ist voco\u00ae <\/span><span style=\"font-weight: 400\">Milan-fiere der ideale Ort f\u00fcr die Durchf\u00fchrung von <\/span><b>hybriden Veranstaltungen<\/b><span style=\"font-weight: 400\">, d.h. die <\/span><b>Kombination von <\/b><span style=\"font-weight: 400\">\u00a0<\/span><b>pers\u00f6nlichen <\/b><span style=\"font-weight: 400\">und <\/span><b>virtuellen Events<\/b><span style=\"font-weight: 400\">.<\/span><\/p>\n<p><span style=\"font-weight: 400\">Die<\/span><b> gro\u00dfen R\u00e4ume<\/b><span style=\"font-weight: 400\"> mit nat\u00fcrlichem Licht und unsere hochmoderne <\/span><b>Hightech-Ausstattung <\/b><span style=\"font-weight: 400\">machen unsere Einrichtung zu einer echten Erfolgsgarantie f\u00fcr diese Art von Gesch\u00e4ftstreffen&#8220;.<\/span><\/p>\n<p><strong>Neuheit 2025: hochmoderne LED-Wand<\/strong><\/p>\n<p>Unser Engagement f\u00fcr Exzellenz hat sich k\u00fcrzlich mit der Installation einer neuen LED-Wand in unserem Plenarsaal, dem gr\u00f6\u00dften unseres Kongresszentrums, verwirklicht. Diese Investition stellt einen bedeutenden Schritt in die Zukunft immersiver Veranstaltungen dar. Die LED-Wand bietet:<\/p>\n<ul>\n<li><strong>Einen ultrabreiten Betrachtungswinkel von \u00fcber 160\u00b0<\/strong>, der eine optimale Sicht aus jeder Position im Saal gew\u00e4hrleistet;<\/li>\n<li><strong>Eine hohe Bildwiederholfrequenz (3840-7680 Hz)<\/strong>, die fl\u00fcssige und gestochen scharfe Bilder garantiert \u2013 perfekt auch f\u00fcr Live-\u00dcbertragungen;<\/li>\n<li><strong>Eine hochaufl\u00f6sende Graustufenskala von \u00fcber 14 Bit<\/strong>, die eine au\u00dfergew\u00f6hnliche visuelle Tiefe erm\u00f6glicht;<\/li>\n<li><strong>HDR-Unterst\u00fctzung,<\/strong> die f\u00fcr lebendige Farben und realistische Kontraste sorgt;<\/li>\n<li><strong>Eine pr\u00e4zise Farbwiedergabe<\/strong>, ideal f\u00fcr virtuelle Produktionen und beeindruckende Pr\u00e4sentationen.<\/li>\n<\/ul>\n<p><span style=\"font-weight: 400\">Verlassen Sie sich auf die Freundlichkeit und Professionalit\u00e4t unserer Mitarbeiter, \u00fcbertragen Sie Ihre Veranstaltung und bieten Sie Teilnehmern aus der Ferne die M\u00f6glichkeit einer Videokonferenz! Warum sollte man sich durch physische Barrieren oder Entfernungen aufhalten lassen, wenn bei Voco\u00ae Milan-fiere die ganze Welt nur einen Klick entfernt ist? <\/span><\/p>\n","protected":false},"excerpt":{"rendered":"<p>Mit einem besonderen Augenmerk auf die neuesten technologischen Innovationen und die Zufriedenheit unserer G\u00e4ste ist voco\u00ae Milan-fiere der ideale Ort f\u00fcr die Durchf\u00fchrung von hybriden Veranstaltungen, d.h. die Kombination von \u00a0pers\u00f6nlichen und virtuellen Events. Die gro\u00dfen R\u00e4ume mit nat\u00fcrlichem Licht und unsere hochmoderne Hightech-Ausstattung machen unsere Einrichtung zu einer echten Erfolgsgarantie f\u00fcr diese Art von [&hellip;]<\/p>\n","protected":false},"author":6,"featured_media":0,"parent":487,"menu_order":44,"comment_status":"closed","ping_status":"closed","template":"template-default-4.php","meta":{"footnotes":""},"class_list":["post-493","page","type-page","status-publish","hentry"],"yoast_head":"<!-- This site is optimized with the Yoast SEO plugin v26.9 - https:\/\/yoast.com\/product\/yoast-seo-wordpress\/ -->\n<title>Location f\u00fcr Online- und Hybrid-Veranstaltungen | voco\u00ae Milan-Fiere<\/title>\n<meta name=\"description\" content=\"Sie m\u00f6chten Online- und Hybrid-Veranstaltungen organisieren? Testen Sie unsere gro\u00dfe, bestens ausgestattete Hightech-Location. Hier klicken, um mehr \u00fcber die Serviceleistungen von voco\u00ae zu erfahren.\" \/>\n<meta name=\"robots\" content=\"index, follow, max-snippet:-1, max-image-preview:large, max-video-preview:-1\" \/>\n<link rel=\"canonical\" href=\"https:\/\/www.milanfierehotel.com\/de\/meeting-veranstaltungen\/hybride-veranstaltungen\/\" \/>\n<meta property=\"og:locale\" content=\"de_DE\" \/>\n<meta property=\"og:type\" content=\"article\" \/>\n<meta property=\"og:title\" content=\"Location f\u00fcr Online- und Hybrid-Veranstaltungen | voco\u00ae Milan-Fiere\" \/>\n<meta property=\"og:description\" content=\"Sie m\u00f6chten Online- und Hybrid-Veranstaltungen organisieren? Testen Sie unsere gro\u00dfe, bestens ausgestattete Hightech-Location. Hier klicken, um mehr \u00fcber die Serviceleistungen von voco\u00ae zu erfahren.\" \/>\n<meta property=\"og:url\" content=\"https:\/\/www.milanfierehotel.com\/de\/meeting-veranstaltungen\/hybride-veranstaltungen\/\" \/>\n<meta property=\"og:site_name\" content=\"Voco Milan Fiere\" \/>\n<meta property=\"article:modified_time\" content=\"2025-03-20T17:25:37+00:00\" \/>\n<meta name=\"twitter:card\" content=\"summary_large_image\" \/>\n<meta name=\"twitter:label1\" content=\"Gesch\u00e4tzte Lesezeit\" \/>\n\t<meta name=\"twitter:data1\" content=\"2 Minuten\" \/>\n<script type=\"application\/ld+json\" class=\"yoast-schema-graph\">{\"@context\":\"https:\/\/schema.org\",\"@graph\":[{\"@type\":\"WebPage\",\"@id\":\"https:\/\/www.milanfierehotel.com\/de\/meeting-veranstaltungen\/hybride-veranstaltungen\/\",\"url\":\"https:\/\/www.milanfierehotel.com\/de\/meeting-veranstaltungen\/hybride-veranstaltungen\/\",\"name\":\"Location f\u00fcr Online- und Hybrid-Veranstaltungen | voco\u00ae Milan-Fiere\",\"isPartOf\":{\"@id\":\"https:\/\/www.milanfierehotel.com\/de\/#website\"},\"datePublished\":\"2022-06-29T15:27:49+00:00\",\"dateModified\":\"2025-03-20T17:25:37+00:00\",\"description\":\"Sie m\u00f6chten Online- und Hybrid-Veranstaltungen organisieren? Testen Sie unsere gro\u00dfe, bestens ausgestattete Hightech-Location. Hier klicken, um mehr \u00fcber die Serviceleistungen von voco\u00ae zu erfahren.\",\"breadcrumb\":{\"@id\":\"https:\/\/www.milanfierehotel.com\/de\/meeting-veranstaltungen\/hybride-veranstaltungen\/#breadcrumb\"},\"inLanguage\":\"de-DE\",\"potentialAction\":[{\"@type\":\"ReadAction\",\"target\":[\"https:\/\/www.milanfierehotel.com\/de\/meeting-veranstaltungen\/hybride-veranstaltungen\/\"]}]},{\"@type\":\"BreadcrumbList\",\"@id\":\"https:\/\/www.milanfierehotel.com\/de\/meeting-veranstaltungen\/hybride-veranstaltungen\/#breadcrumb\",\"itemListElement\":[{\"@type\":\"ListItem\",\"position\":1,\"name\":\"Home\",\"item\":\"https:\/\/www.milanfierehotel.com\/de\/\"},{\"@type\":\"ListItem\",\"position\":2,\"name\":\"Meeting &amp; Veranstaltungen\",\"item\":\"https:\/\/www.milanfierehotel.com\/de\/meeting-veranstaltungen\/\"},{\"@type\":\"ListItem\",\"position\":3,\"name\":\"Hybride Veranstaltungen\"}]},{\"@type\":\"WebSite\",\"@id\":\"https:\/\/www.milanfierehotel.com\/de\/#website\",\"url\":\"https:\/\/www.milanfierehotel.com\/de\/\",\"name\":\"Voco Milan Fiere\",\"description\":\"Just another ms.decms.eu site\",\"publisher\":{\"@id\":\"https:\/\/www.milanfierehotel.com\/de\/#organization\"},\"potentialAction\":[{\"@type\":\"SearchAction\",\"target\":{\"@type\":\"EntryPoint\",\"urlTemplate\":\"https:\/\/www.milanfierehotel.com\/de\/?s={search_term_string}\"},\"query-input\":{\"@type\":\"PropertyValueSpecification\",\"valueRequired\":true,\"valueName\":\"search_term_string\"}}],\"inLanguage\":\"de-DE\"},{\"@type\":\"Organization\",\"@id\":\"https:\/\/www.milanfierehotel.com\/de\/#organization\",\"name\":\"Voco Milano Fiere\",\"url\":\"https:\/\/www.milanfierehotel.com\/de\/\",\"logo\":{\"@type\":\"ImageObject\",\"inLanguage\":\"de-DE\",\"@id\":\"https:\/\/www.milanfierehotel.com\/de\/#\/schema\/logo\/image\/\",\"url\":\"https:\/\/www.milanfierehotel.com\/wp-content\/uploads\/sites\/402\/2022\/07\/02-Hotel-Reception-voco-Milan-Fiere.jpg\",\"contentUrl\":\"https:\/\/www.milanfierehotel.com\/wp-content\/uploads\/sites\/402\/2022\/07\/02-Hotel-Reception-voco-Milan-Fiere.jpg\",\"width\":2200,\"height\":1200,\"caption\":\"Voco Milano Fiere\"},\"image\":{\"@id\":\"https:\/\/www.milanfierehotel.com\/de\/#\/schema\/logo\/image\/\"}}]}<\/script>\n<!-- \/ Yoast SEO plugin. -->","yoast_head_json":{"title":"Location f\u00fcr Online- und Hybrid-Veranstaltungen | voco\u00ae Milan-Fiere","description":"Sie m\u00f6chten Online- und Hybrid-Veranstaltungen organisieren? Testen Sie unsere gro\u00dfe, bestens ausgestattete Hightech-Location. Hier klicken, um mehr \u00fcber die Serviceleistungen von voco\u00ae zu erfahren.","robots":{"index":"index","follow":"follow","max-snippet":"max-snippet:-1","max-image-preview":"max-image-preview:large","max-video-preview":"max-video-preview:-1"},"canonical":"https:\/\/www.milanfierehotel.com\/de\/meeting-veranstaltungen\/hybride-veranstaltungen\/","og_locale":"de_DE","og_type":"article","og_title":"Location f\u00fcr Online- und Hybrid-Veranstaltungen | voco\u00ae Milan-Fiere","og_description":"Sie m\u00f6chten Online- und Hybrid-Veranstaltungen organisieren? Testen Sie unsere gro\u00dfe, bestens ausgestattete Hightech-Location. Hier klicken, um mehr \u00fcber die Serviceleistungen von voco\u00ae zu erfahren.","og_url":"https:\/\/www.milanfierehotel.com\/de\/meeting-veranstaltungen\/hybride-veranstaltungen\/","og_site_name":"Voco Milan Fiere","article_modified_time":"2025-03-20T17:25:37+00:00","twitter_card":"summary_large_image","twitter_misc":{"Gesch\u00e4tzte Lesezeit":"2 Minuten"},"schema":{"@context":"https:\/\/schema.org","@graph":[{"@type":"WebPage","@id":"https:\/\/www.milanfierehotel.com\/de\/meeting-veranstaltungen\/hybride-veranstaltungen\/","url":"https:\/\/www.milanfierehotel.com\/de\/meeting-veranstaltungen\/hybride-veranstaltungen\/","name":"Location f\u00fcr Online- und Hybrid-Veranstaltungen | voco\u00ae Milan-Fiere","isPartOf":{"@id":"https:\/\/www.milanfierehotel.com\/de\/#website"},"datePublished":"2022-06-29T15:27:49+00:00","dateModified":"2025-03-20T17:25:37+00:00","description":"Sie m\u00f6chten Online- und Hybrid-Veranstaltungen organisieren? Testen Sie unsere gro\u00dfe, bestens ausgestattete Hightech-Location. Hier klicken, um mehr \u00fcber die Serviceleistungen von voco\u00ae zu erfahren.","breadcrumb":{"@id":"https:\/\/www.milanfierehotel.com\/de\/meeting-veranstaltungen\/hybride-veranstaltungen\/#breadcrumb"},"inLanguage":"de-DE","potentialAction":[{"@type":"ReadAction","target":["https:\/\/www.milanfierehotel.com\/de\/meeting-veranstaltungen\/hybride-veranstaltungen\/"]}]},{"@type":"BreadcrumbList","@id":"https:\/\/www.milanfierehotel.com\/de\/meeting-veranstaltungen\/hybride-veranstaltungen\/#breadcrumb","itemListElement":[{"@type":"ListItem","position":1,"name":"Home","item":"https:\/\/www.milanfierehotel.com\/de\/"},{"@type":"ListItem","position":2,"name":"Meeting &amp; Veranstaltungen","item":"https:\/\/www.milanfierehotel.com\/de\/meeting-veranstaltungen\/"},{"@type":"ListItem","position":3,"name":"Hybride Veranstaltungen"}]},{"@type":"WebSite","@id":"https:\/\/www.milanfierehotel.com\/de\/#website","url":"https:\/\/www.milanfierehotel.com\/de\/","name":"Voco Milan Fiere","description":"Just another ms.decms.eu site","publisher":{"@id":"https:\/\/www.milanfierehotel.com\/de\/#organization"},"potentialAction":[{"@type":"SearchAction","target":{"@type":"EntryPoint","urlTemplate":"https:\/\/www.milanfierehotel.com\/de\/?s={search_term_string}"},"query-input":{"@type":"PropertyValueSpecification","valueRequired":true,"valueName":"search_term_string"}}],"inLanguage":"de-DE"},{"@type":"Organization","@id":"https:\/\/www.milanfierehotel.com\/de\/#organization","name":"Voco Milano Fiere","url":"https:\/\/www.milanfierehotel.com\/de\/","logo":{"@type":"ImageObject","inLanguage":"de-DE","@id":"https:\/\/www.milanfierehotel.com\/de\/#\/schema\/logo\/image\/","url":"https:\/\/www.milanfierehotel.com\/wp-content\/uploads\/sites\/402\/2022\/07\/02-Hotel-Reception-voco-Milan-Fiere.jpg","contentUrl":"https:\/\/www.milanfierehotel.com\/wp-content\/uploads\/sites\/402\/2022\/07\/02-Hotel-Reception-voco-Milan-Fiere.jpg","width":2200,"height":1200,"caption":"Voco Milano Fiere"},"image":{"@id":"https:\/\/www.milanfierehotel.com\/de\/#\/schema\/logo\/image\/"}}]}},"acf":[],"_links":{"self":[{"href":"https:\/\/www.milanfierehotel.com\/de\/wp-json\/wp\/v2\/pages\/493","targetHints":{"allow":["GET"]}}],"collection":[{"href":"https:\/\/www.milanfierehotel.com\/de\/wp-json\/wp\/v2\/pages"}],"about":[{"href":"https:\/\/www.milanfierehotel.com\/de\/wp-json\/wp\/v2\/types\/page"}],"author":[{"embeddable":true,"href":"https:\/\/www.milanfierehotel.com\/de\/wp-json\/wp\/v2\/users\/6"}],"replies":[{"embeddable":true,"href":"https:\/\/www.milanfierehotel.com\/de\/wp-json\/wp\/v2\/comments?post=493"}],"version-history":[{"count":0,"href":"https:\/\/www.milanfierehotel.com\/de\/wp-json\/wp\/v2\/pages\/493\/revisions"}],"up":[{"embeddable":true,"href":"https:\/\/www.milanfierehotel.com\/de\/wp-json\/wp\/v2\/pages\/487"}],"wp:attachment":[{"href":"https:\/\/www.milanfierehotel.com\/de\/wp-json\/wp\/v2\/media?parent=493"}],"curies":[{"name":"wp","href":"https:\/\/api.w.org\/{rel}","templated":true}]}}