{"id":499,"date":"2022-07-01T14:06:27","date_gmt":"2022-07-01T14:06:27","guid":{"rendered":"https:\/\/vocomilanfieredefinitive.ms.decms.eu\/benessere-e-divertimento\/area-wellness\/"},"modified":"2023-05-22T08:48:54","modified_gmt":"2023-05-22T08:48:54","slug":"wellness-bereich","status":"publish","type":"page","link":"https:\/\/www.milanfierehotel.com\/de\/wohlbefinden-und-spass\/wellness-bereich\/","title":{"rendered":"Wellness-Bereich"},"content":{"rendered":"<p><span style=\"font-weight: 400\">Was k\u00f6nnte entspannender sein, als nach einem stressigen Arbeitstag in einem <\/span><b>beheizten Pool<\/b><span style=\"font-weight: 400\"> zu schwimmen und durch gro\u00dfe Fenster die n\u00e4chtlichen Lichter von Mailand zu bewundern?\u00a0<\/span><\/p>\n<p><span style=\"font-weight: 400\">Fast nichts, au\u00dfer der einh\u00fcllenden W\u00e4rme eines <\/span><b>t\u00fcrkischen Bades<\/b><span style=\"font-weight: 400\"> und einer angenehmen Massage durch die modularen Wasserd\u00fcsen eines <\/span><b>Whirlpools<\/b><span style=\"font-weight: 400\">.<\/span><span style=\"font-weight: 400\"><br \/>\n<\/span><span style=\"font-weight: 400\"><br \/>\n<\/span><span style=\"font-weight: 400\">Legen Sie sich auf eine der vielen Liegen in unserem <\/span><b>Wellnessbereich<\/b><span style=\"font-weight: 400\"> und genie\u00dfen Sie einen Moment der Entspannung, vielleicht mit einem guten Buch. <\/span><span style=\"font-weight: 400\"><br \/>\n<\/span><span style=\"font-weight: 400\"><br \/>\n<\/span><span style=\"font-weight: 400\">Im voco\u00ae Milan-Fiere finden Sie all das und noch viel mehr: formsch\u00f6ne Designerm\u00f6bel, ein Personal, das auf Ihre W\u00fcnsche eingeht, und das Wissen, dass wir uns jeden Tag darum bem\u00fchen, Ihren Aufenthalt einfach unvergesslich zu machen.<\/span><span style=\"font-weight: 400\"><br \/>\n<\/span><\/p>\n","protected":false},"excerpt":{"rendered":"<p>Was k\u00f6nnte entspannender sein, als nach einem stressigen Arbeitstag in einem beheizten Pool zu schwimmen und durch gro\u00dfe Fenster die n\u00e4chtlichen Lichter von Mailand zu bewundern?\u00a0 Fast nichts, au\u00dfer der einh\u00fcllenden W\u00e4rme eines t\u00fcrkischen Bades und einer angenehmen Massage durch die modularen Wasserd\u00fcsen eines Whirlpools. Legen Sie sich auf eine der vielen Liegen in unserem [&hellip;]<\/p>\n","protected":false},"author":6,"featured_media":0,"parent":497,"menu_order":51,"comment_status":"closed","ping_status":"closed","template":"template-default-4.php","meta":{"footnotes":""},"class_list":["post-499","page","type-page","status-publish","hentry"],"yoast_head":"<!-- This site is optimized with the Yoast SEO plugin v26.9 - https:\/\/yoast.com\/product\/yoast-seo-wordpress\/ -->\n<title>Wellnessbereich: Sauna, Dampfbad, Pool | voco\u00ae Milan-Fiere<\/title>\n<meta name=\"description\" content=\"Testen Sie den Wellnessbereich f\u00fcr einen Aufenthalt im Zeichen von Entspannung. Mit Sauna, Dampfbad und Indoor-Pool ausgestattet. Besuchen Sie die Seite von voco\u00ae Milan-Fiere, um mehr zu erfahren.\" \/>\n<meta name=\"robots\" content=\"index, follow, max-snippet:-1, max-image-preview:large, max-video-preview:-1\" \/>\n<link rel=\"canonical\" href=\"https:\/\/www.milanfierehotel.com\/de\/wohlbefinden-und-spass\/wellness-bereich\/\" \/>\n<meta property=\"og:locale\" content=\"de_DE\" \/>\n<meta property=\"og:type\" content=\"article\" \/>\n<meta property=\"og:title\" content=\"Wellnessbereich: Sauna, Dampfbad, Pool | voco\u00ae Milan-Fiere\" \/>\n<meta property=\"og:description\" content=\"Testen Sie den Wellnessbereich f\u00fcr einen Aufenthalt im Zeichen von Entspannung. Mit Sauna, Dampfbad und Indoor-Pool ausgestattet. Besuchen Sie die Seite von voco\u00ae Milan-Fiere, um mehr zu erfahren.\" \/>\n<meta property=\"og:url\" content=\"https:\/\/www.milanfierehotel.com\/de\/wohlbefinden-und-spass\/wellness-bereich\/\" \/>\n<meta property=\"og:site_name\" content=\"Voco Milan Fiere\" \/>\n<meta property=\"article:modified_time\" content=\"2023-05-22T08:48:54+00:00\" \/>\n<meta name=\"twitter:card\" content=\"summary_large_image\" \/>\n<meta name=\"twitter:label1\" content=\"Gesch\u00e4tzte Lesezeit\" \/>\n\t<meta name=\"twitter:data1\" content=\"1 Minute\" \/>\n<script type=\"application\/ld+json\" class=\"yoast-schema-graph\">{\"@context\":\"https:\/\/schema.org\",\"@graph\":[{\"@type\":\"WebPage\",\"@id\":\"https:\/\/www.milanfierehotel.com\/de\/wohlbefinden-und-spass\/wellness-bereich\/\",\"url\":\"https:\/\/www.milanfierehotel.com\/de\/wohlbefinden-und-spass\/wellness-bereich\/\",\"name\":\"Wellnessbereich: Sauna, Dampfbad, Pool | voco\u00ae Milan-Fiere\",\"isPartOf\":{\"@id\":\"https:\/\/www.milanfierehotel.com\/de\/#website\"},\"datePublished\":\"2022-07-01T14:06:27+00:00\",\"dateModified\":\"2023-05-22T08:48:54+00:00\",\"description\":\"Testen Sie den Wellnessbereich f\u00fcr einen Aufenthalt im Zeichen von Entspannung. Mit Sauna, Dampfbad und Indoor-Pool ausgestattet. Besuchen Sie die Seite von voco\u00ae Milan-Fiere, um mehr zu erfahren.\",\"breadcrumb\":{\"@id\":\"https:\/\/www.milanfierehotel.com\/de\/wohlbefinden-und-spass\/wellness-bereich\/#breadcrumb\"},\"inLanguage\":\"de-DE\",\"potentialAction\":[{\"@type\":\"ReadAction\",\"target\":[\"https:\/\/www.milanfierehotel.com\/de\/wohlbefinden-und-spass\/wellness-bereich\/\"]}]},{\"@type\":\"BreadcrumbList\",\"@id\":\"https:\/\/www.milanfierehotel.com\/de\/wohlbefinden-und-spass\/wellness-bereich\/#breadcrumb\",\"itemListElement\":[{\"@type\":\"ListItem\",\"position\":1,\"name\":\"Home\",\"item\":\"https:\/\/www.milanfierehotel.com\/de\/\"},{\"@type\":\"ListItem\",\"position\":2,\"name\":\"Wohlbefinden &#038; Spass\",\"item\":\"https:\/\/www.milanfierehotel.com\/de\/wohlbefinden-und-spass\/\"},{\"@type\":\"ListItem\",\"position\":3,\"name\":\"Wellness-Bereich\"}]},{\"@type\":\"WebSite\",\"@id\":\"https:\/\/www.milanfierehotel.com\/de\/#website\",\"url\":\"https:\/\/www.milanfierehotel.com\/de\/\",\"name\":\"Voco Milan Fiere\",\"description\":\"Just another ms.decms.eu site\",\"publisher\":{\"@id\":\"https:\/\/www.milanfierehotel.com\/de\/#organization\"},\"potentialAction\":[{\"@type\":\"SearchAction\",\"target\":{\"@type\":\"EntryPoint\",\"urlTemplate\":\"https:\/\/www.milanfierehotel.com\/de\/?s={search_term_string}\"},\"query-input\":{\"@type\":\"PropertyValueSpecification\",\"valueRequired\":true,\"valueName\":\"search_term_string\"}}],\"inLanguage\":\"de-DE\"},{\"@type\":\"Organization\",\"@id\":\"https:\/\/www.milanfierehotel.com\/de\/#organization\",\"name\":\"Voco Milano Fiere\",\"url\":\"https:\/\/www.milanfierehotel.com\/de\/\",\"logo\":{\"@type\":\"ImageObject\",\"inLanguage\":\"de-DE\",\"@id\":\"https:\/\/www.milanfierehotel.com\/de\/#\/schema\/logo\/image\/\",\"url\":\"https:\/\/www.milanfierehotel.com\/wp-content\/uploads\/sites\/402\/2022\/07\/02-Hotel-Reception-voco-Milan-Fiere.jpg\",\"contentUrl\":\"https:\/\/www.milanfierehotel.com\/wp-content\/uploads\/sites\/402\/2022\/07\/02-Hotel-Reception-voco-Milan-Fiere.jpg\",\"width\":2200,\"height\":1200,\"caption\":\"Voco Milano Fiere\"},\"image\":{\"@id\":\"https:\/\/www.milanfierehotel.com\/de\/#\/schema\/logo\/image\/\"}}]}<\/script>\n<!-- \/ Yoast SEO plugin. -->","yoast_head_json":{"title":"Wellnessbereich: Sauna, Dampfbad, Pool | voco\u00ae Milan-Fiere","description":"Testen Sie den Wellnessbereich f\u00fcr einen Aufenthalt im Zeichen von Entspannung. Mit Sauna, Dampfbad und Indoor-Pool ausgestattet. Besuchen Sie die Seite von voco\u00ae Milan-Fiere, um mehr zu erfahren.","robots":{"index":"index","follow":"follow","max-snippet":"max-snippet:-1","max-image-preview":"max-image-preview:large","max-video-preview":"max-video-preview:-1"},"canonical":"https:\/\/www.milanfierehotel.com\/de\/wohlbefinden-und-spass\/wellness-bereich\/","og_locale":"de_DE","og_type":"article","og_title":"Wellnessbereich: Sauna, Dampfbad, Pool | voco\u00ae Milan-Fiere","og_description":"Testen Sie den Wellnessbereich f\u00fcr einen Aufenthalt im Zeichen von Entspannung. Mit Sauna, Dampfbad und Indoor-Pool ausgestattet. Besuchen Sie die Seite von voco\u00ae Milan-Fiere, um mehr zu erfahren.","og_url":"https:\/\/www.milanfierehotel.com\/de\/wohlbefinden-und-spass\/wellness-bereich\/","og_site_name":"Voco Milan Fiere","article_modified_time":"2023-05-22T08:48:54+00:00","twitter_card":"summary_large_image","twitter_misc":{"Gesch\u00e4tzte Lesezeit":"1 Minute"},"schema":{"@context":"https:\/\/schema.org","@graph":[{"@type":"WebPage","@id":"https:\/\/www.milanfierehotel.com\/de\/wohlbefinden-und-spass\/wellness-bereich\/","url":"https:\/\/www.milanfierehotel.com\/de\/wohlbefinden-und-spass\/wellness-bereich\/","name":"Wellnessbereich: Sauna, Dampfbad, Pool | voco\u00ae Milan-Fiere","isPartOf":{"@id":"https:\/\/www.milanfierehotel.com\/de\/#website"},"datePublished":"2022-07-01T14:06:27+00:00","dateModified":"2023-05-22T08:48:54+00:00","description":"Testen Sie den Wellnessbereich f\u00fcr einen Aufenthalt im Zeichen von Entspannung. Mit Sauna, Dampfbad und Indoor-Pool ausgestattet. Besuchen Sie die Seite von voco\u00ae Milan-Fiere, um mehr zu erfahren.","breadcrumb":{"@id":"https:\/\/www.milanfierehotel.com\/de\/wohlbefinden-und-spass\/wellness-bereich\/#breadcrumb"},"inLanguage":"de-DE","potentialAction":[{"@type":"ReadAction","target":["https:\/\/www.milanfierehotel.com\/de\/wohlbefinden-und-spass\/wellness-bereich\/"]}]},{"@type":"BreadcrumbList","@id":"https:\/\/www.milanfierehotel.com\/de\/wohlbefinden-und-spass\/wellness-bereich\/#breadcrumb","itemListElement":[{"@type":"ListItem","position":1,"name":"Home","item":"https:\/\/www.milanfierehotel.com\/de\/"},{"@type":"ListItem","position":2,"name":"Wohlbefinden &#038; Spass","item":"https:\/\/www.milanfierehotel.com\/de\/wohlbefinden-und-spass\/"},{"@type":"ListItem","position":3,"name":"Wellness-Bereich"}]},{"@type":"WebSite","@id":"https:\/\/www.milanfierehotel.com\/de\/#website","url":"https:\/\/www.milanfierehotel.com\/de\/","name":"Voco Milan Fiere","description":"Just another ms.decms.eu site","publisher":{"@id":"https:\/\/www.milanfierehotel.com\/de\/#organization"},"potentialAction":[{"@type":"SearchAction","target":{"@type":"EntryPoint","urlTemplate":"https:\/\/www.milanfierehotel.com\/de\/?s={search_term_string}"},"query-input":{"@type":"PropertyValueSpecification","valueRequired":true,"valueName":"search_term_string"}}],"inLanguage":"de-DE"},{"@type":"Organization","@id":"https:\/\/www.milanfierehotel.com\/de\/#organization","name":"Voco Milano Fiere","url":"https:\/\/www.milanfierehotel.com\/de\/","logo":{"@type":"ImageObject","inLanguage":"de-DE","@id":"https:\/\/www.milanfierehotel.com\/de\/#\/schema\/logo\/image\/","url":"https:\/\/www.milanfierehotel.com\/wp-content\/uploads\/sites\/402\/2022\/07\/02-Hotel-Reception-voco-Milan-Fiere.jpg","contentUrl":"https:\/\/www.milanfierehotel.com\/wp-content\/uploads\/sites\/402\/2022\/07\/02-Hotel-Reception-voco-Milan-Fiere.jpg","width":2200,"height":1200,"caption":"Voco Milano Fiere"},"image":{"@id":"https:\/\/www.milanfierehotel.com\/de\/#\/schema\/logo\/image\/"}}]}},"acf":[],"_links":{"self":[{"href":"https:\/\/www.milanfierehotel.com\/de\/wp-json\/wp\/v2\/pages\/499","targetHints":{"allow":["GET"]}}],"collection":[{"href":"https:\/\/www.milanfierehotel.com\/de\/wp-json\/wp\/v2\/pages"}],"about":[{"href":"https:\/\/www.milanfierehotel.com\/de\/wp-json\/wp\/v2\/types\/page"}],"author":[{"embeddable":true,"href":"https:\/\/www.milanfierehotel.com\/de\/wp-json\/wp\/v2\/users\/6"}],"replies":[{"embeddable":true,"href":"https:\/\/www.milanfierehotel.com\/de\/wp-json\/wp\/v2\/comments?post=499"}],"version-history":[{"count":0,"href":"https:\/\/www.milanfierehotel.com\/de\/wp-json\/wp\/v2\/pages\/499\/revisions"}],"up":[{"embeddable":true,"href":"https:\/\/www.milanfierehotel.com\/de\/wp-json\/wp\/v2\/pages\/497"}],"wp:attachment":[{"href":"https:\/\/www.milanfierehotel.com\/de\/wp-json\/wp\/v2\/media?parent=499"}],"curies":[{"name":"wp","href":"https:\/\/api.w.org\/{rel}","templated":true}]}}