{"id":501,"date":"2022-07-01T14:10:09","date_gmt":"2022-07-01T14:10:09","guid":{"rendered":"https:\/\/vocomilanfieredefinitive.ms.decms.eu\/benessere-e-divertimento\/sala-fitness\/"},"modified":"2023-02-01T14:32:29","modified_gmt":"2023-02-01T14:32:29","slug":"fitnessraum","status":"publish","type":"page","link":"https:\/\/www.milanfierehotel.com\/de\/wohlbefinden-und-spass\/fitnessraum\/","title":{"rendered":"Fitnessraum"},"content":{"rendered":"<p><span style=\"font-weight: 400;\">Im voco\u00ae Milan-Fiere steht Ihnen ein gut ausgestatteter Fitnessraum zur Verf\u00fcgung, in dem Sie trainieren, Ihren K\u00f6rper straffen und sich von langen Arbeitstagen erholen k\u00f6nnen.<\/span><\/p>\n<p><span style=\"font-weight: 400;\">Unser attraktiv gestalteter Fitnessraum ist mit <\/span><b>Technogym-Ger\u00e4ten<\/b><span style=\"font-weight: 400;\"> ausgestattet, die sowohl f\u00fcr <\/span><b>Kardio-<\/b><span style=\"font-weight: 400;\"> als auch f\u00fcr <\/span><b>Kr\u00e4ftigungs\u00fcbungen<\/b><span style=\"font-weight: 400;\"> geeignet sind, und verf\u00fcgt \u00fcber einen komfortablen Umkleideraum mit <\/span><i><span style=\"font-weight: 400;\">Spinden<\/span><\/i><span style=\"font-weight: 400;\">: Warum sollten Sie kostbare Zeit damit verschwenden, auf Ihr Zimmer zur\u00fcckzukehren, wenn Sie sich umziehen, zwischen den Sitzungen mit einem schnellen Workout Spannung abbauen, kurz duschen und in wenigen Minuten wieder aktiv und dynamisch sein k\u00f6nnen?\u00a0<\/span><\/p>\n<p><span style=\"font-weight: 400;\">Pflegen Sie einen gesunden Lebensstil, trainieren Sie und genie\u00dfen Sie ein rundum <\/span><i><span style=\"font-weight: 400;\">fittes<\/span><\/i><span style=\"font-weight: 400;\"> Erlebnis auf der voco\u00ae Milan-Fiere mit der <\/span><b>gesunden K\u00fcche <\/b><span style=\"font-weight: 400;\">unseres Restaurants <\/span><b><a title=\"\" href=\"https:\/\/www.milanfierehotel.com\/de\/bar-und-restaurant\/onfire-restaurant\/\" target=\"\" rel=\"noopener\">OnFire &#8211; Grill and Lounge<\/a>,<\/b><span style=\"font-weight: 400;\">das sich<\/span> <span style=\"font-weight: 400;\">durch das Garen auf offener Flamme auszeichnet, und somit wenig Fett enth\u00e4lt und alle organoleptischen Eigenschaften der Rohstoffe beibeh\u00e4lt.<\/span><\/p>\n","protected":false},"excerpt":{"rendered":"<p>Im voco\u00ae Milan-Fiere steht Ihnen ein gut ausgestatteter Fitnessraum zur Verf\u00fcgung, in dem Sie trainieren, Ihren K\u00f6rper straffen und sich von langen Arbeitstagen erholen k\u00f6nnen. Unser attraktiv gestalteter Fitnessraum ist mit Technogym-Ger\u00e4ten ausgestattet, die sowohl f\u00fcr Kardio- als auch f\u00fcr Kr\u00e4ftigungs\u00fcbungen geeignet sind, und verf\u00fcgt \u00fcber einen komfortablen Umkleideraum mit Spinden: Warum sollten Sie kostbare [&hellip;]<\/p>\n","protected":false},"author":6,"featured_media":0,"parent":497,"menu_order":52,"comment_status":"closed","ping_status":"closed","template":"template-default-4.php","meta":{"footnotes":""},"class_list":["post-501","page","type-page","status-publish","hentry"],"yoast_head":"<!-- This site is optimized with the Yoast SEO plugin v26.9 - https:\/\/yoast.com\/product\/yoast-seo-wordpress\/ -->\n<title>Hotel mit bestens ausgestattetem Fitnessraum | voco\u00ae Milan-Fiere<\/title>\n<meta name=\"description\" content=\"Genie\u00dfen Sie den Aufenthalt in der Stadt, ohne auf Sport zu verzichten. Testen Sie den Fitnessraum mit Ausstattung und Ger\u00e4ten von Technogym. Zum Buchen klicken!\" \/>\n<meta name=\"robots\" content=\"index, follow, max-snippet:-1, max-image-preview:large, max-video-preview:-1\" \/>\n<link rel=\"canonical\" href=\"https:\/\/www.milanfierehotel.com\/de\/wohlbefinden-und-spass\/fitnessraum\/\" \/>\n<meta property=\"og:locale\" content=\"de_DE\" \/>\n<meta property=\"og:type\" content=\"article\" \/>\n<meta property=\"og:title\" content=\"Hotel mit bestens ausgestattetem Fitnessraum | voco\u00ae Milan-Fiere\" \/>\n<meta property=\"og:description\" content=\"Genie\u00dfen Sie den Aufenthalt in der Stadt, ohne auf Sport zu verzichten. Testen Sie den Fitnessraum mit Ausstattung und Ger\u00e4ten von Technogym. Zum Buchen klicken!\" \/>\n<meta property=\"og:url\" content=\"https:\/\/www.milanfierehotel.com\/de\/wohlbefinden-und-spass\/fitnessraum\/\" \/>\n<meta property=\"og:site_name\" content=\"Voco Milan Fiere\" \/>\n<meta property=\"article:modified_time\" content=\"2023-02-01T14:32:29+00:00\" \/>\n<meta name=\"twitter:card\" content=\"summary_large_image\" \/>\n<meta name=\"twitter:label1\" content=\"Gesch\u00e4tzte Lesezeit\" \/>\n\t<meta name=\"twitter:data1\" content=\"1 Minute\" \/>\n<script type=\"application\/ld+json\" class=\"yoast-schema-graph\">{\"@context\":\"https:\/\/schema.org\",\"@graph\":[{\"@type\":\"WebPage\",\"@id\":\"https:\/\/www.milanfierehotel.com\/de\/wohlbefinden-und-spass\/fitnessraum\/\",\"url\":\"https:\/\/www.milanfierehotel.com\/de\/wohlbefinden-und-spass\/fitnessraum\/\",\"name\":\"Hotel mit bestens ausgestattetem Fitnessraum | voco\u00ae Milan-Fiere\",\"isPartOf\":{\"@id\":\"https:\/\/www.milanfierehotel.com\/de\/#website\"},\"datePublished\":\"2022-07-01T14:10:09+00:00\",\"dateModified\":\"2023-02-01T14:32:29+00:00\",\"description\":\"Genie\u00dfen Sie den Aufenthalt in der Stadt, ohne auf Sport zu verzichten. Testen Sie den Fitnessraum mit Ausstattung und Ger\u00e4ten von Technogym. Zum Buchen klicken!\",\"breadcrumb\":{\"@id\":\"https:\/\/www.milanfierehotel.com\/de\/wohlbefinden-und-spass\/fitnessraum\/#breadcrumb\"},\"inLanguage\":\"de-DE\",\"potentialAction\":[{\"@type\":\"ReadAction\",\"target\":[\"https:\/\/www.milanfierehotel.com\/de\/wohlbefinden-und-spass\/fitnessraum\/\"]}]},{\"@type\":\"BreadcrumbList\",\"@id\":\"https:\/\/www.milanfierehotel.com\/de\/wohlbefinden-und-spass\/fitnessraum\/#breadcrumb\",\"itemListElement\":[{\"@type\":\"ListItem\",\"position\":1,\"name\":\"Home\",\"item\":\"https:\/\/www.milanfierehotel.com\/de\/\"},{\"@type\":\"ListItem\",\"position\":2,\"name\":\"Wohlbefinden &#038; Spass\",\"item\":\"https:\/\/www.milanfierehotel.com\/de\/wohlbefinden-und-spass\/\"},{\"@type\":\"ListItem\",\"position\":3,\"name\":\"Fitnessraum\"}]},{\"@type\":\"WebSite\",\"@id\":\"https:\/\/www.milanfierehotel.com\/de\/#website\",\"url\":\"https:\/\/www.milanfierehotel.com\/de\/\",\"name\":\"Voco Milan Fiere\",\"description\":\"Just another ms.decms.eu site\",\"publisher\":{\"@id\":\"https:\/\/www.milanfierehotel.com\/de\/#organization\"},\"potentialAction\":[{\"@type\":\"SearchAction\",\"target\":{\"@type\":\"EntryPoint\",\"urlTemplate\":\"https:\/\/www.milanfierehotel.com\/de\/?s={search_term_string}\"},\"query-input\":{\"@type\":\"PropertyValueSpecification\",\"valueRequired\":true,\"valueName\":\"search_term_string\"}}],\"inLanguage\":\"de-DE\"},{\"@type\":\"Organization\",\"@id\":\"https:\/\/www.milanfierehotel.com\/de\/#organization\",\"name\":\"Voco Milano Fiere\",\"url\":\"https:\/\/www.milanfierehotel.com\/de\/\",\"logo\":{\"@type\":\"ImageObject\",\"inLanguage\":\"de-DE\",\"@id\":\"https:\/\/www.milanfierehotel.com\/de\/#\/schema\/logo\/image\/\",\"url\":\"https:\/\/www.milanfierehotel.com\/wp-content\/uploads\/sites\/402\/2022\/07\/02-Hotel-Reception-voco-Milan-Fiere.jpg\",\"contentUrl\":\"https:\/\/www.milanfierehotel.com\/wp-content\/uploads\/sites\/402\/2022\/07\/02-Hotel-Reception-voco-Milan-Fiere.jpg\",\"width\":2200,\"height\":1200,\"caption\":\"Voco Milano Fiere\"},\"image\":{\"@id\":\"https:\/\/www.milanfierehotel.com\/de\/#\/schema\/logo\/image\/\"}}]}<\/script>\n<!-- \/ Yoast SEO plugin. -->","yoast_head_json":{"title":"Hotel mit bestens ausgestattetem Fitnessraum | voco\u00ae Milan-Fiere","description":"Genie\u00dfen Sie den Aufenthalt in der Stadt, ohne auf Sport zu verzichten. Testen Sie den Fitnessraum mit Ausstattung und Ger\u00e4ten von Technogym. Zum Buchen klicken!","robots":{"index":"index","follow":"follow","max-snippet":"max-snippet:-1","max-image-preview":"max-image-preview:large","max-video-preview":"max-video-preview:-1"},"canonical":"https:\/\/www.milanfierehotel.com\/de\/wohlbefinden-und-spass\/fitnessraum\/","og_locale":"de_DE","og_type":"article","og_title":"Hotel mit bestens ausgestattetem Fitnessraum | voco\u00ae Milan-Fiere","og_description":"Genie\u00dfen Sie den Aufenthalt in der Stadt, ohne auf Sport zu verzichten. Testen Sie den Fitnessraum mit Ausstattung und Ger\u00e4ten von Technogym. Zum Buchen klicken!","og_url":"https:\/\/www.milanfierehotel.com\/de\/wohlbefinden-und-spass\/fitnessraum\/","og_site_name":"Voco Milan Fiere","article_modified_time":"2023-02-01T14:32:29+00:00","twitter_card":"summary_large_image","twitter_misc":{"Gesch\u00e4tzte Lesezeit":"1 Minute"},"schema":{"@context":"https:\/\/schema.org","@graph":[{"@type":"WebPage","@id":"https:\/\/www.milanfierehotel.com\/de\/wohlbefinden-und-spass\/fitnessraum\/","url":"https:\/\/www.milanfierehotel.com\/de\/wohlbefinden-und-spass\/fitnessraum\/","name":"Hotel mit bestens ausgestattetem Fitnessraum | voco\u00ae Milan-Fiere","isPartOf":{"@id":"https:\/\/www.milanfierehotel.com\/de\/#website"},"datePublished":"2022-07-01T14:10:09+00:00","dateModified":"2023-02-01T14:32:29+00:00","description":"Genie\u00dfen Sie den Aufenthalt in der Stadt, ohne auf Sport zu verzichten. Testen Sie den Fitnessraum mit Ausstattung und Ger\u00e4ten von Technogym. Zum Buchen klicken!","breadcrumb":{"@id":"https:\/\/www.milanfierehotel.com\/de\/wohlbefinden-und-spass\/fitnessraum\/#breadcrumb"},"inLanguage":"de-DE","potentialAction":[{"@type":"ReadAction","target":["https:\/\/www.milanfierehotel.com\/de\/wohlbefinden-und-spass\/fitnessraum\/"]}]},{"@type":"BreadcrumbList","@id":"https:\/\/www.milanfierehotel.com\/de\/wohlbefinden-und-spass\/fitnessraum\/#breadcrumb","itemListElement":[{"@type":"ListItem","position":1,"name":"Home","item":"https:\/\/www.milanfierehotel.com\/de\/"},{"@type":"ListItem","position":2,"name":"Wohlbefinden &#038; Spass","item":"https:\/\/www.milanfierehotel.com\/de\/wohlbefinden-und-spass\/"},{"@type":"ListItem","position":3,"name":"Fitnessraum"}]},{"@type":"WebSite","@id":"https:\/\/www.milanfierehotel.com\/de\/#website","url":"https:\/\/www.milanfierehotel.com\/de\/","name":"Voco Milan Fiere","description":"Just another ms.decms.eu site","publisher":{"@id":"https:\/\/www.milanfierehotel.com\/de\/#organization"},"potentialAction":[{"@type":"SearchAction","target":{"@type":"EntryPoint","urlTemplate":"https:\/\/www.milanfierehotel.com\/de\/?s={search_term_string}"},"query-input":{"@type":"PropertyValueSpecification","valueRequired":true,"valueName":"search_term_string"}}],"inLanguage":"de-DE"},{"@type":"Organization","@id":"https:\/\/www.milanfierehotel.com\/de\/#organization","name":"Voco Milano Fiere","url":"https:\/\/www.milanfierehotel.com\/de\/","logo":{"@type":"ImageObject","inLanguage":"de-DE","@id":"https:\/\/www.milanfierehotel.com\/de\/#\/schema\/logo\/image\/","url":"https:\/\/www.milanfierehotel.com\/wp-content\/uploads\/sites\/402\/2022\/07\/02-Hotel-Reception-voco-Milan-Fiere.jpg","contentUrl":"https:\/\/www.milanfierehotel.com\/wp-content\/uploads\/sites\/402\/2022\/07\/02-Hotel-Reception-voco-Milan-Fiere.jpg","width":2200,"height":1200,"caption":"Voco Milano Fiere"},"image":{"@id":"https:\/\/www.milanfierehotel.com\/de\/#\/schema\/logo\/image\/"}}]}},"acf":[],"_links":{"self":[{"href":"https:\/\/www.milanfierehotel.com\/de\/wp-json\/wp\/v2\/pages\/501","targetHints":{"allow":["GET"]}}],"collection":[{"href":"https:\/\/www.milanfierehotel.com\/de\/wp-json\/wp\/v2\/pages"}],"about":[{"href":"https:\/\/www.milanfierehotel.com\/de\/wp-json\/wp\/v2\/types\/page"}],"author":[{"embeddable":true,"href":"https:\/\/www.milanfierehotel.com\/de\/wp-json\/wp\/v2\/users\/6"}],"replies":[{"embeddable":true,"href":"https:\/\/www.milanfierehotel.com\/de\/wp-json\/wp\/v2\/comments?post=501"}],"version-history":[{"count":0,"href":"https:\/\/www.milanfierehotel.com\/de\/wp-json\/wp\/v2\/pages\/501\/revisions"}],"up":[{"embeddable":true,"href":"https:\/\/www.milanfierehotel.com\/de\/wp-json\/wp\/v2\/pages\/497"}],"wp:attachment":[{"href":"https:\/\/www.milanfierehotel.com\/de\/wp-json\/wp\/v2\/media?parent=501"}],"curies":[{"name":"wp","href":"https:\/\/api.w.org\/{rel}","templated":true}]}}