{"id":503,"date":"2022-07-01T14:11:28","date_gmt":"2022-07-01T14:11:28","guid":{"rendered":"https:\/\/vocomilanfieredefinitive.ms.decms.eu\/benessere-e-divertimento\/gaming-area\/"},"modified":"2022-12-06T08:27:00","modified_gmt":"2022-12-06T08:27:00","slug":"gaming-area","status":"publish","type":"page","link":"https:\/\/www.milanfierehotel.com\/de\/wohlbefinden-und-spass\/gaming-area\/","title":{"rendered":"Gaming Area"},"content":{"rendered":"<p><span style=\"font-weight: 400;\">Da wir wissen, wie wichtig es ist, <\/span><b>sich<\/b><span style=\"font-weight: 400;\"> im voco\u00ae Milan-Fiere zu <\/span><b>entspannen<\/b><span style=\"font-weight: 400;\">, haben wir einen echten <\/span><b>Spielbereich <\/b><span style=\"font-weight: 400;\">geschaffen, in dem man die Arbeit vergessen und <\/span><b>Spa\u00df haben<\/b><span style=\"font-weight: 400;\"> kann.<\/span><\/p>\n<p><span style=\"font-weight: 400;\">Verbringen Sie einen Aperitif nach einem langen Arbeitstag oder einen au\u00dfergew\u00f6hnlichen Abend und schl\u00fcrfen Sie einen der Drinks von <\/span><b>unserer <a href=\"https:\/\/www.milanfierehotel.com\/de\/bar-und-restaurant\/ludico-bar-gaming-area\/\" rel=\"noopener\">Bar Ludico &#8211; Drinks, Food &amp; Play <\/a><\/b><span style=\"font-weight: 400;\">w\u00e4hrend Sie Freunde, Kollegen und warum nicht auch andere Hotelg\u00e4ste zu einer spannenden Partie <\/span><b>Tischfu\u00dfball<\/b><span style=\"font-weight: 400;\"> herausfordern. \u00dcben Sie sich im <\/span><b>Billard<\/b><span style=\"font-weight: 400;\"> oder mit unseren <\/span><b>elektronischen Darts, <\/b><span style=\"font-weight: 400;\">am\u00fcsieren Sie sich in unserer <\/span><b>Spielhalle und <\/b><span style=\"font-weight: 400;\">schlie\u00dfen Sie neue Bekanntschaften, um einzigartige Momente der Geselligkeit zu schaffen, indem Sie Ihren sozialen Kreis in unserem Spielbereich erweitern. <\/span><span style=\"font-weight: 400;\"><br \/>\n<\/span><span style=\"font-weight: 400;\"><br \/>\n<\/span><span style=\"font-weight: 400;\">Genie\u00dfen Sie die Einrichtung mit weichen Formen und das Design, bewundern Sie die Aussicht durch die gro\u00dfen Fenster mit Blick auf unsere Gr\u00fcnfl\u00e4chen und wetteifern Sie mit unserem <\/span><b>Star-Trek-Flipper<\/b><span style=\"font-weight: 400;\"> um die h\u00f6chste Punktzahl in der gesamten Galaxie! <\/span><\/p>\n","protected":false},"excerpt":{"rendered":"<p>Da wir wissen, wie wichtig es ist, sich im voco\u00ae Milan-Fiere zu entspannen, haben wir einen echten Spielbereich geschaffen, in dem man die Arbeit vergessen und Spa\u00df haben kann. Verbringen Sie einen Aperitif nach einem langen Arbeitstag oder einen au\u00dfergew\u00f6hnlichen Abend und schl\u00fcrfen Sie einen der Drinks von unserer Bar Ludico &#8211; Drinks, Food &amp; [&hellip;]<\/p>\n","protected":false},"author":6,"featured_media":0,"parent":497,"menu_order":53,"comment_status":"closed","ping_status":"closed","template":"template-default-4.php","meta":{"footnotes":""},"class_list":["post-503","page","type-page","status-publish","hentry"],"yoast_head":"<!-- This site is optimized with the Yoast SEO plugin v26.9 - https:\/\/yoast.com\/product\/yoast-seo-wordpress\/ -->\n<title>Hotel Gaming Area: Billard, Videospiele | voco\u00ae Milan-Fiere<\/title>\n<meta name=\"description\" content=\"Unser Gaming Area ist ideal f\u00fcr Spiel und Spa\u00df mit Familie, Freunden und Kollegen. Der Spielbereich ist mit Billard, Videospielen und Dart ausgestattet. Erfahren Sie mehr!\" \/>\n<meta name=\"robots\" content=\"index, follow, max-snippet:-1, max-image-preview:large, max-video-preview:-1\" \/>\n<link rel=\"canonical\" href=\"https:\/\/www.milanfierehotel.com\/de\/wohlbefinden-und-spass\/gaming-area\/\" \/>\n<meta property=\"og:locale\" content=\"de_DE\" \/>\n<meta property=\"og:type\" content=\"article\" \/>\n<meta property=\"og:title\" content=\"Hotel Gaming Area: Billard, Videospiele | voco\u00ae Milan-Fiere\" \/>\n<meta property=\"og:description\" content=\"Unser Gaming Area ist ideal f\u00fcr Spiel und Spa\u00df mit Familie, Freunden und Kollegen. Der Spielbereich ist mit Billard, Videospielen und Dart ausgestattet. Erfahren Sie mehr!\" \/>\n<meta property=\"og:url\" content=\"https:\/\/www.milanfierehotel.com\/de\/wohlbefinden-und-spass\/gaming-area\/\" \/>\n<meta property=\"og:site_name\" content=\"Voco Milan Fiere\" \/>\n<meta property=\"article:modified_time\" content=\"2022-12-06T08:27:00+00:00\" \/>\n<meta name=\"twitter:card\" content=\"summary_large_image\" \/>\n<meta name=\"twitter:label1\" content=\"Gesch\u00e4tzte Lesezeit\" \/>\n\t<meta name=\"twitter:data1\" content=\"1 Minute\" \/>\n<script type=\"application\/ld+json\" class=\"yoast-schema-graph\">{\"@context\":\"https:\/\/schema.org\",\"@graph\":[{\"@type\":\"WebPage\",\"@id\":\"https:\/\/www.milanfierehotel.com\/de\/wohlbefinden-und-spass\/gaming-area\/\",\"url\":\"https:\/\/www.milanfierehotel.com\/de\/wohlbefinden-und-spass\/gaming-area\/\",\"name\":\"Hotel Gaming Area: Billard, Videospiele | voco\u00ae Milan-Fiere\",\"isPartOf\":{\"@id\":\"https:\/\/www.milanfierehotel.com\/de\/#website\"},\"datePublished\":\"2022-07-01T14:11:28+00:00\",\"dateModified\":\"2022-12-06T08:27:00+00:00\",\"description\":\"Unser Gaming Area ist ideal f\u00fcr Spiel und Spa\u00df mit Familie, Freunden und Kollegen. Der Spielbereich ist mit Billard, Videospielen und Dart ausgestattet. Erfahren Sie mehr!\",\"breadcrumb\":{\"@id\":\"https:\/\/www.milanfierehotel.com\/de\/wohlbefinden-und-spass\/gaming-area\/#breadcrumb\"},\"inLanguage\":\"de-DE\",\"potentialAction\":[{\"@type\":\"ReadAction\",\"target\":[\"https:\/\/www.milanfierehotel.com\/de\/wohlbefinden-und-spass\/gaming-area\/\"]}]},{\"@type\":\"BreadcrumbList\",\"@id\":\"https:\/\/www.milanfierehotel.com\/de\/wohlbefinden-und-spass\/gaming-area\/#breadcrumb\",\"itemListElement\":[{\"@type\":\"ListItem\",\"position\":1,\"name\":\"Home\",\"item\":\"https:\/\/www.milanfierehotel.com\/de\/\"},{\"@type\":\"ListItem\",\"position\":2,\"name\":\"Wohlbefinden &#038; Spass\",\"item\":\"https:\/\/www.milanfierehotel.com\/de\/wohlbefinden-und-spass\/\"},{\"@type\":\"ListItem\",\"position\":3,\"name\":\"Gaming Area\"}]},{\"@type\":\"WebSite\",\"@id\":\"https:\/\/www.milanfierehotel.com\/de\/#website\",\"url\":\"https:\/\/www.milanfierehotel.com\/de\/\",\"name\":\"Voco Milan Fiere\",\"description\":\"Just another ms.decms.eu site\",\"publisher\":{\"@id\":\"https:\/\/www.milanfierehotel.com\/de\/#organization\"},\"potentialAction\":[{\"@type\":\"SearchAction\",\"target\":{\"@type\":\"EntryPoint\",\"urlTemplate\":\"https:\/\/www.milanfierehotel.com\/de\/?s={search_term_string}\"},\"query-input\":{\"@type\":\"PropertyValueSpecification\",\"valueRequired\":true,\"valueName\":\"search_term_string\"}}],\"inLanguage\":\"de-DE\"},{\"@type\":\"Organization\",\"@id\":\"https:\/\/www.milanfierehotel.com\/de\/#organization\",\"name\":\"Voco Milano Fiere\",\"url\":\"https:\/\/www.milanfierehotel.com\/de\/\",\"logo\":{\"@type\":\"ImageObject\",\"inLanguage\":\"de-DE\",\"@id\":\"https:\/\/www.milanfierehotel.com\/de\/#\/schema\/logo\/image\/\",\"url\":\"https:\/\/www.milanfierehotel.com\/wp-content\/uploads\/sites\/402\/2022\/07\/02-Hotel-Reception-voco-Milan-Fiere.jpg\",\"contentUrl\":\"https:\/\/www.milanfierehotel.com\/wp-content\/uploads\/sites\/402\/2022\/07\/02-Hotel-Reception-voco-Milan-Fiere.jpg\",\"width\":2200,\"height\":1200,\"caption\":\"Voco Milano Fiere\"},\"image\":{\"@id\":\"https:\/\/www.milanfierehotel.com\/de\/#\/schema\/logo\/image\/\"}}]}<\/script>\n<!-- \/ Yoast SEO plugin. -->","yoast_head_json":{"title":"Hotel Gaming Area: Billard, Videospiele | voco\u00ae Milan-Fiere","description":"Unser Gaming Area ist ideal f\u00fcr Spiel und Spa\u00df mit Familie, Freunden und Kollegen. Der Spielbereich ist mit Billard, Videospielen und Dart ausgestattet. Erfahren Sie mehr!","robots":{"index":"index","follow":"follow","max-snippet":"max-snippet:-1","max-image-preview":"max-image-preview:large","max-video-preview":"max-video-preview:-1"},"canonical":"https:\/\/www.milanfierehotel.com\/de\/wohlbefinden-und-spass\/gaming-area\/","og_locale":"de_DE","og_type":"article","og_title":"Hotel Gaming Area: Billard, Videospiele | voco\u00ae Milan-Fiere","og_description":"Unser Gaming Area ist ideal f\u00fcr Spiel und Spa\u00df mit Familie, Freunden und Kollegen. Der Spielbereich ist mit Billard, Videospielen und Dart ausgestattet. Erfahren Sie mehr!","og_url":"https:\/\/www.milanfierehotel.com\/de\/wohlbefinden-und-spass\/gaming-area\/","og_site_name":"Voco Milan Fiere","article_modified_time":"2022-12-06T08:27:00+00:00","twitter_card":"summary_large_image","twitter_misc":{"Gesch\u00e4tzte Lesezeit":"1 Minute"},"schema":{"@context":"https:\/\/schema.org","@graph":[{"@type":"WebPage","@id":"https:\/\/www.milanfierehotel.com\/de\/wohlbefinden-und-spass\/gaming-area\/","url":"https:\/\/www.milanfierehotel.com\/de\/wohlbefinden-und-spass\/gaming-area\/","name":"Hotel Gaming Area: Billard, Videospiele | voco\u00ae Milan-Fiere","isPartOf":{"@id":"https:\/\/www.milanfierehotel.com\/de\/#website"},"datePublished":"2022-07-01T14:11:28+00:00","dateModified":"2022-12-06T08:27:00+00:00","description":"Unser Gaming Area ist ideal f\u00fcr Spiel und Spa\u00df mit Familie, Freunden und Kollegen. Der Spielbereich ist mit Billard, Videospielen und Dart ausgestattet. Erfahren Sie mehr!","breadcrumb":{"@id":"https:\/\/www.milanfierehotel.com\/de\/wohlbefinden-und-spass\/gaming-area\/#breadcrumb"},"inLanguage":"de-DE","potentialAction":[{"@type":"ReadAction","target":["https:\/\/www.milanfierehotel.com\/de\/wohlbefinden-und-spass\/gaming-area\/"]}]},{"@type":"BreadcrumbList","@id":"https:\/\/www.milanfierehotel.com\/de\/wohlbefinden-und-spass\/gaming-area\/#breadcrumb","itemListElement":[{"@type":"ListItem","position":1,"name":"Home","item":"https:\/\/www.milanfierehotel.com\/de\/"},{"@type":"ListItem","position":2,"name":"Wohlbefinden &#038; Spass","item":"https:\/\/www.milanfierehotel.com\/de\/wohlbefinden-und-spass\/"},{"@type":"ListItem","position":3,"name":"Gaming Area"}]},{"@type":"WebSite","@id":"https:\/\/www.milanfierehotel.com\/de\/#website","url":"https:\/\/www.milanfierehotel.com\/de\/","name":"Voco Milan Fiere","description":"Just another ms.decms.eu site","publisher":{"@id":"https:\/\/www.milanfierehotel.com\/de\/#organization"},"potentialAction":[{"@type":"SearchAction","target":{"@type":"EntryPoint","urlTemplate":"https:\/\/www.milanfierehotel.com\/de\/?s={search_term_string}"},"query-input":{"@type":"PropertyValueSpecification","valueRequired":true,"valueName":"search_term_string"}}],"inLanguage":"de-DE"},{"@type":"Organization","@id":"https:\/\/www.milanfierehotel.com\/de\/#organization","name":"Voco Milano Fiere","url":"https:\/\/www.milanfierehotel.com\/de\/","logo":{"@type":"ImageObject","inLanguage":"de-DE","@id":"https:\/\/www.milanfierehotel.com\/de\/#\/schema\/logo\/image\/","url":"https:\/\/www.milanfierehotel.com\/wp-content\/uploads\/sites\/402\/2022\/07\/02-Hotel-Reception-voco-Milan-Fiere.jpg","contentUrl":"https:\/\/www.milanfierehotel.com\/wp-content\/uploads\/sites\/402\/2022\/07\/02-Hotel-Reception-voco-Milan-Fiere.jpg","width":2200,"height":1200,"caption":"Voco Milano Fiere"},"image":{"@id":"https:\/\/www.milanfierehotel.com\/de\/#\/schema\/logo\/image\/"}}]}},"acf":[],"_links":{"self":[{"href":"https:\/\/www.milanfierehotel.com\/de\/wp-json\/wp\/v2\/pages\/503","targetHints":{"allow":["GET"]}}],"collection":[{"href":"https:\/\/www.milanfierehotel.com\/de\/wp-json\/wp\/v2\/pages"}],"about":[{"href":"https:\/\/www.milanfierehotel.com\/de\/wp-json\/wp\/v2\/types\/page"}],"author":[{"embeddable":true,"href":"https:\/\/www.milanfierehotel.com\/de\/wp-json\/wp\/v2\/users\/6"}],"replies":[{"embeddable":true,"href":"https:\/\/www.milanfierehotel.com\/de\/wp-json\/wp\/v2\/comments?post=503"}],"version-history":[{"count":0,"href":"https:\/\/www.milanfierehotel.com\/de\/wp-json\/wp\/v2\/pages\/503\/revisions"}],"up":[{"embeddable":true,"href":"https:\/\/www.milanfierehotel.com\/de\/wp-json\/wp\/v2\/pages\/497"}],"wp:attachment":[{"href":"https:\/\/www.milanfierehotel.com\/de\/wp-json\/wp\/v2\/media?parent=503"}],"curies":[{"name":"wp","href":"https:\/\/api.w.org\/{rel}","templated":true}]}}