{"id":509,"date":"2022-07-01T14:15:54","date_gmt":"2022-07-01T14:15:54","guid":{"rendered":"https:\/\/vocomilanfieredefinitive.ms.decms.eu\/servizi\/accessibilita\/"},"modified":"2022-08-31T11:45:11","modified_gmt":"2022-08-31T11:45:11","slug":"erreichbarkeit","status":"publish","type":"page","link":"https:\/\/www.milanfierehotel.com\/de\/dienstleistungen\/erreichbarkeit\/","title":{"rendered":"Erreichbarkeit"},"content":{"rendered":"<p><span style=\"font-weight: 400;\">Da wir uns der Heterogenit\u00e4t unserer G\u00e4ste bewusst sind, haben wir bei voco\u00ae Milan-Fiere jeden Aspekt unseres Mail\u00e4nder Hotels durchdacht, um es leicht zug\u00e4nglich und vollkommen <\/span><b>barrierefrei<\/b><span style=\"font-weight: 400;\"> zu gestalten. <\/span><\/p>\n<p><span style=\"font-weight: 400;\">In der \u00dcberzeugung, dass <\/span><b>Spa\u00df, Zug\u00e4nglichkeit und Entspannung<\/b><span style=\"font-weight: 400;\"> grundlegende Aspekte bei der Suche nach einer Unterkunft sind, haben wir <\/span><b>spezielle Parkpl\u00e4tze<\/b><span style=\"font-weight: 400;\"> f\u00fcr unsere G\u00e4ste mit eingeschr\u00e4nkter Mobilit\u00e4t eingerichtet, die sich in der N\u00e4he gut <\/span><b>zug\u00e4nglicher<\/b> <b>Eing\u00e4nge <\/b><span style=\"font-weight: 400;\">befinden.<\/span><\/p>\n<p><span style=\"font-weight: 400;\">Bei voco\u00ae Milan-Fiere finden Sie nicht nur <\/span><b>ger\u00e4umige<\/b><span style=\"font-weight: 400;\"> und sehr helle <\/span><b>R\u00e4ume<\/b><span style=\"font-weight: 400;\">, sondern auch ein geschultes und kompetentes Personal, das in der Lage ist, auf alle Ihre W\u00fcnsche einzugehen und Ihre \u00dcbernachtung einfach unvergesslich zu machen.\u00a0<\/span><\/p>\n<p><span style=\"font-weight: 400;\">Alle Bereiche unseres Hotels sind <\/span><b>barrierefrei<\/b><span style=\"font-weight: 400;\"> gestaltet und durch gro\u00dfz\u00fcgige <\/span><b>Aufz\u00fcge<\/b><span style=\"font-weight: 400;\"> miteinander verbunden. <\/span><span style=\"font-weight: 400;\"><br \/>\n<\/span><span style=\"font-weight: 400;\">F\u00fcr diejenigen, die es brauchen, bieten wir <\/span><b>barrierefreie Zimmer<\/b><span style=\"font-weight: 400;\"> an, die einen komfortablen Aufenthalt gew\u00e4hrleisten. <\/span><\/p>\n","protected":false},"excerpt":{"rendered":"<p>Da wir uns der Heterogenit\u00e4t unserer G\u00e4ste bewusst sind, haben wir bei voco\u00ae Milan-Fiere jeden Aspekt unseres Mail\u00e4nder Hotels durchdacht, um es leicht zug\u00e4nglich und vollkommen barrierefrei zu gestalten. In der \u00dcberzeugung, dass Spa\u00df, Zug\u00e4nglichkeit und Entspannung grundlegende Aspekte bei der Suche nach einer Unterkunft sind, haben wir spezielle Parkpl\u00e4tze f\u00fcr unsere G\u00e4ste mit eingeschr\u00e4nkter [&hellip;]<\/p>\n","protected":false},"author":6,"featured_media":0,"parent":505,"menu_order":62,"comment_status":"closed","ping_status":"closed","template":"template-default-4.php","meta":{"footnotes":""},"class_list":["post-509","page","type-page","status-publish","hentry"],"yoast_head":"<!-- This site is optimized with the Yoast SEO plugin v26.9 - https:\/\/yoast.com\/product\/yoast-seo-wordpress\/ -->\n<title>Barrierefreies Hotel | voco\u00ae Milan-Fiere<\/title>\n<meta name=\"description\" content=\"Im voco\u00ae Hotel verf\u00fcgen wir \u00fcber eigene Serviceleistungen f\u00fcr Barrierefreiheit: spezielle Parkpl\u00e4tze, barrierefreie Eing\u00e4nge, barrierefreie Zimmer. Mehr erfahren.\" \/>\n<meta name=\"robots\" content=\"index, follow, max-snippet:-1, max-image-preview:large, max-video-preview:-1\" \/>\n<link rel=\"canonical\" href=\"https:\/\/www.milanfierehotel.com\/de\/dienstleistungen\/erreichbarkeit\/\" \/>\n<meta property=\"og:locale\" content=\"de_DE\" \/>\n<meta property=\"og:type\" content=\"article\" \/>\n<meta property=\"og:title\" content=\"Barrierefreies Hotel | voco\u00ae Milan-Fiere\" \/>\n<meta property=\"og:description\" content=\"Im voco\u00ae Hotel verf\u00fcgen wir \u00fcber eigene Serviceleistungen f\u00fcr Barrierefreiheit: spezielle Parkpl\u00e4tze, barrierefreie Eing\u00e4nge, barrierefreie Zimmer. Mehr erfahren.\" \/>\n<meta property=\"og:url\" content=\"https:\/\/www.milanfierehotel.com\/de\/dienstleistungen\/erreichbarkeit\/\" \/>\n<meta property=\"og:site_name\" content=\"Voco Milan Fiere\" \/>\n<meta property=\"article:modified_time\" content=\"2022-08-31T11:45:11+00:00\" \/>\n<meta name=\"twitter:card\" content=\"summary_large_image\" \/>\n<meta name=\"twitter:label1\" content=\"Gesch\u00e4tzte Lesezeit\" \/>\n\t<meta name=\"twitter:data1\" content=\"1 Minute\" \/>\n<script type=\"application\/ld+json\" class=\"yoast-schema-graph\">{\"@context\":\"https:\/\/schema.org\",\"@graph\":[{\"@type\":\"WebPage\",\"@id\":\"https:\/\/www.milanfierehotel.com\/de\/dienstleistungen\/erreichbarkeit\/\",\"url\":\"https:\/\/www.milanfierehotel.com\/de\/dienstleistungen\/erreichbarkeit\/\",\"name\":\"Barrierefreies Hotel | voco\u00ae Milan-Fiere\",\"isPartOf\":{\"@id\":\"https:\/\/www.milanfierehotel.com\/de\/#website\"},\"datePublished\":\"2022-07-01T14:15:54+00:00\",\"dateModified\":\"2022-08-31T11:45:11+00:00\",\"description\":\"Im voco\u00ae Hotel verf\u00fcgen wir \u00fcber eigene Serviceleistungen f\u00fcr Barrierefreiheit: spezielle Parkpl\u00e4tze, barrierefreie Eing\u00e4nge, barrierefreie Zimmer. Mehr erfahren.\",\"breadcrumb\":{\"@id\":\"https:\/\/www.milanfierehotel.com\/de\/dienstleistungen\/erreichbarkeit\/#breadcrumb\"},\"inLanguage\":\"de-DE\",\"potentialAction\":[{\"@type\":\"ReadAction\",\"target\":[\"https:\/\/www.milanfierehotel.com\/de\/dienstleistungen\/erreichbarkeit\/\"]}]},{\"@type\":\"BreadcrumbList\",\"@id\":\"https:\/\/www.milanfierehotel.com\/de\/dienstleistungen\/erreichbarkeit\/#breadcrumb\",\"itemListElement\":[{\"@type\":\"ListItem\",\"position\":1,\"name\":\"Home\",\"item\":\"https:\/\/www.milanfierehotel.com\/de\/\"},{\"@type\":\"ListItem\",\"position\":2,\"name\":\"Dienstleistungen\",\"item\":\"https:\/\/www.milanfierehotel.com\/de\/dienstleistungen\/\"},{\"@type\":\"ListItem\",\"position\":3,\"name\":\"Erreichbarkeit\"}]},{\"@type\":\"WebSite\",\"@id\":\"https:\/\/www.milanfierehotel.com\/de\/#website\",\"url\":\"https:\/\/www.milanfierehotel.com\/de\/\",\"name\":\"Voco Milan Fiere\",\"description\":\"Just another ms.decms.eu site\",\"publisher\":{\"@id\":\"https:\/\/www.milanfierehotel.com\/de\/#organization\"},\"potentialAction\":[{\"@type\":\"SearchAction\",\"target\":{\"@type\":\"EntryPoint\",\"urlTemplate\":\"https:\/\/www.milanfierehotel.com\/de\/?s={search_term_string}\"},\"query-input\":{\"@type\":\"PropertyValueSpecification\",\"valueRequired\":true,\"valueName\":\"search_term_string\"}}],\"inLanguage\":\"de-DE\"},{\"@type\":\"Organization\",\"@id\":\"https:\/\/www.milanfierehotel.com\/de\/#organization\",\"name\":\"Voco Milano Fiere\",\"url\":\"https:\/\/www.milanfierehotel.com\/de\/\",\"logo\":{\"@type\":\"ImageObject\",\"inLanguage\":\"de-DE\",\"@id\":\"https:\/\/www.milanfierehotel.com\/de\/#\/schema\/logo\/image\/\",\"url\":\"https:\/\/www.milanfierehotel.com\/wp-content\/uploads\/sites\/402\/2022\/07\/02-Hotel-Reception-voco-Milan-Fiere.jpg\",\"contentUrl\":\"https:\/\/www.milanfierehotel.com\/wp-content\/uploads\/sites\/402\/2022\/07\/02-Hotel-Reception-voco-Milan-Fiere.jpg\",\"width\":2200,\"height\":1200,\"caption\":\"Voco Milano Fiere\"},\"image\":{\"@id\":\"https:\/\/www.milanfierehotel.com\/de\/#\/schema\/logo\/image\/\"}}]}<\/script>\n<!-- \/ Yoast SEO plugin. -->","yoast_head_json":{"title":"Barrierefreies Hotel | voco\u00ae Milan-Fiere","description":"Im voco\u00ae Hotel verf\u00fcgen wir \u00fcber eigene Serviceleistungen f\u00fcr Barrierefreiheit: spezielle Parkpl\u00e4tze, barrierefreie Eing\u00e4nge, barrierefreie Zimmer. Mehr erfahren.","robots":{"index":"index","follow":"follow","max-snippet":"max-snippet:-1","max-image-preview":"max-image-preview:large","max-video-preview":"max-video-preview:-1"},"canonical":"https:\/\/www.milanfierehotel.com\/de\/dienstleistungen\/erreichbarkeit\/","og_locale":"de_DE","og_type":"article","og_title":"Barrierefreies Hotel | voco\u00ae Milan-Fiere","og_description":"Im voco\u00ae Hotel verf\u00fcgen wir \u00fcber eigene Serviceleistungen f\u00fcr Barrierefreiheit: spezielle Parkpl\u00e4tze, barrierefreie Eing\u00e4nge, barrierefreie Zimmer. Mehr erfahren.","og_url":"https:\/\/www.milanfierehotel.com\/de\/dienstleistungen\/erreichbarkeit\/","og_site_name":"Voco Milan Fiere","article_modified_time":"2022-08-31T11:45:11+00:00","twitter_card":"summary_large_image","twitter_misc":{"Gesch\u00e4tzte Lesezeit":"1 Minute"},"schema":{"@context":"https:\/\/schema.org","@graph":[{"@type":"WebPage","@id":"https:\/\/www.milanfierehotel.com\/de\/dienstleistungen\/erreichbarkeit\/","url":"https:\/\/www.milanfierehotel.com\/de\/dienstleistungen\/erreichbarkeit\/","name":"Barrierefreies Hotel | voco\u00ae Milan-Fiere","isPartOf":{"@id":"https:\/\/www.milanfierehotel.com\/de\/#website"},"datePublished":"2022-07-01T14:15:54+00:00","dateModified":"2022-08-31T11:45:11+00:00","description":"Im voco\u00ae Hotel verf\u00fcgen wir \u00fcber eigene Serviceleistungen f\u00fcr Barrierefreiheit: spezielle Parkpl\u00e4tze, barrierefreie Eing\u00e4nge, barrierefreie Zimmer. Mehr erfahren.","breadcrumb":{"@id":"https:\/\/www.milanfierehotel.com\/de\/dienstleistungen\/erreichbarkeit\/#breadcrumb"},"inLanguage":"de-DE","potentialAction":[{"@type":"ReadAction","target":["https:\/\/www.milanfierehotel.com\/de\/dienstleistungen\/erreichbarkeit\/"]}]},{"@type":"BreadcrumbList","@id":"https:\/\/www.milanfierehotel.com\/de\/dienstleistungen\/erreichbarkeit\/#breadcrumb","itemListElement":[{"@type":"ListItem","position":1,"name":"Home","item":"https:\/\/www.milanfierehotel.com\/de\/"},{"@type":"ListItem","position":2,"name":"Dienstleistungen","item":"https:\/\/www.milanfierehotel.com\/de\/dienstleistungen\/"},{"@type":"ListItem","position":3,"name":"Erreichbarkeit"}]},{"@type":"WebSite","@id":"https:\/\/www.milanfierehotel.com\/de\/#website","url":"https:\/\/www.milanfierehotel.com\/de\/","name":"Voco Milan Fiere","description":"Just another ms.decms.eu site","publisher":{"@id":"https:\/\/www.milanfierehotel.com\/de\/#organization"},"potentialAction":[{"@type":"SearchAction","target":{"@type":"EntryPoint","urlTemplate":"https:\/\/www.milanfierehotel.com\/de\/?s={search_term_string}"},"query-input":{"@type":"PropertyValueSpecification","valueRequired":true,"valueName":"search_term_string"}}],"inLanguage":"de-DE"},{"@type":"Organization","@id":"https:\/\/www.milanfierehotel.com\/de\/#organization","name":"Voco Milano Fiere","url":"https:\/\/www.milanfierehotel.com\/de\/","logo":{"@type":"ImageObject","inLanguage":"de-DE","@id":"https:\/\/www.milanfierehotel.com\/de\/#\/schema\/logo\/image\/","url":"https:\/\/www.milanfierehotel.com\/wp-content\/uploads\/sites\/402\/2022\/07\/02-Hotel-Reception-voco-Milan-Fiere.jpg","contentUrl":"https:\/\/www.milanfierehotel.com\/wp-content\/uploads\/sites\/402\/2022\/07\/02-Hotel-Reception-voco-Milan-Fiere.jpg","width":2200,"height":1200,"caption":"Voco Milano Fiere"},"image":{"@id":"https:\/\/www.milanfierehotel.com\/de\/#\/schema\/logo\/image\/"}}]}},"acf":[],"_links":{"self":[{"href":"https:\/\/www.milanfierehotel.com\/de\/wp-json\/wp\/v2\/pages\/509","targetHints":{"allow":["GET"]}}],"collection":[{"href":"https:\/\/www.milanfierehotel.com\/de\/wp-json\/wp\/v2\/pages"}],"about":[{"href":"https:\/\/www.milanfierehotel.com\/de\/wp-json\/wp\/v2\/types\/page"}],"author":[{"embeddable":true,"href":"https:\/\/www.milanfierehotel.com\/de\/wp-json\/wp\/v2\/users\/6"}],"replies":[{"embeddable":true,"href":"https:\/\/www.milanfierehotel.com\/de\/wp-json\/wp\/v2\/comments?post=509"}],"version-history":[{"count":0,"href":"https:\/\/www.milanfierehotel.com\/de\/wp-json\/wp\/v2\/pages\/509\/revisions"}],"up":[{"embeddable":true,"href":"https:\/\/www.milanfierehotel.com\/de\/wp-json\/wp\/v2\/pages\/505"}],"wp:attachment":[{"href":"https:\/\/www.milanfierehotel.com\/de\/wp-json\/wp\/v2\/media?parent=509"}],"curies":[{"name":"wp","href":"https:\/\/api.w.org\/{rel}","templated":true}]}}