{"id":511,"date":"2022-07-01T14:22:42","date_gmt":"2022-07-01T14:22:42","guid":{"rendered":"https:\/\/vocomilanfieredefinitive.ms.decms.eu\/servizi\/business-hotel\/"},"modified":"2022-08-31T11:45:27","modified_gmt":"2022-08-31T11:45:27","slug":"business-hotel","status":"publish","type":"page","link":"https:\/\/www.milanfierehotel.com\/de\/dienstleistungen\/business-hotel\/","title":{"rendered":"Business Hotel"},"content":{"rendered":"<p><span style=\"font-weight: 400;\">Gem\u00e4\u00df unserer Philosophie \u201e<\/span><i><span style=\"font-weight: 400;\">work hard, have fun&#8220;<\/span><\/i><span style=\"font-weight: 400;\"> ist voco\u00ae Milan-Fiere ein Treffpunkt f\u00fcr <\/span><b>Gesch\u00e4ftsreisende<\/b><span style=\"font-weight: 400;\">, <\/span><b>digitale Nomaden und Manager<\/b><span style=\"font-weight: 400;\">, die immer in Bewegung sind. Die <\/span><b>strategische Lage<\/b><span style=\"font-weight: 400;\">, abseits des Mail\u00e4nder Verkehrs, aber in der N\u00e4he aller wichtigen <\/span><b>Gesch\u00e4ftszentren der Stadt, <\/b><span style=\"font-weight: 400;\">ist nur wenige Minuten von der Autobahnausfahrt entfernt und die ideale L\u00f6sung f\u00fcr alle Reisenden, die viel unterwegs sind.\u00a0<\/span><\/p>\n<p><span style=\"font-weight: 400;\">Als hochmodernes Business-Hotel bietet voco\u00ae Milan-Fiere seinen G\u00e4sten speziell f\u00fcr <\/span><b>Home Office und Co-Working<\/b><span style=\"font-weight: 400;\"> oder Meetings <\/span><b>konzipierte Gemeinschaftsr\u00e4ume<\/b><span style=\"font-weight: 400;\">, die alle mit <\/span><b>schnellem, kostenlosem W-LAN<\/b><span style=\"font-weight: 400;\"> ausgestattet sind. F\u00fcr die Organisation von <\/span><b>Tagungen und Veranstaltungen <\/b><span style=\"font-weight: 400;\">bietet <\/span><b>das <\/b><span style=\"font-weight: 400;\">Hotel <\/span><b>sieben multifunktionale R\u00e4ume <\/b><span style=\"font-weight: 400;\">f\u00fcr bis zu 630 Personen, die sich perfekt f\u00fcr unvergessliche und erfolgreiche Events eignen<\/span><\/p>\n","protected":false},"excerpt":{"rendered":"<p>Gem\u00e4\u00df unserer Philosophie \u201ework hard, have fun&#8220; ist voco\u00ae Milan-Fiere ein Treffpunkt f\u00fcr Gesch\u00e4ftsreisende, digitale Nomaden und Manager, die immer in Bewegung sind. Die strategische Lage, abseits des Mail\u00e4nder Verkehrs, aber in der N\u00e4he aller wichtigen Gesch\u00e4ftszentren der Stadt, ist nur wenige Minuten von der Autobahnausfahrt entfernt und die ideale L\u00f6sung f\u00fcr alle Reisenden, die [&hellip;]<\/p>\n","protected":false},"author":6,"featured_media":0,"parent":505,"menu_order":63,"comment_status":"closed","ping_status":"closed","template":"template-default-4.php","meta":{"footnotes":""},"class_list":["post-511","page","type-page","status-publish","hentry"],"yoast_head":"<!-- This site is optimized with the Yoast SEO plugin v26.9 - https:\/\/yoast.com\/product\/yoast-seo-wordpress\/ -->\n<title>Business-Hotel: Serviceleistungen f\u00fcr Gesch\u00e4ftsreisen | voco\u00ae Milan-Fiere<\/title>\n<meta name=\"description\" content=\"Holen Sie das Beste aus Ihren Gesch\u00e4ftsreisen heraus. Hier finden Sie Co-Working-Bereiche, spezielle Ausstattung und Serviceleistungen, Smart Working-R\u00e4ume. Erfahren Sie mehr!\" \/>\n<meta name=\"robots\" content=\"index, follow, max-snippet:-1, max-image-preview:large, max-video-preview:-1\" \/>\n<link rel=\"canonical\" href=\"https:\/\/www.milanfierehotel.com\/de\/dienstleistungen\/business-hotel\/\" \/>\n<meta property=\"og:locale\" content=\"de_DE\" \/>\n<meta property=\"og:type\" content=\"article\" \/>\n<meta property=\"og:title\" content=\"Business-Hotel: Serviceleistungen f\u00fcr Gesch\u00e4ftsreisen | voco\u00ae Milan-Fiere\" \/>\n<meta property=\"og:description\" content=\"Holen Sie das Beste aus Ihren Gesch\u00e4ftsreisen heraus. Hier finden Sie Co-Working-Bereiche, spezielle Ausstattung und Serviceleistungen, Smart Working-R\u00e4ume. Erfahren Sie mehr!\" \/>\n<meta property=\"og:url\" content=\"https:\/\/www.milanfierehotel.com\/de\/dienstleistungen\/business-hotel\/\" \/>\n<meta property=\"og:site_name\" content=\"Voco Milan Fiere\" \/>\n<meta property=\"article:modified_time\" content=\"2022-08-31T11:45:27+00:00\" \/>\n<meta name=\"twitter:card\" content=\"summary_large_image\" \/>\n<meta name=\"twitter:label1\" content=\"Gesch\u00e4tzte Lesezeit\" \/>\n\t<meta name=\"twitter:data1\" content=\"1 Minute\" \/>\n<script type=\"application\/ld+json\" class=\"yoast-schema-graph\">{\"@context\":\"https:\/\/schema.org\",\"@graph\":[{\"@type\":\"WebPage\",\"@id\":\"https:\/\/www.milanfierehotel.com\/de\/dienstleistungen\/business-hotel\/\",\"url\":\"https:\/\/www.milanfierehotel.com\/de\/dienstleistungen\/business-hotel\/\",\"name\":\"Business-Hotel: Serviceleistungen f\u00fcr Gesch\u00e4ftsreisen | voco\u00ae Milan-Fiere\",\"isPartOf\":{\"@id\":\"https:\/\/www.milanfierehotel.com\/de\/#website\"},\"datePublished\":\"2022-07-01T14:22:42+00:00\",\"dateModified\":\"2022-08-31T11:45:27+00:00\",\"description\":\"Holen Sie das Beste aus Ihren Gesch\u00e4ftsreisen heraus. Hier finden Sie Co-Working-Bereiche, spezielle Ausstattung und Serviceleistungen, Smart Working-R\u00e4ume. Erfahren Sie mehr!\",\"breadcrumb\":{\"@id\":\"https:\/\/www.milanfierehotel.com\/de\/dienstleistungen\/business-hotel\/#breadcrumb\"},\"inLanguage\":\"de-DE\",\"potentialAction\":[{\"@type\":\"ReadAction\",\"target\":[\"https:\/\/www.milanfierehotel.com\/de\/dienstleistungen\/business-hotel\/\"]}]},{\"@type\":\"BreadcrumbList\",\"@id\":\"https:\/\/www.milanfierehotel.com\/de\/dienstleistungen\/business-hotel\/#breadcrumb\",\"itemListElement\":[{\"@type\":\"ListItem\",\"position\":1,\"name\":\"Home\",\"item\":\"https:\/\/www.milanfierehotel.com\/de\/\"},{\"@type\":\"ListItem\",\"position\":2,\"name\":\"Dienstleistungen\",\"item\":\"https:\/\/www.milanfierehotel.com\/de\/dienstleistungen\/\"},{\"@type\":\"ListItem\",\"position\":3,\"name\":\"Business Hotel\"}]},{\"@type\":\"WebSite\",\"@id\":\"https:\/\/www.milanfierehotel.com\/de\/#website\",\"url\":\"https:\/\/www.milanfierehotel.com\/de\/\",\"name\":\"Voco Milan Fiere\",\"description\":\"Just another ms.decms.eu site\",\"publisher\":{\"@id\":\"https:\/\/www.milanfierehotel.com\/de\/#organization\"},\"potentialAction\":[{\"@type\":\"SearchAction\",\"target\":{\"@type\":\"EntryPoint\",\"urlTemplate\":\"https:\/\/www.milanfierehotel.com\/de\/?s={search_term_string}\"},\"query-input\":{\"@type\":\"PropertyValueSpecification\",\"valueRequired\":true,\"valueName\":\"search_term_string\"}}],\"inLanguage\":\"de-DE\"},{\"@type\":\"Organization\",\"@id\":\"https:\/\/www.milanfierehotel.com\/de\/#organization\",\"name\":\"Voco Milano Fiere\",\"url\":\"https:\/\/www.milanfierehotel.com\/de\/\",\"logo\":{\"@type\":\"ImageObject\",\"inLanguage\":\"de-DE\",\"@id\":\"https:\/\/www.milanfierehotel.com\/de\/#\/schema\/logo\/image\/\",\"url\":\"https:\/\/www.milanfierehotel.com\/wp-content\/uploads\/sites\/402\/2022\/07\/02-Hotel-Reception-voco-Milan-Fiere.jpg\",\"contentUrl\":\"https:\/\/www.milanfierehotel.com\/wp-content\/uploads\/sites\/402\/2022\/07\/02-Hotel-Reception-voco-Milan-Fiere.jpg\",\"width\":2200,\"height\":1200,\"caption\":\"Voco Milano Fiere\"},\"image\":{\"@id\":\"https:\/\/www.milanfierehotel.com\/de\/#\/schema\/logo\/image\/\"}}]}<\/script>\n<!-- \/ Yoast SEO plugin. -->","yoast_head_json":{"title":"Business-Hotel: Serviceleistungen f\u00fcr Gesch\u00e4ftsreisen | voco\u00ae Milan-Fiere","description":"Holen Sie das Beste aus Ihren Gesch\u00e4ftsreisen heraus. Hier finden Sie Co-Working-Bereiche, spezielle Ausstattung und Serviceleistungen, Smart Working-R\u00e4ume. Erfahren Sie mehr!","robots":{"index":"index","follow":"follow","max-snippet":"max-snippet:-1","max-image-preview":"max-image-preview:large","max-video-preview":"max-video-preview:-1"},"canonical":"https:\/\/www.milanfierehotel.com\/de\/dienstleistungen\/business-hotel\/","og_locale":"de_DE","og_type":"article","og_title":"Business-Hotel: Serviceleistungen f\u00fcr Gesch\u00e4ftsreisen | voco\u00ae Milan-Fiere","og_description":"Holen Sie das Beste aus Ihren Gesch\u00e4ftsreisen heraus. Hier finden Sie Co-Working-Bereiche, spezielle Ausstattung und Serviceleistungen, Smart Working-R\u00e4ume. Erfahren Sie mehr!","og_url":"https:\/\/www.milanfierehotel.com\/de\/dienstleistungen\/business-hotel\/","og_site_name":"Voco Milan Fiere","article_modified_time":"2022-08-31T11:45:27+00:00","twitter_card":"summary_large_image","twitter_misc":{"Gesch\u00e4tzte Lesezeit":"1 Minute"},"schema":{"@context":"https:\/\/schema.org","@graph":[{"@type":"WebPage","@id":"https:\/\/www.milanfierehotel.com\/de\/dienstleistungen\/business-hotel\/","url":"https:\/\/www.milanfierehotel.com\/de\/dienstleistungen\/business-hotel\/","name":"Business-Hotel: Serviceleistungen f\u00fcr Gesch\u00e4ftsreisen | voco\u00ae Milan-Fiere","isPartOf":{"@id":"https:\/\/www.milanfierehotel.com\/de\/#website"},"datePublished":"2022-07-01T14:22:42+00:00","dateModified":"2022-08-31T11:45:27+00:00","description":"Holen Sie das Beste aus Ihren Gesch\u00e4ftsreisen heraus. Hier finden Sie Co-Working-Bereiche, spezielle Ausstattung und Serviceleistungen, Smart Working-R\u00e4ume. Erfahren Sie mehr!","breadcrumb":{"@id":"https:\/\/www.milanfierehotel.com\/de\/dienstleistungen\/business-hotel\/#breadcrumb"},"inLanguage":"de-DE","potentialAction":[{"@type":"ReadAction","target":["https:\/\/www.milanfierehotel.com\/de\/dienstleistungen\/business-hotel\/"]}]},{"@type":"BreadcrumbList","@id":"https:\/\/www.milanfierehotel.com\/de\/dienstleistungen\/business-hotel\/#breadcrumb","itemListElement":[{"@type":"ListItem","position":1,"name":"Home","item":"https:\/\/www.milanfierehotel.com\/de\/"},{"@type":"ListItem","position":2,"name":"Dienstleistungen","item":"https:\/\/www.milanfierehotel.com\/de\/dienstleistungen\/"},{"@type":"ListItem","position":3,"name":"Business Hotel"}]},{"@type":"WebSite","@id":"https:\/\/www.milanfierehotel.com\/de\/#website","url":"https:\/\/www.milanfierehotel.com\/de\/","name":"Voco Milan Fiere","description":"Just another ms.decms.eu site","publisher":{"@id":"https:\/\/www.milanfierehotel.com\/de\/#organization"},"potentialAction":[{"@type":"SearchAction","target":{"@type":"EntryPoint","urlTemplate":"https:\/\/www.milanfierehotel.com\/de\/?s={search_term_string}"},"query-input":{"@type":"PropertyValueSpecification","valueRequired":true,"valueName":"search_term_string"}}],"inLanguage":"de-DE"},{"@type":"Organization","@id":"https:\/\/www.milanfierehotel.com\/de\/#organization","name":"Voco Milano Fiere","url":"https:\/\/www.milanfierehotel.com\/de\/","logo":{"@type":"ImageObject","inLanguage":"de-DE","@id":"https:\/\/www.milanfierehotel.com\/de\/#\/schema\/logo\/image\/","url":"https:\/\/www.milanfierehotel.com\/wp-content\/uploads\/sites\/402\/2022\/07\/02-Hotel-Reception-voco-Milan-Fiere.jpg","contentUrl":"https:\/\/www.milanfierehotel.com\/wp-content\/uploads\/sites\/402\/2022\/07\/02-Hotel-Reception-voco-Milan-Fiere.jpg","width":2200,"height":1200,"caption":"Voco Milano Fiere"},"image":{"@id":"https:\/\/www.milanfierehotel.com\/de\/#\/schema\/logo\/image\/"}}]}},"acf":[],"_links":{"self":[{"href":"https:\/\/www.milanfierehotel.com\/de\/wp-json\/wp\/v2\/pages\/511","targetHints":{"allow":["GET"]}}],"collection":[{"href":"https:\/\/www.milanfierehotel.com\/de\/wp-json\/wp\/v2\/pages"}],"about":[{"href":"https:\/\/www.milanfierehotel.com\/de\/wp-json\/wp\/v2\/types\/page"}],"author":[{"embeddable":true,"href":"https:\/\/www.milanfierehotel.com\/de\/wp-json\/wp\/v2\/users\/6"}],"replies":[{"embeddable":true,"href":"https:\/\/www.milanfierehotel.com\/de\/wp-json\/wp\/v2\/comments?post=511"}],"version-history":[{"count":0,"href":"https:\/\/www.milanfierehotel.com\/de\/wp-json\/wp\/v2\/pages\/511\/revisions"}],"up":[{"embeddable":true,"href":"https:\/\/www.milanfierehotel.com\/de\/wp-json\/wp\/v2\/pages\/505"}],"wp:attachment":[{"href":"https:\/\/www.milanfierehotel.com\/de\/wp-json\/wp\/v2\/media?parent=511"}],"curies":[{"name":"wp","href":"https:\/\/api.w.org\/{rel}","templated":true}]}}