{"id":515,"date":"2022-07-01T14:32:51","date_gmt":"2022-07-01T14:32:51","guid":{"rendered":"https:\/\/vocomilanfieredefinitive.ms.decms.eu\/servizi\/servizi-per-famiglie\/"},"modified":"2022-08-31T11:49:04","modified_gmt":"2022-08-31T11:49:04","slug":"dienstleistungen-fuer-familien","status":"publish","type":"page","link":"https:\/\/www.milanfierehotel.com\/de\/dienstleistungen\/dienstleistungen-fuer-familien\/","title":{"rendered":"Dienstleistungen f\u00fcr Familien"},"content":{"rendered":"<p><span style=\"font-weight: 400;\">voco\u00ae Milan-Fiere ist nicht nur f\u00fcr Gesch\u00e4ftsreisende geeignet, sondern auch f\u00fcr <\/span><b>Familien<\/b><span style=\"font-weight: 400;\">, die ein <\/span><b>familienfreundliches <\/b><span style=\"font-weight: 400;\">Hotel in<\/span> <span style=\"font-weight: 400;\">Mailand suchen.\u00a0<\/span><\/p>\n<p><span style=\"font-weight: 400;\">Genie\u00dfen Sie einen Tag in der Modemetropole, erkunden Sie Mailand und kehren Sie ins Hotel zur\u00fcck, um einen angenehmen Abend mit Ihren Kindern in unserer Gaming Area zu verbringen: Spielen Sie mit ihnen am Tischfu\u00dfball oder faszinieren Sie sie mit dem zeitlosen Charme eines Spielsaals aus den Achtzigern.<\/span><\/p>\n<p><span style=\"font-weight: 400;\">Im voco\u00ae Milan-Fiere k\u00f6nnen Sie sich in unserem <\/span><b>Wellnessbereich <\/b><span style=\"font-weight: 400;\">mit beheiztem Pool und Whirlpool angenehm entspannen und die K\u00fcche unseres <\/span><b>OnFire Restaurants mit offenem Grill<\/b><span style=\"font-weight: 400;\"> genie\u00dfen. Probieren Sie die k\u00f6stlichen Gerichte unseres K\u00fcchenchefs und lassen Sie alle Sorgen hinter sich: F\u00fcr Ihre Kinder haben wir ein <\/span><b>spezielles Kindermen\u00fc<\/b><span style=\"font-weight: 400;\"> mit gesunden und schmackhaften Gerichten zusammengestellt, das sie begeistern wird!<\/span><\/p>\n","protected":false},"excerpt":{"rendered":"<p>voco\u00ae Milan-Fiere ist nicht nur f\u00fcr Gesch\u00e4ftsreisende geeignet, sondern auch f\u00fcr Familien, die ein familienfreundliches Hotel in Mailand suchen.\u00a0 Genie\u00dfen Sie einen Tag in der Modemetropole, erkunden Sie Mailand und kehren Sie ins Hotel zur\u00fcck, um einen angenehmen Abend mit Ihren Kindern in unserer Gaming Area zu verbringen: Spielen Sie mit ihnen am Tischfu\u00dfball oder [&hellip;]<\/p>\n","protected":false},"author":6,"featured_media":0,"parent":505,"menu_order":65,"comment_status":"closed","ping_status":"closed","template":"template-default-4.php","meta":{"footnotes":""},"class_list":["post-515","page","type-page","status-publish","hentry"],"yoast_head":"<!-- This site is optimized with the Yoast SEO plugin v26.9 - https:\/\/yoast.com\/product\/yoast-seo-wordpress\/ -->\n<title>Serviceleistungen f\u00fcr Familien: Kindermen\u00fcs, Spielbereich | voco\u00ae Milan-Fiere<\/title>\n<meta name=\"description\" content=\"Sie sind im Familienurlaub? Nutzen Sie unsere Serviceleistungen f\u00fcr Familien: Zimmer mit Verbindungst\u00fcr, Kindermen\u00fcs, Spielbereich, Wellnessbereich. Erfahren Sie mehr!\" \/>\n<meta name=\"robots\" content=\"index, follow, max-snippet:-1, max-image-preview:large, max-video-preview:-1\" \/>\n<link rel=\"canonical\" href=\"https:\/\/www.milanfierehotel.com\/de\/dienstleistungen\/dienstleistungen-fuer-familien\/\" \/>\n<meta property=\"og:locale\" content=\"de_DE\" \/>\n<meta property=\"og:type\" content=\"article\" \/>\n<meta property=\"og:title\" content=\"Serviceleistungen f\u00fcr Familien: Kindermen\u00fcs, Spielbereich | voco\u00ae Milan-Fiere\" \/>\n<meta property=\"og:description\" content=\"Sie sind im Familienurlaub? Nutzen Sie unsere Serviceleistungen f\u00fcr Familien: Zimmer mit Verbindungst\u00fcr, Kindermen\u00fcs, Spielbereich, Wellnessbereich. Erfahren Sie mehr!\" \/>\n<meta property=\"og:url\" content=\"https:\/\/www.milanfierehotel.com\/de\/dienstleistungen\/dienstleistungen-fuer-familien\/\" \/>\n<meta property=\"og:site_name\" content=\"Voco Milan Fiere\" \/>\n<meta property=\"article:modified_time\" content=\"2022-08-31T11:49:04+00:00\" \/>\n<meta name=\"twitter:card\" content=\"summary_large_image\" \/>\n<meta name=\"twitter:label1\" content=\"Gesch\u00e4tzte Lesezeit\" \/>\n\t<meta name=\"twitter:data1\" content=\"1 Minute\" \/>\n<script type=\"application\/ld+json\" class=\"yoast-schema-graph\">{\"@context\":\"https:\/\/schema.org\",\"@graph\":[{\"@type\":\"WebPage\",\"@id\":\"https:\/\/www.milanfierehotel.com\/de\/dienstleistungen\/dienstleistungen-fuer-familien\/\",\"url\":\"https:\/\/www.milanfierehotel.com\/de\/dienstleistungen\/dienstleistungen-fuer-familien\/\",\"name\":\"Serviceleistungen f\u00fcr Familien: Kindermen\u00fcs, Spielbereich | voco\u00ae Milan-Fiere\",\"isPartOf\":{\"@id\":\"https:\/\/www.milanfierehotel.com\/de\/#website\"},\"datePublished\":\"2022-07-01T14:32:51+00:00\",\"dateModified\":\"2022-08-31T11:49:04+00:00\",\"description\":\"Sie sind im Familienurlaub? Nutzen Sie unsere Serviceleistungen f\u00fcr Familien: Zimmer mit Verbindungst\u00fcr, Kindermen\u00fcs, Spielbereich, Wellnessbereich. Erfahren Sie mehr!\",\"breadcrumb\":{\"@id\":\"https:\/\/www.milanfierehotel.com\/de\/dienstleistungen\/dienstleistungen-fuer-familien\/#breadcrumb\"},\"inLanguage\":\"de-DE\",\"potentialAction\":[{\"@type\":\"ReadAction\",\"target\":[\"https:\/\/www.milanfierehotel.com\/de\/dienstleistungen\/dienstleistungen-fuer-familien\/\"]}]},{\"@type\":\"BreadcrumbList\",\"@id\":\"https:\/\/www.milanfierehotel.com\/de\/dienstleistungen\/dienstleistungen-fuer-familien\/#breadcrumb\",\"itemListElement\":[{\"@type\":\"ListItem\",\"position\":1,\"name\":\"Home\",\"item\":\"https:\/\/www.milanfierehotel.com\/de\/\"},{\"@type\":\"ListItem\",\"position\":2,\"name\":\"Dienstleistungen\",\"item\":\"https:\/\/www.milanfierehotel.com\/de\/dienstleistungen\/\"},{\"@type\":\"ListItem\",\"position\":3,\"name\":\"Dienstleistungen f\u00fcr Familien\"}]},{\"@type\":\"WebSite\",\"@id\":\"https:\/\/www.milanfierehotel.com\/de\/#website\",\"url\":\"https:\/\/www.milanfierehotel.com\/de\/\",\"name\":\"Voco Milan Fiere\",\"description\":\"Just another ms.decms.eu site\",\"publisher\":{\"@id\":\"https:\/\/www.milanfierehotel.com\/de\/#organization\"},\"potentialAction\":[{\"@type\":\"SearchAction\",\"target\":{\"@type\":\"EntryPoint\",\"urlTemplate\":\"https:\/\/www.milanfierehotel.com\/de\/?s={search_term_string}\"},\"query-input\":{\"@type\":\"PropertyValueSpecification\",\"valueRequired\":true,\"valueName\":\"search_term_string\"}}],\"inLanguage\":\"de-DE\"},{\"@type\":\"Organization\",\"@id\":\"https:\/\/www.milanfierehotel.com\/de\/#organization\",\"name\":\"Voco Milano Fiere\",\"url\":\"https:\/\/www.milanfierehotel.com\/de\/\",\"logo\":{\"@type\":\"ImageObject\",\"inLanguage\":\"de-DE\",\"@id\":\"https:\/\/www.milanfierehotel.com\/de\/#\/schema\/logo\/image\/\",\"url\":\"https:\/\/www.milanfierehotel.com\/wp-content\/uploads\/sites\/402\/2022\/07\/02-Hotel-Reception-voco-Milan-Fiere.jpg\",\"contentUrl\":\"https:\/\/www.milanfierehotel.com\/wp-content\/uploads\/sites\/402\/2022\/07\/02-Hotel-Reception-voco-Milan-Fiere.jpg\",\"width\":2200,\"height\":1200,\"caption\":\"Voco Milano Fiere\"},\"image\":{\"@id\":\"https:\/\/www.milanfierehotel.com\/de\/#\/schema\/logo\/image\/\"}}]}<\/script>\n<!-- \/ Yoast SEO plugin. -->","yoast_head_json":{"title":"Serviceleistungen f\u00fcr Familien: Kindermen\u00fcs, Spielbereich | voco\u00ae Milan-Fiere","description":"Sie sind im Familienurlaub? Nutzen Sie unsere Serviceleistungen f\u00fcr Familien: Zimmer mit Verbindungst\u00fcr, Kindermen\u00fcs, Spielbereich, Wellnessbereich. Erfahren Sie mehr!","robots":{"index":"index","follow":"follow","max-snippet":"max-snippet:-1","max-image-preview":"max-image-preview:large","max-video-preview":"max-video-preview:-1"},"canonical":"https:\/\/www.milanfierehotel.com\/de\/dienstleistungen\/dienstleistungen-fuer-familien\/","og_locale":"de_DE","og_type":"article","og_title":"Serviceleistungen f\u00fcr Familien: Kindermen\u00fcs, Spielbereich | voco\u00ae Milan-Fiere","og_description":"Sie sind im Familienurlaub? Nutzen Sie unsere Serviceleistungen f\u00fcr Familien: Zimmer mit Verbindungst\u00fcr, Kindermen\u00fcs, Spielbereich, Wellnessbereich. Erfahren Sie mehr!","og_url":"https:\/\/www.milanfierehotel.com\/de\/dienstleistungen\/dienstleistungen-fuer-familien\/","og_site_name":"Voco Milan Fiere","article_modified_time":"2022-08-31T11:49:04+00:00","twitter_card":"summary_large_image","twitter_misc":{"Gesch\u00e4tzte Lesezeit":"1 Minute"},"schema":{"@context":"https:\/\/schema.org","@graph":[{"@type":"WebPage","@id":"https:\/\/www.milanfierehotel.com\/de\/dienstleistungen\/dienstleistungen-fuer-familien\/","url":"https:\/\/www.milanfierehotel.com\/de\/dienstleistungen\/dienstleistungen-fuer-familien\/","name":"Serviceleistungen f\u00fcr Familien: Kindermen\u00fcs, Spielbereich | voco\u00ae Milan-Fiere","isPartOf":{"@id":"https:\/\/www.milanfierehotel.com\/de\/#website"},"datePublished":"2022-07-01T14:32:51+00:00","dateModified":"2022-08-31T11:49:04+00:00","description":"Sie sind im Familienurlaub? Nutzen Sie unsere Serviceleistungen f\u00fcr Familien: Zimmer mit Verbindungst\u00fcr, Kindermen\u00fcs, Spielbereich, Wellnessbereich. Erfahren Sie mehr!","breadcrumb":{"@id":"https:\/\/www.milanfierehotel.com\/de\/dienstleistungen\/dienstleistungen-fuer-familien\/#breadcrumb"},"inLanguage":"de-DE","potentialAction":[{"@type":"ReadAction","target":["https:\/\/www.milanfierehotel.com\/de\/dienstleistungen\/dienstleistungen-fuer-familien\/"]}]},{"@type":"BreadcrumbList","@id":"https:\/\/www.milanfierehotel.com\/de\/dienstleistungen\/dienstleistungen-fuer-familien\/#breadcrumb","itemListElement":[{"@type":"ListItem","position":1,"name":"Home","item":"https:\/\/www.milanfierehotel.com\/de\/"},{"@type":"ListItem","position":2,"name":"Dienstleistungen","item":"https:\/\/www.milanfierehotel.com\/de\/dienstleistungen\/"},{"@type":"ListItem","position":3,"name":"Dienstleistungen f\u00fcr Familien"}]},{"@type":"WebSite","@id":"https:\/\/www.milanfierehotel.com\/de\/#website","url":"https:\/\/www.milanfierehotel.com\/de\/","name":"Voco Milan Fiere","description":"Just another ms.decms.eu site","publisher":{"@id":"https:\/\/www.milanfierehotel.com\/de\/#organization"},"potentialAction":[{"@type":"SearchAction","target":{"@type":"EntryPoint","urlTemplate":"https:\/\/www.milanfierehotel.com\/de\/?s={search_term_string}"},"query-input":{"@type":"PropertyValueSpecification","valueRequired":true,"valueName":"search_term_string"}}],"inLanguage":"de-DE"},{"@type":"Organization","@id":"https:\/\/www.milanfierehotel.com\/de\/#organization","name":"Voco Milano Fiere","url":"https:\/\/www.milanfierehotel.com\/de\/","logo":{"@type":"ImageObject","inLanguage":"de-DE","@id":"https:\/\/www.milanfierehotel.com\/de\/#\/schema\/logo\/image\/","url":"https:\/\/www.milanfierehotel.com\/wp-content\/uploads\/sites\/402\/2022\/07\/02-Hotel-Reception-voco-Milan-Fiere.jpg","contentUrl":"https:\/\/www.milanfierehotel.com\/wp-content\/uploads\/sites\/402\/2022\/07\/02-Hotel-Reception-voco-Milan-Fiere.jpg","width":2200,"height":1200,"caption":"Voco Milano Fiere"},"image":{"@id":"https:\/\/www.milanfierehotel.com\/de\/#\/schema\/logo\/image\/"}}]}},"acf":[],"_links":{"self":[{"href":"https:\/\/www.milanfierehotel.com\/de\/wp-json\/wp\/v2\/pages\/515","targetHints":{"allow":["GET"]}}],"collection":[{"href":"https:\/\/www.milanfierehotel.com\/de\/wp-json\/wp\/v2\/pages"}],"about":[{"href":"https:\/\/www.milanfierehotel.com\/de\/wp-json\/wp\/v2\/types\/page"}],"author":[{"embeddable":true,"href":"https:\/\/www.milanfierehotel.com\/de\/wp-json\/wp\/v2\/users\/6"}],"replies":[{"embeddable":true,"href":"https:\/\/www.milanfierehotel.com\/de\/wp-json\/wp\/v2\/comments?post=515"}],"version-history":[{"count":0,"href":"https:\/\/www.milanfierehotel.com\/de\/wp-json\/wp\/v2\/pages\/515\/revisions"}],"up":[{"embeddable":true,"href":"https:\/\/www.milanfierehotel.com\/de\/wp-json\/wp\/v2\/pages\/505"}],"wp:attachment":[{"href":"https:\/\/www.milanfierehotel.com\/de\/wp-json\/wp\/v2\/media?parent=515"}],"curies":[{"name":"wp","href":"https:\/\/api.w.org\/{rel}","templated":true}]}}