{"id":517,"date":"2022-07-01T14:34:54","date_gmt":"2022-07-01T14:34:54","guid":{"rendered":"https:\/\/vocomilanfieredefinitive.ms.decms.eu\/servizi\/servizi-per-animali\/"},"modified":"2022-08-31T11:49:20","modified_gmt":"2022-08-31T11:49:20","slug":"dienstleistungen-fuer-tiere","status":"publish","type":"page","link":"https:\/\/www.milanfierehotel.com\/de\/dienstleistungen\/dienstleistungen-fuer-tiere\/","title":{"rendered":"Dienstleistungen f\u00fcr Tiere"},"content":{"rendered":"<p><span style=\"font-weight: 400;\">Warum sollten Sie Ihren besten Freund zu Hause oder in einer traurigen Tierpension lassen, wenn Sie ihn oder sie mit in den Urlaub nehmen k\u00f6nnen?\u00a0 Bei voco\u00ae Milan-Fiere ist Ihr <\/span><b>vierbeiniger Freund<\/b><span style=\"font-weight: 400;\"> immer <\/span><b>willkommen<\/b><span style=\"font-weight: 400;\">.\u00a0<\/span><\/p>\n<p><span style=\"font-weight: 400;\">Um die Sicherheit all unserer G\u00e4ste zu gew\u00e4hrleisten und allen Bed\u00fcrfnissen gerecht zu werden, bitten wir darum, unsere <\/span><b>Haustierrichtlinien zu akzeptieren und <\/b><span style=\"font-weight: 400;\">in allen <\/span><b>\u00f6ffentlichen Bereichen<\/b><span style=\"font-weight: 400;\"> des Hotels eine <\/span><b>Leine und ein Halsband<\/b><span style=\"font-weight: 400;\"> verwenden. <\/span><\/p>\n","protected":false},"excerpt":{"rendered":"<p>Warum sollten Sie Ihren besten Freund zu Hause oder in einer traurigen Tierpension lassen, wenn Sie ihn oder sie mit in den Urlaub nehmen k\u00f6nnen?\u00a0 Bei voco\u00ae Milan-Fiere ist Ihr vierbeiniger Freund immer willkommen.\u00a0 Um die Sicherheit all unserer G\u00e4ste zu gew\u00e4hrleisten und allen Bed\u00fcrfnissen gerecht zu werden, bitten wir darum, unsere Haustierrichtlinien zu akzeptieren [&hellip;]<\/p>\n","protected":false},"author":6,"featured_media":0,"parent":505,"menu_order":66,"comment_status":"closed","ping_status":"closed","template":"template-default-4.php","meta":{"footnotes":""},"class_list":["post-517","page","type-page","status-publish","hentry"],"yoast_head":"<!-- This site is optimized with the Yoast SEO plugin v26.9 - https:\/\/yoast.com\/product\/yoast-seo-wordpress\/ -->\n<title>Haustierfreundliches 4-Stern-Hotel Mailand | voco\u00ae Milan-Fiere<\/title>\n<meta name=\"description\" content=\"Sie m\u00f6chten ein Hotel genie\u00dfen, in dem Haustiere erlaubt sind? Im voco\u00ae Hotel sind sie herzlich willkommen! Genie\u00dfen Sie den Aufenthalt mit Ihrem vierbeinigen Freund. Mehr erfahren.\" \/>\n<meta name=\"robots\" content=\"index, follow, max-snippet:-1, max-image-preview:large, max-video-preview:-1\" \/>\n<link rel=\"canonical\" href=\"https:\/\/www.milanfierehotel.com\/de\/dienstleistungen\/dienstleistungen-fuer-tiere\/\" \/>\n<meta property=\"og:locale\" content=\"de_DE\" \/>\n<meta property=\"og:type\" content=\"article\" \/>\n<meta property=\"og:title\" content=\"Haustierfreundliches 4-Stern-Hotel Mailand | voco\u00ae Milan-Fiere\" \/>\n<meta property=\"og:description\" content=\"Sie m\u00f6chten ein Hotel genie\u00dfen, in dem Haustiere erlaubt sind? Im voco\u00ae Hotel sind sie herzlich willkommen! Genie\u00dfen Sie den Aufenthalt mit Ihrem vierbeinigen Freund. Mehr erfahren.\" \/>\n<meta property=\"og:url\" content=\"https:\/\/www.milanfierehotel.com\/de\/dienstleistungen\/dienstleistungen-fuer-tiere\/\" \/>\n<meta property=\"og:site_name\" content=\"Voco Milan Fiere\" \/>\n<meta property=\"article:modified_time\" content=\"2022-08-31T11:49:20+00:00\" \/>\n<meta name=\"twitter:card\" content=\"summary_large_image\" \/>\n<meta name=\"twitter:label1\" content=\"Gesch\u00e4tzte Lesezeit\" \/>\n\t<meta name=\"twitter:data1\" content=\"1 Minute\" \/>\n<script type=\"application\/ld+json\" class=\"yoast-schema-graph\">{\"@context\":\"https:\/\/schema.org\",\"@graph\":[{\"@type\":\"WebPage\",\"@id\":\"https:\/\/www.milanfierehotel.com\/de\/dienstleistungen\/dienstleistungen-fuer-tiere\/\",\"url\":\"https:\/\/www.milanfierehotel.com\/de\/dienstleistungen\/dienstleistungen-fuer-tiere\/\",\"name\":\"Haustierfreundliches 4-Stern-Hotel Mailand | voco\u00ae Milan-Fiere\",\"isPartOf\":{\"@id\":\"https:\/\/www.milanfierehotel.com\/de\/#website\"},\"datePublished\":\"2022-07-01T14:34:54+00:00\",\"dateModified\":\"2022-08-31T11:49:20+00:00\",\"description\":\"Sie m\u00f6chten ein Hotel genie\u00dfen, in dem Haustiere erlaubt sind? Im voco\u00ae Hotel sind sie herzlich willkommen! Genie\u00dfen Sie den Aufenthalt mit Ihrem vierbeinigen Freund. Mehr erfahren.\",\"breadcrumb\":{\"@id\":\"https:\/\/www.milanfierehotel.com\/de\/dienstleistungen\/dienstleistungen-fuer-tiere\/#breadcrumb\"},\"inLanguage\":\"de-DE\",\"potentialAction\":[{\"@type\":\"ReadAction\",\"target\":[\"https:\/\/www.milanfierehotel.com\/de\/dienstleistungen\/dienstleistungen-fuer-tiere\/\"]}]},{\"@type\":\"BreadcrumbList\",\"@id\":\"https:\/\/www.milanfierehotel.com\/de\/dienstleistungen\/dienstleistungen-fuer-tiere\/#breadcrumb\",\"itemListElement\":[{\"@type\":\"ListItem\",\"position\":1,\"name\":\"Home\",\"item\":\"https:\/\/www.milanfierehotel.com\/de\/\"},{\"@type\":\"ListItem\",\"position\":2,\"name\":\"Dienstleistungen\",\"item\":\"https:\/\/www.milanfierehotel.com\/de\/dienstleistungen\/\"},{\"@type\":\"ListItem\",\"position\":3,\"name\":\"Dienstleistungen f\u00fcr Tiere\"}]},{\"@type\":\"WebSite\",\"@id\":\"https:\/\/www.milanfierehotel.com\/de\/#website\",\"url\":\"https:\/\/www.milanfierehotel.com\/de\/\",\"name\":\"Voco Milan Fiere\",\"description\":\"Just another ms.decms.eu site\",\"publisher\":{\"@id\":\"https:\/\/www.milanfierehotel.com\/de\/#organization\"},\"potentialAction\":[{\"@type\":\"SearchAction\",\"target\":{\"@type\":\"EntryPoint\",\"urlTemplate\":\"https:\/\/www.milanfierehotel.com\/de\/?s={search_term_string}\"},\"query-input\":{\"@type\":\"PropertyValueSpecification\",\"valueRequired\":true,\"valueName\":\"search_term_string\"}}],\"inLanguage\":\"de-DE\"},{\"@type\":\"Organization\",\"@id\":\"https:\/\/www.milanfierehotel.com\/de\/#organization\",\"name\":\"Voco Milano Fiere\",\"url\":\"https:\/\/www.milanfierehotel.com\/de\/\",\"logo\":{\"@type\":\"ImageObject\",\"inLanguage\":\"de-DE\",\"@id\":\"https:\/\/www.milanfierehotel.com\/de\/#\/schema\/logo\/image\/\",\"url\":\"https:\/\/www.milanfierehotel.com\/wp-content\/uploads\/sites\/402\/2022\/07\/02-Hotel-Reception-voco-Milan-Fiere.jpg\",\"contentUrl\":\"https:\/\/www.milanfierehotel.com\/wp-content\/uploads\/sites\/402\/2022\/07\/02-Hotel-Reception-voco-Milan-Fiere.jpg\",\"width\":2200,\"height\":1200,\"caption\":\"Voco Milano Fiere\"},\"image\":{\"@id\":\"https:\/\/www.milanfierehotel.com\/de\/#\/schema\/logo\/image\/\"}}]}<\/script>\n<!-- \/ Yoast SEO plugin. -->","yoast_head_json":{"title":"Haustierfreundliches 4-Stern-Hotel Mailand | voco\u00ae Milan-Fiere","description":"Sie m\u00f6chten ein Hotel genie\u00dfen, in dem Haustiere erlaubt sind? Im voco\u00ae Hotel sind sie herzlich willkommen! Genie\u00dfen Sie den Aufenthalt mit Ihrem vierbeinigen Freund. Mehr erfahren.","robots":{"index":"index","follow":"follow","max-snippet":"max-snippet:-1","max-image-preview":"max-image-preview:large","max-video-preview":"max-video-preview:-1"},"canonical":"https:\/\/www.milanfierehotel.com\/de\/dienstleistungen\/dienstleistungen-fuer-tiere\/","og_locale":"de_DE","og_type":"article","og_title":"Haustierfreundliches 4-Stern-Hotel Mailand | voco\u00ae Milan-Fiere","og_description":"Sie m\u00f6chten ein Hotel genie\u00dfen, in dem Haustiere erlaubt sind? Im voco\u00ae Hotel sind sie herzlich willkommen! Genie\u00dfen Sie den Aufenthalt mit Ihrem vierbeinigen Freund. Mehr erfahren.","og_url":"https:\/\/www.milanfierehotel.com\/de\/dienstleistungen\/dienstleistungen-fuer-tiere\/","og_site_name":"Voco Milan Fiere","article_modified_time":"2022-08-31T11:49:20+00:00","twitter_card":"summary_large_image","twitter_misc":{"Gesch\u00e4tzte Lesezeit":"1 Minute"},"schema":{"@context":"https:\/\/schema.org","@graph":[{"@type":"WebPage","@id":"https:\/\/www.milanfierehotel.com\/de\/dienstleistungen\/dienstleistungen-fuer-tiere\/","url":"https:\/\/www.milanfierehotel.com\/de\/dienstleistungen\/dienstleistungen-fuer-tiere\/","name":"Haustierfreundliches 4-Stern-Hotel Mailand | voco\u00ae Milan-Fiere","isPartOf":{"@id":"https:\/\/www.milanfierehotel.com\/de\/#website"},"datePublished":"2022-07-01T14:34:54+00:00","dateModified":"2022-08-31T11:49:20+00:00","description":"Sie m\u00f6chten ein Hotel genie\u00dfen, in dem Haustiere erlaubt sind? Im voco\u00ae Hotel sind sie herzlich willkommen! Genie\u00dfen Sie den Aufenthalt mit Ihrem vierbeinigen Freund. Mehr erfahren.","breadcrumb":{"@id":"https:\/\/www.milanfierehotel.com\/de\/dienstleistungen\/dienstleistungen-fuer-tiere\/#breadcrumb"},"inLanguage":"de-DE","potentialAction":[{"@type":"ReadAction","target":["https:\/\/www.milanfierehotel.com\/de\/dienstleistungen\/dienstleistungen-fuer-tiere\/"]}]},{"@type":"BreadcrumbList","@id":"https:\/\/www.milanfierehotel.com\/de\/dienstleistungen\/dienstleistungen-fuer-tiere\/#breadcrumb","itemListElement":[{"@type":"ListItem","position":1,"name":"Home","item":"https:\/\/www.milanfierehotel.com\/de\/"},{"@type":"ListItem","position":2,"name":"Dienstleistungen","item":"https:\/\/www.milanfierehotel.com\/de\/dienstleistungen\/"},{"@type":"ListItem","position":3,"name":"Dienstleistungen f\u00fcr Tiere"}]},{"@type":"WebSite","@id":"https:\/\/www.milanfierehotel.com\/de\/#website","url":"https:\/\/www.milanfierehotel.com\/de\/","name":"Voco Milan Fiere","description":"Just another ms.decms.eu site","publisher":{"@id":"https:\/\/www.milanfierehotel.com\/de\/#organization"},"potentialAction":[{"@type":"SearchAction","target":{"@type":"EntryPoint","urlTemplate":"https:\/\/www.milanfierehotel.com\/de\/?s={search_term_string}"},"query-input":{"@type":"PropertyValueSpecification","valueRequired":true,"valueName":"search_term_string"}}],"inLanguage":"de-DE"},{"@type":"Organization","@id":"https:\/\/www.milanfierehotel.com\/de\/#organization","name":"Voco Milano Fiere","url":"https:\/\/www.milanfierehotel.com\/de\/","logo":{"@type":"ImageObject","inLanguage":"de-DE","@id":"https:\/\/www.milanfierehotel.com\/de\/#\/schema\/logo\/image\/","url":"https:\/\/www.milanfierehotel.com\/wp-content\/uploads\/sites\/402\/2022\/07\/02-Hotel-Reception-voco-Milan-Fiere.jpg","contentUrl":"https:\/\/www.milanfierehotel.com\/wp-content\/uploads\/sites\/402\/2022\/07\/02-Hotel-Reception-voco-Milan-Fiere.jpg","width":2200,"height":1200,"caption":"Voco Milano Fiere"},"image":{"@id":"https:\/\/www.milanfierehotel.com\/de\/#\/schema\/logo\/image\/"}}]}},"acf":[],"_links":{"self":[{"href":"https:\/\/www.milanfierehotel.com\/de\/wp-json\/wp\/v2\/pages\/517","targetHints":{"allow":["GET"]}}],"collection":[{"href":"https:\/\/www.milanfierehotel.com\/de\/wp-json\/wp\/v2\/pages"}],"about":[{"href":"https:\/\/www.milanfierehotel.com\/de\/wp-json\/wp\/v2\/types\/page"}],"author":[{"embeddable":true,"href":"https:\/\/www.milanfierehotel.com\/de\/wp-json\/wp\/v2\/users\/6"}],"replies":[{"embeddable":true,"href":"https:\/\/www.milanfierehotel.com\/de\/wp-json\/wp\/v2\/comments?post=517"}],"version-history":[{"count":0,"href":"https:\/\/www.milanfierehotel.com\/de\/wp-json\/wp\/v2\/pages\/517\/revisions"}],"up":[{"embeddable":true,"href":"https:\/\/www.milanfierehotel.com\/de\/wp-json\/wp\/v2\/pages\/505"}],"wp:attachment":[{"href":"https:\/\/www.milanfierehotel.com\/de\/wp-json\/wp\/v2\/media?parent=517"}],"curies":[{"name":"wp","href":"https:\/\/api.w.org\/{rel}","templated":true}]}}