{"id":523,"date":"2022-07-26T10:26:56","date_gmt":"2022-07-26T10:26:56","guid":{"rendered":"https:\/\/vocomilanfieredefinitive.ms.decms.eu\/attivita-e-fiere-a-milano\/"},"modified":"2022-08-31T11:50:32","modified_gmt":"2022-08-31T11:50:32","slug":"aktivitaeten-und-messen-in-mailand","status":"publish","type":"page","link":"https:\/\/www.milanfierehotel.com\/de\/aktivitaeten-und-messen-in-mailand\/","title":{"rendered":"Aktivit\u00e4ten und Messen in Mailand"},"content":{"rendered":"<p><span style=\"font-weight: 400;\">Dank seiner strategischen Lage ist voco\u00ae Milan-Fiere das ideale Hotel f\u00fcr alle, die in der N\u00e4he des Mail\u00e4nder Stadtlebens wohnen m\u00f6chten, ohne sich jedoch mit dem Verkehr und den ZTL-Zonen auseinandersetzen zu m\u00fcssen.<\/span><\/p>\n<p><span style=\"font-weight: 400;\">Nur wenige Minuten von der Autobahnausfahrt und nur drei Minuten vom Mail\u00e4nder <\/span><b>Kongresszentrum<\/b><span style=\"font-weight: 400;\">, der Mail\u00e4nder <\/span><b>Stadtmesse<\/b><span style=\"font-weight: 400;\"> und dem <\/span><b>Messegel\u00e4nde Fiera Milano in Rho<\/b><span style=\"font-weight: 400;\"> entfernt, ist unser Hotel ein hervorragender Ausgangspunkt f\u00fcr <\/span><b>Gesch\u00e4ftsreisende<\/b><span style=\"font-weight: 400;\">, Touristen, <\/span><b>Familien<\/b><span style=\"font-weight: 400;\">, Manager und digitale Nomaden, die die Annehmlichkeiten des Stadtzentrums nutzen und gleichzeitig auf den Stress der Stadt verzichten m\u00f6chten.<\/span><\/p>\n<p><span style=\"font-weight: 400;\">Auch f\u00fcr diejenigen, die umweltfreundlich reisen m\u00f6chten, ist voco\u00ae Milan-Fiere ideal, denn es liegt in einem Gebiet mit guter Anbindung an die \u00f6ffentlichen Verkehrsmittel, so dass das Zentrum von Mailand schnell und einfach zu erreichen ist<\/span><\/p>\n","protected":false},"excerpt":{"rendered":"<p>Dank seiner strategischen Lage ist voco\u00ae Milan-Fiere das ideale Hotel f\u00fcr alle, die in der N\u00e4he des Mail\u00e4nder Stadtlebens wohnen m\u00f6chten, ohne sich jedoch mit dem Verkehr und den ZTL-Zonen auseinandersetzen zu m\u00fcssen. Nur wenige Minuten von der Autobahnausfahrt und nur drei Minuten vom Mail\u00e4nder Kongresszentrum, der Mail\u00e4nder Stadtmesse und dem Messegel\u00e4nde Fiera Milano in [&hellip;]<\/p>\n","protected":false},"author":6,"featured_media":0,"parent":0,"menu_order":90,"comment_status":"closed","ping_status":"closed","template":"","meta":{"footnotes":""},"class_list":["post-523","page","type-page","status-publish","hentry"],"yoast_head":"<!-- This site is optimized with the Yoast SEO plugin v26.9 - https:\/\/yoast.com\/product\/yoast-seo-wordpress\/ -->\n<title>Messen, Aktivit\u00e4ten, Veranstaltungen in Mailand | voco\u00ae Milan 4-Stern-Hotel<\/title>\n<meta name=\"description\" content=\"Nutzen Sie Vorteile f\u00fcr Arbeitnehmer, die eine Unterkunft f\u00fcr Messen und Veranstaltungen in Mailand brauchen. Erfahren Sie mehr \u00fcber die speziellen Serviceleistungen der voco\u00ae Hotels!\" \/>\n<meta name=\"robots\" content=\"index, follow, max-snippet:-1, max-image-preview:large, max-video-preview:-1\" \/>\n<link rel=\"canonical\" href=\"https:\/\/www.milanfierehotel.com\/de\/aktivitaeten-und-messen-in-mailand\/\" \/>\n<meta property=\"og:locale\" content=\"de_DE\" \/>\n<meta property=\"og:type\" content=\"article\" \/>\n<meta property=\"og:title\" content=\"Messen, Aktivit\u00e4ten, Veranstaltungen in Mailand | voco\u00ae Milan 4-Stern-Hotel\" \/>\n<meta property=\"og:description\" content=\"Nutzen Sie Vorteile f\u00fcr Arbeitnehmer, die eine Unterkunft f\u00fcr Messen und Veranstaltungen in Mailand brauchen. Erfahren Sie mehr \u00fcber die speziellen Serviceleistungen der voco\u00ae Hotels!\" \/>\n<meta property=\"og:url\" content=\"https:\/\/www.milanfierehotel.com\/de\/aktivitaeten-und-messen-in-mailand\/\" \/>\n<meta property=\"og:site_name\" content=\"Voco Milan Fiere\" \/>\n<meta property=\"article:modified_time\" content=\"2022-08-31T11:50:32+00:00\" \/>\n<meta name=\"twitter:card\" content=\"summary_large_image\" \/>\n<meta name=\"twitter:label1\" content=\"Gesch\u00e4tzte Lesezeit\" \/>\n\t<meta name=\"twitter:data1\" content=\"1 Minute\" \/>\n<script type=\"application\/ld+json\" class=\"yoast-schema-graph\">{\"@context\":\"https:\/\/schema.org\",\"@graph\":[{\"@type\":\"WebPage\",\"@id\":\"https:\/\/www.milanfierehotel.com\/de\/aktivitaeten-und-messen-in-mailand\/\",\"url\":\"https:\/\/www.milanfierehotel.com\/de\/aktivitaeten-und-messen-in-mailand\/\",\"name\":\"Messen, Aktivit\u00e4ten, Veranstaltungen in Mailand | voco\u00ae Milan 4-Stern-Hotel\",\"isPartOf\":{\"@id\":\"https:\/\/www.milanfierehotel.com\/de\/#website\"},\"datePublished\":\"2022-07-26T10:26:56+00:00\",\"dateModified\":\"2022-08-31T11:50:32+00:00\",\"description\":\"Nutzen Sie Vorteile f\u00fcr Arbeitnehmer, die eine Unterkunft f\u00fcr Messen und Veranstaltungen in Mailand brauchen. Erfahren Sie mehr \u00fcber die speziellen Serviceleistungen der voco\u00ae Hotels!\",\"breadcrumb\":{\"@id\":\"https:\/\/www.milanfierehotel.com\/de\/aktivitaeten-und-messen-in-mailand\/#breadcrumb\"},\"inLanguage\":\"de-DE\",\"potentialAction\":[{\"@type\":\"ReadAction\",\"target\":[\"https:\/\/www.milanfierehotel.com\/de\/aktivitaeten-und-messen-in-mailand\/\"]}]},{\"@type\":\"BreadcrumbList\",\"@id\":\"https:\/\/www.milanfierehotel.com\/de\/aktivitaeten-und-messen-in-mailand\/#breadcrumb\",\"itemListElement\":[{\"@type\":\"ListItem\",\"position\":1,\"name\":\"Home\",\"item\":\"https:\/\/www.milanfierehotel.com\/de\/\"},{\"@type\":\"ListItem\",\"position\":2,\"name\":\"Aktivit\u00e4ten und Messen in Mailand\"}]},{\"@type\":\"WebSite\",\"@id\":\"https:\/\/www.milanfierehotel.com\/de\/#website\",\"url\":\"https:\/\/www.milanfierehotel.com\/de\/\",\"name\":\"Voco Milan Fiere\",\"description\":\"Just another ms.decms.eu site\",\"publisher\":{\"@id\":\"https:\/\/www.milanfierehotel.com\/de\/#organization\"},\"potentialAction\":[{\"@type\":\"SearchAction\",\"target\":{\"@type\":\"EntryPoint\",\"urlTemplate\":\"https:\/\/www.milanfierehotel.com\/de\/?s={search_term_string}\"},\"query-input\":{\"@type\":\"PropertyValueSpecification\",\"valueRequired\":true,\"valueName\":\"search_term_string\"}}],\"inLanguage\":\"de-DE\"},{\"@type\":\"Organization\",\"@id\":\"https:\/\/www.milanfierehotel.com\/de\/#organization\",\"name\":\"Voco Milano Fiere\",\"url\":\"https:\/\/www.milanfierehotel.com\/de\/\",\"logo\":{\"@type\":\"ImageObject\",\"inLanguage\":\"de-DE\",\"@id\":\"https:\/\/www.milanfierehotel.com\/de\/#\/schema\/logo\/image\/\",\"url\":\"https:\/\/www.milanfierehotel.com\/wp-content\/uploads\/sites\/402\/2022\/07\/02-Hotel-Reception-voco-Milan-Fiere.jpg\",\"contentUrl\":\"https:\/\/www.milanfierehotel.com\/wp-content\/uploads\/sites\/402\/2022\/07\/02-Hotel-Reception-voco-Milan-Fiere.jpg\",\"width\":2200,\"height\":1200,\"caption\":\"Voco Milano Fiere\"},\"image\":{\"@id\":\"https:\/\/www.milanfierehotel.com\/de\/#\/schema\/logo\/image\/\"}}]}<\/script>\n<!-- \/ Yoast SEO plugin. -->","yoast_head_json":{"title":"Messen, Aktivit\u00e4ten, Veranstaltungen in Mailand | voco\u00ae Milan 4-Stern-Hotel","description":"Nutzen Sie Vorteile f\u00fcr Arbeitnehmer, die eine Unterkunft f\u00fcr Messen und Veranstaltungen in Mailand brauchen. Erfahren Sie mehr \u00fcber die speziellen Serviceleistungen der voco\u00ae Hotels!","robots":{"index":"index","follow":"follow","max-snippet":"max-snippet:-1","max-image-preview":"max-image-preview:large","max-video-preview":"max-video-preview:-1"},"canonical":"https:\/\/www.milanfierehotel.com\/de\/aktivitaeten-und-messen-in-mailand\/","og_locale":"de_DE","og_type":"article","og_title":"Messen, Aktivit\u00e4ten, Veranstaltungen in Mailand | voco\u00ae Milan 4-Stern-Hotel","og_description":"Nutzen Sie Vorteile f\u00fcr Arbeitnehmer, die eine Unterkunft f\u00fcr Messen und Veranstaltungen in Mailand brauchen. Erfahren Sie mehr \u00fcber die speziellen Serviceleistungen der voco\u00ae Hotels!","og_url":"https:\/\/www.milanfierehotel.com\/de\/aktivitaeten-und-messen-in-mailand\/","og_site_name":"Voco Milan Fiere","article_modified_time":"2022-08-31T11:50:32+00:00","twitter_card":"summary_large_image","twitter_misc":{"Gesch\u00e4tzte Lesezeit":"1 Minute"},"schema":{"@context":"https:\/\/schema.org","@graph":[{"@type":"WebPage","@id":"https:\/\/www.milanfierehotel.com\/de\/aktivitaeten-und-messen-in-mailand\/","url":"https:\/\/www.milanfierehotel.com\/de\/aktivitaeten-und-messen-in-mailand\/","name":"Messen, Aktivit\u00e4ten, Veranstaltungen in Mailand | voco\u00ae Milan 4-Stern-Hotel","isPartOf":{"@id":"https:\/\/www.milanfierehotel.com\/de\/#website"},"datePublished":"2022-07-26T10:26:56+00:00","dateModified":"2022-08-31T11:50:32+00:00","description":"Nutzen Sie Vorteile f\u00fcr Arbeitnehmer, die eine Unterkunft f\u00fcr Messen und Veranstaltungen in Mailand brauchen. Erfahren Sie mehr \u00fcber die speziellen Serviceleistungen der voco\u00ae Hotels!","breadcrumb":{"@id":"https:\/\/www.milanfierehotel.com\/de\/aktivitaeten-und-messen-in-mailand\/#breadcrumb"},"inLanguage":"de-DE","potentialAction":[{"@type":"ReadAction","target":["https:\/\/www.milanfierehotel.com\/de\/aktivitaeten-und-messen-in-mailand\/"]}]},{"@type":"BreadcrumbList","@id":"https:\/\/www.milanfierehotel.com\/de\/aktivitaeten-und-messen-in-mailand\/#breadcrumb","itemListElement":[{"@type":"ListItem","position":1,"name":"Home","item":"https:\/\/www.milanfierehotel.com\/de\/"},{"@type":"ListItem","position":2,"name":"Aktivit\u00e4ten und Messen in Mailand"}]},{"@type":"WebSite","@id":"https:\/\/www.milanfierehotel.com\/de\/#website","url":"https:\/\/www.milanfierehotel.com\/de\/","name":"Voco Milan Fiere","description":"Just another ms.decms.eu site","publisher":{"@id":"https:\/\/www.milanfierehotel.com\/de\/#organization"},"potentialAction":[{"@type":"SearchAction","target":{"@type":"EntryPoint","urlTemplate":"https:\/\/www.milanfierehotel.com\/de\/?s={search_term_string}"},"query-input":{"@type":"PropertyValueSpecification","valueRequired":true,"valueName":"search_term_string"}}],"inLanguage":"de-DE"},{"@type":"Organization","@id":"https:\/\/www.milanfierehotel.com\/de\/#organization","name":"Voco Milano Fiere","url":"https:\/\/www.milanfierehotel.com\/de\/","logo":{"@type":"ImageObject","inLanguage":"de-DE","@id":"https:\/\/www.milanfierehotel.com\/de\/#\/schema\/logo\/image\/","url":"https:\/\/www.milanfierehotel.com\/wp-content\/uploads\/sites\/402\/2022\/07\/02-Hotel-Reception-voco-Milan-Fiere.jpg","contentUrl":"https:\/\/www.milanfierehotel.com\/wp-content\/uploads\/sites\/402\/2022\/07\/02-Hotel-Reception-voco-Milan-Fiere.jpg","width":2200,"height":1200,"caption":"Voco Milano Fiere"},"image":{"@id":"https:\/\/www.milanfierehotel.com\/de\/#\/schema\/logo\/image\/"}}]}},"acf":[],"_links":{"self":[{"href":"https:\/\/www.milanfierehotel.com\/de\/wp-json\/wp\/v2\/pages\/523","targetHints":{"allow":["GET"]}}],"collection":[{"href":"https:\/\/www.milanfierehotel.com\/de\/wp-json\/wp\/v2\/pages"}],"about":[{"href":"https:\/\/www.milanfierehotel.com\/de\/wp-json\/wp\/v2\/types\/page"}],"author":[{"embeddable":true,"href":"https:\/\/www.milanfierehotel.com\/de\/wp-json\/wp\/v2\/users\/6"}],"replies":[{"embeddable":true,"href":"https:\/\/www.milanfierehotel.com\/de\/wp-json\/wp\/v2\/comments?post=523"}],"version-history":[{"count":0,"href":"https:\/\/www.milanfierehotel.com\/de\/wp-json\/wp\/v2\/pages\/523\/revisions"}],"wp:attachment":[{"href":"https:\/\/www.milanfierehotel.com\/de\/wp-json\/wp\/v2\/media?parent=523"}],"curies":[{"name":"wp","href":"https:\/\/api.w.org\/{rel}","templated":true}]}}