{"id":525,"date":"2022-07-26T10:27:29","date_gmt":"2022-07-26T10:27:29","guid":{"rendered":"https:\/\/vocomilanfieredefinitive.ms.decms.eu\/attivita-e-fiere-a-milano\/fiere-e-congressi\/"},"modified":"2025-09-05T13:09:34","modified_gmt":"2025-09-05T13:09:34","slug":"messen-und-kongresse","status":"publish","type":"page","link":"https:\/\/www.milanfierehotel.com\/de\/aktivitaeten-und-messen-in-mailand\/messen-und-kongresse\/","title":{"rendered":"Messen und Kongresse"},"content":{"rendered":"<p><span style=\"font-weight: 400\">In der N\u00e4he der gr\u00f6\u00dften Messezentren Mailands ist voco\u00ae Milan-Fiere die ideale L\u00f6sung f\u00fcr Gesch\u00e4ftsreisende, die st\u00e4ndig unterwegs sind. Unser Hotel ist f\u00fcr alle Arten von <\/span><b>Gesch\u00e4ftsreisenden<\/b><span style=\"font-weight: 400\"> geeignet und bietet den Komfort eines Vier-Sterne-Hotels, <\/span><b>gro\u00dfe R\u00e4ume <\/b><span style=\"font-weight: 400\">mit einer gem\u00fctlichen Atmosph\u00e4re und einem<\/span><b> Designer-Dekor<\/b><span style=\"font-weight: 400\">, das ideal zum Entspannen nach einem langen Tag in Italiens Modehauptstadt ist.<\/span><\/p>\n<p><span style=\"font-weight: 400\">Wenn Sie eine Unterkunft <\/span><b>in der N\u00e4he der wichtigsten Messezentren<\/b><span style=\"font-weight: 400\"> wie Rho, Fiera Milano, MiCo Convention Center und MIND Milano Innovation District suchen, entscheiden Sie sich f\u00fcr <\/span><b>voco\u00ae Milan-Fiere, ein 4-Sterne-Lifestyle-Hotel<\/b><span style=\"font-weight: 400\">, das Sie mit seinen zahlreichen Dienstleistungen f\u00fcr Gesch\u00e4ftsreisende \u00fcberzeugen wird!\u00a0<\/span><\/p>\n","protected":false},"excerpt":{"rendered":"<p>In der N\u00e4he der gr\u00f6\u00dften Messezentren Mailands ist voco\u00ae Milan-Fiere die ideale L\u00f6sung f\u00fcr Gesch\u00e4ftsreisende, die st\u00e4ndig unterwegs sind. Unser Hotel ist f\u00fcr alle Arten von Gesch\u00e4ftsreisenden geeignet und bietet den Komfort eines Vier-Sterne-Hotels, gro\u00dfe R\u00e4ume mit einer gem\u00fctlichen Atmosph\u00e4re und einem Designer-Dekor, das ideal zum Entspannen nach einem langen Tag in Italiens Modehauptstadt ist. [&hellip;]<\/p>\n","protected":false},"author":6,"featured_media":0,"parent":523,"menu_order":91,"comment_status":"closed","ping_status":"closed","template":"","meta":{"footnotes":""},"class_list":["post-525","page","type-page","status-publish","hentry"],"yoast_head":"<!-- This site is optimized with the Yoast SEO plugin v26.9 - https:\/\/yoast.com\/product\/yoast-seo-wordpress\/ -->\n<title>Messen und Kongresse in Mailand: Unterk\u00fcnfte | voco\u00ae Milan<\/title>\n<meta name=\"description\" content=\"Sie reisen zu Messen und Kongressen nach Mailand? Das voco\u00ae ist das Hotel, das am n\u00e4chsten zu den wichtigsten Messeveranstaltungen liegt. Erfahren Sie mehr \u00fcber die exklusiven Serviceleistungen von voco\u00ae Milan-Fiere!\" \/>\n<meta name=\"robots\" content=\"index, follow, max-snippet:-1, max-image-preview:large, max-video-preview:-1\" \/>\n<link rel=\"canonical\" href=\"https:\/\/www.milanfierehotel.com\/de\/aktivitaeten-und-messen-in-mailand\/messen-und-kongresse\/\" \/>\n<meta property=\"og:locale\" content=\"de_DE\" \/>\n<meta property=\"og:type\" content=\"article\" \/>\n<meta property=\"og:title\" content=\"Messen und Kongresse in Mailand: Unterk\u00fcnfte | voco\u00ae Milan\" \/>\n<meta property=\"og:description\" content=\"Sie reisen zu Messen und Kongressen nach Mailand? Das voco\u00ae ist das Hotel, das am n\u00e4chsten zu den wichtigsten Messeveranstaltungen liegt. Erfahren Sie mehr \u00fcber die exklusiven Serviceleistungen von voco\u00ae Milan-Fiere!\" \/>\n<meta property=\"og:url\" content=\"https:\/\/www.milanfierehotel.com\/de\/aktivitaeten-und-messen-in-mailand\/messen-und-kongresse\/\" \/>\n<meta property=\"og:site_name\" content=\"Voco Milan Fiere\" \/>\n<meta property=\"article:modified_time\" content=\"2025-09-05T13:09:34+00:00\" \/>\n<meta name=\"twitter:card\" content=\"summary_large_image\" \/>\n<meta name=\"twitter:label1\" content=\"Gesch\u00e4tzte Lesezeit\" \/>\n\t<meta name=\"twitter:data1\" content=\"1 Minute\" \/>\n<script type=\"application\/ld+json\" class=\"yoast-schema-graph\">{\"@context\":\"https:\/\/schema.org\",\"@graph\":[{\"@type\":\"WebPage\",\"@id\":\"https:\/\/www.milanfierehotel.com\/de\/aktivitaeten-und-messen-in-mailand\/messen-und-kongresse\/\",\"url\":\"https:\/\/www.milanfierehotel.com\/de\/aktivitaeten-und-messen-in-mailand\/messen-und-kongresse\/\",\"name\":\"Messen und Kongresse in Mailand: Unterk\u00fcnfte | voco\u00ae Milan\",\"isPartOf\":{\"@id\":\"https:\/\/www.milanfierehotel.com\/de\/#website\"},\"datePublished\":\"2022-07-26T10:27:29+00:00\",\"dateModified\":\"2025-09-05T13:09:34+00:00\",\"description\":\"Sie reisen zu Messen und Kongressen nach Mailand? Das voco\u00ae ist das Hotel, das am n\u00e4chsten zu den wichtigsten Messeveranstaltungen liegt. Erfahren Sie mehr \u00fcber die exklusiven Serviceleistungen von voco\u00ae Milan-Fiere!\",\"breadcrumb\":{\"@id\":\"https:\/\/www.milanfierehotel.com\/de\/aktivitaeten-und-messen-in-mailand\/messen-und-kongresse\/#breadcrumb\"},\"inLanguage\":\"de-DE\",\"potentialAction\":[{\"@type\":\"ReadAction\",\"target\":[\"https:\/\/www.milanfierehotel.com\/de\/aktivitaeten-und-messen-in-mailand\/messen-und-kongresse\/\"]}]},{\"@type\":\"BreadcrumbList\",\"@id\":\"https:\/\/www.milanfierehotel.com\/de\/aktivitaeten-und-messen-in-mailand\/messen-und-kongresse\/#breadcrumb\",\"itemListElement\":[{\"@type\":\"ListItem\",\"position\":1,\"name\":\"Home\",\"item\":\"https:\/\/www.milanfierehotel.com\/de\/\"},{\"@type\":\"ListItem\",\"position\":2,\"name\":\"Aktivit\u00e4ten und Messen in Mailand\",\"item\":\"https:\/\/www.milanfierehotel.com\/de\/aktivitaeten-und-messen-in-mailand\/\"},{\"@type\":\"ListItem\",\"position\":3,\"name\":\"Messen und Kongresse\"}]},{\"@type\":\"WebSite\",\"@id\":\"https:\/\/www.milanfierehotel.com\/de\/#website\",\"url\":\"https:\/\/www.milanfierehotel.com\/de\/\",\"name\":\"Voco Milan Fiere\",\"description\":\"Just another ms.decms.eu site\",\"publisher\":{\"@id\":\"https:\/\/www.milanfierehotel.com\/de\/#organization\"},\"potentialAction\":[{\"@type\":\"SearchAction\",\"target\":{\"@type\":\"EntryPoint\",\"urlTemplate\":\"https:\/\/www.milanfierehotel.com\/de\/?s={search_term_string}\"},\"query-input\":{\"@type\":\"PropertyValueSpecification\",\"valueRequired\":true,\"valueName\":\"search_term_string\"}}],\"inLanguage\":\"de-DE\"},{\"@type\":\"Organization\",\"@id\":\"https:\/\/www.milanfierehotel.com\/de\/#organization\",\"name\":\"Voco Milano Fiere\",\"url\":\"https:\/\/www.milanfierehotel.com\/de\/\",\"logo\":{\"@type\":\"ImageObject\",\"inLanguage\":\"de-DE\",\"@id\":\"https:\/\/www.milanfierehotel.com\/de\/#\/schema\/logo\/image\/\",\"url\":\"https:\/\/www.milanfierehotel.com\/wp-content\/uploads\/sites\/402\/2022\/07\/02-Hotel-Reception-voco-Milan-Fiere.jpg\",\"contentUrl\":\"https:\/\/www.milanfierehotel.com\/wp-content\/uploads\/sites\/402\/2022\/07\/02-Hotel-Reception-voco-Milan-Fiere.jpg\",\"width\":2200,\"height\":1200,\"caption\":\"Voco Milano Fiere\"},\"image\":{\"@id\":\"https:\/\/www.milanfierehotel.com\/de\/#\/schema\/logo\/image\/\"}}]}<\/script>\n<!-- \/ Yoast SEO plugin. -->","yoast_head_json":{"title":"Messen und Kongresse in Mailand: Unterk\u00fcnfte | voco\u00ae Milan","description":"Sie reisen zu Messen und Kongressen nach Mailand? Das voco\u00ae ist das Hotel, das am n\u00e4chsten zu den wichtigsten Messeveranstaltungen liegt. Erfahren Sie mehr \u00fcber die exklusiven Serviceleistungen von voco\u00ae Milan-Fiere!","robots":{"index":"index","follow":"follow","max-snippet":"max-snippet:-1","max-image-preview":"max-image-preview:large","max-video-preview":"max-video-preview:-1"},"canonical":"https:\/\/www.milanfierehotel.com\/de\/aktivitaeten-und-messen-in-mailand\/messen-und-kongresse\/","og_locale":"de_DE","og_type":"article","og_title":"Messen und Kongresse in Mailand: Unterk\u00fcnfte | voco\u00ae Milan","og_description":"Sie reisen zu Messen und Kongressen nach Mailand? Das voco\u00ae ist das Hotel, das am n\u00e4chsten zu den wichtigsten Messeveranstaltungen liegt. Erfahren Sie mehr \u00fcber die exklusiven Serviceleistungen von voco\u00ae Milan-Fiere!","og_url":"https:\/\/www.milanfierehotel.com\/de\/aktivitaeten-und-messen-in-mailand\/messen-und-kongresse\/","og_site_name":"Voco Milan Fiere","article_modified_time":"2025-09-05T13:09:34+00:00","twitter_card":"summary_large_image","twitter_misc":{"Gesch\u00e4tzte Lesezeit":"1 Minute"},"schema":{"@context":"https:\/\/schema.org","@graph":[{"@type":"WebPage","@id":"https:\/\/www.milanfierehotel.com\/de\/aktivitaeten-und-messen-in-mailand\/messen-und-kongresse\/","url":"https:\/\/www.milanfierehotel.com\/de\/aktivitaeten-und-messen-in-mailand\/messen-und-kongresse\/","name":"Messen und Kongresse in Mailand: Unterk\u00fcnfte | voco\u00ae Milan","isPartOf":{"@id":"https:\/\/www.milanfierehotel.com\/de\/#website"},"datePublished":"2022-07-26T10:27:29+00:00","dateModified":"2025-09-05T13:09:34+00:00","description":"Sie reisen zu Messen und Kongressen nach Mailand? Das voco\u00ae ist das Hotel, das am n\u00e4chsten zu den wichtigsten Messeveranstaltungen liegt. Erfahren Sie mehr \u00fcber die exklusiven Serviceleistungen von voco\u00ae Milan-Fiere!","breadcrumb":{"@id":"https:\/\/www.milanfierehotel.com\/de\/aktivitaeten-und-messen-in-mailand\/messen-und-kongresse\/#breadcrumb"},"inLanguage":"de-DE","potentialAction":[{"@type":"ReadAction","target":["https:\/\/www.milanfierehotel.com\/de\/aktivitaeten-und-messen-in-mailand\/messen-und-kongresse\/"]}]},{"@type":"BreadcrumbList","@id":"https:\/\/www.milanfierehotel.com\/de\/aktivitaeten-und-messen-in-mailand\/messen-und-kongresse\/#breadcrumb","itemListElement":[{"@type":"ListItem","position":1,"name":"Home","item":"https:\/\/www.milanfierehotel.com\/de\/"},{"@type":"ListItem","position":2,"name":"Aktivit\u00e4ten und Messen in Mailand","item":"https:\/\/www.milanfierehotel.com\/de\/aktivitaeten-und-messen-in-mailand\/"},{"@type":"ListItem","position":3,"name":"Messen und Kongresse"}]},{"@type":"WebSite","@id":"https:\/\/www.milanfierehotel.com\/de\/#website","url":"https:\/\/www.milanfierehotel.com\/de\/","name":"Voco Milan Fiere","description":"Just another ms.decms.eu site","publisher":{"@id":"https:\/\/www.milanfierehotel.com\/de\/#organization"},"potentialAction":[{"@type":"SearchAction","target":{"@type":"EntryPoint","urlTemplate":"https:\/\/www.milanfierehotel.com\/de\/?s={search_term_string}"},"query-input":{"@type":"PropertyValueSpecification","valueRequired":true,"valueName":"search_term_string"}}],"inLanguage":"de-DE"},{"@type":"Organization","@id":"https:\/\/www.milanfierehotel.com\/de\/#organization","name":"Voco Milano Fiere","url":"https:\/\/www.milanfierehotel.com\/de\/","logo":{"@type":"ImageObject","inLanguage":"de-DE","@id":"https:\/\/www.milanfierehotel.com\/de\/#\/schema\/logo\/image\/","url":"https:\/\/www.milanfierehotel.com\/wp-content\/uploads\/sites\/402\/2022\/07\/02-Hotel-Reception-voco-Milan-Fiere.jpg","contentUrl":"https:\/\/www.milanfierehotel.com\/wp-content\/uploads\/sites\/402\/2022\/07\/02-Hotel-Reception-voco-Milan-Fiere.jpg","width":2200,"height":1200,"caption":"Voco Milano Fiere"},"image":{"@id":"https:\/\/www.milanfierehotel.com\/de\/#\/schema\/logo\/image\/"}}]}},"acf":[],"_links":{"self":[{"href":"https:\/\/www.milanfierehotel.com\/de\/wp-json\/wp\/v2\/pages\/525","targetHints":{"allow":["GET"]}}],"collection":[{"href":"https:\/\/www.milanfierehotel.com\/de\/wp-json\/wp\/v2\/pages"}],"about":[{"href":"https:\/\/www.milanfierehotel.com\/de\/wp-json\/wp\/v2\/types\/page"}],"author":[{"embeddable":true,"href":"https:\/\/www.milanfierehotel.com\/de\/wp-json\/wp\/v2\/users\/6"}],"replies":[{"embeddable":true,"href":"https:\/\/www.milanfierehotel.com\/de\/wp-json\/wp\/v2\/comments?post=525"}],"version-history":[{"count":0,"href":"https:\/\/www.milanfierehotel.com\/de\/wp-json\/wp\/v2\/pages\/525\/revisions"}],"up":[{"embeddable":true,"href":"https:\/\/www.milanfierehotel.com\/de\/wp-json\/wp\/v2\/pages\/523"}],"wp:attachment":[{"href":"https:\/\/www.milanfierehotel.com\/de\/wp-json\/wp\/v2\/media?parent=525"}],"curies":[{"name":"wp","href":"https:\/\/api.w.org\/{rel}","templated":true}]}}