{"id":527,"date":"2022-07-26T10:28:32","date_gmt":"2022-07-26T10:28:32","guid":{"rendered":"https:\/\/vocomilanfieredefinitive.ms.decms.eu\/attivita-e-fiere-a-milano\/fiere-e-congressi\/artigiano-in-fiera\/"},"modified":"2026-02-17T09:38:17","modified_gmt":"2026-02-17T09:38:17","slug":"artigiano-in-fiera","status":"publish","type":"page","link":"https:\/\/www.milanfierehotel.com\/de\/aktivitaeten-und-messen-in-mailand\/messen-und-kongresse\/artigiano-in-fiera\/","title":{"rendered":"Artigiano in Fiera"},"content":{"rendered":"<p><span style=\"font-weight: 400\">Es handelt sich um eine besondere, j\u00e4hrlich stattfindende Veranstaltung, die f\u00fcr alle Unternehmen unerl\u00e4sslich ist, die f\u00fcr ihre Produkte werben, sich der breiten \u00d6ffentlichkeit vorstellen und ihr Kundennetz erweitern wollen.\u00a0<\/span><\/p>\n<p><span style=\"font-weight: 400\">Sie ist ideal f\u00fcr gro\u00dfe, <\/span><b>mittlere und kleine Handwerksbetriebe<\/b><span style=\"font-weight: 400\"> und ist auch im Ausland bekannt. Viele ausl\u00e4ndische Fachleute entscheiden sich f\u00fcr einen Besuch in Bel Paese in Verbindung mit der <\/span><b>Messe in Rho<\/b><span style=\"font-weight: 400\">.<\/span><\/p>\n<p style=\"text-align: center\"><strong><a href=\"https:\/\/www.milanfierehotel.com\/de\/angebote-und-pakete\/fruehstuecks-und-parkpaket\/\">ENTDECKEN SIE DAS FR\u00dcHST\u00dcCKS- UND PARKPLATZPAKET<\/a><\/strong><\/p>\n","protected":false},"excerpt":{"rendered":"<p>Es handelt sich um eine besondere, j\u00e4hrlich stattfindende Veranstaltung, die f\u00fcr alle Unternehmen unerl\u00e4sslich ist, die f\u00fcr ihre Produkte werben, sich der breiten \u00d6ffentlichkeit vorstellen und ihr Kundennetz erweitern wollen.\u00a0 Sie ist ideal f\u00fcr gro\u00dfe, mittlere und kleine Handwerksbetriebe und ist auch im Ausland bekannt. Viele ausl\u00e4ndische Fachleute entscheiden sich f\u00fcr einen Besuch in Bel [&hellip;]<\/p>\n","protected":false},"author":6,"featured_media":0,"parent":525,"menu_order":92,"comment_status":"closed","ping_status":"closed","template":"template-surroundings.php","meta":{"footnotes":""},"class_list":["post-527","page","type-page","status-publish","hentry"],"yoast_head":"<!-- This site is optimized with the Yoast SEO plugin v26.9 - https:\/\/yoast.com\/product\/yoast-seo-wordpress\/ -->\n<title>Artigiano in Fiera: Hotel in der N\u00e4he der Messe | voco\u00ae Milan<\/title>\n<meta name=\"description\" content=\"Sie suchen eine Unterkunft in der N\u00e4he von Artigiano in Fiera? Dann ist das voco\u00ae 4-Stern-Hotel die richtige L\u00f6sung f\u00fcr Sie. Entdecken Sie die Zimmer, die Ihren Anforderungen am besten entgegenkommen.\" \/>\n<meta name=\"robots\" content=\"index, follow, max-snippet:-1, max-image-preview:large, max-video-preview:-1\" \/>\n<link rel=\"canonical\" href=\"https:\/\/www.milanfierehotel.com\/de\/aktivitaeten-und-messen-in-mailand\/messen-und-kongresse\/artigiano-in-fiera\/\" \/>\n<meta property=\"og:locale\" content=\"de_DE\" \/>\n<meta property=\"og:type\" content=\"article\" \/>\n<meta property=\"og:title\" content=\"Artigiano in Fiera: Hotel in der N\u00e4he der Messe | voco\u00ae Milan\" \/>\n<meta property=\"og:description\" content=\"Sie suchen eine Unterkunft in der N\u00e4he von Artigiano in Fiera? Dann ist das voco\u00ae 4-Stern-Hotel die richtige L\u00f6sung f\u00fcr Sie. Entdecken Sie die Zimmer, die Ihren Anforderungen am besten entgegenkommen.\" \/>\n<meta property=\"og:url\" content=\"https:\/\/www.milanfierehotel.com\/de\/aktivitaeten-und-messen-in-mailand\/messen-und-kongresse\/artigiano-in-fiera\/\" \/>\n<meta property=\"og:site_name\" content=\"Voco Milan Fiere\" \/>\n<meta property=\"article:modified_time\" content=\"2026-02-17T09:38:17+00:00\" \/>\n<meta name=\"twitter:card\" content=\"summary_large_image\" \/>\n<meta name=\"twitter:label1\" content=\"Gesch\u00e4tzte Lesezeit\" \/>\n\t<meta name=\"twitter:data1\" content=\"1 Minute\" \/>\n<script type=\"application\/ld+json\" class=\"yoast-schema-graph\">{\"@context\":\"https:\/\/schema.org\",\"@graph\":[{\"@type\":\"WebPage\",\"@id\":\"https:\/\/www.milanfierehotel.com\/de\/aktivitaeten-und-messen-in-mailand\/messen-und-kongresse\/artigiano-in-fiera\/\",\"url\":\"https:\/\/www.milanfierehotel.com\/de\/aktivitaeten-und-messen-in-mailand\/messen-und-kongresse\/artigiano-in-fiera\/\",\"name\":\"Artigiano in Fiera: Hotel in der N\u00e4he der Messe | voco\u00ae Milan\",\"isPartOf\":{\"@id\":\"https:\/\/www.milanfierehotel.com\/de\/#website\"},\"datePublished\":\"2022-07-26T10:28:32+00:00\",\"dateModified\":\"2026-02-17T09:38:17+00:00\",\"description\":\"Sie suchen eine Unterkunft in der N\u00e4he von Artigiano in Fiera? Dann ist das voco\u00ae 4-Stern-Hotel die richtige L\u00f6sung f\u00fcr Sie. Entdecken Sie die Zimmer, die Ihren Anforderungen am besten entgegenkommen.\",\"breadcrumb\":{\"@id\":\"https:\/\/www.milanfierehotel.com\/de\/aktivitaeten-und-messen-in-mailand\/messen-und-kongresse\/artigiano-in-fiera\/#breadcrumb\"},\"inLanguage\":\"de-DE\",\"potentialAction\":[{\"@type\":\"ReadAction\",\"target\":[\"https:\/\/www.milanfierehotel.com\/de\/aktivitaeten-und-messen-in-mailand\/messen-und-kongresse\/artigiano-in-fiera\/\"]}]},{\"@type\":\"BreadcrumbList\",\"@id\":\"https:\/\/www.milanfierehotel.com\/de\/aktivitaeten-und-messen-in-mailand\/messen-und-kongresse\/artigiano-in-fiera\/#breadcrumb\",\"itemListElement\":[{\"@type\":\"ListItem\",\"position\":1,\"name\":\"Home\",\"item\":\"https:\/\/www.milanfierehotel.com\/de\/\"},{\"@type\":\"ListItem\",\"position\":2,\"name\":\"Aktivit\u00e4ten und Messen in Mailand\",\"item\":\"https:\/\/www.milanfierehotel.com\/de\/aktivitaeten-und-messen-in-mailand\/\"},{\"@type\":\"ListItem\",\"position\":3,\"name\":\"Messen und Kongresse\",\"item\":\"https:\/\/www.milanfierehotel.com\/de\/aktivitaeten-und-messen-in-mailand\/messen-und-kongresse\/\"},{\"@type\":\"ListItem\",\"position\":4,\"name\":\"Artigiano in Fiera\"}]},{\"@type\":\"WebSite\",\"@id\":\"https:\/\/www.milanfierehotel.com\/de\/#website\",\"url\":\"https:\/\/www.milanfierehotel.com\/de\/\",\"name\":\"Voco Milan Fiere\",\"description\":\"Just another ms.decms.eu site\",\"publisher\":{\"@id\":\"https:\/\/www.milanfierehotel.com\/de\/#organization\"},\"potentialAction\":[{\"@type\":\"SearchAction\",\"target\":{\"@type\":\"EntryPoint\",\"urlTemplate\":\"https:\/\/www.milanfierehotel.com\/de\/?s={search_term_string}\"},\"query-input\":{\"@type\":\"PropertyValueSpecification\",\"valueRequired\":true,\"valueName\":\"search_term_string\"}}],\"inLanguage\":\"de-DE\"},{\"@type\":\"Organization\",\"@id\":\"https:\/\/www.milanfierehotel.com\/de\/#organization\",\"name\":\"Voco Milano Fiere\",\"url\":\"https:\/\/www.milanfierehotel.com\/de\/\",\"logo\":{\"@type\":\"ImageObject\",\"inLanguage\":\"de-DE\",\"@id\":\"https:\/\/www.milanfierehotel.com\/de\/#\/schema\/logo\/image\/\",\"url\":\"https:\/\/www.milanfierehotel.com\/wp-content\/uploads\/sites\/402\/2022\/07\/02-Hotel-Reception-voco-Milan-Fiere.jpg\",\"contentUrl\":\"https:\/\/www.milanfierehotel.com\/wp-content\/uploads\/sites\/402\/2022\/07\/02-Hotel-Reception-voco-Milan-Fiere.jpg\",\"width\":2200,\"height\":1200,\"caption\":\"Voco Milano Fiere\"},\"image\":{\"@id\":\"https:\/\/www.milanfierehotel.com\/de\/#\/schema\/logo\/image\/\"}}]}<\/script>\n<!-- \/ Yoast SEO plugin. -->","yoast_head_json":{"title":"Artigiano in Fiera: Hotel in der N\u00e4he der Messe | voco\u00ae Milan","description":"Sie suchen eine Unterkunft in der N\u00e4he von Artigiano in Fiera? Dann ist das voco\u00ae 4-Stern-Hotel die richtige L\u00f6sung f\u00fcr Sie. Entdecken Sie die Zimmer, die Ihren Anforderungen am besten entgegenkommen.","robots":{"index":"index","follow":"follow","max-snippet":"max-snippet:-1","max-image-preview":"max-image-preview:large","max-video-preview":"max-video-preview:-1"},"canonical":"https:\/\/www.milanfierehotel.com\/de\/aktivitaeten-und-messen-in-mailand\/messen-und-kongresse\/artigiano-in-fiera\/","og_locale":"de_DE","og_type":"article","og_title":"Artigiano in Fiera: Hotel in der N\u00e4he der Messe | voco\u00ae Milan","og_description":"Sie suchen eine Unterkunft in der N\u00e4he von Artigiano in Fiera? Dann ist das voco\u00ae 4-Stern-Hotel die richtige L\u00f6sung f\u00fcr Sie. Entdecken Sie die Zimmer, die Ihren Anforderungen am besten entgegenkommen.","og_url":"https:\/\/www.milanfierehotel.com\/de\/aktivitaeten-und-messen-in-mailand\/messen-und-kongresse\/artigiano-in-fiera\/","og_site_name":"Voco Milan Fiere","article_modified_time":"2026-02-17T09:38:17+00:00","twitter_card":"summary_large_image","twitter_misc":{"Gesch\u00e4tzte Lesezeit":"1 Minute"},"schema":{"@context":"https:\/\/schema.org","@graph":[{"@type":"WebPage","@id":"https:\/\/www.milanfierehotel.com\/de\/aktivitaeten-und-messen-in-mailand\/messen-und-kongresse\/artigiano-in-fiera\/","url":"https:\/\/www.milanfierehotel.com\/de\/aktivitaeten-und-messen-in-mailand\/messen-und-kongresse\/artigiano-in-fiera\/","name":"Artigiano in Fiera: Hotel in der N\u00e4he der Messe | voco\u00ae Milan","isPartOf":{"@id":"https:\/\/www.milanfierehotel.com\/de\/#website"},"datePublished":"2022-07-26T10:28:32+00:00","dateModified":"2026-02-17T09:38:17+00:00","description":"Sie suchen eine Unterkunft in der N\u00e4he von Artigiano in Fiera? Dann ist das voco\u00ae 4-Stern-Hotel die richtige L\u00f6sung f\u00fcr Sie. Entdecken Sie die Zimmer, die Ihren Anforderungen am besten entgegenkommen.","breadcrumb":{"@id":"https:\/\/www.milanfierehotel.com\/de\/aktivitaeten-und-messen-in-mailand\/messen-und-kongresse\/artigiano-in-fiera\/#breadcrumb"},"inLanguage":"de-DE","potentialAction":[{"@type":"ReadAction","target":["https:\/\/www.milanfierehotel.com\/de\/aktivitaeten-und-messen-in-mailand\/messen-und-kongresse\/artigiano-in-fiera\/"]}]},{"@type":"BreadcrumbList","@id":"https:\/\/www.milanfierehotel.com\/de\/aktivitaeten-und-messen-in-mailand\/messen-und-kongresse\/artigiano-in-fiera\/#breadcrumb","itemListElement":[{"@type":"ListItem","position":1,"name":"Home","item":"https:\/\/www.milanfierehotel.com\/de\/"},{"@type":"ListItem","position":2,"name":"Aktivit\u00e4ten und Messen in Mailand","item":"https:\/\/www.milanfierehotel.com\/de\/aktivitaeten-und-messen-in-mailand\/"},{"@type":"ListItem","position":3,"name":"Messen und Kongresse","item":"https:\/\/www.milanfierehotel.com\/de\/aktivitaeten-und-messen-in-mailand\/messen-und-kongresse\/"},{"@type":"ListItem","position":4,"name":"Artigiano in Fiera"}]},{"@type":"WebSite","@id":"https:\/\/www.milanfierehotel.com\/de\/#website","url":"https:\/\/www.milanfierehotel.com\/de\/","name":"Voco Milan Fiere","description":"Just another ms.decms.eu site","publisher":{"@id":"https:\/\/www.milanfierehotel.com\/de\/#organization"},"potentialAction":[{"@type":"SearchAction","target":{"@type":"EntryPoint","urlTemplate":"https:\/\/www.milanfierehotel.com\/de\/?s={search_term_string}"},"query-input":{"@type":"PropertyValueSpecification","valueRequired":true,"valueName":"search_term_string"}}],"inLanguage":"de-DE"},{"@type":"Organization","@id":"https:\/\/www.milanfierehotel.com\/de\/#organization","name":"Voco Milano Fiere","url":"https:\/\/www.milanfierehotel.com\/de\/","logo":{"@type":"ImageObject","inLanguage":"de-DE","@id":"https:\/\/www.milanfierehotel.com\/de\/#\/schema\/logo\/image\/","url":"https:\/\/www.milanfierehotel.com\/wp-content\/uploads\/sites\/402\/2022\/07\/02-Hotel-Reception-voco-Milan-Fiere.jpg","contentUrl":"https:\/\/www.milanfierehotel.com\/wp-content\/uploads\/sites\/402\/2022\/07\/02-Hotel-Reception-voco-Milan-Fiere.jpg","width":2200,"height":1200,"caption":"Voco Milano Fiere"},"image":{"@id":"https:\/\/www.milanfierehotel.com\/de\/#\/schema\/logo\/image\/"}}]}},"acf":[],"_links":{"self":[{"href":"https:\/\/www.milanfierehotel.com\/de\/wp-json\/wp\/v2\/pages\/527","targetHints":{"allow":["GET"]}}],"collection":[{"href":"https:\/\/www.milanfierehotel.com\/de\/wp-json\/wp\/v2\/pages"}],"about":[{"href":"https:\/\/www.milanfierehotel.com\/de\/wp-json\/wp\/v2\/types\/page"}],"author":[{"embeddable":true,"href":"https:\/\/www.milanfierehotel.com\/de\/wp-json\/wp\/v2\/users\/6"}],"replies":[{"embeddable":true,"href":"https:\/\/www.milanfierehotel.com\/de\/wp-json\/wp\/v2\/comments?post=527"}],"version-history":[{"count":0,"href":"https:\/\/www.milanfierehotel.com\/de\/wp-json\/wp\/v2\/pages\/527\/revisions"}],"up":[{"embeddable":true,"href":"https:\/\/www.milanfierehotel.com\/de\/wp-json\/wp\/v2\/pages\/525"}],"wp:attachment":[{"href":"https:\/\/www.milanfierehotel.com\/de\/wp-json\/wp\/v2\/media?parent=527"}],"curies":[{"name":"wp","href":"https:\/\/api.w.org\/{rel}","templated":true}]}}