{"id":533,"date":"2022-07-26T11:22:12","date_gmt":"2022-07-26T11:22:12","guid":{"rendered":"https:\/\/vocomilanfieredefinitive.ms.decms.eu\/attivita-e-fiere-a-milano\/fiere-e-congressi\/eicma\/"},"modified":"2026-02-17T09:40:36","modified_gmt":"2026-02-17T09:40:36","slug":"eicma","status":"publish","type":"page","link":"https:\/\/www.milanfierehotel.com\/de\/aktivitaeten-und-messen-in-mailand\/messen-und-kongresse\/eicma\/","title":{"rendered":"Eicma"},"content":{"rendered":"<p><span style=\"font-weight: 400\">Die Eicma, weltweit als <\/span><b>Mail\u00e4nder Motorradmesse und <\/b><span style=\"font-weight: 400\">in Italien als <\/span><b>Esposizione Internazionale <\/b><span style=\"font-weight: 400\">bekannt <\/span><b>, <\/b><span style=\"font-weight: 400\">ist die weltweit wichtigste Messe f\u00fcr die Zweiradindustrie.\u00a0\u00a0<\/span><\/p>\n<p><span style=\"font-weight: 400\">Sie findet seit 1914 in Mailand statt und geh\u00f6rt zu den meistbesuchten Veranstaltungen weltweit, was die Zahl der Besucher, Aussteller, Veranstalter und der internationalen Presse angeht. <\/span><span style=\"font-weight: 400\"><br \/>\n<\/span><span style=\"font-weight: 400\">Hier finden mehrsprachige Pressekonferenzen, technische Workshops und hochkar\u00e4tige Sonderg\u00e4ste wie <\/span><b>Piloten<\/b><span style=\"font-weight: 400\">, Prominente (aus der Branche und dar\u00fcber hinaus) sowie Momente des reinen Vergn\u00fcgens statt.<\/span><span style=\"font-weight: 400\"><br \/>\n<\/span><span style=\"font-weight: 400\">Sie richtet sich an Branchenexperten, Enthusiasten und Neugierige und hat die unglaubliche F\u00e4higkeit, ein \u00e4u\u00dferst vielf\u00e4ltiges Publikum anzuziehen, auch dank des <\/span><b>besonderen Events<\/b><span style=\"font-weight: 400\">: <\/span><b>Motorlive<\/b><span style=\"font-weight: 400\">.<\/span><\/p>\n<p style=\"text-align: center\"><strong><a href=\"https:\/\/www.milanfierehotel.com\/de\/angebote-und-pakete\/fruehstuecks-und-parkpaket\/\">ENTDECKEN SIE DAS FR\u00dcHST\u00dcCKS- UND PARKPLATZPAKET<\/a><\/strong><\/p>\n","protected":false},"excerpt":{"rendered":"<p>Die Eicma, weltweit als Mail\u00e4nder Motorradmesse und in Italien als Esposizione Internazionale bekannt , ist die weltweit wichtigste Messe f\u00fcr die Zweiradindustrie.\u00a0\u00a0 Sie findet seit 1914 in Mailand statt und geh\u00f6rt zu den meistbesuchten Veranstaltungen weltweit, was die Zahl der Besucher, Aussteller, Veranstalter und der internationalen Presse angeht. Hier finden mehrsprachige Pressekonferenzen, technische Workshops und [&hellip;]<\/p>\n","protected":false},"author":6,"featured_media":0,"parent":525,"menu_order":95,"comment_status":"closed","ping_status":"closed","template":"template-surroundings.php","meta":{"footnotes":""},"class_list":["post-533","page","type-page","status-publish","hentry"],"yoast_head":"<!-- This site is optimized with the Yoast SEO plugin v26.9 - https:\/\/yoast.com\/product\/yoast-seo-wordpress\/ -->\n<title>Eicma: Hotel in der N\u00e4he der Messe | voco\u00ae Milan<\/title>\n<meta name=\"description\" content=\"Sie suchen eine Unterkunft f\u00fcr die Eicma? Dann ist das voco\u00ae 4-Stern-Hotel die richtige L\u00f6sung f\u00fcr Sie. Entdecken Sie Zimmer und Serviceleistungen und nehmen Sie bequem an der Veranstaltung teil.\" \/>\n<meta name=\"robots\" content=\"index, follow, max-snippet:-1, max-image-preview:large, max-video-preview:-1\" \/>\n<link rel=\"canonical\" href=\"https:\/\/www.milanfierehotel.com\/de\/aktivitaeten-und-messen-in-mailand\/messen-und-kongresse\/eicma\/\" \/>\n<meta property=\"og:locale\" content=\"de_DE\" \/>\n<meta property=\"og:type\" content=\"article\" \/>\n<meta property=\"og:title\" content=\"Eicma: Hotel in der N\u00e4he der Messe | voco\u00ae Milan\" \/>\n<meta property=\"og:description\" content=\"Sie suchen eine Unterkunft f\u00fcr die Eicma? Dann ist das voco\u00ae 4-Stern-Hotel die richtige L\u00f6sung f\u00fcr Sie. Entdecken Sie Zimmer und Serviceleistungen und nehmen Sie bequem an der Veranstaltung teil.\" \/>\n<meta property=\"og:url\" content=\"https:\/\/www.milanfierehotel.com\/de\/aktivitaeten-und-messen-in-mailand\/messen-und-kongresse\/eicma\/\" \/>\n<meta property=\"og:site_name\" content=\"Voco Milan Fiere\" \/>\n<meta property=\"article:modified_time\" content=\"2026-02-17T09:40:36+00:00\" \/>\n<meta name=\"twitter:card\" content=\"summary_large_image\" \/>\n<meta name=\"twitter:label1\" content=\"Gesch\u00e4tzte Lesezeit\" \/>\n\t<meta name=\"twitter:data1\" content=\"1 Minute\" \/>\n<script type=\"application\/ld+json\" class=\"yoast-schema-graph\">{\"@context\":\"https:\/\/schema.org\",\"@graph\":[{\"@type\":\"WebPage\",\"@id\":\"https:\/\/www.milanfierehotel.com\/de\/aktivitaeten-und-messen-in-mailand\/messen-und-kongresse\/eicma\/\",\"url\":\"https:\/\/www.milanfierehotel.com\/de\/aktivitaeten-und-messen-in-mailand\/messen-und-kongresse\/eicma\/\",\"name\":\"Eicma: Hotel in der N\u00e4he der Messe | voco\u00ae Milan\",\"isPartOf\":{\"@id\":\"https:\/\/www.milanfierehotel.com\/de\/#website\"},\"datePublished\":\"2022-07-26T11:22:12+00:00\",\"dateModified\":\"2026-02-17T09:40:36+00:00\",\"description\":\"Sie suchen eine Unterkunft f\u00fcr die Eicma? Dann ist das voco\u00ae 4-Stern-Hotel die richtige L\u00f6sung f\u00fcr Sie. Entdecken Sie Zimmer und Serviceleistungen und nehmen Sie bequem an der Veranstaltung teil.\",\"breadcrumb\":{\"@id\":\"https:\/\/www.milanfierehotel.com\/de\/aktivitaeten-und-messen-in-mailand\/messen-und-kongresse\/eicma\/#breadcrumb\"},\"inLanguage\":\"de-DE\",\"potentialAction\":[{\"@type\":\"ReadAction\",\"target\":[\"https:\/\/www.milanfierehotel.com\/de\/aktivitaeten-und-messen-in-mailand\/messen-und-kongresse\/eicma\/\"]}]},{\"@type\":\"BreadcrumbList\",\"@id\":\"https:\/\/www.milanfierehotel.com\/de\/aktivitaeten-und-messen-in-mailand\/messen-und-kongresse\/eicma\/#breadcrumb\",\"itemListElement\":[{\"@type\":\"ListItem\",\"position\":1,\"name\":\"Home\",\"item\":\"https:\/\/www.milanfierehotel.com\/de\/\"},{\"@type\":\"ListItem\",\"position\":2,\"name\":\"Aktivit\u00e4ten und Messen in Mailand\",\"item\":\"https:\/\/www.milanfierehotel.com\/de\/aktivitaeten-und-messen-in-mailand\/\"},{\"@type\":\"ListItem\",\"position\":3,\"name\":\"Messen und Kongresse\",\"item\":\"https:\/\/www.milanfierehotel.com\/de\/aktivitaeten-und-messen-in-mailand\/messen-und-kongresse\/\"},{\"@type\":\"ListItem\",\"position\":4,\"name\":\"Eicma\"}]},{\"@type\":\"WebSite\",\"@id\":\"https:\/\/www.milanfierehotel.com\/de\/#website\",\"url\":\"https:\/\/www.milanfierehotel.com\/de\/\",\"name\":\"Voco Milan Fiere\",\"description\":\"Just another ms.decms.eu site\",\"publisher\":{\"@id\":\"https:\/\/www.milanfierehotel.com\/de\/#organization\"},\"potentialAction\":[{\"@type\":\"SearchAction\",\"target\":{\"@type\":\"EntryPoint\",\"urlTemplate\":\"https:\/\/www.milanfierehotel.com\/de\/?s={search_term_string}\"},\"query-input\":{\"@type\":\"PropertyValueSpecification\",\"valueRequired\":true,\"valueName\":\"search_term_string\"}}],\"inLanguage\":\"de-DE\"},{\"@type\":\"Organization\",\"@id\":\"https:\/\/www.milanfierehotel.com\/de\/#organization\",\"name\":\"Voco Milano Fiere\",\"url\":\"https:\/\/www.milanfierehotel.com\/de\/\",\"logo\":{\"@type\":\"ImageObject\",\"inLanguage\":\"de-DE\",\"@id\":\"https:\/\/www.milanfierehotel.com\/de\/#\/schema\/logo\/image\/\",\"url\":\"https:\/\/www.milanfierehotel.com\/wp-content\/uploads\/sites\/402\/2022\/07\/02-Hotel-Reception-voco-Milan-Fiere.jpg\",\"contentUrl\":\"https:\/\/www.milanfierehotel.com\/wp-content\/uploads\/sites\/402\/2022\/07\/02-Hotel-Reception-voco-Milan-Fiere.jpg\",\"width\":2200,\"height\":1200,\"caption\":\"Voco Milano Fiere\"},\"image\":{\"@id\":\"https:\/\/www.milanfierehotel.com\/de\/#\/schema\/logo\/image\/\"}}]}<\/script>\n<!-- \/ Yoast SEO plugin. -->","yoast_head_json":{"title":"Eicma: Hotel in der N\u00e4he der Messe | voco\u00ae Milan","description":"Sie suchen eine Unterkunft f\u00fcr die Eicma? Dann ist das voco\u00ae 4-Stern-Hotel die richtige L\u00f6sung f\u00fcr Sie. Entdecken Sie Zimmer und Serviceleistungen und nehmen Sie bequem an der Veranstaltung teil.","robots":{"index":"index","follow":"follow","max-snippet":"max-snippet:-1","max-image-preview":"max-image-preview:large","max-video-preview":"max-video-preview:-1"},"canonical":"https:\/\/www.milanfierehotel.com\/de\/aktivitaeten-und-messen-in-mailand\/messen-und-kongresse\/eicma\/","og_locale":"de_DE","og_type":"article","og_title":"Eicma: Hotel in der N\u00e4he der Messe | voco\u00ae Milan","og_description":"Sie suchen eine Unterkunft f\u00fcr die Eicma? Dann ist das voco\u00ae 4-Stern-Hotel die richtige L\u00f6sung f\u00fcr Sie. Entdecken Sie Zimmer und Serviceleistungen und nehmen Sie bequem an der Veranstaltung teil.","og_url":"https:\/\/www.milanfierehotel.com\/de\/aktivitaeten-und-messen-in-mailand\/messen-und-kongresse\/eicma\/","og_site_name":"Voco Milan Fiere","article_modified_time":"2026-02-17T09:40:36+00:00","twitter_card":"summary_large_image","twitter_misc":{"Gesch\u00e4tzte Lesezeit":"1 Minute"},"schema":{"@context":"https:\/\/schema.org","@graph":[{"@type":"WebPage","@id":"https:\/\/www.milanfierehotel.com\/de\/aktivitaeten-und-messen-in-mailand\/messen-und-kongresse\/eicma\/","url":"https:\/\/www.milanfierehotel.com\/de\/aktivitaeten-und-messen-in-mailand\/messen-und-kongresse\/eicma\/","name":"Eicma: Hotel in der N\u00e4he der Messe | voco\u00ae Milan","isPartOf":{"@id":"https:\/\/www.milanfierehotel.com\/de\/#website"},"datePublished":"2022-07-26T11:22:12+00:00","dateModified":"2026-02-17T09:40:36+00:00","description":"Sie suchen eine Unterkunft f\u00fcr die Eicma? Dann ist das voco\u00ae 4-Stern-Hotel die richtige L\u00f6sung f\u00fcr Sie. Entdecken Sie Zimmer und Serviceleistungen und nehmen Sie bequem an der Veranstaltung teil.","breadcrumb":{"@id":"https:\/\/www.milanfierehotel.com\/de\/aktivitaeten-und-messen-in-mailand\/messen-und-kongresse\/eicma\/#breadcrumb"},"inLanguage":"de-DE","potentialAction":[{"@type":"ReadAction","target":["https:\/\/www.milanfierehotel.com\/de\/aktivitaeten-und-messen-in-mailand\/messen-und-kongresse\/eicma\/"]}]},{"@type":"BreadcrumbList","@id":"https:\/\/www.milanfierehotel.com\/de\/aktivitaeten-und-messen-in-mailand\/messen-und-kongresse\/eicma\/#breadcrumb","itemListElement":[{"@type":"ListItem","position":1,"name":"Home","item":"https:\/\/www.milanfierehotel.com\/de\/"},{"@type":"ListItem","position":2,"name":"Aktivit\u00e4ten und Messen in Mailand","item":"https:\/\/www.milanfierehotel.com\/de\/aktivitaeten-und-messen-in-mailand\/"},{"@type":"ListItem","position":3,"name":"Messen und Kongresse","item":"https:\/\/www.milanfierehotel.com\/de\/aktivitaeten-und-messen-in-mailand\/messen-und-kongresse\/"},{"@type":"ListItem","position":4,"name":"Eicma"}]},{"@type":"WebSite","@id":"https:\/\/www.milanfierehotel.com\/de\/#website","url":"https:\/\/www.milanfierehotel.com\/de\/","name":"Voco Milan Fiere","description":"Just another ms.decms.eu site","publisher":{"@id":"https:\/\/www.milanfierehotel.com\/de\/#organization"},"potentialAction":[{"@type":"SearchAction","target":{"@type":"EntryPoint","urlTemplate":"https:\/\/www.milanfierehotel.com\/de\/?s={search_term_string}"},"query-input":{"@type":"PropertyValueSpecification","valueRequired":true,"valueName":"search_term_string"}}],"inLanguage":"de-DE"},{"@type":"Organization","@id":"https:\/\/www.milanfierehotel.com\/de\/#organization","name":"Voco Milano Fiere","url":"https:\/\/www.milanfierehotel.com\/de\/","logo":{"@type":"ImageObject","inLanguage":"de-DE","@id":"https:\/\/www.milanfierehotel.com\/de\/#\/schema\/logo\/image\/","url":"https:\/\/www.milanfierehotel.com\/wp-content\/uploads\/sites\/402\/2022\/07\/02-Hotel-Reception-voco-Milan-Fiere.jpg","contentUrl":"https:\/\/www.milanfierehotel.com\/wp-content\/uploads\/sites\/402\/2022\/07\/02-Hotel-Reception-voco-Milan-Fiere.jpg","width":2200,"height":1200,"caption":"Voco Milano Fiere"},"image":{"@id":"https:\/\/www.milanfierehotel.com\/de\/#\/schema\/logo\/image\/"}}]}},"acf":[],"_links":{"self":[{"href":"https:\/\/www.milanfierehotel.com\/de\/wp-json\/wp\/v2\/pages\/533","targetHints":{"allow":["GET"]}}],"collection":[{"href":"https:\/\/www.milanfierehotel.com\/de\/wp-json\/wp\/v2\/pages"}],"about":[{"href":"https:\/\/www.milanfierehotel.com\/de\/wp-json\/wp\/v2\/types\/page"}],"author":[{"embeddable":true,"href":"https:\/\/www.milanfierehotel.com\/de\/wp-json\/wp\/v2\/users\/6"}],"replies":[{"embeddable":true,"href":"https:\/\/www.milanfierehotel.com\/de\/wp-json\/wp\/v2\/comments?post=533"}],"version-history":[{"count":0,"href":"https:\/\/www.milanfierehotel.com\/de\/wp-json\/wp\/v2\/pages\/533\/revisions"}],"up":[{"embeddable":true,"href":"https:\/\/www.milanfierehotel.com\/de\/wp-json\/wp\/v2\/pages\/525"}],"wp:attachment":[{"href":"https:\/\/www.milanfierehotel.com\/de\/wp-json\/wp\/v2\/media?parent=533"}],"curies":[{"name":"wp","href":"https:\/\/api.w.org\/{rel}","templated":true}]}}