{"id":535,"date":"2022-07-26T11:23:53","date_gmt":"2022-07-26T11:23:53","guid":{"rendered":"https:\/\/vocomilanfieredefinitive.ms.decms.eu\/attivita-e-fiere-a-milano\/cosa-fare-a-milano\/"},"modified":"2022-08-31T11:52:17","modified_gmt":"2022-08-31T11:52:17","slug":"was-man-in-mailand-unternehmen-kann","status":"publish","type":"page","link":"https:\/\/www.milanfierehotel.com\/de\/aktivitaeten-und-messen-in-mailand\/was-man-in-mailand-unternehmen-kann\/","title":{"rendered":"Was man in Mailand unternehmen kann"},"content":{"rendered":"<p><span style=\"font-weight: 400;\">Mailand ist eine Metropole mit tausend Gesichtern, bekannt als Italiens Modehauptstadt und voller Charme, eine perfekte Mischung aus <\/span><b>Moderne und <\/b><span style=\"font-weight: 400;\">\u00a0<\/span><b>Geschichte<\/b><span style=\"font-weight: 400;\">.<\/span><\/p>\n<p><span style=\"font-weight: 400;\">Einerseits bietet sie <\/span><b>historische<\/b><span style=\"font-weight: 400;\">, <\/span><b>k\u00fcnstlerische und <\/b><span style=\"font-weight: 400;\">\u00a0<\/span><b>kulturelle <\/b><span style=\"font-weight: 400;\">Attraktionen aller Art, andererseits ist sie eine <\/span><b>Stadt, in der es vor Leben nur so wimmelt<\/b><span style=\"font-weight: 400;\">, ber\u00fchmt f\u00fcr ihre <\/span><b>trendigen Clubs<\/b><span style=\"font-weight: 400;\">, Restaurants, Ausstellungen und eines der wichtigsten <\/span><b>Nachtleben<\/b><span style=\"font-weight: 400;\"> Italiens.<\/span><\/p>\n<p><span style=\"font-weight: 400;\">Ein einfacher Spaziergang durch das Zentrum von Mailand reicht aus, um die T\u00fcrme des <\/span><b>Doms<\/b><span style=\"font-weight: 400;\"> zu erblicken, dessen Terrassen wir empfehlen, und nur wenige Schritte bis zur ber\u00fchmten <\/span><b>Galleria Vittorio Emanuele II <\/b><span style=\"font-weight: 400;\">zu gehen, ideal f\u00fcr einen Shopping-Nachmittag, einen schnellen Imbiss und einen unumg\u00e4nglichen Halt am Mosaik des <\/span><b>Stiers<\/b><span style=\"font-weight: 400;\">, der jedem, der ihn betritt, Gl\u00fcck bringt.\u00a0<\/span><\/p>\n<p><span style=\"font-weight: 400;\">Sehenswert sind auch das <\/span><b>Castello Sforzesco<\/b><span style=\"font-weight: 400;\"> und die <\/span><b>Stra\u00dfen von Brera<\/b><span style=\"font-weight: 400;\">, einem Viertel im Stadtzentrum, das durch die <\/span><b>Accademia delle Belle Arti und den <\/b><span style=\"font-weight: 400;\">jeden dritten Sonntag im Monat stattfindenden <\/span><i><span style=\"font-weight: 400;\">Flohmarkt<\/span><\/i><span style=\"font-weight: 400;\"> in der Via Fior Chiari gepr\u00e4gt ist, wo sich Kunst- und Antiquit\u00e4tenh\u00e4ndler treffen.\u00a0\u00a0<\/span><\/p>\n<p><span style=\"font-weight: 400;\">F\u00fcr alle Fu\u00dfballfans ist ein Besuch des <\/span><b>San-Siro-Stadions in Mailand<\/b><span style=\"font-weight: 400;\"> jedoch fast schon obligatorisch.<\/span><b>\u00a0<\/b><\/p>\n","protected":false},"excerpt":{"rendered":"<p>Mailand ist eine Metropole mit tausend Gesichtern, bekannt als Italiens Modehauptstadt und voller Charme, eine perfekte Mischung aus Moderne und \u00a0Geschichte. Einerseits bietet sie historische, k\u00fcnstlerische und \u00a0kulturelle Attraktionen aller Art, andererseits ist sie eine Stadt, in der es vor Leben nur so wimmelt, ber\u00fchmt f\u00fcr ihre trendigen Clubs, Restaurants, Ausstellungen und eines der wichtigsten [&hellip;]<\/p>\n","protected":false},"author":6,"featured_media":0,"parent":523,"menu_order":100,"comment_status":"closed","ping_status":"closed","template":"","meta":{"footnotes":""},"class_list":["post-535","page","type-page","status-publish","hentry"],"yoast_head":"<!-- This site is optimized with the Yoast SEO plugin v26.9 - https:\/\/yoast.com\/product\/yoast-seo-wordpress\/ -->\n<title>Freizeitprogramm in Mailand. Sehensw\u00fcrdigkeiten | voco\u00ae Milan<\/title>\n<meta name=\"description\" content=\"Sie m\u00f6chten die Stadt besuchen, wissen aber nicht, was Sie in Mailand unternehmen k\u00f6nnten? Entdecken Sie die Sehensw\u00fcrdigkeiten und Attraktionen mit dem umfassenden Guide von voco\u00ae Hotels.\" \/>\n<meta name=\"robots\" content=\"index, follow, max-snippet:-1, max-image-preview:large, max-video-preview:-1\" \/>\n<link rel=\"canonical\" href=\"https:\/\/www.milanfierehotel.com\/de\/aktivitaeten-und-messen-in-mailand\/was-man-in-mailand-unternehmen-kann\/\" \/>\n<meta property=\"og:locale\" content=\"de_DE\" \/>\n<meta property=\"og:type\" content=\"article\" \/>\n<meta property=\"og:title\" content=\"Freizeitprogramm in Mailand. Sehensw\u00fcrdigkeiten | voco\u00ae Milan\" \/>\n<meta property=\"og:description\" content=\"Sie m\u00f6chten die Stadt besuchen, wissen aber nicht, was Sie in Mailand unternehmen k\u00f6nnten? Entdecken Sie die Sehensw\u00fcrdigkeiten und Attraktionen mit dem umfassenden Guide von voco\u00ae Hotels.\" \/>\n<meta property=\"og:url\" content=\"https:\/\/www.milanfierehotel.com\/de\/aktivitaeten-und-messen-in-mailand\/was-man-in-mailand-unternehmen-kann\/\" \/>\n<meta property=\"og:site_name\" content=\"Voco Milan Fiere\" \/>\n<meta property=\"article:modified_time\" content=\"2022-08-31T11:52:17+00:00\" \/>\n<meta name=\"twitter:card\" content=\"summary_large_image\" \/>\n<meta name=\"twitter:label1\" content=\"Gesch\u00e4tzte Lesezeit\" \/>\n\t<meta name=\"twitter:data1\" content=\"1 Minute\" \/>\n<script type=\"application\/ld+json\" class=\"yoast-schema-graph\">{\"@context\":\"https:\/\/schema.org\",\"@graph\":[{\"@type\":\"WebPage\",\"@id\":\"https:\/\/www.milanfierehotel.com\/de\/aktivitaeten-und-messen-in-mailand\/was-man-in-mailand-unternehmen-kann\/\",\"url\":\"https:\/\/www.milanfierehotel.com\/de\/aktivitaeten-und-messen-in-mailand\/was-man-in-mailand-unternehmen-kann\/\",\"name\":\"Freizeitprogramm in Mailand. Sehensw\u00fcrdigkeiten | voco\u00ae Milan\",\"isPartOf\":{\"@id\":\"https:\/\/www.milanfierehotel.com\/de\/#website\"},\"datePublished\":\"2022-07-26T11:23:53+00:00\",\"dateModified\":\"2022-08-31T11:52:17+00:00\",\"description\":\"Sie m\u00f6chten die Stadt besuchen, wissen aber nicht, was Sie in Mailand unternehmen k\u00f6nnten? Entdecken Sie die Sehensw\u00fcrdigkeiten und Attraktionen mit dem umfassenden Guide von voco\u00ae Hotels.\",\"breadcrumb\":{\"@id\":\"https:\/\/www.milanfierehotel.com\/de\/aktivitaeten-und-messen-in-mailand\/was-man-in-mailand-unternehmen-kann\/#breadcrumb\"},\"inLanguage\":\"de-DE\",\"potentialAction\":[{\"@type\":\"ReadAction\",\"target\":[\"https:\/\/www.milanfierehotel.com\/de\/aktivitaeten-und-messen-in-mailand\/was-man-in-mailand-unternehmen-kann\/\"]}]},{\"@type\":\"BreadcrumbList\",\"@id\":\"https:\/\/www.milanfierehotel.com\/de\/aktivitaeten-und-messen-in-mailand\/was-man-in-mailand-unternehmen-kann\/#breadcrumb\",\"itemListElement\":[{\"@type\":\"ListItem\",\"position\":1,\"name\":\"Home\",\"item\":\"https:\/\/www.milanfierehotel.com\/de\/\"},{\"@type\":\"ListItem\",\"position\":2,\"name\":\"Aktivit\u00e4ten und Messen in Mailand\",\"item\":\"https:\/\/www.milanfierehotel.com\/de\/aktivitaeten-und-messen-in-mailand\/\"},{\"@type\":\"ListItem\",\"position\":3,\"name\":\"Was man in Mailand unternehmen kann\"}]},{\"@type\":\"WebSite\",\"@id\":\"https:\/\/www.milanfierehotel.com\/de\/#website\",\"url\":\"https:\/\/www.milanfierehotel.com\/de\/\",\"name\":\"Voco Milan Fiere\",\"description\":\"Just another ms.decms.eu site\",\"publisher\":{\"@id\":\"https:\/\/www.milanfierehotel.com\/de\/#organization\"},\"potentialAction\":[{\"@type\":\"SearchAction\",\"target\":{\"@type\":\"EntryPoint\",\"urlTemplate\":\"https:\/\/www.milanfierehotel.com\/de\/?s={search_term_string}\"},\"query-input\":{\"@type\":\"PropertyValueSpecification\",\"valueRequired\":true,\"valueName\":\"search_term_string\"}}],\"inLanguage\":\"de-DE\"},{\"@type\":\"Organization\",\"@id\":\"https:\/\/www.milanfierehotel.com\/de\/#organization\",\"name\":\"Voco Milano Fiere\",\"url\":\"https:\/\/www.milanfierehotel.com\/de\/\",\"logo\":{\"@type\":\"ImageObject\",\"inLanguage\":\"de-DE\",\"@id\":\"https:\/\/www.milanfierehotel.com\/de\/#\/schema\/logo\/image\/\",\"url\":\"https:\/\/www.milanfierehotel.com\/wp-content\/uploads\/sites\/402\/2022\/07\/02-Hotel-Reception-voco-Milan-Fiere.jpg\",\"contentUrl\":\"https:\/\/www.milanfierehotel.com\/wp-content\/uploads\/sites\/402\/2022\/07\/02-Hotel-Reception-voco-Milan-Fiere.jpg\",\"width\":2200,\"height\":1200,\"caption\":\"Voco Milano Fiere\"},\"image\":{\"@id\":\"https:\/\/www.milanfierehotel.com\/de\/#\/schema\/logo\/image\/\"}}]}<\/script>\n<!-- \/ Yoast SEO plugin. -->","yoast_head_json":{"title":"Freizeitprogramm in Mailand. Sehensw\u00fcrdigkeiten | voco\u00ae Milan","description":"Sie m\u00f6chten die Stadt besuchen, wissen aber nicht, was Sie in Mailand unternehmen k\u00f6nnten? Entdecken Sie die Sehensw\u00fcrdigkeiten und Attraktionen mit dem umfassenden Guide von voco\u00ae Hotels.","robots":{"index":"index","follow":"follow","max-snippet":"max-snippet:-1","max-image-preview":"max-image-preview:large","max-video-preview":"max-video-preview:-1"},"canonical":"https:\/\/www.milanfierehotel.com\/de\/aktivitaeten-und-messen-in-mailand\/was-man-in-mailand-unternehmen-kann\/","og_locale":"de_DE","og_type":"article","og_title":"Freizeitprogramm in Mailand. Sehensw\u00fcrdigkeiten | voco\u00ae Milan","og_description":"Sie m\u00f6chten die Stadt besuchen, wissen aber nicht, was Sie in Mailand unternehmen k\u00f6nnten? Entdecken Sie die Sehensw\u00fcrdigkeiten und Attraktionen mit dem umfassenden Guide von voco\u00ae Hotels.","og_url":"https:\/\/www.milanfierehotel.com\/de\/aktivitaeten-und-messen-in-mailand\/was-man-in-mailand-unternehmen-kann\/","og_site_name":"Voco Milan Fiere","article_modified_time":"2022-08-31T11:52:17+00:00","twitter_card":"summary_large_image","twitter_misc":{"Gesch\u00e4tzte Lesezeit":"1 Minute"},"schema":{"@context":"https:\/\/schema.org","@graph":[{"@type":"WebPage","@id":"https:\/\/www.milanfierehotel.com\/de\/aktivitaeten-und-messen-in-mailand\/was-man-in-mailand-unternehmen-kann\/","url":"https:\/\/www.milanfierehotel.com\/de\/aktivitaeten-und-messen-in-mailand\/was-man-in-mailand-unternehmen-kann\/","name":"Freizeitprogramm in Mailand. Sehensw\u00fcrdigkeiten | voco\u00ae Milan","isPartOf":{"@id":"https:\/\/www.milanfierehotel.com\/de\/#website"},"datePublished":"2022-07-26T11:23:53+00:00","dateModified":"2022-08-31T11:52:17+00:00","description":"Sie m\u00f6chten die Stadt besuchen, wissen aber nicht, was Sie in Mailand unternehmen k\u00f6nnten? Entdecken Sie die Sehensw\u00fcrdigkeiten und Attraktionen mit dem umfassenden Guide von voco\u00ae Hotels.","breadcrumb":{"@id":"https:\/\/www.milanfierehotel.com\/de\/aktivitaeten-und-messen-in-mailand\/was-man-in-mailand-unternehmen-kann\/#breadcrumb"},"inLanguage":"de-DE","potentialAction":[{"@type":"ReadAction","target":["https:\/\/www.milanfierehotel.com\/de\/aktivitaeten-und-messen-in-mailand\/was-man-in-mailand-unternehmen-kann\/"]}]},{"@type":"BreadcrumbList","@id":"https:\/\/www.milanfierehotel.com\/de\/aktivitaeten-und-messen-in-mailand\/was-man-in-mailand-unternehmen-kann\/#breadcrumb","itemListElement":[{"@type":"ListItem","position":1,"name":"Home","item":"https:\/\/www.milanfierehotel.com\/de\/"},{"@type":"ListItem","position":2,"name":"Aktivit\u00e4ten und Messen in Mailand","item":"https:\/\/www.milanfierehotel.com\/de\/aktivitaeten-und-messen-in-mailand\/"},{"@type":"ListItem","position":3,"name":"Was man in Mailand unternehmen kann"}]},{"@type":"WebSite","@id":"https:\/\/www.milanfierehotel.com\/de\/#website","url":"https:\/\/www.milanfierehotel.com\/de\/","name":"Voco Milan Fiere","description":"Just another ms.decms.eu site","publisher":{"@id":"https:\/\/www.milanfierehotel.com\/de\/#organization"},"potentialAction":[{"@type":"SearchAction","target":{"@type":"EntryPoint","urlTemplate":"https:\/\/www.milanfierehotel.com\/de\/?s={search_term_string}"},"query-input":{"@type":"PropertyValueSpecification","valueRequired":true,"valueName":"search_term_string"}}],"inLanguage":"de-DE"},{"@type":"Organization","@id":"https:\/\/www.milanfierehotel.com\/de\/#organization","name":"Voco Milano Fiere","url":"https:\/\/www.milanfierehotel.com\/de\/","logo":{"@type":"ImageObject","inLanguage":"de-DE","@id":"https:\/\/www.milanfierehotel.com\/de\/#\/schema\/logo\/image\/","url":"https:\/\/www.milanfierehotel.com\/wp-content\/uploads\/sites\/402\/2022\/07\/02-Hotel-Reception-voco-Milan-Fiere.jpg","contentUrl":"https:\/\/www.milanfierehotel.com\/wp-content\/uploads\/sites\/402\/2022\/07\/02-Hotel-Reception-voco-Milan-Fiere.jpg","width":2200,"height":1200,"caption":"Voco Milano Fiere"},"image":{"@id":"https:\/\/www.milanfierehotel.com\/de\/#\/schema\/logo\/image\/"}}]}},"acf":[],"_links":{"self":[{"href":"https:\/\/www.milanfierehotel.com\/de\/wp-json\/wp\/v2\/pages\/535","targetHints":{"allow":["GET"]}}],"collection":[{"href":"https:\/\/www.milanfierehotel.com\/de\/wp-json\/wp\/v2\/pages"}],"about":[{"href":"https:\/\/www.milanfierehotel.com\/de\/wp-json\/wp\/v2\/types\/page"}],"author":[{"embeddable":true,"href":"https:\/\/www.milanfierehotel.com\/de\/wp-json\/wp\/v2\/users\/6"}],"replies":[{"embeddable":true,"href":"https:\/\/www.milanfierehotel.com\/de\/wp-json\/wp\/v2\/comments?post=535"}],"version-history":[{"count":0,"href":"https:\/\/www.milanfierehotel.com\/de\/wp-json\/wp\/v2\/pages\/535\/revisions"}],"up":[{"embeddable":true,"href":"https:\/\/www.milanfierehotel.com\/de\/wp-json\/wp\/v2\/pages\/523"}],"wp:attachment":[{"href":"https:\/\/www.milanfierehotel.com\/de\/wp-json\/wp\/v2\/media?parent=535"}],"curies":[{"name":"wp","href":"https:\/\/api.w.org\/{rel}","templated":true}]}}