{"id":537,"date":"2022-07-26T11:25:43","date_gmt":"2022-07-26T11:25:43","guid":{"rendered":"https:\/\/vocomilanfieredefinitive.ms.decms.eu\/attivita-e-fiere-a-milano\/cosa-fare-a-milano\/centro-citta\/"},"modified":"2025-08-28T12:51:17","modified_gmt":"2025-08-28T12:51:17","slug":"stadtzentrum","status":"publish","type":"page","link":"https:\/\/www.milanfierehotel.com\/de\/aktivitaeten-und-messen-in-mailand\/was-man-in-mailand-unternehmen-kann\/stadtzentrum\/","title":{"rendered":"Stadtzentrum"},"content":{"rendered":"<p><span style=\"font-weight: 400\">Eine der wichtigsten Sehensw\u00fcrdigkeiten im Zentrum von Mailand ist der <\/span><b>Dom<\/b><span style=\"font-weight: 400\"> und die nahe gelegene <\/span><b>Galleria Vittorio Emanuele II<\/b><span style=\"font-weight: 400\">. Hier finden Sie modische Gesch\u00e4fte, Sternerestaurants und sogar alteingesessene Caf\u00e9s, darunter das ber\u00fchmte <\/span><b>Caff\u00e8 Biffi<\/b><span style=\"font-weight: 400\"> aus dem Jahr 1867.\u00a0<\/span><\/p>\n<p><span style=\"font-weight: 400\">Wenn man weiter durch das Stadtzentrum geht, kann man leicht <\/span><b>Brera oder Milano Liberty<\/b><span style=\"font-weight: 400\"> erreichen und dann auf einem malerischen Spaziergang zu den <\/span><b>Navigli<\/b><span style=\"font-weight: 400\"> (mit einem von Leonardo da Vinci entworfenen und noch heute sichtbaren Schleusensystem) weitergehen, wobei man f\u00fcr eine kurze Pause an der <\/span><b>Darsena<\/b><span style=\"font-weight: 400\"> vorbeikommt.\u00a0<\/span><\/p>\n<p><span style=\"font-weight: 400\">Wer sich jedoch mehr f\u00fcr den kulturellen Aspekt der Stadt interessiert, dem sei ein Besuch des <\/span><b>Castello Sforzesco<\/b><span style=\"font-weight: 400\"> empfohlen, das f\u00fcr seine Ausstellungen und Veranstaltungen aller Art bekannt ist. Die unmittelbare N\u00e4he zum <\/span><b>Parco Sempione<\/b><span style=\"font-weight: 400\"> macht ihn zu einem beliebten Ausflugsziel, um eine Erfrischungspause in der gr\u00fcnen Lunge der Stadt zu genie\u00dfen.<\/span><\/p>\n<p style=\"text-align: center\"><strong><a href=\"https:\/\/www.milanfierehotel.com\/de\/angebote-und-pakete\/fruehstuecks-und-parkpaket\/\">ENTDECKEN SIE DAS FR\u00dcHST\u00dcCKS- UND PARKPLATZPAKET<\/a><\/strong><\/p>\n","protected":false},"excerpt":{"rendered":"<p>Eine der wichtigsten Sehensw\u00fcrdigkeiten im Zentrum von Mailand ist der Dom und die nahe gelegene Galleria Vittorio Emanuele II. Hier finden Sie modische Gesch\u00e4fte, Sternerestaurants und sogar alteingesessene Caf\u00e9s, darunter das ber\u00fchmte Caff\u00e8 Biffi aus dem Jahr 1867.\u00a0 Wenn man weiter durch das Stadtzentrum geht, kann man leicht Brera oder Milano Liberty erreichen und dann [&hellip;]<\/p>\n","protected":false},"author":6,"featured_media":0,"parent":535,"menu_order":101,"comment_status":"closed","ping_status":"closed","template":"template-surroundings.php","meta":{"footnotes":""},"class_list":["post-537","page","type-page","status-publish","hentry"],"yoast_head":"<!-- This site is optimized with the Yoast SEO plugin v26.9 - https:\/\/yoast.com\/product\/yoast-seo-wordpress\/ -->\n<title>Freizeitprogramm und Sehensw\u00fcrdigkeiten im Zentrum von Mailand | voco\u00ae Milan<\/title>\n<meta name=\"description\" content=\"Sie m\u00f6chten die Stadt genie\u00dfen, wissen aber nicht, was Sie im Zentrum von Mailand unternehmen k\u00f6nnten? Folgen Sie unseren Tipps und entdecken Sie die Sehensw\u00fcrdigkeiten mit dem Guide von voco\u00ae Hotels.\" \/>\n<meta name=\"robots\" content=\"index, follow, max-snippet:-1, max-image-preview:large, max-video-preview:-1\" \/>\n<link rel=\"canonical\" href=\"https:\/\/www.milanfierehotel.com\/de\/aktivitaeten-und-messen-in-mailand\/was-man-in-mailand-unternehmen-kann\/stadtzentrum\/\" \/>\n<meta property=\"og:locale\" content=\"de_DE\" \/>\n<meta property=\"og:type\" content=\"article\" \/>\n<meta property=\"og:title\" content=\"Freizeitprogramm und Sehensw\u00fcrdigkeiten im Zentrum von Mailand | voco\u00ae Milan\" \/>\n<meta property=\"og:description\" content=\"Sie m\u00f6chten die Stadt genie\u00dfen, wissen aber nicht, was Sie im Zentrum von Mailand unternehmen k\u00f6nnten? Folgen Sie unseren Tipps und entdecken Sie die Sehensw\u00fcrdigkeiten mit dem Guide von voco\u00ae Hotels.\" \/>\n<meta property=\"og:url\" content=\"https:\/\/www.milanfierehotel.com\/de\/aktivitaeten-und-messen-in-mailand\/was-man-in-mailand-unternehmen-kann\/stadtzentrum\/\" \/>\n<meta property=\"og:site_name\" content=\"Voco Milan Fiere\" \/>\n<meta property=\"article:modified_time\" content=\"2025-08-28T12:51:17+00:00\" \/>\n<meta name=\"twitter:card\" content=\"summary_large_image\" \/>\n<meta name=\"twitter:label1\" content=\"Gesch\u00e4tzte Lesezeit\" \/>\n\t<meta name=\"twitter:data1\" content=\"1 Minute\" \/>\n<script type=\"application\/ld+json\" class=\"yoast-schema-graph\">{\"@context\":\"https:\/\/schema.org\",\"@graph\":[{\"@type\":\"WebPage\",\"@id\":\"https:\/\/www.milanfierehotel.com\/de\/aktivitaeten-und-messen-in-mailand\/was-man-in-mailand-unternehmen-kann\/stadtzentrum\/\",\"url\":\"https:\/\/www.milanfierehotel.com\/de\/aktivitaeten-und-messen-in-mailand\/was-man-in-mailand-unternehmen-kann\/stadtzentrum\/\",\"name\":\"Freizeitprogramm und Sehensw\u00fcrdigkeiten im Zentrum von Mailand | voco\u00ae Milan\",\"isPartOf\":{\"@id\":\"https:\/\/www.milanfierehotel.com\/de\/#website\"},\"datePublished\":\"2022-07-26T11:25:43+00:00\",\"dateModified\":\"2025-08-28T12:51:17+00:00\",\"description\":\"Sie m\u00f6chten die Stadt genie\u00dfen, wissen aber nicht, was Sie im Zentrum von Mailand unternehmen k\u00f6nnten? Folgen Sie unseren Tipps und entdecken Sie die Sehensw\u00fcrdigkeiten mit dem Guide von voco\u00ae Hotels.\",\"breadcrumb\":{\"@id\":\"https:\/\/www.milanfierehotel.com\/de\/aktivitaeten-und-messen-in-mailand\/was-man-in-mailand-unternehmen-kann\/stadtzentrum\/#breadcrumb\"},\"inLanguage\":\"de-DE\",\"potentialAction\":[{\"@type\":\"ReadAction\",\"target\":[\"https:\/\/www.milanfierehotel.com\/de\/aktivitaeten-und-messen-in-mailand\/was-man-in-mailand-unternehmen-kann\/stadtzentrum\/\"]}]},{\"@type\":\"BreadcrumbList\",\"@id\":\"https:\/\/www.milanfierehotel.com\/de\/aktivitaeten-und-messen-in-mailand\/was-man-in-mailand-unternehmen-kann\/stadtzentrum\/#breadcrumb\",\"itemListElement\":[{\"@type\":\"ListItem\",\"position\":1,\"name\":\"Home\",\"item\":\"https:\/\/www.milanfierehotel.com\/de\/\"},{\"@type\":\"ListItem\",\"position\":2,\"name\":\"Aktivit\u00e4ten und Messen in Mailand\",\"item\":\"https:\/\/www.milanfierehotel.com\/de\/aktivitaeten-und-messen-in-mailand\/\"},{\"@type\":\"ListItem\",\"position\":3,\"name\":\"Was man in Mailand unternehmen kann\",\"item\":\"https:\/\/www.milanfierehotel.com\/de\/aktivitaeten-und-messen-in-mailand\/was-man-in-mailand-unternehmen-kann\/\"},{\"@type\":\"ListItem\",\"position\":4,\"name\":\"Stadtzentrum\"}]},{\"@type\":\"WebSite\",\"@id\":\"https:\/\/www.milanfierehotel.com\/de\/#website\",\"url\":\"https:\/\/www.milanfierehotel.com\/de\/\",\"name\":\"Voco Milan Fiere\",\"description\":\"Just another ms.decms.eu site\",\"publisher\":{\"@id\":\"https:\/\/www.milanfierehotel.com\/de\/#organization\"},\"potentialAction\":[{\"@type\":\"SearchAction\",\"target\":{\"@type\":\"EntryPoint\",\"urlTemplate\":\"https:\/\/www.milanfierehotel.com\/de\/?s={search_term_string}\"},\"query-input\":{\"@type\":\"PropertyValueSpecification\",\"valueRequired\":true,\"valueName\":\"search_term_string\"}}],\"inLanguage\":\"de-DE\"},{\"@type\":\"Organization\",\"@id\":\"https:\/\/www.milanfierehotel.com\/de\/#organization\",\"name\":\"Voco Milano Fiere\",\"url\":\"https:\/\/www.milanfierehotel.com\/de\/\",\"logo\":{\"@type\":\"ImageObject\",\"inLanguage\":\"de-DE\",\"@id\":\"https:\/\/www.milanfierehotel.com\/de\/#\/schema\/logo\/image\/\",\"url\":\"https:\/\/www.milanfierehotel.com\/wp-content\/uploads\/sites\/402\/2022\/07\/02-Hotel-Reception-voco-Milan-Fiere.jpg\",\"contentUrl\":\"https:\/\/www.milanfierehotel.com\/wp-content\/uploads\/sites\/402\/2022\/07\/02-Hotel-Reception-voco-Milan-Fiere.jpg\",\"width\":2200,\"height\":1200,\"caption\":\"Voco Milano Fiere\"},\"image\":{\"@id\":\"https:\/\/www.milanfierehotel.com\/de\/#\/schema\/logo\/image\/\"}}]}<\/script>\n<!-- \/ Yoast SEO plugin. -->","yoast_head_json":{"title":"Freizeitprogramm und Sehensw\u00fcrdigkeiten im Zentrum von Mailand | voco\u00ae Milan","description":"Sie m\u00f6chten die Stadt genie\u00dfen, wissen aber nicht, was Sie im Zentrum von Mailand unternehmen k\u00f6nnten? Folgen Sie unseren Tipps und entdecken Sie die Sehensw\u00fcrdigkeiten mit dem Guide von voco\u00ae Hotels.","robots":{"index":"index","follow":"follow","max-snippet":"max-snippet:-1","max-image-preview":"max-image-preview:large","max-video-preview":"max-video-preview:-1"},"canonical":"https:\/\/www.milanfierehotel.com\/de\/aktivitaeten-und-messen-in-mailand\/was-man-in-mailand-unternehmen-kann\/stadtzentrum\/","og_locale":"de_DE","og_type":"article","og_title":"Freizeitprogramm und Sehensw\u00fcrdigkeiten im Zentrum von Mailand | voco\u00ae Milan","og_description":"Sie m\u00f6chten die Stadt genie\u00dfen, wissen aber nicht, was Sie im Zentrum von Mailand unternehmen k\u00f6nnten? Folgen Sie unseren Tipps und entdecken Sie die Sehensw\u00fcrdigkeiten mit dem Guide von voco\u00ae Hotels.","og_url":"https:\/\/www.milanfierehotel.com\/de\/aktivitaeten-und-messen-in-mailand\/was-man-in-mailand-unternehmen-kann\/stadtzentrum\/","og_site_name":"Voco Milan Fiere","article_modified_time":"2025-08-28T12:51:17+00:00","twitter_card":"summary_large_image","twitter_misc":{"Gesch\u00e4tzte Lesezeit":"1 Minute"},"schema":{"@context":"https:\/\/schema.org","@graph":[{"@type":"WebPage","@id":"https:\/\/www.milanfierehotel.com\/de\/aktivitaeten-und-messen-in-mailand\/was-man-in-mailand-unternehmen-kann\/stadtzentrum\/","url":"https:\/\/www.milanfierehotel.com\/de\/aktivitaeten-und-messen-in-mailand\/was-man-in-mailand-unternehmen-kann\/stadtzentrum\/","name":"Freizeitprogramm und Sehensw\u00fcrdigkeiten im Zentrum von Mailand | voco\u00ae Milan","isPartOf":{"@id":"https:\/\/www.milanfierehotel.com\/de\/#website"},"datePublished":"2022-07-26T11:25:43+00:00","dateModified":"2025-08-28T12:51:17+00:00","description":"Sie m\u00f6chten die Stadt genie\u00dfen, wissen aber nicht, was Sie im Zentrum von Mailand unternehmen k\u00f6nnten? Folgen Sie unseren Tipps und entdecken Sie die Sehensw\u00fcrdigkeiten mit dem Guide von voco\u00ae Hotels.","breadcrumb":{"@id":"https:\/\/www.milanfierehotel.com\/de\/aktivitaeten-und-messen-in-mailand\/was-man-in-mailand-unternehmen-kann\/stadtzentrum\/#breadcrumb"},"inLanguage":"de-DE","potentialAction":[{"@type":"ReadAction","target":["https:\/\/www.milanfierehotel.com\/de\/aktivitaeten-und-messen-in-mailand\/was-man-in-mailand-unternehmen-kann\/stadtzentrum\/"]}]},{"@type":"BreadcrumbList","@id":"https:\/\/www.milanfierehotel.com\/de\/aktivitaeten-und-messen-in-mailand\/was-man-in-mailand-unternehmen-kann\/stadtzentrum\/#breadcrumb","itemListElement":[{"@type":"ListItem","position":1,"name":"Home","item":"https:\/\/www.milanfierehotel.com\/de\/"},{"@type":"ListItem","position":2,"name":"Aktivit\u00e4ten und Messen in Mailand","item":"https:\/\/www.milanfierehotel.com\/de\/aktivitaeten-und-messen-in-mailand\/"},{"@type":"ListItem","position":3,"name":"Was man in Mailand unternehmen kann","item":"https:\/\/www.milanfierehotel.com\/de\/aktivitaeten-und-messen-in-mailand\/was-man-in-mailand-unternehmen-kann\/"},{"@type":"ListItem","position":4,"name":"Stadtzentrum"}]},{"@type":"WebSite","@id":"https:\/\/www.milanfierehotel.com\/de\/#website","url":"https:\/\/www.milanfierehotel.com\/de\/","name":"Voco Milan Fiere","description":"Just another ms.decms.eu site","publisher":{"@id":"https:\/\/www.milanfierehotel.com\/de\/#organization"},"potentialAction":[{"@type":"SearchAction","target":{"@type":"EntryPoint","urlTemplate":"https:\/\/www.milanfierehotel.com\/de\/?s={search_term_string}"},"query-input":{"@type":"PropertyValueSpecification","valueRequired":true,"valueName":"search_term_string"}}],"inLanguage":"de-DE"},{"@type":"Organization","@id":"https:\/\/www.milanfierehotel.com\/de\/#organization","name":"Voco Milano Fiere","url":"https:\/\/www.milanfierehotel.com\/de\/","logo":{"@type":"ImageObject","inLanguage":"de-DE","@id":"https:\/\/www.milanfierehotel.com\/de\/#\/schema\/logo\/image\/","url":"https:\/\/www.milanfierehotel.com\/wp-content\/uploads\/sites\/402\/2022\/07\/02-Hotel-Reception-voco-Milan-Fiere.jpg","contentUrl":"https:\/\/www.milanfierehotel.com\/wp-content\/uploads\/sites\/402\/2022\/07\/02-Hotel-Reception-voco-Milan-Fiere.jpg","width":2200,"height":1200,"caption":"Voco Milano Fiere"},"image":{"@id":"https:\/\/www.milanfierehotel.com\/de\/#\/schema\/logo\/image\/"}}]}},"acf":[],"_links":{"self":[{"href":"https:\/\/www.milanfierehotel.com\/de\/wp-json\/wp\/v2\/pages\/537","targetHints":{"allow":["GET"]}}],"collection":[{"href":"https:\/\/www.milanfierehotel.com\/de\/wp-json\/wp\/v2\/pages"}],"about":[{"href":"https:\/\/www.milanfierehotel.com\/de\/wp-json\/wp\/v2\/types\/page"}],"author":[{"embeddable":true,"href":"https:\/\/www.milanfierehotel.com\/de\/wp-json\/wp\/v2\/users\/6"}],"replies":[{"embeddable":true,"href":"https:\/\/www.milanfierehotel.com\/de\/wp-json\/wp\/v2\/comments?post=537"}],"version-history":[{"count":0,"href":"https:\/\/www.milanfierehotel.com\/de\/wp-json\/wp\/v2\/pages\/537\/revisions"}],"up":[{"embeddable":true,"href":"https:\/\/www.milanfierehotel.com\/de\/wp-json\/wp\/v2\/pages\/535"}],"wp:attachment":[{"href":"https:\/\/www.milanfierehotel.com\/de\/wp-json\/wp\/v2\/media?parent=537"}],"curies":[{"name":"wp","href":"https:\/\/api.w.org\/{rel}","templated":true}]}}