{"id":539,"date":"2022-07-26T11:31:17","date_gmt":"2022-07-26T11:31:17","guid":{"rendered":"https:\/\/vocomilanfieredefinitive.ms.decms.eu\/attivita-e-fiere-a-milano\/cosa-fare-a-milano\/musei-e-mostre\/"},"modified":"2025-08-28T12:47:49","modified_gmt":"2025-08-28T12:47:49","slug":"museen-und-ausstellungen","status":"publish","type":"page","link":"https:\/\/www.milanfierehotel.com\/de\/aktivitaeten-und-messen-in-mailand\/was-man-in-mailand-unternehmen-kann\/museen-und-ausstellungen\/","title":{"rendered":"Museen und Ausstellungen"},"content":{"rendered":"<p><span style=\"font-weight: 400\">Neben dem <\/span><b>Modeviertel<\/b><span style=\"font-weight: 400\">, den <\/span><b>Messen und Kongressen<\/b><span style=\"font-weight: 400\"> ist Mailand weltweit als Stadt der Kunst und Kultur bekannt.<\/span><span style=\"font-weight: 400\"><br \/>\n<\/span><span style=\"font-weight: 400\">St\u00e4ndig im Wandel begriffen, birgt sie unter einem Panzer aus gl\u00e4nzender Modernit\u00e4t ein pulsierendes Herz aus Geschichte, Museen und Traditionen. <\/span><span style=\"font-weight: 400\"><br \/>\n<\/span><span style=\"font-weight: 400\"><br \/>\n<\/span><span style=\"font-weight: 400\">Eines der interessantesten Museen ist das <\/span><b>Leonardo-da-Vinci-Nationalmuseum f\u00fcr Wissenschaft und Technik, <\/b><span style=\"font-weight: 400\">in dem Sie von Leonardo selbst entworfene Ger\u00e4te, wissenschaftliche Modelle und Fortbewegungsmittel wie Dampfeisenbahnen besichtigen k\u00f6nnen. Erw\u00e4hnenswert ist auch der Weltraumbereich, in dem man das einzige Mondfragment Italiens sehen kann. <\/span><span style=\"font-weight: 400\"><br \/>\n<\/span><span style=\"font-weight: 400\">Interessant sind auch der <\/span><b>historische Rundgang durch Mailand<\/b><span style=\"font-weight: 400\"> (der eine Eintrittskarte f\u00fcr die Besichtigung des Meisterwerks des <\/span><b>letzten Abendmahls<\/b><span style=\"font-weight: 400\"> beinhaltet), der <\/span><b>Dom<\/b><span style=\"font-weight: 400\"> mit seinem arch\u00e4ologischen Bereich und den dazugeh\u00f6rigen <\/span><b>Museen<\/b><span style=\"font-weight: 400\">, das <\/span><b>Theater La Scala<\/b><span style=\"font-weight: 400\"> und sein Museum und nicht zuletzt die <\/span><b>eigenst\u00e4ndige Besichtigung des Stadions und des Museums San Siro<\/b><span style=\"font-weight: 400\">.<\/span><\/p>\n<p style=\"text-align: center\"><strong><a href=\"https:\/\/www.milanfierehotel.com\/de\/angebote-und-pakete\/fruehstuecks-und-parkpaket\/\">ENTDECKEN SIE DAS FR\u00dcHST\u00dcCKS- UND PARKPLATZPAKET<\/a><\/strong><\/p>\n","protected":false},"excerpt":{"rendered":"<p>Neben dem Modeviertel, den Messen und Kongressen ist Mailand weltweit als Stadt der Kunst und Kultur bekannt. St\u00e4ndig im Wandel begriffen, birgt sie unter einem Panzer aus gl\u00e4nzender Modernit\u00e4t ein pulsierendes Herz aus Geschichte, Museen und Traditionen. Eines der interessantesten Museen ist das Leonardo-da-Vinci-Nationalmuseum f\u00fcr Wissenschaft und Technik, in dem Sie von Leonardo selbst entworfene [&hellip;]<\/p>\n","protected":false},"author":6,"featured_media":0,"parent":535,"menu_order":103,"comment_status":"closed","ping_status":"closed","template":"template-surroundings.php","meta":{"footnotes":""},"class_list":["post-539","page","type-page","status-publish","hentry"],"yoast_head":"<!-- This site is optimized with the Yoast SEO plugin v26.9 - https:\/\/yoast.com\/product\/yoast-seo-wordpress\/ -->\n<title>Museen und Ausstellungen zum Besuchen in Mailand | voco\u00ae Milan<\/title>\n<meta name=\"description\" content=\"Sie suchen Museen und Ausstellungen zum Besuchen in Mailand? Sparen Sie Zeit mit unserer Hilfe! Entdecken Sie mit dem Guide von voco\u00ae Milan-Fiere, welche Ausstellungen Sie besuchen k\u00f6nnten.\" \/>\n<meta name=\"robots\" content=\"index, follow, max-snippet:-1, max-image-preview:large, max-video-preview:-1\" \/>\n<link rel=\"canonical\" href=\"https:\/\/www.milanfierehotel.com\/de\/aktivitaeten-und-messen-in-mailand\/was-man-in-mailand-unternehmen-kann\/museen-und-ausstellungen\/\" \/>\n<meta property=\"og:locale\" content=\"de_DE\" \/>\n<meta property=\"og:type\" content=\"article\" \/>\n<meta property=\"og:title\" content=\"Museen und Ausstellungen zum Besuchen in Mailand | voco\u00ae Milan\" \/>\n<meta property=\"og:description\" content=\"Sie suchen Museen und Ausstellungen zum Besuchen in Mailand? Sparen Sie Zeit mit unserer Hilfe! Entdecken Sie mit dem Guide von voco\u00ae Milan-Fiere, welche Ausstellungen Sie besuchen k\u00f6nnten.\" \/>\n<meta property=\"og:url\" content=\"https:\/\/www.milanfierehotel.com\/de\/aktivitaeten-und-messen-in-mailand\/was-man-in-mailand-unternehmen-kann\/museen-und-ausstellungen\/\" \/>\n<meta property=\"og:site_name\" content=\"Voco Milan Fiere\" \/>\n<meta property=\"article:modified_time\" content=\"2025-08-28T12:47:49+00:00\" \/>\n<meta name=\"twitter:card\" content=\"summary_large_image\" \/>\n<meta name=\"twitter:label1\" content=\"Gesch\u00e4tzte Lesezeit\" \/>\n\t<meta name=\"twitter:data1\" content=\"1 Minute\" \/>\n<script type=\"application\/ld+json\" class=\"yoast-schema-graph\">{\"@context\":\"https:\/\/schema.org\",\"@graph\":[{\"@type\":\"WebPage\",\"@id\":\"https:\/\/www.milanfierehotel.com\/de\/aktivitaeten-und-messen-in-mailand\/was-man-in-mailand-unternehmen-kann\/museen-und-ausstellungen\/\",\"url\":\"https:\/\/www.milanfierehotel.com\/de\/aktivitaeten-und-messen-in-mailand\/was-man-in-mailand-unternehmen-kann\/museen-und-ausstellungen\/\",\"name\":\"Museen und Ausstellungen zum Besuchen in Mailand | voco\u00ae Milan\",\"isPartOf\":{\"@id\":\"https:\/\/www.milanfierehotel.com\/de\/#website\"},\"datePublished\":\"2022-07-26T11:31:17+00:00\",\"dateModified\":\"2025-08-28T12:47:49+00:00\",\"description\":\"Sie suchen Museen und Ausstellungen zum Besuchen in Mailand? Sparen Sie Zeit mit unserer Hilfe! Entdecken Sie mit dem Guide von voco\u00ae Milan-Fiere, welche Ausstellungen Sie besuchen k\u00f6nnten.\",\"breadcrumb\":{\"@id\":\"https:\/\/www.milanfierehotel.com\/de\/aktivitaeten-und-messen-in-mailand\/was-man-in-mailand-unternehmen-kann\/museen-und-ausstellungen\/#breadcrumb\"},\"inLanguage\":\"de-DE\",\"potentialAction\":[{\"@type\":\"ReadAction\",\"target\":[\"https:\/\/www.milanfierehotel.com\/de\/aktivitaeten-und-messen-in-mailand\/was-man-in-mailand-unternehmen-kann\/museen-und-ausstellungen\/\"]}]},{\"@type\":\"BreadcrumbList\",\"@id\":\"https:\/\/www.milanfierehotel.com\/de\/aktivitaeten-und-messen-in-mailand\/was-man-in-mailand-unternehmen-kann\/museen-und-ausstellungen\/#breadcrumb\",\"itemListElement\":[{\"@type\":\"ListItem\",\"position\":1,\"name\":\"Home\",\"item\":\"https:\/\/www.milanfierehotel.com\/de\/\"},{\"@type\":\"ListItem\",\"position\":2,\"name\":\"Aktivit\u00e4ten und Messen in Mailand\",\"item\":\"https:\/\/www.milanfierehotel.com\/de\/aktivitaeten-und-messen-in-mailand\/\"},{\"@type\":\"ListItem\",\"position\":3,\"name\":\"Was man in Mailand unternehmen kann\",\"item\":\"https:\/\/www.milanfierehotel.com\/de\/aktivitaeten-und-messen-in-mailand\/was-man-in-mailand-unternehmen-kann\/\"},{\"@type\":\"ListItem\",\"position\":4,\"name\":\"Museen und Ausstellungen\"}]},{\"@type\":\"WebSite\",\"@id\":\"https:\/\/www.milanfierehotel.com\/de\/#website\",\"url\":\"https:\/\/www.milanfierehotel.com\/de\/\",\"name\":\"Voco Milan Fiere\",\"description\":\"Just another ms.decms.eu site\",\"publisher\":{\"@id\":\"https:\/\/www.milanfierehotel.com\/de\/#organization\"},\"potentialAction\":[{\"@type\":\"SearchAction\",\"target\":{\"@type\":\"EntryPoint\",\"urlTemplate\":\"https:\/\/www.milanfierehotel.com\/de\/?s={search_term_string}\"},\"query-input\":{\"@type\":\"PropertyValueSpecification\",\"valueRequired\":true,\"valueName\":\"search_term_string\"}}],\"inLanguage\":\"de-DE\"},{\"@type\":\"Organization\",\"@id\":\"https:\/\/www.milanfierehotel.com\/de\/#organization\",\"name\":\"Voco Milano Fiere\",\"url\":\"https:\/\/www.milanfierehotel.com\/de\/\",\"logo\":{\"@type\":\"ImageObject\",\"inLanguage\":\"de-DE\",\"@id\":\"https:\/\/www.milanfierehotel.com\/de\/#\/schema\/logo\/image\/\",\"url\":\"https:\/\/www.milanfierehotel.com\/wp-content\/uploads\/sites\/402\/2022\/07\/02-Hotel-Reception-voco-Milan-Fiere.jpg\",\"contentUrl\":\"https:\/\/www.milanfierehotel.com\/wp-content\/uploads\/sites\/402\/2022\/07\/02-Hotel-Reception-voco-Milan-Fiere.jpg\",\"width\":2200,\"height\":1200,\"caption\":\"Voco Milano Fiere\"},\"image\":{\"@id\":\"https:\/\/www.milanfierehotel.com\/de\/#\/schema\/logo\/image\/\"}}]}<\/script>\n<!-- \/ Yoast SEO plugin. -->","yoast_head_json":{"title":"Museen und Ausstellungen zum Besuchen in Mailand | voco\u00ae Milan","description":"Sie suchen Museen und Ausstellungen zum Besuchen in Mailand? Sparen Sie Zeit mit unserer Hilfe! Entdecken Sie mit dem Guide von voco\u00ae Milan-Fiere, welche Ausstellungen Sie besuchen k\u00f6nnten.","robots":{"index":"index","follow":"follow","max-snippet":"max-snippet:-1","max-image-preview":"max-image-preview:large","max-video-preview":"max-video-preview:-1"},"canonical":"https:\/\/www.milanfierehotel.com\/de\/aktivitaeten-und-messen-in-mailand\/was-man-in-mailand-unternehmen-kann\/museen-und-ausstellungen\/","og_locale":"de_DE","og_type":"article","og_title":"Museen und Ausstellungen zum Besuchen in Mailand | voco\u00ae Milan","og_description":"Sie suchen Museen und Ausstellungen zum Besuchen in Mailand? Sparen Sie Zeit mit unserer Hilfe! Entdecken Sie mit dem Guide von voco\u00ae Milan-Fiere, welche Ausstellungen Sie besuchen k\u00f6nnten.","og_url":"https:\/\/www.milanfierehotel.com\/de\/aktivitaeten-und-messen-in-mailand\/was-man-in-mailand-unternehmen-kann\/museen-und-ausstellungen\/","og_site_name":"Voco Milan Fiere","article_modified_time":"2025-08-28T12:47:49+00:00","twitter_card":"summary_large_image","twitter_misc":{"Gesch\u00e4tzte Lesezeit":"1 Minute"},"schema":{"@context":"https:\/\/schema.org","@graph":[{"@type":"WebPage","@id":"https:\/\/www.milanfierehotel.com\/de\/aktivitaeten-und-messen-in-mailand\/was-man-in-mailand-unternehmen-kann\/museen-und-ausstellungen\/","url":"https:\/\/www.milanfierehotel.com\/de\/aktivitaeten-und-messen-in-mailand\/was-man-in-mailand-unternehmen-kann\/museen-und-ausstellungen\/","name":"Museen und Ausstellungen zum Besuchen in Mailand | voco\u00ae Milan","isPartOf":{"@id":"https:\/\/www.milanfierehotel.com\/de\/#website"},"datePublished":"2022-07-26T11:31:17+00:00","dateModified":"2025-08-28T12:47:49+00:00","description":"Sie suchen Museen und Ausstellungen zum Besuchen in Mailand? Sparen Sie Zeit mit unserer Hilfe! Entdecken Sie mit dem Guide von voco\u00ae Milan-Fiere, welche Ausstellungen Sie besuchen k\u00f6nnten.","breadcrumb":{"@id":"https:\/\/www.milanfierehotel.com\/de\/aktivitaeten-und-messen-in-mailand\/was-man-in-mailand-unternehmen-kann\/museen-und-ausstellungen\/#breadcrumb"},"inLanguage":"de-DE","potentialAction":[{"@type":"ReadAction","target":["https:\/\/www.milanfierehotel.com\/de\/aktivitaeten-und-messen-in-mailand\/was-man-in-mailand-unternehmen-kann\/museen-und-ausstellungen\/"]}]},{"@type":"BreadcrumbList","@id":"https:\/\/www.milanfierehotel.com\/de\/aktivitaeten-und-messen-in-mailand\/was-man-in-mailand-unternehmen-kann\/museen-und-ausstellungen\/#breadcrumb","itemListElement":[{"@type":"ListItem","position":1,"name":"Home","item":"https:\/\/www.milanfierehotel.com\/de\/"},{"@type":"ListItem","position":2,"name":"Aktivit\u00e4ten und Messen in Mailand","item":"https:\/\/www.milanfierehotel.com\/de\/aktivitaeten-und-messen-in-mailand\/"},{"@type":"ListItem","position":3,"name":"Was man in Mailand unternehmen kann","item":"https:\/\/www.milanfierehotel.com\/de\/aktivitaeten-und-messen-in-mailand\/was-man-in-mailand-unternehmen-kann\/"},{"@type":"ListItem","position":4,"name":"Museen und Ausstellungen"}]},{"@type":"WebSite","@id":"https:\/\/www.milanfierehotel.com\/de\/#website","url":"https:\/\/www.milanfierehotel.com\/de\/","name":"Voco Milan Fiere","description":"Just another ms.decms.eu site","publisher":{"@id":"https:\/\/www.milanfierehotel.com\/de\/#organization"},"potentialAction":[{"@type":"SearchAction","target":{"@type":"EntryPoint","urlTemplate":"https:\/\/www.milanfierehotel.com\/de\/?s={search_term_string}"},"query-input":{"@type":"PropertyValueSpecification","valueRequired":true,"valueName":"search_term_string"}}],"inLanguage":"de-DE"},{"@type":"Organization","@id":"https:\/\/www.milanfierehotel.com\/de\/#organization","name":"Voco Milano Fiere","url":"https:\/\/www.milanfierehotel.com\/de\/","logo":{"@type":"ImageObject","inLanguage":"de-DE","@id":"https:\/\/www.milanfierehotel.com\/de\/#\/schema\/logo\/image\/","url":"https:\/\/www.milanfierehotel.com\/wp-content\/uploads\/sites\/402\/2022\/07\/02-Hotel-Reception-voco-Milan-Fiere.jpg","contentUrl":"https:\/\/www.milanfierehotel.com\/wp-content\/uploads\/sites\/402\/2022\/07\/02-Hotel-Reception-voco-Milan-Fiere.jpg","width":2200,"height":1200,"caption":"Voco Milano Fiere"},"image":{"@id":"https:\/\/www.milanfierehotel.com\/de\/#\/schema\/logo\/image\/"}}]}},"acf":[],"_links":{"self":[{"href":"https:\/\/www.milanfierehotel.com\/de\/wp-json\/wp\/v2\/pages\/539","targetHints":{"allow":["GET"]}}],"collection":[{"href":"https:\/\/www.milanfierehotel.com\/de\/wp-json\/wp\/v2\/pages"}],"about":[{"href":"https:\/\/www.milanfierehotel.com\/de\/wp-json\/wp\/v2\/types\/page"}],"author":[{"embeddable":true,"href":"https:\/\/www.milanfierehotel.com\/de\/wp-json\/wp\/v2\/users\/6"}],"replies":[{"embeddable":true,"href":"https:\/\/www.milanfierehotel.com\/de\/wp-json\/wp\/v2\/comments?post=539"}],"version-history":[{"count":0,"href":"https:\/\/www.milanfierehotel.com\/de\/wp-json\/wp\/v2\/pages\/539\/revisions"}],"up":[{"embeddable":true,"href":"https:\/\/www.milanfierehotel.com\/de\/wp-json\/wp\/v2\/pages\/535"}],"wp:attachment":[{"href":"https:\/\/www.milanfierehotel.com\/de\/wp-json\/wp\/v2\/media?parent=539"}],"curies":[{"name":"wp","href":"https:\/\/api.w.org\/{rel}","templated":true}]}}