{"id":541,"date":"2022-07-26T11:27:42","date_gmt":"2022-07-26T11:27:42","guid":{"rendered":"https:\/\/vocomilanfieredefinitive.ms.decms.eu\/shopping-a-milano\/"},"modified":"2025-08-28T12:42:42","modified_gmt":"2025-08-28T12:42:42","slug":"shopping-in-mailand","status":"publish","type":"page","link":"https:\/\/www.milanfierehotel.com\/de\/aktivitaeten-und-messen-in-mailand\/was-man-in-mailand-unternehmen-kann\/shopping-in-mailand\/","title":{"rendered":"Shopping in Mailand"},"content":{"rendered":"<p><span style=\"font-weight: 400\">Als Hauptstadt der Mode, Fashion und der ber\u00fchmten <\/span><b>Modewoche<\/b><span style=\"font-weight: 400\"> ist Mailand ber\u00fchmt f\u00fcr seine k\u00fcnstlerische und zugleich raffinierte Atmosph\u00e4re.\u00a0<\/span><\/p>\n<p><span style=\"font-weight: 400\">Ideal f\u00fcr alle, die sich einen langen Shopping-Tag g\u00f6nnen wollen: voco\u00ae Milan-Fiere ist nicht weit vom Einkaufszentrum <\/span><b>Il Centro<\/b><span style=\"font-weight: 400\"> di <\/span><b>Arese<\/b><span style=\"font-weight: 400\"> entfernt, in dem mehr als <\/span><b>200 Gesch\u00e4fte<\/b><span style=\"font-weight: 400\"> nationaler und internationaler Marken zu finden sind.\u00a0<\/span><\/p>\n<p><span style=\"font-weight: 400\">Wer lieber an der frischen Luft spazieren geht, dem sei ein Besuch der Via Montenapoleone, der Via della Spiga und des Corso Venezia empfohlen. Diese drei Stra\u00dfen bilden das so genannte <\/span><b>Modeviereck<\/b><span style=\"font-weight: 400\">, in dem sich zahlreiche Luxusboutiquen, Gesch\u00e4fte und Ateliers mit Marken wie <\/span><b>Prada<\/b><span style=\"font-weight: 400\">, <\/span><b>Gucci<\/b><span style=\"font-weight: 400\">, <\/span><b>Chanel<\/b><span style=\"font-weight: 400\"> und vielen anderen befinden.\u00a0<\/span><\/p>\n<p><span style=\"font-weight: 400\">In der Gegend gibt es auch mehrere <\/span><b>historische Juweliere<\/b><span style=\"font-weight: 400\"> und <\/span><b>Ausstellungsr\u00e4ume<\/b><span style=\"font-weight: 400\">, in denen die neuesten Modekollektionen der Saison pr\u00e4sentiert werden.<\/span><\/p>\n<p style=\"text-align: center\"><strong><a href=\"https:\/\/www.milanfierehotel.com\/de\/angebote-und-pakete\/fruehstuecks-und-parkpaket\/\">ENTDECKEN SIE DAS FR\u00dcHST\u00dcCKS- UND PARKPLATZPAKET<\/a><\/strong><\/p>\n","protected":false},"excerpt":{"rendered":"<p>Als Hauptstadt der Mode, Fashion und der ber\u00fchmten Modewoche ist Mailand ber\u00fchmt f\u00fcr seine k\u00fcnstlerische und zugleich raffinierte Atmosph\u00e4re.\u00a0 Ideal f\u00fcr alle, die sich einen langen Shopping-Tag g\u00f6nnen wollen: voco\u00ae Milan-Fiere ist nicht weit vom Einkaufszentrum Il Centro di Arese entfernt, in dem mehr als 200 Gesch\u00e4fte nationaler und internationaler Marken zu finden sind.\u00a0 Wer [&hellip;]<\/p>\n","protected":false},"author":6,"featured_media":0,"parent":535,"menu_order":102,"comment_status":"closed","ping_status":"closed","template":"template-surroundings.php","meta":{"footnotes":""},"class_list":["post-541","page","type-page","status-publish","hentry"],"yoast_head":"<!-- This site is optimized with the Yoast SEO plugin v26.9 - https:\/\/yoast.com\/product\/yoast-seo-wordpress\/ -->\n<title>Shopping in Mailand: Boutiquen und Einkaufszentren | voco\u00ae Milan<\/title>\n<meta name=\"description\" content=\"Sie gehen gerne auf Einkaufstour, wissen aber nicht, wo man in Mailand shoppen kann? Folgen Sie unserem Guide und entdecken Sie die Shopping-M\u00f6glichkeiten in der N\u00e4he des voco\u00ae 4-Stern-Hotels!\" \/>\n<meta name=\"robots\" content=\"index, follow, max-snippet:-1, max-image-preview:large, max-video-preview:-1\" \/>\n<link rel=\"canonical\" href=\"https:\/\/www.milanfierehotel.com\/de\/aktivitaeten-und-messen-in-mailand\/was-man-in-mailand-unternehmen-kann\/shopping-in-mailand\/\" \/>\n<meta property=\"og:locale\" content=\"de_DE\" \/>\n<meta property=\"og:type\" content=\"article\" \/>\n<meta property=\"og:title\" content=\"Shopping in Mailand: Boutiquen und Einkaufszentren | voco\u00ae Milan\" \/>\n<meta property=\"og:description\" content=\"Sie gehen gerne auf Einkaufstour, wissen aber nicht, wo man in Mailand shoppen kann? Folgen Sie unserem Guide und entdecken Sie die Shopping-M\u00f6glichkeiten in der N\u00e4he des voco\u00ae 4-Stern-Hotels!\" \/>\n<meta property=\"og:url\" content=\"https:\/\/www.milanfierehotel.com\/de\/aktivitaeten-und-messen-in-mailand\/was-man-in-mailand-unternehmen-kann\/shopping-in-mailand\/\" \/>\n<meta property=\"og:site_name\" content=\"Voco Milan Fiere\" \/>\n<meta property=\"article:modified_time\" content=\"2025-08-28T12:42:42+00:00\" \/>\n<meta name=\"twitter:card\" content=\"summary_large_image\" \/>\n<meta name=\"twitter:label1\" content=\"Gesch\u00e4tzte Lesezeit\" \/>\n\t<meta name=\"twitter:data1\" content=\"1 Minute\" \/>\n<script type=\"application\/ld+json\" class=\"yoast-schema-graph\">{\"@context\":\"https:\/\/schema.org\",\"@graph\":[{\"@type\":\"WebPage\",\"@id\":\"https:\/\/www.milanfierehotel.com\/de\/aktivitaeten-und-messen-in-mailand\/was-man-in-mailand-unternehmen-kann\/shopping-in-mailand\/\",\"url\":\"https:\/\/www.milanfierehotel.com\/de\/aktivitaeten-und-messen-in-mailand\/was-man-in-mailand-unternehmen-kann\/shopping-in-mailand\/\",\"name\":\"Shopping in Mailand: Boutiquen und Einkaufszentren | voco\u00ae Milan\",\"isPartOf\":{\"@id\":\"https:\/\/www.milanfierehotel.com\/de\/#website\"},\"datePublished\":\"2022-07-26T11:27:42+00:00\",\"dateModified\":\"2025-08-28T12:42:42+00:00\",\"description\":\"Sie gehen gerne auf Einkaufstour, wissen aber nicht, wo man in Mailand shoppen kann? Folgen Sie unserem Guide und entdecken Sie die Shopping-M\u00f6glichkeiten in der N\u00e4he des voco\u00ae 4-Stern-Hotels!\",\"breadcrumb\":{\"@id\":\"https:\/\/www.milanfierehotel.com\/de\/aktivitaeten-und-messen-in-mailand\/was-man-in-mailand-unternehmen-kann\/shopping-in-mailand\/#breadcrumb\"},\"inLanguage\":\"de-DE\",\"potentialAction\":[{\"@type\":\"ReadAction\",\"target\":[\"https:\/\/www.milanfierehotel.com\/de\/aktivitaeten-und-messen-in-mailand\/was-man-in-mailand-unternehmen-kann\/shopping-in-mailand\/\"]}]},{\"@type\":\"BreadcrumbList\",\"@id\":\"https:\/\/www.milanfierehotel.com\/de\/aktivitaeten-und-messen-in-mailand\/was-man-in-mailand-unternehmen-kann\/shopping-in-mailand\/#breadcrumb\",\"itemListElement\":[{\"@type\":\"ListItem\",\"position\":1,\"name\":\"Home\",\"item\":\"https:\/\/www.milanfierehotel.com\/de\/\"},{\"@type\":\"ListItem\",\"position\":2,\"name\":\"Aktivit\u00e4ten und Messen in Mailand\",\"item\":\"https:\/\/www.milanfierehotel.com\/de\/aktivitaeten-und-messen-in-mailand\/\"},{\"@type\":\"ListItem\",\"position\":3,\"name\":\"Was man in Mailand unternehmen kann\",\"item\":\"https:\/\/www.milanfierehotel.com\/de\/aktivitaeten-und-messen-in-mailand\/was-man-in-mailand-unternehmen-kann\/\"},{\"@type\":\"ListItem\",\"position\":4,\"name\":\"Shopping in Mailand\"}]},{\"@type\":\"WebSite\",\"@id\":\"https:\/\/www.milanfierehotel.com\/de\/#website\",\"url\":\"https:\/\/www.milanfierehotel.com\/de\/\",\"name\":\"Voco Milan Fiere\",\"description\":\"Just another ms.decms.eu site\",\"publisher\":{\"@id\":\"https:\/\/www.milanfierehotel.com\/de\/#organization\"},\"potentialAction\":[{\"@type\":\"SearchAction\",\"target\":{\"@type\":\"EntryPoint\",\"urlTemplate\":\"https:\/\/www.milanfierehotel.com\/de\/?s={search_term_string}\"},\"query-input\":{\"@type\":\"PropertyValueSpecification\",\"valueRequired\":true,\"valueName\":\"search_term_string\"}}],\"inLanguage\":\"de-DE\"},{\"@type\":\"Organization\",\"@id\":\"https:\/\/www.milanfierehotel.com\/de\/#organization\",\"name\":\"Voco Milano Fiere\",\"url\":\"https:\/\/www.milanfierehotel.com\/de\/\",\"logo\":{\"@type\":\"ImageObject\",\"inLanguage\":\"de-DE\",\"@id\":\"https:\/\/www.milanfierehotel.com\/de\/#\/schema\/logo\/image\/\",\"url\":\"https:\/\/www.milanfierehotel.com\/wp-content\/uploads\/sites\/402\/2022\/07\/02-Hotel-Reception-voco-Milan-Fiere.jpg\",\"contentUrl\":\"https:\/\/www.milanfierehotel.com\/wp-content\/uploads\/sites\/402\/2022\/07\/02-Hotel-Reception-voco-Milan-Fiere.jpg\",\"width\":2200,\"height\":1200,\"caption\":\"Voco Milano Fiere\"},\"image\":{\"@id\":\"https:\/\/www.milanfierehotel.com\/de\/#\/schema\/logo\/image\/\"}}]}<\/script>\n<!-- \/ Yoast SEO plugin. -->","yoast_head_json":{"title":"Shopping in Mailand: Boutiquen und Einkaufszentren | voco\u00ae Milan","description":"Sie gehen gerne auf Einkaufstour, wissen aber nicht, wo man in Mailand shoppen kann? Folgen Sie unserem Guide und entdecken Sie die Shopping-M\u00f6glichkeiten in der N\u00e4he des voco\u00ae 4-Stern-Hotels!","robots":{"index":"index","follow":"follow","max-snippet":"max-snippet:-1","max-image-preview":"max-image-preview:large","max-video-preview":"max-video-preview:-1"},"canonical":"https:\/\/www.milanfierehotel.com\/de\/aktivitaeten-und-messen-in-mailand\/was-man-in-mailand-unternehmen-kann\/shopping-in-mailand\/","og_locale":"de_DE","og_type":"article","og_title":"Shopping in Mailand: Boutiquen und Einkaufszentren | voco\u00ae Milan","og_description":"Sie gehen gerne auf Einkaufstour, wissen aber nicht, wo man in Mailand shoppen kann? Folgen Sie unserem Guide und entdecken Sie die Shopping-M\u00f6glichkeiten in der N\u00e4he des voco\u00ae 4-Stern-Hotels!","og_url":"https:\/\/www.milanfierehotel.com\/de\/aktivitaeten-und-messen-in-mailand\/was-man-in-mailand-unternehmen-kann\/shopping-in-mailand\/","og_site_name":"Voco Milan Fiere","article_modified_time":"2025-08-28T12:42:42+00:00","twitter_card":"summary_large_image","twitter_misc":{"Gesch\u00e4tzte Lesezeit":"1 Minute"},"schema":{"@context":"https:\/\/schema.org","@graph":[{"@type":"WebPage","@id":"https:\/\/www.milanfierehotel.com\/de\/aktivitaeten-und-messen-in-mailand\/was-man-in-mailand-unternehmen-kann\/shopping-in-mailand\/","url":"https:\/\/www.milanfierehotel.com\/de\/aktivitaeten-und-messen-in-mailand\/was-man-in-mailand-unternehmen-kann\/shopping-in-mailand\/","name":"Shopping in Mailand: Boutiquen und Einkaufszentren | voco\u00ae Milan","isPartOf":{"@id":"https:\/\/www.milanfierehotel.com\/de\/#website"},"datePublished":"2022-07-26T11:27:42+00:00","dateModified":"2025-08-28T12:42:42+00:00","description":"Sie gehen gerne auf Einkaufstour, wissen aber nicht, wo man in Mailand shoppen kann? Folgen Sie unserem Guide und entdecken Sie die Shopping-M\u00f6glichkeiten in der N\u00e4he des voco\u00ae 4-Stern-Hotels!","breadcrumb":{"@id":"https:\/\/www.milanfierehotel.com\/de\/aktivitaeten-und-messen-in-mailand\/was-man-in-mailand-unternehmen-kann\/shopping-in-mailand\/#breadcrumb"},"inLanguage":"de-DE","potentialAction":[{"@type":"ReadAction","target":["https:\/\/www.milanfierehotel.com\/de\/aktivitaeten-und-messen-in-mailand\/was-man-in-mailand-unternehmen-kann\/shopping-in-mailand\/"]}]},{"@type":"BreadcrumbList","@id":"https:\/\/www.milanfierehotel.com\/de\/aktivitaeten-und-messen-in-mailand\/was-man-in-mailand-unternehmen-kann\/shopping-in-mailand\/#breadcrumb","itemListElement":[{"@type":"ListItem","position":1,"name":"Home","item":"https:\/\/www.milanfierehotel.com\/de\/"},{"@type":"ListItem","position":2,"name":"Aktivit\u00e4ten und Messen in Mailand","item":"https:\/\/www.milanfierehotel.com\/de\/aktivitaeten-und-messen-in-mailand\/"},{"@type":"ListItem","position":3,"name":"Was man in Mailand unternehmen kann","item":"https:\/\/www.milanfierehotel.com\/de\/aktivitaeten-und-messen-in-mailand\/was-man-in-mailand-unternehmen-kann\/"},{"@type":"ListItem","position":4,"name":"Shopping in Mailand"}]},{"@type":"WebSite","@id":"https:\/\/www.milanfierehotel.com\/de\/#website","url":"https:\/\/www.milanfierehotel.com\/de\/","name":"Voco Milan Fiere","description":"Just another ms.decms.eu site","publisher":{"@id":"https:\/\/www.milanfierehotel.com\/de\/#organization"},"potentialAction":[{"@type":"SearchAction","target":{"@type":"EntryPoint","urlTemplate":"https:\/\/www.milanfierehotel.com\/de\/?s={search_term_string}"},"query-input":{"@type":"PropertyValueSpecification","valueRequired":true,"valueName":"search_term_string"}}],"inLanguage":"de-DE"},{"@type":"Organization","@id":"https:\/\/www.milanfierehotel.com\/de\/#organization","name":"Voco Milano Fiere","url":"https:\/\/www.milanfierehotel.com\/de\/","logo":{"@type":"ImageObject","inLanguage":"de-DE","@id":"https:\/\/www.milanfierehotel.com\/de\/#\/schema\/logo\/image\/","url":"https:\/\/www.milanfierehotel.com\/wp-content\/uploads\/sites\/402\/2022\/07\/02-Hotel-Reception-voco-Milan-Fiere.jpg","contentUrl":"https:\/\/www.milanfierehotel.com\/wp-content\/uploads\/sites\/402\/2022\/07\/02-Hotel-Reception-voco-Milan-Fiere.jpg","width":2200,"height":1200,"caption":"Voco Milano Fiere"},"image":{"@id":"https:\/\/www.milanfierehotel.com\/de\/#\/schema\/logo\/image\/"}}]}},"acf":[],"_links":{"self":[{"href":"https:\/\/www.milanfierehotel.com\/de\/wp-json\/wp\/v2\/pages\/541","targetHints":{"allow":["GET"]}}],"collection":[{"href":"https:\/\/www.milanfierehotel.com\/de\/wp-json\/wp\/v2\/pages"}],"about":[{"href":"https:\/\/www.milanfierehotel.com\/de\/wp-json\/wp\/v2\/types\/page"}],"author":[{"embeddable":true,"href":"https:\/\/www.milanfierehotel.com\/de\/wp-json\/wp\/v2\/users\/6"}],"replies":[{"embeddable":true,"href":"https:\/\/www.milanfierehotel.com\/de\/wp-json\/wp\/v2\/comments?post=541"}],"version-history":[{"count":0,"href":"https:\/\/www.milanfierehotel.com\/de\/wp-json\/wp\/v2\/pages\/541\/revisions"}],"up":[{"embeddable":true,"href":"https:\/\/www.milanfierehotel.com\/de\/wp-json\/wp\/v2\/pages\/535"}],"wp:attachment":[{"href":"https:\/\/www.milanfierehotel.com\/de\/wp-json\/wp\/v2\/media?parent=541"}],"curies":[{"name":"wp","href":"https:\/\/api.w.org\/{rel}","templated":true}]}}