{"id":543,"date":"2022-07-01T14:41:20","date_gmt":"2022-07-01T14:41:20","guid":{"rendered":"https:\/\/vocomilanfieredefinitive.ms.decms.eu\/dove-siamo\/"},"modified":"2022-08-31T11:53:44","modified_gmt":"2022-08-31T11:53:44","slug":"wo-wir-sind","status":"publish","type":"page","link":"https:\/\/www.milanfierehotel.com\/de\/wo-wir-sind\/","title":{"rendered":"Wo wir sind"},"content":{"rendered":"<p><span style=\"font-weight: 400;\">voco\u00ae Milan &#8211; Fiere ist nur wenige Kilometer von der <\/span><b>Messe Mailand<\/b><span style=\"font-weight: 400;\">, dem <\/span><b>Mico Convention Center<\/b><span style=\"font-weight: 400;\">, dem<\/span><b> Mail\u00e4nder Innovation District und der Piazza del Duomo<\/b><span style=\"font-weight: 400;\"> entfernt. Es ist strategisch g\u00fcnstig gelegen und nur <\/span><b>zwei Autominuten<\/b><span style=\"font-weight: 400;\"> von den Autobahnen <\/span><b>A4 und <\/b><span style=\"font-weight: 400;\">\u00a0<\/span><b>A8<\/b><span style=\"font-weight: 400;\"> entfernt, \u00fcber die das <\/span><b>Zentrum von Mailand<\/b><span style=\"font-weight: 400;\"> sowie die Flugh\u00e4fen <\/span><b>Linate<\/b><span style=\"font-weight: 400;\"> und <\/span><b>Malpensa<\/b><span style=\"font-weight: 400;\"> leicht zu erreichen sind.\u00a0<\/span><\/p>\n<p><span style=\"font-weight: 400;\">Auch die N\u00e4he zum <\/span><b>San Siro<\/b><span style=\"font-weight: 400;\"> ist hervorragend, so dass es f\u00fcr alle Fans von Sport- und Musikveranstaltungen ideal ist.<\/span><\/p>\n<p><span style=\"font-weight: 400;\">Abseits vom Verkehr der Stadt und ihrer ZTL-Zonen verbinden wir die N\u00e4he zu den modernsten Konferenzzentren Mailands mit dem pulsierenden Herzen der Stadt und ersparen unseren G\u00e4sten den Verkehr einer sich st\u00e4ndig bewegenden Metropole.\u00a0<\/span><\/p>\n<p><span style=\"font-weight: 400;\">Sie finden uns unter <\/span><\/p>\n<p><span style=\"font-weight: 400;\">Via Giorgio Stephenson, 55,<br \/>\n<\/span><span style=\"font-weight: 400;\">20157 Milano (MI)<br \/>\n<\/span><a href=\"tel:+390289617600\" target=\"_blank\" rel=\"noopener\"><span style=\"font-weight: 400;\">+39 02 89617600<\/span><\/a><\/p>\n","protected":false},"excerpt":{"rendered":"<p>voco\u00ae Milan &#8211; Fiere ist nur wenige Kilometer von der Messe Mailand, dem Mico Convention Center, dem Mail\u00e4nder Innovation District und der Piazza del Duomo entfernt. Es ist strategisch g\u00fcnstig gelegen und nur zwei Autominuten von den Autobahnen A4 und \u00a0A8 entfernt, \u00fcber die das Zentrum von Mailand sowie die Flugh\u00e4fen Linate und Malpensa leicht [&hellip;]<\/p>\n","protected":false},"author":6,"featured_media":0,"parent":0,"menu_order":110,"comment_status":"closed","ping_status":"closed","template":"template-location.php","meta":{"footnotes":""},"class_list":["post-543","page","type-page","status-publish","hentry"],"yoast_head":"<!-- This site is optimized with the Yoast SEO plugin v26.9 - https:\/\/yoast.com\/product\/yoast-seo-wordpress\/ -->\n<title>Standort: Hoteladresse | voco\u00ae Milan-Fiere<\/title>\n<meta name=\"description\" content=\"Wir sind die zentralste Location, um wichtige Gegenden in Mailand zu erreichen. Gelangen Sie einfach nach City Life, Tre Torri, San Siro und Rho Fiera. Entdecken Sie unseren Standort.\" \/>\n<meta name=\"robots\" content=\"index, follow, max-snippet:-1, max-image-preview:large, max-video-preview:-1\" \/>\n<link rel=\"canonical\" href=\"https:\/\/www.milanfierehotel.com\/de\/wo-wir-sind\/\" \/>\n<meta property=\"og:locale\" content=\"de_DE\" \/>\n<meta property=\"og:type\" content=\"article\" \/>\n<meta property=\"og:title\" content=\"Standort: Hoteladresse | voco\u00ae Milan-Fiere\" \/>\n<meta property=\"og:description\" content=\"Wir sind die zentralste Location, um wichtige Gegenden in Mailand zu erreichen. Gelangen Sie einfach nach City Life, Tre Torri, San Siro und Rho Fiera. Entdecken Sie unseren Standort.\" \/>\n<meta property=\"og:url\" content=\"https:\/\/www.milanfierehotel.com\/de\/wo-wir-sind\/\" \/>\n<meta property=\"og:site_name\" content=\"Voco Milan Fiere\" \/>\n<meta property=\"article:modified_time\" content=\"2022-08-31T11:53:44+00:00\" \/>\n<meta name=\"twitter:card\" content=\"summary_large_image\" \/>\n<meta name=\"twitter:label1\" content=\"Gesch\u00e4tzte Lesezeit\" \/>\n\t<meta name=\"twitter:data1\" content=\"1 Minute\" \/>\n<script type=\"application\/ld+json\" class=\"yoast-schema-graph\">{\"@context\":\"https:\/\/schema.org\",\"@graph\":[{\"@type\":\"WebPage\",\"@id\":\"https:\/\/www.milanfierehotel.com\/de\/wo-wir-sind\/\",\"url\":\"https:\/\/www.milanfierehotel.com\/de\/wo-wir-sind\/\",\"name\":\"Standort: Hoteladresse | voco\u00ae Milan-Fiere\",\"isPartOf\":{\"@id\":\"https:\/\/www.milanfierehotel.com\/de\/#website\"},\"datePublished\":\"2022-07-01T14:41:20+00:00\",\"dateModified\":\"2022-08-31T11:53:44+00:00\",\"description\":\"Wir sind die zentralste Location, um wichtige Gegenden in Mailand zu erreichen. Gelangen Sie einfach nach City Life, Tre Torri, San Siro und Rho Fiera. Entdecken Sie unseren Standort.\",\"breadcrumb\":{\"@id\":\"https:\/\/www.milanfierehotel.com\/de\/wo-wir-sind\/#breadcrumb\"},\"inLanguage\":\"de-DE\",\"potentialAction\":[{\"@type\":\"ReadAction\",\"target\":[\"https:\/\/www.milanfierehotel.com\/de\/wo-wir-sind\/\"]}]},{\"@type\":\"BreadcrumbList\",\"@id\":\"https:\/\/www.milanfierehotel.com\/de\/wo-wir-sind\/#breadcrumb\",\"itemListElement\":[{\"@type\":\"ListItem\",\"position\":1,\"name\":\"Home\",\"item\":\"https:\/\/www.milanfierehotel.com\/de\/\"},{\"@type\":\"ListItem\",\"position\":2,\"name\":\"Wo wir sind\"}]},{\"@type\":\"WebSite\",\"@id\":\"https:\/\/www.milanfierehotel.com\/de\/#website\",\"url\":\"https:\/\/www.milanfierehotel.com\/de\/\",\"name\":\"Voco Milan Fiere\",\"description\":\"Just another ms.decms.eu site\",\"publisher\":{\"@id\":\"https:\/\/www.milanfierehotel.com\/de\/#organization\"},\"potentialAction\":[{\"@type\":\"SearchAction\",\"target\":{\"@type\":\"EntryPoint\",\"urlTemplate\":\"https:\/\/www.milanfierehotel.com\/de\/?s={search_term_string}\"},\"query-input\":{\"@type\":\"PropertyValueSpecification\",\"valueRequired\":true,\"valueName\":\"search_term_string\"}}],\"inLanguage\":\"de-DE\"},{\"@type\":\"Organization\",\"@id\":\"https:\/\/www.milanfierehotel.com\/de\/#organization\",\"name\":\"Voco Milano Fiere\",\"url\":\"https:\/\/www.milanfierehotel.com\/de\/\",\"logo\":{\"@type\":\"ImageObject\",\"inLanguage\":\"de-DE\",\"@id\":\"https:\/\/www.milanfierehotel.com\/de\/#\/schema\/logo\/image\/\",\"url\":\"https:\/\/www.milanfierehotel.com\/wp-content\/uploads\/sites\/402\/2022\/07\/02-Hotel-Reception-voco-Milan-Fiere.jpg\",\"contentUrl\":\"https:\/\/www.milanfierehotel.com\/wp-content\/uploads\/sites\/402\/2022\/07\/02-Hotel-Reception-voco-Milan-Fiere.jpg\",\"width\":2200,\"height\":1200,\"caption\":\"Voco Milano Fiere\"},\"image\":{\"@id\":\"https:\/\/www.milanfierehotel.com\/de\/#\/schema\/logo\/image\/\"}}]}<\/script>\n<!-- \/ Yoast SEO plugin. -->","yoast_head_json":{"title":"Standort: Hoteladresse | voco\u00ae Milan-Fiere","description":"Wir sind die zentralste Location, um wichtige Gegenden in Mailand zu erreichen. Gelangen Sie einfach nach City Life, Tre Torri, San Siro und Rho Fiera. Entdecken Sie unseren Standort.","robots":{"index":"index","follow":"follow","max-snippet":"max-snippet:-1","max-image-preview":"max-image-preview:large","max-video-preview":"max-video-preview:-1"},"canonical":"https:\/\/www.milanfierehotel.com\/de\/wo-wir-sind\/","og_locale":"de_DE","og_type":"article","og_title":"Standort: Hoteladresse | voco\u00ae Milan-Fiere","og_description":"Wir sind die zentralste Location, um wichtige Gegenden in Mailand zu erreichen. Gelangen Sie einfach nach City Life, Tre Torri, San Siro und Rho Fiera. Entdecken Sie unseren Standort.","og_url":"https:\/\/www.milanfierehotel.com\/de\/wo-wir-sind\/","og_site_name":"Voco Milan Fiere","article_modified_time":"2022-08-31T11:53:44+00:00","twitter_card":"summary_large_image","twitter_misc":{"Gesch\u00e4tzte Lesezeit":"1 Minute"},"schema":{"@context":"https:\/\/schema.org","@graph":[{"@type":"WebPage","@id":"https:\/\/www.milanfierehotel.com\/de\/wo-wir-sind\/","url":"https:\/\/www.milanfierehotel.com\/de\/wo-wir-sind\/","name":"Standort: Hoteladresse | voco\u00ae Milan-Fiere","isPartOf":{"@id":"https:\/\/www.milanfierehotel.com\/de\/#website"},"datePublished":"2022-07-01T14:41:20+00:00","dateModified":"2022-08-31T11:53:44+00:00","description":"Wir sind die zentralste Location, um wichtige Gegenden in Mailand zu erreichen. Gelangen Sie einfach nach City Life, Tre Torri, San Siro und Rho Fiera. Entdecken Sie unseren Standort.","breadcrumb":{"@id":"https:\/\/www.milanfierehotel.com\/de\/wo-wir-sind\/#breadcrumb"},"inLanguage":"de-DE","potentialAction":[{"@type":"ReadAction","target":["https:\/\/www.milanfierehotel.com\/de\/wo-wir-sind\/"]}]},{"@type":"BreadcrumbList","@id":"https:\/\/www.milanfierehotel.com\/de\/wo-wir-sind\/#breadcrumb","itemListElement":[{"@type":"ListItem","position":1,"name":"Home","item":"https:\/\/www.milanfierehotel.com\/de\/"},{"@type":"ListItem","position":2,"name":"Wo wir sind"}]},{"@type":"WebSite","@id":"https:\/\/www.milanfierehotel.com\/de\/#website","url":"https:\/\/www.milanfierehotel.com\/de\/","name":"Voco Milan Fiere","description":"Just another ms.decms.eu site","publisher":{"@id":"https:\/\/www.milanfierehotel.com\/de\/#organization"},"potentialAction":[{"@type":"SearchAction","target":{"@type":"EntryPoint","urlTemplate":"https:\/\/www.milanfierehotel.com\/de\/?s={search_term_string}"},"query-input":{"@type":"PropertyValueSpecification","valueRequired":true,"valueName":"search_term_string"}}],"inLanguage":"de-DE"},{"@type":"Organization","@id":"https:\/\/www.milanfierehotel.com\/de\/#organization","name":"Voco Milano Fiere","url":"https:\/\/www.milanfierehotel.com\/de\/","logo":{"@type":"ImageObject","inLanguage":"de-DE","@id":"https:\/\/www.milanfierehotel.com\/de\/#\/schema\/logo\/image\/","url":"https:\/\/www.milanfierehotel.com\/wp-content\/uploads\/sites\/402\/2022\/07\/02-Hotel-Reception-voco-Milan-Fiere.jpg","contentUrl":"https:\/\/www.milanfierehotel.com\/wp-content\/uploads\/sites\/402\/2022\/07\/02-Hotel-Reception-voco-Milan-Fiere.jpg","width":2200,"height":1200,"caption":"Voco Milano Fiere"},"image":{"@id":"https:\/\/www.milanfierehotel.com\/de\/#\/schema\/logo\/image\/"}}]}},"acf":[],"_links":{"self":[{"href":"https:\/\/www.milanfierehotel.com\/de\/wp-json\/wp\/v2\/pages\/543","targetHints":{"allow":["GET"]}}],"collection":[{"href":"https:\/\/www.milanfierehotel.com\/de\/wp-json\/wp\/v2\/pages"}],"about":[{"href":"https:\/\/www.milanfierehotel.com\/de\/wp-json\/wp\/v2\/types\/page"}],"author":[{"embeddable":true,"href":"https:\/\/www.milanfierehotel.com\/de\/wp-json\/wp\/v2\/users\/6"}],"replies":[{"embeddable":true,"href":"https:\/\/www.milanfierehotel.com\/de\/wp-json\/wp\/v2\/comments?post=543"}],"version-history":[{"count":0,"href":"https:\/\/www.milanfierehotel.com\/de\/wp-json\/wp\/v2\/pages\/543\/revisions"}],"wp:attachment":[{"href":"https:\/\/www.milanfierehotel.com\/de\/wp-json\/wp\/v2\/media?parent=543"}],"curies":[{"name":"wp","href":"https:\/\/api.w.org\/{rel}","templated":true}]}}