{"id":565,"date":"2022-07-27T15:05:49","date_gmt":"2022-07-27T15:05:49","guid":{"rendered":"https:\/\/vocomilanfieredefinitive.ms.decms.eu\/offerte-pacchetti\/pacchetto-colazione-e-parcheggio\/"},"modified":"2025-07-21T08:22:36","modified_gmt":"2025-07-21T08:22:36","slug":"fruehstuecks-und-parkpaket","status":"publish","type":"page","link":"https:\/\/www.milanfierehotel.com\/de\/angebote-und-pakete\/fruehstuecks-und-parkpaket\/","title":{"rendered":"Fr\u00fchst\u00fccks- und Parkpaket"},"content":{"rendered":"<p><span style=\"font-weight: 400\">Das Paket voco\u00ae Milan-Fiere <\/span><strong>Fr\u00fchst\u00fcck und Parken<\/strong><span style=\"font-weight: 400\"> richtet sich an alle G\u00e4ste, die auf der Suche nach einem <\/span><b>Hotel in Mailand mit Parkplatz<\/b><span style=\"font-weight: 400\"> sind. Es ist ideal f\u00fcr alle, die den <\/span><b>Komfort eines Vier-Sterne-Hotels<\/b><span style=\"font-weight: 400\"> w\u00fcnschen und von einem flexiblen Angebot mit der M\u00f6glichkeit einer <\/span><b>kostenlosen Stornierung<\/b><span style=\"font-weight: 400\"> profitieren m\u00f6chten.<\/span><\/p>\n<p><span style=\"font-weight: 400\">Unser Paket <\/span><i><span style=\"font-weight: 400\">Fr\u00fchst\u00fcck und Parken<\/span><\/i><span style=\"font-weight: 400\"> erfordert keine <\/span><b>Anzahlung<\/b><span style=\"font-weight: 400\"> bei der Buchung und garantiert Ihnen neben den bereits erw\u00e4hnten Vorteilen auch ein <\/span><b>reichhaltiges und schmackhaftes Fr\u00fchst\u00fccksbuffet<\/b><span style=\"font-weight: 400\">. Wenn Sie sich f\u00fcr dieses Angebot entscheiden, erhalten Sie au\u00dferdem freien und unbegrenzten Zugang zur <\/span><b>Gaming Area<\/b><span style=\"font-weight: 400\"> und zum<\/span><b> Fitnessraum<\/b><span style=\"font-weight: 400\">, der mit Technogym-Ger\u00e4ten ausgestattet ist. Reisen Sie mit <strong>Kindern<\/strong>? F\u00fcr sie gibt es als Geschenk eine spezielle <strong>Puppy Box<\/strong> mit Spielen und Aktivit\u00e4ten zum Ausmalen!<\/span><\/p>\n<p><span style=\"font-weight: 400\">Wenn Sie ein Premium-Zimmer (oder gr\u00f6\u00dfer) buchen, haben Sie garantiert <\/span><b>zwei Stunden lang<\/b> <b>freien<\/b><span style=\"font-weight: 400\"> Zugang zum <\/span><b>Wellnessbereich<\/b><span style=\"font-weight: 400\"> mit Sauna, T\u00fcrkischem Bad, Erlebnisdusche und Whirlpool.\u00a0<\/span><\/p>\n","protected":false},"excerpt":{"rendered":"<p>Das Paket voco\u00ae Milan-Fiere Fr\u00fchst\u00fcck und Parken richtet sich an alle G\u00e4ste, die auf der Suche nach einem Hotel in Mailand mit Parkplatz sind. Es ist ideal f\u00fcr alle, die den Komfort eines Vier-Sterne-Hotels w\u00fcnschen und von einem flexiblen Angebot mit der M\u00f6glichkeit einer kostenlosen Stornierung profitieren m\u00f6chten. Unser Paket Fr\u00fchst\u00fcck und Parken erfordert keine [&hellip;]<\/p>\n","protected":false},"author":6,"featured_media":0,"parent":519,"menu_order":82,"comment_status":"closed","ping_status":"closed","template":"template-default-2.php","meta":{"footnotes":""},"class_list":["post-565","page","type-page","status-publish","hentry"],"yoast_head":"<!-- This site is optimized with the Yoast SEO plugin v26.9 - https:\/\/yoast.com\/product\/yoast-seo-wordpress\/ -->\n<title>Paket Fr\u00fchst\u00fcck &amp; Parkplatz | Hotel voco\u00ae Milan-Fiere<\/title>\n<meta name=\"description\" content=\"Paket Fr\u00fchst\u00fcck &amp; Parkplatz: Fr\u00fchst\u00fccks-Buffet, kostenloser Parkplatz, Fitnessraum. Entdecken Sie das exklusive Angebot des 4-Stern-Hotels voco\u00ae Milan-Fiere!\" \/>\n<meta name=\"robots\" content=\"index, follow, max-snippet:-1, max-image-preview:large, max-video-preview:-1\" \/>\n<link rel=\"canonical\" href=\"https:\/\/www.milanfierehotel.com\/de\/angebote-und-pakete\/fruehstuecks-und-parkpaket\/\" \/>\n<meta property=\"og:locale\" content=\"de_DE\" \/>\n<meta property=\"og:type\" content=\"article\" \/>\n<meta property=\"og:title\" content=\"Paket Fr\u00fchst\u00fcck &amp; Parkplatz | Hotel voco\u00ae Milan-Fiere\" \/>\n<meta property=\"og:description\" content=\"Paket Fr\u00fchst\u00fcck &amp; Parkplatz: Fr\u00fchst\u00fccks-Buffet, kostenloser Parkplatz, Fitnessraum. Entdecken Sie das exklusive Angebot des 4-Stern-Hotels voco\u00ae Milan-Fiere!\" \/>\n<meta property=\"og:url\" content=\"https:\/\/www.milanfierehotel.com\/de\/angebote-und-pakete\/fruehstuecks-und-parkpaket\/\" \/>\n<meta property=\"og:site_name\" content=\"Voco Milan Fiere\" \/>\n<meta property=\"article:modified_time\" content=\"2025-07-21T08:22:36+00:00\" \/>\n<meta name=\"twitter:card\" content=\"summary_large_image\" \/>\n<meta name=\"twitter:label1\" content=\"Gesch\u00e4tzte Lesezeit\" \/>\n\t<meta name=\"twitter:data1\" content=\"1 Minute\" \/>\n<script type=\"application\/ld+json\" class=\"yoast-schema-graph\">{\"@context\":\"https:\/\/schema.org\",\"@graph\":[{\"@type\":\"WebPage\",\"@id\":\"https:\/\/www.milanfierehotel.com\/de\/angebote-und-pakete\/fruehstuecks-und-parkpaket\/\",\"url\":\"https:\/\/www.milanfierehotel.com\/de\/angebote-und-pakete\/fruehstuecks-und-parkpaket\/\",\"name\":\"Paket Fr\u00fchst\u00fcck & Parkplatz | Hotel voco\u00ae Milan-Fiere\",\"isPartOf\":{\"@id\":\"https:\/\/www.milanfierehotel.com\/de\/#website\"},\"datePublished\":\"2022-07-27T15:05:49+00:00\",\"dateModified\":\"2025-07-21T08:22:36+00:00\",\"description\":\"Paket Fr\u00fchst\u00fcck & Parkplatz: Fr\u00fchst\u00fccks-Buffet, kostenloser Parkplatz, Fitnessraum. Entdecken Sie das exklusive Angebot des 4-Stern-Hotels voco\u00ae Milan-Fiere!\",\"breadcrumb\":{\"@id\":\"https:\/\/www.milanfierehotel.com\/de\/angebote-und-pakete\/fruehstuecks-und-parkpaket\/#breadcrumb\"},\"inLanguage\":\"de-DE\",\"potentialAction\":[{\"@type\":\"ReadAction\",\"target\":[\"https:\/\/www.milanfierehotel.com\/de\/angebote-und-pakete\/fruehstuecks-und-parkpaket\/\"]}]},{\"@type\":\"BreadcrumbList\",\"@id\":\"https:\/\/www.milanfierehotel.com\/de\/angebote-und-pakete\/fruehstuecks-und-parkpaket\/#breadcrumb\",\"itemListElement\":[{\"@type\":\"ListItem\",\"position\":1,\"name\":\"Home\",\"item\":\"https:\/\/www.milanfierehotel.com\/de\/\"},{\"@type\":\"ListItem\",\"position\":2,\"name\":\"Angebote &amp; Pakete\",\"item\":\"https:\/\/www.milanfierehotel.com\/de\/angebote-und-pakete\/\"},{\"@type\":\"ListItem\",\"position\":3,\"name\":\"Fr\u00fchst\u00fccks- und Parkpaket\"}]},{\"@type\":\"WebSite\",\"@id\":\"https:\/\/www.milanfierehotel.com\/de\/#website\",\"url\":\"https:\/\/www.milanfierehotel.com\/de\/\",\"name\":\"Voco Milan Fiere\",\"description\":\"Just another ms.decms.eu site\",\"publisher\":{\"@id\":\"https:\/\/www.milanfierehotel.com\/de\/#organization\"},\"potentialAction\":[{\"@type\":\"SearchAction\",\"target\":{\"@type\":\"EntryPoint\",\"urlTemplate\":\"https:\/\/www.milanfierehotel.com\/de\/?s={search_term_string}\"},\"query-input\":{\"@type\":\"PropertyValueSpecification\",\"valueRequired\":true,\"valueName\":\"search_term_string\"}}],\"inLanguage\":\"de-DE\"},{\"@type\":\"Organization\",\"@id\":\"https:\/\/www.milanfierehotel.com\/de\/#organization\",\"name\":\"Voco Milano Fiere\",\"url\":\"https:\/\/www.milanfierehotel.com\/de\/\",\"logo\":{\"@type\":\"ImageObject\",\"inLanguage\":\"de-DE\",\"@id\":\"https:\/\/www.milanfierehotel.com\/de\/#\/schema\/logo\/image\/\",\"url\":\"https:\/\/www.milanfierehotel.com\/wp-content\/uploads\/sites\/402\/2022\/07\/02-Hotel-Reception-voco-Milan-Fiere.jpg\",\"contentUrl\":\"https:\/\/www.milanfierehotel.com\/wp-content\/uploads\/sites\/402\/2022\/07\/02-Hotel-Reception-voco-Milan-Fiere.jpg\",\"width\":2200,\"height\":1200,\"caption\":\"Voco Milano Fiere\"},\"image\":{\"@id\":\"https:\/\/www.milanfierehotel.com\/de\/#\/schema\/logo\/image\/\"}}]}<\/script>\n<!-- \/ Yoast SEO plugin. -->","yoast_head_json":{"title":"Paket Fr\u00fchst\u00fcck & Parkplatz | Hotel voco\u00ae Milan-Fiere","description":"Paket Fr\u00fchst\u00fcck & Parkplatz: Fr\u00fchst\u00fccks-Buffet, kostenloser Parkplatz, Fitnessraum. Entdecken Sie das exklusive Angebot des 4-Stern-Hotels voco\u00ae Milan-Fiere!","robots":{"index":"index","follow":"follow","max-snippet":"max-snippet:-1","max-image-preview":"max-image-preview:large","max-video-preview":"max-video-preview:-1"},"canonical":"https:\/\/www.milanfierehotel.com\/de\/angebote-und-pakete\/fruehstuecks-und-parkpaket\/","og_locale":"de_DE","og_type":"article","og_title":"Paket Fr\u00fchst\u00fcck & Parkplatz | Hotel voco\u00ae Milan-Fiere","og_description":"Paket Fr\u00fchst\u00fcck & Parkplatz: Fr\u00fchst\u00fccks-Buffet, kostenloser Parkplatz, Fitnessraum. Entdecken Sie das exklusive Angebot des 4-Stern-Hotels voco\u00ae Milan-Fiere!","og_url":"https:\/\/www.milanfierehotel.com\/de\/angebote-und-pakete\/fruehstuecks-und-parkpaket\/","og_site_name":"Voco Milan Fiere","article_modified_time":"2025-07-21T08:22:36+00:00","twitter_card":"summary_large_image","twitter_misc":{"Gesch\u00e4tzte Lesezeit":"1 Minute"},"schema":{"@context":"https:\/\/schema.org","@graph":[{"@type":"WebPage","@id":"https:\/\/www.milanfierehotel.com\/de\/angebote-und-pakete\/fruehstuecks-und-parkpaket\/","url":"https:\/\/www.milanfierehotel.com\/de\/angebote-und-pakete\/fruehstuecks-und-parkpaket\/","name":"Paket Fr\u00fchst\u00fcck & Parkplatz | Hotel voco\u00ae Milan-Fiere","isPartOf":{"@id":"https:\/\/www.milanfierehotel.com\/de\/#website"},"datePublished":"2022-07-27T15:05:49+00:00","dateModified":"2025-07-21T08:22:36+00:00","description":"Paket Fr\u00fchst\u00fcck & Parkplatz: Fr\u00fchst\u00fccks-Buffet, kostenloser Parkplatz, Fitnessraum. Entdecken Sie das exklusive Angebot des 4-Stern-Hotels voco\u00ae Milan-Fiere!","breadcrumb":{"@id":"https:\/\/www.milanfierehotel.com\/de\/angebote-und-pakete\/fruehstuecks-und-parkpaket\/#breadcrumb"},"inLanguage":"de-DE","potentialAction":[{"@type":"ReadAction","target":["https:\/\/www.milanfierehotel.com\/de\/angebote-und-pakete\/fruehstuecks-und-parkpaket\/"]}]},{"@type":"BreadcrumbList","@id":"https:\/\/www.milanfierehotel.com\/de\/angebote-und-pakete\/fruehstuecks-und-parkpaket\/#breadcrumb","itemListElement":[{"@type":"ListItem","position":1,"name":"Home","item":"https:\/\/www.milanfierehotel.com\/de\/"},{"@type":"ListItem","position":2,"name":"Angebote &amp; Pakete","item":"https:\/\/www.milanfierehotel.com\/de\/angebote-und-pakete\/"},{"@type":"ListItem","position":3,"name":"Fr\u00fchst\u00fccks- und Parkpaket"}]},{"@type":"WebSite","@id":"https:\/\/www.milanfierehotel.com\/de\/#website","url":"https:\/\/www.milanfierehotel.com\/de\/","name":"Voco Milan Fiere","description":"Just another ms.decms.eu site","publisher":{"@id":"https:\/\/www.milanfierehotel.com\/de\/#organization"},"potentialAction":[{"@type":"SearchAction","target":{"@type":"EntryPoint","urlTemplate":"https:\/\/www.milanfierehotel.com\/de\/?s={search_term_string}"},"query-input":{"@type":"PropertyValueSpecification","valueRequired":true,"valueName":"search_term_string"}}],"inLanguage":"de-DE"},{"@type":"Organization","@id":"https:\/\/www.milanfierehotel.com\/de\/#organization","name":"Voco Milano Fiere","url":"https:\/\/www.milanfierehotel.com\/de\/","logo":{"@type":"ImageObject","inLanguage":"de-DE","@id":"https:\/\/www.milanfierehotel.com\/de\/#\/schema\/logo\/image\/","url":"https:\/\/www.milanfierehotel.com\/wp-content\/uploads\/sites\/402\/2022\/07\/02-Hotel-Reception-voco-Milan-Fiere.jpg","contentUrl":"https:\/\/www.milanfierehotel.com\/wp-content\/uploads\/sites\/402\/2022\/07\/02-Hotel-Reception-voco-Milan-Fiere.jpg","width":2200,"height":1200,"caption":"Voco Milano Fiere"},"image":{"@id":"https:\/\/www.milanfierehotel.com\/de\/#\/schema\/logo\/image\/"}}]}},"acf":[],"_links":{"self":[{"href":"https:\/\/www.milanfierehotel.com\/de\/wp-json\/wp\/v2\/pages\/565","targetHints":{"allow":["GET"]}}],"collection":[{"href":"https:\/\/www.milanfierehotel.com\/de\/wp-json\/wp\/v2\/pages"}],"about":[{"href":"https:\/\/www.milanfierehotel.com\/de\/wp-json\/wp\/v2\/types\/page"}],"author":[{"embeddable":true,"href":"https:\/\/www.milanfierehotel.com\/de\/wp-json\/wp\/v2\/users\/6"}],"replies":[{"embeddable":true,"href":"https:\/\/www.milanfierehotel.com\/de\/wp-json\/wp\/v2\/comments?post=565"}],"version-history":[{"count":0,"href":"https:\/\/www.milanfierehotel.com\/de\/wp-json\/wp\/v2\/pages\/565\/revisions"}],"up":[{"embeddable":true,"href":"https:\/\/www.milanfierehotel.com\/de\/wp-json\/wp\/v2\/pages\/519"}],"wp:attachment":[{"href":"https:\/\/www.milanfierehotel.com\/de\/wp-json\/wp\/v2\/media?parent=565"}],"curies":[{"name":"wp","href":"https:\/\/api.w.org\/{rel}","templated":true}]}}