{"id":569,"date":"2022-07-27T15:07:16","date_gmt":"2022-07-27T15:07:16","guid":{"rendered":"https:\/\/vocomilanfieredefinitive.ms.decms.eu\/offerte-pacchetti\/offerta-piu-resti-meno-paghi\/"},"modified":"2024-06-12T13:48:44","modified_gmt":"2024-06-12T13:48:44","slug":"stay-longer-pay-less-angebot","status":"publish","type":"page","link":"https:\/\/www.milanfierehotel.com\/de\/angebote-und-pakete\/stay-longer-pay-less-angebot\/","title":{"rendered":"Stay Longer Pay Less Angebot"},"content":{"rendered":"<p>Mailand verdient es, in vollen Z\u00fcgen entdeckt zu werden: Deshalb haben wir das Stay Longer Pay Less-Angebot entwickelt! Mit unserem Angebot sparen Sie umso mehr, je l\u00e4nger Sie bei voco\u00ae Milano-Fiere bleiben.<\/p>\n<p><span style=\"font-weight: 400\">Das Angebot umfasst ein <\/span><b>reichhaltiges Fr\u00fchst\u00fccksbuffet<\/b><span style=\"font-weight: 400\"> sowie den kostenlosen und unbegrenzten Zugang zur<\/span><b> Gaming Area<\/b><span style=\"font-weight: 400\">, der sich hervorragend zum Stressabbau eignet dazu und Freunde und Kollegen zu einer Partie Billard oder Tischfu\u00dfball herauszufordern. Ebenfalls im Paket enthalten ist der Eintritt in den mit Technogym-Ger\u00e4ten ausgestatteten <\/span><b>Fitnessraum<\/b><span style=\"font-weight: 400\"> und, f\u00fcr alle, die ein Premium-Zimmer oder gr\u00f6\u00dfer w\u00e4hlen, zwei Stunden freier Zugang zum <\/span><b>Wellnessbereich <\/b><span style=\"font-weight: 400\">mit Sauna, Schwimmbad, Whirlpool, t\u00fcrkischem Bad und Erlebnisdusche. Reisen Sie mit <strong>Kindern<\/strong>? F\u00fcr sie gibt es als Geschenk eine spezielle <strong>Puppy Box<\/strong> mit Spielen und Aktivit\u00e4ten zum Ausmalen!<\/span><\/p>\n","protected":false},"excerpt":{"rendered":"<p>Mailand verdient es, in vollen Z\u00fcgen entdeckt zu werden: Deshalb haben wir das Stay Longer Pay Less-Angebot entwickelt! Mit unserem Angebot sparen Sie umso mehr, je l\u00e4nger Sie bei voco\u00ae Milano-Fiere bleiben. Das Angebot umfasst ein reichhaltiges Fr\u00fchst\u00fccksbuffet sowie den kostenlosen und unbegrenzten Zugang zur Gaming Area, der sich hervorragend zum Stressabbau eignet dazu und [&hellip;]<\/p>\n","protected":false},"author":6,"featured_media":0,"parent":519,"menu_order":83,"comment_status":"closed","ping_status":"closed","template":"template-default-2.php","meta":{"footnotes":""},"class_list":["post-569","page","type-page","status-publish","hentry"],"yoast_head":"<!-- This site is optimized with the Yoast SEO plugin v26.9 - https:\/\/yoast.com\/product\/yoast-seo-wordpress\/ -->\n<title>Stay Longer Pay Less Angebot | Hotel voco\u00ae Milan-Fiere<\/title>\n<meta name=\"description\" content=\"Sie planen einen l\u00e4ngeren Aufenthalt in Mailand? Sparen Sie mit dem Stay Longer Pay Less Angebot: Fr\u00fchst\u00fccks-Buffet, Fitnessraum und Gaming Area. Entdecken Sie das Angebot!\" \/>\n<meta name=\"robots\" content=\"index, follow, max-snippet:-1, max-image-preview:large, max-video-preview:-1\" \/>\n<link rel=\"canonical\" href=\"https:\/\/www.milanfierehotel.com\/de\/angebote-und-pakete\/stay-longer-pay-less-angebot\/\" \/>\n<meta property=\"og:locale\" content=\"de_DE\" \/>\n<meta property=\"og:type\" content=\"article\" \/>\n<meta property=\"og:title\" content=\"Stay Longer Pay Less Angebot | Hotel voco\u00ae Milan-Fiere\" \/>\n<meta property=\"og:description\" content=\"Sie planen einen l\u00e4ngeren Aufenthalt in Mailand? Sparen Sie mit dem Stay Longer Pay Less Angebot: Fr\u00fchst\u00fccks-Buffet, Fitnessraum und Gaming Area. Entdecken Sie das Angebot!\" \/>\n<meta property=\"og:url\" content=\"https:\/\/www.milanfierehotel.com\/de\/angebote-und-pakete\/stay-longer-pay-less-angebot\/\" \/>\n<meta property=\"og:site_name\" content=\"Voco Milan Fiere\" \/>\n<meta property=\"article:modified_time\" content=\"2024-06-12T13:48:44+00:00\" \/>\n<meta name=\"twitter:card\" content=\"summary_large_image\" \/>\n<meta name=\"twitter:label1\" content=\"Gesch\u00e4tzte Lesezeit\" \/>\n\t<meta name=\"twitter:data1\" content=\"1 Minute\" \/>\n<script type=\"application\/ld+json\" class=\"yoast-schema-graph\">{\"@context\":\"https:\/\/schema.org\",\"@graph\":[{\"@type\":\"WebPage\",\"@id\":\"https:\/\/www.milanfierehotel.com\/de\/angebote-und-pakete\/stay-longer-pay-less-angebot\/\",\"url\":\"https:\/\/www.milanfierehotel.com\/de\/angebote-und-pakete\/stay-longer-pay-less-angebot\/\",\"name\":\"Stay Longer Pay Less Angebot | Hotel voco\u00ae Milan-Fiere\",\"isPartOf\":{\"@id\":\"https:\/\/www.milanfierehotel.com\/de\/#website\"},\"datePublished\":\"2022-07-27T15:07:16+00:00\",\"dateModified\":\"2024-06-12T13:48:44+00:00\",\"description\":\"Sie planen einen l\u00e4ngeren Aufenthalt in Mailand? Sparen Sie mit dem Stay Longer Pay Less Angebot: Fr\u00fchst\u00fccks-Buffet, Fitnessraum und Gaming Area. Entdecken Sie das Angebot!\",\"breadcrumb\":{\"@id\":\"https:\/\/www.milanfierehotel.com\/de\/angebote-und-pakete\/stay-longer-pay-less-angebot\/#breadcrumb\"},\"inLanguage\":\"de-DE\",\"potentialAction\":[{\"@type\":\"ReadAction\",\"target\":[\"https:\/\/www.milanfierehotel.com\/de\/angebote-und-pakete\/stay-longer-pay-less-angebot\/\"]}]},{\"@type\":\"BreadcrumbList\",\"@id\":\"https:\/\/www.milanfierehotel.com\/de\/angebote-und-pakete\/stay-longer-pay-less-angebot\/#breadcrumb\",\"itemListElement\":[{\"@type\":\"ListItem\",\"position\":1,\"name\":\"Home\",\"item\":\"https:\/\/www.milanfierehotel.com\/de\/\"},{\"@type\":\"ListItem\",\"position\":2,\"name\":\"Angebote &amp; Pakete\",\"item\":\"https:\/\/www.milanfierehotel.com\/de\/angebote-und-pakete\/\"},{\"@type\":\"ListItem\",\"position\":3,\"name\":\"Stay Longer Pay Less Angebot\"}]},{\"@type\":\"WebSite\",\"@id\":\"https:\/\/www.milanfierehotel.com\/de\/#website\",\"url\":\"https:\/\/www.milanfierehotel.com\/de\/\",\"name\":\"Voco Milan Fiere\",\"description\":\"Just another ms.decms.eu site\",\"publisher\":{\"@id\":\"https:\/\/www.milanfierehotel.com\/de\/#organization\"},\"potentialAction\":[{\"@type\":\"SearchAction\",\"target\":{\"@type\":\"EntryPoint\",\"urlTemplate\":\"https:\/\/www.milanfierehotel.com\/de\/?s={search_term_string}\"},\"query-input\":{\"@type\":\"PropertyValueSpecification\",\"valueRequired\":true,\"valueName\":\"search_term_string\"}}],\"inLanguage\":\"de-DE\"},{\"@type\":\"Organization\",\"@id\":\"https:\/\/www.milanfierehotel.com\/de\/#organization\",\"name\":\"Voco Milano Fiere\",\"url\":\"https:\/\/www.milanfierehotel.com\/de\/\",\"logo\":{\"@type\":\"ImageObject\",\"inLanguage\":\"de-DE\",\"@id\":\"https:\/\/www.milanfierehotel.com\/de\/#\/schema\/logo\/image\/\",\"url\":\"https:\/\/www.milanfierehotel.com\/wp-content\/uploads\/sites\/402\/2022\/07\/02-Hotel-Reception-voco-Milan-Fiere.jpg\",\"contentUrl\":\"https:\/\/www.milanfierehotel.com\/wp-content\/uploads\/sites\/402\/2022\/07\/02-Hotel-Reception-voco-Milan-Fiere.jpg\",\"width\":2200,\"height\":1200,\"caption\":\"Voco Milano Fiere\"},\"image\":{\"@id\":\"https:\/\/www.milanfierehotel.com\/de\/#\/schema\/logo\/image\/\"}}]}<\/script>\n<!-- \/ Yoast SEO plugin. -->","yoast_head_json":{"title":"Stay Longer Pay Less Angebot | Hotel voco\u00ae Milan-Fiere","description":"Sie planen einen l\u00e4ngeren Aufenthalt in Mailand? Sparen Sie mit dem Stay Longer Pay Less Angebot: Fr\u00fchst\u00fccks-Buffet, Fitnessraum und Gaming Area. Entdecken Sie das Angebot!","robots":{"index":"index","follow":"follow","max-snippet":"max-snippet:-1","max-image-preview":"max-image-preview:large","max-video-preview":"max-video-preview:-1"},"canonical":"https:\/\/www.milanfierehotel.com\/de\/angebote-und-pakete\/stay-longer-pay-less-angebot\/","og_locale":"de_DE","og_type":"article","og_title":"Stay Longer Pay Less Angebot | Hotel voco\u00ae Milan-Fiere","og_description":"Sie planen einen l\u00e4ngeren Aufenthalt in Mailand? Sparen Sie mit dem Stay Longer Pay Less Angebot: Fr\u00fchst\u00fccks-Buffet, Fitnessraum und Gaming Area. Entdecken Sie das Angebot!","og_url":"https:\/\/www.milanfierehotel.com\/de\/angebote-und-pakete\/stay-longer-pay-less-angebot\/","og_site_name":"Voco Milan Fiere","article_modified_time":"2024-06-12T13:48:44+00:00","twitter_card":"summary_large_image","twitter_misc":{"Gesch\u00e4tzte Lesezeit":"1 Minute"},"schema":{"@context":"https:\/\/schema.org","@graph":[{"@type":"WebPage","@id":"https:\/\/www.milanfierehotel.com\/de\/angebote-und-pakete\/stay-longer-pay-less-angebot\/","url":"https:\/\/www.milanfierehotel.com\/de\/angebote-und-pakete\/stay-longer-pay-less-angebot\/","name":"Stay Longer Pay Less Angebot | Hotel voco\u00ae Milan-Fiere","isPartOf":{"@id":"https:\/\/www.milanfierehotel.com\/de\/#website"},"datePublished":"2022-07-27T15:07:16+00:00","dateModified":"2024-06-12T13:48:44+00:00","description":"Sie planen einen l\u00e4ngeren Aufenthalt in Mailand? Sparen Sie mit dem Stay Longer Pay Less Angebot: Fr\u00fchst\u00fccks-Buffet, Fitnessraum und Gaming Area. Entdecken Sie das Angebot!","breadcrumb":{"@id":"https:\/\/www.milanfierehotel.com\/de\/angebote-und-pakete\/stay-longer-pay-less-angebot\/#breadcrumb"},"inLanguage":"de-DE","potentialAction":[{"@type":"ReadAction","target":["https:\/\/www.milanfierehotel.com\/de\/angebote-und-pakete\/stay-longer-pay-less-angebot\/"]}]},{"@type":"BreadcrumbList","@id":"https:\/\/www.milanfierehotel.com\/de\/angebote-und-pakete\/stay-longer-pay-less-angebot\/#breadcrumb","itemListElement":[{"@type":"ListItem","position":1,"name":"Home","item":"https:\/\/www.milanfierehotel.com\/de\/"},{"@type":"ListItem","position":2,"name":"Angebote &amp; Pakete","item":"https:\/\/www.milanfierehotel.com\/de\/angebote-und-pakete\/"},{"@type":"ListItem","position":3,"name":"Stay Longer Pay Less Angebot"}]},{"@type":"WebSite","@id":"https:\/\/www.milanfierehotel.com\/de\/#website","url":"https:\/\/www.milanfierehotel.com\/de\/","name":"Voco Milan Fiere","description":"Just another ms.decms.eu site","publisher":{"@id":"https:\/\/www.milanfierehotel.com\/de\/#organization"},"potentialAction":[{"@type":"SearchAction","target":{"@type":"EntryPoint","urlTemplate":"https:\/\/www.milanfierehotel.com\/de\/?s={search_term_string}"},"query-input":{"@type":"PropertyValueSpecification","valueRequired":true,"valueName":"search_term_string"}}],"inLanguage":"de-DE"},{"@type":"Organization","@id":"https:\/\/www.milanfierehotel.com\/de\/#organization","name":"Voco Milano Fiere","url":"https:\/\/www.milanfierehotel.com\/de\/","logo":{"@type":"ImageObject","inLanguage":"de-DE","@id":"https:\/\/www.milanfierehotel.com\/de\/#\/schema\/logo\/image\/","url":"https:\/\/www.milanfierehotel.com\/wp-content\/uploads\/sites\/402\/2022\/07\/02-Hotel-Reception-voco-Milan-Fiere.jpg","contentUrl":"https:\/\/www.milanfierehotel.com\/wp-content\/uploads\/sites\/402\/2022\/07\/02-Hotel-Reception-voco-Milan-Fiere.jpg","width":2200,"height":1200,"caption":"Voco Milano Fiere"},"image":{"@id":"https:\/\/www.milanfierehotel.com\/de\/#\/schema\/logo\/image\/"}}]}},"acf":[],"_links":{"self":[{"href":"https:\/\/www.milanfierehotel.com\/de\/wp-json\/wp\/v2\/pages\/569","targetHints":{"allow":["GET"]}}],"collection":[{"href":"https:\/\/www.milanfierehotel.com\/de\/wp-json\/wp\/v2\/pages"}],"about":[{"href":"https:\/\/www.milanfierehotel.com\/de\/wp-json\/wp\/v2\/types\/page"}],"author":[{"embeddable":true,"href":"https:\/\/www.milanfierehotel.com\/de\/wp-json\/wp\/v2\/users\/6"}],"replies":[{"embeddable":true,"href":"https:\/\/www.milanfierehotel.com\/de\/wp-json\/wp\/v2\/comments?post=569"}],"version-history":[{"count":0,"href":"https:\/\/www.milanfierehotel.com\/de\/wp-json\/wp\/v2\/pages\/569\/revisions"}],"up":[{"embeddable":true,"href":"https:\/\/www.milanfierehotel.com\/de\/wp-json\/wp\/v2\/pages\/519"}],"wp:attachment":[{"href":"https:\/\/www.milanfierehotel.com\/de\/wp-json\/wp\/v2\/media?parent=569"}],"curies":[{"name":"wp","href":"https:\/\/api.w.org\/{rel}","templated":true}]}}