{"id":650,"date":"2022-06-29T15:26:38","date_gmt":"2022-06-29T15:26:38","guid":{"rendered":"https:\/\/vocomilanfieredefinitive.ms.decms.eu\/meeting-eventi\/banqueting\/"},"modified":"2025-03-20T17:26:45","modified_gmt":"2025-03-20T17:26:45","slug":"bankett","status":"publish","type":"page","link":"https:\/\/www.milanfierehotel.com\/de\/meeting-veranstaltungen\/bankett\/","title":{"rendered":"Bankett"},"content":{"rendered":"<p><span style=\"font-weight: 400\">Stets auf die Bed\u00fcrfnisse unserer G\u00e4ste und die Qualit\u00e4t unserer Dienstleistungen bedacht, wird bei voco\u00ae Milan-Fiere jedes Gericht mit Sorgfalt und Professionalit\u00e4t von unserem K\u00fcchenchef und seinem Team zubereitet. <\/span><span style=\"font-weight: 400\"><br \/>\n<\/span><span style=\"font-weight: 400\">Beeindrucken Sie Ihre Tagungs- und Veranstaltungsg\u00e4ste mit unserem <\/span><b>Bankettservice: <\/b><span style=\"font-weight: 400\">Jedes Gericht wird in der K\u00fcche unseres Restaurants <\/span><b>OnFire Grill und Longue<\/b><span style=\"font-weight: 400\">, das auf das Kochen \u00fcber offener Flamme spezialisiert ist, sorgf\u00e4ltig zubereitet.<\/span><\/p>\n<p><span style=\"font-weight: 400\">Wir achten auf die Umwelt, bevorzugen bewusst lokale und hochwertige Produkte und bieten Men\u00fcs mit <\/span><b>veganen<\/b><span style=\"font-weight: 400\">, <\/span><b>vegetarischen<\/b><span style=\"font-weight: 400\">, <\/span><b>gluten-<\/b><span style=\"font-weight: 400\"> und <\/span><b>laktosefreien<\/b><span style=\"font-weight: 400\"> Optionen an, so dass wir sicher sind, alle Ihre Bed\u00fcrfnisse zu erf\u00fcllen.<\/span><\/p>\n","protected":false},"excerpt":{"rendered":"<p>Stets auf die Bed\u00fcrfnisse unserer G\u00e4ste und die Qualit\u00e4t unserer Dienstleistungen bedacht, wird bei voco\u00ae Milan-Fiere jedes Gericht mit Sorgfalt und Professionalit\u00e4t von unserem K\u00fcchenchef und seinem Team zubereitet. Beeindrucken Sie Ihre Tagungs- und Veranstaltungsg\u00e4ste mit unserem Bankettservice: Jedes Gericht wird in der K\u00fcche unseres Restaurants OnFire Grill und Longue, das auf das Kochen \u00fcber [&hellip;]<\/p>\n","protected":false},"author":6,"featured_media":0,"parent":487,"menu_order":43,"comment_status":"closed","ping_status":"closed","template":"template-banqueting.php","meta":{"footnotes":""},"class_list":["post-650","page","type-page","status-publish","hentry"],"yoast_head":"<!-- This site is optimized with the Yoast SEO plugin v26.9 - https:\/\/yoast.com\/product\/yoast-seo-wordpress\/ -->\n<title>Hotel mit Bankettservice f\u00fcr Veranstaltungen | voco\u00ae Milan-Fiere<\/title>\n<meta name=\"description\" content=\"Hochrangiger Bankettservice f\u00fcr Ihre Veranstaltungen - ideal, um Ihre G\u00e4ste zu beeindrucken. Erfahren Sie mehr \u00fcber den exklusiven Service von voco\u00ae Milan-Fiere.\" \/>\n<meta name=\"robots\" content=\"index, follow, max-snippet:-1, max-image-preview:large, max-video-preview:-1\" \/>\n<link rel=\"canonical\" href=\"https:\/\/www.milanfierehotel.com\/de\/meeting-veranstaltungen\/bankett\/\" \/>\n<meta property=\"og:locale\" content=\"de_DE\" \/>\n<meta property=\"og:type\" content=\"article\" \/>\n<meta property=\"og:title\" content=\"Hotel mit Bankettservice f\u00fcr Veranstaltungen | voco\u00ae Milan-Fiere\" \/>\n<meta property=\"og:description\" content=\"Hochrangiger Bankettservice f\u00fcr Ihre Veranstaltungen - ideal, um Ihre G\u00e4ste zu beeindrucken. Erfahren Sie mehr \u00fcber den exklusiven Service von voco\u00ae Milan-Fiere.\" \/>\n<meta property=\"og:url\" content=\"https:\/\/www.milanfierehotel.com\/de\/meeting-veranstaltungen\/bankett\/\" \/>\n<meta property=\"og:site_name\" content=\"Voco Milan Fiere\" \/>\n<meta property=\"article:modified_time\" content=\"2025-03-20T17:26:45+00:00\" \/>\n<meta name=\"twitter:card\" content=\"summary_large_image\" \/>\n<meta name=\"twitter:label1\" content=\"Gesch\u00e4tzte Lesezeit\" \/>\n\t<meta name=\"twitter:data1\" content=\"1 Minute\" \/>\n<script type=\"application\/ld+json\" class=\"yoast-schema-graph\">{\"@context\":\"https:\/\/schema.org\",\"@graph\":[{\"@type\":\"WebPage\",\"@id\":\"https:\/\/www.milanfierehotel.com\/de\/meeting-veranstaltungen\/bankett\/\",\"url\":\"https:\/\/www.milanfierehotel.com\/de\/meeting-veranstaltungen\/bankett\/\",\"name\":\"Hotel mit Bankettservice f\u00fcr Veranstaltungen | voco\u00ae Milan-Fiere\",\"isPartOf\":{\"@id\":\"https:\/\/www.milanfierehotel.com\/de\/#website\"},\"datePublished\":\"2022-06-29T15:26:38+00:00\",\"dateModified\":\"2025-03-20T17:26:45+00:00\",\"description\":\"Hochrangiger Bankettservice f\u00fcr Ihre Veranstaltungen - ideal, um Ihre G\u00e4ste zu beeindrucken. Erfahren Sie mehr \u00fcber den exklusiven Service von voco\u00ae Milan-Fiere.\",\"breadcrumb\":{\"@id\":\"https:\/\/www.milanfierehotel.com\/de\/meeting-veranstaltungen\/bankett\/#breadcrumb\"},\"inLanguage\":\"de-DE\",\"potentialAction\":[{\"@type\":\"ReadAction\",\"target\":[\"https:\/\/www.milanfierehotel.com\/de\/meeting-veranstaltungen\/bankett\/\"]}]},{\"@type\":\"BreadcrumbList\",\"@id\":\"https:\/\/www.milanfierehotel.com\/de\/meeting-veranstaltungen\/bankett\/#breadcrumb\",\"itemListElement\":[{\"@type\":\"ListItem\",\"position\":1,\"name\":\"Home\",\"item\":\"https:\/\/www.milanfierehotel.com\/de\/\"},{\"@type\":\"ListItem\",\"position\":2,\"name\":\"Meeting &amp; Veranstaltungen\",\"item\":\"https:\/\/www.milanfierehotel.com\/de\/meeting-veranstaltungen\/\"},{\"@type\":\"ListItem\",\"position\":3,\"name\":\"Bankett\"}]},{\"@type\":\"WebSite\",\"@id\":\"https:\/\/www.milanfierehotel.com\/de\/#website\",\"url\":\"https:\/\/www.milanfierehotel.com\/de\/\",\"name\":\"Voco Milan Fiere\",\"description\":\"Just another ms.decms.eu site\",\"publisher\":{\"@id\":\"https:\/\/www.milanfierehotel.com\/de\/#organization\"},\"potentialAction\":[{\"@type\":\"SearchAction\",\"target\":{\"@type\":\"EntryPoint\",\"urlTemplate\":\"https:\/\/www.milanfierehotel.com\/de\/?s={search_term_string}\"},\"query-input\":{\"@type\":\"PropertyValueSpecification\",\"valueRequired\":true,\"valueName\":\"search_term_string\"}}],\"inLanguage\":\"de-DE\"},{\"@type\":\"Organization\",\"@id\":\"https:\/\/www.milanfierehotel.com\/de\/#organization\",\"name\":\"Voco Milano Fiere\",\"url\":\"https:\/\/www.milanfierehotel.com\/de\/\",\"logo\":{\"@type\":\"ImageObject\",\"inLanguage\":\"de-DE\",\"@id\":\"https:\/\/www.milanfierehotel.com\/de\/#\/schema\/logo\/image\/\",\"url\":\"https:\/\/www.milanfierehotel.com\/wp-content\/uploads\/sites\/402\/2022\/07\/02-Hotel-Reception-voco-Milan-Fiere.jpg\",\"contentUrl\":\"https:\/\/www.milanfierehotel.com\/wp-content\/uploads\/sites\/402\/2022\/07\/02-Hotel-Reception-voco-Milan-Fiere.jpg\",\"width\":2200,\"height\":1200,\"caption\":\"Voco Milano Fiere\"},\"image\":{\"@id\":\"https:\/\/www.milanfierehotel.com\/de\/#\/schema\/logo\/image\/\"}}]}<\/script>\n<!-- \/ Yoast SEO plugin. -->","yoast_head_json":{"title":"Hotel mit Bankettservice f\u00fcr Veranstaltungen | voco\u00ae Milan-Fiere","description":"Hochrangiger Bankettservice f\u00fcr Ihre Veranstaltungen - ideal, um Ihre G\u00e4ste zu beeindrucken. Erfahren Sie mehr \u00fcber den exklusiven Service von voco\u00ae Milan-Fiere.","robots":{"index":"index","follow":"follow","max-snippet":"max-snippet:-1","max-image-preview":"max-image-preview:large","max-video-preview":"max-video-preview:-1"},"canonical":"https:\/\/www.milanfierehotel.com\/de\/meeting-veranstaltungen\/bankett\/","og_locale":"de_DE","og_type":"article","og_title":"Hotel mit Bankettservice f\u00fcr Veranstaltungen | voco\u00ae Milan-Fiere","og_description":"Hochrangiger Bankettservice f\u00fcr Ihre Veranstaltungen - ideal, um Ihre G\u00e4ste zu beeindrucken. Erfahren Sie mehr \u00fcber den exklusiven Service von voco\u00ae Milan-Fiere.","og_url":"https:\/\/www.milanfierehotel.com\/de\/meeting-veranstaltungen\/bankett\/","og_site_name":"Voco Milan Fiere","article_modified_time":"2025-03-20T17:26:45+00:00","twitter_card":"summary_large_image","twitter_misc":{"Gesch\u00e4tzte Lesezeit":"1 Minute"},"schema":{"@context":"https:\/\/schema.org","@graph":[{"@type":"WebPage","@id":"https:\/\/www.milanfierehotel.com\/de\/meeting-veranstaltungen\/bankett\/","url":"https:\/\/www.milanfierehotel.com\/de\/meeting-veranstaltungen\/bankett\/","name":"Hotel mit Bankettservice f\u00fcr Veranstaltungen | voco\u00ae Milan-Fiere","isPartOf":{"@id":"https:\/\/www.milanfierehotel.com\/de\/#website"},"datePublished":"2022-06-29T15:26:38+00:00","dateModified":"2025-03-20T17:26:45+00:00","description":"Hochrangiger Bankettservice f\u00fcr Ihre Veranstaltungen - ideal, um Ihre G\u00e4ste zu beeindrucken. Erfahren Sie mehr \u00fcber den exklusiven Service von voco\u00ae Milan-Fiere.","breadcrumb":{"@id":"https:\/\/www.milanfierehotel.com\/de\/meeting-veranstaltungen\/bankett\/#breadcrumb"},"inLanguage":"de-DE","potentialAction":[{"@type":"ReadAction","target":["https:\/\/www.milanfierehotel.com\/de\/meeting-veranstaltungen\/bankett\/"]}]},{"@type":"BreadcrumbList","@id":"https:\/\/www.milanfierehotel.com\/de\/meeting-veranstaltungen\/bankett\/#breadcrumb","itemListElement":[{"@type":"ListItem","position":1,"name":"Home","item":"https:\/\/www.milanfierehotel.com\/de\/"},{"@type":"ListItem","position":2,"name":"Meeting &amp; Veranstaltungen","item":"https:\/\/www.milanfierehotel.com\/de\/meeting-veranstaltungen\/"},{"@type":"ListItem","position":3,"name":"Bankett"}]},{"@type":"WebSite","@id":"https:\/\/www.milanfierehotel.com\/de\/#website","url":"https:\/\/www.milanfierehotel.com\/de\/","name":"Voco Milan Fiere","description":"Just another ms.decms.eu site","publisher":{"@id":"https:\/\/www.milanfierehotel.com\/de\/#organization"},"potentialAction":[{"@type":"SearchAction","target":{"@type":"EntryPoint","urlTemplate":"https:\/\/www.milanfierehotel.com\/de\/?s={search_term_string}"},"query-input":{"@type":"PropertyValueSpecification","valueRequired":true,"valueName":"search_term_string"}}],"inLanguage":"de-DE"},{"@type":"Organization","@id":"https:\/\/www.milanfierehotel.com\/de\/#organization","name":"Voco Milano Fiere","url":"https:\/\/www.milanfierehotel.com\/de\/","logo":{"@type":"ImageObject","inLanguage":"de-DE","@id":"https:\/\/www.milanfierehotel.com\/de\/#\/schema\/logo\/image\/","url":"https:\/\/www.milanfierehotel.com\/wp-content\/uploads\/sites\/402\/2022\/07\/02-Hotel-Reception-voco-Milan-Fiere.jpg","contentUrl":"https:\/\/www.milanfierehotel.com\/wp-content\/uploads\/sites\/402\/2022\/07\/02-Hotel-Reception-voco-Milan-Fiere.jpg","width":2200,"height":1200,"caption":"Voco Milano Fiere"},"image":{"@id":"https:\/\/www.milanfierehotel.com\/de\/#\/schema\/logo\/image\/"}}]}},"acf":[],"_links":{"self":[{"href":"https:\/\/www.milanfierehotel.com\/de\/wp-json\/wp\/v2\/pages\/650","targetHints":{"allow":["GET"]}}],"collection":[{"href":"https:\/\/www.milanfierehotel.com\/de\/wp-json\/wp\/v2\/pages"}],"about":[{"href":"https:\/\/www.milanfierehotel.com\/de\/wp-json\/wp\/v2\/types\/page"}],"author":[{"embeddable":true,"href":"https:\/\/www.milanfierehotel.com\/de\/wp-json\/wp\/v2\/users\/6"}],"replies":[{"embeddable":true,"href":"https:\/\/www.milanfierehotel.com\/de\/wp-json\/wp\/v2\/comments?post=650"}],"version-history":[{"count":0,"href":"https:\/\/www.milanfierehotel.com\/de\/wp-json\/wp\/v2\/pages\/650\/revisions"}],"up":[{"embeddable":true,"href":"https:\/\/www.milanfierehotel.com\/de\/wp-json\/wp\/v2\/pages\/487"}],"wp:attachment":[{"href":"https:\/\/www.milanfierehotel.com\/de\/wp-json\/wp\/v2\/media?parent=650"}],"curies":[{"name":"wp","href":"https:\/\/api.w.org\/{rel}","templated":true}]}}