{"id":1266,"date":"2024-03-14T10:40:52","date_gmt":"2024-03-14T10:40:52","guid":{"rendered":"https:\/\/www.milanfierehotel.com\/offres-et-formules\/concert-and-festivals-offer\/"},"modified":"2025-09-03T14:57:15","modified_gmt":"2025-09-03T14:57:15","slug":"concert-and-festivals-offer","status":"publish","type":"page","link":"https:\/\/www.milanfierehotel.com\/fr\/offres-et-formules\/concert-and-festivals-offer\/","title":{"rendered":"Offre Concerts et Festivals"},"content":{"rendered":"<div class=\"the_content\">\n<div class=\"flex-1 overflow-hidden\">\n<div class=\"react-scroll-to-bottom--css-mcbey-79elbk h-full\">\n<div class=\"react-scroll-to-bottom--css-mcbey-1n7m0yu\">\n<div class=\"flex flex-col text-sm pb-9\">\n<div class=\"w-full text-token-text-primary\" data-testid=\"conversation-turn-5\">\n<div class=\"px-4 py-2 justify-center text-base md:gap-6 m-auto\">\n<div class=\"flex flex-1 text-base mx-auto gap-3 md:px-5 lg:px-1 xl:px-5 md:max-w-3xl lg:max-w-[40rem] xl:max-w-[48rem] group final-completion\">\n<div class=\"relative flex w-full flex-col agent-turn\">\n<div class=\"flex-col gap-1 md:gap-3\">\n<div class=\"flex flex-grow flex-col max-w-full\">\n<div class=\"min-h-[20px] text-message flex flex-col items-start gap-3 whitespace-pre-wrap break-words [.text-message+&amp;]:mt-5 overflow-x-auto\" data-message-author-role=\"assistant\" data-message-id=\"436a1944-0b9f-4266-8010-ec6cb616e589\">\n<div class=\"markdown prose w-full break-words dark:prose-invert light\">\n<p>Si vous recherchez un h\u00f4tel pour des <strong>concerts \u00e0 Milan<\/strong>, <strong>voco\u00ae Milan-Fiere<\/strong> est votre destination id\u00e9ale. <strong>Strat\u00e9giquement situ\u00e9<\/strong> \u00e0 quelques minutes de la sortie d&rsquo;autoroute, du <strong>stade San Siro<\/strong> et des<strong> hippodromes SNAI<\/strong>, c&rsquo;est le choix id\u00e9al pour tirer le meilleur parti de votre \u00e9v\u00e9nement.<\/p>\n<p>Rendez votre prochain s\u00e9jour \u00e0 Milan unique, choisissez voco\u00ae Milan-Fiere et notre <strong>offre Petit-d\u00e9jeuner et Parking<\/strong>, nous avons pens\u00e9 \u00e0 tout pour rendre votre s\u00e9jour inoubliable. L&rsquo;offre comprend la <strong>possibilit\u00e9\u00a0d&rsquo;annuler sans frais<\/strong>\u00a0et sans acompte lors de la r\u00e9servation, un d\u00e9licieux <strong>petit-d\u00e9jeuner<\/strong> buffet et un <strong>parking gratuit<\/strong>. En choisissant cette offre, vous b\u00e9n\u00e9ficierez \u00e9galement d&rsquo;un acc\u00e8s gratuit et illimit\u00e9 \u00e0 notre espace de jeux et \u00e0 notre salle de fitness dot\u00e9e d&rsquo;\u00e9quipements Technogym. De plus, en r\u00e9servant l&rsquo;une de nos chambres ou suites premium, vous b\u00e9n\u00e9ficierez \u00e9galement d&rsquo;un acc\u00e8s de deux heures \u00e0 notre espace bien-\u00eatre, dot\u00e9 d&rsquo;un sauna, d&rsquo;un bain turc et d&rsquo;un hydromassage.<\/p>\n<p>Qu&rsquo;est-ce que tu attends? Ajoutez une touche voco \u00e0 votre s\u00e9jour, assurez-vous simplement de s\u00e9lectionner l&rsquo;offre petit-d\u00e9jeuner et parking lors de la r\u00e9servation et profitez de votre \u00e9v\u00e9nement !<\/p>\n<\/div>\n<\/div>\n<\/div>\n<\/div>\n<\/div>\n<\/div>\n<\/div>\n<\/div>\n<\/div>\n<\/div>\n<\/div>\n<\/div>\n<\/div>\n","protected":false},"excerpt":{"rendered":"<p>Si vous recherchez un h\u00f4tel pour des concerts \u00e0 Milan, voco\u00ae Milan-Fiere est votre destination id\u00e9ale. Strat\u00e9giquement situ\u00e9 \u00e0 quelques minutes de la sortie d&rsquo;autoroute, du stade San Siro et des hippodromes SNAI, c&rsquo;est le choix id\u00e9al pour tirer le meilleur parti de votre \u00e9v\u00e9nement. Rendez votre prochain s\u00e9jour \u00e0 Milan unique, choisissez voco\u00ae Milan-Fiere [&hellip;]<\/p>\n","protected":false},"author":652,"featured_media":0,"parent":518,"menu_order":0,"comment_status":"closed","ping_status":"closed","template":"template-default-2.php","meta":{"footnotes":""},"class_list":["post-1266","page","type-page","status-publish","hentry"],"yoast_head":"<!-- This site is optimized with the Yoast SEO plugin v26.9 - https:\/\/yoast.com\/product\/yoast-seo-wordpress\/ -->\n<title>Concerts and Festivals Offer | Hotel 4* voco\u00ae Milan-Fiere<\/title>\n<meta name=\"description\" content=\"Concerts and Festivals Offer: buffet breakfast, free parking, fitness room and gaming area included. Discover the exclusive offer of voco\u00ae Milan-Fiere 4* Hotel!\" \/>\n<meta name=\"robots\" content=\"index, follow, max-snippet:-1, max-image-preview:large, max-video-preview:-1\" \/>\n<link rel=\"canonical\" href=\"https:\/\/www.milanfierehotel.com\/fr\/offres-et-formules\/concert-and-festivals-offer\/\" \/>\n<meta property=\"og:locale\" content=\"fr_FR\" \/>\n<meta property=\"og:type\" content=\"article\" \/>\n<meta property=\"og:title\" content=\"Concerts and Festivals Offer | Hotel 4* voco\u00ae Milan-Fiere\" \/>\n<meta property=\"og:description\" content=\"Concerts and Festivals Offer: buffet breakfast, free parking, fitness room and gaming area included. Discover the exclusive offer of voco\u00ae Milan-Fiere 4* Hotel!\" \/>\n<meta property=\"og:url\" content=\"https:\/\/www.milanfierehotel.com\/fr\/offres-et-formules\/concert-and-festivals-offer\/\" \/>\n<meta property=\"og:site_name\" content=\"Voco Milan Fiere\" \/>\n<meta property=\"article:modified_time\" content=\"2025-09-03T14:57:15+00:00\" \/>\n<meta name=\"twitter:card\" content=\"summary_large_image\" \/>\n<meta name=\"twitter:label1\" content=\"Dur\u00e9e de lecture estim\u00e9e\" \/>\n\t<meta name=\"twitter:data1\" content=\"1 minute\" \/>\n<script type=\"application\/ld+json\" class=\"yoast-schema-graph\">{\"@context\":\"https:\/\/schema.org\",\"@graph\":[{\"@type\":\"WebPage\",\"@id\":\"https:\/\/www.milanfierehotel.com\/fr\/offres-et-formules\/concert-and-festivals-offer\/\",\"url\":\"https:\/\/www.milanfierehotel.com\/fr\/offres-et-formules\/concert-and-festivals-offer\/\",\"name\":\"Concerts and Festivals Offer | Hotel 4* voco\u00ae Milan-Fiere\",\"isPartOf\":{\"@id\":\"https:\/\/www.milanfierehotel.com\/fr\/#website\"},\"datePublished\":\"2024-03-14T10:40:52+00:00\",\"dateModified\":\"2025-09-03T14:57:15+00:00\",\"description\":\"Concerts and Festivals Offer: buffet breakfast, free parking, fitness room and gaming area included. Discover the exclusive offer of voco\u00ae Milan-Fiere 4* Hotel!\",\"breadcrumb\":{\"@id\":\"https:\/\/www.milanfierehotel.com\/fr\/offres-et-formules\/concert-and-festivals-offer\/#breadcrumb\"},\"inLanguage\":\"fr-FR\",\"potentialAction\":[{\"@type\":\"ReadAction\",\"target\":[\"https:\/\/www.milanfierehotel.com\/fr\/offres-et-formules\/concert-and-festivals-offer\/\"]}]},{\"@type\":\"BreadcrumbList\",\"@id\":\"https:\/\/www.milanfierehotel.com\/fr\/offres-et-formules\/concert-and-festivals-offer\/#breadcrumb\",\"itemListElement\":[{\"@type\":\"ListItem\",\"position\":1,\"name\":\"Home\",\"item\":\"https:\/\/www.milanfierehotel.com\/fr\/\"},{\"@type\":\"ListItem\",\"position\":2,\"name\":\"Offres &amp; Formules\",\"item\":\"https:\/\/www.milanfierehotel.com\/fr\/offres-et-formules\/\"},{\"@type\":\"ListItem\",\"position\":3,\"name\":\"Offre Concerts et Festivals\"}]},{\"@type\":\"WebSite\",\"@id\":\"https:\/\/www.milanfierehotel.com\/fr\/#website\",\"url\":\"https:\/\/www.milanfierehotel.com\/fr\/\",\"name\":\"Voco Milan Fiere\",\"description\":\"Just another ms.decms.eu site\",\"publisher\":{\"@id\":\"https:\/\/www.milanfierehotel.com\/fr\/#organization\"},\"potentialAction\":[{\"@type\":\"SearchAction\",\"target\":{\"@type\":\"EntryPoint\",\"urlTemplate\":\"https:\/\/www.milanfierehotel.com\/fr\/?s={search_term_string}\"},\"query-input\":{\"@type\":\"PropertyValueSpecification\",\"valueRequired\":true,\"valueName\":\"search_term_string\"}}],\"inLanguage\":\"fr-FR\"},{\"@type\":\"Organization\",\"@id\":\"https:\/\/www.milanfierehotel.com\/fr\/#organization\",\"name\":\"Voco Milano Fiere\",\"url\":\"https:\/\/www.milanfierehotel.com\/fr\/\",\"logo\":{\"@type\":\"ImageObject\",\"inLanguage\":\"fr-FR\",\"@id\":\"https:\/\/www.milanfierehotel.com\/fr\/#\/schema\/logo\/image\/\",\"url\":\"https:\/\/www.milanfierehotel.com\/wp-content\/uploads\/sites\/402\/2022\/07\/02-Hotel-Reception-voco-Milan-Fiere.jpg\",\"contentUrl\":\"https:\/\/www.milanfierehotel.com\/wp-content\/uploads\/sites\/402\/2022\/07\/02-Hotel-Reception-voco-Milan-Fiere.jpg\",\"width\":2200,\"height\":1200,\"caption\":\"Voco Milano Fiere\"},\"image\":{\"@id\":\"https:\/\/www.milanfierehotel.com\/fr\/#\/schema\/logo\/image\/\"}}]}<\/script>\n<!-- \/ Yoast SEO plugin. -->","yoast_head_json":{"title":"Concerts and Festivals Offer | Hotel 4* voco\u00ae Milan-Fiere","description":"Concerts and Festivals Offer: buffet breakfast, free parking, fitness room and gaming area included. Discover the exclusive offer of voco\u00ae Milan-Fiere 4* Hotel!","robots":{"index":"index","follow":"follow","max-snippet":"max-snippet:-1","max-image-preview":"max-image-preview:large","max-video-preview":"max-video-preview:-1"},"canonical":"https:\/\/www.milanfierehotel.com\/fr\/offres-et-formules\/concert-and-festivals-offer\/","og_locale":"fr_FR","og_type":"article","og_title":"Concerts and Festivals Offer | Hotel 4* voco\u00ae Milan-Fiere","og_description":"Concerts and Festivals Offer: buffet breakfast, free parking, fitness room and gaming area included. Discover the exclusive offer of voco\u00ae Milan-Fiere 4* Hotel!","og_url":"https:\/\/www.milanfierehotel.com\/fr\/offres-et-formules\/concert-and-festivals-offer\/","og_site_name":"Voco Milan Fiere","article_modified_time":"2025-09-03T14:57:15+00:00","twitter_card":"summary_large_image","twitter_misc":{"Dur\u00e9e de lecture estim\u00e9e":"1 minute"},"schema":{"@context":"https:\/\/schema.org","@graph":[{"@type":"WebPage","@id":"https:\/\/www.milanfierehotel.com\/fr\/offres-et-formules\/concert-and-festivals-offer\/","url":"https:\/\/www.milanfierehotel.com\/fr\/offres-et-formules\/concert-and-festivals-offer\/","name":"Concerts and Festivals Offer | Hotel 4* voco\u00ae Milan-Fiere","isPartOf":{"@id":"https:\/\/www.milanfierehotel.com\/fr\/#website"},"datePublished":"2024-03-14T10:40:52+00:00","dateModified":"2025-09-03T14:57:15+00:00","description":"Concerts and Festivals Offer: buffet breakfast, free parking, fitness room and gaming area included. Discover the exclusive offer of voco\u00ae Milan-Fiere 4* Hotel!","breadcrumb":{"@id":"https:\/\/www.milanfierehotel.com\/fr\/offres-et-formules\/concert-and-festivals-offer\/#breadcrumb"},"inLanguage":"fr-FR","potentialAction":[{"@type":"ReadAction","target":["https:\/\/www.milanfierehotel.com\/fr\/offres-et-formules\/concert-and-festivals-offer\/"]}]},{"@type":"BreadcrumbList","@id":"https:\/\/www.milanfierehotel.com\/fr\/offres-et-formules\/concert-and-festivals-offer\/#breadcrumb","itemListElement":[{"@type":"ListItem","position":1,"name":"Home","item":"https:\/\/www.milanfierehotel.com\/fr\/"},{"@type":"ListItem","position":2,"name":"Offres &amp; Formules","item":"https:\/\/www.milanfierehotel.com\/fr\/offres-et-formules\/"},{"@type":"ListItem","position":3,"name":"Offre Concerts et Festivals"}]},{"@type":"WebSite","@id":"https:\/\/www.milanfierehotel.com\/fr\/#website","url":"https:\/\/www.milanfierehotel.com\/fr\/","name":"Voco Milan Fiere","description":"Just another ms.decms.eu site","publisher":{"@id":"https:\/\/www.milanfierehotel.com\/fr\/#organization"},"potentialAction":[{"@type":"SearchAction","target":{"@type":"EntryPoint","urlTemplate":"https:\/\/www.milanfierehotel.com\/fr\/?s={search_term_string}"},"query-input":{"@type":"PropertyValueSpecification","valueRequired":true,"valueName":"search_term_string"}}],"inLanguage":"fr-FR"},{"@type":"Organization","@id":"https:\/\/www.milanfierehotel.com\/fr\/#organization","name":"Voco Milano Fiere","url":"https:\/\/www.milanfierehotel.com\/fr\/","logo":{"@type":"ImageObject","inLanguage":"fr-FR","@id":"https:\/\/www.milanfierehotel.com\/fr\/#\/schema\/logo\/image\/","url":"https:\/\/www.milanfierehotel.com\/wp-content\/uploads\/sites\/402\/2022\/07\/02-Hotel-Reception-voco-Milan-Fiere.jpg","contentUrl":"https:\/\/www.milanfierehotel.com\/wp-content\/uploads\/sites\/402\/2022\/07\/02-Hotel-Reception-voco-Milan-Fiere.jpg","width":2200,"height":1200,"caption":"Voco Milano Fiere"},"image":{"@id":"https:\/\/www.milanfierehotel.com\/fr\/#\/schema\/logo\/image\/"}}]}},"acf":[],"_links":{"self":[{"href":"https:\/\/www.milanfierehotel.com\/fr\/wp-json\/wp\/v2\/pages\/1266","targetHints":{"allow":["GET"]}}],"collection":[{"href":"https:\/\/www.milanfierehotel.com\/fr\/wp-json\/wp\/v2\/pages"}],"about":[{"href":"https:\/\/www.milanfierehotel.com\/fr\/wp-json\/wp\/v2\/types\/page"}],"author":[{"embeddable":true,"href":"https:\/\/www.milanfierehotel.com\/fr\/wp-json\/wp\/v2\/users\/652"}],"replies":[{"embeddable":true,"href":"https:\/\/www.milanfierehotel.com\/fr\/wp-json\/wp\/v2\/comments?post=1266"}],"version-history":[{"count":0,"href":"https:\/\/www.milanfierehotel.com\/fr\/wp-json\/wp\/v2\/pages\/1266\/revisions"}],"up":[{"embeddable":true,"href":"https:\/\/www.milanfierehotel.com\/fr\/wp-json\/wp\/v2\/pages\/518"}],"wp:attachment":[{"href":"https:\/\/www.milanfierehotel.com\/fr\/wp-json\/wp\/v2\/media?parent=1266"}],"curies":[{"name":"wp","href":"https:\/\/api.w.org\/{rel}","templated":true}]}}