{"id":1297,"date":"2024-06-04T11:32:29","date_gmt":"2024-06-04T11:32:29","guid":{"rendered":"https:\/\/www.milanfierehotel.com\/bar-et-restaurant\/la-nostra-colazione\/"},"modified":"2025-03-20T17:07:34","modified_gmt":"2025-03-20T17:07:34","slug":"la-nostra-colazione","status":"publish","type":"page","link":"https:\/\/www.milanfierehotel.com\/fr\/bar-et-restaurant\/la-nostra-colazione\/","title":{"rendered":"Notre petit-d\u00e9jeuner"},"content":{"rendered":"<p>Qui n&rsquo;aime pas un<strong> copieux petit-d\u00e9jeuner \u00e0 l&rsquo;h\u00f4tel<\/strong> lorsque vous \u00eates en vacances ou en voyage d&rsquo;affaires ? Chez voco\u00ae Milan-Fiere, cela en vaut vraiment la peine. En choisissant l&rsquo;un de nos tarifs avec petit d\u00e9jeuner inclus vous aurez la possibilit\u00e9 d&rsquo;acc\u00e9der \u00e0 de <strong>nombreuses options sucr\u00e9es et sal\u00e9es<\/strong> toutes plus d\u00e9licieuses les unes que les autres ! Si vous pr\u00e9f\u00e9rez prendre le temps d&rsquo;y r\u00e9fl\u00e9chir, pas de probl\u00e8me : vous pouvez toujours acheter le petit-d\u00e9jeuner au check-in \u00e0 votre arriv\u00e9e \u00e0 l&rsquo;h\u00f4tel.<\/p>\n<p>Vous avez la dent sucr\u00e9e ? \u00c0 notre buffet, vous trouverez chaque matin des <strong>croissants parfum\u00e9s, des friandises et des g\u00e2teaux frais<\/strong> de diff\u00e9rentes sortes, tandis que si votre v\u00e9ritable passion est la cuisine sal\u00e9e, il vous suffit de choisir entre du <strong>bacon, des saucisses, vos \u0153ufs et l\u00e9gumes pr\u00e9f\u00e9r\u00e9s<\/strong> pour vous sentir rassasi\u00e9 jusqu&rsquo;\u00e0 l&rsquo;heure. du d\u00e9jeuner. Et si vraiment vous n&rsquo;arrivez pas \u00e0 choisir : go\u00fbtez l&rsquo;un d&rsquo;abord, puis l&rsquo;autre, personne ne d\u00e9noncera la di\u00e9t\u00e9ticienne, promis !<\/p>\n","protected":false},"excerpt":{"rendered":"<p>Qui n&rsquo;aime pas un copieux petit-d\u00e9jeuner \u00e0 l&rsquo;h\u00f4tel lorsque vous \u00eates en vacances ou en voyage d&rsquo;affaires ? Chez voco\u00ae Milan-Fiere, cela en vaut vraiment la peine. En choisissant l&rsquo;un de nos tarifs avec petit d\u00e9jeuner inclus vous aurez la possibilit\u00e9 d&rsquo;acc\u00e9der \u00e0 de nombreuses options sucr\u00e9es et sal\u00e9es toutes plus d\u00e9licieuses les unes que [&hellip;]<\/p>\n","protected":false},"author":360,"featured_media":1278,"parent":478,"menu_order":0,"comment_status":"closed","ping_status":"closed","template":"","meta":{"footnotes":""},"class_list":["post-1297","page","type-page","status-publish","has-post-thumbnail","hentry"],"yoast_head":"<!-- This site is optimized with the Yoast SEO plugin v26.9 - https:\/\/yoast.com\/product\/yoast-seo-wordpress\/ -->\n<title>Notre petit-d\u00e9jeuner | hotel 4* voco\u00ae Milan-Fiere<\/title>\n<meta name=\"description\" content=\"Le petit-d\u00e9jeuner est le meilleur moment d&#039;un s\u00e9jour \u00e0 l&#039;h\u00f4tel : d\u00e9couvrez le buffet de l&#039;h\u00f4tel voco\u00ae Milan-Fiere 4* et r\u00e9servez un tarif avec petit-d\u00e9jeuner inclus !\" \/>\n<meta name=\"robots\" content=\"index, follow, max-snippet:-1, max-image-preview:large, max-video-preview:-1\" \/>\n<link rel=\"canonical\" href=\"https:\/\/www.milanfierehotel.com\/fr\/bar-et-restaurant\/la-nostra-colazione\/\" \/>\n<meta property=\"og:locale\" content=\"fr_FR\" \/>\n<meta property=\"og:type\" content=\"article\" \/>\n<meta property=\"og:title\" content=\"Notre petit-d\u00e9jeuner | hotel 4* voco\u00ae Milan-Fiere\" \/>\n<meta property=\"og:description\" content=\"Le petit-d\u00e9jeuner est le meilleur moment d&#039;un s\u00e9jour \u00e0 l&#039;h\u00f4tel : d\u00e9couvrez le buffet de l&#039;h\u00f4tel voco\u00ae Milan-Fiere 4* et r\u00e9servez un tarif avec petit-d\u00e9jeuner inclus !\" \/>\n<meta property=\"og:url\" content=\"https:\/\/www.milanfierehotel.com\/fr\/bar-et-restaurant\/la-nostra-colazione\/\" \/>\n<meta property=\"og:site_name\" content=\"Voco Milan Fiere\" \/>\n<meta property=\"article:modified_time\" content=\"2025-03-20T17:07:34+00:00\" \/>\n<meta property=\"og:image\" content=\"https:\/\/www.milanfierehotel.com\/wp-content\/uploads\/sites\/402\/2024\/06\/voco-Milan-Fiere-Breakfast-Breakfast-Buffet-scaled.jpg\" \/>\n\t<meta property=\"og:image:width\" content=\"2560\" \/>\n\t<meta property=\"og:image:height\" content=\"1707\" \/>\n\t<meta property=\"og:image:type\" content=\"image\/jpeg\" \/>\n<meta name=\"twitter:card\" content=\"summary_large_image\" \/>\n<meta name=\"twitter:label1\" content=\"Dur\u00e9e de lecture estim\u00e9e\" \/>\n\t<meta name=\"twitter:data1\" content=\"2 minutes\" \/>\n<script type=\"application\/ld+json\" class=\"yoast-schema-graph\">{\"@context\":\"https:\/\/schema.org\",\"@graph\":[{\"@type\":\"WebPage\",\"@id\":\"https:\/\/www.milanfierehotel.com\/fr\/bar-et-restaurant\/la-nostra-colazione\/\",\"url\":\"https:\/\/www.milanfierehotel.com\/fr\/bar-et-restaurant\/la-nostra-colazione\/\",\"name\":\"Notre petit-d\u00e9jeuner | hotel 4* voco\u00ae Milan-Fiere\",\"isPartOf\":{\"@id\":\"https:\/\/www.milanfierehotel.com\/fr\/#website\"},\"primaryImageOfPage\":{\"@id\":\"https:\/\/www.milanfierehotel.com\/fr\/bar-et-restaurant\/la-nostra-colazione\/#primaryimage\"},\"image\":{\"@id\":\"https:\/\/www.milanfierehotel.com\/fr\/bar-et-restaurant\/la-nostra-colazione\/#primaryimage\"},\"thumbnailUrl\":\"https:\/\/www.milanfierehotel.com\/wp-content\/uploads\/sites\/402\/2024\/06\/voco-Milan-Fiere-Breakfast-Breakfast-Buffet-scaled.jpg\",\"datePublished\":\"2024-06-04T11:32:29+00:00\",\"dateModified\":\"2025-03-20T17:07:34+00:00\",\"description\":\"Le petit-d\u00e9jeuner est le meilleur moment d'un s\u00e9jour \u00e0 l'h\u00f4tel : d\u00e9couvrez le buffet de l'h\u00f4tel voco\u00ae Milan-Fiere 4* et r\u00e9servez un tarif avec petit-d\u00e9jeuner inclus !\",\"breadcrumb\":{\"@id\":\"https:\/\/www.milanfierehotel.com\/fr\/bar-et-restaurant\/la-nostra-colazione\/#breadcrumb\"},\"inLanguage\":\"fr-FR\",\"potentialAction\":[{\"@type\":\"ReadAction\",\"target\":[\"https:\/\/www.milanfierehotel.com\/fr\/bar-et-restaurant\/la-nostra-colazione\/\"]}]},{\"@type\":\"ImageObject\",\"inLanguage\":\"fr-FR\",\"@id\":\"https:\/\/www.milanfierehotel.com\/fr\/bar-et-restaurant\/la-nostra-colazione\/#primaryimage\",\"url\":\"https:\/\/www.milanfierehotel.com\/wp-content\/uploads\/sites\/402\/2024\/06\/voco-Milan-Fiere-Breakfast-Breakfast-Buffet-scaled.jpg\",\"contentUrl\":\"https:\/\/www.milanfierehotel.com\/wp-content\/uploads\/sites\/402\/2024\/06\/voco-Milan-Fiere-Breakfast-Breakfast-Buffet-scaled.jpg\",\"width\":2560,\"height\":1707,\"caption\":\"voco Milan-Fiere - Breakfast - Breakfast Buffet\"},{\"@type\":\"BreadcrumbList\",\"@id\":\"https:\/\/www.milanfierehotel.com\/fr\/bar-et-restaurant\/la-nostra-colazione\/#breadcrumb\",\"itemListElement\":[{\"@type\":\"ListItem\",\"position\":1,\"name\":\"Home\",\"item\":\"https:\/\/www.milanfierehotel.com\/fr\/\"},{\"@type\":\"ListItem\",\"position\":2,\"name\":\"Bar &amp; Restaurant\",\"item\":\"https:\/\/www.milanfierehotel.com\/fr\/bar-et-restaurant\/\"},{\"@type\":\"ListItem\",\"position\":3,\"name\":\"Notre petit-d\u00e9jeuner\"}]},{\"@type\":\"WebSite\",\"@id\":\"https:\/\/www.milanfierehotel.com\/fr\/#website\",\"url\":\"https:\/\/www.milanfierehotel.com\/fr\/\",\"name\":\"Voco Milan Fiere\",\"description\":\"Just another ms.decms.eu site\",\"publisher\":{\"@id\":\"https:\/\/www.milanfierehotel.com\/fr\/#organization\"},\"potentialAction\":[{\"@type\":\"SearchAction\",\"target\":{\"@type\":\"EntryPoint\",\"urlTemplate\":\"https:\/\/www.milanfierehotel.com\/fr\/?s={search_term_string}\"},\"query-input\":{\"@type\":\"PropertyValueSpecification\",\"valueRequired\":true,\"valueName\":\"search_term_string\"}}],\"inLanguage\":\"fr-FR\"},{\"@type\":\"Organization\",\"@id\":\"https:\/\/www.milanfierehotel.com\/fr\/#organization\",\"name\":\"Voco Milano Fiere\",\"url\":\"https:\/\/www.milanfierehotel.com\/fr\/\",\"logo\":{\"@type\":\"ImageObject\",\"inLanguage\":\"fr-FR\",\"@id\":\"https:\/\/www.milanfierehotel.com\/fr\/#\/schema\/logo\/image\/\",\"url\":\"https:\/\/www.milanfierehotel.com\/wp-content\/uploads\/sites\/402\/2022\/07\/02-Hotel-Reception-voco-Milan-Fiere.jpg\",\"contentUrl\":\"https:\/\/www.milanfierehotel.com\/wp-content\/uploads\/sites\/402\/2022\/07\/02-Hotel-Reception-voco-Milan-Fiere.jpg\",\"width\":2200,\"height\":1200,\"caption\":\"Voco Milano Fiere\"},\"image\":{\"@id\":\"https:\/\/www.milanfierehotel.com\/fr\/#\/schema\/logo\/image\/\"}}]}<\/script>\n<!-- \/ Yoast SEO plugin. -->","yoast_head_json":{"title":"Notre petit-d\u00e9jeuner | hotel 4* voco\u00ae Milan-Fiere","description":"Le petit-d\u00e9jeuner est le meilleur moment d'un s\u00e9jour \u00e0 l'h\u00f4tel : d\u00e9couvrez le buffet de l'h\u00f4tel voco\u00ae Milan-Fiere 4* et r\u00e9servez un tarif avec petit-d\u00e9jeuner inclus !","robots":{"index":"index","follow":"follow","max-snippet":"max-snippet:-1","max-image-preview":"max-image-preview:large","max-video-preview":"max-video-preview:-1"},"canonical":"https:\/\/www.milanfierehotel.com\/fr\/bar-et-restaurant\/la-nostra-colazione\/","og_locale":"fr_FR","og_type":"article","og_title":"Notre petit-d\u00e9jeuner | hotel 4* voco\u00ae Milan-Fiere","og_description":"Le petit-d\u00e9jeuner est le meilleur moment d'un s\u00e9jour \u00e0 l'h\u00f4tel : d\u00e9couvrez le buffet de l'h\u00f4tel voco\u00ae Milan-Fiere 4* et r\u00e9servez un tarif avec petit-d\u00e9jeuner inclus !","og_url":"https:\/\/www.milanfierehotel.com\/fr\/bar-et-restaurant\/la-nostra-colazione\/","og_site_name":"Voco Milan Fiere","article_modified_time":"2025-03-20T17:07:34+00:00","og_image":[{"width":2560,"height":1707,"url":"https:\/\/www.milanfierehotel.com\/wp-content\/uploads\/sites\/402\/2024\/06\/voco-Milan-Fiere-Breakfast-Breakfast-Buffet-scaled.jpg","type":"image\/jpeg"}],"twitter_card":"summary_large_image","twitter_misc":{"Dur\u00e9e de lecture estim\u00e9e":"2 minutes"},"schema":{"@context":"https:\/\/schema.org","@graph":[{"@type":"WebPage","@id":"https:\/\/www.milanfierehotel.com\/fr\/bar-et-restaurant\/la-nostra-colazione\/","url":"https:\/\/www.milanfierehotel.com\/fr\/bar-et-restaurant\/la-nostra-colazione\/","name":"Notre petit-d\u00e9jeuner | hotel 4* voco\u00ae Milan-Fiere","isPartOf":{"@id":"https:\/\/www.milanfierehotel.com\/fr\/#website"},"primaryImageOfPage":{"@id":"https:\/\/www.milanfierehotel.com\/fr\/bar-et-restaurant\/la-nostra-colazione\/#primaryimage"},"image":{"@id":"https:\/\/www.milanfierehotel.com\/fr\/bar-et-restaurant\/la-nostra-colazione\/#primaryimage"},"thumbnailUrl":"https:\/\/www.milanfierehotel.com\/wp-content\/uploads\/sites\/402\/2024\/06\/voco-Milan-Fiere-Breakfast-Breakfast-Buffet-scaled.jpg","datePublished":"2024-06-04T11:32:29+00:00","dateModified":"2025-03-20T17:07:34+00:00","description":"Le petit-d\u00e9jeuner est le meilleur moment d'un s\u00e9jour \u00e0 l'h\u00f4tel : d\u00e9couvrez le buffet de l'h\u00f4tel voco\u00ae Milan-Fiere 4* et r\u00e9servez un tarif avec petit-d\u00e9jeuner inclus !","breadcrumb":{"@id":"https:\/\/www.milanfierehotel.com\/fr\/bar-et-restaurant\/la-nostra-colazione\/#breadcrumb"},"inLanguage":"fr-FR","potentialAction":[{"@type":"ReadAction","target":["https:\/\/www.milanfierehotel.com\/fr\/bar-et-restaurant\/la-nostra-colazione\/"]}]},{"@type":"ImageObject","inLanguage":"fr-FR","@id":"https:\/\/www.milanfierehotel.com\/fr\/bar-et-restaurant\/la-nostra-colazione\/#primaryimage","url":"https:\/\/www.milanfierehotel.com\/wp-content\/uploads\/sites\/402\/2024\/06\/voco-Milan-Fiere-Breakfast-Breakfast-Buffet-scaled.jpg","contentUrl":"https:\/\/www.milanfierehotel.com\/wp-content\/uploads\/sites\/402\/2024\/06\/voco-Milan-Fiere-Breakfast-Breakfast-Buffet-scaled.jpg","width":2560,"height":1707,"caption":"voco Milan-Fiere - Breakfast - Breakfast Buffet"},{"@type":"BreadcrumbList","@id":"https:\/\/www.milanfierehotel.com\/fr\/bar-et-restaurant\/la-nostra-colazione\/#breadcrumb","itemListElement":[{"@type":"ListItem","position":1,"name":"Home","item":"https:\/\/www.milanfierehotel.com\/fr\/"},{"@type":"ListItem","position":2,"name":"Bar &amp; Restaurant","item":"https:\/\/www.milanfierehotel.com\/fr\/bar-et-restaurant\/"},{"@type":"ListItem","position":3,"name":"Notre petit-d\u00e9jeuner"}]},{"@type":"WebSite","@id":"https:\/\/www.milanfierehotel.com\/fr\/#website","url":"https:\/\/www.milanfierehotel.com\/fr\/","name":"Voco Milan Fiere","description":"Just another ms.decms.eu site","publisher":{"@id":"https:\/\/www.milanfierehotel.com\/fr\/#organization"},"potentialAction":[{"@type":"SearchAction","target":{"@type":"EntryPoint","urlTemplate":"https:\/\/www.milanfierehotel.com\/fr\/?s={search_term_string}"},"query-input":{"@type":"PropertyValueSpecification","valueRequired":true,"valueName":"search_term_string"}}],"inLanguage":"fr-FR"},{"@type":"Organization","@id":"https:\/\/www.milanfierehotel.com\/fr\/#organization","name":"Voco Milano Fiere","url":"https:\/\/www.milanfierehotel.com\/fr\/","logo":{"@type":"ImageObject","inLanguage":"fr-FR","@id":"https:\/\/www.milanfierehotel.com\/fr\/#\/schema\/logo\/image\/","url":"https:\/\/www.milanfierehotel.com\/wp-content\/uploads\/sites\/402\/2022\/07\/02-Hotel-Reception-voco-Milan-Fiere.jpg","contentUrl":"https:\/\/www.milanfierehotel.com\/wp-content\/uploads\/sites\/402\/2022\/07\/02-Hotel-Reception-voco-Milan-Fiere.jpg","width":2200,"height":1200,"caption":"Voco Milano Fiere"},"image":{"@id":"https:\/\/www.milanfierehotel.com\/fr\/#\/schema\/logo\/image\/"}}]}},"acf":[],"_links":{"self":[{"href":"https:\/\/www.milanfierehotel.com\/fr\/wp-json\/wp\/v2\/pages\/1297","targetHints":{"allow":["GET"]}}],"collection":[{"href":"https:\/\/www.milanfierehotel.com\/fr\/wp-json\/wp\/v2\/pages"}],"about":[{"href":"https:\/\/www.milanfierehotel.com\/fr\/wp-json\/wp\/v2\/types\/page"}],"author":[{"embeddable":true,"href":"https:\/\/www.milanfierehotel.com\/fr\/wp-json\/wp\/v2\/users\/360"}],"replies":[{"embeddable":true,"href":"https:\/\/www.milanfierehotel.com\/fr\/wp-json\/wp\/v2\/comments?post=1297"}],"version-history":[{"count":0,"href":"https:\/\/www.milanfierehotel.com\/fr\/wp-json\/wp\/v2\/pages\/1297\/revisions"}],"up":[{"embeddable":true,"href":"https:\/\/www.milanfierehotel.com\/fr\/wp-json\/wp\/v2\/pages\/478"}],"wp:featuredmedia":[{"embeddable":true,"href":"https:\/\/www.milanfierehotel.com\/fr\/wp-json\/wp\/v2\/media\/1278"}],"wp:attachment":[{"href":"https:\/\/www.milanfierehotel.com\/fr\/wp-json\/wp\/v2\/media?parent=1297"}],"curies":[{"name":"wp","href":"https:\/\/api.w.org\/{rel}","templated":true}]}}