{"id":1437,"date":"2025-06-03T07:45:21","date_gmt":"2025-06-03T07:45:21","guid":{"rendered":"https:\/\/www.milanfierehotel.com\/offres-et-formules\/pacchetto-leisure-escape\/"},"modified":"2025-10-10T13:26:04","modified_gmt":"2025-10-10T13:26:04","slug":"pacchetto-leisure-escape","status":"publish","type":"page","link":"https:\/\/www.milanfierehotel.com\/fr\/offres-et-formules\/pacchetto-leisure-escape\/","title":{"rendered":"Forfait Leisure Escape"},"content":{"rendered":"<p>D\u00e9couvrez les merveilles de Milan avec notre <strong>forfait exclusif Leisure Escape<\/strong> au <strong>voco Milan-Fiere.<\/strong> Cette offre est con\u00e7ue pour ceux qui souhaitent s\u2019offrir une <strong>escapade de fin de semaine<\/strong> plac\u00e9e sous le signe du confort et de la d\u00e9tente. Valable pour les s\u00e9jours avec arriv\u00e9e et d\u00e9part entre le <strong>jeudi et le dimanche.<\/strong><\/p>\n<p>Avec le forfait Leisure Escape de voco\u00ae Milan-Fiere, tout est pens\u00e9 pour rendre votre <strong>s\u00e9jour inoubliable<\/strong>. L\u2019offre comprend un d\u00e9licieux <strong>cocktail de bienvenue<\/strong> pour deux personnes, un copieux <strong>petit d\u00e9jeuner<\/strong> buffet pour bien commencer la journ\u00e9e et le <strong>parking gratuit<\/strong>. Pour un confort maximal, un <strong>d\u00e9part tardif<\/strong> est possible, sous r\u00e9serve de disponibilit\u00e9, afin de profiter pleinement de votre week-end sans stress.<br \/>\nVous voyagez avec des <strong>enfants<\/strong> ? Ils recevront une <strong>Puppy Box<\/strong> sp\u00e9ciale avec jeux et coloriages !<\/p>\n<p>Ne manquez pas l\u2019occasion de vivre un week-end inoubliable \u00e0 Milan. Lors de la r\u00e9servation, n\u2019oubliez pas de s\u00e9lectionner le forfait <strong>Leisure Escape<\/strong>.<\/p>\n","protected":false},"excerpt":{"rendered":"<p>D\u00e9couvrez les merveilles de Milan avec notre forfait exclusif Leisure Escape au voco Milan-Fiere. Cette offre est con\u00e7ue pour ceux qui souhaitent s\u2019offrir une escapade de fin de semaine plac\u00e9e sous le signe du confort et de la d\u00e9tente. Valable pour les s\u00e9jours avec arriv\u00e9e et d\u00e9part entre le jeudi et le dimanche. Avec le [&hellip;]<\/p>\n","protected":false},"author":652,"featured_media":1205,"parent":518,"menu_order":0,"comment_status":"closed","ping_status":"closed","template":"template-default-2.php","meta":{"footnotes":""},"class_list":["post-1437","page","type-page","status-publish","has-post-thumbnail","hentry"],"yoast_head":"<!-- This site is optimized with the Yoast SEO plugin v26.9 - https:\/\/yoast.com\/product\/yoast-seo-wordpress\/ -->\n<title>Forfait Leisure Escape - Voco Milan Fiere<\/title>\n<meta name=\"description\" content=\"Week-end \u00e0 Milan ? Cocktail de bienvenue, petit d\u00e9jeuner et parking gratuit avec le forfait Leisure Escape de voco Milan-Fiere. R\u00e9servez votre escapade !\" \/>\n<meta name=\"robots\" content=\"index, follow, max-snippet:-1, max-image-preview:large, max-video-preview:-1\" \/>\n<link rel=\"canonical\" href=\"https:\/\/www.milanfierehotel.com\/fr\/offres-et-formules\/pacchetto-leisure-escape\/\" \/>\n<meta property=\"og:locale\" content=\"fr_FR\" \/>\n<meta property=\"og:type\" content=\"article\" \/>\n<meta property=\"og:title\" content=\"Forfait Leisure Escape - Voco Milan Fiere\" \/>\n<meta property=\"og:description\" content=\"Week-end \u00e0 Milan ? Cocktail de bienvenue, petit d\u00e9jeuner et parking gratuit avec le forfait Leisure Escape de voco Milan-Fiere. R\u00e9servez votre escapade !\" \/>\n<meta property=\"og:url\" content=\"https:\/\/www.milanfierehotel.com\/fr\/offres-et-formules\/pacchetto-leisure-escape\/\" \/>\n<meta property=\"og:site_name\" content=\"Voco Milan Fiere\" \/>\n<meta property=\"article:modified_time\" content=\"2025-10-10T13:26:04+00:00\" \/>\n<meta property=\"og:image\" content=\"https:\/\/www.milanfierehotel.com\/wp-content\/uploads\/sites\/402\/2024\/01\/Pacchetto-Winter-Escape-voco-Milan-Fiere_2-scaled.jpg\" \/>\n\t<meta property=\"og:image:width\" content=\"2560\" \/>\n\t<meta property=\"og:image:height\" content=\"1440\" \/>\n\t<meta property=\"og:image:type\" content=\"image\/jpeg\" \/>\n<meta name=\"twitter:card\" content=\"summary_large_image\" \/>\n<meta name=\"twitter:label1\" content=\"Dur\u00e9e de lecture estim\u00e9e\" \/>\n\t<meta name=\"twitter:data1\" content=\"2 minutes\" \/>\n<script type=\"application\/ld+json\" class=\"yoast-schema-graph\">{\"@context\":\"https:\/\/schema.org\",\"@graph\":[{\"@type\":\"WebPage\",\"@id\":\"https:\/\/www.milanfierehotel.com\/fr\/offres-et-formules\/pacchetto-leisure-escape\/\",\"url\":\"https:\/\/www.milanfierehotel.com\/fr\/offres-et-formules\/pacchetto-leisure-escape\/\",\"name\":\"Forfait Leisure Escape - Voco Milan Fiere\",\"isPartOf\":{\"@id\":\"https:\/\/www.milanfierehotel.com\/fr\/#website\"},\"primaryImageOfPage\":{\"@id\":\"https:\/\/www.milanfierehotel.com\/fr\/offres-et-formules\/pacchetto-leisure-escape\/#primaryimage\"},\"image\":{\"@id\":\"https:\/\/www.milanfierehotel.com\/fr\/offres-et-formules\/pacchetto-leisure-escape\/#primaryimage\"},\"thumbnailUrl\":\"https:\/\/www.milanfierehotel.com\/wp-content\/uploads\/sites\/402\/2024\/01\/Pacchetto-Winter-Escape-voco-Milan-Fiere_2-scaled.jpg\",\"datePublished\":\"2025-06-03T07:45:21+00:00\",\"dateModified\":\"2025-10-10T13:26:04+00:00\",\"description\":\"Week-end \u00e0 Milan ? Cocktail de bienvenue, petit d\u00e9jeuner et parking gratuit avec le forfait Leisure Escape de voco Milan-Fiere. R\u00e9servez votre escapade !\",\"breadcrumb\":{\"@id\":\"https:\/\/www.milanfierehotel.com\/fr\/offres-et-formules\/pacchetto-leisure-escape\/#breadcrumb\"},\"inLanguage\":\"fr-FR\",\"potentialAction\":[{\"@type\":\"ReadAction\",\"target\":[\"https:\/\/www.milanfierehotel.com\/fr\/offres-et-formules\/pacchetto-leisure-escape\/\"]}]},{\"@type\":\"ImageObject\",\"inLanguage\":\"fr-FR\",\"@id\":\"https:\/\/www.milanfierehotel.com\/fr\/offres-et-formules\/pacchetto-leisure-escape\/#primaryimage\",\"url\":\"https:\/\/www.milanfierehotel.com\/wp-content\/uploads\/sites\/402\/2024\/01\/Pacchetto-Winter-Escape-voco-Milan-Fiere_2-scaled.jpg\",\"contentUrl\":\"https:\/\/www.milanfierehotel.com\/wp-content\/uploads\/sites\/402\/2024\/01\/Pacchetto-Winter-Escape-voco-Milan-Fiere_2-scaled.jpg\",\"width\":2560,\"height\":1440,\"caption\":\"Friends hugging eachother after shopping in Milan\"},{\"@type\":\"BreadcrumbList\",\"@id\":\"https:\/\/www.milanfierehotel.com\/fr\/offres-et-formules\/pacchetto-leisure-escape\/#breadcrumb\",\"itemListElement\":[{\"@type\":\"ListItem\",\"position\":1,\"name\":\"Home\",\"item\":\"https:\/\/www.milanfierehotel.com\/fr\/\"},{\"@type\":\"ListItem\",\"position\":2,\"name\":\"Offres &amp; Formules\",\"item\":\"https:\/\/www.milanfierehotel.com\/fr\/offres-et-formules\/\"},{\"@type\":\"ListItem\",\"position\":3,\"name\":\"Forfait Leisure Escape\"}]},{\"@type\":\"WebSite\",\"@id\":\"https:\/\/www.milanfierehotel.com\/fr\/#website\",\"url\":\"https:\/\/www.milanfierehotel.com\/fr\/\",\"name\":\"Voco Milan Fiere\",\"description\":\"Just another ms.decms.eu site\",\"publisher\":{\"@id\":\"https:\/\/www.milanfierehotel.com\/fr\/#organization\"},\"potentialAction\":[{\"@type\":\"SearchAction\",\"target\":{\"@type\":\"EntryPoint\",\"urlTemplate\":\"https:\/\/www.milanfierehotel.com\/fr\/?s={search_term_string}\"},\"query-input\":{\"@type\":\"PropertyValueSpecification\",\"valueRequired\":true,\"valueName\":\"search_term_string\"}}],\"inLanguage\":\"fr-FR\"},{\"@type\":\"Organization\",\"@id\":\"https:\/\/www.milanfierehotel.com\/fr\/#organization\",\"name\":\"Voco Milano Fiere\",\"url\":\"https:\/\/www.milanfierehotel.com\/fr\/\",\"logo\":{\"@type\":\"ImageObject\",\"inLanguage\":\"fr-FR\",\"@id\":\"https:\/\/www.milanfierehotel.com\/fr\/#\/schema\/logo\/image\/\",\"url\":\"https:\/\/www.milanfierehotel.com\/wp-content\/uploads\/sites\/402\/2022\/07\/02-Hotel-Reception-voco-Milan-Fiere.jpg\",\"contentUrl\":\"https:\/\/www.milanfierehotel.com\/wp-content\/uploads\/sites\/402\/2022\/07\/02-Hotel-Reception-voco-Milan-Fiere.jpg\",\"width\":2200,\"height\":1200,\"caption\":\"Voco Milano Fiere\"},\"image\":{\"@id\":\"https:\/\/www.milanfierehotel.com\/fr\/#\/schema\/logo\/image\/\"}}]}<\/script>\n<!-- \/ Yoast SEO plugin. -->","yoast_head_json":{"title":"Forfait Leisure Escape - Voco Milan Fiere","description":"Week-end \u00e0 Milan ? Cocktail de bienvenue, petit d\u00e9jeuner et parking gratuit avec le forfait Leisure Escape de voco Milan-Fiere. R\u00e9servez votre escapade !","robots":{"index":"index","follow":"follow","max-snippet":"max-snippet:-1","max-image-preview":"max-image-preview:large","max-video-preview":"max-video-preview:-1"},"canonical":"https:\/\/www.milanfierehotel.com\/fr\/offres-et-formules\/pacchetto-leisure-escape\/","og_locale":"fr_FR","og_type":"article","og_title":"Forfait Leisure Escape - Voco Milan Fiere","og_description":"Week-end \u00e0 Milan ? Cocktail de bienvenue, petit d\u00e9jeuner et parking gratuit avec le forfait Leisure Escape de voco Milan-Fiere. R\u00e9servez votre escapade !","og_url":"https:\/\/www.milanfierehotel.com\/fr\/offres-et-formules\/pacchetto-leisure-escape\/","og_site_name":"Voco Milan Fiere","article_modified_time":"2025-10-10T13:26:04+00:00","og_image":[{"width":2560,"height":1440,"url":"https:\/\/www.milanfierehotel.com\/wp-content\/uploads\/sites\/402\/2024\/01\/Pacchetto-Winter-Escape-voco-Milan-Fiere_2-scaled.jpg","type":"image\/jpeg"}],"twitter_card":"summary_large_image","twitter_misc":{"Dur\u00e9e de lecture estim\u00e9e":"2 minutes"},"schema":{"@context":"https:\/\/schema.org","@graph":[{"@type":"WebPage","@id":"https:\/\/www.milanfierehotel.com\/fr\/offres-et-formules\/pacchetto-leisure-escape\/","url":"https:\/\/www.milanfierehotel.com\/fr\/offres-et-formules\/pacchetto-leisure-escape\/","name":"Forfait Leisure Escape - Voco Milan Fiere","isPartOf":{"@id":"https:\/\/www.milanfierehotel.com\/fr\/#website"},"primaryImageOfPage":{"@id":"https:\/\/www.milanfierehotel.com\/fr\/offres-et-formules\/pacchetto-leisure-escape\/#primaryimage"},"image":{"@id":"https:\/\/www.milanfierehotel.com\/fr\/offres-et-formules\/pacchetto-leisure-escape\/#primaryimage"},"thumbnailUrl":"https:\/\/www.milanfierehotel.com\/wp-content\/uploads\/sites\/402\/2024\/01\/Pacchetto-Winter-Escape-voco-Milan-Fiere_2-scaled.jpg","datePublished":"2025-06-03T07:45:21+00:00","dateModified":"2025-10-10T13:26:04+00:00","description":"Week-end \u00e0 Milan ? Cocktail de bienvenue, petit d\u00e9jeuner et parking gratuit avec le forfait Leisure Escape de voco Milan-Fiere. R\u00e9servez votre escapade !","breadcrumb":{"@id":"https:\/\/www.milanfierehotel.com\/fr\/offres-et-formules\/pacchetto-leisure-escape\/#breadcrumb"},"inLanguage":"fr-FR","potentialAction":[{"@type":"ReadAction","target":["https:\/\/www.milanfierehotel.com\/fr\/offres-et-formules\/pacchetto-leisure-escape\/"]}]},{"@type":"ImageObject","inLanguage":"fr-FR","@id":"https:\/\/www.milanfierehotel.com\/fr\/offres-et-formules\/pacchetto-leisure-escape\/#primaryimage","url":"https:\/\/www.milanfierehotel.com\/wp-content\/uploads\/sites\/402\/2024\/01\/Pacchetto-Winter-Escape-voco-Milan-Fiere_2-scaled.jpg","contentUrl":"https:\/\/www.milanfierehotel.com\/wp-content\/uploads\/sites\/402\/2024\/01\/Pacchetto-Winter-Escape-voco-Milan-Fiere_2-scaled.jpg","width":2560,"height":1440,"caption":"Friends hugging eachother after shopping in Milan"},{"@type":"BreadcrumbList","@id":"https:\/\/www.milanfierehotel.com\/fr\/offres-et-formules\/pacchetto-leisure-escape\/#breadcrumb","itemListElement":[{"@type":"ListItem","position":1,"name":"Home","item":"https:\/\/www.milanfierehotel.com\/fr\/"},{"@type":"ListItem","position":2,"name":"Offres &amp; Formules","item":"https:\/\/www.milanfierehotel.com\/fr\/offres-et-formules\/"},{"@type":"ListItem","position":3,"name":"Forfait Leisure Escape"}]},{"@type":"WebSite","@id":"https:\/\/www.milanfierehotel.com\/fr\/#website","url":"https:\/\/www.milanfierehotel.com\/fr\/","name":"Voco Milan Fiere","description":"Just another ms.decms.eu site","publisher":{"@id":"https:\/\/www.milanfierehotel.com\/fr\/#organization"},"potentialAction":[{"@type":"SearchAction","target":{"@type":"EntryPoint","urlTemplate":"https:\/\/www.milanfierehotel.com\/fr\/?s={search_term_string}"},"query-input":{"@type":"PropertyValueSpecification","valueRequired":true,"valueName":"search_term_string"}}],"inLanguage":"fr-FR"},{"@type":"Organization","@id":"https:\/\/www.milanfierehotel.com\/fr\/#organization","name":"Voco Milano Fiere","url":"https:\/\/www.milanfierehotel.com\/fr\/","logo":{"@type":"ImageObject","inLanguage":"fr-FR","@id":"https:\/\/www.milanfierehotel.com\/fr\/#\/schema\/logo\/image\/","url":"https:\/\/www.milanfierehotel.com\/wp-content\/uploads\/sites\/402\/2022\/07\/02-Hotel-Reception-voco-Milan-Fiere.jpg","contentUrl":"https:\/\/www.milanfierehotel.com\/wp-content\/uploads\/sites\/402\/2022\/07\/02-Hotel-Reception-voco-Milan-Fiere.jpg","width":2200,"height":1200,"caption":"Voco Milano Fiere"},"image":{"@id":"https:\/\/www.milanfierehotel.com\/fr\/#\/schema\/logo\/image\/"}}]}},"acf":[],"_links":{"self":[{"href":"https:\/\/www.milanfierehotel.com\/fr\/wp-json\/wp\/v2\/pages\/1437","targetHints":{"allow":["GET"]}}],"collection":[{"href":"https:\/\/www.milanfierehotel.com\/fr\/wp-json\/wp\/v2\/pages"}],"about":[{"href":"https:\/\/www.milanfierehotel.com\/fr\/wp-json\/wp\/v2\/types\/page"}],"author":[{"embeddable":true,"href":"https:\/\/www.milanfierehotel.com\/fr\/wp-json\/wp\/v2\/users\/652"}],"replies":[{"embeddable":true,"href":"https:\/\/www.milanfierehotel.com\/fr\/wp-json\/wp\/v2\/comments?post=1437"}],"version-history":[{"count":0,"href":"https:\/\/www.milanfierehotel.com\/fr\/wp-json\/wp\/v2\/pages\/1437\/revisions"}],"up":[{"embeddable":true,"href":"https:\/\/www.milanfierehotel.com\/fr\/wp-json\/wp\/v2\/pages\/518"}],"wp:featuredmedia":[{"embeddable":true,"href":"https:\/\/www.milanfierehotel.com\/fr\/wp-json\/wp\/v2\/media\/1205"}],"wp:attachment":[{"href":"https:\/\/www.milanfierehotel.com\/fr\/wp-json\/wp\/v2\/media?parent=1437"}],"curies":[{"name":"wp","href":"https:\/\/api.w.org\/{rel}","templated":true}]}}