{"id":1550,"date":"2026-05-11T13:03:24","date_gmt":"2026-05-11T13:03:24","guid":{"rendered":"https:\/\/www.milanfierehotel.com\/?page_id=1550"},"modified":"2026-05-11T13:03:24","modified_gmt":"2026-05-11T13:03:24","slug":"formule-sport-and-music-in-milan","status":"publish","type":"page","link":"https:\/\/www.milanfierehotel.com\/fr\/offres-et-formules\/formule-sport-and-music-in-milan\/","title":{"rendered":"Formule Sport and Music in Milan"},"content":{"rendered":"<h4 data-start=\"29\" data-end=\"84\">Un \u00e9v\u00e9nement incontournable \u00e0 Milan ? Commencez ici.<\/h4>\n<p data-start=\"86\" data-end=\"200\">Bad Bunny, Tiziano Ferro, The Weeknd.<br data-start=\"123\" data-end=\"126\" \/>Le Grand Prix d\u2019Italie de Formule 1.<br data-start=\"162\" data-end=\"165\" \/>Le retour de la Serie A \u00e0 San Siro.<\/p>\n<p data-start=\"202\" data-end=\"335\">Quel que soit l\u2019\u00e9v\u00e9nement qui vous am\u00e8ne \u00e0 Milan, rendez votre exp\u00e9rience encore plus sp\u00e9ciale en choisissant le bon point de d\u00e9part.<\/p>\n<p data-start=\"337\" data-end=\"539\"><strong data-start=\"337\" data-end=\"358\">voco\u00ae Milan-Fiere<\/strong> est<strong> l\u2019adresse id\u00e9ale<\/strong> pour profiter de Milan sans stress, gr\u00e2ce \u00e0 son emplacement strat\u00e9gique \u00e0<strong> quelques minutes de<\/strong> la sortie d\u2019autoroute, du <strong>stade San Siro<\/strong> et des <strong>hippodromes SNAI.<\/strong><\/p>\n<p data-start=\"541\" data-end=\"659\">Avec l\u2019offre <strong data-start=\"554\" data-end=\"580\">Sport &amp; Music in Milan<\/strong>, votre s\u00e9jour devient simple, confortable et pens\u00e9 dans les moindres d\u00e9tails :<\/p>\n<ul data-start=\"661\" data-end=\"999\">\n<li data-start=\"661\" data-end=\"748\"><strong data-start=\"663\" data-end=\"688\">Petit-d\u00e9jeuner inclus<\/strong> pour commencer la journ\u00e9e avec toute l\u2019\u00e9nergie n\u00e9cessaire<\/li>\n<li data-start=\"749\" data-end=\"824\"><strong data-start=\"751\" data-end=\"780\">Welcome drink \u00e0 l\u2019arriv\u00e9e<\/strong> pour entrer imm\u00e9diatement dans l\u2019ambiance<\/li>\n<li data-start=\"825\" data-end=\"878\"><strong data-start=\"827\" data-end=\"846\">Parking gratuit<\/strong> : plus de libert\u00e9, z\u00e9ro souci<\/li>\n<li data-start=\"879\" data-end=\"999\"><strong>Navette depuis\/vers la station de m\u00e9tro Molino Dorino<\/strong> pour rejoindre facilement le centre-ville et les principaux lieux d\u2019\u00e9v\u00e9nements<\/li>\n<\/ul>\n<h4>Les plus grands \u00e9v\u00e9nements de Milan vous attendent !<\/h4>\n<p>Offrez-vous le s\u00e9jour parfait pour vivre pleinement l\u2019exp\u00e9rience.<\/p>\n","protected":false},"excerpt":{"rendered":"<p>Un \u00e9v\u00e9nement incontournable \u00e0 Milan ? Commencez ici. Bad Bunny, Tiziano Ferro, The Weeknd.Le Grand Prix d\u2019Italie de Formule 1.Le retour de la Serie A \u00e0 San Siro. Quel que soit l\u2019\u00e9v\u00e9nement qui vous am\u00e8ne \u00e0 Milan, rendez votre exp\u00e9rience encore plus sp\u00e9ciale en choisissant le bon point de d\u00e9part. voco\u00ae Milan-Fiere est l\u2019adresse id\u00e9ale [&hellip;]<\/p>\n","protected":false},"author":499,"featured_media":1546,"parent":518,"menu_order":0,"comment_status":"closed","ping_status":"closed","template":"template-default-2.php","meta":{"footnotes":""},"class_list":["post-1550","page","type-page","status-publish","has-post-thumbnail","hentry"],"yoast_head":"<!-- This site is optimized with the Yoast SEO plugin v26.9 - https:\/\/yoast.com\/product\/yoast-seo-wordpress\/ -->\n<title>Formule Sport and Music in Milan | H\u00f4tel voco\u00ae Milan-Fiere<\/title>\n<meta name=\"description\" content=\"Vivez les plus grands \u00e9v\u00e9nements de Milan avec voco\u00ae Milan-Fiere : petit-d\u00e9jeuner, welcome drink, parking et navette inclus.\" \/>\n<meta name=\"robots\" content=\"index, follow, max-snippet:-1, max-image-preview:large, max-video-preview:-1\" \/>\n<link rel=\"canonical\" href=\"https:\/\/www.milanfierehotel.com\/fr\/offres-et-formules\/formule-sport-and-music-in-milan\/\" \/>\n<meta property=\"og:locale\" content=\"fr_FR\" \/>\n<meta property=\"og:type\" content=\"article\" \/>\n<meta property=\"og:title\" content=\"Formule Sport and Music in Milan | H\u00f4tel voco\u00ae Milan-Fiere\" \/>\n<meta property=\"og:description\" content=\"Vivez les plus grands \u00e9v\u00e9nements de Milan avec voco\u00ae Milan-Fiere : petit-d\u00e9jeuner, welcome drink, parking et navette inclus.\" \/>\n<meta property=\"og:url\" content=\"https:\/\/www.milanfierehotel.com\/fr\/offres-et-formules\/formule-sport-and-music-in-milan\/\" \/>\n<meta property=\"og:site_name\" content=\"Voco Milan Fiere\" \/>\n<meta property=\"og:image\" content=\"https:\/\/www.milanfierehotel.com\/wp-content\/uploads\/sites\/402\/2026\/05\/Progetto-senza-titolo.png\" \/>\n\t<meta property=\"og:image:width\" content=\"1366\" \/>\n\t<meta property=\"og:image:height\" content=\"768\" \/>\n\t<meta property=\"og:image:type\" content=\"image\/png\" \/>\n<meta name=\"twitter:card\" content=\"summary_large_image\" \/>\n<meta name=\"twitter:label1\" content=\"Dur\u00e9e de lecture estim\u00e9e\" \/>\n\t<meta name=\"twitter:data1\" content=\"2 minutes\" \/>\n<script type=\"application\/ld+json\" class=\"yoast-schema-graph\">{\"@context\":\"https:\/\/schema.org\",\"@graph\":[{\"@type\":\"WebPage\",\"@id\":\"https:\/\/www.milanfierehotel.com\/fr\/offres-et-formules\/formule-sport-and-music-in-milan\/\",\"url\":\"https:\/\/www.milanfierehotel.com\/fr\/offres-et-formules\/formule-sport-and-music-in-milan\/\",\"name\":\"Formule Sport and Music in Milan | H\u00f4tel voco\u00ae Milan-Fiere\",\"isPartOf\":{\"@id\":\"https:\/\/www.milanfierehotel.com\/fr\/#website\"},\"primaryImageOfPage\":{\"@id\":\"https:\/\/www.milanfierehotel.com\/fr\/offres-et-formules\/formule-sport-and-music-in-milan\/#primaryimage\"},\"image\":{\"@id\":\"https:\/\/www.milanfierehotel.com\/fr\/offres-et-formules\/formule-sport-and-music-in-milan\/#primaryimage\"},\"thumbnailUrl\":\"https:\/\/www.milanfierehotel.com\/wp-content\/uploads\/sites\/402\/2026\/05\/Progetto-senza-titolo.png\",\"datePublished\":\"2026-05-11T13:03:24+00:00\",\"description\":\"Vivez les plus grands \u00e9v\u00e9nements de Milan avec voco\u00ae Milan-Fiere : petit-d\u00e9jeuner, welcome drink, parking et navette inclus.\",\"breadcrumb\":{\"@id\":\"https:\/\/www.milanfierehotel.com\/fr\/offres-et-formules\/formule-sport-and-music-in-milan\/#breadcrumb\"},\"inLanguage\":\"fr-FR\",\"potentialAction\":[{\"@type\":\"ReadAction\",\"target\":[\"https:\/\/www.milanfierehotel.com\/fr\/offres-et-formules\/formule-sport-and-music-in-milan\/\"]}]},{\"@type\":\"ImageObject\",\"inLanguage\":\"fr-FR\",\"@id\":\"https:\/\/www.milanfierehotel.com\/fr\/offres-et-formules\/formule-sport-and-music-in-milan\/#primaryimage\",\"url\":\"https:\/\/www.milanfierehotel.com\/wp-content\/uploads\/sites\/402\/2026\/05\/Progetto-senza-titolo.png\",\"contentUrl\":\"https:\/\/www.milanfierehotel.com\/wp-content\/uploads\/sites\/402\/2026\/05\/Progetto-senza-titolo.png\",\"width\":1366,\"height\":768,\"caption\":\"Persone ad un concerto\"},{\"@type\":\"BreadcrumbList\",\"@id\":\"https:\/\/www.milanfierehotel.com\/fr\/offres-et-formules\/formule-sport-and-music-in-milan\/#breadcrumb\",\"itemListElement\":[{\"@type\":\"ListItem\",\"position\":1,\"name\":\"Home\",\"item\":\"https:\/\/www.milanfierehotel.com\/fr\/\"},{\"@type\":\"ListItem\",\"position\":2,\"name\":\"Offres &amp; Formules\",\"item\":\"https:\/\/www.milanfierehotel.com\/fr\/offres-et-formules\/\"},{\"@type\":\"ListItem\",\"position\":3,\"name\":\"Formule Sport and Music in Milan\"}]},{\"@type\":\"WebSite\",\"@id\":\"https:\/\/www.milanfierehotel.com\/fr\/#website\",\"url\":\"https:\/\/www.milanfierehotel.com\/fr\/\",\"name\":\"Voco Milan Fiere\",\"description\":\"Just another ms.decms.eu site\",\"publisher\":{\"@id\":\"https:\/\/www.milanfierehotel.com\/fr\/#organization\"},\"potentialAction\":[{\"@type\":\"SearchAction\",\"target\":{\"@type\":\"EntryPoint\",\"urlTemplate\":\"https:\/\/www.milanfierehotel.com\/fr\/?s={search_term_string}\"},\"query-input\":{\"@type\":\"PropertyValueSpecification\",\"valueRequired\":true,\"valueName\":\"search_term_string\"}}],\"inLanguage\":\"fr-FR\"},{\"@type\":\"Organization\",\"@id\":\"https:\/\/www.milanfierehotel.com\/fr\/#organization\",\"name\":\"Voco Milano Fiere\",\"url\":\"https:\/\/www.milanfierehotel.com\/fr\/\",\"logo\":{\"@type\":\"ImageObject\",\"inLanguage\":\"fr-FR\",\"@id\":\"https:\/\/www.milanfierehotel.com\/fr\/#\/schema\/logo\/image\/\",\"url\":\"https:\/\/www.milanfierehotel.com\/wp-content\/uploads\/sites\/402\/2022\/07\/02-Hotel-Reception-voco-Milan-Fiere.jpg\",\"contentUrl\":\"https:\/\/www.milanfierehotel.com\/wp-content\/uploads\/sites\/402\/2022\/07\/02-Hotel-Reception-voco-Milan-Fiere.jpg\",\"width\":2200,\"height\":1200,\"caption\":\"Voco Milano Fiere\"},\"image\":{\"@id\":\"https:\/\/www.milanfierehotel.com\/fr\/#\/schema\/logo\/image\/\"}}]}<\/script>\n<!-- \/ Yoast SEO plugin. -->","yoast_head_json":{"title":"Formule Sport and Music in Milan | H\u00f4tel voco\u00ae Milan-Fiere","description":"Vivez les plus grands \u00e9v\u00e9nements de Milan avec voco\u00ae Milan-Fiere : petit-d\u00e9jeuner, welcome drink, parking et navette inclus.","robots":{"index":"index","follow":"follow","max-snippet":"max-snippet:-1","max-image-preview":"max-image-preview:large","max-video-preview":"max-video-preview:-1"},"canonical":"https:\/\/www.milanfierehotel.com\/fr\/offres-et-formules\/formule-sport-and-music-in-milan\/","og_locale":"fr_FR","og_type":"article","og_title":"Formule Sport and Music in Milan | H\u00f4tel voco\u00ae Milan-Fiere","og_description":"Vivez les plus grands \u00e9v\u00e9nements de Milan avec voco\u00ae Milan-Fiere : petit-d\u00e9jeuner, welcome drink, parking et navette inclus.","og_url":"https:\/\/www.milanfierehotel.com\/fr\/offres-et-formules\/formule-sport-and-music-in-milan\/","og_site_name":"Voco Milan Fiere","og_image":[{"width":1366,"height":768,"url":"https:\/\/www.milanfierehotel.com\/wp-content\/uploads\/sites\/402\/2026\/05\/Progetto-senza-titolo.png","type":"image\/png"}],"twitter_card":"summary_large_image","twitter_misc":{"Dur\u00e9e de lecture estim\u00e9e":"2 minutes"},"schema":{"@context":"https:\/\/schema.org","@graph":[{"@type":"WebPage","@id":"https:\/\/www.milanfierehotel.com\/fr\/offres-et-formules\/formule-sport-and-music-in-milan\/","url":"https:\/\/www.milanfierehotel.com\/fr\/offres-et-formules\/formule-sport-and-music-in-milan\/","name":"Formule Sport and Music in Milan | H\u00f4tel voco\u00ae Milan-Fiere","isPartOf":{"@id":"https:\/\/www.milanfierehotel.com\/fr\/#website"},"primaryImageOfPage":{"@id":"https:\/\/www.milanfierehotel.com\/fr\/offres-et-formules\/formule-sport-and-music-in-milan\/#primaryimage"},"image":{"@id":"https:\/\/www.milanfierehotel.com\/fr\/offres-et-formules\/formule-sport-and-music-in-milan\/#primaryimage"},"thumbnailUrl":"https:\/\/www.milanfierehotel.com\/wp-content\/uploads\/sites\/402\/2026\/05\/Progetto-senza-titolo.png","datePublished":"2026-05-11T13:03:24+00:00","description":"Vivez les plus grands \u00e9v\u00e9nements de Milan avec voco\u00ae Milan-Fiere : petit-d\u00e9jeuner, welcome drink, parking et navette inclus.","breadcrumb":{"@id":"https:\/\/www.milanfierehotel.com\/fr\/offres-et-formules\/formule-sport-and-music-in-milan\/#breadcrumb"},"inLanguage":"fr-FR","potentialAction":[{"@type":"ReadAction","target":["https:\/\/www.milanfierehotel.com\/fr\/offres-et-formules\/formule-sport-and-music-in-milan\/"]}]},{"@type":"ImageObject","inLanguage":"fr-FR","@id":"https:\/\/www.milanfierehotel.com\/fr\/offres-et-formules\/formule-sport-and-music-in-milan\/#primaryimage","url":"https:\/\/www.milanfierehotel.com\/wp-content\/uploads\/sites\/402\/2026\/05\/Progetto-senza-titolo.png","contentUrl":"https:\/\/www.milanfierehotel.com\/wp-content\/uploads\/sites\/402\/2026\/05\/Progetto-senza-titolo.png","width":1366,"height":768,"caption":"Persone ad un concerto"},{"@type":"BreadcrumbList","@id":"https:\/\/www.milanfierehotel.com\/fr\/offres-et-formules\/formule-sport-and-music-in-milan\/#breadcrumb","itemListElement":[{"@type":"ListItem","position":1,"name":"Home","item":"https:\/\/www.milanfierehotel.com\/fr\/"},{"@type":"ListItem","position":2,"name":"Offres &amp; Formules","item":"https:\/\/www.milanfierehotel.com\/fr\/offres-et-formules\/"},{"@type":"ListItem","position":3,"name":"Formule Sport and Music in Milan"}]},{"@type":"WebSite","@id":"https:\/\/www.milanfierehotel.com\/fr\/#website","url":"https:\/\/www.milanfierehotel.com\/fr\/","name":"Voco Milan Fiere","description":"Just another ms.decms.eu site","publisher":{"@id":"https:\/\/www.milanfierehotel.com\/fr\/#organization"},"potentialAction":[{"@type":"SearchAction","target":{"@type":"EntryPoint","urlTemplate":"https:\/\/www.milanfierehotel.com\/fr\/?s={search_term_string}"},"query-input":{"@type":"PropertyValueSpecification","valueRequired":true,"valueName":"search_term_string"}}],"inLanguage":"fr-FR"},{"@type":"Organization","@id":"https:\/\/www.milanfierehotel.com\/fr\/#organization","name":"Voco Milano Fiere","url":"https:\/\/www.milanfierehotel.com\/fr\/","logo":{"@type":"ImageObject","inLanguage":"fr-FR","@id":"https:\/\/www.milanfierehotel.com\/fr\/#\/schema\/logo\/image\/","url":"https:\/\/www.milanfierehotel.com\/wp-content\/uploads\/sites\/402\/2022\/07\/02-Hotel-Reception-voco-Milan-Fiere.jpg","contentUrl":"https:\/\/www.milanfierehotel.com\/wp-content\/uploads\/sites\/402\/2022\/07\/02-Hotel-Reception-voco-Milan-Fiere.jpg","width":2200,"height":1200,"caption":"Voco Milano Fiere"},"image":{"@id":"https:\/\/www.milanfierehotel.com\/fr\/#\/schema\/logo\/image\/"}}]}},"acf":[],"_links":{"self":[{"href":"https:\/\/www.milanfierehotel.com\/fr\/wp-json\/wp\/v2\/pages\/1550","targetHints":{"allow":["GET"]}}],"collection":[{"href":"https:\/\/www.milanfierehotel.com\/fr\/wp-json\/wp\/v2\/pages"}],"about":[{"href":"https:\/\/www.milanfierehotel.com\/fr\/wp-json\/wp\/v2\/types\/page"}],"author":[{"embeddable":true,"href":"https:\/\/www.milanfierehotel.com\/fr\/wp-json\/wp\/v2\/users\/499"}],"replies":[{"embeddable":true,"href":"https:\/\/www.milanfierehotel.com\/fr\/wp-json\/wp\/v2\/comments?post=1550"}],"version-history":[{"count":0,"href":"https:\/\/www.milanfierehotel.com\/fr\/wp-json\/wp\/v2\/pages\/1550\/revisions"}],"up":[{"embeddable":true,"href":"https:\/\/www.milanfierehotel.com\/fr\/wp-json\/wp\/v2\/pages\/518"}],"wp:featuredmedia":[{"embeddable":true,"href":"https:\/\/www.milanfierehotel.com\/fr\/wp-json\/wp\/v2\/media\/1546"}],"wp:attachment":[{"href":"https:\/\/www.milanfierehotel.com\/fr\/wp-json\/wp\/v2\/media?parent=1550"}],"curies":[{"name":"wp","href":"https:\/\/api.w.org\/{rel}","templated":true}]}}