{"id":453,"date":"2022-07-27T10:32:26","date_gmt":"2022-07-27T10:32:26","guid":{"rendered":"https:\/\/vocomilanfieredefinitive.ms.decms.eu\/pacchetto-work-hard-and-relax\/"},"modified":"2022-12-02T16:07:49","modified_gmt":"2022-12-02T16:07:49","slug":"formule-work-hard-and-relax","status":"publish","type":"page","link":"https:\/\/www.milanfierehotel.com\/fr\/offres-et-formules\/formule-work-hard-and-relax\/","title":{"rendered":"Formule Work Hard and Relax"},"content":{"rendered":"<p><span style=\"font-weight: 400;\">Con\u00e7u pour notre <\/span><b>client\u00e8le d&rsquo;affaires<\/b><span style=\"font-weight: 400;\">, notamment pour les voyageurs en milieu de semaine, la formule <\/span><i><span style=\"font-weight: 400;\">Work Hard and Relax<\/span><\/i><span style=\"font-weight: 400;\"> du voco\u00ae Milan-Fiere met \u00e0 votre disposition une ample gamme de services : une proposition unique pour conjuguer d\u00e9tente et s\u00e9jour d&rsquo;affaires.<\/span><\/p>\n<p><span style=\"font-weight: 400;\">L&rsquo;offre comprend un riche <\/span><b>petit-d\u00e9jeuner buffet<\/b><span style=\"font-weight: 400;\"> et vous garantit une <\/span><b>place de parking gratuite<\/b><span style=\"font-weight: 400;\"> dans notre garage de 263 places, ainsi que de nombreux autres avantages comme <\/span><b>deux heures<\/b><span style=\"font-weight: 400;\"> d&rsquo;acc\u00e8s gratuit \u00e0 notre <\/span><b>espace Bien-\u00eatre<\/b><span style=\"font-weight: 400;\">, un acc\u00e8s illimit\u00e9 \u00e0 l&rsquo;<\/span><b>espace gaming<\/b><span style=\"font-weight: 400;\"> et \u00e0 notre <\/span><b>salle de fitness<\/b><span style=\"font-weight: 400;\">. Vous b\u00e9n\u00e9ficiez \u00e9galement de conditions d\u2019<\/span><b>annulation sans frais<\/b><span style=\"font-weight: 400;\"> jusqu&rsquo;\u00e0 18 heures la veille de votre arriv\u00e9e, et aucun acompte ne vous sera demand\u00e9 au moment de la r\u00e9servation.\u00a0<\/span><\/p>\n<p><span style=\"font-weight: 400;\">R\u00e9servez d\u00e8s maintenant votre s\u00e9jour au voco\u00ae Milan-Fiere avec la formule <\/span><i><span style=\"font-weight: 400;\">Work Hard and Relax<\/span><\/i><span style=\"font-weight: 400;\">, choisissez un ou plusieurs jours de la semaine entre dimanche et jeudi (inclus), s\u00e9lectionnez l&rsquo;une de nos chambres standard et laissez-vous s\u00e9duire par le <\/span><b>style unique voco\u00ae<\/b><span style=\"font-weight: 400;\">.<\/span><\/p>\n","protected":false},"excerpt":{"rendered":"<p>Con\u00e7u pour notre client\u00e8le d&rsquo;affaires, notamment pour les voyageurs en milieu de semaine, la formule Work Hard and Relax du voco\u00ae Milan-Fiere met \u00e0 votre disposition une ample gamme de services : une proposition unique pour conjuguer d\u00e9tente et s\u00e9jour d&rsquo;affaires. L&rsquo;offre comprend un riche petit-d\u00e9jeuner buffet et vous garantit une place de parking gratuite [&hellip;]<\/p>\n","protected":false},"author":6,"featured_media":0,"parent":518,"menu_order":81,"comment_status":"closed","ping_status":"closed","template":"template-default-2.php","meta":{"footnotes":""},"class_list":["post-453","page","type-page","status-publish","hentry"],"yoast_head":"<!-- This site is optimized with the Yoast SEO plugin v26.9 - https:\/\/yoast.com\/product\/yoast-seo-wordpress\/ -->\n<title>Formule Work Hard &amp; Relax | H\u00f4tel voco\u00ae Milan-Fiere<\/title>\n<meta name=\"description\" content=\"Vous voyagez pour affaires ? Faites-vous plaisir avec la formule Work Hard &amp; Relax : petit-d\u00e9jeuner buffet, parking gratuit et espace Bien-\u00eatre. D\u00e9couvrez l&#039;offre de l&#039;h\u00f4tel 4 \u00e9toiles voco\u00ae Milan-Fiere !\" \/>\n<meta name=\"robots\" content=\"index, follow, max-snippet:-1, max-image-preview:large, max-video-preview:-1\" \/>\n<link rel=\"canonical\" href=\"https:\/\/www.milanfierehotel.com\/fr\/offres-et-formules\/formule-work-hard-and-relax\/\" \/>\n<meta property=\"og:locale\" content=\"fr_FR\" \/>\n<meta property=\"og:type\" content=\"article\" \/>\n<meta property=\"og:title\" content=\"Formule Work Hard &amp; Relax | H\u00f4tel voco\u00ae Milan-Fiere\" \/>\n<meta property=\"og:description\" content=\"Vous voyagez pour affaires ? Faites-vous plaisir avec la formule Work Hard &amp; Relax : petit-d\u00e9jeuner buffet, parking gratuit et espace Bien-\u00eatre. D\u00e9couvrez l&#039;offre de l&#039;h\u00f4tel 4 \u00e9toiles voco\u00ae Milan-Fiere !\" \/>\n<meta property=\"og:url\" content=\"https:\/\/www.milanfierehotel.com\/fr\/offres-et-formules\/formule-work-hard-and-relax\/\" \/>\n<meta property=\"og:site_name\" content=\"Voco Milan Fiere\" \/>\n<meta property=\"article:modified_time\" content=\"2022-12-02T16:07:49+00:00\" \/>\n<meta name=\"twitter:card\" content=\"summary_large_image\" \/>\n<meta name=\"twitter:label1\" content=\"Dur\u00e9e de lecture estim\u00e9e\" \/>\n\t<meta name=\"twitter:data1\" content=\"1 minute\" \/>\n<script type=\"application\/ld+json\" class=\"yoast-schema-graph\">{\"@context\":\"https:\/\/schema.org\",\"@graph\":[{\"@type\":\"WebPage\",\"@id\":\"https:\/\/www.milanfierehotel.com\/fr\/offres-et-formules\/formule-work-hard-and-relax\/\",\"url\":\"https:\/\/www.milanfierehotel.com\/fr\/offres-et-formules\/formule-work-hard-and-relax\/\",\"name\":\"Formule Work Hard & Relax | H\u00f4tel voco\u00ae Milan-Fiere\",\"isPartOf\":{\"@id\":\"https:\/\/www.milanfierehotel.com\/fr\/#website\"},\"datePublished\":\"2022-07-27T10:32:26+00:00\",\"dateModified\":\"2022-12-02T16:07:49+00:00\",\"description\":\"Vous voyagez pour affaires ? Faites-vous plaisir avec la formule Work Hard & Relax : petit-d\u00e9jeuner buffet, parking gratuit et espace Bien-\u00eatre. D\u00e9couvrez l'offre de l'h\u00f4tel 4 \u00e9toiles voco\u00ae Milan-Fiere !\",\"breadcrumb\":{\"@id\":\"https:\/\/www.milanfierehotel.com\/fr\/offres-et-formules\/formule-work-hard-and-relax\/#breadcrumb\"},\"inLanguage\":\"fr-FR\",\"potentialAction\":[{\"@type\":\"ReadAction\",\"target\":[\"https:\/\/www.milanfierehotel.com\/fr\/offres-et-formules\/formule-work-hard-and-relax\/\"]}]},{\"@type\":\"BreadcrumbList\",\"@id\":\"https:\/\/www.milanfierehotel.com\/fr\/offres-et-formules\/formule-work-hard-and-relax\/#breadcrumb\",\"itemListElement\":[{\"@type\":\"ListItem\",\"position\":1,\"name\":\"Home\",\"item\":\"https:\/\/www.milanfierehotel.com\/fr\/\"},{\"@type\":\"ListItem\",\"position\":2,\"name\":\"Offres &amp; Formules\",\"item\":\"https:\/\/www.milanfierehotel.com\/fr\/offres-et-formules\/\"},{\"@type\":\"ListItem\",\"position\":3,\"name\":\"Formule Work Hard and Relax\"}]},{\"@type\":\"WebSite\",\"@id\":\"https:\/\/www.milanfierehotel.com\/fr\/#website\",\"url\":\"https:\/\/www.milanfierehotel.com\/fr\/\",\"name\":\"Voco Milan Fiere\",\"description\":\"Just another ms.decms.eu site\",\"publisher\":{\"@id\":\"https:\/\/www.milanfierehotel.com\/fr\/#organization\"},\"potentialAction\":[{\"@type\":\"SearchAction\",\"target\":{\"@type\":\"EntryPoint\",\"urlTemplate\":\"https:\/\/www.milanfierehotel.com\/fr\/?s={search_term_string}\"},\"query-input\":{\"@type\":\"PropertyValueSpecification\",\"valueRequired\":true,\"valueName\":\"search_term_string\"}}],\"inLanguage\":\"fr-FR\"},{\"@type\":\"Organization\",\"@id\":\"https:\/\/www.milanfierehotel.com\/fr\/#organization\",\"name\":\"Voco Milano Fiere\",\"url\":\"https:\/\/www.milanfierehotel.com\/fr\/\",\"logo\":{\"@type\":\"ImageObject\",\"inLanguage\":\"fr-FR\",\"@id\":\"https:\/\/www.milanfierehotel.com\/fr\/#\/schema\/logo\/image\/\",\"url\":\"https:\/\/www.milanfierehotel.com\/wp-content\/uploads\/sites\/402\/2022\/07\/02-Hotel-Reception-voco-Milan-Fiere.jpg\",\"contentUrl\":\"https:\/\/www.milanfierehotel.com\/wp-content\/uploads\/sites\/402\/2022\/07\/02-Hotel-Reception-voco-Milan-Fiere.jpg\",\"width\":2200,\"height\":1200,\"caption\":\"Voco Milano Fiere\"},\"image\":{\"@id\":\"https:\/\/www.milanfierehotel.com\/fr\/#\/schema\/logo\/image\/\"}}]}<\/script>\n<!-- \/ Yoast SEO plugin. -->","yoast_head_json":{"title":"Formule Work Hard & Relax | H\u00f4tel voco\u00ae Milan-Fiere","description":"Vous voyagez pour affaires ? Faites-vous plaisir avec la formule Work Hard & Relax : petit-d\u00e9jeuner buffet, parking gratuit et espace Bien-\u00eatre. D\u00e9couvrez l'offre de l'h\u00f4tel 4 \u00e9toiles voco\u00ae Milan-Fiere !","robots":{"index":"index","follow":"follow","max-snippet":"max-snippet:-1","max-image-preview":"max-image-preview:large","max-video-preview":"max-video-preview:-1"},"canonical":"https:\/\/www.milanfierehotel.com\/fr\/offres-et-formules\/formule-work-hard-and-relax\/","og_locale":"fr_FR","og_type":"article","og_title":"Formule Work Hard & Relax | H\u00f4tel voco\u00ae Milan-Fiere","og_description":"Vous voyagez pour affaires ? Faites-vous plaisir avec la formule Work Hard & Relax : petit-d\u00e9jeuner buffet, parking gratuit et espace Bien-\u00eatre. D\u00e9couvrez l'offre de l'h\u00f4tel 4 \u00e9toiles voco\u00ae Milan-Fiere !","og_url":"https:\/\/www.milanfierehotel.com\/fr\/offres-et-formules\/formule-work-hard-and-relax\/","og_site_name":"Voco Milan Fiere","article_modified_time":"2022-12-02T16:07:49+00:00","twitter_card":"summary_large_image","twitter_misc":{"Dur\u00e9e de lecture estim\u00e9e":"1 minute"},"schema":{"@context":"https:\/\/schema.org","@graph":[{"@type":"WebPage","@id":"https:\/\/www.milanfierehotel.com\/fr\/offres-et-formules\/formule-work-hard-and-relax\/","url":"https:\/\/www.milanfierehotel.com\/fr\/offres-et-formules\/formule-work-hard-and-relax\/","name":"Formule Work Hard & Relax | H\u00f4tel voco\u00ae Milan-Fiere","isPartOf":{"@id":"https:\/\/www.milanfierehotel.com\/fr\/#website"},"datePublished":"2022-07-27T10:32:26+00:00","dateModified":"2022-12-02T16:07:49+00:00","description":"Vous voyagez pour affaires ? Faites-vous plaisir avec la formule Work Hard & Relax : petit-d\u00e9jeuner buffet, parking gratuit et espace Bien-\u00eatre. D\u00e9couvrez l'offre de l'h\u00f4tel 4 \u00e9toiles voco\u00ae Milan-Fiere !","breadcrumb":{"@id":"https:\/\/www.milanfierehotel.com\/fr\/offres-et-formules\/formule-work-hard-and-relax\/#breadcrumb"},"inLanguage":"fr-FR","potentialAction":[{"@type":"ReadAction","target":["https:\/\/www.milanfierehotel.com\/fr\/offres-et-formules\/formule-work-hard-and-relax\/"]}]},{"@type":"BreadcrumbList","@id":"https:\/\/www.milanfierehotel.com\/fr\/offres-et-formules\/formule-work-hard-and-relax\/#breadcrumb","itemListElement":[{"@type":"ListItem","position":1,"name":"Home","item":"https:\/\/www.milanfierehotel.com\/fr\/"},{"@type":"ListItem","position":2,"name":"Offres &amp; Formules","item":"https:\/\/www.milanfierehotel.com\/fr\/offres-et-formules\/"},{"@type":"ListItem","position":3,"name":"Formule Work Hard and Relax"}]},{"@type":"WebSite","@id":"https:\/\/www.milanfierehotel.com\/fr\/#website","url":"https:\/\/www.milanfierehotel.com\/fr\/","name":"Voco Milan Fiere","description":"Just another ms.decms.eu site","publisher":{"@id":"https:\/\/www.milanfierehotel.com\/fr\/#organization"},"potentialAction":[{"@type":"SearchAction","target":{"@type":"EntryPoint","urlTemplate":"https:\/\/www.milanfierehotel.com\/fr\/?s={search_term_string}"},"query-input":{"@type":"PropertyValueSpecification","valueRequired":true,"valueName":"search_term_string"}}],"inLanguage":"fr-FR"},{"@type":"Organization","@id":"https:\/\/www.milanfierehotel.com\/fr\/#organization","name":"Voco Milano Fiere","url":"https:\/\/www.milanfierehotel.com\/fr\/","logo":{"@type":"ImageObject","inLanguage":"fr-FR","@id":"https:\/\/www.milanfierehotel.com\/fr\/#\/schema\/logo\/image\/","url":"https:\/\/www.milanfierehotel.com\/wp-content\/uploads\/sites\/402\/2022\/07\/02-Hotel-Reception-voco-Milan-Fiere.jpg","contentUrl":"https:\/\/www.milanfierehotel.com\/wp-content\/uploads\/sites\/402\/2022\/07\/02-Hotel-Reception-voco-Milan-Fiere.jpg","width":2200,"height":1200,"caption":"Voco Milano Fiere"},"image":{"@id":"https:\/\/www.milanfierehotel.com\/fr\/#\/schema\/logo\/image\/"}}]}},"acf":[],"_links":{"self":[{"href":"https:\/\/www.milanfierehotel.com\/fr\/wp-json\/wp\/v2\/pages\/453","targetHints":{"allow":["GET"]}}],"collection":[{"href":"https:\/\/www.milanfierehotel.com\/fr\/wp-json\/wp\/v2\/pages"}],"about":[{"href":"https:\/\/www.milanfierehotel.com\/fr\/wp-json\/wp\/v2\/types\/page"}],"author":[{"embeddable":true,"href":"https:\/\/www.milanfierehotel.com\/fr\/wp-json\/wp\/v2\/users\/6"}],"replies":[{"embeddable":true,"href":"https:\/\/www.milanfierehotel.com\/fr\/wp-json\/wp\/v2\/comments?post=453"}],"version-history":[{"count":0,"href":"https:\/\/www.milanfierehotel.com\/fr\/wp-json\/wp\/v2\/pages\/453\/revisions"}],"up":[{"embeddable":true,"href":"https:\/\/www.milanfierehotel.com\/fr\/wp-json\/wp\/v2\/pages\/518"}],"wp:attachment":[{"href":"https:\/\/www.milanfierehotel.com\/fr\/wp-json\/wp\/v2\/media?parent=453"}],"curies":[{"name":"wp","href":"https:\/\/api.w.org\/{rel}","templated":true}]}}