{"id":456,"date":"2022-06-29T14:11:53","date_gmt":"2022-06-29T14:11:53","guid":{"rendered":"https:\/\/vocomilanfieredefinitive.ms.decms.eu\/benvenuto-allhotel-voco-milan-fiere\/"},"modified":"2026-01-02T11:09:59","modified_gmt":"2026-01-02T11:09:59","slug":"benvenuto-allhotel-voco-milan-fiere","status":"publish","type":"page","link":"https:\/\/www.milanfierehotel.com\/fr\/","title":{"rendered":"Bienvenue au voco\u00ae Milan-Fiere"},"content":{"rendered":"<p><span style=\"font-weight: 400\">Laissez-vous s\u00e9duire par le <\/span><b>style inimitable voco\u00ae<\/b><span style=\"font-weight: 400\"> pour votre s\u00e9jour \u00e0 Milan : nous sommes <\/span><b>\u00e0 quelques minutes des centres de congr\u00e8s<\/b><span style=\"font-weight: 400\"> de la ville (Rho, Fiera Milano, MiCo Convention Center et MIND Milano Innovation District), et \u00e0 deux minutes de l\u2019<\/span><b>entr\u00e9e des autoroutes A4 et A8<\/b><span style=\"font-weight: 400\">.<\/span><span style=\"font-weight: 400\"><br \/>\n<\/span><span style=\"font-weight: 400\">Notre <\/span><b>emplacement strat\u00e9gique<\/b><span style=\"font-weight: 400\"> nous permet \u00e9galement d&rsquo;\u00eatre parfaitement desservis par le r\u00e9seau de transports en commun de la ville et d&rsquo;\u00eatre facilement reli\u00e9s aux a\u00e9roports internationaux de Linate (LIN) et Malpensa (MXP).<\/span><\/p>\n<p><span style=\"font-weight: 400\">Choisissez parmi plus de <\/span><b>280 chambres avec vue<\/b><span style=\"font-weight: 400\"> panoramique sur Milan, organisez vos \u00e9v\u00e9nements dans notre <\/span><b>centre de congr\u00e8s<\/b><span style=\"font-weight: 400\"> avec 7 salles polyvalentes, oubliez l\u2019usage de la voiture gr\u00e2ce \u00e0 notre <\/span><b>garage de 263 places<\/b><span style=\"font-weight: 400\">, travaillez dans nos espaces de coworking et smart-working et d\u00e9tendez-vous dans notre <\/span><b>espace Bien-\u00eatre avec salle de fitness<\/b><span style=\"font-weight: 400\">. <\/span><span style=\"font-weight: 400\"><br \/>\n<\/span><span style=\"font-weight: 400\"><br \/>\n<\/span><\/p>\n","protected":false},"excerpt":{"rendered":"<p>Laissez-vous s\u00e9duire par le style inimitable voco\u00ae pour votre s\u00e9jour \u00e0 Milan : nous sommes \u00e0 quelques minutes des centres de congr\u00e8s de la ville (Rho, Fiera Milano, MiCo Convention Center et MIND Milano Innovation District), et \u00e0 deux minutes de l\u2019entr\u00e9e des autoroutes A4 et A8. Notre emplacement strat\u00e9gique nous permet \u00e9galement d&rsquo;\u00eatre parfaitement [&hellip;]<\/p>\n","protected":false},"author":6,"featured_media":0,"parent":0,"menu_order":0,"comment_status":"closed","ping_status":"closed","template":"","meta":{"footnotes":""},"class_list":["post-456","page","type-page","status-publish","hentry"],"yoast_head":"<!-- This site is optimized with the Yoast SEO plugin v26.9 - https:\/\/yoast.com\/product\/yoast-seo-wordpress\/ -->\n<title>H\u00f4tel d\u2019affaires 4 \u00e9toiles Fiera Milano | voco\u00ae Milan-Fiere<\/title>\n<meta name=\"description\" content=\"Le voco\u00ae est un business h\u00f4tel 4 \u00e9toiles repr\u00e9sentant l&#039;union parfaite entre services et confort. Des voyages d&#039;affaires aux vacances en famille, vivez un s\u00e9jour m\u00e9morable. R\u00e9servez maintenant !\" \/>\n<meta name=\"robots\" content=\"index, follow, max-snippet:-1, max-image-preview:large, max-video-preview:-1\" \/>\n<link rel=\"canonical\" href=\"https:\/\/www.milanfierehotel.com\/fr\/\" \/>\n<meta property=\"og:locale\" content=\"fr_FR\" \/>\n<meta property=\"og:type\" content=\"article\" \/>\n<meta property=\"og:title\" content=\"H\u00f4tel d\u2019affaires 4 \u00e9toiles Fiera Milano | voco\u00ae Milan-Fiere\" \/>\n<meta property=\"og:description\" content=\"Le voco\u00ae est un business h\u00f4tel 4 \u00e9toiles repr\u00e9sentant l&#039;union parfaite entre services et confort. Des voyages d&#039;affaires aux vacances en famille, vivez un s\u00e9jour m\u00e9morable. R\u00e9servez maintenant !\" \/>\n<meta property=\"og:url\" content=\"https:\/\/www.milanfierehotel.com\/fr\/\" \/>\n<meta property=\"og:site_name\" content=\"Voco Milan Fiere\" \/>\n<meta property=\"article:modified_time\" content=\"2026-01-02T11:09:59+00:00\" \/>\n<meta name=\"twitter:card\" content=\"summary_large_image\" \/>\n<meta name=\"twitter:label1\" content=\"Dur\u00e9e de lecture estim\u00e9e\" \/>\n\t<meta name=\"twitter:data1\" content=\"1 minute\" \/>\n<script type=\"application\/ld+json\" class=\"yoast-schema-graph\">{\"@context\":\"https:\/\/schema.org\",\"@graph\":[{\"@type\":\"WebPage\",\"@id\":\"https:\/\/www.milanfierehotel.com\/fr\/\",\"url\":\"https:\/\/www.milanfierehotel.com\/fr\/\",\"name\":\"H\u00f4tel d\u2019affaires 4 \u00e9toiles Fiera Milano | voco\u00ae Milan-Fiere\",\"isPartOf\":{\"@id\":\"https:\/\/www.milanfierehotel.com\/fr\/#website\"},\"datePublished\":\"2022-06-29T14:11:53+00:00\",\"dateModified\":\"2026-01-02T11:09:59+00:00\",\"description\":\"Le voco\u00ae est un business h\u00f4tel 4 \u00e9toiles repr\u00e9sentant l'union parfaite entre services et confort. Des voyages d'affaires aux vacances en famille, vivez un s\u00e9jour m\u00e9morable. R\u00e9servez maintenant !\",\"breadcrumb\":{\"@id\":\"https:\/\/www.milanfierehotel.com\/fr\/#breadcrumb\"},\"inLanguage\":\"fr-FR\",\"potentialAction\":[{\"@type\":\"ReadAction\",\"target\":[\"https:\/\/www.milanfierehotel.com\/fr\/\"]}]},{\"@type\":\"BreadcrumbList\",\"@id\":\"https:\/\/www.milanfierehotel.com\/fr\/#breadcrumb\",\"itemListElement\":[{\"@type\":\"ListItem\",\"position\":1,\"name\":\"Home\",\"item\":\"https:\/\/www.milanfierehotel.com\/fr\/\"},{\"@type\":\"ListItem\",\"position\":2,\"name\":\"Bienvenue au voco\u00ae Milan-Fiere\"}]},{\"@type\":\"WebSite\",\"@id\":\"https:\/\/www.milanfierehotel.com\/fr\/#website\",\"url\":\"https:\/\/www.milanfierehotel.com\/fr\/\",\"name\":\"Voco Milan Fiere\",\"description\":\"Just another ms.decms.eu site\",\"publisher\":{\"@id\":\"https:\/\/www.milanfierehotel.com\/fr\/#organization\"},\"potentialAction\":[{\"@type\":\"SearchAction\",\"target\":{\"@type\":\"EntryPoint\",\"urlTemplate\":\"https:\/\/www.milanfierehotel.com\/fr\/?s={search_term_string}\"},\"query-input\":{\"@type\":\"PropertyValueSpecification\",\"valueRequired\":true,\"valueName\":\"search_term_string\"}}],\"inLanguage\":\"fr-FR\"},{\"@type\":\"Organization\",\"@id\":\"https:\/\/www.milanfierehotel.com\/fr\/#organization\",\"name\":\"Voco Milano Fiere\",\"url\":\"https:\/\/www.milanfierehotel.com\/fr\/\",\"logo\":{\"@type\":\"ImageObject\",\"inLanguage\":\"fr-FR\",\"@id\":\"https:\/\/www.milanfierehotel.com\/fr\/#\/schema\/logo\/image\/\",\"url\":\"https:\/\/www.milanfierehotel.com\/wp-content\/uploads\/sites\/402\/2022\/07\/02-Hotel-Reception-voco-Milan-Fiere.jpg\",\"contentUrl\":\"https:\/\/www.milanfierehotel.com\/wp-content\/uploads\/sites\/402\/2022\/07\/02-Hotel-Reception-voco-Milan-Fiere.jpg\",\"width\":2200,\"height\":1200,\"caption\":\"Voco Milano Fiere\"},\"image\":{\"@id\":\"https:\/\/www.milanfierehotel.com\/fr\/#\/schema\/logo\/image\/\"}}]}<\/script>\n<!-- \/ Yoast SEO plugin. -->","yoast_head_json":{"title":"H\u00f4tel d\u2019affaires 4 \u00e9toiles Fiera Milano | voco\u00ae Milan-Fiere","description":"Le voco\u00ae est un business h\u00f4tel 4 \u00e9toiles repr\u00e9sentant l'union parfaite entre services et confort. Des voyages d'affaires aux vacances en famille, vivez un s\u00e9jour m\u00e9morable. R\u00e9servez maintenant !","robots":{"index":"index","follow":"follow","max-snippet":"max-snippet:-1","max-image-preview":"max-image-preview:large","max-video-preview":"max-video-preview:-1"},"canonical":"https:\/\/www.milanfierehotel.com\/fr\/","og_locale":"fr_FR","og_type":"article","og_title":"H\u00f4tel d\u2019affaires 4 \u00e9toiles Fiera Milano | voco\u00ae Milan-Fiere","og_description":"Le voco\u00ae est un business h\u00f4tel 4 \u00e9toiles repr\u00e9sentant l'union parfaite entre services et confort. Des voyages d'affaires aux vacances en famille, vivez un s\u00e9jour m\u00e9morable. R\u00e9servez maintenant !","og_url":"https:\/\/www.milanfierehotel.com\/fr\/","og_site_name":"Voco Milan Fiere","article_modified_time":"2026-01-02T11:09:59+00:00","twitter_card":"summary_large_image","twitter_misc":{"Dur\u00e9e de lecture estim\u00e9e":"1 minute"},"schema":{"@context":"https:\/\/schema.org","@graph":[{"@type":"WebPage","@id":"https:\/\/www.milanfierehotel.com\/fr\/","url":"https:\/\/www.milanfierehotel.com\/fr\/","name":"H\u00f4tel d\u2019affaires 4 \u00e9toiles Fiera Milano | voco\u00ae Milan-Fiere","isPartOf":{"@id":"https:\/\/www.milanfierehotel.com\/fr\/#website"},"datePublished":"2022-06-29T14:11:53+00:00","dateModified":"2026-01-02T11:09:59+00:00","description":"Le voco\u00ae est un business h\u00f4tel 4 \u00e9toiles repr\u00e9sentant l'union parfaite entre services et confort. Des voyages d'affaires aux vacances en famille, vivez un s\u00e9jour m\u00e9morable. R\u00e9servez maintenant !","breadcrumb":{"@id":"https:\/\/www.milanfierehotel.com\/fr\/#breadcrumb"},"inLanguage":"fr-FR","potentialAction":[{"@type":"ReadAction","target":["https:\/\/www.milanfierehotel.com\/fr\/"]}]},{"@type":"BreadcrumbList","@id":"https:\/\/www.milanfierehotel.com\/fr\/#breadcrumb","itemListElement":[{"@type":"ListItem","position":1,"name":"Home","item":"https:\/\/www.milanfierehotel.com\/fr\/"},{"@type":"ListItem","position":2,"name":"Bienvenue au voco\u00ae Milan-Fiere"}]},{"@type":"WebSite","@id":"https:\/\/www.milanfierehotel.com\/fr\/#website","url":"https:\/\/www.milanfierehotel.com\/fr\/","name":"Voco Milan Fiere","description":"Just another ms.decms.eu site","publisher":{"@id":"https:\/\/www.milanfierehotel.com\/fr\/#organization"},"potentialAction":[{"@type":"SearchAction","target":{"@type":"EntryPoint","urlTemplate":"https:\/\/www.milanfierehotel.com\/fr\/?s={search_term_string}"},"query-input":{"@type":"PropertyValueSpecification","valueRequired":true,"valueName":"search_term_string"}}],"inLanguage":"fr-FR"},{"@type":"Organization","@id":"https:\/\/www.milanfierehotel.com\/fr\/#organization","name":"Voco Milano Fiere","url":"https:\/\/www.milanfierehotel.com\/fr\/","logo":{"@type":"ImageObject","inLanguage":"fr-FR","@id":"https:\/\/www.milanfierehotel.com\/fr\/#\/schema\/logo\/image\/","url":"https:\/\/www.milanfierehotel.com\/wp-content\/uploads\/sites\/402\/2022\/07\/02-Hotel-Reception-voco-Milan-Fiere.jpg","contentUrl":"https:\/\/www.milanfierehotel.com\/wp-content\/uploads\/sites\/402\/2022\/07\/02-Hotel-Reception-voco-Milan-Fiere.jpg","width":2200,"height":1200,"caption":"Voco Milano Fiere"},"image":{"@id":"https:\/\/www.milanfierehotel.com\/fr\/#\/schema\/logo\/image\/"}}]}},"acf":[],"_links":{"self":[{"href":"https:\/\/www.milanfierehotel.com\/fr\/wp-json\/wp\/v2\/pages\/456","targetHints":{"allow":["GET"]}}],"collection":[{"href":"https:\/\/www.milanfierehotel.com\/fr\/wp-json\/wp\/v2\/pages"}],"about":[{"href":"https:\/\/www.milanfierehotel.com\/fr\/wp-json\/wp\/v2\/types\/page"}],"author":[{"embeddable":true,"href":"https:\/\/www.milanfierehotel.com\/fr\/wp-json\/wp\/v2\/users\/6"}],"replies":[{"embeddable":true,"href":"https:\/\/www.milanfierehotel.com\/fr\/wp-json\/wp\/v2\/comments?post=456"}],"version-history":[{"count":0,"href":"https:\/\/www.milanfierehotel.com\/fr\/wp-json\/wp\/v2\/pages\/456\/revisions"}],"wp:attachment":[{"href":"https:\/\/www.milanfierehotel.com\/fr\/wp-json\/wp\/v2\/media?parent=456"}],"curies":[{"name":"wp","href":"https:\/\/api.w.org\/{rel}","templated":true}]}}