{"id":458,"date":"2022-06-29T14:13:57","date_gmt":"2022-06-29T14:13:57","guid":{"rendered":"https:\/\/vocomilanfieredefinitive.ms.decms.eu\/hotel\/"},"modified":"2022-12-06T08:08:42","modified_gmt":"2022-12-06T08:08:42","slug":"hotel","status":"publish","type":"page","link":"https:\/\/www.milanfierehotel.com\/fr\/hotel\/","title":{"rendered":"Hotel"},"content":{"rendered":"<p><span style=\"font-weight: 400;\">Conscients de l&rsquo;\u00e9volution des besoins des nouveaux business travellers, le voco\u00ae propose \u00e0 ses clients une exp\u00e9rience unique dans un <\/span><b>h\u00f4tel lifestyle<\/b><span style=\"font-weight: 400;\">.<\/span><span style=\"font-weight: 400;\"><br \/>\n<\/span><span style=\"font-weight: 400;\">Notre philosophie sous-tend chaque d\u00e9cision que nous prenons, ce qui nous permet de conjuguer la fiabilit\u00e9 d&rsquo;un <\/span><b>h\u00f4tel 4 \u00e9toiles<\/b><span style=\"font-weight: 400;\"> avec une <\/span><b>conscience \u00e9co-responsable<\/b><span style=\"font-weight: 400;\">, sensible au monde qui nous entoure, sans jamais n\u00e9gliger les besoins de nos h\u00f4tes.\u00a0<\/span><\/p>\n<p><span style=\"font-weight: 400;\">Au voco\u00ae Milan-Fiere, vous trouverez un lieu \u00e0 la fois informel et p\u00e9tillant de nouveaut\u00e9s, qui ne manquera pas de vous surprendre et de vous s\u00e9duire \u00e0 chaque nouvelle visite. Nous avons con\u00e7u chaque espace pour vous offrir un s\u00e9jour inoubliable, avec un choix de 280 <\/span><a href=\"https:\/\/www.milanfierehotel.com\/fr\/chambres-et-suites\/\" rel=\"noopener\"><b>chambres et suites<\/b><\/a><span style=\"font-weight: 400;\">, un <\/span><a href=\"https:\/\/www.milanfierehotel.com\/fr\/meeting-et-evenements\/salles-de-reunion\/\" rel=\"noopener\"><b>centre de congr\u00e8s<\/b><\/a><span style=\"font-weight: 400;\"> avec 7 lumineuses salles de r\u00e9union et une grande terrasse pouvant \u00eatre r\u00e9serv\u00e9e pour des conf\u00e9rences et des \u00e9v\u00e9nements. <\/span><\/p>\n","protected":false},"excerpt":{"rendered":"<p>Conscients de l&rsquo;\u00e9volution des besoins des nouveaux business travellers, le voco\u00ae propose \u00e0 ses clients une exp\u00e9rience unique dans un h\u00f4tel lifestyle. Notre philosophie sous-tend chaque d\u00e9cision que nous prenons, ce qui nous permet de conjuguer la fiabilit\u00e9 d&rsquo;un h\u00f4tel 4 \u00e9toiles avec une conscience \u00e9co-responsable, sensible au monde qui nous entoure, sans jamais n\u00e9gliger [&hellip;]<\/p>\n","protected":false},"author":6,"featured_media":0,"parent":0,"menu_order":10,"comment_status":"closed","ping_status":"closed","template":"","meta":{"footnotes":""},"class_list":["post-458","page","type-page","status-publish","hentry"],"yoast_head":"<!-- This site is optimized with the Yoast SEO plugin v26.9 - https:\/\/yoast.com\/product\/yoast-seo-wordpress\/ -->\n<title>H\u00f4tel 4 \u00e9toiles Fiera Milano | voco\u00ae Milan-Fiere<\/title>\n<meta name=\"description\" content=\"Le voco\u00ae, l&#039;h\u00f4tel 4 \u00e9toiles qui conjugue confort et divertissement. \u00c0 proximit\u00e9 du Parc des expositions Fiera Milano de Milan. L\u2019id\u00e9al pour travailler, se d\u00e9tendre et s&#039;amuser. D\u00e9couvrez nos services.\" \/>\n<meta name=\"robots\" content=\"index, follow, max-snippet:-1, max-image-preview:large, max-video-preview:-1\" \/>\n<link rel=\"canonical\" href=\"https:\/\/www.milanfierehotel.com\/fr\/hotel\/\" \/>\n<meta property=\"og:locale\" content=\"fr_FR\" \/>\n<meta property=\"og:type\" content=\"article\" \/>\n<meta property=\"og:title\" content=\"H\u00f4tel 4 \u00e9toiles Fiera Milano | voco\u00ae Milan-Fiere\" \/>\n<meta property=\"og:description\" content=\"Le voco\u00ae, l&#039;h\u00f4tel 4 \u00e9toiles qui conjugue confort et divertissement. \u00c0 proximit\u00e9 du Parc des expositions Fiera Milano de Milan. L\u2019id\u00e9al pour travailler, se d\u00e9tendre et s&#039;amuser. D\u00e9couvrez nos services.\" \/>\n<meta property=\"og:url\" content=\"https:\/\/www.milanfierehotel.com\/fr\/hotel\/\" \/>\n<meta property=\"og:site_name\" content=\"Voco Milan Fiere\" \/>\n<meta property=\"article:modified_time\" content=\"2022-12-06T08:08:42+00:00\" \/>\n<meta name=\"twitter:card\" content=\"summary_large_image\" \/>\n<meta name=\"twitter:label1\" content=\"Dur\u00e9e de lecture estim\u00e9e\" \/>\n\t<meta name=\"twitter:data1\" content=\"1 minute\" \/>\n<script type=\"application\/ld+json\" class=\"yoast-schema-graph\">{\"@context\":\"https:\/\/schema.org\",\"@graph\":[{\"@type\":\"WebPage\",\"@id\":\"https:\/\/www.milanfierehotel.com\/fr\/hotel\/\",\"url\":\"https:\/\/www.milanfierehotel.com\/fr\/hotel\/\",\"name\":\"H\u00f4tel 4 \u00e9toiles Fiera Milano | voco\u00ae Milan-Fiere\",\"isPartOf\":{\"@id\":\"https:\/\/www.milanfierehotel.com\/fr\/#website\"},\"datePublished\":\"2022-06-29T14:13:57+00:00\",\"dateModified\":\"2022-12-06T08:08:42+00:00\",\"description\":\"Le voco\u00ae, l'h\u00f4tel 4 \u00e9toiles qui conjugue confort et divertissement. \u00c0 proximit\u00e9 du Parc des expositions Fiera Milano de Milan. L\u2019id\u00e9al pour travailler, se d\u00e9tendre et s'amuser. D\u00e9couvrez nos services.\",\"breadcrumb\":{\"@id\":\"https:\/\/www.milanfierehotel.com\/fr\/hotel\/#breadcrumb\"},\"inLanguage\":\"fr-FR\",\"potentialAction\":[{\"@type\":\"ReadAction\",\"target\":[\"https:\/\/www.milanfierehotel.com\/fr\/hotel\/\"]}]},{\"@type\":\"BreadcrumbList\",\"@id\":\"https:\/\/www.milanfierehotel.com\/fr\/hotel\/#breadcrumb\",\"itemListElement\":[{\"@type\":\"ListItem\",\"position\":1,\"name\":\"Home\",\"item\":\"https:\/\/www.milanfierehotel.com\/fr\/\"},{\"@type\":\"ListItem\",\"position\":2,\"name\":\"Hotel\"}]},{\"@type\":\"WebSite\",\"@id\":\"https:\/\/www.milanfierehotel.com\/fr\/#website\",\"url\":\"https:\/\/www.milanfierehotel.com\/fr\/\",\"name\":\"Voco Milan Fiere\",\"description\":\"Just another ms.decms.eu site\",\"publisher\":{\"@id\":\"https:\/\/www.milanfierehotel.com\/fr\/#organization\"},\"potentialAction\":[{\"@type\":\"SearchAction\",\"target\":{\"@type\":\"EntryPoint\",\"urlTemplate\":\"https:\/\/www.milanfierehotel.com\/fr\/?s={search_term_string}\"},\"query-input\":{\"@type\":\"PropertyValueSpecification\",\"valueRequired\":true,\"valueName\":\"search_term_string\"}}],\"inLanguage\":\"fr-FR\"},{\"@type\":\"Organization\",\"@id\":\"https:\/\/www.milanfierehotel.com\/fr\/#organization\",\"name\":\"Voco Milano Fiere\",\"url\":\"https:\/\/www.milanfierehotel.com\/fr\/\",\"logo\":{\"@type\":\"ImageObject\",\"inLanguage\":\"fr-FR\",\"@id\":\"https:\/\/www.milanfierehotel.com\/fr\/#\/schema\/logo\/image\/\",\"url\":\"https:\/\/www.milanfierehotel.com\/wp-content\/uploads\/sites\/402\/2022\/07\/02-Hotel-Reception-voco-Milan-Fiere.jpg\",\"contentUrl\":\"https:\/\/www.milanfierehotel.com\/wp-content\/uploads\/sites\/402\/2022\/07\/02-Hotel-Reception-voco-Milan-Fiere.jpg\",\"width\":2200,\"height\":1200,\"caption\":\"Voco Milano Fiere\"},\"image\":{\"@id\":\"https:\/\/www.milanfierehotel.com\/fr\/#\/schema\/logo\/image\/\"}}]}<\/script>\n<!-- \/ Yoast SEO plugin. -->","yoast_head_json":{"title":"H\u00f4tel 4 \u00e9toiles Fiera Milano | voco\u00ae Milan-Fiere","description":"Le voco\u00ae, l'h\u00f4tel 4 \u00e9toiles qui conjugue confort et divertissement. \u00c0 proximit\u00e9 du Parc des expositions Fiera Milano de Milan. L\u2019id\u00e9al pour travailler, se d\u00e9tendre et s'amuser. D\u00e9couvrez nos services.","robots":{"index":"index","follow":"follow","max-snippet":"max-snippet:-1","max-image-preview":"max-image-preview:large","max-video-preview":"max-video-preview:-1"},"canonical":"https:\/\/www.milanfierehotel.com\/fr\/hotel\/","og_locale":"fr_FR","og_type":"article","og_title":"H\u00f4tel 4 \u00e9toiles Fiera Milano | voco\u00ae Milan-Fiere","og_description":"Le voco\u00ae, l'h\u00f4tel 4 \u00e9toiles qui conjugue confort et divertissement. \u00c0 proximit\u00e9 du Parc des expositions Fiera Milano de Milan. L\u2019id\u00e9al pour travailler, se d\u00e9tendre et s'amuser. D\u00e9couvrez nos services.","og_url":"https:\/\/www.milanfierehotel.com\/fr\/hotel\/","og_site_name":"Voco Milan Fiere","article_modified_time":"2022-12-06T08:08:42+00:00","twitter_card":"summary_large_image","twitter_misc":{"Dur\u00e9e de lecture estim\u00e9e":"1 minute"},"schema":{"@context":"https:\/\/schema.org","@graph":[{"@type":"WebPage","@id":"https:\/\/www.milanfierehotel.com\/fr\/hotel\/","url":"https:\/\/www.milanfierehotel.com\/fr\/hotel\/","name":"H\u00f4tel 4 \u00e9toiles Fiera Milano | voco\u00ae Milan-Fiere","isPartOf":{"@id":"https:\/\/www.milanfierehotel.com\/fr\/#website"},"datePublished":"2022-06-29T14:13:57+00:00","dateModified":"2022-12-06T08:08:42+00:00","description":"Le voco\u00ae, l'h\u00f4tel 4 \u00e9toiles qui conjugue confort et divertissement. \u00c0 proximit\u00e9 du Parc des expositions Fiera Milano de Milan. L\u2019id\u00e9al pour travailler, se d\u00e9tendre et s'amuser. D\u00e9couvrez nos services.","breadcrumb":{"@id":"https:\/\/www.milanfierehotel.com\/fr\/hotel\/#breadcrumb"},"inLanguage":"fr-FR","potentialAction":[{"@type":"ReadAction","target":["https:\/\/www.milanfierehotel.com\/fr\/hotel\/"]}]},{"@type":"BreadcrumbList","@id":"https:\/\/www.milanfierehotel.com\/fr\/hotel\/#breadcrumb","itemListElement":[{"@type":"ListItem","position":1,"name":"Home","item":"https:\/\/www.milanfierehotel.com\/fr\/"},{"@type":"ListItem","position":2,"name":"Hotel"}]},{"@type":"WebSite","@id":"https:\/\/www.milanfierehotel.com\/fr\/#website","url":"https:\/\/www.milanfierehotel.com\/fr\/","name":"Voco Milan Fiere","description":"Just another ms.decms.eu site","publisher":{"@id":"https:\/\/www.milanfierehotel.com\/fr\/#organization"},"potentialAction":[{"@type":"SearchAction","target":{"@type":"EntryPoint","urlTemplate":"https:\/\/www.milanfierehotel.com\/fr\/?s={search_term_string}"},"query-input":{"@type":"PropertyValueSpecification","valueRequired":true,"valueName":"search_term_string"}}],"inLanguage":"fr-FR"},{"@type":"Organization","@id":"https:\/\/www.milanfierehotel.com\/fr\/#organization","name":"Voco Milano Fiere","url":"https:\/\/www.milanfierehotel.com\/fr\/","logo":{"@type":"ImageObject","inLanguage":"fr-FR","@id":"https:\/\/www.milanfierehotel.com\/fr\/#\/schema\/logo\/image\/","url":"https:\/\/www.milanfierehotel.com\/wp-content\/uploads\/sites\/402\/2022\/07\/02-Hotel-Reception-voco-Milan-Fiere.jpg","contentUrl":"https:\/\/www.milanfierehotel.com\/wp-content\/uploads\/sites\/402\/2022\/07\/02-Hotel-Reception-voco-Milan-Fiere.jpg","width":2200,"height":1200,"caption":"Voco Milano Fiere"},"image":{"@id":"https:\/\/www.milanfierehotel.com\/fr\/#\/schema\/logo\/image\/"}}]}},"acf":[],"_links":{"self":[{"href":"https:\/\/www.milanfierehotel.com\/fr\/wp-json\/wp\/v2\/pages\/458","targetHints":{"allow":["GET"]}}],"collection":[{"href":"https:\/\/www.milanfierehotel.com\/fr\/wp-json\/wp\/v2\/pages"}],"about":[{"href":"https:\/\/www.milanfierehotel.com\/fr\/wp-json\/wp\/v2\/types\/page"}],"author":[{"embeddable":true,"href":"https:\/\/www.milanfierehotel.com\/fr\/wp-json\/wp\/v2\/users\/6"}],"replies":[{"embeddable":true,"href":"https:\/\/www.milanfierehotel.com\/fr\/wp-json\/wp\/v2\/comments?post=458"}],"version-history":[{"count":0,"href":"https:\/\/www.milanfierehotel.com\/fr\/wp-json\/wp\/v2\/pages\/458\/revisions"}],"wp:attachment":[{"href":"https:\/\/www.milanfierehotel.com\/fr\/wp-json\/wp\/v2\/media?parent=458"}],"curies":[{"name":"wp","href":"https:\/\/api.w.org\/{rel}","templated":true}]}}