{"id":460,"date":"2022-06-29T14:19:43","date_gmt":"2022-06-29T14:19:43","guid":{"rendered":"https:\/\/vocomilanfieredefinitive.ms.decms.eu\/hotel\/il-brand-voco\/"},"modified":"2022-08-31T12:11:00","modified_gmt":"2022-08-31T12:11:00","slug":"la-marque-voco","status":"publish","type":"page","link":"https:\/\/www.milanfierehotel.com\/fr\/hotel\/la-marque-voco\/","title":{"rendered":"La Marque Voco"},"content":{"rendered":"<p><span style=\"font-weight: 400;\">Avec le voco\u00ae Milan-Fiere, la nouvelle et p\u00e9tillante marque d&rsquo;<\/span><b>IHG\u00ae Hotels &amp; Resorts<\/b><span style=\"font-weight: 400;\">, l&rsquo;une des plus grandes cha\u00eenes h\u00f4teli\u00e8res du monde, pr\u00e9sente dans plus de 100 pays, arrive enfin en Italie.\u00a0<\/span><\/p>\n<p><span style=\"font-weight: 400;\">Les h\u00f4tels de la marque voco\u00ae ont \u00e9t\u00e9 cr\u00e9\u00e9s pour offrir \u00e0 leurs h\u00f4tes <\/span><b>une nouvelle exp\u00e9rience h\u00f4teli\u00e8re<\/b><span style=\"font-weight: 400;\"> qui leur permet de se d\u00e9marquer des competitors, sans jamais n\u00e9gliger tous les services d\u2019un <\/span><b>h\u00f4tel lifestyle 4 \u00e9toiles<\/b><span style=\"font-weight: 400;\">.<\/span><\/p>\n<p><span style=\"font-weight: 400;\">Con\u00e7u pour \u00eatre un mix parfait de fiabilit\u00e9 et d&rsquo;<\/span><b>originalit\u00e9<\/b><span style=\"font-weight: 400;\">, chaque h\u00f4tel de la marque voco\u00ae offre tout le confort d&rsquo;un h\u00f4tel multi-\u00e9toil\u00e9, capable de surprendre par son design unique et \u00e9l\u00e9gant, tout en permettant \u00e0 ses h\u00f4tes de se sentir \u00e0 l\u2019aise, comme \u00e0 la maison !\u00a0<\/span><\/p>\n","protected":false},"excerpt":{"rendered":"<p>Avec le voco\u00ae Milan-Fiere, la nouvelle et p\u00e9tillante marque d&rsquo;IHG\u00ae Hotels &amp; Resorts, l&rsquo;une des plus grandes cha\u00eenes h\u00f4teli\u00e8res du monde, pr\u00e9sente dans plus de 100 pays, arrive enfin en Italie.\u00a0 Les h\u00f4tels de la marque voco\u00ae ont \u00e9t\u00e9 cr\u00e9\u00e9s pour offrir \u00e0 leurs h\u00f4tes une nouvelle exp\u00e9rience h\u00f4teli\u00e8re qui leur permet de se d\u00e9marquer [&hellip;]<\/p>\n","protected":false},"author":6,"featured_media":0,"parent":458,"menu_order":11,"comment_status":"closed","ping_status":"closed","template":"template-default-4.php","meta":{"footnotes":""},"class_list":["post-460","page","type-page","status-publish","hentry"],"yoast_head":"<!-- This site is optimized with the Yoast SEO plugin v26.9 - https:\/\/yoast.com\/product\/yoast-seo-wordpress\/ -->\n<title>La marque voco\u00ae : confort, hospitalit\u00e9, lifestyle | voco\u00ae Milan-Fiere<\/title>\n<meta name=\"description\" content=\"Au voco\u00ae Hotel, profitez d&#039;un s\u00e9jour unique \u00e0 Milan. Confort, hospitalit\u00e9 et lifestyle vous guideront dans cette exp\u00e9rience. D\u00e9couvrez un nouveau concept d&#039;hospitalit\u00e9.\" \/>\n<meta name=\"robots\" content=\"index, follow, max-snippet:-1, max-image-preview:large, max-video-preview:-1\" \/>\n<link rel=\"canonical\" href=\"https:\/\/www.milanfierehotel.com\/fr\/hotel\/la-marque-voco\/\" \/>\n<meta property=\"og:locale\" content=\"fr_FR\" \/>\n<meta property=\"og:type\" content=\"article\" \/>\n<meta property=\"og:title\" content=\"La marque voco\u00ae : confort, hospitalit\u00e9, lifestyle | voco\u00ae Milan-Fiere\" \/>\n<meta property=\"og:description\" content=\"Au voco\u00ae Hotel, profitez d&#039;un s\u00e9jour unique \u00e0 Milan. Confort, hospitalit\u00e9 et lifestyle vous guideront dans cette exp\u00e9rience. D\u00e9couvrez un nouveau concept d&#039;hospitalit\u00e9.\" \/>\n<meta property=\"og:url\" content=\"https:\/\/www.milanfierehotel.com\/fr\/hotel\/la-marque-voco\/\" \/>\n<meta property=\"og:site_name\" content=\"Voco Milan Fiere\" \/>\n<meta property=\"article:modified_time\" content=\"2022-08-31T12:11:00+00:00\" \/>\n<meta name=\"twitter:card\" content=\"summary_large_image\" \/>\n<meta name=\"twitter:label1\" content=\"Dur\u00e9e de lecture estim\u00e9e\" \/>\n\t<meta name=\"twitter:data1\" content=\"1 minute\" \/>\n<script type=\"application\/ld+json\" class=\"yoast-schema-graph\">{\"@context\":\"https:\/\/schema.org\",\"@graph\":[{\"@type\":\"WebPage\",\"@id\":\"https:\/\/www.milanfierehotel.com\/fr\/hotel\/la-marque-voco\/\",\"url\":\"https:\/\/www.milanfierehotel.com\/fr\/hotel\/la-marque-voco\/\",\"name\":\"La marque voco\u00ae : confort, hospitalit\u00e9, lifestyle | voco\u00ae Milan-Fiere\",\"isPartOf\":{\"@id\":\"https:\/\/www.milanfierehotel.com\/fr\/#website\"},\"datePublished\":\"2022-06-29T14:19:43+00:00\",\"dateModified\":\"2022-08-31T12:11:00+00:00\",\"description\":\"Au voco\u00ae Hotel, profitez d'un s\u00e9jour unique \u00e0 Milan. Confort, hospitalit\u00e9 et lifestyle vous guideront dans cette exp\u00e9rience. D\u00e9couvrez un nouveau concept d'hospitalit\u00e9.\",\"breadcrumb\":{\"@id\":\"https:\/\/www.milanfierehotel.com\/fr\/hotel\/la-marque-voco\/#breadcrumb\"},\"inLanguage\":\"fr-FR\",\"potentialAction\":[{\"@type\":\"ReadAction\",\"target\":[\"https:\/\/www.milanfierehotel.com\/fr\/hotel\/la-marque-voco\/\"]}]},{\"@type\":\"BreadcrumbList\",\"@id\":\"https:\/\/www.milanfierehotel.com\/fr\/hotel\/la-marque-voco\/#breadcrumb\",\"itemListElement\":[{\"@type\":\"ListItem\",\"position\":1,\"name\":\"Home\",\"item\":\"https:\/\/www.milanfierehotel.com\/fr\/\"},{\"@type\":\"ListItem\",\"position\":2,\"name\":\"Hotel\",\"item\":\"https:\/\/www.milanfierehotel.com\/fr\/hotel\/\"},{\"@type\":\"ListItem\",\"position\":3,\"name\":\"La Marque Voco\"}]},{\"@type\":\"WebSite\",\"@id\":\"https:\/\/www.milanfierehotel.com\/fr\/#website\",\"url\":\"https:\/\/www.milanfierehotel.com\/fr\/\",\"name\":\"Voco Milan Fiere\",\"description\":\"Just another ms.decms.eu site\",\"publisher\":{\"@id\":\"https:\/\/www.milanfierehotel.com\/fr\/#organization\"},\"potentialAction\":[{\"@type\":\"SearchAction\",\"target\":{\"@type\":\"EntryPoint\",\"urlTemplate\":\"https:\/\/www.milanfierehotel.com\/fr\/?s={search_term_string}\"},\"query-input\":{\"@type\":\"PropertyValueSpecification\",\"valueRequired\":true,\"valueName\":\"search_term_string\"}}],\"inLanguage\":\"fr-FR\"},{\"@type\":\"Organization\",\"@id\":\"https:\/\/www.milanfierehotel.com\/fr\/#organization\",\"name\":\"Voco Milano Fiere\",\"url\":\"https:\/\/www.milanfierehotel.com\/fr\/\",\"logo\":{\"@type\":\"ImageObject\",\"inLanguage\":\"fr-FR\",\"@id\":\"https:\/\/www.milanfierehotel.com\/fr\/#\/schema\/logo\/image\/\",\"url\":\"https:\/\/www.milanfierehotel.com\/wp-content\/uploads\/sites\/402\/2022\/07\/02-Hotel-Reception-voco-Milan-Fiere.jpg\",\"contentUrl\":\"https:\/\/www.milanfierehotel.com\/wp-content\/uploads\/sites\/402\/2022\/07\/02-Hotel-Reception-voco-Milan-Fiere.jpg\",\"width\":2200,\"height\":1200,\"caption\":\"Voco Milano Fiere\"},\"image\":{\"@id\":\"https:\/\/www.milanfierehotel.com\/fr\/#\/schema\/logo\/image\/\"}}]}<\/script>\n<!-- \/ Yoast SEO plugin. -->","yoast_head_json":{"title":"La marque voco\u00ae : confort, hospitalit\u00e9, lifestyle | voco\u00ae Milan-Fiere","description":"Au voco\u00ae Hotel, profitez d'un s\u00e9jour unique \u00e0 Milan. Confort, hospitalit\u00e9 et lifestyle vous guideront dans cette exp\u00e9rience. D\u00e9couvrez un nouveau concept d'hospitalit\u00e9.","robots":{"index":"index","follow":"follow","max-snippet":"max-snippet:-1","max-image-preview":"max-image-preview:large","max-video-preview":"max-video-preview:-1"},"canonical":"https:\/\/www.milanfierehotel.com\/fr\/hotel\/la-marque-voco\/","og_locale":"fr_FR","og_type":"article","og_title":"La marque voco\u00ae : confort, hospitalit\u00e9, lifestyle | voco\u00ae Milan-Fiere","og_description":"Au voco\u00ae Hotel, profitez d'un s\u00e9jour unique \u00e0 Milan. Confort, hospitalit\u00e9 et lifestyle vous guideront dans cette exp\u00e9rience. D\u00e9couvrez un nouveau concept d'hospitalit\u00e9.","og_url":"https:\/\/www.milanfierehotel.com\/fr\/hotel\/la-marque-voco\/","og_site_name":"Voco Milan Fiere","article_modified_time":"2022-08-31T12:11:00+00:00","twitter_card":"summary_large_image","twitter_misc":{"Dur\u00e9e de lecture estim\u00e9e":"1 minute"},"schema":{"@context":"https:\/\/schema.org","@graph":[{"@type":"WebPage","@id":"https:\/\/www.milanfierehotel.com\/fr\/hotel\/la-marque-voco\/","url":"https:\/\/www.milanfierehotel.com\/fr\/hotel\/la-marque-voco\/","name":"La marque voco\u00ae : confort, hospitalit\u00e9, lifestyle | voco\u00ae Milan-Fiere","isPartOf":{"@id":"https:\/\/www.milanfierehotel.com\/fr\/#website"},"datePublished":"2022-06-29T14:19:43+00:00","dateModified":"2022-08-31T12:11:00+00:00","description":"Au voco\u00ae Hotel, profitez d'un s\u00e9jour unique \u00e0 Milan. Confort, hospitalit\u00e9 et lifestyle vous guideront dans cette exp\u00e9rience. D\u00e9couvrez un nouveau concept d'hospitalit\u00e9.","breadcrumb":{"@id":"https:\/\/www.milanfierehotel.com\/fr\/hotel\/la-marque-voco\/#breadcrumb"},"inLanguage":"fr-FR","potentialAction":[{"@type":"ReadAction","target":["https:\/\/www.milanfierehotel.com\/fr\/hotel\/la-marque-voco\/"]}]},{"@type":"BreadcrumbList","@id":"https:\/\/www.milanfierehotel.com\/fr\/hotel\/la-marque-voco\/#breadcrumb","itemListElement":[{"@type":"ListItem","position":1,"name":"Home","item":"https:\/\/www.milanfierehotel.com\/fr\/"},{"@type":"ListItem","position":2,"name":"Hotel","item":"https:\/\/www.milanfierehotel.com\/fr\/hotel\/"},{"@type":"ListItem","position":3,"name":"La Marque Voco"}]},{"@type":"WebSite","@id":"https:\/\/www.milanfierehotel.com\/fr\/#website","url":"https:\/\/www.milanfierehotel.com\/fr\/","name":"Voco Milan Fiere","description":"Just another ms.decms.eu site","publisher":{"@id":"https:\/\/www.milanfierehotel.com\/fr\/#organization"},"potentialAction":[{"@type":"SearchAction","target":{"@type":"EntryPoint","urlTemplate":"https:\/\/www.milanfierehotel.com\/fr\/?s={search_term_string}"},"query-input":{"@type":"PropertyValueSpecification","valueRequired":true,"valueName":"search_term_string"}}],"inLanguage":"fr-FR"},{"@type":"Organization","@id":"https:\/\/www.milanfierehotel.com\/fr\/#organization","name":"Voco Milano Fiere","url":"https:\/\/www.milanfierehotel.com\/fr\/","logo":{"@type":"ImageObject","inLanguage":"fr-FR","@id":"https:\/\/www.milanfierehotel.com\/fr\/#\/schema\/logo\/image\/","url":"https:\/\/www.milanfierehotel.com\/wp-content\/uploads\/sites\/402\/2022\/07\/02-Hotel-Reception-voco-Milan-Fiere.jpg","contentUrl":"https:\/\/www.milanfierehotel.com\/wp-content\/uploads\/sites\/402\/2022\/07\/02-Hotel-Reception-voco-Milan-Fiere.jpg","width":2200,"height":1200,"caption":"Voco Milano Fiere"},"image":{"@id":"https:\/\/www.milanfierehotel.com\/fr\/#\/schema\/logo\/image\/"}}]}},"acf":[],"_links":{"self":[{"href":"https:\/\/www.milanfierehotel.com\/fr\/wp-json\/wp\/v2\/pages\/460","targetHints":{"allow":["GET"]}}],"collection":[{"href":"https:\/\/www.milanfierehotel.com\/fr\/wp-json\/wp\/v2\/pages"}],"about":[{"href":"https:\/\/www.milanfierehotel.com\/fr\/wp-json\/wp\/v2\/types\/page"}],"author":[{"embeddable":true,"href":"https:\/\/www.milanfierehotel.com\/fr\/wp-json\/wp\/v2\/users\/6"}],"replies":[{"embeddable":true,"href":"https:\/\/www.milanfierehotel.com\/fr\/wp-json\/wp\/v2\/comments?post=460"}],"version-history":[{"count":0,"href":"https:\/\/www.milanfierehotel.com\/fr\/wp-json\/wp\/v2\/pages\/460\/revisions"}],"up":[{"embeddable":true,"href":"https:\/\/www.milanfierehotel.com\/fr\/wp-json\/wp\/v2\/pages\/458"}],"wp:attachment":[{"href":"https:\/\/www.milanfierehotel.com\/fr\/wp-json\/wp\/v2\/media?parent=460"}],"curies":[{"name":"wp","href":"https:\/\/api.w.org\/{rel}","templated":true}]}}