{"id":466,"date":"2022-06-29T14:46:11","date_gmt":"2022-06-29T14:46:11","guid":{"rendered":"https:\/\/vocomilanfieredefinitive.ms.decms.eu\/camere-e-suite\/"},"modified":"2025-03-20T16:52:05","modified_gmt":"2025-03-20T16:52:05","slug":"chambres-et-suites","status":"publish","type":"page","link":"https:\/\/www.milanfierehotel.com\/fr\/chambres-et-suites\/","title":{"rendered":"Chambres &amp; Suites"},"content":{"rendered":"<p><span style=\"font-weight: 400\">Chaque chambre de l\u2019h\u00f4tel a \u00e9t\u00e9 con\u00e7ue \u00e0 l\u2019enseigne du confort afin d\u2019en faire l\u2019environnement id\u00e9al autant pour une relaxation totale que pour une session de smart working, sans jamais oublier le <\/span><b>design<\/b><span style=\"font-weight: 400\">. Toutes les chambres sont spacieuses, lumineuses et confortables, offrant un mobilier moderne aux lignes sinueuses et un room service disponible H24.<\/span><\/p>\n","protected":false},"excerpt":{"rendered":"<p>Chaque chambre de l\u2019h\u00f4tel a \u00e9t\u00e9 con\u00e7ue \u00e0 l\u2019enseigne du confort afin d\u2019en faire l\u2019environnement id\u00e9al autant pour une relaxation totale que pour une session de smart working, sans jamais oublier le design. Toutes les chambres sont spacieuses, lumineuses et confortables, offrant un mobilier moderne aux lignes sinueuses et un room service disponible H24.<\/p>\n","protected":false},"author":6,"featured_media":0,"parent":0,"menu_order":20,"comment_status":"closed","ping_status":"closed","template":"template-rooms.php","meta":{"footnotes":""},"class_list":["post-466","page","type-page","status-publish","hentry"],"yoast_head":"<!-- This site is optimized with the Yoast SEO plugin v26.9 - https:\/\/yoast.com\/product\/yoast-seo-wordpress\/ -->\n<title>Chambres et suites : premium, accessibles | voco\u00ae Milan-Fiere<\/title>\n<meta name=\"description\" content=\"D\u00e9couvrez les chambres et suites pour votre s\u00e9jour \u00e0 Milan. Des solutions Premium \u00e0 prix attractifs pour les s\u00e9jours d&#039;affaires et les voyages en famille. D\u00e9couvrez tout ce que le voco\u00ae Milan-Fiere a de pr\u00e9cieux \u00e0 vous offrir.\" \/>\n<meta name=\"robots\" content=\"index, follow, max-snippet:-1, max-image-preview:large, max-video-preview:-1\" \/>\n<link rel=\"canonical\" href=\"https:\/\/www.milanfierehotel.com\/fr\/chambres-et-suites\/\" \/>\n<meta property=\"og:locale\" content=\"fr_FR\" \/>\n<meta property=\"og:type\" content=\"article\" \/>\n<meta property=\"og:title\" content=\"Chambres et suites : premium, accessibles | voco\u00ae Milan-Fiere\" \/>\n<meta property=\"og:description\" content=\"D\u00e9couvrez les chambres et suites pour votre s\u00e9jour \u00e0 Milan. Des solutions Premium \u00e0 prix attractifs pour les s\u00e9jours d&#039;affaires et les voyages en famille. D\u00e9couvrez tout ce que le voco\u00ae Milan-Fiere a de pr\u00e9cieux \u00e0 vous offrir.\" \/>\n<meta property=\"og:url\" content=\"https:\/\/www.milanfierehotel.com\/fr\/chambres-et-suites\/\" \/>\n<meta property=\"og:site_name\" content=\"Voco Milan Fiere\" \/>\n<meta property=\"article:modified_time\" content=\"2025-03-20T16:52:05+00:00\" \/>\n<meta name=\"twitter:card\" content=\"summary_large_image\" \/>\n<meta name=\"twitter:label1\" content=\"Dur\u00e9e de lecture estim\u00e9e\" \/>\n\t<meta name=\"twitter:data1\" content=\"1 minute\" \/>\n<script type=\"application\/ld+json\" class=\"yoast-schema-graph\">{\"@context\":\"https:\/\/schema.org\",\"@graph\":[{\"@type\":\"WebPage\",\"@id\":\"https:\/\/www.milanfierehotel.com\/fr\/chambres-et-suites\/\",\"url\":\"https:\/\/www.milanfierehotel.com\/fr\/chambres-et-suites\/\",\"name\":\"Chambres et suites : premium, accessibles | voco\u00ae Milan-Fiere\",\"isPartOf\":{\"@id\":\"https:\/\/www.milanfierehotel.com\/fr\/#website\"},\"datePublished\":\"2022-06-29T14:46:11+00:00\",\"dateModified\":\"2025-03-20T16:52:05+00:00\",\"description\":\"D\u00e9couvrez les chambres et suites pour votre s\u00e9jour \u00e0 Milan. Des solutions Premium \u00e0 prix attractifs pour les s\u00e9jours d'affaires et les voyages en famille. D\u00e9couvrez tout ce que le voco\u00ae Milan-Fiere a de pr\u00e9cieux \u00e0 vous offrir.\",\"breadcrumb\":{\"@id\":\"https:\/\/www.milanfierehotel.com\/fr\/chambres-et-suites\/#breadcrumb\"},\"inLanguage\":\"fr-FR\",\"potentialAction\":[{\"@type\":\"ReadAction\",\"target\":[\"https:\/\/www.milanfierehotel.com\/fr\/chambres-et-suites\/\"]}]},{\"@type\":\"BreadcrumbList\",\"@id\":\"https:\/\/www.milanfierehotel.com\/fr\/chambres-et-suites\/#breadcrumb\",\"itemListElement\":[{\"@type\":\"ListItem\",\"position\":1,\"name\":\"Home\",\"item\":\"https:\/\/www.milanfierehotel.com\/fr\/\"},{\"@type\":\"ListItem\",\"position\":2,\"name\":\"Chambres &amp; Suites\"}]},{\"@type\":\"WebSite\",\"@id\":\"https:\/\/www.milanfierehotel.com\/fr\/#website\",\"url\":\"https:\/\/www.milanfierehotel.com\/fr\/\",\"name\":\"Voco Milan Fiere\",\"description\":\"Just another ms.decms.eu site\",\"publisher\":{\"@id\":\"https:\/\/www.milanfierehotel.com\/fr\/#organization\"},\"potentialAction\":[{\"@type\":\"SearchAction\",\"target\":{\"@type\":\"EntryPoint\",\"urlTemplate\":\"https:\/\/www.milanfierehotel.com\/fr\/?s={search_term_string}\"},\"query-input\":{\"@type\":\"PropertyValueSpecification\",\"valueRequired\":true,\"valueName\":\"search_term_string\"}}],\"inLanguage\":\"fr-FR\"},{\"@type\":\"Organization\",\"@id\":\"https:\/\/www.milanfierehotel.com\/fr\/#organization\",\"name\":\"Voco Milano Fiere\",\"url\":\"https:\/\/www.milanfierehotel.com\/fr\/\",\"logo\":{\"@type\":\"ImageObject\",\"inLanguage\":\"fr-FR\",\"@id\":\"https:\/\/www.milanfierehotel.com\/fr\/#\/schema\/logo\/image\/\",\"url\":\"https:\/\/www.milanfierehotel.com\/wp-content\/uploads\/sites\/402\/2022\/07\/02-Hotel-Reception-voco-Milan-Fiere.jpg\",\"contentUrl\":\"https:\/\/www.milanfierehotel.com\/wp-content\/uploads\/sites\/402\/2022\/07\/02-Hotel-Reception-voco-Milan-Fiere.jpg\",\"width\":2200,\"height\":1200,\"caption\":\"Voco Milano Fiere\"},\"image\":{\"@id\":\"https:\/\/www.milanfierehotel.com\/fr\/#\/schema\/logo\/image\/\"}}]}<\/script>\n<!-- \/ Yoast SEO plugin. -->","yoast_head_json":{"title":"Chambres et suites : premium, accessibles | voco\u00ae Milan-Fiere","description":"D\u00e9couvrez les chambres et suites pour votre s\u00e9jour \u00e0 Milan. Des solutions Premium \u00e0 prix attractifs pour les s\u00e9jours d'affaires et les voyages en famille. D\u00e9couvrez tout ce que le voco\u00ae Milan-Fiere a de pr\u00e9cieux \u00e0 vous offrir.","robots":{"index":"index","follow":"follow","max-snippet":"max-snippet:-1","max-image-preview":"max-image-preview:large","max-video-preview":"max-video-preview:-1"},"canonical":"https:\/\/www.milanfierehotel.com\/fr\/chambres-et-suites\/","og_locale":"fr_FR","og_type":"article","og_title":"Chambres et suites : premium, accessibles | voco\u00ae Milan-Fiere","og_description":"D\u00e9couvrez les chambres et suites pour votre s\u00e9jour \u00e0 Milan. Des solutions Premium \u00e0 prix attractifs pour les s\u00e9jours d'affaires et les voyages en famille. D\u00e9couvrez tout ce que le voco\u00ae Milan-Fiere a de pr\u00e9cieux \u00e0 vous offrir.","og_url":"https:\/\/www.milanfierehotel.com\/fr\/chambres-et-suites\/","og_site_name":"Voco Milan Fiere","article_modified_time":"2025-03-20T16:52:05+00:00","twitter_card":"summary_large_image","twitter_misc":{"Dur\u00e9e de lecture estim\u00e9e":"1 minute"},"schema":{"@context":"https:\/\/schema.org","@graph":[{"@type":"WebPage","@id":"https:\/\/www.milanfierehotel.com\/fr\/chambres-et-suites\/","url":"https:\/\/www.milanfierehotel.com\/fr\/chambres-et-suites\/","name":"Chambres et suites : premium, accessibles | voco\u00ae Milan-Fiere","isPartOf":{"@id":"https:\/\/www.milanfierehotel.com\/fr\/#website"},"datePublished":"2022-06-29T14:46:11+00:00","dateModified":"2025-03-20T16:52:05+00:00","description":"D\u00e9couvrez les chambres et suites pour votre s\u00e9jour \u00e0 Milan. Des solutions Premium \u00e0 prix attractifs pour les s\u00e9jours d'affaires et les voyages en famille. D\u00e9couvrez tout ce que le voco\u00ae Milan-Fiere a de pr\u00e9cieux \u00e0 vous offrir.","breadcrumb":{"@id":"https:\/\/www.milanfierehotel.com\/fr\/chambres-et-suites\/#breadcrumb"},"inLanguage":"fr-FR","potentialAction":[{"@type":"ReadAction","target":["https:\/\/www.milanfierehotel.com\/fr\/chambres-et-suites\/"]}]},{"@type":"BreadcrumbList","@id":"https:\/\/www.milanfierehotel.com\/fr\/chambres-et-suites\/#breadcrumb","itemListElement":[{"@type":"ListItem","position":1,"name":"Home","item":"https:\/\/www.milanfierehotel.com\/fr\/"},{"@type":"ListItem","position":2,"name":"Chambres &amp; Suites"}]},{"@type":"WebSite","@id":"https:\/\/www.milanfierehotel.com\/fr\/#website","url":"https:\/\/www.milanfierehotel.com\/fr\/","name":"Voco Milan Fiere","description":"Just another ms.decms.eu site","publisher":{"@id":"https:\/\/www.milanfierehotel.com\/fr\/#organization"},"potentialAction":[{"@type":"SearchAction","target":{"@type":"EntryPoint","urlTemplate":"https:\/\/www.milanfierehotel.com\/fr\/?s={search_term_string}"},"query-input":{"@type":"PropertyValueSpecification","valueRequired":true,"valueName":"search_term_string"}}],"inLanguage":"fr-FR"},{"@type":"Organization","@id":"https:\/\/www.milanfierehotel.com\/fr\/#organization","name":"Voco Milano Fiere","url":"https:\/\/www.milanfierehotel.com\/fr\/","logo":{"@type":"ImageObject","inLanguage":"fr-FR","@id":"https:\/\/www.milanfierehotel.com\/fr\/#\/schema\/logo\/image\/","url":"https:\/\/www.milanfierehotel.com\/wp-content\/uploads\/sites\/402\/2022\/07\/02-Hotel-Reception-voco-Milan-Fiere.jpg","contentUrl":"https:\/\/www.milanfierehotel.com\/wp-content\/uploads\/sites\/402\/2022\/07\/02-Hotel-Reception-voco-Milan-Fiere.jpg","width":2200,"height":1200,"caption":"Voco Milano Fiere"},"image":{"@id":"https:\/\/www.milanfierehotel.com\/fr\/#\/schema\/logo\/image\/"}}]}},"acf":[],"_links":{"self":[{"href":"https:\/\/www.milanfierehotel.com\/fr\/wp-json\/wp\/v2\/pages\/466","targetHints":{"allow":["GET"]}}],"collection":[{"href":"https:\/\/www.milanfierehotel.com\/fr\/wp-json\/wp\/v2\/pages"}],"about":[{"href":"https:\/\/www.milanfierehotel.com\/fr\/wp-json\/wp\/v2\/types\/page"}],"author":[{"embeddable":true,"href":"https:\/\/www.milanfierehotel.com\/fr\/wp-json\/wp\/v2\/users\/6"}],"replies":[{"embeddable":true,"href":"https:\/\/www.milanfierehotel.com\/fr\/wp-json\/wp\/v2\/comments?post=466"}],"version-history":[{"count":0,"href":"https:\/\/www.milanfierehotel.com\/fr\/wp-json\/wp\/v2\/pages\/466\/revisions"}],"wp:attachment":[{"href":"https:\/\/www.milanfierehotel.com\/fr\/wp-json\/wp\/v2\/media?parent=466"}],"curies":[{"name":"wp","href":"https:\/\/api.w.org\/{rel}","templated":true}]}}