{"id":468,"date":"2022-06-29T14:48:30","date_gmt":"2022-06-29T14:48:30","guid":{"rendered":"https:\/\/vocomilanfieredefinitive.ms.decms.eu\/camere-e-suite\/camere-standard\/"},"modified":"2025-03-20T16:55:01","modified_gmt":"2025-03-20T16:55:01","slug":"chambres-standard","status":"publish","type":"page","link":"https:\/\/www.milanfierehotel.com\/fr\/chambres-et-suites\/chambres-standard\/","title":{"rendered":"Chambres Standard"},"content":{"rendered":"<p><span style=\"font-weight: 400\">Parfaites autant pour le relax que pour le smart working, nos chambres standard sont <\/span><b>id\u00e9ales pour les voyageurs d&rsquo;affaires<\/b><span style=\"font-weight: 400\"> et tous ceux \u00e0 la recherche d\u2019un havre de paix pour se reposer dans un parfait style voco\u00ae Milan-Fiere. \u00c9quip\u00e9es d&rsquo;une TV LCD avec Chromecast et Wi-Fi, elles disposent d\u2019un minibar totalement d\u00e9pourvu de plastique, de couvre-lits r\u00e9alis\u00e9s \u00e0 partir de mat\u00e9riaux 100% recycl\u00e9s et d\u2019un petit fer \u00e0 repasser avec planche, id\u00e9al pour les retouches de derni\u00e8re minute.<\/span><\/p>\n","protected":false},"excerpt":{"rendered":"<p>Parfaites autant pour le relax que pour le smart working, nos chambres standard sont id\u00e9ales pour les voyageurs d&rsquo;affaires et tous ceux \u00e0 la recherche d\u2019un havre de paix pour se reposer dans un parfait style voco\u00ae Milan-Fiere. \u00c9quip\u00e9es d&rsquo;une TV LCD avec Chromecast et Wi-Fi, elles disposent d\u2019un minibar totalement d\u00e9pourvu de plastique, de [&hellip;]<\/p>\n","protected":false},"author":6,"featured_media":0,"parent":466,"menu_order":21,"comment_status":"closed","ping_status":"closed","template":"template-single-room.php","meta":{"footnotes":""},"class_list":["post-468","page","type-page","status-publish","hentry"],"yoast_head":"<!-- This site is optimized with the Yoast SEO plugin v26.9 - https:\/\/yoast.com\/product\/yoast-seo-wordpress\/ -->\n<title>Chambres standard : lits simples ou doubles | voco\u00ae Milan-Fiere<\/title>\n<meta name=\"description\" content=\"Profitez des chambres standard du voco\u00ae pour un s\u00e9jour m\u00e9morable tout confort : lits simples ou doubles en fonction de vos besoins. Cliquez pour r\u00e9server.\" \/>\n<meta name=\"robots\" content=\"index, follow, max-snippet:-1, max-image-preview:large, max-video-preview:-1\" \/>\n<link rel=\"canonical\" href=\"https:\/\/www.milanfierehotel.com\/fr\/chambres-et-suites\/chambres-standard\/\" \/>\n<meta property=\"og:locale\" content=\"fr_FR\" \/>\n<meta property=\"og:type\" content=\"article\" \/>\n<meta property=\"og:title\" content=\"Chambres standard : lits simples ou doubles | voco\u00ae Milan-Fiere\" \/>\n<meta property=\"og:description\" content=\"Profitez des chambres standard du voco\u00ae pour un s\u00e9jour m\u00e9morable tout confort : lits simples ou doubles en fonction de vos besoins. Cliquez pour r\u00e9server.\" \/>\n<meta property=\"og:url\" content=\"https:\/\/www.milanfierehotel.com\/fr\/chambres-et-suites\/chambres-standard\/\" \/>\n<meta property=\"og:site_name\" content=\"Voco Milan Fiere\" \/>\n<meta property=\"article:modified_time\" content=\"2025-03-20T16:55:01+00:00\" \/>\n<meta name=\"twitter:card\" content=\"summary_large_image\" \/>\n<meta name=\"twitter:label1\" content=\"Dur\u00e9e de lecture estim\u00e9e\" \/>\n\t<meta name=\"twitter:data1\" content=\"1 minute\" \/>\n<script type=\"application\/ld+json\" class=\"yoast-schema-graph\">{\"@context\":\"https:\/\/schema.org\",\"@graph\":[{\"@type\":\"WebPage\",\"@id\":\"https:\/\/www.milanfierehotel.com\/fr\/chambres-et-suites\/chambres-standard\/\",\"url\":\"https:\/\/www.milanfierehotel.com\/fr\/chambres-et-suites\/chambres-standard\/\",\"name\":\"Chambres standard : lits simples ou doubles | voco\u00ae Milan-Fiere\",\"isPartOf\":{\"@id\":\"https:\/\/www.milanfierehotel.com\/fr\/#website\"},\"datePublished\":\"2022-06-29T14:48:30+00:00\",\"dateModified\":\"2025-03-20T16:55:01+00:00\",\"description\":\"Profitez des chambres standard du voco\u00ae pour un s\u00e9jour m\u00e9morable tout confort : lits simples ou doubles en fonction de vos besoins. Cliquez pour r\u00e9server.\",\"breadcrumb\":{\"@id\":\"https:\/\/www.milanfierehotel.com\/fr\/chambres-et-suites\/chambres-standard\/#breadcrumb\"},\"inLanguage\":\"fr-FR\",\"potentialAction\":[{\"@type\":\"ReadAction\",\"target\":[\"https:\/\/www.milanfierehotel.com\/fr\/chambres-et-suites\/chambres-standard\/\"]}]},{\"@type\":\"BreadcrumbList\",\"@id\":\"https:\/\/www.milanfierehotel.com\/fr\/chambres-et-suites\/chambres-standard\/#breadcrumb\",\"itemListElement\":[{\"@type\":\"ListItem\",\"position\":1,\"name\":\"Home\",\"item\":\"https:\/\/www.milanfierehotel.com\/fr\/\"},{\"@type\":\"ListItem\",\"position\":2,\"name\":\"Chambres &amp; Suites\",\"item\":\"https:\/\/www.milanfierehotel.com\/fr\/chambres-et-suites\/\"},{\"@type\":\"ListItem\",\"position\":3,\"name\":\"Chambres Standard\"}]},{\"@type\":\"WebSite\",\"@id\":\"https:\/\/www.milanfierehotel.com\/fr\/#website\",\"url\":\"https:\/\/www.milanfierehotel.com\/fr\/\",\"name\":\"Voco Milan Fiere\",\"description\":\"Just another ms.decms.eu site\",\"publisher\":{\"@id\":\"https:\/\/www.milanfierehotel.com\/fr\/#organization\"},\"potentialAction\":[{\"@type\":\"SearchAction\",\"target\":{\"@type\":\"EntryPoint\",\"urlTemplate\":\"https:\/\/www.milanfierehotel.com\/fr\/?s={search_term_string}\"},\"query-input\":{\"@type\":\"PropertyValueSpecification\",\"valueRequired\":true,\"valueName\":\"search_term_string\"}}],\"inLanguage\":\"fr-FR\"},{\"@type\":\"Organization\",\"@id\":\"https:\/\/www.milanfierehotel.com\/fr\/#organization\",\"name\":\"Voco Milano Fiere\",\"url\":\"https:\/\/www.milanfierehotel.com\/fr\/\",\"logo\":{\"@type\":\"ImageObject\",\"inLanguage\":\"fr-FR\",\"@id\":\"https:\/\/www.milanfierehotel.com\/fr\/#\/schema\/logo\/image\/\",\"url\":\"https:\/\/www.milanfierehotel.com\/wp-content\/uploads\/sites\/402\/2022\/07\/02-Hotel-Reception-voco-Milan-Fiere.jpg\",\"contentUrl\":\"https:\/\/www.milanfierehotel.com\/wp-content\/uploads\/sites\/402\/2022\/07\/02-Hotel-Reception-voco-Milan-Fiere.jpg\",\"width\":2200,\"height\":1200,\"caption\":\"Voco Milano Fiere\"},\"image\":{\"@id\":\"https:\/\/www.milanfierehotel.com\/fr\/#\/schema\/logo\/image\/\"}}]}<\/script>\n<!-- \/ Yoast SEO plugin. -->","yoast_head_json":{"title":"Chambres standard : lits simples ou doubles | voco\u00ae Milan-Fiere","description":"Profitez des chambres standard du voco\u00ae pour un s\u00e9jour m\u00e9morable tout confort : lits simples ou doubles en fonction de vos besoins. Cliquez pour r\u00e9server.","robots":{"index":"index","follow":"follow","max-snippet":"max-snippet:-1","max-image-preview":"max-image-preview:large","max-video-preview":"max-video-preview:-1"},"canonical":"https:\/\/www.milanfierehotel.com\/fr\/chambres-et-suites\/chambres-standard\/","og_locale":"fr_FR","og_type":"article","og_title":"Chambres standard : lits simples ou doubles | voco\u00ae Milan-Fiere","og_description":"Profitez des chambres standard du voco\u00ae pour un s\u00e9jour m\u00e9morable tout confort : lits simples ou doubles en fonction de vos besoins. Cliquez pour r\u00e9server.","og_url":"https:\/\/www.milanfierehotel.com\/fr\/chambres-et-suites\/chambres-standard\/","og_site_name":"Voco Milan Fiere","article_modified_time":"2025-03-20T16:55:01+00:00","twitter_card":"summary_large_image","twitter_misc":{"Dur\u00e9e de lecture estim\u00e9e":"1 minute"},"schema":{"@context":"https:\/\/schema.org","@graph":[{"@type":"WebPage","@id":"https:\/\/www.milanfierehotel.com\/fr\/chambres-et-suites\/chambres-standard\/","url":"https:\/\/www.milanfierehotel.com\/fr\/chambres-et-suites\/chambres-standard\/","name":"Chambres standard : lits simples ou doubles | voco\u00ae Milan-Fiere","isPartOf":{"@id":"https:\/\/www.milanfierehotel.com\/fr\/#website"},"datePublished":"2022-06-29T14:48:30+00:00","dateModified":"2025-03-20T16:55:01+00:00","description":"Profitez des chambres standard du voco\u00ae pour un s\u00e9jour m\u00e9morable tout confort : lits simples ou doubles en fonction de vos besoins. Cliquez pour r\u00e9server.","breadcrumb":{"@id":"https:\/\/www.milanfierehotel.com\/fr\/chambres-et-suites\/chambres-standard\/#breadcrumb"},"inLanguage":"fr-FR","potentialAction":[{"@type":"ReadAction","target":["https:\/\/www.milanfierehotel.com\/fr\/chambres-et-suites\/chambres-standard\/"]}]},{"@type":"BreadcrumbList","@id":"https:\/\/www.milanfierehotel.com\/fr\/chambres-et-suites\/chambres-standard\/#breadcrumb","itemListElement":[{"@type":"ListItem","position":1,"name":"Home","item":"https:\/\/www.milanfierehotel.com\/fr\/"},{"@type":"ListItem","position":2,"name":"Chambres &amp; Suites","item":"https:\/\/www.milanfierehotel.com\/fr\/chambres-et-suites\/"},{"@type":"ListItem","position":3,"name":"Chambres Standard"}]},{"@type":"WebSite","@id":"https:\/\/www.milanfierehotel.com\/fr\/#website","url":"https:\/\/www.milanfierehotel.com\/fr\/","name":"Voco Milan Fiere","description":"Just another ms.decms.eu site","publisher":{"@id":"https:\/\/www.milanfierehotel.com\/fr\/#organization"},"potentialAction":[{"@type":"SearchAction","target":{"@type":"EntryPoint","urlTemplate":"https:\/\/www.milanfierehotel.com\/fr\/?s={search_term_string}"},"query-input":{"@type":"PropertyValueSpecification","valueRequired":true,"valueName":"search_term_string"}}],"inLanguage":"fr-FR"},{"@type":"Organization","@id":"https:\/\/www.milanfierehotel.com\/fr\/#organization","name":"Voco Milano Fiere","url":"https:\/\/www.milanfierehotel.com\/fr\/","logo":{"@type":"ImageObject","inLanguage":"fr-FR","@id":"https:\/\/www.milanfierehotel.com\/fr\/#\/schema\/logo\/image\/","url":"https:\/\/www.milanfierehotel.com\/wp-content\/uploads\/sites\/402\/2022\/07\/02-Hotel-Reception-voco-Milan-Fiere.jpg","contentUrl":"https:\/\/www.milanfierehotel.com\/wp-content\/uploads\/sites\/402\/2022\/07\/02-Hotel-Reception-voco-Milan-Fiere.jpg","width":2200,"height":1200,"caption":"Voco Milano Fiere"},"image":{"@id":"https:\/\/www.milanfierehotel.com\/fr\/#\/schema\/logo\/image\/"}}]}},"acf":[],"_links":{"self":[{"href":"https:\/\/www.milanfierehotel.com\/fr\/wp-json\/wp\/v2\/pages\/468","targetHints":{"allow":["GET"]}}],"collection":[{"href":"https:\/\/www.milanfierehotel.com\/fr\/wp-json\/wp\/v2\/pages"}],"about":[{"href":"https:\/\/www.milanfierehotel.com\/fr\/wp-json\/wp\/v2\/types\/page"}],"author":[{"embeddable":true,"href":"https:\/\/www.milanfierehotel.com\/fr\/wp-json\/wp\/v2\/users\/6"}],"replies":[{"embeddable":true,"href":"https:\/\/www.milanfierehotel.com\/fr\/wp-json\/wp\/v2\/comments?post=468"}],"version-history":[{"count":0,"href":"https:\/\/www.milanfierehotel.com\/fr\/wp-json\/wp\/v2\/pages\/468\/revisions"}],"up":[{"embeddable":true,"href":"https:\/\/www.milanfierehotel.com\/fr\/wp-json\/wp\/v2\/pages\/466"}],"wp:attachment":[{"href":"https:\/\/www.milanfierehotel.com\/fr\/wp-json\/wp\/v2\/media?parent=468"}],"curies":[{"name":"wp","href":"https:\/\/api.w.org\/{rel}","templated":true}]}}