{"id":480,"date":"2022-06-29T15:12:03","date_gmt":"2022-06-29T15:12:03","guid":{"rendered":"https:\/\/vocomilanfieredefinitive.ms.decms.eu\/bar-e-ristorante\/onfire-restaurant\/"},"modified":"2025-05-28T13:23:47","modified_gmt":"2025-05-28T13:23:47","slug":"onfire-restaurant","status":"publish","type":"page","link":"https:\/\/www.milanfierehotel.com\/fr\/bar-et-restaurant\/onfire-restaurant\/","title":{"rendered":"OnFire Restaurant"},"content":{"rendered":"<p><span style=\"font-weight: 400\">Au voco\u00ae Milan-Fiere, nous prenons soin de votre bien-\u00eatre, de votre forme physique \u00e0 votre alimentation : notre restaurant sp\u00e9cialis\u00e9 dans la <\/span><b>cuisson \u00e0 flamme vive<\/b><span style=\"font-weight: 400\"> vous propose de savourer de belles pi\u00e8ces de viande tout en assistant \u00e0 un v\u00e9ritable <\/span><b>show cooking<\/b><span style=\"font-weight: 400\">.\u00a0<\/span><span style=\"font-weight: 400\">Profitez du spectacle offert par notre chef durant la pr\u00e9paration de plats uniques, \u00e9labor\u00e9s \u00e0 partir des <\/span><b>meilleurs ingr\u00e9dients de saison<\/b><span style=\"font-weight: 400\">, tout en discutant entre coll\u00e8gues ou profitez d&rsquo;un d\u00eener d&rsquo;affaires alternatif qui divertira vos clients.<\/span><\/p>\n<p><span style=\"font-weight: 400\">OnFire est en effet parfaitement adapt\u00e9 aux d\u00eeners d&rsquo;affaires, mais pas seulement, c&rsquo;est aussi le choix id\u00e9al pour tous ceux qui recherchent un restaurant innovant \u00e0 d\u00e9couvrir entre amis ou coll\u00e8gues : notre <\/span><b>restaurant est ouvert \u00e0 tous! <\/b><span style=\"font-weight: 400\">Sp\u00e9cialis\u00e9 dans les grillades, notre chef vous pr\u00e9parera des plats uniques et l\u00e9gers aux saveurs m\u00e9diterran\u00e9ennes, privil\u00e9giant la cuisson \u00e0 la flamme vive pour cr\u00e9er des <\/span><b>plats sains \u00e0 la saveur inoubliable<\/b><span style=\"font-weight: 400\"> et qui pr\u00e9serve les propri\u00e9t\u00e9s organoleptiques des ingr\u00e9dients. OnFire est le choix id\u00e9al pour tous les amateurs d\u2019une cuisine saine qui sait proposer des plats savoureux et d\u00e9licieux. <\/span><\/p>\n<p><b>Heures d&rsquo;ouverture : <\/b><span style=\"font-weight: 400\"><br \/>\n<\/span>Ouvert tous les soirs de 19h30 \u00e0 22h30<\/p>\n","protected":false},"excerpt":{"rendered":"<p>Au voco\u00ae Milan-Fiere, nous prenons soin de votre bien-\u00eatre, de votre forme physique \u00e0 votre alimentation : notre restaurant sp\u00e9cialis\u00e9 dans la cuisson \u00e0 flamme vive vous propose de savourer de belles pi\u00e8ces de viande tout en assistant \u00e0 un v\u00e9ritable show cooking.\u00a0Profitez du spectacle offert par notre chef durant la pr\u00e9paration de plats uniques, [&hellip;]<\/p>\n","protected":false},"author":6,"featured_media":359,"parent":478,"menu_order":31,"comment_status":"closed","ping_status":"closed","template":"template-single-restaurant.php","meta":{"footnotes":""},"class_list":["post-480","page","type-page","status-publish","has-post-thumbnail","hentry"],"yoast_head":"<!-- This site is optimized with the Yoast SEO plugin v26.9 - https:\/\/yoast.com\/product\/yoast-seo-wordpress\/ -->\n<title>Restaurant OnFire Milano Fiera avec show-grill<\/title>\n<meta name=\"description\" content=\"Venez vous r\u00e9galer au OnFire Restaurant et laissez-vous s\u00e9duire par le show-grill. Des ingr\u00e9dients s\u00e9lectionn\u00e9s pour une exp\u00e9rience divertissante et gourmande.\" \/>\n<meta name=\"robots\" content=\"index, follow, max-snippet:-1, max-image-preview:large, max-video-preview:-1\" \/>\n<link rel=\"canonical\" href=\"https:\/\/www.milanfierehotel.com\/fr\/bar-et-restaurant\/onfire-restaurant\/\" \/>\n<meta property=\"og:locale\" content=\"fr_FR\" \/>\n<meta property=\"og:type\" content=\"article\" \/>\n<meta property=\"og:title\" content=\"Restaurant OnFire Milano Fiera avec show-grill\" \/>\n<meta property=\"og:description\" content=\"Venez vous r\u00e9galer au OnFire Restaurant et laissez-vous s\u00e9duire par le show-grill. Des ingr\u00e9dients s\u00e9lectionn\u00e9s pour une exp\u00e9rience divertissante et gourmande.\" \/>\n<meta property=\"og:url\" content=\"https:\/\/www.milanfierehotel.com\/fr\/bar-et-restaurant\/onfire-restaurant\/\" \/>\n<meta property=\"og:site_name\" content=\"Voco Milan Fiere\" \/>\n<meta property=\"article:modified_time\" content=\"2025-05-28T13:23:47+00:00\" \/>\n<meta property=\"og:image\" content=\"https:\/\/www.milanfierehotel.com\/wp-content\/uploads\/sites\/402\/2022\/07\/1-Grilled-Meat-OnFire-Restaurant-voco-Milan-Fiere.jpg\" \/>\n\t<meta property=\"og:image:width\" content=\"2200\" \/>\n\t<meta property=\"og:image:height\" content=\"1200\" \/>\n\t<meta property=\"og:image:type\" content=\"image\/jpeg\" \/>\n<meta name=\"twitter:card\" content=\"summary_large_image\" \/>\n<meta name=\"twitter:label1\" content=\"Dur\u00e9e de lecture estim\u00e9e\" \/>\n\t<meta name=\"twitter:data1\" content=\"2 minutes\" \/>\n<script type=\"application\/ld+json\" class=\"yoast-schema-graph\">{\"@context\":\"https:\/\/schema.org\",\"@graph\":[{\"@type\":\"WebPage\",\"@id\":\"https:\/\/www.milanfierehotel.com\/fr\/bar-et-restaurant\/onfire-restaurant\/\",\"url\":\"https:\/\/www.milanfierehotel.com\/fr\/bar-et-restaurant\/onfire-restaurant\/\",\"name\":\"Restaurant OnFire Milano Fiera avec show-grill\",\"isPartOf\":{\"@id\":\"https:\/\/www.milanfierehotel.com\/fr\/#website\"},\"primaryImageOfPage\":{\"@id\":\"https:\/\/www.milanfierehotel.com\/fr\/bar-et-restaurant\/onfire-restaurant\/#primaryimage\"},\"image\":{\"@id\":\"https:\/\/www.milanfierehotel.com\/fr\/bar-et-restaurant\/onfire-restaurant\/#primaryimage\"},\"thumbnailUrl\":\"https:\/\/www.milanfierehotel.com\/wp-content\/uploads\/sites\/402\/2022\/07\/1-Grilled-Meat-OnFire-Restaurant-voco-Milan-Fiere.jpg\",\"datePublished\":\"2022-06-29T15:12:03+00:00\",\"dateModified\":\"2025-05-28T13:23:47+00:00\",\"description\":\"Venez vous r\u00e9galer au OnFire Restaurant et laissez-vous s\u00e9duire par le show-grill. Des ingr\u00e9dients s\u00e9lectionn\u00e9s pour une exp\u00e9rience divertissante et gourmande.\",\"breadcrumb\":{\"@id\":\"https:\/\/www.milanfierehotel.com\/fr\/bar-et-restaurant\/onfire-restaurant\/#breadcrumb\"},\"inLanguage\":\"fr-FR\",\"potentialAction\":[{\"@type\":\"ReadAction\",\"target\":[\"https:\/\/www.milanfierehotel.com\/fr\/bar-et-restaurant\/onfire-restaurant\/\"]}]},{\"@type\":\"ImageObject\",\"inLanguage\":\"fr-FR\",\"@id\":\"https:\/\/www.milanfierehotel.com\/fr\/bar-et-restaurant\/onfire-restaurant\/#primaryimage\",\"url\":\"https:\/\/www.milanfierehotel.com\/wp-content\/uploads\/sites\/402\/2022\/07\/1-Grilled-Meat-OnFire-Restaurant-voco-Milan-Fiere.jpg\",\"contentUrl\":\"https:\/\/www.milanfierehotel.com\/wp-content\/uploads\/sites\/402\/2022\/07\/1-Grilled-Meat-OnFire-Restaurant-voco-Milan-Fiere.jpg\",\"width\":2200,\"height\":1200},{\"@type\":\"BreadcrumbList\",\"@id\":\"https:\/\/www.milanfierehotel.com\/fr\/bar-et-restaurant\/onfire-restaurant\/#breadcrumb\",\"itemListElement\":[{\"@type\":\"ListItem\",\"position\":1,\"name\":\"Home\",\"item\":\"https:\/\/www.milanfierehotel.com\/fr\/\"},{\"@type\":\"ListItem\",\"position\":2,\"name\":\"Bar &amp; Restaurant\",\"item\":\"https:\/\/www.milanfierehotel.com\/fr\/bar-et-restaurant\/\"},{\"@type\":\"ListItem\",\"position\":3,\"name\":\"OnFire Restaurant\"}]},{\"@type\":\"WebSite\",\"@id\":\"https:\/\/www.milanfierehotel.com\/fr\/#website\",\"url\":\"https:\/\/www.milanfierehotel.com\/fr\/\",\"name\":\"Voco Milan Fiere\",\"description\":\"Just another ms.decms.eu site\",\"publisher\":{\"@id\":\"https:\/\/www.milanfierehotel.com\/fr\/#organization\"},\"potentialAction\":[{\"@type\":\"SearchAction\",\"target\":{\"@type\":\"EntryPoint\",\"urlTemplate\":\"https:\/\/www.milanfierehotel.com\/fr\/?s={search_term_string}\"},\"query-input\":{\"@type\":\"PropertyValueSpecification\",\"valueRequired\":true,\"valueName\":\"search_term_string\"}}],\"inLanguage\":\"fr-FR\"},{\"@type\":\"Organization\",\"@id\":\"https:\/\/www.milanfierehotel.com\/fr\/#organization\",\"name\":\"Voco Milano Fiere\",\"url\":\"https:\/\/www.milanfierehotel.com\/fr\/\",\"logo\":{\"@type\":\"ImageObject\",\"inLanguage\":\"fr-FR\",\"@id\":\"https:\/\/www.milanfierehotel.com\/fr\/#\/schema\/logo\/image\/\",\"url\":\"https:\/\/www.milanfierehotel.com\/wp-content\/uploads\/sites\/402\/2022\/07\/02-Hotel-Reception-voco-Milan-Fiere.jpg\",\"contentUrl\":\"https:\/\/www.milanfierehotel.com\/wp-content\/uploads\/sites\/402\/2022\/07\/02-Hotel-Reception-voco-Milan-Fiere.jpg\",\"width\":2200,\"height\":1200,\"caption\":\"Voco Milano Fiere\"},\"image\":{\"@id\":\"https:\/\/www.milanfierehotel.com\/fr\/#\/schema\/logo\/image\/\"}}]}<\/script>\n<!-- \/ Yoast SEO plugin. -->","yoast_head_json":{"title":"Restaurant OnFire Milano Fiera avec show-grill","description":"Venez vous r\u00e9galer au OnFire Restaurant et laissez-vous s\u00e9duire par le show-grill. Des ingr\u00e9dients s\u00e9lectionn\u00e9s pour une exp\u00e9rience divertissante et gourmande.","robots":{"index":"index","follow":"follow","max-snippet":"max-snippet:-1","max-image-preview":"max-image-preview:large","max-video-preview":"max-video-preview:-1"},"canonical":"https:\/\/www.milanfierehotel.com\/fr\/bar-et-restaurant\/onfire-restaurant\/","og_locale":"fr_FR","og_type":"article","og_title":"Restaurant OnFire Milano Fiera avec show-grill","og_description":"Venez vous r\u00e9galer au OnFire Restaurant et laissez-vous s\u00e9duire par le show-grill. Des ingr\u00e9dients s\u00e9lectionn\u00e9s pour une exp\u00e9rience divertissante et gourmande.","og_url":"https:\/\/www.milanfierehotel.com\/fr\/bar-et-restaurant\/onfire-restaurant\/","og_site_name":"Voco Milan Fiere","article_modified_time":"2025-05-28T13:23:47+00:00","og_image":[{"width":2200,"height":1200,"url":"https:\/\/www.milanfierehotel.com\/wp-content\/uploads\/sites\/402\/2022\/07\/1-Grilled-Meat-OnFire-Restaurant-voco-Milan-Fiere.jpg","type":"image\/jpeg"}],"twitter_card":"summary_large_image","twitter_misc":{"Dur\u00e9e de lecture estim\u00e9e":"2 minutes"},"schema":{"@context":"https:\/\/schema.org","@graph":[{"@type":"WebPage","@id":"https:\/\/www.milanfierehotel.com\/fr\/bar-et-restaurant\/onfire-restaurant\/","url":"https:\/\/www.milanfierehotel.com\/fr\/bar-et-restaurant\/onfire-restaurant\/","name":"Restaurant OnFire Milano Fiera avec show-grill","isPartOf":{"@id":"https:\/\/www.milanfierehotel.com\/fr\/#website"},"primaryImageOfPage":{"@id":"https:\/\/www.milanfierehotel.com\/fr\/bar-et-restaurant\/onfire-restaurant\/#primaryimage"},"image":{"@id":"https:\/\/www.milanfierehotel.com\/fr\/bar-et-restaurant\/onfire-restaurant\/#primaryimage"},"thumbnailUrl":"https:\/\/www.milanfierehotel.com\/wp-content\/uploads\/sites\/402\/2022\/07\/1-Grilled-Meat-OnFire-Restaurant-voco-Milan-Fiere.jpg","datePublished":"2022-06-29T15:12:03+00:00","dateModified":"2025-05-28T13:23:47+00:00","description":"Venez vous r\u00e9galer au OnFire Restaurant et laissez-vous s\u00e9duire par le show-grill. Des ingr\u00e9dients s\u00e9lectionn\u00e9s pour une exp\u00e9rience divertissante et gourmande.","breadcrumb":{"@id":"https:\/\/www.milanfierehotel.com\/fr\/bar-et-restaurant\/onfire-restaurant\/#breadcrumb"},"inLanguage":"fr-FR","potentialAction":[{"@type":"ReadAction","target":["https:\/\/www.milanfierehotel.com\/fr\/bar-et-restaurant\/onfire-restaurant\/"]}]},{"@type":"ImageObject","inLanguage":"fr-FR","@id":"https:\/\/www.milanfierehotel.com\/fr\/bar-et-restaurant\/onfire-restaurant\/#primaryimage","url":"https:\/\/www.milanfierehotel.com\/wp-content\/uploads\/sites\/402\/2022\/07\/1-Grilled-Meat-OnFire-Restaurant-voco-Milan-Fiere.jpg","contentUrl":"https:\/\/www.milanfierehotel.com\/wp-content\/uploads\/sites\/402\/2022\/07\/1-Grilled-Meat-OnFire-Restaurant-voco-Milan-Fiere.jpg","width":2200,"height":1200},{"@type":"BreadcrumbList","@id":"https:\/\/www.milanfierehotel.com\/fr\/bar-et-restaurant\/onfire-restaurant\/#breadcrumb","itemListElement":[{"@type":"ListItem","position":1,"name":"Home","item":"https:\/\/www.milanfierehotel.com\/fr\/"},{"@type":"ListItem","position":2,"name":"Bar &amp; Restaurant","item":"https:\/\/www.milanfierehotel.com\/fr\/bar-et-restaurant\/"},{"@type":"ListItem","position":3,"name":"OnFire Restaurant"}]},{"@type":"WebSite","@id":"https:\/\/www.milanfierehotel.com\/fr\/#website","url":"https:\/\/www.milanfierehotel.com\/fr\/","name":"Voco Milan Fiere","description":"Just another ms.decms.eu site","publisher":{"@id":"https:\/\/www.milanfierehotel.com\/fr\/#organization"},"potentialAction":[{"@type":"SearchAction","target":{"@type":"EntryPoint","urlTemplate":"https:\/\/www.milanfierehotel.com\/fr\/?s={search_term_string}"},"query-input":{"@type":"PropertyValueSpecification","valueRequired":true,"valueName":"search_term_string"}}],"inLanguage":"fr-FR"},{"@type":"Organization","@id":"https:\/\/www.milanfierehotel.com\/fr\/#organization","name":"Voco Milano Fiere","url":"https:\/\/www.milanfierehotel.com\/fr\/","logo":{"@type":"ImageObject","inLanguage":"fr-FR","@id":"https:\/\/www.milanfierehotel.com\/fr\/#\/schema\/logo\/image\/","url":"https:\/\/www.milanfierehotel.com\/wp-content\/uploads\/sites\/402\/2022\/07\/02-Hotel-Reception-voco-Milan-Fiere.jpg","contentUrl":"https:\/\/www.milanfierehotel.com\/wp-content\/uploads\/sites\/402\/2022\/07\/02-Hotel-Reception-voco-Milan-Fiere.jpg","width":2200,"height":1200,"caption":"Voco Milano Fiere"},"image":{"@id":"https:\/\/www.milanfierehotel.com\/fr\/#\/schema\/logo\/image\/"}}]}},"acf":[],"_links":{"self":[{"href":"https:\/\/www.milanfierehotel.com\/fr\/wp-json\/wp\/v2\/pages\/480","targetHints":{"allow":["GET"]}}],"collection":[{"href":"https:\/\/www.milanfierehotel.com\/fr\/wp-json\/wp\/v2\/pages"}],"about":[{"href":"https:\/\/www.milanfierehotel.com\/fr\/wp-json\/wp\/v2\/types\/page"}],"author":[{"embeddable":true,"href":"https:\/\/www.milanfierehotel.com\/fr\/wp-json\/wp\/v2\/users\/6"}],"replies":[{"embeddable":true,"href":"https:\/\/www.milanfierehotel.com\/fr\/wp-json\/wp\/v2\/comments?post=480"}],"version-history":[{"count":0,"href":"https:\/\/www.milanfierehotel.com\/fr\/wp-json\/wp\/v2\/pages\/480\/revisions"}],"up":[{"embeddable":true,"href":"https:\/\/www.milanfierehotel.com\/fr\/wp-json\/wp\/v2\/pages\/478"}],"wp:featuredmedia":[{"embeddable":true,"href":"https:\/\/www.milanfierehotel.com\/fr\/wp-json\/wp\/v2\/media\/359"}],"wp:attachment":[{"href":"https:\/\/www.milanfierehotel.com\/fr\/wp-json\/wp\/v2\/media?parent=480"}],"curies":[{"name":"wp","href":"https:\/\/api.w.org\/{rel}","templated":true}]}}