{"id":482,"date":"2022-06-29T15:13:20","date_gmt":"2022-06-29T15:13:20","guid":{"rendered":"https:\/\/vocomilanfieredefinitive.ms.decms.eu\/bar-e-ristorante\/ludico-bar-gaming-area\/"},"modified":"2026-02-09T09:59:31","modified_gmt":"2026-02-09T09:59:31","slug":"ludico-bar-espace-gaming","status":"publish","type":"page","link":"https:\/\/www.milanfierehotel.com\/fr\/bar-et-restaurant\/ludico-bar-espace-gaming\/","title":{"rendered":"Ludico Bar &amp; Espace Gaming"},"content":{"rendered":"<p><span style=\"font-weight: 400\">Nos drinks, nos <\/span><b>barmans experts<\/b><span style=\"font-weight: 400\"> toujours pr\u00eats \u00e0 discuter et un vaste open space avec espace gaming sont les meilleurs ingr\u00e9dients pour une soir\u00e9e de pur relax apr\u00e8s une longue journ\u00e9e de travail. <\/span><span style=\"font-weight: 400\"><br \/>\n<\/span><span style=\"font-weight: 400\">D\u00e9tendez-vous au bar avec un ap\u00e9ritif, une bi\u00e8re fra\u00eeche ou un bon verre de vin et profitez d\u2019un <\/span><b>\u00e9tablissement design<\/b><span style=\"font-weight: 400\">, l\u2019id\u00e9al pour discuter entre amis ou coll\u00e8gues et vous d\u00e9fouler dans notre espace gaming.\u00a0\u00a0<\/span><\/p>\n<p><span style=\"font-weight: 400\">Faites de nouvelles rencontres et \u00e9largissez votre r\u00e9seau : l&rsquo;acc\u00e8s au bar n&rsquo;est pas r\u00e9serv\u00e9 aux seuls clients de l&rsquo;h\u00f4tel. Apr\u00e8s tout, pourquoi mettre des limites au plaisir du divertissement ?\u00a0<\/span><\/p>\n<p><b>Heures d&rsquo;ouverture : <\/b><span style=\"font-weight: 400\"><br \/>\n<\/span><span style=\"font-weight: 400\">Ouvert tous les jours de 11h \u00e0 minuit<\/span><\/p>\n","protected":false},"excerpt":{"rendered":"<p>Nos drinks, nos barmans experts toujours pr\u00eats \u00e0 discuter et un vaste open space avec espace gaming sont les meilleurs ingr\u00e9dients pour une soir\u00e9e de pur relax apr\u00e8s une longue journ\u00e9e de travail. D\u00e9tendez-vous au bar avec un ap\u00e9ritif, une bi\u00e8re fra\u00eeche ou un bon verre de vin et profitez d\u2019un \u00e9tablissement design, l\u2019id\u00e9al pour [&hellip;]<\/p>\n","protected":false},"author":6,"featured_media":0,"parent":478,"menu_order":32,"comment_status":"closed","ping_status":"closed","template":"template-single-restaurant.php","meta":{"footnotes":""},"class_list":["post-482","page","type-page","status-publish","hentry"],"yoast_head":"<!-- This site is optimized with the Yoast SEO plugin v26.9 - https:\/\/yoast.com\/product\/yoast-seo-wordpress\/ -->\n<title>Bar ludique &amp; Espace Gaming : bar Milano Fiera pour les ap\u00e9ritifs<\/title>\n<meta name=\"description\" content=\"Faites p\u00e9tiller vos soir\u00e9es avec le Bar ludique &amp; l\u2019espace Gaming : un \u00e9tablissement design \u00e0 l\u2019ambiance cool, id\u00e9al pour les ap\u00e9ritifs et les cocktails entre amis et coll\u00e8gues.\" \/>\n<meta name=\"robots\" content=\"index, follow, max-snippet:-1, max-image-preview:large, max-video-preview:-1\" \/>\n<link rel=\"canonical\" href=\"https:\/\/www.milanfierehotel.com\/fr\/bar-et-restaurant\/ludico-bar-espace-gaming\/\" \/>\n<meta property=\"og:locale\" content=\"fr_FR\" \/>\n<meta property=\"og:type\" content=\"article\" \/>\n<meta property=\"og:title\" content=\"Bar ludique &amp; Espace Gaming : bar Milano Fiera pour les ap\u00e9ritifs\" \/>\n<meta property=\"og:description\" content=\"Faites p\u00e9tiller vos soir\u00e9es avec le Bar ludique &amp; l\u2019espace Gaming : un \u00e9tablissement design \u00e0 l\u2019ambiance cool, id\u00e9al pour les ap\u00e9ritifs et les cocktails entre amis et coll\u00e8gues.\" \/>\n<meta property=\"og:url\" content=\"https:\/\/www.milanfierehotel.com\/fr\/bar-et-restaurant\/ludico-bar-espace-gaming\/\" \/>\n<meta property=\"og:site_name\" content=\"Voco Milan Fiere\" \/>\n<meta property=\"article:modified_time\" content=\"2026-02-09T09:59:31+00:00\" \/>\n<meta name=\"twitter:card\" content=\"summary_large_image\" \/>\n<meta name=\"twitter:label1\" content=\"Dur\u00e9e de lecture estim\u00e9e\" \/>\n\t<meta name=\"twitter:data1\" content=\"1 minute\" \/>\n<script type=\"application\/ld+json\" class=\"yoast-schema-graph\">{\"@context\":\"https:\/\/schema.org\",\"@graph\":[{\"@type\":\"WebPage\",\"@id\":\"https:\/\/www.milanfierehotel.com\/fr\/bar-et-restaurant\/ludico-bar-espace-gaming\/\",\"url\":\"https:\/\/www.milanfierehotel.com\/fr\/bar-et-restaurant\/ludico-bar-espace-gaming\/\",\"name\":\"Bar ludique & Espace Gaming : bar Milano Fiera pour les ap\u00e9ritifs\",\"isPartOf\":{\"@id\":\"https:\/\/www.milanfierehotel.com\/fr\/#website\"},\"datePublished\":\"2022-06-29T15:13:20+00:00\",\"dateModified\":\"2026-02-09T09:59:31+00:00\",\"description\":\"Faites p\u00e9tiller vos soir\u00e9es avec le Bar ludique & l\u2019espace Gaming : un \u00e9tablissement design \u00e0 l\u2019ambiance cool, id\u00e9al pour les ap\u00e9ritifs et les cocktails entre amis et coll\u00e8gues.\",\"breadcrumb\":{\"@id\":\"https:\/\/www.milanfierehotel.com\/fr\/bar-et-restaurant\/ludico-bar-espace-gaming\/#breadcrumb\"},\"inLanguage\":\"fr-FR\",\"potentialAction\":[{\"@type\":\"ReadAction\",\"target\":[\"https:\/\/www.milanfierehotel.com\/fr\/bar-et-restaurant\/ludico-bar-espace-gaming\/\"]}]},{\"@type\":\"BreadcrumbList\",\"@id\":\"https:\/\/www.milanfierehotel.com\/fr\/bar-et-restaurant\/ludico-bar-espace-gaming\/#breadcrumb\",\"itemListElement\":[{\"@type\":\"ListItem\",\"position\":1,\"name\":\"Home\",\"item\":\"https:\/\/www.milanfierehotel.com\/fr\/\"},{\"@type\":\"ListItem\",\"position\":2,\"name\":\"Bar &amp; Restaurant\",\"item\":\"https:\/\/www.milanfierehotel.com\/fr\/bar-et-restaurant\/\"},{\"@type\":\"ListItem\",\"position\":3,\"name\":\"Ludico Bar &amp; Espace Gaming\"}]},{\"@type\":\"WebSite\",\"@id\":\"https:\/\/www.milanfierehotel.com\/fr\/#website\",\"url\":\"https:\/\/www.milanfierehotel.com\/fr\/\",\"name\":\"Voco Milan Fiere\",\"description\":\"Just another ms.decms.eu site\",\"publisher\":{\"@id\":\"https:\/\/www.milanfierehotel.com\/fr\/#organization\"},\"potentialAction\":[{\"@type\":\"SearchAction\",\"target\":{\"@type\":\"EntryPoint\",\"urlTemplate\":\"https:\/\/www.milanfierehotel.com\/fr\/?s={search_term_string}\"},\"query-input\":{\"@type\":\"PropertyValueSpecification\",\"valueRequired\":true,\"valueName\":\"search_term_string\"}}],\"inLanguage\":\"fr-FR\"},{\"@type\":\"Organization\",\"@id\":\"https:\/\/www.milanfierehotel.com\/fr\/#organization\",\"name\":\"Voco Milano Fiere\",\"url\":\"https:\/\/www.milanfierehotel.com\/fr\/\",\"logo\":{\"@type\":\"ImageObject\",\"inLanguage\":\"fr-FR\",\"@id\":\"https:\/\/www.milanfierehotel.com\/fr\/#\/schema\/logo\/image\/\",\"url\":\"https:\/\/www.milanfierehotel.com\/wp-content\/uploads\/sites\/402\/2022\/07\/02-Hotel-Reception-voco-Milan-Fiere.jpg\",\"contentUrl\":\"https:\/\/www.milanfierehotel.com\/wp-content\/uploads\/sites\/402\/2022\/07\/02-Hotel-Reception-voco-Milan-Fiere.jpg\",\"width\":2200,\"height\":1200,\"caption\":\"Voco Milano Fiere\"},\"image\":{\"@id\":\"https:\/\/www.milanfierehotel.com\/fr\/#\/schema\/logo\/image\/\"}}]}<\/script>\n<!-- \/ Yoast SEO plugin. -->","yoast_head_json":{"title":"Bar ludique & Espace Gaming : bar Milano Fiera pour les ap\u00e9ritifs","description":"Faites p\u00e9tiller vos soir\u00e9es avec le Bar ludique & l\u2019espace Gaming : un \u00e9tablissement design \u00e0 l\u2019ambiance cool, id\u00e9al pour les ap\u00e9ritifs et les cocktails entre amis et coll\u00e8gues.","robots":{"index":"index","follow":"follow","max-snippet":"max-snippet:-1","max-image-preview":"max-image-preview:large","max-video-preview":"max-video-preview:-1"},"canonical":"https:\/\/www.milanfierehotel.com\/fr\/bar-et-restaurant\/ludico-bar-espace-gaming\/","og_locale":"fr_FR","og_type":"article","og_title":"Bar ludique & Espace Gaming : bar Milano Fiera pour les ap\u00e9ritifs","og_description":"Faites p\u00e9tiller vos soir\u00e9es avec le Bar ludique & l\u2019espace Gaming : un \u00e9tablissement design \u00e0 l\u2019ambiance cool, id\u00e9al pour les ap\u00e9ritifs et les cocktails entre amis et coll\u00e8gues.","og_url":"https:\/\/www.milanfierehotel.com\/fr\/bar-et-restaurant\/ludico-bar-espace-gaming\/","og_site_name":"Voco Milan Fiere","article_modified_time":"2026-02-09T09:59:31+00:00","twitter_card":"summary_large_image","twitter_misc":{"Dur\u00e9e de lecture estim\u00e9e":"1 minute"},"schema":{"@context":"https:\/\/schema.org","@graph":[{"@type":"WebPage","@id":"https:\/\/www.milanfierehotel.com\/fr\/bar-et-restaurant\/ludico-bar-espace-gaming\/","url":"https:\/\/www.milanfierehotel.com\/fr\/bar-et-restaurant\/ludico-bar-espace-gaming\/","name":"Bar ludique & Espace Gaming : bar Milano Fiera pour les ap\u00e9ritifs","isPartOf":{"@id":"https:\/\/www.milanfierehotel.com\/fr\/#website"},"datePublished":"2022-06-29T15:13:20+00:00","dateModified":"2026-02-09T09:59:31+00:00","description":"Faites p\u00e9tiller vos soir\u00e9es avec le Bar ludique & l\u2019espace Gaming : un \u00e9tablissement design \u00e0 l\u2019ambiance cool, id\u00e9al pour les ap\u00e9ritifs et les cocktails entre amis et coll\u00e8gues.","breadcrumb":{"@id":"https:\/\/www.milanfierehotel.com\/fr\/bar-et-restaurant\/ludico-bar-espace-gaming\/#breadcrumb"},"inLanguage":"fr-FR","potentialAction":[{"@type":"ReadAction","target":["https:\/\/www.milanfierehotel.com\/fr\/bar-et-restaurant\/ludico-bar-espace-gaming\/"]}]},{"@type":"BreadcrumbList","@id":"https:\/\/www.milanfierehotel.com\/fr\/bar-et-restaurant\/ludico-bar-espace-gaming\/#breadcrumb","itemListElement":[{"@type":"ListItem","position":1,"name":"Home","item":"https:\/\/www.milanfierehotel.com\/fr\/"},{"@type":"ListItem","position":2,"name":"Bar &amp; Restaurant","item":"https:\/\/www.milanfierehotel.com\/fr\/bar-et-restaurant\/"},{"@type":"ListItem","position":3,"name":"Ludico Bar &amp; Espace Gaming"}]},{"@type":"WebSite","@id":"https:\/\/www.milanfierehotel.com\/fr\/#website","url":"https:\/\/www.milanfierehotel.com\/fr\/","name":"Voco Milan Fiere","description":"Just another ms.decms.eu site","publisher":{"@id":"https:\/\/www.milanfierehotel.com\/fr\/#organization"},"potentialAction":[{"@type":"SearchAction","target":{"@type":"EntryPoint","urlTemplate":"https:\/\/www.milanfierehotel.com\/fr\/?s={search_term_string}"},"query-input":{"@type":"PropertyValueSpecification","valueRequired":true,"valueName":"search_term_string"}}],"inLanguage":"fr-FR"},{"@type":"Organization","@id":"https:\/\/www.milanfierehotel.com\/fr\/#organization","name":"Voco Milano Fiere","url":"https:\/\/www.milanfierehotel.com\/fr\/","logo":{"@type":"ImageObject","inLanguage":"fr-FR","@id":"https:\/\/www.milanfierehotel.com\/fr\/#\/schema\/logo\/image\/","url":"https:\/\/www.milanfierehotel.com\/wp-content\/uploads\/sites\/402\/2022\/07\/02-Hotel-Reception-voco-Milan-Fiere.jpg","contentUrl":"https:\/\/www.milanfierehotel.com\/wp-content\/uploads\/sites\/402\/2022\/07\/02-Hotel-Reception-voco-Milan-Fiere.jpg","width":2200,"height":1200,"caption":"Voco Milano Fiere"},"image":{"@id":"https:\/\/www.milanfierehotel.com\/fr\/#\/schema\/logo\/image\/"}}]}},"acf":[],"_links":{"self":[{"href":"https:\/\/www.milanfierehotel.com\/fr\/wp-json\/wp\/v2\/pages\/482","targetHints":{"allow":["GET"]}}],"collection":[{"href":"https:\/\/www.milanfierehotel.com\/fr\/wp-json\/wp\/v2\/pages"}],"about":[{"href":"https:\/\/www.milanfierehotel.com\/fr\/wp-json\/wp\/v2\/types\/page"}],"author":[{"embeddable":true,"href":"https:\/\/www.milanfierehotel.com\/fr\/wp-json\/wp\/v2\/users\/6"}],"replies":[{"embeddable":true,"href":"https:\/\/www.milanfierehotel.com\/fr\/wp-json\/wp\/v2\/comments?post=482"}],"version-history":[{"count":0,"href":"https:\/\/www.milanfierehotel.com\/fr\/wp-json\/wp\/v2\/pages\/482\/revisions"}],"up":[{"embeddable":true,"href":"https:\/\/www.milanfierehotel.com\/fr\/wp-json\/wp\/v2\/pages\/478"}],"wp:attachment":[{"href":"https:\/\/www.milanfierehotel.com\/fr\/wp-json\/wp\/v2\/media?parent=482"}],"curies":[{"name":"wp","href":"https:\/\/api.w.org\/{rel}","templated":true}]}}