{"id":486,"date":"2022-06-29T15:16:14","date_gmt":"2022-06-29T15:16:14","guid":{"rendered":"https:\/\/vocomilanfieredefinitive.ms.decms.eu\/meeting-eventi\/"},"modified":"2025-03-24T09:48:52","modified_gmt":"2025-03-24T09:48:52","slug":"meeting-et-evenements","status":"publish","type":"page","link":"https:\/\/www.milanfierehotel.com\/fr\/meeting-et-evenements\/","title":{"rendered":"Meeting &amp; \u00c9v\u00e8nements"},"content":{"rendered":"<p><span style=\"font-weight: 400\">Au voco\u00ae Milan-Fiere, nous savons bien que le choix du lieu est essentiel \u00e0 la bonne r\u00e9ussite d&rsquo;un meeting ou d&rsquo;un \u00e9v\u00e9nement.<\/span><\/p>\n<p><span style=\"font-weight: 400\">C&rsquo;est pourquoi nous avons choisi un emplacement strat\u00e9gique pour notre h\u00f4tel, loin du trafic du centre de Milan et de ses ZCR, en pr\u00e9f\u00e9rant un quartier facilement accessible et \u00e0 deux minutes seulement des entr\u00e9es des autoroutes A4 et A8.<\/span><\/p>\n<p><span style=\"font-weight: 400\">Nous avons \u00e9galement con\u00e7u et am\u00e9nag\u00e9 nos espaces en nous effor\u00e7ant de les rendre confortables, lumineux et \u00e9quip\u00e9s des derni\u00e8res technologies.<\/span><\/p>\n<p>C&rsquo;est pr\u00e9cis\u00e9ment pour cette raison que notre centre de congr\u00e8s \u00e0 Milan s&rsquo;enrichit d&rsquo;une innovation technologique exclusive : un <strong>nouveau mur LED de derni\u00e8re g\u00e9n\u00e9ration dans notre salle pl\u00e9ni\u00e8re<\/strong>. Parfait pour les <strong>conf\u00e9rences, \u00e9v\u00e9nements d&rsquo;entreprise, pr\u00e9sentations et congr\u00e8s<\/strong>, il offre une visibilit\u00e9 impeccable sous tous les angles, des images ultra-nettes et des couleurs \u00e9clatantes gr\u00e2ce \u00e0 la technologie HDR.<\/p>\n","protected":false},"excerpt":{"rendered":"<p>Au voco\u00ae Milan-Fiere, nous savons bien que le choix du lieu est essentiel \u00e0 la bonne r\u00e9ussite d&rsquo;un meeting ou d&rsquo;un \u00e9v\u00e9nement. C&rsquo;est pourquoi nous avons choisi un emplacement strat\u00e9gique pour notre h\u00f4tel, loin du trafic du centre de Milan et de ses ZCR, en pr\u00e9f\u00e9rant un quartier facilement accessible et \u00e0 deux minutes seulement [&hellip;]<\/p>\n","protected":false},"author":6,"featured_media":0,"parent":0,"menu_order":40,"comment_status":"closed","ping_status":"closed","template":"template-meeting.php","meta":{"footnotes":""},"class_list":["post-486","page","type-page","status-publish","hentry"],"yoast_head":"<!-- This site is optimized with the Yoast SEO plugin v26.9 - https:\/\/yoast.com\/product\/yoast-seo-wordpress\/ -->\n<title>H\u00f4tel avec centre de congr\u00e8s \u00e0 Milan | voco\u00ae Milan-Fiere<\/title>\n<meta name=\"description\" content=\"voco\u00ae Hotel : le lieu id\u00e9al pour r\u00e9unions, congr\u00e8s et expositions \u00e0 Milan. Mur LED et ample parking. Voir la position.\" \/>\n<meta name=\"robots\" content=\"index, follow, max-snippet:-1, max-image-preview:large, max-video-preview:-1\" \/>\n<link rel=\"canonical\" href=\"https:\/\/www.milanfierehotel.com\/fr\/meeting-et-evenements\/\" \/>\n<meta property=\"og:locale\" content=\"fr_FR\" \/>\n<meta property=\"og:type\" content=\"article\" \/>\n<meta property=\"og:title\" content=\"H\u00f4tel avec centre de congr\u00e8s \u00e0 Milan | voco\u00ae Milan-Fiere\" \/>\n<meta property=\"og:description\" content=\"voco\u00ae Hotel : le lieu id\u00e9al pour r\u00e9unions, congr\u00e8s et expositions \u00e0 Milan. Mur LED et ample parking. Voir la position.\" \/>\n<meta property=\"og:url\" content=\"https:\/\/www.milanfierehotel.com\/fr\/meeting-et-evenements\/\" \/>\n<meta property=\"og:site_name\" content=\"Voco Milan Fiere\" \/>\n<meta property=\"article:modified_time\" content=\"2025-03-24T09:48:52+00:00\" \/>\n<meta name=\"twitter:card\" content=\"summary_large_image\" \/>\n<meta name=\"twitter:label1\" content=\"Dur\u00e9e de lecture estim\u00e9e\" \/>\n\t<meta name=\"twitter:data1\" content=\"1 minute\" \/>\n<script type=\"application\/ld+json\" class=\"yoast-schema-graph\">{\"@context\":\"https:\/\/schema.org\",\"@graph\":[{\"@type\":\"WebPage\",\"@id\":\"https:\/\/www.milanfierehotel.com\/fr\/meeting-et-evenements\/\",\"url\":\"https:\/\/www.milanfierehotel.com\/fr\/meeting-et-evenements\/\",\"name\":\"H\u00f4tel avec centre de congr\u00e8s \u00e0 Milan | voco\u00ae Milan-Fiere\",\"isPartOf\":{\"@id\":\"https:\/\/www.milanfierehotel.com\/fr\/#website\"},\"datePublished\":\"2022-06-29T15:16:14+00:00\",\"dateModified\":\"2025-03-24T09:48:52+00:00\",\"description\":\"voco\u00ae Hotel : le lieu id\u00e9al pour r\u00e9unions, congr\u00e8s et expositions \u00e0 Milan. Mur LED et ample parking. Voir la position.\",\"breadcrumb\":{\"@id\":\"https:\/\/www.milanfierehotel.com\/fr\/meeting-et-evenements\/#breadcrumb\"},\"inLanguage\":\"fr-FR\",\"potentialAction\":[{\"@type\":\"ReadAction\",\"target\":[\"https:\/\/www.milanfierehotel.com\/fr\/meeting-et-evenements\/\"]}]},{\"@type\":\"BreadcrumbList\",\"@id\":\"https:\/\/www.milanfierehotel.com\/fr\/meeting-et-evenements\/#breadcrumb\",\"itemListElement\":[{\"@type\":\"ListItem\",\"position\":1,\"name\":\"Home\",\"item\":\"https:\/\/www.milanfierehotel.com\/fr\/\"},{\"@type\":\"ListItem\",\"position\":2,\"name\":\"Meeting &amp; \u00c9v\u00e8nements\"}]},{\"@type\":\"WebSite\",\"@id\":\"https:\/\/www.milanfierehotel.com\/fr\/#website\",\"url\":\"https:\/\/www.milanfierehotel.com\/fr\/\",\"name\":\"Voco Milan Fiere\",\"description\":\"Just another ms.decms.eu site\",\"publisher\":{\"@id\":\"https:\/\/www.milanfierehotel.com\/fr\/#organization\"},\"potentialAction\":[{\"@type\":\"SearchAction\",\"target\":{\"@type\":\"EntryPoint\",\"urlTemplate\":\"https:\/\/www.milanfierehotel.com\/fr\/?s={search_term_string}\"},\"query-input\":{\"@type\":\"PropertyValueSpecification\",\"valueRequired\":true,\"valueName\":\"search_term_string\"}}],\"inLanguage\":\"fr-FR\"},{\"@type\":\"Organization\",\"@id\":\"https:\/\/www.milanfierehotel.com\/fr\/#organization\",\"name\":\"Voco Milano Fiere\",\"url\":\"https:\/\/www.milanfierehotel.com\/fr\/\",\"logo\":{\"@type\":\"ImageObject\",\"inLanguage\":\"fr-FR\",\"@id\":\"https:\/\/www.milanfierehotel.com\/fr\/#\/schema\/logo\/image\/\",\"url\":\"https:\/\/www.milanfierehotel.com\/wp-content\/uploads\/sites\/402\/2022\/07\/02-Hotel-Reception-voco-Milan-Fiere.jpg\",\"contentUrl\":\"https:\/\/www.milanfierehotel.com\/wp-content\/uploads\/sites\/402\/2022\/07\/02-Hotel-Reception-voco-Milan-Fiere.jpg\",\"width\":2200,\"height\":1200,\"caption\":\"Voco Milano Fiere\"},\"image\":{\"@id\":\"https:\/\/www.milanfierehotel.com\/fr\/#\/schema\/logo\/image\/\"}}]}<\/script>\n<!-- \/ Yoast SEO plugin. -->","yoast_head_json":{"title":"H\u00f4tel avec centre de congr\u00e8s \u00e0 Milan | voco\u00ae Milan-Fiere","description":"voco\u00ae Hotel : le lieu id\u00e9al pour r\u00e9unions, congr\u00e8s et expositions \u00e0 Milan. Mur LED et ample parking. Voir la position.","robots":{"index":"index","follow":"follow","max-snippet":"max-snippet:-1","max-image-preview":"max-image-preview:large","max-video-preview":"max-video-preview:-1"},"canonical":"https:\/\/www.milanfierehotel.com\/fr\/meeting-et-evenements\/","og_locale":"fr_FR","og_type":"article","og_title":"H\u00f4tel avec centre de congr\u00e8s \u00e0 Milan | voco\u00ae Milan-Fiere","og_description":"voco\u00ae Hotel : le lieu id\u00e9al pour r\u00e9unions, congr\u00e8s et expositions \u00e0 Milan. Mur LED et ample parking. Voir la position.","og_url":"https:\/\/www.milanfierehotel.com\/fr\/meeting-et-evenements\/","og_site_name":"Voco Milan Fiere","article_modified_time":"2025-03-24T09:48:52+00:00","twitter_card":"summary_large_image","twitter_misc":{"Dur\u00e9e de lecture estim\u00e9e":"1 minute"},"schema":{"@context":"https:\/\/schema.org","@graph":[{"@type":"WebPage","@id":"https:\/\/www.milanfierehotel.com\/fr\/meeting-et-evenements\/","url":"https:\/\/www.milanfierehotel.com\/fr\/meeting-et-evenements\/","name":"H\u00f4tel avec centre de congr\u00e8s \u00e0 Milan | voco\u00ae Milan-Fiere","isPartOf":{"@id":"https:\/\/www.milanfierehotel.com\/fr\/#website"},"datePublished":"2022-06-29T15:16:14+00:00","dateModified":"2025-03-24T09:48:52+00:00","description":"voco\u00ae Hotel : le lieu id\u00e9al pour r\u00e9unions, congr\u00e8s et expositions \u00e0 Milan. Mur LED et ample parking. Voir la position.","breadcrumb":{"@id":"https:\/\/www.milanfierehotel.com\/fr\/meeting-et-evenements\/#breadcrumb"},"inLanguage":"fr-FR","potentialAction":[{"@type":"ReadAction","target":["https:\/\/www.milanfierehotel.com\/fr\/meeting-et-evenements\/"]}]},{"@type":"BreadcrumbList","@id":"https:\/\/www.milanfierehotel.com\/fr\/meeting-et-evenements\/#breadcrumb","itemListElement":[{"@type":"ListItem","position":1,"name":"Home","item":"https:\/\/www.milanfierehotel.com\/fr\/"},{"@type":"ListItem","position":2,"name":"Meeting &amp; \u00c9v\u00e8nements"}]},{"@type":"WebSite","@id":"https:\/\/www.milanfierehotel.com\/fr\/#website","url":"https:\/\/www.milanfierehotel.com\/fr\/","name":"Voco Milan Fiere","description":"Just another ms.decms.eu site","publisher":{"@id":"https:\/\/www.milanfierehotel.com\/fr\/#organization"},"potentialAction":[{"@type":"SearchAction","target":{"@type":"EntryPoint","urlTemplate":"https:\/\/www.milanfierehotel.com\/fr\/?s={search_term_string}"},"query-input":{"@type":"PropertyValueSpecification","valueRequired":true,"valueName":"search_term_string"}}],"inLanguage":"fr-FR"},{"@type":"Organization","@id":"https:\/\/www.milanfierehotel.com\/fr\/#organization","name":"Voco Milano Fiere","url":"https:\/\/www.milanfierehotel.com\/fr\/","logo":{"@type":"ImageObject","inLanguage":"fr-FR","@id":"https:\/\/www.milanfierehotel.com\/fr\/#\/schema\/logo\/image\/","url":"https:\/\/www.milanfierehotel.com\/wp-content\/uploads\/sites\/402\/2022\/07\/02-Hotel-Reception-voco-Milan-Fiere.jpg","contentUrl":"https:\/\/www.milanfierehotel.com\/wp-content\/uploads\/sites\/402\/2022\/07\/02-Hotel-Reception-voco-Milan-Fiere.jpg","width":2200,"height":1200,"caption":"Voco Milano Fiere"},"image":{"@id":"https:\/\/www.milanfierehotel.com\/fr\/#\/schema\/logo\/image\/"}}]}},"acf":[],"_links":{"self":[{"href":"https:\/\/www.milanfierehotel.com\/fr\/wp-json\/wp\/v2\/pages\/486","targetHints":{"allow":["GET"]}}],"collection":[{"href":"https:\/\/www.milanfierehotel.com\/fr\/wp-json\/wp\/v2\/pages"}],"about":[{"href":"https:\/\/www.milanfierehotel.com\/fr\/wp-json\/wp\/v2\/types\/page"}],"author":[{"embeddable":true,"href":"https:\/\/www.milanfierehotel.com\/fr\/wp-json\/wp\/v2\/users\/6"}],"replies":[{"embeddable":true,"href":"https:\/\/www.milanfierehotel.com\/fr\/wp-json\/wp\/v2\/comments?post=486"}],"version-history":[{"count":0,"href":"https:\/\/www.milanfierehotel.com\/fr\/wp-json\/wp\/v2\/pages\/486\/revisions"}],"wp:attachment":[{"href":"https:\/\/www.milanfierehotel.com\/fr\/wp-json\/wp\/v2\/media?parent=486"}],"curies":[{"name":"wp","href":"https:\/\/api.w.org\/{rel}","templated":true}]}}