{"id":488,"date":"2022-06-29T15:23:36","date_gmt":"2022-06-29T15:23:36","guid":{"rendered":"https:\/\/vocomilanfieredefinitive.ms.decms.eu\/meeting-eventi\/sale-riunioni\/"},"modified":"2025-03-24T09:52:39","modified_gmt":"2025-03-24T09:52:39","slug":"salles-de-reunion","status":"publish","type":"page","link":"https:\/\/www.milanfierehotel.com\/fr\/meeting-et-evenements\/salles-de-reunion\/","title":{"rendered":"Salles de r\u00e9union"},"content":{"rendered":"<p><span style=\"font-weight: 400\">Nos <\/span><b>sept salles de r\u00e9union<\/b><span style=\"font-weight: 400\">, situ\u00e9es entre le premier et le deuxi\u00e8me \u00e9tage, sont con\u00e7ues pour r\u00e9pondre \u00e0 tous les besoins de nos clients, offrant des espaces g\u00e9n\u00e9reux (l\u2019id\u00e9al pour permettre diff\u00e9rentes configurations) et un \u00e9clairage naturel parfait pour rendre chaque salle lumineuse et tout confort.\u00a0<\/span><\/p>\n<p><span style=\"font-weight: 400\">\u00c9quip\u00e9s d&rsquo;une connexion Internet Wi-Fi et Ethernet d\u00e9di\u00e9e, de mat\u00e9riels audio et vid\u00e9o de derni\u00e8re g\u00e9n\u00e9ration, elles offrent l&rsquo;avantage d&rsquo;une atmosph\u00e8re dynamique et attrayante, en position centrale, loin du trafic urbain et des ZCR, \u00e0 deux minutes de la sortie de l&rsquo;autoroute.<\/span><\/p>\n<p><span style=\"font-weight: 400\">Notre <\/span><b>Business Center<\/b><span style=\"font-weight: 400\"> est \u00e9galement \u00e0 votre disposition, avec ses espaces et \u00e9quipements d\u00e9di\u00e9s, ainsi que notre bar et restaurant <\/span><b>Le betulle<\/b><span style=\"font-weight: 400\">, privatisables, situ\u00e9s au premier \u00e9tage l\u2019h\u00f4tel, afin de ponctuer votre r\u00e9union avec des pauses gourmandes.<\/span><\/p>\n<p><strong>Nouveaut\u00e9 2025 : mur LED de derni\u00e8re g\u00e9n\u00e9ration<\/strong><\/p>\n<p>Notre centre de congr\u00e8s \u00e0 Milan s&rsquo;enrichit d&rsquo;une innovation technologique exclusive : <strong>un mur LED de derni\u00e8re g\u00e9n\u00e9ration dans notre salle pl\u00e9ni\u00e8re<\/strong>. Parfait pour les <strong>conf\u00e9rences, \u00e9v\u00e9nements d&rsquo;entreprise, pr\u00e9sentations et congr\u00e8s<\/strong>, il offre une visibilit\u00e9 impeccable sous tous les angles, des images ultra-nettes et des couleurs \u00e9clatantes gr\u00e2ce \u00e0 la technologie HDR.<\/p>\n","protected":false},"excerpt":{"rendered":"<p>Nos sept salles de r\u00e9union, situ\u00e9es entre le premier et le deuxi\u00e8me \u00e9tage, sont con\u00e7ues pour r\u00e9pondre \u00e0 tous les besoins de nos clients, offrant des espaces g\u00e9n\u00e9reux (l\u2019id\u00e9al pour permettre diff\u00e9rentes configurations) et un \u00e9clairage naturel parfait pour rendre chaque salle lumineuse et tout confort.\u00a0 \u00c9quip\u00e9s d&rsquo;une connexion Internet Wi-Fi et Ethernet d\u00e9di\u00e9e, de [&hellip;]<\/p>\n","protected":false},"author":6,"featured_media":0,"parent":486,"menu_order":41,"comment_status":"closed","ping_status":"closed","template":"template-default-3.php","meta":{"footnotes":""},"class_list":["post-488","page","type-page","status-publish","hentry"],"yoast_head":"<!-- This site is optimized with the Yoast SEO plugin v26.9 - https:\/\/yoast.com\/product\/yoast-seo-wordpress\/ -->\n<title>Salles de r\u00e9union, conf\u00e9rences, meeting \u00e0 Milan | voco\u00ae Milan-Fiere<\/title>\n<meta name=\"description\" content=\"Des salles de r\u00e9union spacieuses et enti\u00e8rement \u00e9quip\u00e9es. Id\u00e9ales pour conf\u00e9rences et r\u00e9unions \u00e0 Milan. Nouveau mur LED et capacit\u00e9 jusqu&#039;\u00e0 350 personnes. Cliquez pour plus d&#039;informations.\" \/>\n<meta name=\"robots\" content=\"index, follow, max-snippet:-1, max-image-preview:large, max-video-preview:-1\" \/>\n<link rel=\"canonical\" href=\"https:\/\/www.milanfierehotel.com\/fr\/meeting-et-evenements\/salles-de-reunion\/\" \/>\n<meta property=\"og:locale\" content=\"fr_FR\" \/>\n<meta property=\"og:type\" content=\"article\" \/>\n<meta property=\"og:title\" content=\"Salles de r\u00e9union, conf\u00e9rences, meeting \u00e0 Milan | voco\u00ae Milan-Fiere\" \/>\n<meta property=\"og:description\" content=\"Des salles de r\u00e9union spacieuses et enti\u00e8rement \u00e9quip\u00e9es. Id\u00e9ales pour conf\u00e9rences et r\u00e9unions \u00e0 Milan. Nouveau mur LED et capacit\u00e9 jusqu&#039;\u00e0 350 personnes. Cliquez pour plus d&#039;informations.\" \/>\n<meta property=\"og:url\" content=\"https:\/\/www.milanfierehotel.com\/fr\/meeting-et-evenements\/salles-de-reunion\/\" \/>\n<meta property=\"og:site_name\" content=\"Voco Milan Fiere\" \/>\n<meta property=\"article:modified_time\" content=\"2025-03-24T09:52:39+00:00\" \/>\n<meta name=\"twitter:card\" content=\"summary_large_image\" \/>\n<meta name=\"twitter:label1\" content=\"Dur\u00e9e de lecture estim\u00e9e\" \/>\n\t<meta name=\"twitter:data1\" content=\"1 minute\" \/>\n<script type=\"application\/ld+json\" class=\"yoast-schema-graph\">{\"@context\":\"https:\/\/schema.org\",\"@graph\":[{\"@type\":\"WebPage\",\"@id\":\"https:\/\/www.milanfierehotel.com\/fr\/meeting-et-evenements\/salles-de-reunion\/\",\"url\":\"https:\/\/www.milanfierehotel.com\/fr\/meeting-et-evenements\/salles-de-reunion\/\",\"name\":\"Salles de r\u00e9union, conf\u00e9rences, meeting \u00e0 Milan | voco\u00ae Milan-Fiere\",\"isPartOf\":{\"@id\":\"https:\/\/www.milanfierehotel.com\/fr\/#website\"},\"datePublished\":\"2022-06-29T15:23:36+00:00\",\"dateModified\":\"2025-03-24T09:52:39+00:00\",\"description\":\"Des salles de r\u00e9union spacieuses et enti\u00e8rement \u00e9quip\u00e9es. Id\u00e9ales pour conf\u00e9rences et r\u00e9unions \u00e0 Milan. Nouveau mur LED et capacit\u00e9 jusqu'\u00e0 350 personnes. Cliquez pour plus d'informations.\",\"breadcrumb\":{\"@id\":\"https:\/\/www.milanfierehotel.com\/fr\/meeting-et-evenements\/salles-de-reunion\/#breadcrumb\"},\"inLanguage\":\"fr-FR\",\"potentialAction\":[{\"@type\":\"ReadAction\",\"target\":[\"https:\/\/www.milanfierehotel.com\/fr\/meeting-et-evenements\/salles-de-reunion\/\"]}]},{\"@type\":\"BreadcrumbList\",\"@id\":\"https:\/\/www.milanfierehotel.com\/fr\/meeting-et-evenements\/salles-de-reunion\/#breadcrumb\",\"itemListElement\":[{\"@type\":\"ListItem\",\"position\":1,\"name\":\"Home\",\"item\":\"https:\/\/www.milanfierehotel.com\/fr\/\"},{\"@type\":\"ListItem\",\"position\":2,\"name\":\"Meeting &amp; \u00c9v\u00e8nements\",\"item\":\"https:\/\/www.milanfierehotel.com\/fr\/meeting-et-evenements\/\"},{\"@type\":\"ListItem\",\"position\":3,\"name\":\"Salles de r\u00e9union\"}]},{\"@type\":\"WebSite\",\"@id\":\"https:\/\/www.milanfierehotel.com\/fr\/#website\",\"url\":\"https:\/\/www.milanfierehotel.com\/fr\/\",\"name\":\"Voco Milan Fiere\",\"description\":\"Just another ms.decms.eu site\",\"publisher\":{\"@id\":\"https:\/\/www.milanfierehotel.com\/fr\/#organization\"},\"potentialAction\":[{\"@type\":\"SearchAction\",\"target\":{\"@type\":\"EntryPoint\",\"urlTemplate\":\"https:\/\/www.milanfierehotel.com\/fr\/?s={search_term_string}\"},\"query-input\":{\"@type\":\"PropertyValueSpecification\",\"valueRequired\":true,\"valueName\":\"search_term_string\"}}],\"inLanguage\":\"fr-FR\"},{\"@type\":\"Organization\",\"@id\":\"https:\/\/www.milanfierehotel.com\/fr\/#organization\",\"name\":\"Voco Milano Fiere\",\"url\":\"https:\/\/www.milanfierehotel.com\/fr\/\",\"logo\":{\"@type\":\"ImageObject\",\"inLanguage\":\"fr-FR\",\"@id\":\"https:\/\/www.milanfierehotel.com\/fr\/#\/schema\/logo\/image\/\",\"url\":\"https:\/\/www.milanfierehotel.com\/wp-content\/uploads\/sites\/402\/2022\/07\/02-Hotel-Reception-voco-Milan-Fiere.jpg\",\"contentUrl\":\"https:\/\/www.milanfierehotel.com\/wp-content\/uploads\/sites\/402\/2022\/07\/02-Hotel-Reception-voco-Milan-Fiere.jpg\",\"width\":2200,\"height\":1200,\"caption\":\"Voco Milano Fiere\"},\"image\":{\"@id\":\"https:\/\/www.milanfierehotel.com\/fr\/#\/schema\/logo\/image\/\"}}]}<\/script>\n<!-- \/ Yoast SEO plugin. -->","yoast_head_json":{"title":"Salles de r\u00e9union, conf\u00e9rences, meeting \u00e0 Milan | voco\u00ae Milan-Fiere","description":"Des salles de r\u00e9union spacieuses et enti\u00e8rement \u00e9quip\u00e9es. Id\u00e9ales pour conf\u00e9rences et r\u00e9unions \u00e0 Milan. Nouveau mur LED et capacit\u00e9 jusqu'\u00e0 350 personnes. Cliquez pour plus d'informations.","robots":{"index":"index","follow":"follow","max-snippet":"max-snippet:-1","max-image-preview":"max-image-preview:large","max-video-preview":"max-video-preview:-1"},"canonical":"https:\/\/www.milanfierehotel.com\/fr\/meeting-et-evenements\/salles-de-reunion\/","og_locale":"fr_FR","og_type":"article","og_title":"Salles de r\u00e9union, conf\u00e9rences, meeting \u00e0 Milan | voco\u00ae Milan-Fiere","og_description":"Des salles de r\u00e9union spacieuses et enti\u00e8rement \u00e9quip\u00e9es. Id\u00e9ales pour conf\u00e9rences et r\u00e9unions \u00e0 Milan. Nouveau mur LED et capacit\u00e9 jusqu'\u00e0 350 personnes. Cliquez pour plus d'informations.","og_url":"https:\/\/www.milanfierehotel.com\/fr\/meeting-et-evenements\/salles-de-reunion\/","og_site_name":"Voco Milan Fiere","article_modified_time":"2025-03-24T09:52:39+00:00","twitter_card":"summary_large_image","twitter_misc":{"Dur\u00e9e de lecture estim\u00e9e":"1 minute"},"schema":{"@context":"https:\/\/schema.org","@graph":[{"@type":"WebPage","@id":"https:\/\/www.milanfierehotel.com\/fr\/meeting-et-evenements\/salles-de-reunion\/","url":"https:\/\/www.milanfierehotel.com\/fr\/meeting-et-evenements\/salles-de-reunion\/","name":"Salles de r\u00e9union, conf\u00e9rences, meeting \u00e0 Milan | voco\u00ae Milan-Fiere","isPartOf":{"@id":"https:\/\/www.milanfierehotel.com\/fr\/#website"},"datePublished":"2022-06-29T15:23:36+00:00","dateModified":"2025-03-24T09:52:39+00:00","description":"Des salles de r\u00e9union spacieuses et enti\u00e8rement \u00e9quip\u00e9es. Id\u00e9ales pour conf\u00e9rences et r\u00e9unions \u00e0 Milan. Nouveau mur LED et capacit\u00e9 jusqu'\u00e0 350 personnes. Cliquez pour plus d'informations.","breadcrumb":{"@id":"https:\/\/www.milanfierehotel.com\/fr\/meeting-et-evenements\/salles-de-reunion\/#breadcrumb"},"inLanguage":"fr-FR","potentialAction":[{"@type":"ReadAction","target":["https:\/\/www.milanfierehotel.com\/fr\/meeting-et-evenements\/salles-de-reunion\/"]}]},{"@type":"BreadcrumbList","@id":"https:\/\/www.milanfierehotel.com\/fr\/meeting-et-evenements\/salles-de-reunion\/#breadcrumb","itemListElement":[{"@type":"ListItem","position":1,"name":"Home","item":"https:\/\/www.milanfierehotel.com\/fr\/"},{"@type":"ListItem","position":2,"name":"Meeting &amp; \u00c9v\u00e8nements","item":"https:\/\/www.milanfierehotel.com\/fr\/meeting-et-evenements\/"},{"@type":"ListItem","position":3,"name":"Salles de r\u00e9union"}]},{"@type":"WebSite","@id":"https:\/\/www.milanfierehotel.com\/fr\/#website","url":"https:\/\/www.milanfierehotel.com\/fr\/","name":"Voco Milan Fiere","description":"Just another ms.decms.eu site","publisher":{"@id":"https:\/\/www.milanfierehotel.com\/fr\/#organization"},"potentialAction":[{"@type":"SearchAction","target":{"@type":"EntryPoint","urlTemplate":"https:\/\/www.milanfierehotel.com\/fr\/?s={search_term_string}"},"query-input":{"@type":"PropertyValueSpecification","valueRequired":true,"valueName":"search_term_string"}}],"inLanguage":"fr-FR"},{"@type":"Organization","@id":"https:\/\/www.milanfierehotel.com\/fr\/#organization","name":"Voco Milano Fiere","url":"https:\/\/www.milanfierehotel.com\/fr\/","logo":{"@type":"ImageObject","inLanguage":"fr-FR","@id":"https:\/\/www.milanfierehotel.com\/fr\/#\/schema\/logo\/image\/","url":"https:\/\/www.milanfierehotel.com\/wp-content\/uploads\/sites\/402\/2022\/07\/02-Hotel-Reception-voco-Milan-Fiere.jpg","contentUrl":"https:\/\/www.milanfierehotel.com\/wp-content\/uploads\/sites\/402\/2022\/07\/02-Hotel-Reception-voco-Milan-Fiere.jpg","width":2200,"height":1200,"caption":"Voco Milano Fiere"},"image":{"@id":"https:\/\/www.milanfierehotel.com\/fr\/#\/schema\/logo\/image\/"}}]}},"acf":[],"_links":{"self":[{"href":"https:\/\/www.milanfierehotel.com\/fr\/wp-json\/wp\/v2\/pages\/488","targetHints":{"allow":["GET"]}}],"collection":[{"href":"https:\/\/www.milanfierehotel.com\/fr\/wp-json\/wp\/v2\/pages"}],"about":[{"href":"https:\/\/www.milanfierehotel.com\/fr\/wp-json\/wp\/v2\/types\/page"}],"author":[{"embeddable":true,"href":"https:\/\/www.milanfierehotel.com\/fr\/wp-json\/wp\/v2\/users\/6"}],"replies":[{"embeddable":true,"href":"https:\/\/www.milanfierehotel.com\/fr\/wp-json\/wp\/v2\/comments?post=488"}],"version-history":[{"count":0,"href":"https:\/\/www.milanfierehotel.com\/fr\/wp-json\/wp\/v2\/pages\/488\/revisions"}],"up":[{"embeddable":true,"href":"https:\/\/www.milanfierehotel.com\/fr\/wp-json\/wp\/v2\/pages\/486"}],"wp:attachment":[{"href":"https:\/\/www.milanfierehotel.com\/fr\/wp-json\/wp\/v2\/media?parent=488"}],"curies":[{"name":"wp","href":"https:\/\/api.w.org\/{rel}","templated":true}]}}