{"id":492,"date":"2022-06-29T15:27:49","date_gmt":"2022-06-29T15:27:49","guid":{"rendered":"https:\/\/vocomilanfieredefinitive.ms.decms.eu\/meeting-eventi\/eventi-ibridi\/"},"modified":"2025-03-20T17:25:19","modified_gmt":"2025-03-20T17:25:19","slug":"evenements-hybrides","status":"publish","type":"page","link":"https:\/\/www.milanfierehotel.com\/fr\/meeting-et-evenements\/evenements-hybrides\/","title":{"rendered":"\u00c9v\u00e8nements hybrides"},"content":{"rendered":"<p><span style=\"font-weight: 400\">Attentif autant aux derni\u00e8res innovations technologiques qu&rsquo;\u00e0 la satisfaction de ses h\u00f4tes, le voco\u00ae Milan-Fiere est le lieu id\u00e9al pour les <\/span><b>\u00e9v\u00e8nements hybrides<\/b><span style=\"font-weight: 400\">, c&rsquo;est-\u00e0-dire la combinaison d&rsquo;<\/span><b>\u00e9v\u00e8nements r\u00e9els et d&rsquo;\u00e9v\u00e8nements virtuels<\/b><span style=\"font-weight: 400\">.<\/span><\/p>\n<p><span style=\"font-weight: 400\">Les <\/span><b>grands espaces<\/b><span style=\"font-weight: 400\">, la lumi\u00e8re naturelle et l\u2019<\/span><b>\u00e9quipement hi-tech<\/b><span style=\"font-weight: 400\"> de derni\u00e8re g\u00e9n\u00e9ration permettent au voco\u00ae Milan-Fiere de garantir le succ\u00e8s de ce type de \u00ab\u00a0rencontres\u00a0\u00bb de travail.<\/span><\/p>\n<p><strong>Nouveaut\u00e9 2025 : mur LED de derni\u00e8re g\u00e9n\u00e9ration<\/strong><\/p>\n<p>Notre engagement envers l&rsquo;excellence s&rsquo;est r\u00e9cemment concr\u00e9tis\u00e9 avec l&rsquo;installation d&rsquo;un nouveau mur LED dans la salle pl\u00e9ni\u00e8re, la plus grande de notre centre de congr\u00e8s. Cet investissement repr\u00e9sente une \u00e9tape majeure vers l&rsquo;avenir des \u00e9v\u00e9nements immersifs. Le mur LED offre :<\/p>\n<ul>\n<li><strong>Un angle de vision ultra-large de plus de 160\u00b0<\/strong>, garantissant une visibilit\u00e9 optimale depuis n&rsquo;importe quelle position dans la salle ;<\/li>\n<li><strong>Une fr\u00e9quence de rafra\u00eechissement \u00e9lev\u00e9e (3840-7680 Hz)<\/strong>, assurant des images fluides et nettes, parfaites m\u00eame pour les diffusions en direct ;<\/li>\n<li><strong>Une \u00e9chelle de gris haute d\u00e9finition sup\u00e9rieure \u00e0 14 bits<\/strong>, offrant une profondeur visuelle exceptionnelle ;<\/li>\n<li><strong>Un support HDR<\/strong>, garantissant des couleurs \u00e9clatantes et des contrastes r\u00e9alistes ;<\/li>\n<li><strong>Une pr\u00e9cision chromatique avanc\u00e9e<\/strong>, id\u00e9ale pour les productions virtuelles et les pr\u00e9sentations \u00e0 fort impact.<\/li>\n<\/ul>\n<p><span style=\"font-weight: 400\">Fiez-vous au professionnalisme de notre \u00e9quipe, diffusez votre \u00e9v\u00e9nement en streaming et offrez aux participants \u00e9loign\u00e9s la possibilit\u00e9 d\u2019assister \u00e0 vos r\u00e9unions par vid\u00e9oconf\u00e9rence ! Pourquoi \u00eatre frein\u00e9 par des barri\u00e8res physiques ou par la distance, alors qu\u2019au Voco\u00ae Milan-Fiere, le monde entier est \u00e0 port\u00e9e de clic ? <\/span><\/p>\n","protected":false},"excerpt":{"rendered":"<p>Attentif autant aux derni\u00e8res innovations technologiques qu&rsquo;\u00e0 la satisfaction de ses h\u00f4tes, le voco\u00ae Milan-Fiere est le lieu id\u00e9al pour les \u00e9v\u00e8nements hybrides, c&rsquo;est-\u00e0-dire la combinaison d&rsquo;\u00e9v\u00e8nements r\u00e9els et d&rsquo;\u00e9v\u00e8nements virtuels. Les grands espaces, la lumi\u00e8re naturelle et l\u2019\u00e9quipement hi-tech de derni\u00e8re g\u00e9n\u00e9ration permettent au voco\u00ae Milan-Fiere de garantir le succ\u00e8s de ce type de [&hellip;]<\/p>\n","protected":false},"author":6,"featured_media":0,"parent":486,"menu_order":44,"comment_status":"closed","ping_status":"closed","template":"template-default-4.php","meta":{"footnotes":""},"class_list":["post-492","page","type-page","status-publish","hentry"],"yoast_head":"<!-- This site is optimized with the Yoast SEO plugin v26.9 - https:\/\/yoast.com\/product\/yoast-seo-wordpress\/ -->\n<title>\u00c9v\u00e8nementiel en ligne et hybride \u00e0 Milan | voco\u00ae Milan-Fiere<\/title>\n<meta name=\"description\" content=\"Vous souhaitez organiser un \u00e9v\u00e8nement en ligne et hybride ? Essayez notre \u00e9tablissement spacieux, technologique et enti\u00e8rement \u00e9quip\u00e9. Cliquez pour en savoir plus sur les services voco\u00ae.\" \/>\n<meta name=\"robots\" content=\"index, follow, max-snippet:-1, max-image-preview:large, max-video-preview:-1\" \/>\n<link rel=\"canonical\" href=\"https:\/\/www.milanfierehotel.com\/fr\/meeting-et-evenements\/evenements-hybrides\/\" \/>\n<meta property=\"og:locale\" content=\"fr_FR\" \/>\n<meta property=\"og:type\" content=\"article\" \/>\n<meta property=\"og:title\" content=\"\u00c9v\u00e8nementiel en ligne et hybride \u00e0 Milan | voco\u00ae Milan-Fiere\" \/>\n<meta property=\"og:description\" content=\"Vous souhaitez organiser un \u00e9v\u00e8nement en ligne et hybride ? Essayez notre \u00e9tablissement spacieux, technologique et enti\u00e8rement \u00e9quip\u00e9. Cliquez pour en savoir plus sur les services voco\u00ae.\" \/>\n<meta property=\"og:url\" content=\"https:\/\/www.milanfierehotel.com\/fr\/meeting-et-evenements\/evenements-hybrides\/\" \/>\n<meta property=\"og:site_name\" content=\"Voco Milan Fiere\" \/>\n<meta property=\"article:modified_time\" content=\"2025-03-20T17:25:19+00:00\" \/>\n<meta name=\"twitter:card\" content=\"summary_large_image\" \/>\n<meta name=\"twitter:label1\" content=\"Dur\u00e9e de lecture estim\u00e9e\" \/>\n\t<meta name=\"twitter:data1\" content=\"2 minutes\" \/>\n<script type=\"application\/ld+json\" class=\"yoast-schema-graph\">{\"@context\":\"https:\/\/schema.org\",\"@graph\":[{\"@type\":\"WebPage\",\"@id\":\"https:\/\/www.milanfierehotel.com\/fr\/meeting-et-evenements\/evenements-hybrides\/\",\"url\":\"https:\/\/www.milanfierehotel.com\/fr\/meeting-et-evenements\/evenements-hybrides\/\",\"name\":\"\u00c9v\u00e8nementiel en ligne et hybride \u00e0 Milan | voco\u00ae Milan-Fiere\",\"isPartOf\":{\"@id\":\"https:\/\/www.milanfierehotel.com\/fr\/#website\"},\"datePublished\":\"2022-06-29T15:27:49+00:00\",\"dateModified\":\"2025-03-20T17:25:19+00:00\",\"description\":\"Vous souhaitez organiser un \u00e9v\u00e8nement en ligne et hybride ? Essayez notre \u00e9tablissement spacieux, technologique et enti\u00e8rement \u00e9quip\u00e9. Cliquez pour en savoir plus sur les services voco\u00ae.\",\"breadcrumb\":{\"@id\":\"https:\/\/www.milanfierehotel.com\/fr\/meeting-et-evenements\/evenements-hybrides\/#breadcrumb\"},\"inLanguage\":\"fr-FR\",\"potentialAction\":[{\"@type\":\"ReadAction\",\"target\":[\"https:\/\/www.milanfierehotel.com\/fr\/meeting-et-evenements\/evenements-hybrides\/\"]}]},{\"@type\":\"BreadcrumbList\",\"@id\":\"https:\/\/www.milanfierehotel.com\/fr\/meeting-et-evenements\/evenements-hybrides\/#breadcrumb\",\"itemListElement\":[{\"@type\":\"ListItem\",\"position\":1,\"name\":\"Home\",\"item\":\"https:\/\/www.milanfierehotel.com\/fr\/\"},{\"@type\":\"ListItem\",\"position\":2,\"name\":\"Meeting &amp; \u00c9v\u00e8nements\",\"item\":\"https:\/\/www.milanfierehotel.com\/fr\/meeting-et-evenements\/\"},{\"@type\":\"ListItem\",\"position\":3,\"name\":\"\u00c9v\u00e8nements hybrides\"}]},{\"@type\":\"WebSite\",\"@id\":\"https:\/\/www.milanfierehotel.com\/fr\/#website\",\"url\":\"https:\/\/www.milanfierehotel.com\/fr\/\",\"name\":\"Voco Milan Fiere\",\"description\":\"Just another ms.decms.eu site\",\"publisher\":{\"@id\":\"https:\/\/www.milanfierehotel.com\/fr\/#organization\"},\"potentialAction\":[{\"@type\":\"SearchAction\",\"target\":{\"@type\":\"EntryPoint\",\"urlTemplate\":\"https:\/\/www.milanfierehotel.com\/fr\/?s={search_term_string}\"},\"query-input\":{\"@type\":\"PropertyValueSpecification\",\"valueRequired\":true,\"valueName\":\"search_term_string\"}}],\"inLanguage\":\"fr-FR\"},{\"@type\":\"Organization\",\"@id\":\"https:\/\/www.milanfierehotel.com\/fr\/#organization\",\"name\":\"Voco Milano Fiere\",\"url\":\"https:\/\/www.milanfierehotel.com\/fr\/\",\"logo\":{\"@type\":\"ImageObject\",\"inLanguage\":\"fr-FR\",\"@id\":\"https:\/\/www.milanfierehotel.com\/fr\/#\/schema\/logo\/image\/\",\"url\":\"https:\/\/www.milanfierehotel.com\/wp-content\/uploads\/sites\/402\/2022\/07\/02-Hotel-Reception-voco-Milan-Fiere.jpg\",\"contentUrl\":\"https:\/\/www.milanfierehotel.com\/wp-content\/uploads\/sites\/402\/2022\/07\/02-Hotel-Reception-voco-Milan-Fiere.jpg\",\"width\":2200,\"height\":1200,\"caption\":\"Voco Milano Fiere\"},\"image\":{\"@id\":\"https:\/\/www.milanfierehotel.com\/fr\/#\/schema\/logo\/image\/\"}}]}<\/script>\n<!-- \/ Yoast SEO plugin. -->","yoast_head_json":{"title":"\u00c9v\u00e8nementiel en ligne et hybride \u00e0 Milan | voco\u00ae Milan-Fiere","description":"Vous souhaitez organiser un \u00e9v\u00e8nement en ligne et hybride ? Essayez notre \u00e9tablissement spacieux, technologique et enti\u00e8rement \u00e9quip\u00e9. Cliquez pour en savoir plus sur les services voco\u00ae.","robots":{"index":"index","follow":"follow","max-snippet":"max-snippet:-1","max-image-preview":"max-image-preview:large","max-video-preview":"max-video-preview:-1"},"canonical":"https:\/\/www.milanfierehotel.com\/fr\/meeting-et-evenements\/evenements-hybrides\/","og_locale":"fr_FR","og_type":"article","og_title":"\u00c9v\u00e8nementiel en ligne et hybride \u00e0 Milan | voco\u00ae Milan-Fiere","og_description":"Vous souhaitez organiser un \u00e9v\u00e8nement en ligne et hybride ? Essayez notre \u00e9tablissement spacieux, technologique et enti\u00e8rement \u00e9quip\u00e9. Cliquez pour en savoir plus sur les services voco\u00ae.","og_url":"https:\/\/www.milanfierehotel.com\/fr\/meeting-et-evenements\/evenements-hybrides\/","og_site_name":"Voco Milan Fiere","article_modified_time":"2025-03-20T17:25:19+00:00","twitter_card":"summary_large_image","twitter_misc":{"Dur\u00e9e de lecture estim\u00e9e":"2 minutes"},"schema":{"@context":"https:\/\/schema.org","@graph":[{"@type":"WebPage","@id":"https:\/\/www.milanfierehotel.com\/fr\/meeting-et-evenements\/evenements-hybrides\/","url":"https:\/\/www.milanfierehotel.com\/fr\/meeting-et-evenements\/evenements-hybrides\/","name":"\u00c9v\u00e8nementiel en ligne et hybride \u00e0 Milan | voco\u00ae Milan-Fiere","isPartOf":{"@id":"https:\/\/www.milanfierehotel.com\/fr\/#website"},"datePublished":"2022-06-29T15:27:49+00:00","dateModified":"2025-03-20T17:25:19+00:00","description":"Vous souhaitez organiser un \u00e9v\u00e8nement en ligne et hybride ? Essayez notre \u00e9tablissement spacieux, technologique et enti\u00e8rement \u00e9quip\u00e9. Cliquez pour en savoir plus sur les services voco\u00ae.","breadcrumb":{"@id":"https:\/\/www.milanfierehotel.com\/fr\/meeting-et-evenements\/evenements-hybrides\/#breadcrumb"},"inLanguage":"fr-FR","potentialAction":[{"@type":"ReadAction","target":["https:\/\/www.milanfierehotel.com\/fr\/meeting-et-evenements\/evenements-hybrides\/"]}]},{"@type":"BreadcrumbList","@id":"https:\/\/www.milanfierehotel.com\/fr\/meeting-et-evenements\/evenements-hybrides\/#breadcrumb","itemListElement":[{"@type":"ListItem","position":1,"name":"Home","item":"https:\/\/www.milanfierehotel.com\/fr\/"},{"@type":"ListItem","position":2,"name":"Meeting &amp; \u00c9v\u00e8nements","item":"https:\/\/www.milanfierehotel.com\/fr\/meeting-et-evenements\/"},{"@type":"ListItem","position":3,"name":"\u00c9v\u00e8nements hybrides"}]},{"@type":"WebSite","@id":"https:\/\/www.milanfierehotel.com\/fr\/#website","url":"https:\/\/www.milanfierehotel.com\/fr\/","name":"Voco Milan Fiere","description":"Just another ms.decms.eu site","publisher":{"@id":"https:\/\/www.milanfierehotel.com\/fr\/#organization"},"potentialAction":[{"@type":"SearchAction","target":{"@type":"EntryPoint","urlTemplate":"https:\/\/www.milanfierehotel.com\/fr\/?s={search_term_string}"},"query-input":{"@type":"PropertyValueSpecification","valueRequired":true,"valueName":"search_term_string"}}],"inLanguage":"fr-FR"},{"@type":"Organization","@id":"https:\/\/www.milanfierehotel.com\/fr\/#organization","name":"Voco Milano Fiere","url":"https:\/\/www.milanfierehotel.com\/fr\/","logo":{"@type":"ImageObject","inLanguage":"fr-FR","@id":"https:\/\/www.milanfierehotel.com\/fr\/#\/schema\/logo\/image\/","url":"https:\/\/www.milanfierehotel.com\/wp-content\/uploads\/sites\/402\/2022\/07\/02-Hotel-Reception-voco-Milan-Fiere.jpg","contentUrl":"https:\/\/www.milanfierehotel.com\/wp-content\/uploads\/sites\/402\/2022\/07\/02-Hotel-Reception-voco-Milan-Fiere.jpg","width":2200,"height":1200,"caption":"Voco Milano Fiere"},"image":{"@id":"https:\/\/www.milanfierehotel.com\/fr\/#\/schema\/logo\/image\/"}}]}},"acf":[],"_links":{"self":[{"href":"https:\/\/www.milanfierehotel.com\/fr\/wp-json\/wp\/v2\/pages\/492","targetHints":{"allow":["GET"]}}],"collection":[{"href":"https:\/\/www.milanfierehotel.com\/fr\/wp-json\/wp\/v2\/pages"}],"about":[{"href":"https:\/\/www.milanfierehotel.com\/fr\/wp-json\/wp\/v2\/types\/page"}],"author":[{"embeddable":true,"href":"https:\/\/www.milanfierehotel.com\/fr\/wp-json\/wp\/v2\/users\/6"}],"replies":[{"embeddable":true,"href":"https:\/\/www.milanfierehotel.com\/fr\/wp-json\/wp\/v2\/comments?post=492"}],"version-history":[{"count":0,"href":"https:\/\/www.milanfierehotel.com\/fr\/wp-json\/wp\/v2\/pages\/492\/revisions"}],"up":[{"embeddable":true,"href":"https:\/\/www.milanfierehotel.com\/fr\/wp-json\/wp\/v2\/pages\/486"}],"wp:attachment":[{"href":"https:\/\/www.milanfierehotel.com\/fr\/wp-json\/wp\/v2\/media?parent=492"}],"curies":[{"name":"wp","href":"https:\/\/api.w.org\/{rel}","templated":true}]}}