{"id":498,"date":"2022-07-01T14:06:27","date_gmt":"2022-07-01T14:06:27","guid":{"rendered":"https:\/\/vocomilanfieredefinitive.ms.decms.eu\/benessere-e-divertimento\/area-wellness\/"},"modified":"2023-05-22T08:46:49","modified_gmt":"2023-05-22T08:46:49","slug":"espace-bien-etre","status":"publish","type":"page","link":"https:\/\/www.milanfierehotel.com\/fr\/bien-etre-et-divertissement\/espace-bien-etre\/","title":{"rendered":"Espace Bien-\u00eatre"},"content":{"rendered":"<p><span style=\"font-weight: 400\">Quoi de plus relaxant que de faire trempette dans une <\/span><b>piscine chauff\u00e9e<\/b><span style=\"font-weight: 400\"> apr\u00e8s une journ\u00e9e stressante au travail, devant les lumi\u00e8res scintillantes de la Milan by night depuis les baies vitr\u00e9es ?\u00a0<\/span><\/p>\n<p><span style=\"font-weight: 400\">La chaleur enveloppante d&rsquo;un <\/span><b>bain turc<\/b><span style=\"font-weight: 400\"> peut-\u00eatre, ou bien un massage voluptueux gr\u00e2ce aux jets d&rsquo;eau modulaires d&rsquo;un <\/span><b>bain \u00e0 remous.<\/b><span style=\"font-weight: 400\"><br \/>\n<\/span><span style=\"font-weight: 400\"><br \/>\n<\/span><span style=\"font-weight: 400\">Allongez-vous sur l&rsquo;une des nombreuses chaises longues de notre <\/span><b>espace Bien-\u00eatre<\/b><span style=\"font-weight: 400\"> et profitez d\u2019un moment de d\u00e9tente, pourquoi pas, en lisant un bon livre. <\/span><span style=\"font-weight: 400\"><br \/>\n<\/span><span style=\"font-weight: 400\"><br \/>\n<\/span><span style=\"font-weight: 400\">C\u2019est le menu qui vous attend au voco\u00ae Milan-Fiere, et bien plus encore : un mobilier design aux formes rondes, un personnel pr\u00eat \u00e0 satisfaire tous vos besoins, et la certitude que nous nous effor\u00e7ons chaque jour de rendre votre s\u00e9jour tout simplement inoubliable.<\/span><\/p>\n","protected":false},"excerpt":{"rendered":"<p>Quoi de plus relaxant que de faire trempette dans une piscine chauff\u00e9e apr\u00e8s une journ\u00e9e stressante au travail, devant les lumi\u00e8res scintillantes de la Milan by night depuis les baies vitr\u00e9es ?\u00a0 La chaleur enveloppante d&rsquo;un bain turc peut-\u00eatre, ou bien un massage voluptueux gr\u00e2ce aux jets d&rsquo;eau modulaires d&rsquo;un bain \u00e0 remous. Allongez-vous sur [&hellip;]<\/p>\n","protected":false},"author":6,"featured_media":0,"parent":496,"menu_order":51,"comment_status":"closed","ping_status":"closed","template":"template-default-4.php","meta":{"footnotes":""},"class_list":["post-498","page","type-page","status-publish","hentry"],"yoast_head":"<!-- This site is optimized with the Yoast SEO plugin v26.9 - https:\/\/yoast.com\/product\/yoast-seo-wordpress\/ -->\n<title>Espace Bien-\u00eatre : sauna, bain turc, piscine | voco\u00ae Milan-Fiere<\/title>\n<meta name=\"description\" content=\"Profitez de l&#039;espace Bien-\u00eatre pour un s\u00e9jour \u00e0 l\u2019enseigne du relax. \u00c9quip\u00e9 d&#039;un sauna, d&#039;un bain turc et d&#039;une piscine couverte. Visitez le site web du voco\u00ae Milan-Fiere pour en savoir plus.\" \/>\n<meta name=\"robots\" content=\"index, follow, max-snippet:-1, max-image-preview:large, max-video-preview:-1\" \/>\n<link rel=\"canonical\" href=\"https:\/\/www.milanfierehotel.com\/fr\/bien-etre-et-divertissement\/espace-bien-etre\/\" \/>\n<meta property=\"og:locale\" content=\"fr_FR\" \/>\n<meta property=\"og:type\" content=\"article\" \/>\n<meta property=\"og:title\" content=\"Espace Bien-\u00eatre : sauna, bain turc, piscine | voco\u00ae Milan-Fiere\" \/>\n<meta property=\"og:description\" content=\"Profitez de l&#039;espace Bien-\u00eatre pour un s\u00e9jour \u00e0 l\u2019enseigne du relax. \u00c9quip\u00e9 d&#039;un sauna, d&#039;un bain turc et d&#039;une piscine couverte. Visitez le site web du voco\u00ae Milan-Fiere pour en savoir plus.\" \/>\n<meta property=\"og:url\" content=\"https:\/\/www.milanfierehotel.com\/fr\/bien-etre-et-divertissement\/espace-bien-etre\/\" \/>\n<meta property=\"og:site_name\" content=\"Voco Milan Fiere\" \/>\n<meta property=\"article:modified_time\" content=\"2023-05-22T08:46:49+00:00\" \/>\n<meta name=\"twitter:card\" content=\"summary_large_image\" \/>\n<meta name=\"twitter:label1\" content=\"Dur\u00e9e de lecture estim\u00e9e\" \/>\n\t<meta name=\"twitter:data1\" content=\"1 minute\" \/>\n<script type=\"application\/ld+json\" class=\"yoast-schema-graph\">{\"@context\":\"https:\/\/schema.org\",\"@graph\":[{\"@type\":\"WebPage\",\"@id\":\"https:\/\/www.milanfierehotel.com\/fr\/bien-etre-et-divertissement\/espace-bien-etre\/\",\"url\":\"https:\/\/www.milanfierehotel.com\/fr\/bien-etre-et-divertissement\/espace-bien-etre\/\",\"name\":\"Espace Bien-\u00eatre : sauna, bain turc, piscine | voco\u00ae Milan-Fiere\",\"isPartOf\":{\"@id\":\"https:\/\/www.milanfierehotel.com\/fr\/#website\"},\"datePublished\":\"2022-07-01T14:06:27+00:00\",\"dateModified\":\"2023-05-22T08:46:49+00:00\",\"description\":\"Profitez de l'espace Bien-\u00eatre pour un s\u00e9jour \u00e0 l\u2019enseigne du relax. \u00c9quip\u00e9 d'un sauna, d'un bain turc et d'une piscine couverte. Visitez le site web du voco\u00ae Milan-Fiere pour en savoir plus.\",\"breadcrumb\":{\"@id\":\"https:\/\/www.milanfierehotel.com\/fr\/bien-etre-et-divertissement\/espace-bien-etre\/#breadcrumb\"},\"inLanguage\":\"fr-FR\",\"potentialAction\":[{\"@type\":\"ReadAction\",\"target\":[\"https:\/\/www.milanfierehotel.com\/fr\/bien-etre-et-divertissement\/espace-bien-etre\/\"]}]},{\"@type\":\"BreadcrumbList\",\"@id\":\"https:\/\/www.milanfierehotel.com\/fr\/bien-etre-et-divertissement\/espace-bien-etre\/#breadcrumb\",\"itemListElement\":[{\"@type\":\"ListItem\",\"position\":1,\"name\":\"Home\",\"item\":\"https:\/\/www.milanfierehotel.com\/fr\/\"},{\"@type\":\"ListItem\",\"position\":2,\"name\":\"Bien-\u00eatre &#038; Divertissement\",\"item\":\"https:\/\/www.milanfierehotel.com\/fr\/bien-etre-et-divertissement\/\"},{\"@type\":\"ListItem\",\"position\":3,\"name\":\"Espace Bien-\u00eatre\"}]},{\"@type\":\"WebSite\",\"@id\":\"https:\/\/www.milanfierehotel.com\/fr\/#website\",\"url\":\"https:\/\/www.milanfierehotel.com\/fr\/\",\"name\":\"Voco Milan Fiere\",\"description\":\"Just another ms.decms.eu site\",\"publisher\":{\"@id\":\"https:\/\/www.milanfierehotel.com\/fr\/#organization\"},\"potentialAction\":[{\"@type\":\"SearchAction\",\"target\":{\"@type\":\"EntryPoint\",\"urlTemplate\":\"https:\/\/www.milanfierehotel.com\/fr\/?s={search_term_string}\"},\"query-input\":{\"@type\":\"PropertyValueSpecification\",\"valueRequired\":true,\"valueName\":\"search_term_string\"}}],\"inLanguage\":\"fr-FR\"},{\"@type\":\"Organization\",\"@id\":\"https:\/\/www.milanfierehotel.com\/fr\/#organization\",\"name\":\"Voco Milano Fiere\",\"url\":\"https:\/\/www.milanfierehotel.com\/fr\/\",\"logo\":{\"@type\":\"ImageObject\",\"inLanguage\":\"fr-FR\",\"@id\":\"https:\/\/www.milanfierehotel.com\/fr\/#\/schema\/logo\/image\/\",\"url\":\"https:\/\/www.milanfierehotel.com\/wp-content\/uploads\/sites\/402\/2022\/07\/02-Hotel-Reception-voco-Milan-Fiere.jpg\",\"contentUrl\":\"https:\/\/www.milanfierehotel.com\/wp-content\/uploads\/sites\/402\/2022\/07\/02-Hotel-Reception-voco-Milan-Fiere.jpg\",\"width\":2200,\"height\":1200,\"caption\":\"Voco Milano Fiere\"},\"image\":{\"@id\":\"https:\/\/www.milanfierehotel.com\/fr\/#\/schema\/logo\/image\/\"}}]}<\/script>\n<!-- \/ Yoast SEO plugin. -->","yoast_head_json":{"title":"Espace Bien-\u00eatre : sauna, bain turc, piscine | voco\u00ae Milan-Fiere","description":"Profitez de l'espace Bien-\u00eatre pour un s\u00e9jour \u00e0 l\u2019enseigne du relax. \u00c9quip\u00e9 d'un sauna, d'un bain turc et d'une piscine couverte. Visitez le site web du voco\u00ae Milan-Fiere pour en savoir plus.","robots":{"index":"index","follow":"follow","max-snippet":"max-snippet:-1","max-image-preview":"max-image-preview:large","max-video-preview":"max-video-preview:-1"},"canonical":"https:\/\/www.milanfierehotel.com\/fr\/bien-etre-et-divertissement\/espace-bien-etre\/","og_locale":"fr_FR","og_type":"article","og_title":"Espace Bien-\u00eatre : sauna, bain turc, piscine | voco\u00ae Milan-Fiere","og_description":"Profitez de l'espace Bien-\u00eatre pour un s\u00e9jour \u00e0 l\u2019enseigne du relax. \u00c9quip\u00e9 d'un sauna, d'un bain turc et d'une piscine couverte. Visitez le site web du voco\u00ae Milan-Fiere pour en savoir plus.","og_url":"https:\/\/www.milanfierehotel.com\/fr\/bien-etre-et-divertissement\/espace-bien-etre\/","og_site_name":"Voco Milan Fiere","article_modified_time":"2023-05-22T08:46:49+00:00","twitter_card":"summary_large_image","twitter_misc":{"Dur\u00e9e de lecture estim\u00e9e":"1 minute"},"schema":{"@context":"https:\/\/schema.org","@graph":[{"@type":"WebPage","@id":"https:\/\/www.milanfierehotel.com\/fr\/bien-etre-et-divertissement\/espace-bien-etre\/","url":"https:\/\/www.milanfierehotel.com\/fr\/bien-etre-et-divertissement\/espace-bien-etre\/","name":"Espace Bien-\u00eatre : sauna, bain turc, piscine | voco\u00ae Milan-Fiere","isPartOf":{"@id":"https:\/\/www.milanfierehotel.com\/fr\/#website"},"datePublished":"2022-07-01T14:06:27+00:00","dateModified":"2023-05-22T08:46:49+00:00","description":"Profitez de l'espace Bien-\u00eatre pour un s\u00e9jour \u00e0 l\u2019enseigne du relax. \u00c9quip\u00e9 d'un sauna, d'un bain turc et d'une piscine couverte. Visitez le site web du voco\u00ae Milan-Fiere pour en savoir plus.","breadcrumb":{"@id":"https:\/\/www.milanfierehotel.com\/fr\/bien-etre-et-divertissement\/espace-bien-etre\/#breadcrumb"},"inLanguage":"fr-FR","potentialAction":[{"@type":"ReadAction","target":["https:\/\/www.milanfierehotel.com\/fr\/bien-etre-et-divertissement\/espace-bien-etre\/"]}]},{"@type":"BreadcrumbList","@id":"https:\/\/www.milanfierehotel.com\/fr\/bien-etre-et-divertissement\/espace-bien-etre\/#breadcrumb","itemListElement":[{"@type":"ListItem","position":1,"name":"Home","item":"https:\/\/www.milanfierehotel.com\/fr\/"},{"@type":"ListItem","position":2,"name":"Bien-\u00eatre &#038; Divertissement","item":"https:\/\/www.milanfierehotel.com\/fr\/bien-etre-et-divertissement\/"},{"@type":"ListItem","position":3,"name":"Espace Bien-\u00eatre"}]},{"@type":"WebSite","@id":"https:\/\/www.milanfierehotel.com\/fr\/#website","url":"https:\/\/www.milanfierehotel.com\/fr\/","name":"Voco Milan Fiere","description":"Just another ms.decms.eu site","publisher":{"@id":"https:\/\/www.milanfierehotel.com\/fr\/#organization"},"potentialAction":[{"@type":"SearchAction","target":{"@type":"EntryPoint","urlTemplate":"https:\/\/www.milanfierehotel.com\/fr\/?s={search_term_string}"},"query-input":{"@type":"PropertyValueSpecification","valueRequired":true,"valueName":"search_term_string"}}],"inLanguage":"fr-FR"},{"@type":"Organization","@id":"https:\/\/www.milanfierehotel.com\/fr\/#organization","name":"Voco Milano Fiere","url":"https:\/\/www.milanfierehotel.com\/fr\/","logo":{"@type":"ImageObject","inLanguage":"fr-FR","@id":"https:\/\/www.milanfierehotel.com\/fr\/#\/schema\/logo\/image\/","url":"https:\/\/www.milanfierehotel.com\/wp-content\/uploads\/sites\/402\/2022\/07\/02-Hotel-Reception-voco-Milan-Fiere.jpg","contentUrl":"https:\/\/www.milanfierehotel.com\/wp-content\/uploads\/sites\/402\/2022\/07\/02-Hotel-Reception-voco-Milan-Fiere.jpg","width":2200,"height":1200,"caption":"Voco Milano Fiere"},"image":{"@id":"https:\/\/www.milanfierehotel.com\/fr\/#\/schema\/logo\/image\/"}}]}},"acf":[],"_links":{"self":[{"href":"https:\/\/www.milanfierehotel.com\/fr\/wp-json\/wp\/v2\/pages\/498","targetHints":{"allow":["GET"]}}],"collection":[{"href":"https:\/\/www.milanfierehotel.com\/fr\/wp-json\/wp\/v2\/pages"}],"about":[{"href":"https:\/\/www.milanfierehotel.com\/fr\/wp-json\/wp\/v2\/types\/page"}],"author":[{"embeddable":true,"href":"https:\/\/www.milanfierehotel.com\/fr\/wp-json\/wp\/v2\/users\/6"}],"replies":[{"embeddable":true,"href":"https:\/\/www.milanfierehotel.com\/fr\/wp-json\/wp\/v2\/comments?post=498"}],"version-history":[{"count":0,"href":"https:\/\/www.milanfierehotel.com\/fr\/wp-json\/wp\/v2\/pages\/498\/revisions"}],"up":[{"embeddable":true,"href":"https:\/\/www.milanfierehotel.com\/fr\/wp-json\/wp\/v2\/pages\/496"}],"wp:attachment":[{"href":"https:\/\/www.milanfierehotel.com\/fr\/wp-json\/wp\/v2\/media?parent=498"}],"curies":[{"name":"wp","href":"https:\/\/api.w.org\/{rel}","templated":true}]}}