{"id":500,"date":"2022-07-01T14:10:09","date_gmt":"2022-07-01T14:10:09","guid":{"rendered":"https:\/\/vocomilanfieredefinitive.ms.decms.eu\/benessere-e-divertimento\/sala-fitness\/"},"modified":"2022-12-06T08:24:04","modified_gmt":"2022-12-06T08:24:04","slug":"salle-de-fitness","status":"publish","type":"page","link":"https:\/\/www.milanfierehotel.com\/fr\/bien-etre-et-divertissement\/salle-de-fitness\/","title":{"rendered":"Salle de fitness"},"content":{"rendered":"<p><span style=\"font-weight: 400;\">Au voco\u00ae Milan-Fiere, une salle de fitness bien \u00e9quip\u00e9e est \u00e0 votre disposition : vous pourrez vous y entra\u00eener, vous tonifier et \u00e9vacuer le stress accumul\u00e9 pendant les longues journ\u00e9es de travail.<\/span><\/p>\n<p><span style=\"font-weight: 400;\">Dot\u00e9e d&rsquo;un design attrayant, notre salle de fitness est \u00e9quip\u00e9e <\/span><b>Technogym<\/b><span style=\"font-weight: 400;\">, un mat\u00e9riel adapt\u00e9 aux <\/span><b>exercices de cardio<\/b><span style=\"font-weight: 400;\"> et <\/span><b>musculation<\/b><span style=\"font-weight: 400;\">, ainsi que d&rsquo;un vestiaire confortable avec casiers : pourquoi perdre un temps pr\u00e9cieux \u00e0 retourner dans votre chambre, alors que vous pouvez vous changer, \u00e9vacuer vos tensions avec une s\u00e9ance d\u2019entra\u00eenement rapide entre deux r\u00e9unions, prendre une douche et \u00eatre \u00e0 nouveau actif et dynamique en quelques minutes ?\u00a0<\/span><\/p>\n<p><span style=\"font-weight: 400;\">Maintenez un style de vie sain, faites de l&rsquo;exercice et profitez d&rsquo;une exp\u00e9rience de remise en forme compl\u00e8te au voco\u00ae Milan-Fiere avec la <\/span><b>cuisine saine<\/b><span style=\"font-weight: 400;\"> de notre restaurant <\/span><a href=\"https:\/\/www.milanfierehotel.com\/bar-and-restaurant\/onfire-restaurant\/\" rel=\"noopener\"><b>OnFire &#8211; Grill and Lounge<\/b><\/a><span style=\"font-weight: 400;\">, caract\u00e9ris\u00e9e par une cuisson \u00e0 flamme vive, pauvre en graisses et qui pr\u00e9serve toutes les propri\u00e9t\u00e9s organoleptiques des mati\u00e8res premi\u00e8res.<\/span><\/p>\n<p>&nbsp;<\/p>\n","protected":false},"excerpt":{"rendered":"<p>Au voco\u00ae Milan-Fiere, une salle de fitness bien \u00e9quip\u00e9e est \u00e0 votre disposition : vous pourrez vous y entra\u00eener, vous tonifier et \u00e9vacuer le stress accumul\u00e9 pendant les longues journ\u00e9es de travail. Dot\u00e9e d&rsquo;un design attrayant, notre salle de fitness est \u00e9quip\u00e9e Technogym, un mat\u00e9riel adapt\u00e9 aux exercices de cardio et musculation, ainsi que d&rsquo;un [&hellip;]<\/p>\n","protected":false},"author":6,"featured_media":0,"parent":496,"menu_order":52,"comment_status":"closed","ping_status":"closed","template":"template-default-4.php","meta":{"footnotes":""},"class_list":["post-500","page","type-page","status-publish","hentry"],"yoast_head":"<!-- This site is optimized with the Yoast SEO plugin v26.9 - https:\/\/yoast.com\/product\/yoast-seo-wordpress\/ -->\n<title>H\u00f4tel avec salle de sport enti\u00e8rement \u00e9quip\u00e9e | voco\u00ae Milan-Fiere<\/title>\n<meta name=\"description\" content=\"Profitez de votre s\u00e9jour en ville sans renoncer au sport. Essayez la salle de fitness \u00e9quip\u00e9e d\u2019appareils Technogym. Cliquez pour r\u00e9server !\" \/>\n<meta name=\"robots\" content=\"index, follow, max-snippet:-1, max-image-preview:large, max-video-preview:-1\" \/>\n<link rel=\"canonical\" href=\"https:\/\/www.milanfierehotel.com\/fr\/bien-etre-et-divertissement\/salle-de-fitness\/\" \/>\n<meta property=\"og:locale\" content=\"fr_FR\" \/>\n<meta property=\"og:type\" content=\"article\" \/>\n<meta property=\"og:title\" content=\"H\u00f4tel avec salle de sport enti\u00e8rement \u00e9quip\u00e9e | voco\u00ae Milan-Fiere\" \/>\n<meta property=\"og:description\" content=\"Profitez de votre s\u00e9jour en ville sans renoncer au sport. Essayez la salle de fitness \u00e9quip\u00e9e d\u2019appareils Technogym. Cliquez pour r\u00e9server !\" \/>\n<meta property=\"og:url\" content=\"https:\/\/www.milanfierehotel.com\/fr\/bien-etre-et-divertissement\/salle-de-fitness\/\" \/>\n<meta property=\"og:site_name\" content=\"Voco Milan Fiere\" \/>\n<meta property=\"article:modified_time\" content=\"2022-12-06T08:24:04+00:00\" \/>\n<meta name=\"twitter:card\" content=\"summary_large_image\" \/>\n<meta name=\"twitter:label1\" content=\"Dur\u00e9e de lecture estim\u00e9e\" \/>\n\t<meta name=\"twitter:data1\" content=\"1 minute\" \/>\n<script type=\"application\/ld+json\" class=\"yoast-schema-graph\">{\"@context\":\"https:\/\/schema.org\",\"@graph\":[{\"@type\":\"WebPage\",\"@id\":\"https:\/\/www.milanfierehotel.com\/fr\/bien-etre-et-divertissement\/salle-de-fitness\/\",\"url\":\"https:\/\/www.milanfierehotel.com\/fr\/bien-etre-et-divertissement\/salle-de-fitness\/\",\"name\":\"H\u00f4tel avec salle de sport enti\u00e8rement \u00e9quip\u00e9e | voco\u00ae Milan-Fiere\",\"isPartOf\":{\"@id\":\"https:\/\/www.milanfierehotel.com\/fr\/#website\"},\"datePublished\":\"2022-07-01T14:10:09+00:00\",\"dateModified\":\"2022-12-06T08:24:04+00:00\",\"description\":\"Profitez de votre s\u00e9jour en ville sans renoncer au sport. Essayez la salle de fitness \u00e9quip\u00e9e d\u2019appareils Technogym. Cliquez pour r\u00e9server !\",\"breadcrumb\":{\"@id\":\"https:\/\/www.milanfierehotel.com\/fr\/bien-etre-et-divertissement\/salle-de-fitness\/#breadcrumb\"},\"inLanguage\":\"fr-FR\",\"potentialAction\":[{\"@type\":\"ReadAction\",\"target\":[\"https:\/\/www.milanfierehotel.com\/fr\/bien-etre-et-divertissement\/salle-de-fitness\/\"]}]},{\"@type\":\"BreadcrumbList\",\"@id\":\"https:\/\/www.milanfierehotel.com\/fr\/bien-etre-et-divertissement\/salle-de-fitness\/#breadcrumb\",\"itemListElement\":[{\"@type\":\"ListItem\",\"position\":1,\"name\":\"Home\",\"item\":\"https:\/\/www.milanfierehotel.com\/fr\/\"},{\"@type\":\"ListItem\",\"position\":2,\"name\":\"Bien-\u00eatre &#038; Divertissement\",\"item\":\"https:\/\/www.milanfierehotel.com\/fr\/bien-etre-et-divertissement\/\"},{\"@type\":\"ListItem\",\"position\":3,\"name\":\"Salle de fitness\"}]},{\"@type\":\"WebSite\",\"@id\":\"https:\/\/www.milanfierehotel.com\/fr\/#website\",\"url\":\"https:\/\/www.milanfierehotel.com\/fr\/\",\"name\":\"Voco Milan Fiere\",\"description\":\"Just another ms.decms.eu site\",\"publisher\":{\"@id\":\"https:\/\/www.milanfierehotel.com\/fr\/#organization\"},\"potentialAction\":[{\"@type\":\"SearchAction\",\"target\":{\"@type\":\"EntryPoint\",\"urlTemplate\":\"https:\/\/www.milanfierehotel.com\/fr\/?s={search_term_string}\"},\"query-input\":{\"@type\":\"PropertyValueSpecification\",\"valueRequired\":true,\"valueName\":\"search_term_string\"}}],\"inLanguage\":\"fr-FR\"},{\"@type\":\"Organization\",\"@id\":\"https:\/\/www.milanfierehotel.com\/fr\/#organization\",\"name\":\"Voco Milano Fiere\",\"url\":\"https:\/\/www.milanfierehotel.com\/fr\/\",\"logo\":{\"@type\":\"ImageObject\",\"inLanguage\":\"fr-FR\",\"@id\":\"https:\/\/www.milanfierehotel.com\/fr\/#\/schema\/logo\/image\/\",\"url\":\"https:\/\/www.milanfierehotel.com\/wp-content\/uploads\/sites\/402\/2022\/07\/02-Hotel-Reception-voco-Milan-Fiere.jpg\",\"contentUrl\":\"https:\/\/www.milanfierehotel.com\/wp-content\/uploads\/sites\/402\/2022\/07\/02-Hotel-Reception-voco-Milan-Fiere.jpg\",\"width\":2200,\"height\":1200,\"caption\":\"Voco Milano Fiere\"},\"image\":{\"@id\":\"https:\/\/www.milanfierehotel.com\/fr\/#\/schema\/logo\/image\/\"}}]}<\/script>\n<!-- \/ Yoast SEO plugin. -->","yoast_head_json":{"title":"H\u00f4tel avec salle de sport enti\u00e8rement \u00e9quip\u00e9e | voco\u00ae Milan-Fiere","description":"Profitez de votre s\u00e9jour en ville sans renoncer au sport. Essayez la salle de fitness \u00e9quip\u00e9e d\u2019appareils Technogym. Cliquez pour r\u00e9server !","robots":{"index":"index","follow":"follow","max-snippet":"max-snippet:-1","max-image-preview":"max-image-preview:large","max-video-preview":"max-video-preview:-1"},"canonical":"https:\/\/www.milanfierehotel.com\/fr\/bien-etre-et-divertissement\/salle-de-fitness\/","og_locale":"fr_FR","og_type":"article","og_title":"H\u00f4tel avec salle de sport enti\u00e8rement \u00e9quip\u00e9e | voco\u00ae Milan-Fiere","og_description":"Profitez de votre s\u00e9jour en ville sans renoncer au sport. Essayez la salle de fitness \u00e9quip\u00e9e d\u2019appareils Technogym. Cliquez pour r\u00e9server !","og_url":"https:\/\/www.milanfierehotel.com\/fr\/bien-etre-et-divertissement\/salle-de-fitness\/","og_site_name":"Voco Milan Fiere","article_modified_time":"2022-12-06T08:24:04+00:00","twitter_card":"summary_large_image","twitter_misc":{"Dur\u00e9e de lecture estim\u00e9e":"1 minute"},"schema":{"@context":"https:\/\/schema.org","@graph":[{"@type":"WebPage","@id":"https:\/\/www.milanfierehotel.com\/fr\/bien-etre-et-divertissement\/salle-de-fitness\/","url":"https:\/\/www.milanfierehotel.com\/fr\/bien-etre-et-divertissement\/salle-de-fitness\/","name":"H\u00f4tel avec salle de sport enti\u00e8rement \u00e9quip\u00e9e | voco\u00ae Milan-Fiere","isPartOf":{"@id":"https:\/\/www.milanfierehotel.com\/fr\/#website"},"datePublished":"2022-07-01T14:10:09+00:00","dateModified":"2022-12-06T08:24:04+00:00","description":"Profitez de votre s\u00e9jour en ville sans renoncer au sport. Essayez la salle de fitness \u00e9quip\u00e9e d\u2019appareils Technogym. Cliquez pour r\u00e9server !","breadcrumb":{"@id":"https:\/\/www.milanfierehotel.com\/fr\/bien-etre-et-divertissement\/salle-de-fitness\/#breadcrumb"},"inLanguage":"fr-FR","potentialAction":[{"@type":"ReadAction","target":["https:\/\/www.milanfierehotel.com\/fr\/bien-etre-et-divertissement\/salle-de-fitness\/"]}]},{"@type":"BreadcrumbList","@id":"https:\/\/www.milanfierehotel.com\/fr\/bien-etre-et-divertissement\/salle-de-fitness\/#breadcrumb","itemListElement":[{"@type":"ListItem","position":1,"name":"Home","item":"https:\/\/www.milanfierehotel.com\/fr\/"},{"@type":"ListItem","position":2,"name":"Bien-\u00eatre &#038; Divertissement","item":"https:\/\/www.milanfierehotel.com\/fr\/bien-etre-et-divertissement\/"},{"@type":"ListItem","position":3,"name":"Salle de fitness"}]},{"@type":"WebSite","@id":"https:\/\/www.milanfierehotel.com\/fr\/#website","url":"https:\/\/www.milanfierehotel.com\/fr\/","name":"Voco Milan Fiere","description":"Just another ms.decms.eu site","publisher":{"@id":"https:\/\/www.milanfierehotel.com\/fr\/#organization"},"potentialAction":[{"@type":"SearchAction","target":{"@type":"EntryPoint","urlTemplate":"https:\/\/www.milanfierehotel.com\/fr\/?s={search_term_string}"},"query-input":{"@type":"PropertyValueSpecification","valueRequired":true,"valueName":"search_term_string"}}],"inLanguage":"fr-FR"},{"@type":"Organization","@id":"https:\/\/www.milanfierehotel.com\/fr\/#organization","name":"Voco Milano Fiere","url":"https:\/\/www.milanfierehotel.com\/fr\/","logo":{"@type":"ImageObject","inLanguage":"fr-FR","@id":"https:\/\/www.milanfierehotel.com\/fr\/#\/schema\/logo\/image\/","url":"https:\/\/www.milanfierehotel.com\/wp-content\/uploads\/sites\/402\/2022\/07\/02-Hotel-Reception-voco-Milan-Fiere.jpg","contentUrl":"https:\/\/www.milanfierehotel.com\/wp-content\/uploads\/sites\/402\/2022\/07\/02-Hotel-Reception-voco-Milan-Fiere.jpg","width":2200,"height":1200,"caption":"Voco Milano Fiere"},"image":{"@id":"https:\/\/www.milanfierehotel.com\/fr\/#\/schema\/logo\/image\/"}}]}},"acf":[],"_links":{"self":[{"href":"https:\/\/www.milanfierehotel.com\/fr\/wp-json\/wp\/v2\/pages\/500","targetHints":{"allow":["GET"]}}],"collection":[{"href":"https:\/\/www.milanfierehotel.com\/fr\/wp-json\/wp\/v2\/pages"}],"about":[{"href":"https:\/\/www.milanfierehotel.com\/fr\/wp-json\/wp\/v2\/types\/page"}],"author":[{"embeddable":true,"href":"https:\/\/www.milanfierehotel.com\/fr\/wp-json\/wp\/v2\/users\/6"}],"replies":[{"embeddable":true,"href":"https:\/\/www.milanfierehotel.com\/fr\/wp-json\/wp\/v2\/comments?post=500"}],"version-history":[{"count":0,"href":"https:\/\/www.milanfierehotel.com\/fr\/wp-json\/wp\/v2\/pages\/500\/revisions"}],"up":[{"embeddable":true,"href":"https:\/\/www.milanfierehotel.com\/fr\/wp-json\/wp\/v2\/pages\/496"}],"wp:attachment":[{"href":"https:\/\/www.milanfierehotel.com\/fr\/wp-json\/wp\/v2\/media?parent=500"}],"curies":[{"name":"wp","href":"https:\/\/api.w.org\/{rel}","templated":true}]}}