{"id":502,"date":"2022-07-01T14:11:28","date_gmt":"2022-07-01T14:11:28","guid":{"rendered":"https:\/\/vocomilanfieredefinitive.ms.decms.eu\/benessere-e-divertimento\/gaming-area\/"},"modified":"2022-12-06T08:26:13","modified_gmt":"2022-12-06T08:26:13","slug":"espace-gaming","status":"publish","type":"page","link":"https:\/\/www.milanfierehotel.com\/fr\/bien-etre-et-divertissement\/espace-gaming\/","title":{"rendered":"Espace Gaming"},"content":{"rendered":"<p><span style=\"font-weight: 400;\">Conscients de l&rsquo;importance de <\/span><b>se d\u00e9tendre<\/b><span style=\"font-weight: 400;\">, nous avons cr\u00e9\u00e9 au voco\u00ae Milan-Fiere un v\u00e9ritable <\/span><b>espace gaming<\/b><span style=\"font-weight: 400;\"> o\u00f9 vous pourrez oublier le travail et <\/span><b>vous amuser<\/b><span style=\"font-weight: 400;\">.<\/span><\/p>\n<p><span style=\"font-weight: 400;\">Profitez d&rsquo;un ap\u00e9ritif apr\u00e8s une longue journ\u00e9e de travail ou inaugurez une soir\u00e9e qui sort de l\u2019ordinaire en sirotant un drink concoct\u00e9 par <\/span><a href=\"https:\/\/www.milanfierehotel.com\/de\/bar-und-restaurant\/ludico-bar-gaming-area\/\" rel=\"noopener\"><b>notre bar Ludico &#8211; Drinks, Food &amp; Play<\/b><\/a><span style=\"font-weight: 400;\">, tout en d\u00e9fiant vos amis et coll\u00e8gues (et pourquoi pas, les autres clients de l&rsquo;h\u00f4tel) dans une partie passionnante de <\/span><b>baby-foot<\/b><span style=\"font-weight: 400;\">. Exercez vos talents au <\/span><b>billard<\/b><span style=\"font-weight: 400;\"> ou aux <\/span><b>fl\u00e9chettes \u00e9lectroniques<\/b><span style=\"font-weight: 400;\">, amusez-vous avec notre <\/span><b>borne de jeux Arcade<\/b><span style=\"font-weight: 400;\"> et faites de nouvelles rencontres pour vivre des moments uniques de convivialit\u00e9 dans notre espace gaming. <\/span><span style=\"font-weight: 400;\"><br \/>\n<\/span><span style=\"font-weight: 400;\"><br \/>\n<\/span><span style=\"font-weight: 400;\">Profitez du mobilier design tout en rondeurs, admirez le panorama \u00e0 travers les grandes fen\u00eatres donnant sur notre cadre verdoyant et adonnez-vous \u00e0 notre <\/span><b>flipper Star Trek<\/b><span style=\"font-weight: 400;\"> en essayant de r\u00e9aliser le meilleur score de toute la galaxie !\u00a0<\/span><span style=\"font-weight: 400;\"><br \/>\n<\/span><\/p>\n","protected":false},"excerpt":{"rendered":"<p>Conscients de l&rsquo;importance de se d\u00e9tendre, nous avons cr\u00e9\u00e9 au voco\u00ae Milan-Fiere un v\u00e9ritable espace gaming o\u00f9 vous pourrez oublier le travail et vous amuser. Profitez d&rsquo;un ap\u00e9ritif apr\u00e8s une longue journ\u00e9e de travail ou inaugurez une soir\u00e9e qui sort de l\u2019ordinaire en sirotant un drink concoct\u00e9 par notre bar Ludico &#8211; Drinks, Food &amp; [&hellip;]<\/p>\n","protected":false},"author":6,"featured_media":0,"parent":496,"menu_order":53,"comment_status":"closed","ping_status":"closed","template":"template-default-4.php","meta":{"footnotes":""},"class_list":["post-502","page","type-page","status-publish","hentry"],"yoast_head":"<!-- This site is optimized with the Yoast SEO plugin v26.9 - https:\/\/yoast.com\/product\/yoast-seo-wordpress\/ -->\n<title>H\u00f4tel espace gaming : billard, jeux vid\u00e9o | voco\u00ae Milan-Fiere<\/title>\n<meta name=\"description\" content=\"Notre espace gaming est id\u00e9al pour s&#039;amuser en famille, entre amis ou entre coll\u00e8gues. L\u2019espace gaming est \u00e9quip\u00e9 de billard, jeux vid\u00e9o et jeu de fl\u00e9chettes. En savoir plus !\" \/>\n<meta name=\"robots\" content=\"index, follow, max-snippet:-1, max-image-preview:large, max-video-preview:-1\" \/>\n<link rel=\"canonical\" href=\"https:\/\/www.milanfierehotel.com\/fr\/bien-etre-et-divertissement\/espace-gaming\/\" \/>\n<meta property=\"og:locale\" content=\"fr_FR\" \/>\n<meta property=\"og:type\" content=\"article\" \/>\n<meta property=\"og:title\" content=\"H\u00f4tel espace gaming : billard, jeux vid\u00e9o | voco\u00ae Milan-Fiere\" \/>\n<meta property=\"og:description\" content=\"Notre espace gaming est id\u00e9al pour s&#039;amuser en famille, entre amis ou entre coll\u00e8gues. L\u2019espace gaming est \u00e9quip\u00e9 de billard, jeux vid\u00e9o et jeu de fl\u00e9chettes. En savoir plus !\" \/>\n<meta property=\"og:url\" content=\"https:\/\/www.milanfierehotel.com\/fr\/bien-etre-et-divertissement\/espace-gaming\/\" \/>\n<meta property=\"og:site_name\" content=\"Voco Milan Fiere\" \/>\n<meta property=\"article:modified_time\" content=\"2022-12-06T08:26:13+00:00\" \/>\n<meta name=\"twitter:card\" content=\"summary_large_image\" \/>\n<meta name=\"twitter:label1\" content=\"Dur\u00e9e de lecture estim\u00e9e\" \/>\n\t<meta name=\"twitter:data1\" content=\"1 minute\" \/>\n<script type=\"application\/ld+json\" class=\"yoast-schema-graph\">{\"@context\":\"https:\/\/schema.org\",\"@graph\":[{\"@type\":\"WebPage\",\"@id\":\"https:\/\/www.milanfierehotel.com\/fr\/bien-etre-et-divertissement\/espace-gaming\/\",\"url\":\"https:\/\/www.milanfierehotel.com\/fr\/bien-etre-et-divertissement\/espace-gaming\/\",\"name\":\"H\u00f4tel espace gaming : billard, jeux vid\u00e9o | voco\u00ae Milan-Fiere\",\"isPartOf\":{\"@id\":\"https:\/\/www.milanfierehotel.com\/fr\/#website\"},\"datePublished\":\"2022-07-01T14:11:28+00:00\",\"dateModified\":\"2022-12-06T08:26:13+00:00\",\"description\":\"Notre espace gaming est id\u00e9al pour s'amuser en famille, entre amis ou entre coll\u00e8gues. L\u2019espace gaming est \u00e9quip\u00e9 de billard, jeux vid\u00e9o et jeu de fl\u00e9chettes. En savoir plus !\",\"breadcrumb\":{\"@id\":\"https:\/\/www.milanfierehotel.com\/fr\/bien-etre-et-divertissement\/espace-gaming\/#breadcrumb\"},\"inLanguage\":\"fr-FR\",\"potentialAction\":[{\"@type\":\"ReadAction\",\"target\":[\"https:\/\/www.milanfierehotel.com\/fr\/bien-etre-et-divertissement\/espace-gaming\/\"]}]},{\"@type\":\"BreadcrumbList\",\"@id\":\"https:\/\/www.milanfierehotel.com\/fr\/bien-etre-et-divertissement\/espace-gaming\/#breadcrumb\",\"itemListElement\":[{\"@type\":\"ListItem\",\"position\":1,\"name\":\"Home\",\"item\":\"https:\/\/www.milanfierehotel.com\/fr\/\"},{\"@type\":\"ListItem\",\"position\":2,\"name\":\"Bien-\u00eatre &#038; Divertissement\",\"item\":\"https:\/\/www.milanfierehotel.com\/fr\/bien-etre-et-divertissement\/\"},{\"@type\":\"ListItem\",\"position\":3,\"name\":\"Espace Gaming\"}]},{\"@type\":\"WebSite\",\"@id\":\"https:\/\/www.milanfierehotel.com\/fr\/#website\",\"url\":\"https:\/\/www.milanfierehotel.com\/fr\/\",\"name\":\"Voco Milan Fiere\",\"description\":\"Just another ms.decms.eu site\",\"publisher\":{\"@id\":\"https:\/\/www.milanfierehotel.com\/fr\/#organization\"},\"potentialAction\":[{\"@type\":\"SearchAction\",\"target\":{\"@type\":\"EntryPoint\",\"urlTemplate\":\"https:\/\/www.milanfierehotel.com\/fr\/?s={search_term_string}\"},\"query-input\":{\"@type\":\"PropertyValueSpecification\",\"valueRequired\":true,\"valueName\":\"search_term_string\"}}],\"inLanguage\":\"fr-FR\"},{\"@type\":\"Organization\",\"@id\":\"https:\/\/www.milanfierehotel.com\/fr\/#organization\",\"name\":\"Voco Milano Fiere\",\"url\":\"https:\/\/www.milanfierehotel.com\/fr\/\",\"logo\":{\"@type\":\"ImageObject\",\"inLanguage\":\"fr-FR\",\"@id\":\"https:\/\/www.milanfierehotel.com\/fr\/#\/schema\/logo\/image\/\",\"url\":\"https:\/\/www.milanfierehotel.com\/wp-content\/uploads\/sites\/402\/2022\/07\/02-Hotel-Reception-voco-Milan-Fiere.jpg\",\"contentUrl\":\"https:\/\/www.milanfierehotel.com\/wp-content\/uploads\/sites\/402\/2022\/07\/02-Hotel-Reception-voco-Milan-Fiere.jpg\",\"width\":2200,\"height\":1200,\"caption\":\"Voco Milano Fiere\"},\"image\":{\"@id\":\"https:\/\/www.milanfierehotel.com\/fr\/#\/schema\/logo\/image\/\"}}]}<\/script>\n<!-- \/ Yoast SEO plugin. -->","yoast_head_json":{"title":"H\u00f4tel espace gaming : billard, jeux vid\u00e9o | voco\u00ae Milan-Fiere","description":"Notre espace gaming est id\u00e9al pour s'amuser en famille, entre amis ou entre coll\u00e8gues. L\u2019espace gaming est \u00e9quip\u00e9 de billard, jeux vid\u00e9o et jeu de fl\u00e9chettes. En savoir plus !","robots":{"index":"index","follow":"follow","max-snippet":"max-snippet:-1","max-image-preview":"max-image-preview:large","max-video-preview":"max-video-preview:-1"},"canonical":"https:\/\/www.milanfierehotel.com\/fr\/bien-etre-et-divertissement\/espace-gaming\/","og_locale":"fr_FR","og_type":"article","og_title":"H\u00f4tel espace gaming : billard, jeux vid\u00e9o | voco\u00ae Milan-Fiere","og_description":"Notre espace gaming est id\u00e9al pour s'amuser en famille, entre amis ou entre coll\u00e8gues. L\u2019espace gaming est \u00e9quip\u00e9 de billard, jeux vid\u00e9o et jeu de fl\u00e9chettes. En savoir plus !","og_url":"https:\/\/www.milanfierehotel.com\/fr\/bien-etre-et-divertissement\/espace-gaming\/","og_site_name":"Voco Milan Fiere","article_modified_time":"2022-12-06T08:26:13+00:00","twitter_card":"summary_large_image","twitter_misc":{"Dur\u00e9e de lecture estim\u00e9e":"1 minute"},"schema":{"@context":"https:\/\/schema.org","@graph":[{"@type":"WebPage","@id":"https:\/\/www.milanfierehotel.com\/fr\/bien-etre-et-divertissement\/espace-gaming\/","url":"https:\/\/www.milanfierehotel.com\/fr\/bien-etre-et-divertissement\/espace-gaming\/","name":"H\u00f4tel espace gaming : billard, jeux vid\u00e9o | voco\u00ae Milan-Fiere","isPartOf":{"@id":"https:\/\/www.milanfierehotel.com\/fr\/#website"},"datePublished":"2022-07-01T14:11:28+00:00","dateModified":"2022-12-06T08:26:13+00:00","description":"Notre espace gaming est id\u00e9al pour s'amuser en famille, entre amis ou entre coll\u00e8gues. L\u2019espace gaming est \u00e9quip\u00e9 de billard, jeux vid\u00e9o et jeu de fl\u00e9chettes. En savoir plus !","breadcrumb":{"@id":"https:\/\/www.milanfierehotel.com\/fr\/bien-etre-et-divertissement\/espace-gaming\/#breadcrumb"},"inLanguage":"fr-FR","potentialAction":[{"@type":"ReadAction","target":["https:\/\/www.milanfierehotel.com\/fr\/bien-etre-et-divertissement\/espace-gaming\/"]}]},{"@type":"BreadcrumbList","@id":"https:\/\/www.milanfierehotel.com\/fr\/bien-etre-et-divertissement\/espace-gaming\/#breadcrumb","itemListElement":[{"@type":"ListItem","position":1,"name":"Home","item":"https:\/\/www.milanfierehotel.com\/fr\/"},{"@type":"ListItem","position":2,"name":"Bien-\u00eatre &#038; Divertissement","item":"https:\/\/www.milanfierehotel.com\/fr\/bien-etre-et-divertissement\/"},{"@type":"ListItem","position":3,"name":"Espace Gaming"}]},{"@type":"WebSite","@id":"https:\/\/www.milanfierehotel.com\/fr\/#website","url":"https:\/\/www.milanfierehotel.com\/fr\/","name":"Voco Milan Fiere","description":"Just another ms.decms.eu site","publisher":{"@id":"https:\/\/www.milanfierehotel.com\/fr\/#organization"},"potentialAction":[{"@type":"SearchAction","target":{"@type":"EntryPoint","urlTemplate":"https:\/\/www.milanfierehotel.com\/fr\/?s={search_term_string}"},"query-input":{"@type":"PropertyValueSpecification","valueRequired":true,"valueName":"search_term_string"}}],"inLanguage":"fr-FR"},{"@type":"Organization","@id":"https:\/\/www.milanfierehotel.com\/fr\/#organization","name":"Voco Milano Fiere","url":"https:\/\/www.milanfierehotel.com\/fr\/","logo":{"@type":"ImageObject","inLanguage":"fr-FR","@id":"https:\/\/www.milanfierehotel.com\/fr\/#\/schema\/logo\/image\/","url":"https:\/\/www.milanfierehotel.com\/wp-content\/uploads\/sites\/402\/2022\/07\/02-Hotel-Reception-voco-Milan-Fiere.jpg","contentUrl":"https:\/\/www.milanfierehotel.com\/wp-content\/uploads\/sites\/402\/2022\/07\/02-Hotel-Reception-voco-Milan-Fiere.jpg","width":2200,"height":1200,"caption":"Voco Milano Fiere"},"image":{"@id":"https:\/\/www.milanfierehotel.com\/fr\/#\/schema\/logo\/image\/"}}]}},"acf":[],"_links":{"self":[{"href":"https:\/\/www.milanfierehotel.com\/fr\/wp-json\/wp\/v2\/pages\/502","targetHints":{"allow":["GET"]}}],"collection":[{"href":"https:\/\/www.milanfierehotel.com\/fr\/wp-json\/wp\/v2\/pages"}],"about":[{"href":"https:\/\/www.milanfierehotel.com\/fr\/wp-json\/wp\/v2\/types\/page"}],"author":[{"embeddable":true,"href":"https:\/\/www.milanfierehotel.com\/fr\/wp-json\/wp\/v2\/users\/6"}],"replies":[{"embeddable":true,"href":"https:\/\/www.milanfierehotel.com\/fr\/wp-json\/wp\/v2\/comments?post=502"}],"version-history":[{"count":0,"href":"https:\/\/www.milanfierehotel.com\/fr\/wp-json\/wp\/v2\/pages\/502\/revisions"}],"up":[{"embeddable":true,"href":"https:\/\/www.milanfierehotel.com\/fr\/wp-json\/wp\/v2\/pages\/496"}],"wp:attachment":[{"href":"https:\/\/www.milanfierehotel.com\/fr\/wp-json\/wp\/v2\/media?parent=502"}],"curies":[{"name":"wp","href":"https:\/\/api.w.org\/{rel}","templated":true}]}}